{"id":126764,"date":"2023-03-26T12:27:22","date_gmt":"2023-03-26T12:27:22","guid":{"rendered":"http:\/\/talkpal.ai\/italska-gramatika\/"},"modified":"2025-05-22T18:42:36","modified_gmt":"2025-05-22T18:42:36","slug":"italska-gramatika","status":"publish","type":"page","link":"https:\/\/talkpal.ai\/cs\/italska-gramatika\/","title":{"rendered":"Italsk\u00e1 gramatika"},"content":{"rendered":"\r\n\r\n\r\n<section class=\"languageChallengeSection\">\r\n    <div class=\"languageInfoWrapper\">\r\n        \r\n        <h1>Italsk\u00e1 gramatika<\/h1>\r\n        <p>Objevte z\u00e1klady italsk\u00e9ho jazyka t\u00edm, \u017ee se nau\u010d\u00edte jeho z\u00e1kladn\u00ed gramatick\u00e1 pravidla. Zvl\u00e1dnut\u00ed italsk\u00e9 gramatiky v\u00e1m pom\u016f\u017ee sebev\u011bdom\u011b se vyjad\u0159ovat a hloub\u011bji se sbl\u00ed\u017eit s bohatou italskou kulturou. Za\u010dn\u011bte se u\u010dit italskou gramatiku je\u0161t\u011b dnes a ud\u011blejte prvn\u00ed krok k plynulosti!<\/p>\r\n\r\n                            <a class=\"getStartedHidden\" href=\"https:\/\/app.talkpal.ai\/cs\/signup?lng=\">Za\u010dni<\/a>\r\n        \r\n    <\/div>\r\n\r\n    <figure>\r\n    <img decoding=\"async\" width=\"768\" height=\"768\" src=\"https:\/\/talkpal.ai\/wp-content\/uploads\/2023\/06\/italian-768x768.png\" class=\"languageImage no-lazy\" alt=\"Language learning for increased memory capacity\" fetchpriority=\"high\" sizes=\"(max-width: 768px) 150px, 768px\" srcset=\"https:\/\/talkpal.ai\/wp-content\/uploads\/2023\/06\/italian-768x768.png 768w, https:\/\/talkpal.ai\/wp-content\/uploads\/2023\/06\/italian-300x300.png 300w\" \/>\r\n    \r\n\r\n    <\/figure>\r\n\r\n            <a class=\"getStartedVisible\" href=\"https:\/\/app.talkpal.ai\/cs\/signup?lng=\">Za\u010dni<\/a>\r\n    \r\n<\/section>\r\n        <section class=\"grammarSection\">\r\n            <div class=\"grammarLinks\">\r\n                <a href=\"https:\/\/talkpal.ai\/cs\/language\/negace-a-vyslech-italska-gramatika\/\">Negace a v\u00fdslech <\/a><a href=\"https:\/\/talkpal.ai\/cs\/language\/podstatna-jmena-italska-gramatika\/\">Podstatn\u00e1 jm\u00e9na <\/a><a href=\"https:\/\/talkpal.ai\/cs\/language\/predlozky-italska-gramatika\/\">P\u0159edlo\u017eky <\/a><a href=\"https:\/\/talkpal.ai\/cs\/language\/pridavna-jmena-italska-gramatika\/\">P\u0159\u00eddavn\u00e1 jm\u00e9na <\/a><a href=\"https:\/\/talkpal.ai\/cs\/language\/prislovce-italska-gramatika\/\">P\u0159\u00edslovce <\/a><a href=\"https:\/\/talkpal.ai\/cs\/language\/slovesa-italska-gramatika\/\">Slovesa <\/a><a href=\"https:\/\/talkpal.ai\/cs\/language\/spojky-italska-gramatika\/\">Spojky <\/a><a href=\"https:\/\/talkpal.ai\/cs\/language\/syntax-a-vetna-struktura-italska-gramatika\/\">Syntax a v\u011btn\u00e1 struktura <\/a><a href=\"https:\/\/talkpal.ai\/cs\/language\/zajmena-italska-gramatika\/\">Z\u00e1jmena <\/a>            <\/div>\r\n        <\/section>\r\n    <section class=\"promotionalBanner\">\r\n    <p class=\"promotionalText\">Nejefektivn\u011bj\u0161\u00ed zp\u016fsob, jak se nau\u010dit jazyk<\/p>\r\n    <a class=\"promotionalLink\" href=\"https:\/\/app.talkpal.ai\/cs\/signup?lng=\">Vyzkou\u0161ejte Talkpal zdarma<\/a>\r\n<\/section>\n<div class=\"wp-block-group pageContainerStyle\"><div class=\"wp-block-group__inner-container is-layout-constrained wp-block-group-is-layout-constrained\">\n<h2 class=\"wp-block-heading\" id=\"h-mastering-the-art-of-italian-grammar-your-ultimate-guide\">Zvl\u00e1dnut\u00ed um\u011bn\u00ed italsk\u00e9 gramatiky: v\u00e1\u0161 dokonal\u00fd pr\u016fvodce<\/h2>\n\n\n\n<p>Ciao, <a href=\"https:\/\/talkpal.ai\/talkpal-discount-for-language-enthusiasts\/\">jazykov\u00ed nad\u0161enci<\/a>! Jste p\u0159ipraveni pono\u0159it se po hlav\u011b do sv\u011bta italsk\u00e9 gramatiky? Jste na spr\u00e1vn\u00e9m m\u00edst\u011b. Tento \u010dl\u00e1nek je nabit\u00fd informacemi, kter\u00e9 jsou snadno straviteln\u00e9 a konverza\u010dn\u00ed, a provede v\u00e1s fascinuj\u00edc\u00edm (a n\u011bkdy z\u00e1ludn\u00fdm) sv\u011btem italsk\u00e9 gramatiky, abyste mohli s jistotou tvo\u0159it v\u011bty a v\u00e9st smyslupln\u00e9 rozhovory s rodil\u00fdmi mluv\u010d\u00edmi. P\u0159ipoutejte se a za\u010dneme!<\/p>\n\n\n\n<h3 class=\"wp-block-heading\" id=\"h-but-first-why-italian-grammar\">Ale nejprve, pro\u010d italsk\u00e1 gramatika?<\/h3>\n\n\n\n<p>Pokud se u\u010d\u00edte italsky, je pro plynul\u00e9 mluven\u00ed, \u010dten\u00ed a psan\u00ed kl\u00ed\u010dov\u00e1 dobr\u00e1 znalost gramatiky. <a href=\"https:\/\/talkpal.ai\/cs\/efektivni-vyuka-italstiny-naucte-se-italsky-rychle-a-snadno\/\">Italsk\u00e1 gramatika<\/a> se m\u016f\u017ee zd\u00e1t na prvn\u00ed pohled slo\u017eit\u00e1, ale je pom\u011brn\u011b jednoduch\u00e1, jakmile ji rozd\u011bl\u00edte na men\u0161\u00ed, l\u00e9pe zvl\u00e1dnuteln\u00e9 \u010d\u00e1sti. Za\u010dn\u011bme tedy va\u0161i cestu ke zvl\u00e1dnut\u00ed italsk\u00e9 gramatiky!<\/p>\n\n\n\n<h3 class=\"wp-block-heading\" id=\"h-1-nouns-articles-and-gender\">1. Podstatn\u00e1 jm\u00e9na, \u010dleny a rod<\/h3>\n\n\n\n<p>Italsk\u00e1 podstatn\u00e1 jm\u00e9na se d\u011bl\u00ed na dva rody: mu\u017esk\u00fd a \u017eensk\u00fd. Na rozd\u00edl od angli\u010dtiny, kde na rodu podstatn\u00e9ho jm\u00e9na nez\u00e1le\u017e\u00ed, <a href=\"https:\/\/talkpal.ai\/learn-italian\/\">ital\u0161tina<\/a> vy\u017eaduje pro spr\u00e1vnou stavbu v\u011bty spr\u00e1vn\u00fd rod. Dok\u00e1\u017eete odhadnout rod podstatn\u00fdch jmen jako &#8222;tavolo&#8220; (st\u016fl) nebo &#8222;casa&#8220; (d\u016fm)? Pokud jste u &#8222;tavolo&#8220; uhodli mu\u017esk\u00fd rod a u &#8222;casa&#8220; \u017eensk\u00fd, bravo!<\/p>\n\n\n\n<p>V ital\u0161tin\u011b jsou podstatn\u00e1 jm\u00e9na obvykle zakon\u010dena na &#8222;-o&#8220; pro mu\u017esk\u00fd rod a na &#8222;-a&#8220; pro \u017eensk\u00fd rod. Existuj\u00ed v\u00fdjimky &#8211; n\u011bkter\u00e1 slova kon\u010d\u00ed na &#8222;-e&#8220; a mohou b\u00fdt oboj\u00edho rodu -, ale pro tuto chv\u00edli m\u011bjme na pam\u011bti tuto z\u00e1kladn\u00ed z\u00e1sadu.<\/p>\n\n\n\n<p>Nyn\u00ed si promluvme o \u010dl\u00e1nc\u00edch. Stejn\u011b jako v angli\u010dtin\u011b pot\u0159ebujeme p\u0159ed podstatn\u00fdmi jm\u00e9ny \u010dleny. <a href=\"https:\/\/talkpal.ai\/learn-italian\/\">Ital\u0161tina<\/a> m\u00e1 \u010dleny ur\u010dit\u00e9 (il, lo, la, i, gli, le) a neur\u010dit\u00e9 (un, uno, una).<\/p>\n\n\n\n<p>Jak se tedy rozhodnout, kter\u00fd ur\u010dit\u00fd \u010dlen pou\u017e\u00edt?<\/p>\n\n\n\n<p>&#8211; &#8222;il&#8220; a &#8222;i&#8220; pro podstatn\u00e1 jm\u00e9na mu\u017esk\u00e9ho rodu za\u010d\u00ednaj\u00edc\u00ed na souhl\u00e1sku, nap\u0159. il libro (kniha), i libri (knihy).<br\/>&#8211; &#8222;lo&#8220; a &#8222;gli&#8220; pro podstatn\u00e1 jm\u00e9na mu\u017esk\u00e9ho rodu, kter\u00e1 za\u010d\u00ednaj\u00ed na &#8222;s&#8220; n\u00e1sledovan\u00e9 souhl\u00e1skou, samohl\u00e1skou (krom\u011b &#8222;u&#8220;) nebo &#8222;z&#8220;, nap\u0159. lo <a href=\"https:\/\/talkpal.ai\/talkpal-discount-for-students\/\">studente<\/a> (student), gli <a href=\"https:\/\/talkpal.ai\/talkpal-discount-for-students\/\">studenti<\/a> (studenti).<br\/>&#8211; &#8222;la&#8220; a &#8222;le&#8220; pro podstatn\u00e1 jm\u00e9na \u017eensk\u00e9ho rodu, nap\u0159. la casa (d\u016fm), le case (domy).<\/p>\n\n\n\n<h3 class=\"wp-block-heading\" id=\"h-2-adjectives-and-agreement\">2. P\u0159\u00eddavn\u00e1 jm\u00e9na a shoda<\/h3>\n\n\n\n<p>P\u0159\u00eddavn\u00e1 jm\u00e9na se v ital\u0161tin\u011b mus\u00ed shodovat s podstatn\u00fdm jm\u00e9nem, kter\u00e9 modifikuj\u00ed, co do rodu a \u010d\u00edsla. Nap\u0159\u00edklad kdy\u017e chcete popsat lahodnou pizzu, \u0159eknete &#8222;una pizza deliziosa&#8220;, a ne &#8222;delizioso&#8220;. Nezapome\u0148te, \u017ee p\u0159\u00eddavn\u00e9 jm\u00e9no v ital\u0161tin\u011b obvykle n\u00e1sleduje za podstatn\u00fdm jm\u00e9nem.<\/p>\n\n\n\n<h3 class=\"wp-block-heading\" id=\"h-3-verbs-tense-and-conjugation\">3. Slovesa, \u010dasov\u00e1n\u00ed a \u010dasov\u00e1n\u00ed<\/h3>\n\n\n\n<p>Italsk\u00e1 slovesa jsou d\u016fle\u017eitou sou\u010d\u00e1st\u00ed gramatiky. Existuj\u00ed t\u0159i slovesn\u00e9 kategorie (-are, -ere a -ire) a spousta nepravideln\u00fdch sloves, tak\u017ee m\u00e1me co d\u011blat! Pro rychl\u00fd p\u0159ehled se v\u011bnujme p\u0159\u00edtomn\u00e9mu \u010dasu pravideln\u00fdch sloves.<\/p>\n\n\n\n<p>&#8211; &#8222;-are&#8220; slovesa: nap\u0159. parlare (mluvit): io parlo, tu parli, lui\/lei <a href=\"https:\/\/talkpal.ai\/locations\/language-courses-in-parla\/\">parla<\/a>, noi parliamo, voi parlate, loro parlano<br\/>&#8211; &#8222;-ere&#8220; slovesa: nap\u0159. leggere (\u010d\u00edst): io leggo, tu leggi, lui\/lei legge, noi leggiamo, voi leggete, loro leggono<br\/>&#8211; &#8222;-ire&#8220; slovesa: nap\u0159. finire (dokon\u010dit): io finisco, tu finisci, lui\/lei finisce, noi finiamo, voi finite, loro finiscono<\/p>\n\n\n\n<p>Nezapome\u0148te, \u017ee toto je jen \u0161pi\u010dka ledovce! Existuje mnoho dal\u0161\u00edch \u010das\u016f a nepravideln\u00fdch sloves, kter\u00e9 se mus\u00edte nau\u010dit, ale ka\u017ed\u00e1 cesta za\u010d\u00edn\u00e1 jedn\u00edm krokem.<\/p>\n\n\n\n<h3 class=\"wp-block-heading\" id=\"h-4-prepositions-pronouns-and-more\">4. P\u0159edlo\u017eky, z\u00e1jmena a dal\u0161\u00ed!<\/h3>\n\n\n\n<p><a href=\"https:\/\/talkpal.ai\/cs\/efektivni-vyuka-italstiny-naucte-se-italsky-rychle-a-snadno\/\">Italsk\u00e1 gramatika<\/a> m\u00e1 mnoho dal\u0161\u00edch slo\u017eek, jako jsou p\u0159edlo\u017eky (di, a, da, in, su atd.), z\u00e1jmena (io, tu, lui\/lei atd.), zvratn\u00e1 slovesa a idiomatick\u00e9 v\u00fdrazy. Ka\u017ed\u00e1 slo\u017eka je kl\u00ed\u010dem k uvoln\u011bn\u00ed plynulosti, proto postupujte postupn\u011b.<\/p>\n\n\n\n<p>Z\u00e1v\u011brem lze \u0159\u00edci, \u017ee ke zvl\u00e1dnut\u00ed italsk\u00e9 gramatiky neexistuje \u017e\u00e1dn\u00e1 zkratka. Vy\u017eaduje vytrvalost, praxi a trp\u011blivost. Jakmile se v\u0161ak nau\u010d\u00edte italsky, budete si moci vychutnat kr\u00e1su <a href=\"https:\/\/talkpal.ai\/cs\/nemcina-konverzace-naucte-se-plynule-mluvit-rychle-a-snadno\/\">konverzace<\/a> v ital\u0161tin\u011b, objevovat bohatou kulturu a historii a prohloubit sv\u016fj cit pro tento jazyk. Buona fortuna!<\/p>\n<\/div><\/div>\n\r\n<section class=\"learnNavigationSection\">\r\n            \r\n        <a href=\"https:\/\/talkpal.ai\/cs\/ucte-se-italsky\/\">\r\n            <div class=\"learnNavigationWrapper\">\r\n                <div class=\"learnNavigationContent\">\r\n                    <img decoding=\"async\" src=\"https:\/\/talkpal.ai\/wp-content\/uploads\/2024\/08\/Italian.jpg\" alt=\"Italian Flag\">\r\n                    <div>\r\n                        <h4>O v\u00fduce ital\u0161tiny<\/h4>\r\n                        <p>Zjist\u011bte v\u0161e o italsk\u00e9 gramatice.<\/p>\r\n                    <\/div>\r\n                <\/div>\r\n            <\/div>\r\n        <\/a>\r\n\r\n        \r\n        <a href=\"https:\/\/talkpal.ai\/cs\/cviceni-na-italskou-gramatiku\/\">\r\n            <div class=\"learnNavigationWrapper\">\r\n                <div class=\"learnNavigationContent\">\r\n                    <img decoding=\"async\" src=\"https:\/\/talkpal.ai\/wp-content\/uploads\/2024\/08\/Italian.jpg\" alt=\"Italian Flag\">\r\n                    <div>\r\n                        <h4>Cvi\u010den\u00ed z italsk\u00e9 gramatiky<\/h4>\r\n                        <p>Procvi\u010dte si italskou gramatiku.<\/p>\r\n                    <\/div>\r\n                <\/div>\r\n            <\/div>\r\n        <\/a>\r\n\r\n        \r\n        <a href=\"https:\/\/talkpal.ai\/vocabulary_language\/italian\/\">\r\n            <div class=\"learnNavigationWrapper\">\r\n                <div class=\"learnNavigationContent\">\r\n                    <img decoding=\"async\" src=\"https:\/\/talkpal.ai\/wp-content\/uploads\/2024\/08\/Italian.jpg\" alt=\"Italian Flag\">\r\n                    <div>\r\n                        <h4>Italsk\u00e1 slovn\u00ed z\u00e1soba<\/h4>\r\n                        <p>Roz\u0161i\u0159te si italskou slovn\u00ed z\u00e1sobu.<\/p>\r\n                    <\/div>\r\n                <\/div>\r\n            <\/div>\r\n        <\/a>\r\n\r\n            <\/section>","protected":false},"excerpt":{"rendered":"<p>Zvl\u00e1dnut\u00ed um\u011bn\u00ed italsk\u00e9 gramatiky: v\u00e1\u0161 dokonal\u00fd pr\u016fvodce Ciao, jazykov\u00ed nad\u0161enci! Jste p\u0159ipraveni pono\u0159it se po hlav\u011b do sv\u011bta italsk\u00e9 gramatiky? Jste na spr\u00e1vn\u00e9m m\u00edst\u011b. Tento \u010dl\u00e1nek je nabit\u00fd informacemi, kter\u00e9 jsou snadno straviteln\u00e9 a konverza\u010dn\u00ed, a provede v\u00e1s fascinuj\u00edc\u00edm (a n\u011bkdy z\u00e1ludn\u00fdm) sv\u011btem italsk\u00e9 gramatiky, abyste mohli s jistotou tvo\u0159it v\u011bty a v\u00e9st smyslupln\u00e9 rozhovory [&hellip;]<\/p>\n","protected":false},"author":1,"featured_media":76145,"parent":0,"menu_order":0,"comment_status":"closed","ping_status":"closed","template":"LearningContentPage.php","meta":{"_acf_changed":false,"footnotes":""},"class_list":["post-126764","page","type-page","status-publish","has-post-thumbnail","hentry"],"acf":[],"yoast_head":"<!-- This site is optimized with the Yoast SEO Premium plugin v27.2 (Yoast SEO v27.2) - https:\/\/yoast.com\/product\/yoast-seo-premium-wordpress\/ -->\n<title>Italsk\u00e1 gramatika - Talkpal<\/title>\n<meta name=\"description\" content=\"Nau\u010dte se snadno italskou gramatiku - procvi\u010dujte jasn\u011b, pochopte pravidla a mluvte l\u00e9pe pomoc\u00ed jednoduch\u00fdch pokyn\u016f od Talkpal AI.\" \/>\n<meta name=\"robots\" content=\"index, follow, max-snippet:-1, max-image-preview:large, max-video-preview:-1\" \/>\n<link rel=\"canonical\" href=\"https:\/\/talkpal.ai\/cs\/italska-gramatika\/\" \/>\n<meta property=\"og:locale\" content=\"cs_CZ\" \/>\n<meta property=\"og:type\" content=\"article\" \/>\n<meta property=\"og:title\" content=\"Italsk\u00e1 gramatika\" \/>\n<meta property=\"og:description\" content=\"Zvl\u00e1dnut\u00ed um\u011bn\u00ed italsk\u00e9 gramatiky: v\u00e1\u0161 dokonal\u00fd pr\u016fvodce Ciao, jazykov\u00ed nad\u0161enci! Jste p\u0159ipraveni pono\u0159it se po hlav\u011b do sv\u011bta italsk\u00e9 gramatiky? Jste na\" \/>\n<meta property=\"og:url\" content=\"https:\/\/talkpal.ai\/cs\/italska-gramatika\/\" \/>\n<meta property=\"og:site_name\" content=\"Talkpal\" \/>\n<meta property=\"article:publisher\" content=\"https:\/\/www.facebook.com\/profile.php?id=100090733639311\" \/>\n<meta property=\"article:modified_time\" content=\"2025-05-22T18:42:36+00:00\" \/>\n<meta property=\"og:image\" content=\"https:\/\/talkpal.ai\/wp-content\/uploads\/2023\/03\/italy.png\" \/>\n\t<meta property=\"og:image:width\" content=\"512\" \/>\n\t<meta property=\"og:image:height\" content=\"512\" \/>\n\t<meta property=\"og:image:type\" content=\"image\/png\" \/>\n<meta name=\"twitter:card\" content=\"summary_large_image\" \/>\n<meta name=\"twitter:site\" content=\"@talkpalai\" \/>\n<meta name=\"twitter:label1\" content=\"Odhadovan\u00e1 doba \u010dten\u00ed\" \/>\n\t<meta name=\"twitter:data1\" content=\"4 minuty\" \/>\n<script type=\"application\/ld+json\" class=\"yoast-schema-graph\">{\"@context\":\"https:\/\/schema.org\",\"@graph\":[{\"@type\":\"WebPage\",\"@id\":\"https:\/\/talkpal.ai\/cs\/italska-gramatika\/\",\"url\":\"https:\/\/talkpal.ai\/cs\/italska-gramatika\/\",\"name\":\"Italsk\u00e1 gramatika - Talkpal\",\"isPartOf\":{\"@id\":\"https:\/\/talkpal.ai\/cs\/#website\"},\"primaryImageOfPage\":{\"@id\":\"https:\/\/talkpal.ai\/cs\/italska-gramatika\/#primaryimage\"},\"image\":{\"@id\":\"https:\/\/talkpal.ai\/cs\/italska-gramatika\/#primaryimage\"},\"thumbnailUrl\":\"https:\/\/talkpal.ai\/wp-content\/uploads\/2023\/03\/italy.png\",\"datePublished\":\"2023-03-26T12:27:22+00:00\",\"dateModified\":\"2025-05-22T18:42:36+00:00\",\"description\":\"Nau\u010dte se snadno italskou gramatiku - procvi\u010dujte jasn\u011b, pochopte pravidla a mluvte l\u00e9pe pomoc\u00ed jednoduch\u00fdch pokyn\u016f od Talkpal AI.\",\"breadcrumb\":{\"@id\":\"https:\/\/talkpal.ai\/cs\/italska-gramatika\/#breadcrumb\"},\"inLanguage\":\"cs\",\"potentialAction\":[{\"@type\":\"ReadAction\",\"target\":[\"https:\/\/talkpal.ai\/cs\/italska-gramatika\/\"]}]},{\"@type\":\"ImageObject\",\"inLanguage\":\"cs\",\"@id\":\"https:\/\/talkpal.ai\/cs\/italska-gramatika\/#primaryimage\",\"url\":\"https:\/\/talkpal.ai\/wp-content\/uploads\/2023\/03\/italy.png\",\"contentUrl\":\"https:\/\/talkpal.ai\/wp-content\/uploads\/2023\/03\/italy.png\",\"width\":512,\"height\":512,\"caption\":\"TalkPal AI learn Italian\"},{\"@type\":\"BreadcrumbList\",\"@id\":\"https:\/\/talkpal.ai\/cs\/italska-gramatika\/#breadcrumb\",\"itemListElement\":[{\"@type\":\"ListItem\",\"position\":1,\"name\":\"Homepage\",\"item\":\"https:\/\/talkpal.ai\/cs\/\"},{\"@type\":\"ListItem\",\"position\":2,\"name\":\"Italsk\u00e1 gramatika\"}]},{\"@type\":\"WebSite\",\"@id\":\"https:\/\/talkpal.ai\/cs\/#website\",\"url\":\"https:\/\/talkpal.ai\/cs\/\",\"name\":\"Talkpal\",\"description\":\"AI Language Learning\",\"publisher\":{\"@id\":\"https:\/\/talkpal.ai\/cs\/#organization\"},\"alternateName\":\"Talkpal AI\",\"potentialAction\":[{\"@type\":\"SearchAction\",\"target\":{\"@type\":\"EntryPoint\",\"urlTemplate\":\"https:\/\/talkpal.ai\/cs\/?s={search_term_string}\"},\"query-input\":{\"@type\":\"PropertyValueSpecification\",\"valueRequired\":true,\"valueName\":\"search_term_string\"}}],\"inLanguage\":\"cs\"},{\"@type\":\"Organization\",\"@id\":\"https:\/\/talkpal.ai\/cs\/#organization\",\"name\":\"Talkpal, Inc.\",\"alternateName\":\"Talkpal AI\",\"url\":\"https:\/\/talkpal.ai\/cs\/\",\"logo\":{\"@type\":\"ImageObject\",\"inLanguage\":\"cs\",\"@id\":\"https:\/\/talkpal.ai\/cs\/#\/schema\/logo\/image\/\",\"url\":\"https:\/\/talkpal.ai\/wp-content\/uploads\/2024\/03\/Talkpal-Logo-Icon.png\",\"contentUrl\":\"https:\/\/talkpal.ai\/wp-content\/uploads\/2024\/03\/Talkpal-Logo-Icon.png\",\"width\":2880,\"height\":2880,\"caption\":\"Talkpal, Inc.\"},\"image\":{\"@id\":\"https:\/\/talkpal.ai\/cs\/#\/schema\/logo\/image\/\"},\"sameAs\":[\"https:\/\/www.facebook.com\/profile.php?id=100090733639311\",\"https:\/\/x.com\/talkpalai\",\"https:\/\/www.linkedin.com\/company\/talkpal\/\",\"https:\/\/www.youtube.com\/@TalkPal\/\",\"https:\/\/www.tiktok.com\/@talkpal\",\"https:\/\/www.instagram.com\/talkpal_ai\/\",\"https:\/\/www.crunchbase.com\/organization\/talkpal-9cde\",\"https:\/\/www.g2.com\/products\/talkpal-for-business\/\",\"https:\/\/www.trustpilot.com\/review\/talkpal.ai\",\"https:\/\/www.capterra.com\/p\/10006800\/TalkPal\/\"],\"description\":\"Talkpal is a language learning web and mobile education app, powered by the latest AI technologies, that provides engaging experiences to its customers in many different languages to help them improve their language skills. Users can chat about unlimited amount of topics with the app and use other modes to practice their language learning.\",\"email\":\"support@talkpal.ai\",\"legalName\":\"Talkpal, Inc.\",\"foundingDate\":\"2023-04-03\",\"duns\":\"118989042\",\"numberOfEmployees\":{\"@type\":\"QuantitativeValue\",\"minValue\":\"11\",\"maxValue\":\"50\"},\"publishingPrinciples\":\"https:\/\/talkpal.ai\/publishing-principles\/\",\"actionableFeedbackPolicy\":\"https:\/\/talkpal.ai\/actionable-feedback-policy\/\",\"correctionsPolicy\":\"https:\/\/talkpal.ai\/corrections-policy\/\",\"ethicsPolicy\":\"https:\/\/talkpal.ai\/ethics-policy\/\",\"diversityPolicy\":\"https:\/\/talkpal.ai\/diversity-policy\/\",\"diversityStaffingReport\":\"https:\/\/talkpal.ai\/diversity-policy\/\"}]}<\/script>\n<!-- \/ Yoast SEO Premium plugin. -->","yoast_head_json":{"title":"Italsk\u00e1 gramatika - Talkpal","description":"Nau\u010dte se snadno italskou gramatiku - procvi\u010dujte jasn\u011b, pochopte pravidla a mluvte l\u00e9pe pomoc\u00ed jednoduch\u00fdch pokyn\u016f od Talkpal AI.","robots":{"index":"index","follow":"follow","max-snippet":"max-snippet:-1","max-image-preview":"max-image-preview:large","max-video-preview":"max-video-preview:-1"},"canonical":"https:\/\/talkpal.ai\/cs\/italska-gramatika\/","og_locale":"cs_CZ","og_type":"article","og_title":"Italsk\u00e1 gramatika","og_description":"Zvl\u00e1dnut\u00ed um\u011bn\u00ed italsk\u00e9 gramatiky: v\u00e1\u0161 dokonal\u00fd pr\u016fvodce Ciao, jazykov\u00ed nad\u0161enci! Jste p\u0159ipraveni pono\u0159it se po hlav\u011b do sv\u011bta italsk\u00e9 gramatiky? Jste na","og_url":"https:\/\/talkpal.ai\/cs\/italska-gramatika\/","og_site_name":"Talkpal","article_publisher":"https:\/\/www.facebook.com\/profile.php?id=100090733639311","article_modified_time":"2025-05-22T18:42:36+00:00","og_image":[{"width":512,"height":512,"url":"https:\/\/talkpal.ai\/wp-content\/uploads\/2023\/03\/italy.png","type":"image\/png"}],"twitter_card":"summary_large_image","twitter_site":"@talkpalai","twitter_misc":{"Odhadovan\u00e1 doba \u010dten\u00ed":"4 minuty"},"schema":{"@context":"https:\/\/schema.org","@graph":[{"@type":"WebPage","@id":"https:\/\/talkpal.ai\/cs\/italska-gramatika\/","url":"https:\/\/talkpal.ai\/cs\/italska-gramatika\/","name":"Italsk\u00e1 gramatika - Talkpal","isPartOf":{"@id":"https:\/\/talkpal.ai\/cs\/#website"},"primaryImageOfPage":{"@id":"https:\/\/talkpal.ai\/cs\/italska-gramatika\/#primaryimage"},"image":{"@id":"https:\/\/talkpal.ai\/cs\/italska-gramatika\/#primaryimage"},"thumbnailUrl":"https:\/\/talkpal.ai\/wp-content\/uploads\/2023\/03\/italy.png","datePublished":"2023-03-26T12:27:22+00:00","dateModified":"2025-05-22T18:42:36+00:00","description":"Nau\u010dte se snadno italskou gramatiku - procvi\u010dujte jasn\u011b, pochopte pravidla a mluvte l\u00e9pe pomoc\u00ed jednoduch\u00fdch pokyn\u016f od Talkpal AI.","breadcrumb":{"@id":"https:\/\/talkpal.ai\/cs\/italska-gramatika\/#breadcrumb"},"inLanguage":"cs","potentialAction":[{"@type":"ReadAction","target":["https:\/\/talkpal.ai\/cs\/italska-gramatika\/"]}]},{"@type":"ImageObject","inLanguage":"cs","@id":"https:\/\/talkpal.ai\/cs\/italska-gramatika\/#primaryimage","url":"https:\/\/talkpal.ai\/wp-content\/uploads\/2023\/03\/italy.png","contentUrl":"https:\/\/talkpal.ai\/wp-content\/uploads\/2023\/03\/italy.png","width":512,"height":512,"caption":"TalkPal AI learn Italian"},{"@type":"BreadcrumbList","@id":"https:\/\/talkpal.ai\/cs\/italska-gramatika\/#breadcrumb","itemListElement":[{"@type":"ListItem","position":1,"name":"Homepage","item":"https:\/\/talkpal.ai\/cs\/"},{"@type":"ListItem","position":2,"name":"Italsk\u00e1 gramatika"}]},{"@type":"WebSite","@id":"https:\/\/talkpal.ai\/cs\/#website","url":"https:\/\/talkpal.ai\/cs\/","name":"Talkpal","description":"AI Language Learning","publisher":{"@id":"https:\/\/talkpal.ai\/cs\/#organization"},"alternateName":"Talkpal AI","potentialAction":[{"@type":"SearchAction","target":{"@type":"EntryPoint","urlTemplate":"https:\/\/talkpal.ai\/cs\/?s={search_term_string}"},"query-input":{"@type":"PropertyValueSpecification","valueRequired":true,"valueName":"search_term_string"}}],"inLanguage":"cs"},{"@type":"Organization","@id":"https:\/\/talkpal.ai\/cs\/#organization","name":"Talkpal, Inc.","alternateName":"Talkpal AI","url":"https:\/\/talkpal.ai\/cs\/","logo":{"@type":"ImageObject","inLanguage":"cs","@id":"https:\/\/talkpal.ai\/cs\/#\/schema\/logo\/image\/","url":"https:\/\/talkpal.ai\/wp-content\/uploads\/2024\/03\/Talkpal-Logo-Icon.png","contentUrl":"https:\/\/talkpal.ai\/wp-content\/uploads\/2024\/03\/Talkpal-Logo-Icon.png","width":2880,"height":2880,"caption":"Talkpal, Inc."},"image":{"@id":"https:\/\/talkpal.ai\/cs\/#\/schema\/logo\/image\/"},"sameAs":["https:\/\/www.facebook.com\/profile.php?id=100090733639311","https:\/\/x.com\/talkpalai","https:\/\/www.linkedin.com\/company\/talkpal\/","https:\/\/www.youtube.com\/@TalkPal\/","https:\/\/www.tiktok.com\/@talkpal","https:\/\/www.instagram.com\/talkpal_ai\/","https:\/\/www.crunchbase.com\/organization\/talkpal-9cde","https:\/\/www.g2.com\/products\/talkpal-for-business\/","https:\/\/www.trustpilot.com\/review\/talkpal.ai","https:\/\/www.capterra.com\/p\/10006800\/TalkPal\/"],"description":"Talkpal is a language learning web and mobile education app, powered by the latest AI technologies, that provides engaging experiences to its customers in many different languages to help them improve their language skills. Users can chat about unlimited amount of topics with the app and use other modes to practice their language learning.","email":"support@talkpal.ai","legalName":"Talkpal, Inc.","foundingDate":"2023-04-03","duns":"118989042","numberOfEmployees":{"@type":"QuantitativeValue","minValue":"11","maxValue":"50"},"publishingPrinciples":"https:\/\/talkpal.ai\/publishing-principles\/","actionableFeedbackPolicy":"https:\/\/talkpal.ai\/actionable-feedback-policy\/","correctionsPolicy":"https:\/\/talkpal.ai\/corrections-policy\/","ethicsPolicy":"https:\/\/talkpal.ai\/ethics-policy\/","diversityPolicy":"https:\/\/talkpal.ai\/diversity-policy\/","diversityStaffingReport":"https:\/\/talkpal.ai\/diversity-policy\/"}]}},"_links":{"self":[{"href":"https:\/\/talkpal.ai\/cs\/wp-json\/wp\/v2\/pages\/126764","targetHints":{"allow":["GET"]}}],"collection":[{"href":"https:\/\/talkpal.ai\/cs\/wp-json\/wp\/v2\/pages"}],"about":[{"href":"https:\/\/talkpal.ai\/cs\/wp-json\/wp\/v2\/types\/page"}],"author":[{"embeddable":true,"href":"https:\/\/talkpal.ai\/cs\/wp-json\/wp\/v2\/users\/1"}],"replies":[{"embeddable":true,"href":"https:\/\/talkpal.ai\/cs\/wp-json\/wp\/v2\/comments?post=126764"}],"version-history":[{"count":0,"href":"https:\/\/talkpal.ai\/cs\/wp-json\/wp\/v2\/pages\/126764\/revisions"}],"wp:featuredmedia":[{"embeddable":true,"href":"https:\/\/talkpal.ai\/cs\/wp-json\/wp\/v2\/media\/76145"}],"wp:attachment":[{"href":"https:\/\/talkpal.ai\/cs\/wp-json\/wp\/v2\/media?parent=126764"}],"curies":[{"name":"wp","href":"https:\/\/api.w.org\/{rel}","templated":true}]}}