{"id":124543,"date":"2023-03-26T11:55:54","date_gmt":"2023-03-26T11:55:54","guid":{"rendered":"http:\/\/talkpal.ai\/spanelska-gramatika\/"},"modified":"2025-05-22T18:51:49","modified_gmt":"2025-05-22T18:51:49","slug":"spanelska-gramatika","status":"publish","type":"page","link":"https:\/\/talkpal.ai\/cs\/spanelska-gramatika\/","title":{"rendered":"\u0160pan\u011blsk\u00e1 gramatika"},"content":{"rendered":"\r\n\r\n\r\n<section class=\"languageChallengeSection\">\r\n    <div class=\"languageInfoWrapper\">\r\n        \r\n        <h1>\u0160pan\u011blsk\u00e1 gramatika<\/h1>\r\n        <p>Pono\u0159te se do \u017eiv\u00e9ho sv\u011bta \u0161pan\u011bl\u0161tiny t\u00edm, \u017ee si osvoj\u00edte jej\u00ed z\u00e1kladn\u00ed gramatick\u00e1 pravidla. Porozum\u011bn\u00ed \u0161pan\u011blsk\u00e9 gramatice v\u00e1m pom\u016f\u017ee komunikovat s jistotou a nav\u00e1zat nov\u00e1 spojen\u00ed s miliony mluv\u010d\u00edch po cel\u00e9m sv\u011bt\u011b. Za\u010dn\u011bte se u\u010dit \u0161pan\u011blskou gramatiku je\u0161t\u011b dnes a ud\u011blejte prvn\u00ed krok k plynulosti!<\/p>\r\n\r\n                            <a class=\"getStartedHidden\" href=\"https:\/\/app.talkpal.ai\/cs\/signup?lng=\">Za\u010dni<\/a>\r\n        \r\n    <\/div>\r\n\r\n    <figure>\r\n    <img decoding=\"async\" width=\"768\" height=\"768\" src=\"https:\/\/talkpal.ai\/wp-content\/uploads\/2023\/06\/Spanish-768x768.png\" class=\"languageImage no-lazy\" alt=\"Practical application of language learning\" fetchpriority=\"high\" sizes=\"(max-width: 768px) 150px, 768px\" srcset=\"https:\/\/talkpal.ai\/wp-content\/uploads\/2023\/06\/Spanish-768x768.png 768w, https:\/\/talkpal.ai\/wp-content\/uploads\/2023\/06\/Spanish-300x300.png 300w\" \/>\r\n    \r\n\r\n    <\/figure>\r\n\r\n            <a class=\"getStartedVisible\" href=\"https:\/\/app.talkpal.ai\/cs\/signup?lng=\">Za\u010dni<\/a>\r\n    \r\n<\/section>\r\n        <section class=\"grammarSection\">\r\n            <div class=\"grammarLinks\">\r\n                <a href=\"https:\/\/talkpal.ai\/cs\/language\/clanky-spanelska-gramatika\/\">\u010cl\u00e1nky <\/a><a href=\"https:\/\/talkpal.ai\/cs\/language\/indikativ-casu-spanelska-gramatika\/\">Indikativ \u010das\u016f <\/a><a href=\"https:\/\/talkpal.ai\/cs\/language\/konjunktiv-casu-spanelska-gramatika\/\">Konjunktiv \u010das\u016f <\/a><a href=\"https:\/\/talkpal.ai\/cs\/language\/podstatna-jmena-spanelska-gramatika\/\">Podstatn\u00e1 jm\u00e9na <\/a><a href=\"https:\/\/talkpal.ai\/cs\/language\/predlozky-spanelska-gramatika\/\">P\u0159edlo\u017eky <\/a><a href=\"https:\/\/talkpal.ai\/cs\/language\/pridavna-jmena-spanelska-gramatika\/\">P\u0159\u00eddavn\u00e1 jm\u00e9na <\/a><a href=\"https:\/\/talkpal.ai\/cs\/language\/prislovce-spanelska-gramatika\/\">P\u0159\u00edslovce <\/a><a href=\"https:\/\/talkpal.ai\/cs\/language\/slovesa-spanelska-gramatika\/\">Slovesa <\/a><a href=\"https:\/\/talkpal.ai\/cs\/language\/vetna-stavba-spanelska-gramatika\/\">V\u011btn\u00e1 stavba <\/a><a href=\"https:\/\/talkpal.ai\/cs\/language\/zajmena-spanelska-gramatika\/\">Z\u00e1jmena <\/a>            <\/div>\r\n        <\/section>\r\n    <section class=\"promotionalBanner\">\r\n    <p class=\"promotionalText\"><\/p>\r\n    <a class=\"promotionalLink\" href=\"https:\/\/app.talkpal.ai\/cs\/signup?lng=\"><\/a>\r\n<\/section>\n<div class=\"wp-block-group pageContainerStyle\"><div class=\"wp-block-group__inner-container is-layout-constrained wp-block-group-is-layout-constrained\">\n<h2 class=\"wp-block-heading\" id=\"h-a-quick-guide-to-learning-spanish-grammar\">Rychl\u00fd pr\u016fvodce v\u00fdukou \u0161pan\u011blsk\u00e9 gramatiky<\/h2>\n\n\n\n<p>Pokud jste n\u011bkdy p\u0159em\u00fd\u0161leli o tom, \u017ee byste se nau\u010dili n\u011bjak\u00fd nov\u00fd jazyk, pravd\u011bpodobn\u011b v\u00e1s napadla <a href=\"https:\/\/talkpal.ai\/learn-spanish\/\">\u0161pan\u011bl\u0161tina<\/a>. <a href=\"https:\/\/talkpal.ai\/learn-spanish\/\">\u0160pan\u011bl\u0161tina<\/a> je jedn\u00edm z nejroz\u0161\u00ed\u0159en\u011bj\u0161\u00edch jazyk\u016f na sv\u011bt\u011b a nab\u00edz\u00ed \u0159adu v\u00fdhod pro osobn\u00ed i profesn\u00ed r\u016fst. Studium \u0161pan\u011bl\u0161tiny v\u00e1m nejen umo\u017en\u00ed p\u0159\u00edstup k nov\u00fdm kultur\u00e1m, ale tak\u00e9 zlep\u0161\u00ed va\u0161e komunika\u010dn\u00ed dovednosti. A\u010dkoli se mnoho lid\u00ed boj\u00ed, \u017ee se zamotaj\u00ed do gramatick\u00fdch pravidel, m\u016f\u017eete si oddechnout, proto\u017ee <a href=\"https:\/\/talkpal.ai\/spanish-grammar\/\">\u0161pan\u011blsk\u00e1 gramatika<\/a> je pom\u011brn\u011b jednoduch\u00e1. V tomto \u010dl\u00e1nku v\u00e1m poskytneme stru\u010dn\u00e9ho pr\u016fvodce, kter\u00fd v\u00e1m pom\u016f\u017ee orientovat se ve vzru\u0161uj\u00edc\u00edm sv\u011bt\u011b \u0161pan\u011blsk\u00e9 gramatiky jako profesion\u00e1l!<\/p>\n\n\n\n<h3 class=\"wp-block-heading\" id=\"h-1-understanding-spanish-nouns-and-articles\">1. Porozum\u011bn\u00ed \u0161pan\u011blsk\u00fdm podstatn\u00fdm jm\u00e9n\u016fm a \u010dlen\u016fm<\/h3>\n\n\n\n<p>\u0160pan\u011blsk\u00e1 podstatn\u00e1 jm\u00e9na, stejn\u011b jako v angli\u010dtin\u011b, se pou\u017e\u00edvaj\u00ed k identifikaci lid\u00ed, m\u00edst, p\u0159edm\u011bt\u016f, my\u0161lenek a pocit\u016f. Prvn\u00edm pravidlem, kter\u00e9 je t\u0159eba si zapamatovat u \u0161pan\u011blsk\u00fdch podstatn\u00fdch jmen, je, \u017ee maj\u00ed rod. \u0160pan\u011blsk\u00e1 podstatn\u00e1 jm\u00e9na jsou bu\u010f mu\u017esk\u00e9ho nebo \u017eensk\u00e9ho rodu. Nap\u0159\u00edklad &#8222;libro&#8220; (kniha) je mu\u017esk\u00e9ho rodu a &#8222;casa&#8220; (d\u016fm) je rodu \u017eensk\u00e9ho. Mnohokr\u00e1t jsou podstatn\u00e1 jm\u00e9na kon\u010d\u00edc\u00ed na &#8222;o&#8220; mu\u017esk\u00e9ho rodu, zat\u00edmco podstatn\u00e1 jm\u00e9na kon\u010d\u00edc\u00ed na &#8222;a&#8220; \u017eensk\u00e9ho rodu.<\/p>\n\n\n\n<p>\u0160pan\u011blsk\u00e9 \u010dleny jsou podobn\u00e9 anglick\u00fdm &#8222;the&#8220;, &#8222;a&#8220; nebo &#8222;an&#8220;. Jsou kl\u00ed\u010dovou sou\u010d\u00e1st\u00ed jazyka, proto\u017ee mus\u00ed souhlasit s rodem a \u010d\u00edslem podstatn\u00e9ho jm\u00e9na, kter\u00e9 popisuj\u00ed. Existuj\u00ed \u010dty\u0159i typy \u0161pan\u011blsk\u00fdch \u010dl\u00e1nk\u016f:<\/p>\n\n\n\n<p>&#8211; <strong>Ur\u010dit\u00e9 \u010dleny:<\/strong> el (mu\u017esk\u00e9 jednotn\u00e9 \u010d\u00edslo), la (\u017eensk\u00e9 jednotn\u00e9 \u010d\u00edslo), los (mu\u017esk\u00e9 mno\u017en\u00e9 \u010d\u00edslo) a las (\u017eensk\u00e9 mno\u017en\u00e9 \u010d\u00edslo).<br\/>&#8211; <strong>Neur\u010dit\u00e9 \u010dleny:<\/strong> un (a\/an mu\u017esk\u00e9 jednotn\u00e9 \u010d\u00edslo), una (a\/an \u017eensk\u00e9 jednotn\u00e9 \u010d\u00edslo), unos (n\u011bkter\u00e9 mu\u017esk\u00e9 mno\u017en\u00e9 \u010d\u00edslo) a unas (n\u011bkter\u00e9 \u017eensk\u00e9 mno\u017en\u00e9 \u010d\u00edslo).<\/p>\n\n\n\n<h3 class=\"wp-block-heading\" id=\"h-2-slaying-spanish-verbs-conjugation-and-tenses\">2. Zab\u00edjen\u00ed \u0161pan\u011blsk\u00fdch sloves: \u010dasov\u00e1n\u00ed a \u010dasy<\/h3>\n\n\n\n<p>Jedn\u00edm z nejd\u016fle\u017eit\u011bj\u0161\u00edch aspekt\u016f v\u00fduky \u0161pan\u011blsk\u00e9 gramatiky je porozum\u011bn\u00ed \u010dasov\u00e1n\u00ed sloves. Konjugace jednodu\u0161e znamen\u00e1 zm\u011bnu ko\u0159enov\u00e9ho tvaru slovesa tak, aby odpov\u00eddal jeho p\u0159edm\u011btu a \u010dasu. Nap\u0159\u00edklad ve \u0161pan\u011bl\u0161tin\u011b se \u0159\u00edk\u00e1 &#8222;Yo como&#8220; (j\u00e1 j\u00edm) a &#8222;\u00e9l come&#8220; (on j\u00ed). V\u0161imn\u011bte si, \u017ee sloveso comer (j\u00edst) m\u011bn\u00ed sv\u016fj tvar, kdy\u017e zm\u011bn\u00edte podm\u011bt.<\/p>\n\n\n\n<p><strong>Mezi b\u011b\u017en\u00e1 pravideln\u00e1 slovesa ve \u0161pan\u011bl\u0161tin\u011b pat\u0159\u00ed:<\/strong><\/p>\n\n\n\n<p>&#8211; Slovesa AR: hablar (mluvit), amar (milovat) a bailar (tan\u010dit).<br\/>&#8211; ER slovesa: comer (j\u00edst), aprender (u\u010dit se) a vender (prod\u00e1vat).<br\/>&#8211; IR slovesa: vivir (\u017e\u00edt), escribir (ps\u00e1t) a descubrir (objevovat).<\/p>\n\n\n\n<p>Stejn\u011b jako v angli\u010dtin\u011b m\u00e1 \u0161pan\u011bl\u0161tina v\u00edce slovesn\u00fdch \u010das\u016f, kter\u00e9 ozna\u010duj\u00ed \u010das, kdy se d\u011bj odehr\u00e1v\u00e1. Mezi ty nejz\u00e1sadn\u011bj\u0161\u00ed pat\u0159\u00ed:<\/p>\n\n\n\n<p><strong>&#8211; Sou\u010dasnost<\/strong><br\/><strong>&#8211; Preteritum<\/strong><br\/><strong>&#8211; Nedokonal\u00e9<\/strong><br\/><strong>&#8211; Budoucnost<\/strong><br\/><strong>&#8211; Podm\u00edn\u011bn\u00e9<\/strong><br\/><strong>&#8211; Subjunktiv p\u0159\u00edtomn\u00fd<\/strong><br\/><strong>&#8211; Imperfektum subjuntivu<\/strong><\/p>\n\n\n\n<p>Nestresujte se u\u010den\u00edm v\u0161ech slovesn\u00fdch \u010das\u016f najednou. Pou\u017e\u00edvejte je postupn\u011b a tr\u00e9nujte, dokud se s nimi nesezn\u00e1m\u00edte.<\/p>\n\n\n\n<h3 class=\"wp-block-heading\" id=\"h-3-creating-sentences-with-spanish-adjectives-and-adverbs\">3. Tvo\u0159en\u00ed v\u011bt se \u0161pan\u011blsk\u00fdmi p\u0159\u00eddavn\u00fdmi jm\u00e9ny a p\u0159\u00edslovci<\/h3>\n\n\n\n<p>P\u0159\u00eddavn\u00e1 jm\u00e9na a p\u0159\u00edslovce hraj\u00ed z\u00e1sadn\u00ed roli p\u0159i oko\u0159en\u011bn\u00ed va\u0161ich \u0161pan\u011blsk\u00fdch v\u011bt. P\u0159\u00eddavn\u00e1 jm\u00e9na popisuj\u00ed vlastnosti nebo charakteristiky podstatn\u00fdch jmen, zat\u00edmco p\u0159\u00edslovce popisuj\u00ed d\u011bje nebo slovesa. Ve \u0161pan\u011bl\u0161tin\u011b mus\u00ed p\u0159\u00eddavn\u00e1 jm\u00e9na souhlasit s podstatn\u00fdm jm\u00e9nem, kter\u00e9 popisuj\u00ed, a to jak rodem, tak \u010d\u00edslem.<\/p>\n\n\n\n<p>Jedn\u00edm z kl\u00ed\u010dov\u00fdch rozd\u00edl\u016f mezi \u0161pan\u011bl\u0161tinou a angli\u010dtinou je po\u0159ad\u00ed p\u0159\u00eddavn\u00fdch jmen. \u0160pan\u011blsk\u00e1 p\u0159\u00eddavn\u00e1 jm\u00e9na se obvykle p\u00ed\u0161\u00ed za podstatn\u00fdm jm\u00e9nem, nap\u0159. &#8222;un coche rojo&#8220; (\u010derven\u00e9 auto).<\/p>\n\n\n\n<p>\u0160pan\u011blsk\u00e1 p\u0159\u00edslovce se naopak nikdy nem\u011bn\u00ed kv\u016fli rodu nebo \u010d\u00edslu. Stejn\u011b jako v angli\u010dtin\u011b se p\u0159\u00edslovce obvykle p\u00ed\u0161\u00ed za sloveso, kter\u00e9 modifikuj\u00ed, nap\u0159. &#8222;Ella habla r\u00e1pidamente&#8220; (Mluv\u00ed rychle).<\/p>\n\n\n\n<h3 class=\"wp-block-heading\" id=\"h-conclusion\">Z\u00e1v\u011br<\/h3>\n\n\n\n<p><a href=\"https:\/\/talkpal.ai\/spanish-grammar\/\">\u0160pan\u011blsk\u00e1 gramatika<\/a> by v\u00e1s nem\u011bla d\u011bsit! Jist\u011b, vy\u017eaduje to cvik, ale kdy\u017e se budete \u0159\u00eddit t\u011bmito jednoduch\u00fdmi pokyny, budete na nejlep\u0161\u00ed cest\u011b st\u00e1t se v\u00fdjime\u010dn\u00fdm \u0161pan\u011blsk\u00fdm mluv\u010d\u00edm. Nezapome\u0148te se v\u017edy zapojit do jazyka z\u00e1bavn\u00fdm, konverza\u010dn\u00edm zp\u016fsobem, kdy\u017e zkoum\u00e1te podstatn\u00e1 jm\u00e9na, slovesa, p\u0159\u00eddavn\u00e1 jm\u00e9na a p\u0159\u00edslovce. Pokra\u010dujte v procvi\u010dov\u00e1n\u00ed, p\u0159ijm\u011bte kulturu a nechte svou \u0161pan\u011blskou cestu rozvinout. \u00a1Buena suerte!<\/p>\n<\/div><\/div>\n\r\n<section class=\"learnNavigationSection\">\r\n            \r\n        <a href=\"https:\/\/talkpal.ai\/cs\/ucte-se-spanelsky\/\">\r\n            <div class=\"learnNavigationWrapper\">\r\n                <div class=\"learnNavigationContent\">\r\n                    <img decoding=\"async\" src=\"https:\/\/talkpal.ai\/wp-content\/uploads\/2024\/08\/Spanish.jpg\" alt=\"Spanish Flag\">\r\n                    <div>\r\n                        <h4>O v\u00fduce \u0161pan\u011bl\u0161tiny<\/h4>\r\n                        <p>Zjist\u011bte v\u0161e o \u0161pan\u011blsk\u00e9 gramatice.<\/p>\r\n                    <\/div>\r\n                <\/div>\r\n            <\/div>\r\n        <\/a>\r\n\r\n        \r\n        <a href=\"https:\/\/talkpal.ai\/cs\/cviceni-na-spanelskou-gramatiku\/\">\r\n            <div class=\"learnNavigationWrapper\">\r\n                <div class=\"learnNavigationContent\">\r\n                    <img decoding=\"async\" src=\"https:\/\/talkpal.ai\/wp-content\/uploads\/2024\/08\/Spanish.jpg\" alt=\"Spanish Flag\">\r\n                    <div>\r\n                        <h4>Cvi\u010den\u00ed ze \u0161pan\u011blsk\u00e9 gramatiky<\/h4>\r\n                        <p>Procvi\u010dte si \u0161pan\u011blskou gramatiku.<\/p>\r\n                    <\/div>\r\n                <\/div>\r\n            <\/div>\r\n        <\/a>\r\n\r\n        \r\n        <a href=\"https:\/\/talkpal.ai\/vocabulary_language\/spanish\/\">\r\n            <div class=\"learnNavigationWrapper\">\r\n                <div class=\"learnNavigationContent\">\r\n                    <img decoding=\"async\" src=\"https:\/\/talkpal.ai\/wp-content\/uploads\/2024\/08\/Spanish.jpg\" alt=\"Spanish Flag\">\r\n                    <div>\r\n                        <h4>\u0160pan\u011blsk\u00e1 slovn\u00ed z\u00e1soba<\/h4>\r\n                        <p>Roz\u0161i\u0159te si \u0161pan\u011blskou slovn\u00ed z\u00e1sobu.<\/p>\r\n                    <\/div>\r\n                <\/div>\r\n            <\/div>\r\n        <\/a>\r\n\r\n            <\/section>","protected":false},"excerpt":{"rendered":"<p>Rychl\u00fd pr\u016fvodce v\u00fdukou \u0161pan\u011blsk\u00e9 gramatiky Pokud jste n\u011bkdy p\u0159em\u00fd\u0161leli o tom, \u017ee byste se nau\u010dili n\u011bjak\u00fd nov\u00fd jazyk, pravd\u011bpodobn\u011b v\u00e1s napadla \u0161pan\u011bl\u0161tina. \u0160pan\u011bl\u0161tina je jedn\u00edm z nejroz\u0161\u00ed\u0159en\u011bj\u0161\u00edch jazyk\u016f na sv\u011bt\u011b a nab\u00edz\u00ed \u0159adu v\u00fdhod pro osobn\u00ed i profesn\u00ed r\u016fst. Studium \u0161pan\u011bl\u0161tiny v\u00e1m nejen umo\u017en\u00ed p\u0159\u00edstup k nov\u00fdm kultur\u00e1m, ale tak\u00e9 zlep\u0161\u00ed va\u0161e komunika\u010dn\u00ed dovednosti. A\u010dkoli [&hellip;]<\/p>\n","protected":false},"author":1,"featured_media":75305,"parent":0,"menu_order":0,"comment_status":"closed","ping_status":"closed","template":"LearningContentPage.php","meta":{"_acf_changed":false,"footnotes":""},"class_list":["post-124543","page","type-page","status-publish","has-post-thumbnail","hentry"],"acf":[],"yoast_head":"<!-- This site is optimized with the Yoast SEO Premium plugin v27.2 (Yoast SEO v27.2) - https:\/\/yoast.com\/product\/yoast-seo-premium-wordpress\/ -->\n<title>\u0160pan\u011blsk\u00e1 gramatika - Talkpal<\/title>\n<meta name=\"description\" content=\"Zlep\u0161ete sv\u00e9 znalosti \u0161pan\u011blsk\u00e9 gramatiky pomoc\u00ed interaktivn\u00edch cvi\u010den\u00ed ur\u010den\u00fdch pro v\u0161echny \u00farovn\u011b pokro\u010dilosti. Procvi\u010dujte \u0161pan\u011bl\u0161tinu efektivn\u011b!\" \/>\n<meta name=\"robots\" content=\"index, follow, max-snippet:-1, max-image-preview:large, max-video-preview:-1\" \/>\n<link rel=\"canonical\" href=\"https:\/\/talkpal.ai\/cs\/spanelska-gramatika\/\" \/>\n<meta property=\"og:locale\" content=\"cs_CZ\" \/>\n<meta property=\"og:type\" content=\"article\" \/>\n<meta property=\"og:title\" content=\"\u0160pan\u011blsk\u00e1 gramatika\" \/>\n<meta property=\"og:description\" content=\"Rychl\u00fd pr\u016fvodce v\u00fdukou \u0161pan\u011blsk\u00e9 gramatiky Pokud jste n\u011bkdy p\u0159em\u00fd\u0161leli o tom, \u017ee byste se nau\u010dili n\u011bjak\u00fd nov\u00fd jazyk, pravd\u011bpodobn\u011b v\u00e1s napadla\" \/>\n<meta property=\"og:url\" content=\"https:\/\/talkpal.ai\/cs\/spanelska-gramatika\/\" \/>\n<meta property=\"og:site_name\" content=\"Talkpal\" \/>\n<meta property=\"article:publisher\" content=\"https:\/\/www.facebook.com\/profile.php?id=100090733639311\" \/>\n<meta property=\"article:modified_time\" content=\"2025-05-22T18:51:49+00:00\" \/>\n<meta property=\"og:image\" content=\"https:\/\/talkpal.ai\/wp-content\/uploads\/2023\/03\/spain.png\" \/>\n\t<meta property=\"og:image:width\" content=\"512\" \/>\n\t<meta property=\"og:image:height\" content=\"512\" \/>\n\t<meta property=\"og:image:type\" content=\"image\/png\" \/>\n<meta name=\"twitter:card\" content=\"summary_large_image\" \/>\n<meta name=\"twitter:site\" content=\"@talkpalai\" \/>\n<meta name=\"twitter:label1\" content=\"Odhadovan\u00e1 doba \u010dten\u00ed\" \/>\n\t<meta name=\"twitter:data1\" content=\"4 minuty\" \/>\n<script type=\"application\/ld+json\" class=\"yoast-schema-graph\">{\"@context\":\"https:\/\/schema.org\",\"@graph\":[{\"@type\":\"WebPage\",\"@id\":\"https:\/\/talkpal.ai\/cs\/spanelska-gramatika\/\",\"url\":\"https:\/\/talkpal.ai\/cs\/spanelska-gramatika\/\",\"name\":\"\u0160pan\u011blsk\u00e1 gramatika - Talkpal\",\"isPartOf\":{\"@id\":\"https:\/\/talkpal.ai\/cs\/#website\"},\"primaryImageOfPage\":{\"@id\":\"https:\/\/talkpal.ai\/cs\/spanelska-gramatika\/#primaryimage\"},\"image\":{\"@id\":\"https:\/\/talkpal.ai\/cs\/spanelska-gramatika\/#primaryimage\"},\"thumbnailUrl\":\"https:\/\/talkpal.ai\/wp-content\/uploads\/2023\/03\/spain.png\",\"datePublished\":\"2023-03-26T11:55:54+00:00\",\"dateModified\":\"2025-05-22T18:51:49+00:00\",\"description\":\"Zlep\u0161ete sv\u00e9 znalosti \u0161pan\u011blsk\u00e9 gramatiky pomoc\u00ed interaktivn\u00edch cvi\u010den\u00ed ur\u010den\u00fdch pro v\u0161echny \u00farovn\u011b pokro\u010dilosti. Procvi\u010dujte \u0161pan\u011bl\u0161tinu efektivn\u011b!\",\"breadcrumb\":{\"@id\":\"https:\/\/talkpal.ai\/cs\/spanelska-gramatika\/#breadcrumb\"},\"inLanguage\":\"cs\",\"potentialAction\":[{\"@type\":\"ReadAction\",\"target\":[\"https:\/\/talkpal.ai\/cs\/spanelska-gramatika\/\"]}]},{\"@type\":\"ImageObject\",\"inLanguage\":\"cs\",\"@id\":\"https:\/\/talkpal.ai\/cs\/spanelska-gramatika\/#primaryimage\",\"url\":\"https:\/\/talkpal.ai\/wp-content\/uploads\/2023\/03\/spain.png\",\"contentUrl\":\"https:\/\/talkpal.ai\/wp-content\/uploads\/2023\/03\/spain.png\",\"width\":512,\"height\":512,\"caption\":\"TalkPal AI learn Spanish\"},{\"@type\":\"BreadcrumbList\",\"@id\":\"https:\/\/talkpal.ai\/cs\/spanelska-gramatika\/#breadcrumb\",\"itemListElement\":[{\"@type\":\"ListItem\",\"position\":1,\"name\":\"Homepage\",\"item\":\"https:\/\/talkpal.ai\/cs\/\"},{\"@type\":\"ListItem\",\"position\":2,\"name\":\"\u0160pan\u011blsk\u00e1 gramatika\"}]},{\"@type\":\"WebSite\",\"@id\":\"https:\/\/talkpal.ai\/cs\/#website\",\"url\":\"https:\/\/talkpal.ai\/cs\/\",\"name\":\"Talkpal\",\"description\":\"AI Language Learning\",\"publisher\":{\"@id\":\"https:\/\/talkpal.ai\/cs\/#organization\"},\"alternateName\":\"Talkpal AI\",\"potentialAction\":[{\"@type\":\"SearchAction\",\"target\":{\"@type\":\"EntryPoint\",\"urlTemplate\":\"https:\/\/talkpal.ai\/cs\/?s={search_term_string}\"},\"query-input\":{\"@type\":\"PropertyValueSpecification\",\"valueRequired\":true,\"valueName\":\"search_term_string\"}}],\"inLanguage\":\"cs\"},{\"@type\":\"Organization\",\"@id\":\"https:\/\/talkpal.ai\/cs\/#organization\",\"name\":\"Talkpal, Inc.\",\"alternateName\":\"Talkpal AI\",\"url\":\"https:\/\/talkpal.ai\/cs\/\",\"logo\":{\"@type\":\"ImageObject\",\"inLanguage\":\"cs\",\"@id\":\"https:\/\/talkpal.ai\/cs\/#\/schema\/logo\/image\/\",\"url\":\"https:\/\/talkpal.ai\/wp-content\/uploads\/2024\/03\/Talkpal-Logo-Icon.png\",\"contentUrl\":\"https:\/\/talkpal.ai\/wp-content\/uploads\/2024\/03\/Talkpal-Logo-Icon.png\",\"width\":2880,\"height\":2880,\"caption\":\"Talkpal, Inc.\"},\"image\":{\"@id\":\"https:\/\/talkpal.ai\/cs\/#\/schema\/logo\/image\/\"},\"sameAs\":[\"https:\/\/www.facebook.com\/profile.php?id=100090733639311\",\"https:\/\/x.com\/talkpalai\",\"https:\/\/www.linkedin.com\/company\/talkpal\/\",\"https:\/\/www.youtube.com\/@TalkPal\/\",\"https:\/\/www.tiktok.com\/@talkpal\",\"https:\/\/www.instagram.com\/talkpal_ai\/\",\"https:\/\/www.crunchbase.com\/organization\/talkpal-9cde\",\"https:\/\/www.g2.com\/products\/talkpal-for-business\/\",\"https:\/\/www.trustpilot.com\/review\/talkpal.ai\",\"https:\/\/www.capterra.com\/p\/10006800\/TalkPal\/\"],\"description\":\"Talkpal is a language learning web and mobile education app, powered by the latest AI technologies, that provides engaging experiences to its customers in many different languages to help them improve their language skills. Users can chat about unlimited amount of topics with the app and use other modes to practice their language learning.\",\"email\":\"support@talkpal.ai\",\"legalName\":\"Talkpal, Inc.\",\"foundingDate\":\"2023-04-03\",\"duns\":\"118989042\",\"numberOfEmployees\":{\"@type\":\"QuantitativeValue\",\"minValue\":\"11\",\"maxValue\":\"50\"},\"publishingPrinciples\":\"https:\/\/talkpal.ai\/publishing-principles\/\",\"actionableFeedbackPolicy\":\"https:\/\/talkpal.ai\/actionable-feedback-policy\/\",\"correctionsPolicy\":\"https:\/\/talkpal.ai\/corrections-policy\/\",\"ethicsPolicy\":\"https:\/\/talkpal.ai\/ethics-policy\/\",\"diversityPolicy\":\"https:\/\/talkpal.ai\/diversity-policy\/\",\"diversityStaffingReport\":\"https:\/\/talkpal.ai\/diversity-policy\/\"}]}<\/script>\n<!-- \/ Yoast SEO Premium plugin. -->","yoast_head_json":{"title":"\u0160pan\u011blsk\u00e1 gramatika - Talkpal","description":"Zlep\u0161ete sv\u00e9 znalosti \u0161pan\u011blsk\u00e9 gramatiky pomoc\u00ed interaktivn\u00edch cvi\u010den\u00ed ur\u010den\u00fdch pro v\u0161echny \u00farovn\u011b pokro\u010dilosti. Procvi\u010dujte \u0161pan\u011bl\u0161tinu efektivn\u011b!","robots":{"index":"index","follow":"follow","max-snippet":"max-snippet:-1","max-image-preview":"max-image-preview:large","max-video-preview":"max-video-preview:-1"},"canonical":"https:\/\/talkpal.ai\/cs\/spanelska-gramatika\/","og_locale":"cs_CZ","og_type":"article","og_title":"\u0160pan\u011blsk\u00e1 gramatika","og_description":"Rychl\u00fd pr\u016fvodce v\u00fdukou \u0161pan\u011blsk\u00e9 gramatiky Pokud jste n\u011bkdy p\u0159em\u00fd\u0161leli o tom, \u017ee byste se nau\u010dili n\u011bjak\u00fd nov\u00fd jazyk, pravd\u011bpodobn\u011b v\u00e1s napadla","og_url":"https:\/\/talkpal.ai\/cs\/spanelska-gramatika\/","og_site_name":"Talkpal","article_publisher":"https:\/\/www.facebook.com\/profile.php?id=100090733639311","article_modified_time":"2025-05-22T18:51:49+00:00","og_image":[{"width":512,"height":512,"url":"https:\/\/talkpal.ai\/wp-content\/uploads\/2023\/03\/spain.png","type":"image\/png"}],"twitter_card":"summary_large_image","twitter_site":"@talkpalai","twitter_misc":{"Odhadovan\u00e1 doba \u010dten\u00ed":"4 minuty"},"schema":{"@context":"https:\/\/schema.org","@graph":[{"@type":"WebPage","@id":"https:\/\/talkpal.ai\/cs\/spanelska-gramatika\/","url":"https:\/\/talkpal.ai\/cs\/spanelska-gramatika\/","name":"\u0160pan\u011blsk\u00e1 gramatika - Talkpal","isPartOf":{"@id":"https:\/\/talkpal.ai\/cs\/#website"},"primaryImageOfPage":{"@id":"https:\/\/talkpal.ai\/cs\/spanelska-gramatika\/#primaryimage"},"image":{"@id":"https:\/\/talkpal.ai\/cs\/spanelska-gramatika\/#primaryimage"},"thumbnailUrl":"https:\/\/talkpal.ai\/wp-content\/uploads\/2023\/03\/spain.png","datePublished":"2023-03-26T11:55:54+00:00","dateModified":"2025-05-22T18:51:49+00:00","description":"Zlep\u0161ete sv\u00e9 znalosti \u0161pan\u011blsk\u00e9 gramatiky pomoc\u00ed interaktivn\u00edch cvi\u010den\u00ed ur\u010den\u00fdch pro v\u0161echny \u00farovn\u011b pokro\u010dilosti. Procvi\u010dujte \u0161pan\u011bl\u0161tinu efektivn\u011b!","breadcrumb":{"@id":"https:\/\/talkpal.ai\/cs\/spanelska-gramatika\/#breadcrumb"},"inLanguage":"cs","potentialAction":[{"@type":"ReadAction","target":["https:\/\/talkpal.ai\/cs\/spanelska-gramatika\/"]}]},{"@type":"ImageObject","inLanguage":"cs","@id":"https:\/\/talkpal.ai\/cs\/spanelska-gramatika\/#primaryimage","url":"https:\/\/talkpal.ai\/wp-content\/uploads\/2023\/03\/spain.png","contentUrl":"https:\/\/talkpal.ai\/wp-content\/uploads\/2023\/03\/spain.png","width":512,"height":512,"caption":"TalkPal AI learn Spanish"},{"@type":"BreadcrumbList","@id":"https:\/\/talkpal.ai\/cs\/spanelska-gramatika\/#breadcrumb","itemListElement":[{"@type":"ListItem","position":1,"name":"Homepage","item":"https:\/\/talkpal.ai\/cs\/"},{"@type":"ListItem","position":2,"name":"\u0160pan\u011blsk\u00e1 gramatika"}]},{"@type":"WebSite","@id":"https:\/\/talkpal.ai\/cs\/#website","url":"https:\/\/talkpal.ai\/cs\/","name":"Talkpal","description":"AI Language Learning","publisher":{"@id":"https:\/\/talkpal.ai\/cs\/#organization"},"alternateName":"Talkpal AI","potentialAction":[{"@type":"SearchAction","target":{"@type":"EntryPoint","urlTemplate":"https:\/\/talkpal.ai\/cs\/?s={search_term_string}"},"query-input":{"@type":"PropertyValueSpecification","valueRequired":true,"valueName":"search_term_string"}}],"inLanguage":"cs"},{"@type":"Organization","@id":"https:\/\/talkpal.ai\/cs\/#organization","name":"Talkpal, Inc.","alternateName":"Talkpal AI","url":"https:\/\/talkpal.ai\/cs\/","logo":{"@type":"ImageObject","inLanguage":"cs","@id":"https:\/\/talkpal.ai\/cs\/#\/schema\/logo\/image\/","url":"https:\/\/talkpal.ai\/wp-content\/uploads\/2024\/03\/Talkpal-Logo-Icon.png","contentUrl":"https:\/\/talkpal.ai\/wp-content\/uploads\/2024\/03\/Talkpal-Logo-Icon.png","width":2880,"height":2880,"caption":"Talkpal, Inc."},"image":{"@id":"https:\/\/talkpal.ai\/cs\/#\/schema\/logo\/image\/"},"sameAs":["https:\/\/www.facebook.com\/profile.php?id=100090733639311","https:\/\/x.com\/talkpalai","https:\/\/www.linkedin.com\/company\/talkpal\/","https:\/\/www.youtube.com\/@TalkPal\/","https:\/\/www.tiktok.com\/@talkpal","https:\/\/www.instagram.com\/talkpal_ai\/","https:\/\/www.crunchbase.com\/organization\/talkpal-9cde","https:\/\/www.g2.com\/products\/talkpal-for-business\/","https:\/\/www.trustpilot.com\/review\/talkpal.ai","https:\/\/www.capterra.com\/p\/10006800\/TalkPal\/"],"description":"Talkpal is a language learning web and mobile education app, powered by the latest AI technologies, that provides engaging experiences to its customers in many different languages to help them improve their language skills. Users can chat about unlimited amount of topics with the app and use other modes to practice their language learning.","email":"support@talkpal.ai","legalName":"Talkpal, Inc.","foundingDate":"2023-04-03","duns":"118989042","numberOfEmployees":{"@type":"QuantitativeValue","minValue":"11","maxValue":"50"},"publishingPrinciples":"https:\/\/talkpal.ai\/publishing-principles\/","actionableFeedbackPolicy":"https:\/\/talkpal.ai\/actionable-feedback-policy\/","correctionsPolicy":"https:\/\/talkpal.ai\/corrections-policy\/","ethicsPolicy":"https:\/\/talkpal.ai\/ethics-policy\/","diversityPolicy":"https:\/\/talkpal.ai\/diversity-policy\/","diversityStaffingReport":"https:\/\/talkpal.ai\/diversity-policy\/"}]}},"_links":{"self":[{"href":"https:\/\/talkpal.ai\/cs\/wp-json\/wp\/v2\/pages\/124543","targetHints":{"allow":["GET"]}}],"collection":[{"href":"https:\/\/talkpal.ai\/cs\/wp-json\/wp\/v2\/pages"}],"about":[{"href":"https:\/\/talkpal.ai\/cs\/wp-json\/wp\/v2\/types\/page"}],"author":[{"embeddable":true,"href":"https:\/\/talkpal.ai\/cs\/wp-json\/wp\/v2\/users\/1"}],"replies":[{"embeddable":true,"href":"https:\/\/talkpal.ai\/cs\/wp-json\/wp\/v2\/comments?post=124543"}],"version-history":[{"count":0,"href":"https:\/\/talkpal.ai\/cs\/wp-json\/wp\/v2\/pages\/124543\/revisions"}],"wp:featuredmedia":[{"embeddable":true,"href":"https:\/\/talkpal.ai\/cs\/wp-json\/wp\/v2\/media\/75305"}],"wp:attachment":[{"href":"https:\/\/talkpal.ai\/cs\/wp-json\/wp\/v2\/media?parent=124543"}],"curies":[{"name":"wp","href":"https:\/\/api.w.org\/{rel}","templated":true}]}}