{"id":124250,"date":"2023-03-26T11:45:19","date_gmt":"2023-03-26T11:45:19","guid":{"rendered":"http:\/\/talkpal.ai\/francouzska-gramatika\/"},"modified":"2025-05-22T18:47:31","modified_gmt":"2025-05-22T18:47:31","slug":"francouzska-gramatika","status":"publish","type":"page","link":"https:\/\/talkpal.ai\/cs\/francouzska-gramatika\/","title":{"rendered":"Francouzsk\u00e1 gramatika"},"content":{"rendered":"\r\n\r\n\r\n<section class=\"languageChallengeSection\">\r\n    <div class=\"languageInfoWrapper\">\r\n        \r\n        <h1>Francouzsk\u00e1 gramatika<\/h1>\r\n        <p>Odhalte eleganci francouzsk\u00e9ho jazyka t\u00edm, \u017ee si osvoj\u00edte jeho z\u00e1kladn\u00ed gramatick\u00e1 pravidla. Dobr\u00e1 znalost francouzsk\u00e9 gramatiky v\u00e1m pom\u016f\u017ee snadno komunikovat a ocenit bohatstv\u00ed francouzsk\u00e9 kultury. Za\u010dn\u011bte se u\u010dit francouzskou gramatiku je\u0161t\u011b dnes a za\u010dn\u011bte svou cestu k plynulosti!<\/p>\r\n\r\n                            <a class=\"getStartedHidden\" href=\"https:\/\/app.talkpal.ai\/cs\/signup?lng=\">Za\u010dni<\/a>\r\n        \r\n    <\/div>\r\n\r\n    <figure>\r\n    <img decoding=\"async\" width=\"768\" height=\"768\" src=\"https:\/\/talkpal.ai\/wp-content\/uploads\/2023\/06\/french-768x768.png\" class=\"languageImage no-lazy\" alt=\"Language learning strategies for professionals\" fetchpriority=\"high\" sizes=\"(max-width: 768px) 150px, 768px\" srcset=\"https:\/\/talkpal.ai\/wp-content\/uploads\/2023\/06\/french-768x768.png 768w, https:\/\/talkpal.ai\/wp-content\/uploads\/2023\/06\/french-300x300.png 300w\" \/>\r\n    \r\n\r\n    <\/figure>\r\n\r\n            <a class=\"getStartedVisible\" href=\"https:\/\/app.talkpal.ai\/cs\/signup?lng=\">Za\u010dni<\/a>\r\n    \r\n<\/section>\r\n        <section class=\"grammarSection\">\r\n            <div class=\"grammarLinks\">\r\n                <a href=\"https:\/\/talkpal.ai\/cs\/language\/clanky-francouzska-gramatika\/\">\u010cl\u00e1nky <\/a><a href=\"https:\/\/talkpal.ai\/cs\/language\/indikativ-casu-francouzska-gramatika\/\">Indikativ \u010das\u016f <\/a><a href=\"https:\/\/talkpal.ai\/cs\/language\/podstatna-jmena-francouzska-gramatika\/\">Podstatn\u00e1 jm\u00e9na <\/a><a href=\"https:\/\/talkpal.ai\/cs\/language\/predlozky-francouzska-gramatika\/\">P\u0159edlo\u017eky <\/a><a href=\"https:\/\/talkpal.ai\/cs\/language\/pridavna-jmena-francouzska-gramatika\/\">P\u0159\u00eddavn\u00e1 jm\u00e9na <\/a><a href=\"https:\/\/talkpal.ai\/cs\/language\/prislovce-francouzska-gramatika\/\">P\u0159\u00edslovce <\/a><a href=\"https:\/\/talkpal.ai\/cs\/language\/slovesa-francouzska-gramatika\/\">Slovesa <\/a><a href=\"https:\/\/talkpal.ai\/cs\/language\/vetna-struktura-francouzska-gramatika\/\">V\u011btn\u00e1 struktura <\/a><a href=\"https:\/\/talkpal.ai\/cs\/language\/zajmena-a-determinanty-francouzska-gramatika\/\">Z\u00e1jmena a determinanty <\/a>            <\/div>\r\n        <\/section>\r\n    <section class=\"promotionalBanner\">\r\n    <p class=\"promotionalText\"><\/p>\r\n    <a class=\"promotionalLink\" href=\"https:\/\/app.talkpal.ai\/cs\/signup?lng=\"><\/a>\r\n<\/section>\n<div class=\"wp-block-group pageContainerStyle\"><div class=\"wp-block-group__inner-container is-layout-constrained wp-block-group-is-layout-constrained\">\n<h2 class=\"wp-block-heading\" id=\"h-a-beginner-s-guide-to-french-grammar\">Pr\u016fvodce francouzskou gramatikou pro za\u010d\u00e1te\u010dn\u00edky<\/h2>\n\n\n\n<p><a href=\"https:\/\/talkpal.ai\/cs\/studium-francouzstiny-jak-efektivne-zvladnout-novy-jazyk-rychle-a-zabavne\/\">Studium francouz\u0161tiny<\/a> m\u016f\u017ee b\u00fdt vzru\u0161uj\u00edc\u00ed a obohacuj\u00edc\u00ed zku\u0161enost\u00ed. Zvl\u00e1dnut\u00ed francouzsk\u00e9 gramatiky v\u0161ak m\u016f\u017ee b\u00fdt n\u00e1ro\u010dn\u00e9, a to i pro ty, kte\u0159\u00ed ovl\u00e1daj\u00ed angli\u010dtinu. V tomto \u010dl\u00e1nku se budeme zab\u00fdvat n\u011bkter\u00fdmi z\u00e1kladn\u00edmi tipy francouzsk\u00e9 gramatiky, kter\u00e9 v\u00e1m pomohou zlep\u0161it va\u0161e <a href=\"https:\/\/talkpal.ai\/cs\/procvicovani-cestiny-nejlepsi-zpusoby-jak-zlepsit-sve-jazykove-dovednosti\/\">jazykov\u00e9 dovednosti<\/a>. Pokud se s t\u011bmito pravidly sezn\u00e1m\u00edte a budete je pravideln\u011b procvi\u010dovat, budete na dobr\u00e9 cest\u011b st\u00e1t se odborn\u00edkem na francouzskou gramatiku.<\/p>\n\n\n\n<h3 class=\"wp-block-heading\" id=\"h-1-the-importance-of-gender-in-french-nouns\">1. V\u00fdznam rodu ve francouzsk\u00fdch podstatn\u00fdch jm\u00e9nech<\/h3>\n\n\n\n<p>Jedn\u00edm z nejv\u00fdznamn\u011bj\u0161\u00edch rozd\u00edl\u016f mezi francouzskou a anglickou gramatikou je koncept genderu. V\u0161echna francouzsk\u00e1 podstatn\u00e1 jm\u00e9na jsou bu\u010f mu\u017esk\u00e9ho nebo \u017eensk\u00e9ho rodu, co\u017e ovliv\u0148uje \u010dleny a p\u0159\u00eddavn\u00e1 jm\u00e9na, kter\u00e1 se s nimi pou\u017e\u00edvaj\u00ed. Nap\u0159\u00edklad &#8222;le&#8220; a &#8222;la&#8220; jsou ur\u010dit\u00e9 \u010dleny pro podstatn\u00e1 jm\u00e9na mu\u017esk\u00e9ho a \u017eensk\u00e9ho rodu. Kdy\u017e se setk\u00e1te s nov\u00fdm podstatn\u00fdm jm\u00e9nem, je d\u016fle\u017eit\u00e9 si zapamatovat jeho rod, abyste se vyhnuli gramatick\u00fdm chyb\u00e1m.<\/p>\n\n\n\n<h3 class=\"wp-block-heading\" id=\"h-2-mastering-verb-conjugations\">2. Zvl\u00e1dnut\u00ed \u010dasov\u00e1n\u00ed sloves<\/h3>\n\n\n\n<p>Francouzsk\u00e1 slovesa maj\u00ed \u010detn\u00e9 \u010dasov\u00e1n\u00ed zalo\u017een\u00e9 na z\u00e1jmenech \u010dasu, n\u00e1lady a podm\u011btu. M\u016f\u017ee se to zd\u00e1t zdrcuj\u00edc\u00ed, ale existuj\u00ed vzory a zkratky, kter\u00e9 m\u016f\u017eete pou\u017e\u00edt ke zjednodu\u0161en\u00ed procesu. Pravideln\u00e1 slovesa pat\u0159\u00ed do jedn\u00e9 ze t\u0159\u00ed skupin na z\u00e1klad\u011b jejich infinitivn\u00edch koncovek (-er, -ir a -re) a ka\u017ed\u00e1 skupina m\u00e1 sv\u016fj vlastn\u00ed soubor pravidel \u010dasov\u00e1n\u00ed. Jakmile se tato pravidla nau\u010d\u00edte, m\u016f\u017eete snadno \u010dasovat zna\u010dn\u00fd po\u010det francouzsk\u00fdch sloves.<\/p>\n\n\n\n<h3 class=\"wp-block-heading\" id=\"h-3-the-partitive-article-du-de-la-and-de-l\">3. \u010clen partitivn\u00ed: du, de la a de l&#8216;<\/h3>\n\n\n\n<p>Pokud mluv\u00edte o \u010d\u00e1sti nebo neur\u010dit\u00e9m mno\u017estv\u00ed n\u011b\u010deho, mus\u00edte pou\u017e\u00edt partitivn\u00ed \u010dlen. \u010clen se m\u011bn\u00ed podle rodu podstatn\u00e9ho jm\u00e9na a podle toho, zda za\u010d\u00edn\u00e1 samohl\u00e1skou nebo souhl\u00e1skou. Pro podstatn\u00e1 jm\u00e9na mu\u017esk\u00e9ho rodu pou\u017eijte &#8222;du&#8220;, pro podstatn\u00e1 jm\u00e9na \u017eensk\u00e9ho rodu &#8222;de la&#8220; a pro podstatn\u00e1 jm\u00e9na za\u010d\u00ednaj\u00edc\u00ed samohl\u00e1skou nebo nezn\u011bl\u00fdm &#8222;h&#8220; pou\u017eijte &#8222;de l&#8220;.<\/p>\n\n\n\n<h3 class=\"wp-block-heading\" id=\"h-4-adjective-agreement-and-placement\">4. Shoda p\u0159\u00eddavn\u00fdch jmen a um\u00edst\u011bn\u00ed<\/h3>\n\n\n\n<p>Ve francouzsk\u00e9 gramatice mus\u00ed p\u0159\u00eddavn\u00e1 jm\u00e9na souhlasit s podstatn\u00fdm jm\u00e9nem, kter\u00e9 modifikuj\u00ed, pokud jde o rod a \u010d\u00edslo. \u010casto to znamen\u00e1, \u017ee k p\u0159\u00eddavn\u00e9mu jm\u00e9nu mus\u00edte p\u0159idat &#8222;e&#8220;, aby se stalo \u017eensk\u00fdm rodem, a &#8222;s&#8220;, aby se stalo mno\u017en\u00fdm \u010d\u00edslem. Krom\u011b toho p\u0159\u00eddavn\u00e1 jm\u00e9na obvykle n\u00e1sleduj\u00ed za podstatn\u00fdm jm\u00e9nem, kter\u00e9 modifikuj\u00ed, s ur\u010dit\u00fdmi v\u00fdjimkami u kr\u00e1tk\u00fdch a b\u011b\u017en\u00fdch p\u0159\u00eddavn\u00fdch jmen, jako jsou &#8222;beau&#8220;, &#8222;vieil&#8220; a &#8222;grand&#8220;.<\/p>\n\n\n\n<p>P\u0159\u00edklady:<br\/>&#8211; Un chat noir (\u010cern\u00e1 ko\u010dka)<br\/>&#8211; Une voiture noire (\u010cern\u00e9 auto)<br\/>&#8211; Deux chats noirs (Dv\u011b \u010dern\u00e9 ko\u010dky)<\/p>\n\n\n\n<h3 class=\"wp-block-heading\" id=\"h-5-passe-compose-past-tense-made-easy\">5. Passe Compose &#8211; Jednoduch\u00e9 pou\u017eit\u00ed minul\u00e9ho \u010dasu<\/h3>\n\n\n\n<p>I kdy\u017e existuje mnoho zp\u016fsob\u016f, jak vyj\u00e1d\u0159it minul\u00fd \u010das ve francouz\u0161tin\u011b, pass\u00e8 compos\u00e9 je jedn\u00edm z neju\u017eite\u010dn\u011bj\u0161\u00edch a nejsn\u00e1ze se u\u010d\u00ed. Pro vytvo\u0159en\u00ed <a href=\"https:\/\/talkpal.ai\/ar\/grammar_exercises\/passe-compose-%d8%aa%d9%85%d8%a7%d8%b1%d9%8a%d9%86-%d9%84%d9%84%d9%82%d9%88%d8%a7%d8%b9%d8%af-%d8%a7%d9%84%d9%81%d8%b1%d9%86%d8%b3%d9%8a%d8%a9\/\">pass\u00e9 compos\u00e9<\/a> pot\u0159ebujete p\u0159\u00edtomn\u00fd \u010das pomocn\u00e9ho slovesa &#8222;avoir&#8220; nebo &#8222;\u00eatre&#8220;, po kter\u00e9m n\u00e1sleduje minul\u00e9 p\u0159\u00ed\u010dest\u00ed hlavn\u00edho slovesa. V\u011bt\u0161ina sloves pou\u017e\u00edv\u00e1 jako pomocn\u00e9 slovo &#8222;avoir&#8220;, zat\u00edmco n\u011bkter\u00e1 slovesa, v\u011bt\u0161inou t\u00fdkaj\u00edc\u00ed se pohybu a zvratn\u00fdch sloves, pou\u017e\u00edvaj\u00ed &#8222;\u00eatre&#8220;.<\/p>\n\n\n\n<p>P\u0159\u00edklad:<br\/>&#8211; J&#8217;ai mang\u00e9 (jedl jsem)<br\/>&#8211; Nous sommes all\u00e9s (\u0160li jsme)<\/p>\n\n\n\n<h3 class=\"wp-block-heading\" id=\"h-6-engaging-with-the-language\">6. Zapojen\u00ed do jazyka<\/h3>\n\n\n\n<p>Jedn\u00edm z nejlep\u0161\u00edch zp\u016fsob\u016f, jak zlep\u0161it francouzskou gramatiku, je pravideln\u00e1 interakce s jazykem. A\u0165 u\u017e se jedn\u00e1 o \u010dten\u00ed francouzsk\u00fdch novin, sledov\u00e1n\u00ed francouzsk\u00fdch film\u016f nebo rozhovor s rodil\u00fdm mluv\u010d\u00edm, sezn\u00e1men\u00ed s jazykem v r\u016fzn\u00fdch kontextech v\u00e1m pom\u016f\u017ee upevnit znalosti gramatiky a roz\u0161\u00ed\u0159it slovn\u00ed z\u00e1sobu.<\/p>\n\n\n\n<h3 class=\"wp-block-heading\" id=\"h-conclusion\">Z\u00e1v\u011br<\/h3>\n\n\n\n<p>Zvl\u00e1dnut\u00ed francouzsk\u00e9 gramatiky se m\u016f\u017ee zd\u00e1t skli\u010duj\u00edc\u00ed, ale d\u016fsledn\u00fdm procvi\u010dov\u00e1n\u00edm a odhodl\u00e1n\u00edm se m\u016f\u017eete v tomto kr\u00e1sn\u00e9m jazyce nau\u010dit plynn\u011b. T\u00edm, \u017ee se zam\u011b\u0159\u00edte na v\u00fd\u0161e uveden\u00e1 z\u00e1kladn\u00ed pravidla a zapoj\u00edte se do jazyka v r\u016fzn\u00fdch kontextech, se va\u0161e znalosti francouzsk\u00e9 gramatiky rychle zlep\u0161\u00ed. Bonne \u0161anci na va\u0161\u00ed cest\u011b ke zvl\u00e1dnut\u00ed francouzsk\u00e9 gramatiky!<\/p>\n<\/div><\/div>\n\r\n<section class=\"learnNavigationSection\">\r\n            \r\n        <a href=\"https:\/\/talkpal.ai\/cs\/ucte-se-francouzsky\/\">\r\n            <div class=\"learnNavigationWrapper\">\r\n                <div class=\"learnNavigationContent\">\r\n                    <img decoding=\"async\" src=\"https:\/\/talkpal.ai\/wp-content\/uploads\/2024\/08\/French.jpg\" alt=\"French Flag\">\r\n                    <div>\r\n                        <h4>O v\u00fduce francouz\u0161tiny<\/h4>\r\n                        <p>Zjist\u011bte v\u0161e o francouzsk\u00e9 gramatice.<\/p>\r\n                    <\/div>\r\n                <\/div>\r\n            <\/div>\r\n        <\/a>\r\n\r\n        \r\n        <a href=\"https:\/\/talkpal.ai\/cs\/cviceni-na-francouzskou-gramatiku\/\">\r\n            <div class=\"learnNavigationWrapper\">\r\n                <div class=\"learnNavigationContent\">\r\n                    <img decoding=\"async\" src=\"https:\/\/talkpal.ai\/wp-content\/uploads\/2024\/08\/French.jpg\" alt=\"French Flag\">\r\n                    <div>\r\n                        <h4>Cvi\u010den\u00ed z francouzsk\u00e9 gramatiky<\/h4>\r\n                        <p>Procvi\u010dte si francouzskou gramatiku.<\/p>\r\n                    <\/div>\r\n                <\/div>\r\n            <\/div>\r\n        <\/a>\r\n\r\n        \r\n        <a href=\"https:\/\/talkpal.ai\/vocabulary_language\/french\/\">\r\n            <div class=\"learnNavigationWrapper\">\r\n                <div class=\"learnNavigationContent\">\r\n                    <img decoding=\"async\" src=\"https:\/\/talkpal.ai\/wp-content\/uploads\/2024\/08\/French.jpg\" alt=\"French Flag\">\r\n                    <div>\r\n                        <h4>Francouzsk\u00e1 slovn\u00ed z\u00e1soba<\/h4>\r\n                        <p>Roz\u0161i\u0159te svou francouzskou slovn\u00ed z\u00e1sobu.<\/p>\r\n                    <\/div>\r\n                <\/div>\r\n            <\/div>\r\n        <\/a>\r\n\r\n            <\/section>","protected":false},"excerpt":{"rendered":"<p>Pr\u016fvodce francouzskou gramatikou pro za\u010d\u00e1te\u010dn\u00edky Studium francouz\u0161tiny m\u016f\u017ee b\u00fdt vzru\u0161uj\u00edc\u00ed a obohacuj\u00edc\u00ed zku\u0161enost\u00ed. Zvl\u00e1dnut\u00ed francouzsk\u00e9 gramatiky v\u0161ak m\u016f\u017ee b\u00fdt n\u00e1ro\u010dn\u00e9, a to i pro ty, kte\u0159\u00ed ovl\u00e1daj\u00ed angli\u010dtinu. V tomto \u010dl\u00e1nku se budeme zab\u00fdvat n\u011bkter\u00fdmi z\u00e1kladn\u00edmi tipy francouzsk\u00e9 gramatiky, kter\u00e9 v\u00e1m pomohou zlep\u0161it va\u0161e jazykov\u00e9 dovednosti. Pokud se s t\u011bmito pravidly sezn\u00e1m\u00edte a budete je [&hellip;]<\/p>\n","protected":false},"author":1,"featured_media":75840,"parent":0,"menu_order":0,"comment_status":"closed","ping_status":"closed","template":"LearningContentPage.php","meta":{"_acf_changed":false,"footnotes":""},"class_list":["post-124250","page","type-page","status-publish","has-post-thumbnail","hentry"],"acf":[],"yoast_head":"<!-- This site is optimized with the Yoast SEO Premium plugin v27.2 (Yoast SEO v27.2) - https:\/\/yoast.com\/product\/yoast-seo-premium-wordpress\/ -->\n<title>Francouzsk\u00e1 gramatika - Talkpal<\/title>\n<meta name=\"description\" content=\"Osvojte si z\u00e1kladn\u00ed pojmy francouzsk\u00e9 gramatiky - slovesa, \u010dasov\u00e1n\u00ed, \u010dasy, podstatn\u00e1 jm\u00e9na, \u010dleny, p\u0159\u00eddavn\u00e1 jm\u00e9na, z\u00e1jmena a stavbu v\u011bty.\" \/>\n<meta name=\"robots\" content=\"index, follow, max-snippet:-1, max-image-preview:large, max-video-preview:-1\" \/>\n<link rel=\"canonical\" href=\"https:\/\/talkpal.ai\/cs\/francouzska-gramatika\/\" \/>\n<meta property=\"og:locale\" content=\"cs_CZ\" \/>\n<meta property=\"og:type\" content=\"article\" \/>\n<meta property=\"og:title\" content=\"Francouzsk\u00e1 gramatika\" \/>\n<meta property=\"og:description\" content=\"Pr\u016fvodce francouzskou gramatikou pro za\u010d\u00e1te\u010dn\u00edky Studium francouz\u0161tiny m\u016f\u017ee b\u00fdt vzru\u0161uj\u00edc\u00ed a obohacuj\u00edc\u00ed zku\u0161enost\u00ed. Zvl\u00e1dnut\u00ed francouzsk\u00e9 gramatiky v\u0161ak\" \/>\n<meta property=\"og:url\" content=\"https:\/\/talkpal.ai\/cs\/francouzska-gramatika\/\" \/>\n<meta property=\"og:site_name\" content=\"Talkpal\" \/>\n<meta property=\"article:publisher\" content=\"https:\/\/www.facebook.com\/profile.php?id=100090733639311\" \/>\n<meta property=\"article:modified_time\" content=\"2025-05-22T18:47:31+00:00\" \/>\n<meta property=\"og:image\" content=\"https:\/\/talkpal.ai\/wp-content\/uploads\/2023\/03\/france.png\" \/>\n\t<meta property=\"og:image:width\" content=\"512\" \/>\n\t<meta property=\"og:image:height\" content=\"512\" \/>\n\t<meta property=\"og:image:type\" content=\"image\/png\" \/>\n<meta name=\"twitter:card\" content=\"summary_large_image\" \/>\n<meta name=\"twitter:site\" content=\"@talkpalai\" \/>\n<meta name=\"twitter:label1\" content=\"Odhadovan\u00e1 doba \u010dten\u00ed\" \/>\n\t<meta name=\"twitter:data1\" content=\"4 minuty\" \/>\n<script type=\"application\/ld+json\" class=\"yoast-schema-graph\">{\"@context\":\"https:\/\/schema.org\",\"@graph\":[{\"@type\":\"WebPage\",\"@id\":\"https:\/\/talkpal.ai\/cs\/francouzska-gramatika\/\",\"url\":\"https:\/\/talkpal.ai\/cs\/francouzska-gramatika\/\",\"name\":\"Francouzsk\u00e1 gramatika - Talkpal\",\"isPartOf\":{\"@id\":\"https:\/\/talkpal.ai\/cs\/#website\"},\"primaryImageOfPage\":{\"@id\":\"https:\/\/talkpal.ai\/cs\/francouzska-gramatika\/#primaryimage\"},\"image\":{\"@id\":\"https:\/\/talkpal.ai\/cs\/francouzska-gramatika\/#primaryimage\"},\"thumbnailUrl\":\"https:\/\/talkpal.ai\/wp-content\/uploads\/2023\/03\/france.png\",\"datePublished\":\"2023-03-26T11:45:19+00:00\",\"dateModified\":\"2025-05-22T18:47:31+00:00\",\"description\":\"Osvojte si z\u00e1kladn\u00ed pojmy francouzsk\u00e9 gramatiky - slovesa, \u010dasov\u00e1n\u00ed, \u010dasy, podstatn\u00e1 jm\u00e9na, \u010dleny, p\u0159\u00eddavn\u00e1 jm\u00e9na, z\u00e1jmena a stavbu v\u011bty.\",\"breadcrumb\":{\"@id\":\"https:\/\/talkpal.ai\/cs\/francouzska-gramatika\/#breadcrumb\"},\"inLanguage\":\"cs\",\"potentialAction\":[{\"@type\":\"ReadAction\",\"target\":[\"https:\/\/talkpal.ai\/cs\/francouzska-gramatika\/\"]}]},{\"@type\":\"ImageObject\",\"inLanguage\":\"cs\",\"@id\":\"https:\/\/talkpal.ai\/cs\/francouzska-gramatika\/#primaryimage\",\"url\":\"https:\/\/talkpal.ai\/wp-content\/uploads\/2023\/03\/france.png\",\"contentUrl\":\"https:\/\/talkpal.ai\/wp-content\/uploads\/2023\/03\/france.png\",\"width\":512,\"height\":512,\"caption\":\"TalkPal AI learn French\"},{\"@type\":\"BreadcrumbList\",\"@id\":\"https:\/\/talkpal.ai\/cs\/francouzska-gramatika\/#breadcrumb\",\"itemListElement\":[{\"@type\":\"ListItem\",\"position\":1,\"name\":\"Homepage\",\"item\":\"https:\/\/talkpal.ai\/cs\/\"},{\"@type\":\"ListItem\",\"position\":2,\"name\":\"Francouzsk\u00e1 gramatika\"}]},{\"@type\":\"WebSite\",\"@id\":\"https:\/\/talkpal.ai\/cs\/#website\",\"url\":\"https:\/\/talkpal.ai\/cs\/\",\"name\":\"Talkpal\",\"description\":\"AI Language Learning\",\"publisher\":{\"@id\":\"https:\/\/talkpal.ai\/cs\/#organization\"},\"alternateName\":\"Talkpal AI\",\"potentialAction\":[{\"@type\":\"SearchAction\",\"target\":{\"@type\":\"EntryPoint\",\"urlTemplate\":\"https:\/\/talkpal.ai\/cs\/?s={search_term_string}\"},\"query-input\":{\"@type\":\"PropertyValueSpecification\",\"valueRequired\":true,\"valueName\":\"search_term_string\"}}],\"inLanguage\":\"cs\"},{\"@type\":\"Organization\",\"@id\":\"https:\/\/talkpal.ai\/cs\/#organization\",\"name\":\"Talkpal, Inc.\",\"alternateName\":\"Talkpal AI\",\"url\":\"https:\/\/talkpal.ai\/cs\/\",\"logo\":{\"@type\":\"ImageObject\",\"inLanguage\":\"cs\",\"@id\":\"https:\/\/talkpal.ai\/cs\/#\/schema\/logo\/image\/\",\"url\":\"https:\/\/talkpal.ai\/wp-content\/uploads\/2024\/03\/Talkpal-Logo-Icon.png\",\"contentUrl\":\"https:\/\/talkpal.ai\/wp-content\/uploads\/2024\/03\/Talkpal-Logo-Icon.png\",\"width\":2880,\"height\":2880,\"caption\":\"Talkpal, Inc.\"},\"image\":{\"@id\":\"https:\/\/talkpal.ai\/cs\/#\/schema\/logo\/image\/\"},\"sameAs\":[\"https:\/\/www.facebook.com\/profile.php?id=100090733639311\",\"https:\/\/x.com\/talkpalai\",\"https:\/\/www.linkedin.com\/company\/talkpal\/\",\"https:\/\/www.youtube.com\/@TalkPal\/\",\"https:\/\/www.tiktok.com\/@talkpal\",\"https:\/\/www.instagram.com\/talkpal_ai\/\",\"https:\/\/www.crunchbase.com\/organization\/talkpal-9cde\",\"https:\/\/www.g2.com\/products\/talkpal-for-business\/\",\"https:\/\/www.trustpilot.com\/review\/talkpal.ai\",\"https:\/\/www.capterra.com\/p\/10006800\/TalkPal\/\"],\"description\":\"Talkpal is a language learning web and mobile education app, powered by the latest AI technologies, that provides engaging experiences to its customers in many different languages to help them improve their language skills. Users can chat about unlimited amount of topics with the app and use other modes to practice their language learning.\",\"email\":\"support@talkpal.ai\",\"legalName\":\"Talkpal, Inc.\",\"foundingDate\":\"2023-04-03\",\"duns\":\"118989042\",\"numberOfEmployees\":{\"@type\":\"QuantitativeValue\",\"minValue\":\"11\",\"maxValue\":\"50\"},\"publishingPrinciples\":\"https:\/\/talkpal.ai\/publishing-principles\/\",\"actionableFeedbackPolicy\":\"https:\/\/talkpal.ai\/actionable-feedback-policy\/\",\"correctionsPolicy\":\"https:\/\/talkpal.ai\/corrections-policy\/\",\"ethicsPolicy\":\"https:\/\/talkpal.ai\/ethics-policy\/\",\"diversityPolicy\":\"https:\/\/talkpal.ai\/diversity-policy\/\",\"diversityStaffingReport\":\"https:\/\/talkpal.ai\/diversity-policy\/\"}]}<\/script>\n<!-- \/ Yoast SEO Premium plugin. -->","yoast_head_json":{"title":"Francouzsk\u00e1 gramatika - Talkpal","description":"Osvojte si z\u00e1kladn\u00ed pojmy francouzsk\u00e9 gramatiky - slovesa, \u010dasov\u00e1n\u00ed, \u010dasy, podstatn\u00e1 jm\u00e9na, \u010dleny, p\u0159\u00eddavn\u00e1 jm\u00e9na, z\u00e1jmena a stavbu v\u011bty.","robots":{"index":"index","follow":"follow","max-snippet":"max-snippet:-1","max-image-preview":"max-image-preview:large","max-video-preview":"max-video-preview:-1"},"canonical":"https:\/\/talkpal.ai\/cs\/francouzska-gramatika\/","og_locale":"cs_CZ","og_type":"article","og_title":"Francouzsk\u00e1 gramatika","og_description":"Pr\u016fvodce francouzskou gramatikou pro za\u010d\u00e1te\u010dn\u00edky Studium francouz\u0161tiny m\u016f\u017ee b\u00fdt vzru\u0161uj\u00edc\u00ed a obohacuj\u00edc\u00ed zku\u0161enost\u00ed. Zvl\u00e1dnut\u00ed francouzsk\u00e9 gramatiky v\u0161ak","og_url":"https:\/\/talkpal.ai\/cs\/francouzska-gramatika\/","og_site_name":"Talkpal","article_publisher":"https:\/\/www.facebook.com\/profile.php?id=100090733639311","article_modified_time":"2025-05-22T18:47:31+00:00","og_image":[{"width":512,"height":512,"url":"https:\/\/talkpal.ai\/wp-content\/uploads\/2023\/03\/france.png","type":"image\/png"}],"twitter_card":"summary_large_image","twitter_site":"@talkpalai","twitter_misc":{"Odhadovan\u00e1 doba \u010dten\u00ed":"4 minuty"},"schema":{"@context":"https:\/\/schema.org","@graph":[{"@type":"WebPage","@id":"https:\/\/talkpal.ai\/cs\/francouzska-gramatika\/","url":"https:\/\/talkpal.ai\/cs\/francouzska-gramatika\/","name":"Francouzsk\u00e1 gramatika - Talkpal","isPartOf":{"@id":"https:\/\/talkpal.ai\/cs\/#website"},"primaryImageOfPage":{"@id":"https:\/\/talkpal.ai\/cs\/francouzska-gramatika\/#primaryimage"},"image":{"@id":"https:\/\/talkpal.ai\/cs\/francouzska-gramatika\/#primaryimage"},"thumbnailUrl":"https:\/\/talkpal.ai\/wp-content\/uploads\/2023\/03\/france.png","datePublished":"2023-03-26T11:45:19+00:00","dateModified":"2025-05-22T18:47:31+00:00","description":"Osvojte si z\u00e1kladn\u00ed pojmy francouzsk\u00e9 gramatiky - slovesa, \u010dasov\u00e1n\u00ed, \u010dasy, podstatn\u00e1 jm\u00e9na, \u010dleny, p\u0159\u00eddavn\u00e1 jm\u00e9na, z\u00e1jmena a stavbu v\u011bty.","breadcrumb":{"@id":"https:\/\/talkpal.ai\/cs\/francouzska-gramatika\/#breadcrumb"},"inLanguage":"cs","potentialAction":[{"@type":"ReadAction","target":["https:\/\/talkpal.ai\/cs\/francouzska-gramatika\/"]}]},{"@type":"ImageObject","inLanguage":"cs","@id":"https:\/\/talkpal.ai\/cs\/francouzska-gramatika\/#primaryimage","url":"https:\/\/talkpal.ai\/wp-content\/uploads\/2023\/03\/france.png","contentUrl":"https:\/\/talkpal.ai\/wp-content\/uploads\/2023\/03\/france.png","width":512,"height":512,"caption":"TalkPal AI learn French"},{"@type":"BreadcrumbList","@id":"https:\/\/talkpal.ai\/cs\/francouzska-gramatika\/#breadcrumb","itemListElement":[{"@type":"ListItem","position":1,"name":"Homepage","item":"https:\/\/talkpal.ai\/cs\/"},{"@type":"ListItem","position":2,"name":"Francouzsk\u00e1 gramatika"}]},{"@type":"WebSite","@id":"https:\/\/talkpal.ai\/cs\/#website","url":"https:\/\/talkpal.ai\/cs\/","name":"Talkpal","description":"AI Language Learning","publisher":{"@id":"https:\/\/talkpal.ai\/cs\/#organization"},"alternateName":"Talkpal AI","potentialAction":[{"@type":"SearchAction","target":{"@type":"EntryPoint","urlTemplate":"https:\/\/talkpal.ai\/cs\/?s={search_term_string}"},"query-input":{"@type":"PropertyValueSpecification","valueRequired":true,"valueName":"search_term_string"}}],"inLanguage":"cs"},{"@type":"Organization","@id":"https:\/\/talkpal.ai\/cs\/#organization","name":"Talkpal, Inc.","alternateName":"Talkpal AI","url":"https:\/\/talkpal.ai\/cs\/","logo":{"@type":"ImageObject","inLanguage":"cs","@id":"https:\/\/talkpal.ai\/cs\/#\/schema\/logo\/image\/","url":"https:\/\/talkpal.ai\/wp-content\/uploads\/2024\/03\/Talkpal-Logo-Icon.png","contentUrl":"https:\/\/talkpal.ai\/wp-content\/uploads\/2024\/03\/Talkpal-Logo-Icon.png","width":2880,"height":2880,"caption":"Talkpal, Inc."},"image":{"@id":"https:\/\/talkpal.ai\/cs\/#\/schema\/logo\/image\/"},"sameAs":["https:\/\/www.facebook.com\/profile.php?id=100090733639311","https:\/\/x.com\/talkpalai","https:\/\/www.linkedin.com\/company\/talkpal\/","https:\/\/www.youtube.com\/@TalkPal\/","https:\/\/www.tiktok.com\/@talkpal","https:\/\/www.instagram.com\/talkpal_ai\/","https:\/\/www.crunchbase.com\/organization\/talkpal-9cde","https:\/\/www.g2.com\/products\/talkpal-for-business\/","https:\/\/www.trustpilot.com\/review\/talkpal.ai","https:\/\/www.capterra.com\/p\/10006800\/TalkPal\/"],"description":"Talkpal is a language learning web and mobile education app, powered by the latest AI technologies, that provides engaging experiences to its customers in many different languages to help them improve their language skills. Users can chat about unlimited amount of topics with the app and use other modes to practice their language learning.","email":"support@talkpal.ai","legalName":"Talkpal, Inc.","foundingDate":"2023-04-03","duns":"118989042","numberOfEmployees":{"@type":"QuantitativeValue","minValue":"11","maxValue":"50"},"publishingPrinciples":"https:\/\/talkpal.ai\/publishing-principles\/","actionableFeedbackPolicy":"https:\/\/talkpal.ai\/actionable-feedback-policy\/","correctionsPolicy":"https:\/\/talkpal.ai\/corrections-policy\/","ethicsPolicy":"https:\/\/talkpal.ai\/ethics-policy\/","diversityPolicy":"https:\/\/talkpal.ai\/diversity-policy\/","diversityStaffingReport":"https:\/\/talkpal.ai\/diversity-policy\/"}]}},"_links":{"self":[{"href":"https:\/\/talkpal.ai\/cs\/wp-json\/wp\/v2\/pages\/124250","targetHints":{"allow":["GET"]}}],"collection":[{"href":"https:\/\/talkpal.ai\/cs\/wp-json\/wp\/v2\/pages"}],"about":[{"href":"https:\/\/talkpal.ai\/cs\/wp-json\/wp\/v2\/types\/page"}],"author":[{"embeddable":true,"href":"https:\/\/talkpal.ai\/cs\/wp-json\/wp\/v2\/users\/1"}],"replies":[{"embeddable":true,"href":"https:\/\/talkpal.ai\/cs\/wp-json\/wp\/v2\/comments?post=124250"}],"version-history":[{"count":0,"href":"https:\/\/talkpal.ai\/cs\/wp-json\/wp\/v2\/pages\/124250\/revisions"}],"wp:featuredmedia":[{"embeddable":true,"href":"https:\/\/talkpal.ai\/cs\/wp-json\/wp\/v2\/media\/75840"}],"wp:attachment":[{"href":"https:\/\/talkpal.ai\/cs\/wp-json\/wp\/v2\/media?parent=124250"}],"curies":[{"name":"wp","href":"https:\/\/api.w.org\/{rel}","templated":true}]}}