{"id":91825,"date":"2023-03-25T16:57:06","date_gmt":"2023-03-25T16:57:06","guid":{"rendered":"http:\/\/talkpal.ai\/english-grammar\/"},"modified":"2025-05-22T19:28:00","modified_gmt":"2025-05-22T19:28:00","slug":"english-grammar","status":"publish","type":"page","link":"https:\/\/talkpal.ai\/bs\/english-grammar\/","title":{"rendered":"English Grammar"},"content":{"rendered":"\r\n\r\n\r\n<section class=\"languageChallengeSection\">\r\n    <div class=\"languageInfoWrapper\">\r\n        \r\n        <h1>English Grammar<\/h1>\r\n        <p>Spremni za po\u010detak u\u010denja engleskog jezika? Sa samo malo gramatike i nekoliko novih rije\u010di, uskoro \u0107ete mo\u0107i razgovarati i povezivati \u200b\u200bse s ljudima iz cijelog svijeta. Zaronite i u\u010dinimo u\u010denje engleskog jezika zabavnim i lakim &#8211; va\u0161e putovanje do te\u010dnog govora po\u010dinje danas!\n\n<\/p>\r\n\r\n                            <a class=\"getStartedHidden\" href=\"https:\/\/app.talkpal.ai\/signup?lng=\">Kreni<\/a>\r\n        \r\n    <\/div>\r\n\r\n    <figure>\r\n    <img decoding=\"async\" width=\"768\" height=\"768\" src=\"https:\/\/talkpal.ai\/wp-content\/uploads\/2023\/06\/English-768x768.png\" class=\"languageImage no-lazy\" alt=\"Language learning for improved multitasking\" fetchpriority=\"high\" sizes=\"(max-width: 768px) 150px, 768px\" srcset=\"https:\/\/talkpal.ai\/wp-content\/uploads\/2023\/06\/English-768x768.png 768w, https:\/\/talkpal.ai\/wp-content\/uploads\/2023\/06\/English-300x300.png 300w\" \/>\r\n    \r\n\r\n    <\/figure>\r\n\r\n            <a class=\"getStartedVisible\" href=\"https:\/\/app.talkpal.ai\/signup?lng=\">Kreni<\/a>\r\n    \r\n<\/section>\r\n<section class=\"promotionalBanner\">\r\n    <p class=\"promotionalText\">Najefikasniji na\u010din za u\u010denje jezika<\/p>\r\n    <a class=\"promotionalLink\" href=\"https:\/\/app.talkpal.ai\/signup?lng=\">Isprobajte Talkpal besplatno<\/a>\r\n<\/section>\n<div class=\"wp-block-group pageContainerStyle\"><div class=\"wp-block-group__inner-container is-layout-constrained wp-block-group-is-layout-constrained\">\n<h2 class=\"wp-block-heading\" id=\"h-the-importance-of-english-grammar-a-guide-to-mastering-the-rules-and-principles\">Va\u017enost engleske gramatike: vodi\u010d za savladavanje pravila i principa<\/h2>\n\n\n\n<p>S obzirom da je <a href=\"https:\/\/talkpal.ai\/learn-english-with-ai\/\">engleski<\/a> jedan od najistaknutijih jezika koji se govori \u0161irom svijeta, ne \u010dudi \u0161to ljudi \u017eele pobolj\u0161ati svoje te\u010dno znanje i vladanje njime. Jedan od klju\u010dnih aspekata savladavanja engleskog jezika je razumevanje njegove gramatike. Ali za\u0161to je <a href=\"https:\/\/talkpal.ai\/sq\/gramatika\/\">gramatika<\/a> toliko va\u017ena i kako je mo\u017eemo efikasno nau\u010diti? U ovom \u010dlanku \u0107emo uroniti u zna\u010daj engleske gramatike, razgovarati o njenim klju\u010dnim principima i podijeliti nekoliko korisnih savjeta za izo\u0161travanje va\u0161ih vje\u0161tina.<\/p>\n\n\n\n<h3 class=\"wp-block-heading\" id=\"h-the-role-of-grammar-in-the-english-language\">Uloga gramatike na engleskom jeziku:<\/h3>\n\n\n\n<p>Dakle, u \u010demu je velika stvar s gramatikom? U su\u0161tini, gramatika slu\u017ei kao gradivni blokovi svakog jezika \u2013 to je skup pravila i principa koji upravljaju na\u010dinom na koji koristimo rije\u010di da bismo formirali smislene re\u010denice. Pridr\u017eavaju\u0107i se ovih pravila, mo\u017eemo osigurati jasnu komunikaciju i izbje\u0107i nesporazume. Zamislite poku\u0161aj kuhanja obroka bez pra\u0107enja recepta \u2013 krajnji rezultat bi mogao biti neukusan! Isto tako, zanemarivanje gramatike u na\u0161em svakodnevnom govoru i pisanju mo\u017ee dovesti do konfuzije i pogre\u0161nog tuma\u010denja.<\/p>\n\n\n\n<h3 class=\"wp-block-heading\" id=\"h-key-principles-of-english-grammar\">Osnovni principi engleske gramatike:<\/h3>\n\n\n\n<p>Iako <a href=\"https:\/\/talkpal.ai\/english-grammar\/\">engleska gramatika<\/a> obuhvata \u0161irok spektar pravila, postoje neki klju\u010dni principi kojih treba da budete svesni:<\/p>\n\n\n\n<p><strong>Dijelovi govora:<\/strong> Ovo su uloge koje rije\u010di igraju u re\u010denici. Ovisno o njihovoj funkciji, rije\u010di se mogu klasificirati kao imenice, zamjenice, glagoli, pridjevi, prilozi, prijedlozi, veznici ili interjekcije.<\/p>\n\n\n\n<p><strong>Napetosti:<\/strong> Vremena ozna\u010davaju vrijeme djelovanja ili stanja postojanja. Oni su kategorizirani u pro\u0161lost, sada\u0161njost i budu\u0107nost, pri \u010demu svako vrijeme ima \u010detiri aspekta \u2013 jednostavno, progresivno, savr\u0161eno i savr\u0161eno progresivno.<\/p>\n\n\n\n<p><strong>3. Subjekt-glagol sporazum:<\/strong> U su\u0161tini, predmet (imenica ili zamjenica) i glagol u re\u010denici moraju se slo\u017eiti u broju \u2013 jednini ili mno\u017eini. Na primjer, \u201eOna \u010dita knjigu\u201c i \u201eOni \u010ditaju knjige\u201c su gramati\u010dki ispravni.<\/p>\n\n\n\n<p><strong>Struktura re\u010denice:<\/strong> Dobro strukturirana re\u010denica sastoji se od subjekta, glagola i, \u010desto, objekta. Re\u010denice mogu biti jednostavne (jedna nezavisna klauzula), slo\u017eene (dvije ili vi\u0161e nezavisnih klauzula) ili slo\u017eene (jedna nezavisna klauzula i jedna ili vi\u0161e zavisnih klauzula).<\/p>\n\n\n\n<p><strong>Interpunkcija:<\/strong> Znakovi interpunkcije, kao \u0161to su zarezi, periodi i ta\u010dke zarez, kriti\u010dni su u organizovanju i razja\u0161njavanju pisanog jezika. Pravilna interpunkcija osigurava da se va\u0161e ideje prenose precizno i koherentno.<\/p>\n\n\n\n<h3 class=\"wp-block-heading\" id=\"h-tips-to-improve-your-english-grammar\">Saveti za pobolj\u0161anje engleske gramatike:<\/h3>\n\n\n\n<p>Sada kada smo razgovarali o osnovama engleske gramatike, hajde da istra\u017eimo neke efikasne na\u010dine da usavr\u0161ite svoje ve\u0161tine:<\/p>\n\n\n\n<p><strong>1. redovno \u010ditati:<\/strong> \u010citanje je odli\u010dan na\u010din internalizacije odgovaraju\u0107e gramatike. \u0160to se vi\u0161e izla\u017eete dobro napisanim \u010dlancima, knjigama ili esejima, bolje \u0107ete shvatiti pravila i strukture.<\/p>\n\n\n\n<p><strong>Praksa pisanja:<\/strong> Redovno pisanje vam omogu\u0107ava da primenite svoje gramati\u010dko znanje i identifikujete oblasti u kojima vam je potrebno pobolj\u0161anje. Vodite dnevnik ili pokrenite <a href=\"https:\/\/talkpal.ai\/blog\/\">blog<\/a> kako biste razvili svoje ve\u0161tine pisanja.<\/p>\n\n\n\n<p><strong>Prou\u010dite gramati\u010dke resurse:<\/strong> Do\u010depajte se nekih uglednih gramati\u010dkih knjiga, web stranica ili <a href=\"https:\/\/talkpal.ai\/es\/descargar-la-aplicacion-talkpal-para-android-e-ios\/\">aplikacija<\/a> kako biste produbili svoje razumijevanje pravila. Redovno preispitivanje ovih materijala \u0107e vam pomo\u0107i da u\u010dvrstite svoje znanje.<\/p>\n\n\n\n<p><strong>4. potra\u017eite povratne informacije:<\/strong> Uklju\u010dite se sa drugima kako biste dobili konstruktivnu kritiku na svom pisanom i govornom engleskom jeziku. To mo\u017ee biti putem online foruma, grupa za razmjenu jezika ili prijatelja i kolega koji znaju engleski.<\/p>\n\n\n\n<p><strong>Budite strpljivi i uporni:<\/strong> <a href=\"https:\/\/talkpal.ai\/sl\/ucenje-grscine-najhitrejsi-vodic-za-zacetnike\/\">U\u010denje gramatike<\/a> je postepeni proces koji zahteva vreme i trud. Ostanite posve\u0107eni, nastavite da ve\u017ebate, i proslavite svoj napredak.<\/p>\n\n\n\n<h3 class=\"wp-block-heading\" id=\"h-conclusion\">Zaklju\u010dak:<\/h3>\n\n\n\n<p>Savladavanje engleske gramatike je klju\u010dna stepenica na putu ka te\u010dnosti. Razumijevanjem njegove va\u017enosti, upoznavanjem sa klju\u010dnim principima i aktivnom vje\u017ebom, uskoro \u0107ete razviti sna\u017eno poznavanje jezika. Zapamtite da Rim nije sagra\u0111en za jedan dan \u2013 zato budite strpljivi, zabavite se i u\u017eivajte u putovanju ka besprijekornoj gramatici!<\/p>\n<\/div><\/div>\n\r\n<section class=\"learnNavigationSection\">\r\n            \r\n        <a href=\"https:\/\/talkpal.ai\/bs\/uciti-engleski\/\">\r\n            <div class=\"learnNavigationWrapper\">\r\n                <div class=\"learnNavigationContent\">\r\n                    <img decoding=\"async\" src=\"https:\/\/talkpal.ai\/wp-content\/uploads\/2024\/08\/English.jpg\" alt=\"English Flag\">\r\n                    <div>\r\n                        <h4>O u\u010denju engleskog jezika<\/h4>\r\n                        <p>Saznajte sve o engleskoj gramatici.<\/p>\r\n                    <\/div>\r\n                <\/div>\r\n            <\/div>\r\n        <\/a>\r\n\r\n        \r\n        <a href=\"https:\/\/talkpal.ai\/bs\/vjezbe-engleske-gramatike\/\">\r\n            <div class=\"learnNavigationWrapper\">\r\n                <div class=\"learnNavigationContent\">\r\n                    <img decoding=\"async\" src=\"https:\/\/talkpal.ai\/wp-content\/uploads\/2024\/08\/English.jpg\" alt=\"English Flag\">\r\n                    <div>\r\n                        <h4>Vje\u017ebe engleske gramatike<\/h4>\r\n                        <p>Vje\u017ebajte englesku gramatiku.<\/p>\r\n                    <\/div>\r\n                <\/div>\r\n            <\/div>\r\n        <\/a>\r\n\r\n        \r\n        <a href=\"https:\/\/talkpal.ai\/vocabulary_language\/english\/\">\r\n            <div class=\"learnNavigationWrapper\">\r\n                <div class=\"learnNavigationContent\">\r\n                    <img decoding=\"async\" src=\"https:\/\/talkpal.ai\/wp-content\/uploads\/2024\/08\/English.jpg\" alt=\"English Flag\">\r\n                    <div>\r\n                        <h4>engleski vokabular<\/h4>\r\n                        <p>Pro\u0161irite svoj engleski vokabular.<\/p>\r\n                    <\/div>\r\n                <\/div>\r\n            <\/div>\r\n        <\/a>\r\n\r\n            <\/section>","protected":false},"excerpt":{"rendered":"<p>Va\u017enost engleske gramatike: vodi\u010d za savladavanje pravila i principa S obzirom da je engleski jedan od najistaknutijih jezika koji se govori \u0161irom svijeta, ne \u010dudi \u0161to ljudi \u017eele pobolj\u0161ati svoje te\u010dno znanje i vladanje njime. Jedan od klju\u010dnih aspekata savladavanja engleskog jezika je razumevanje njegove gramatike. Ali za\u0161to je gramatika toliko va\u017ena i kako je [&hellip;]<\/p>\n","protected":false},"author":1,"featured_media":70748,"parent":0,"menu_order":0,"comment_status":"closed","ping_status":"closed","template":"LearningContentPage.php","meta":{"_acf_changed":false,"footnotes":""},"class_list":["post-91825","page","type-page","status-publish","has-post-thumbnail","hentry"],"acf":[],"yoast_head":"<!-- This site is optimized with the Yoast SEO Premium plugin v27.2 (Yoast SEO v27.2) - https:\/\/yoast.com\/product\/yoast-seo-premium-wordpress\/ -->\n<title>English Grammar - Talkpal<\/title>\n<meta name=\"description\" content=\"Pobolj\u0161ajte svoje gramati\u010dke vje\u0161tine engleskog jezika bez napora uz Talkpal -ovu aplikaciju za u\u010denje jezika pokretanu umjetnom inteligencijom.\" \/>\n<meta name=\"robots\" content=\"index, follow, max-snippet:-1, max-image-preview:large, max-video-preview:-1\" \/>\n<link rel=\"canonical\" href=\"https:\/\/talkpal.ai\/bs\/english-grammar\/\" \/>\n<meta property=\"og:locale\" content=\"bs_BA\" \/>\n<meta property=\"og:type\" content=\"article\" \/>\n<meta property=\"og:title\" content=\"English Grammar\" \/>\n<meta property=\"og:description\" content=\"Va\u017enost engleske gramatike: vodi\u010d za savladavanje pravila i principa S obzirom da je engleski jedan od najistaknutijih jezika koji se govori \u0161irom\" \/>\n<meta property=\"og:url\" content=\"https:\/\/talkpal.ai\/bs\/english-grammar\/\" \/>\n<meta property=\"og:site_name\" content=\"Talkpal\" \/>\n<meta property=\"article:publisher\" content=\"https:\/\/www.facebook.com\/profile.php?id=100090733639311\" \/>\n<meta property=\"article:modified_time\" content=\"2025-05-22T19:28:00+00:00\" \/>\n<meta property=\"og:image\" content=\"https:\/\/talkpal.ai\/wp-content\/uploads\/2023\/03\/united-kingdom.png\" \/>\n\t<meta property=\"og:image:width\" content=\"512\" \/>\n\t<meta property=\"og:image:height\" content=\"512\" \/>\n\t<meta property=\"og:image:type\" content=\"image\/png\" \/>\n<meta name=\"twitter:card\" content=\"summary_large_image\" \/>\n<meta name=\"twitter:site\" content=\"@talkpalai\" \/>\n<meta name=\"twitter:label1\" content=\"Est. reading time\" \/>\n\t<meta name=\"twitter:data1\" content=\"3 minute\" \/>\n<script type=\"application\/ld+json\" class=\"yoast-schema-graph\">{\"@context\":\"https:\/\/schema.org\",\"@graph\":[{\"@type\":\"WebPage\",\"@id\":\"https:\/\/talkpal.ai\/bs\/english-grammar\/\",\"url\":\"https:\/\/talkpal.ai\/bs\/english-grammar\/\",\"name\":\"English Grammar - Talkpal\",\"isPartOf\":{\"@id\":\"https:\/\/talkpal.ai\/bs\/#website\"},\"primaryImageOfPage\":{\"@id\":\"https:\/\/talkpal.ai\/bs\/english-grammar\/#primaryimage\"},\"image\":{\"@id\":\"https:\/\/talkpal.ai\/bs\/english-grammar\/#primaryimage\"},\"thumbnailUrl\":\"https:\/\/talkpal.ai\/wp-content\/uploads\/2023\/03\/united-kingdom.png\",\"datePublished\":\"2023-03-25T16:57:06+00:00\",\"dateModified\":\"2025-05-22T19:28:00+00:00\",\"description\":\"Pobolj\u0161ajte svoje gramati\u010dke vje\u0161tine engleskog jezika bez napora uz Talkpal -ovu aplikaciju za u\u010denje jezika pokretanu umjetnom inteligencijom.\",\"breadcrumb\":{\"@id\":\"https:\/\/talkpal.ai\/bs\/english-grammar\/#breadcrumb\"},\"inLanguage\":\"bs-BA\",\"potentialAction\":[{\"@type\":\"ReadAction\",\"target\":[\"https:\/\/talkpal.ai\/bs\/english-grammar\/\"]}]},{\"@type\":\"ImageObject\",\"inLanguage\":\"bs-BA\",\"@id\":\"https:\/\/talkpal.ai\/bs\/english-grammar\/#primaryimage\",\"url\":\"https:\/\/talkpal.ai\/wp-content\/uploads\/2023\/03\/united-kingdom.png\",\"contentUrl\":\"https:\/\/talkpal.ai\/wp-content\/uploads\/2023\/03\/united-kingdom.png\",\"width\":512,\"height\":512,\"caption\":\"TalkPal AI learn English\"},{\"@type\":\"BreadcrumbList\",\"@id\":\"https:\/\/talkpal.ai\/bs\/english-grammar\/#breadcrumb\",\"itemListElement\":[{\"@type\":\"ListItem\",\"position\":1,\"name\":\"Homepage\",\"item\":\"https:\/\/talkpal.ai\/bs\/\"},{\"@type\":\"ListItem\",\"position\":2,\"name\":\"English Grammar\"}]},{\"@type\":\"WebSite\",\"@id\":\"https:\/\/talkpal.ai\/bs\/#website\",\"url\":\"https:\/\/talkpal.ai\/bs\/\",\"name\":\"Talkpal\",\"description\":\"AI Language Learning\",\"publisher\":{\"@id\":\"https:\/\/talkpal.ai\/bs\/#organization\"},\"alternateName\":\"Talkpal AI\",\"potentialAction\":[{\"@type\":\"SearchAction\",\"target\":{\"@type\":\"EntryPoint\",\"urlTemplate\":\"https:\/\/talkpal.ai\/bs\/?s={search_term_string}\"},\"query-input\":{\"@type\":\"PropertyValueSpecification\",\"valueRequired\":true,\"valueName\":\"search_term_string\"}}],\"inLanguage\":\"bs-BA\"},{\"@type\":\"Organization\",\"@id\":\"https:\/\/talkpal.ai\/bs\/#organization\",\"name\":\"Talkpal, Inc.\",\"alternateName\":\"Talkpal AI\",\"url\":\"https:\/\/talkpal.ai\/bs\/\",\"logo\":{\"@type\":\"ImageObject\",\"inLanguage\":\"bs-BA\",\"@id\":\"https:\/\/talkpal.ai\/bs\/#\/schema\/logo\/image\/\",\"url\":\"https:\/\/talkpal.ai\/wp-content\/uploads\/2024\/03\/Talkpal-Logo-Icon.png\",\"contentUrl\":\"https:\/\/talkpal.ai\/wp-content\/uploads\/2024\/03\/Talkpal-Logo-Icon.png\",\"width\":2880,\"height\":2880,\"caption\":\"Talkpal, Inc.\"},\"image\":{\"@id\":\"https:\/\/talkpal.ai\/bs\/#\/schema\/logo\/image\/\"},\"sameAs\":[\"https:\/\/www.facebook.com\/profile.php?id=100090733639311\",\"https:\/\/x.com\/talkpalai\",\"https:\/\/www.linkedin.com\/company\/talkpal\/\",\"https:\/\/www.youtube.com\/@TalkPal\/\",\"https:\/\/www.tiktok.com\/@talkpal\",\"https:\/\/www.instagram.com\/talkpal_ai\/\",\"https:\/\/www.crunchbase.com\/organization\/talkpal-9cde\",\"https:\/\/www.g2.com\/products\/talkpal-for-business\/\",\"https:\/\/www.trustpilot.com\/review\/talkpal.ai\",\"https:\/\/www.capterra.com\/p\/10006800\/TalkPal\/\"],\"description\":\"Talkpal is a language learning web and mobile education app, powered by the latest AI technologies, that provides engaging experiences to its customers in many different languages to help them improve their language skills. Users can chat about unlimited amount of topics with the app and use other modes to practice their language learning.\",\"email\":\"support@talkpal.ai\",\"legalName\":\"Talkpal, Inc.\",\"foundingDate\":\"2023-04-03\",\"duns\":\"118989042\",\"numberOfEmployees\":{\"@type\":\"QuantitativeValue\",\"minValue\":\"11\",\"maxValue\":\"50\"},\"publishingPrinciples\":\"https:\/\/talkpal.ai\/publishing-principles\/\",\"actionableFeedbackPolicy\":\"https:\/\/talkpal.ai\/actionable-feedback-policy\/\",\"correctionsPolicy\":\"https:\/\/talkpal.ai\/corrections-policy\/\",\"ethicsPolicy\":\"https:\/\/talkpal.ai\/ethics-policy\/\",\"diversityPolicy\":\"https:\/\/talkpal.ai\/diversity-policy\/\",\"diversityStaffingReport\":\"https:\/\/talkpal.ai\/diversity-policy\/\"}]}<\/script>\n<!-- \/ Yoast SEO Premium plugin. -->","yoast_head_json":{"title":"English Grammar - Talkpal","description":"Pobolj\u0161ajte svoje gramati\u010dke vje\u0161tine engleskog jezika bez napora uz Talkpal -ovu aplikaciju za u\u010denje jezika pokretanu umjetnom inteligencijom.","robots":{"index":"index","follow":"follow","max-snippet":"max-snippet:-1","max-image-preview":"max-image-preview:large","max-video-preview":"max-video-preview:-1"},"canonical":"https:\/\/talkpal.ai\/bs\/english-grammar\/","og_locale":"bs_BA","og_type":"article","og_title":"English Grammar","og_description":"Va\u017enost engleske gramatike: vodi\u010d za savladavanje pravila i principa S obzirom da je engleski jedan od najistaknutijih jezika koji se govori \u0161irom","og_url":"https:\/\/talkpal.ai\/bs\/english-grammar\/","og_site_name":"Talkpal","article_publisher":"https:\/\/www.facebook.com\/profile.php?id=100090733639311","article_modified_time":"2025-05-22T19:28:00+00:00","og_image":[{"width":512,"height":512,"url":"https:\/\/talkpal.ai\/wp-content\/uploads\/2023\/03\/united-kingdom.png","type":"image\/png"}],"twitter_card":"summary_large_image","twitter_site":"@talkpalai","twitter_misc":{"Est. reading time":"3 minute"},"schema":{"@context":"https:\/\/schema.org","@graph":[{"@type":"WebPage","@id":"https:\/\/talkpal.ai\/bs\/english-grammar\/","url":"https:\/\/talkpal.ai\/bs\/english-grammar\/","name":"English Grammar - Talkpal","isPartOf":{"@id":"https:\/\/talkpal.ai\/bs\/#website"},"primaryImageOfPage":{"@id":"https:\/\/talkpal.ai\/bs\/english-grammar\/#primaryimage"},"image":{"@id":"https:\/\/talkpal.ai\/bs\/english-grammar\/#primaryimage"},"thumbnailUrl":"https:\/\/talkpal.ai\/wp-content\/uploads\/2023\/03\/united-kingdom.png","datePublished":"2023-03-25T16:57:06+00:00","dateModified":"2025-05-22T19:28:00+00:00","description":"Pobolj\u0161ajte svoje gramati\u010dke vje\u0161tine engleskog jezika bez napora uz Talkpal -ovu aplikaciju za u\u010denje jezika pokretanu umjetnom inteligencijom.","breadcrumb":{"@id":"https:\/\/talkpal.ai\/bs\/english-grammar\/#breadcrumb"},"inLanguage":"bs-BA","potentialAction":[{"@type":"ReadAction","target":["https:\/\/talkpal.ai\/bs\/english-grammar\/"]}]},{"@type":"ImageObject","inLanguage":"bs-BA","@id":"https:\/\/talkpal.ai\/bs\/english-grammar\/#primaryimage","url":"https:\/\/talkpal.ai\/wp-content\/uploads\/2023\/03\/united-kingdom.png","contentUrl":"https:\/\/talkpal.ai\/wp-content\/uploads\/2023\/03\/united-kingdom.png","width":512,"height":512,"caption":"TalkPal AI learn English"},{"@type":"BreadcrumbList","@id":"https:\/\/talkpal.ai\/bs\/english-grammar\/#breadcrumb","itemListElement":[{"@type":"ListItem","position":1,"name":"Homepage","item":"https:\/\/talkpal.ai\/bs\/"},{"@type":"ListItem","position":2,"name":"English Grammar"}]},{"@type":"WebSite","@id":"https:\/\/talkpal.ai\/bs\/#website","url":"https:\/\/talkpal.ai\/bs\/","name":"Talkpal","description":"AI Language Learning","publisher":{"@id":"https:\/\/talkpal.ai\/bs\/#organization"},"alternateName":"Talkpal AI","potentialAction":[{"@type":"SearchAction","target":{"@type":"EntryPoint","urlTemplate":"https:\/\/talkpal.ai\/bs\/?s={search_term_string}"},"query-input":{"@type":"PropertyValueSpecification","valueRequired":true,"valueName":"search_term_string"}}],"inLanguage":"bs-BA"},{"@type":"Organization","@id":"https:\/\/talkpal.ai\/bs\/#organization","name":"Talkpal, Inc.","alternateName":"Talkpal AI","url":"https:\/\/talkpal.ai\/bs\/","logo":{"@type":"ImageObject","inLanguage":"bs-BA","@id":"https:\/\/talkpal.ai\/bs\/#\/schema\/logo\/image\/","url":"https:\/\/talkpal.ai\/wp-content\/uploads\/2024\/03\/Talkpal-Logo-Icon.png","contentUrl":"https:\/\/talkpal.ai\/wp-content\/uploads\/2024\/03\/Talkpal-Logo-Icon.png","width":2880,"height":2880,"caption":"Talkpal, Inc."},"image":{"@id":"https:\/\/talkpal.ai\/bs\/#\/schema\/logo\/image\/"},"sameAs":["https:\/\/www.facebook.com\/profile.php?id=100090733639311","https:\/\/x.com\/talkpalai","https:\/\/www.linkedin.com\/company\/talkpal\/","https:\/\/www.youtube.com\/@TalkPal\/","https:\/\/www.tiktok.com\/@talkpal","https:\/\/www.instagram.com\/talkpal_ai\/","https:\/\/www.crunchbase.com\/organization\/talkpal-9cde","https:\/\/www.g2.com\/products\/talkpal-for-business\/","https:\/\/www.trustpilot.com\/review\/talkpal.ai","https:\/\/www.capterra.com\/p\/10006800\/TalkPal\/"],"description":"Talkpal is a language learning web and mobile education app, powered by the latest AI technologies, that provides engaging experiences to its customers in many different languages to help them improve their language skills. Users can chat about unlimited amount of topics with the app and use other modes to practice their language learning.","email":"support@talkpal.ai","legalName":"Talkpal, Inc.","foundingDate":"2023-04-03","duns":"118989042","numberOfEmployees":{"@type":"QuantitativeValue","minValue":"11","maxValue":"50"},"publishingPrinciples":"https:\/\/talkpal.ai\/publishing-principles\/","actionableFeedbackPolicy":"https:\/\/talkpal.ai\/actionable-feedback-policy\/","correctionsPolicy":"https:\/\/talkpal.ai\/corrections-policy\/","ethicsPolicy":"https:\/\/talkpal.ai\/ethics-policy\/","diversityPolicy":"https:\/\/talkpal.ai\/diversity-policy\/","diversityStaffingReport":"https:\/\/talkpal.ai\/diversity-policy\/"}]}},"_links":{"self":[{"href":"https:\/\/talkpal.ai\/bs\/wp-json\/wp\/v2\/pages\/91825","targetHints":{"allow":["GET"]}}],"collection":[{"href":"https:\/\/talkpal.ai\/bs\/wp-json\/wp\/v2\/pages"}],"about":[{"href":"https:\/\/talkpal.ai\/bs\/wp-json\/wp\/v2\/types\/page"}],"author":[{"embeddable":true,"href":"https:\/\/talkpal.ai\/bs\/wp-json\/wp\/v2\/users\/1"}],"replies":[{"embeddable":true,"href":"https:\/\/talkpal.ai\/bs\/wp-json\/wp\/v2\/comments?post=91825"}],"version-history":[{"count":0,"href":"https:\/\/talkpal.ai\/bs\/wp-json\/wp\/v2\/pages\/91825\/revisions"}],"wp:featuredmedia":[{"embeddable":true,"href":"https:\/\/talkpal.ai\/bs\/wp-json\/wp\/v2\/media\/70748"}],"wp:attachment":[{"href":"https:\/\/talkpal.ai\/bs\/wp-json\/wp\/v2\/media?parent=91825"}],"curies":[{"name":"wp","href":"https:\/\/api.w.org\/{rel}","templated":true}]}}