{"id":74925,"date":"2023-05-14T14:00:03","date_gmt":"2023-05-14T14:00:03","guid":{"rendered":"http:\/\/talkpal.ai\/bosanska-gramatika\/"},"modified":"2025-05-22T14:42:01","modified_gmt":"2025-05-22T14:42:01","slug":"bosanska-gramatika","status":"publish","type":"page","link":"https:\/\/talkpal.ai\/bs\/bosanska-gramatika\/","title":{"rendered":"bosanska gramatika"},"content":{"rendered":"\r\n\r\n\r\n<section class=\"languageChallengeSection\">\r\n    <div class=\"languageInfoWrapper\">\r\n        \r\n        <h1>bosanska gramatika<\/h1>\r\n        <p>Otkrijte bogati i ekspresivni svijet bosanskog jezika savladavaju\u0107i njegove gramati\u010dke osnove. Dobro poznavanje bosanske gramatike pomo\u0107i \u0107e vam da samouvjereno komunicirate i dublje cijenite kulturu. Po\u010dnite u\u010diti bosansku gramatiku ve\u0107 danas i napravite prvi korak ka te\u010dnom govoru!<\/p>\r\n\r\n                            <a class=\"getStartedHidden\" href=\"https:\/\/app.talkpal.ai\/signup?lng=\">Kreni<\/a>\r\n        \r\n    <\/div>\r\n\r\n    <figure>\r\n    <img decoding=\"async\" width=\"768\" height=\"768\" src=\"https:\/\/talkpal.ai\/wp-content\/uploads\/2023\/06\/bosinian-768x768.png\" class=\"languageImage no-lazy\" alt=\"Language learning for increasing employability\" fetchpriority=\"high\" sizes=\"(max-width: 768px) 150px, 768px\" srcset=\"https:\/\/talkpal.ai\/wp-content\/uploads\/2023\/06\/bosinian-768x768.png 768w, https:\/\/talkpal.ai\/wp-content\/uploads\/2023\/06\/bosinian-300x300.png 300w\" \/>\r\n    \r\n\r\n    <\/figure>\r\n\r\n            <a class=\"getStartedVisible\" href=\"https:\/\/app.talkpal.ai\/signup?lng=\">Kreni<\/a>\r\n    \r\n<\/section>\r\n<section class=\"promotionalBanner\">\r\n    <p class=\"promotionalText\">Najefikasniji na\u010din za u\u010denje jezika<\/p>\r\n    <a class=\"promotionalLink\" href=\"https:\/\/app.talkpal.ai\/signup?lng=\">Isprobajte Talkpal besplatno<\/a>\r\n<\/section>\n<div class=\"wp-block-group pageContainerStyle\"><div class=\"wp-block-group__inner-container is-layout-constrained wp-block-group-is-layout-constrained\">\n<h2 class=\"wp-block-heading\" id=\"h-bosnian-grammar-a-guide-to-understanding-its-unique-features\">Bosanska gramatika: vodi\u010d za razumijevanje njenih jedinstvenih karakteristika<\/h2>\n\n\n\n<p><a href=\"https:\/\/talkpal.ai\/culture\/what-is-the-difference-between-da-li-and-je-li-in-forming-questions\/\">Da li<\/a> <a href=\"https:\/\/talkpal.ai\/learn-bosnian\/\">u\u010dite bosanski<\/a> i <a href=\"https:\/\/talkpal.ai\/culture\/what-is-the-difference-between-da-li-and-je-li-in-forming-questions\/\">da li<\/a> ste zbunjeni gramatikom jezika? Ne boj se! U ovom \u010dlanku \u0107emo zaroniti u misterije bosanske gramatike i pomo\u0107i vam da shvatite njene jedinstvene karakteristike, a da pritom ostane jednostavna i zanimljiva. Da li ste spremni da krenete na ovo uzbudljivo lingvisti\u010dko putovanje? Hajde da po\u010dnemo!<\/p>\n\n\n\n<h3 class=\"wp-block-heading\" id=\"h-the-fundamentals-nouns-and-pronouns\">Osnovni principi: imenice i zamjenice<\/h3>\n\n\n\n<p>Prvo, bitno je znati da <a href=\"https:\/\/talkpal.ai\/learn-bosnian\/\">bosanski<\/a>, kao i drugi <a href=\"https:\/\/talkpal.ai\/learn-slovenian\/\">slovenski<\/a> jezici, ima tri gramati\u010dka roda: mu\u0161ki, \u017eenski i srednji. Kako mo\u017ee\u0161 znati kojem spolu imenica pripada? To je lako! Sve je u vezi kraja. Evo kratkog vodi\u010da:<\/p>\n\n\n\n<p><strong>\u2013 Imenice mu\u0161kog roda obi\u010dno zavr\u0161avaju na suglasnik,<\/strong><\/p>\n\n\n\n<p><strong>\u2013 Imenice \u017eenskog roda obi\u010dno zavr\u0161avaju na -a,<\/strong><\/p>\n\n\n\n<p><strong>\u2013 Imenice srednjeg roda naj\u010de\u0161\u0107e zavr\u0161avaju na -o ili -e.<\/strong><\/p>\n\n\n\n<p>Imajte na umu da su ovo op\u0161ta pravila i da mo\u017eda postoje izuzeci. Hajde sada da pri\u010damo o zamenicama. Li\u010dne zamjenice u bosanskom jeziku mijenjaju se prema rodu, broju (jednina ili mno\u017eina) i pade\u017eu (vi\u0161e o pade\u017eima kasnije). U bosanskom jeziku postoji sedam li\u010dnih zamjenica: ja (I), ti (ti, jednina\/neformalna), na (he), ona (ona), <a href=\"https:\/\/talkpal.ai\/locations\/language-courses-in-ono\/\">ono<\/a> (it), mi (mi) i vi (ti, mno\u017eina\/formalna). Zapamtite da bosanski ima i neformalni i formalni na\u010din obra\u0107anja ljudima \u2013 pa se pobrinite da koristite pravu zamjenicu kada razgovarate s nekim!<\/p>\n\n\n\n<h3 class=\"wp-block-heading\" id=\"h-next-up-verb-conjugation\">Oznaka: konjugacija glagola<\/h3>\n\n\n\n<p>Glagoli su okosnica bilo kojeg jezika, a ni bosanski se ne razlikuje. Bosanski glagoli imaju dva glavna konjugacijska obrasca: jedan za glagole koji zavr\u0161avaju na -ti (prva konjugacija) i drugi za one koji zavr\u0161avaju na -\u0107i (druga konjugacija). U oba slu\u010daja, zavr\u0161eci glagola se mijenjaju na osnovu spola, broja i vremena subjekta.<\/p>\n\n\n\n<p>Govore\u0107i o vremenima, bosanski ima tri jednostavna vremena: sada\u0161njost, pro\u0161lost i budu\u0107nost. Sada\u0161nje vrijeme nastaje dodavanjem specifi\u010dnih zavr\u0161etaka glagolskoj stabljici. Pro\u0161lo vrijeme se, s druge strane, formira pomo\u0107u pomo\u0107nog glagola \u201cbiti\u201d (biti) u infinitivu \u201cbio\u201d i participa pro\u0161log. Kona\u010dno, budu\u0107e vrijeme nastaje kombinacijom pomo\u0107nog glagola \u201chtjeti\u201d (htjeti) i infinitiva glavnog glagola.<\/p>\n\n\n\n<h3 class=\"wp-block-heading\" id=\"h-the-magic-of-cases\">Magija slu\u010dajeva<\/h3>\n\n\n\n<p><a href=\"https:\/\/talkpal.ai\/bosnian-grammar\/\">Bosanska gramatika<\/a> koristi sistem slu\u010daja, \u0161to zna\u010di da imenice, zamjenice, pridjevi, a ponekad \u010dak i glagoli mijenjaju svoje oblike prema svojoj funkciji u re\u010denici. U bosanskom jeziku postoji sedam slu\u010dajeva: nominativ, genitiv, dativ, akuzativ, vokativ, instrumental i lokativ.<\/p>\n\n\n\n<p>Ne dozvolite da vas ovi uslovi zastra\u0161e! To je samo stvar prakse. Svaki slu\u010daj ima odre\u0111enu svrhu i odgovara na konkretna pitanja:<\/p>\n\n\n\n<p><strong>1. nominativno:<\/strong> predmet re\u010denice. Ko ili \u0161ta radi akciju?<\/p>\n\n\n\n<p><strong>Genitiv:<\/strong> ozna\u010dava posjedovanje, porijeklo ili dio ne\u010dega. \u010ciji ili \u0161ta?<\/p>\n\n\n\n<p><strong>3. Dative:<\/strong> Indirektni objekt \u2013 kome ili za <a href=\"https:\/\/talkpal.ai\/locations\/language-courses-in-koga-2\/\">koga<\/a> je ne\u0161to dato ili u\u010dinjeno?<\/p>\n\n\n\n<p><strong>4. Akuzativ:<\/strong> Direktni objekt \u2013 tko ili \u0161to prima akciju?<\/p>\n\n\n\n<p><strong>5. Vokativ:<\/strong> Koristi se za obra\u0107anje nekome ili ne\u010demu direktno \u2013 Hej, ti!<\/p>\n\n\n\n<p><strong>6. Instrumental:<\/strong> Predstavlja sredstva ili metodu djelovanja \u2013 s \u010dime ili od koga?<\/p>\n\n\n\n<p><strong>7. Lokativ:<\/strong> Demonstrira lokaciju ili polo\u017eaj ne\u010dega \u2013 gdje ili na \u010demu?<\/p>\n\n\n\n<h3 class=\"wp-block-heading\" id=\"h-loving-the-adjectives\">Love Your Adjectives<\/h3>\n\n\n\n<p>Pridjevi na bosanskom jeziku sla\u017eu se sa imenicom koju mijenjaju u pogledu spola, broja i slu\u010daja. To zna\u010di da pridjevi, ba\u0161 kao i imenice i zamjenice, imaju razli\u010dite oblike ovisno o imenici koju opisuju.<\/p>\n\n\n\n<p>Na primjer, ako \u017eelite da ka\u017eete \u201cvelika ku\u0107a\u201d na bosanskom (\u0161to je imenica \u017eenskog roda), rekli biste \u201cvelika ku\u0107a\u201d. Me\u0111utim, ako govorite o \u201cvelikom autu\u201d (imenica mu\u0161kog roda), rekli biste \u201cveliki auto\u201d.<\/p>\n\n\n\n<h3 class=\"wp-block-heading\" id=\"h-final-thoughts\">Zavr\u0161ne misli<\/h3>\n\n\n\n<p>Bosanska gramatika, sa svojim rodom, slu\u010dajevima i konjugacijom glagola, u po\u010detku mo\u017ee izgledati slo\u017eeno, ali zapamtite: praksa \u010dini savr\u0161enim! Sve je u razumijevanju sistema i kori\u0161tenju u stvarnim situacijama. Budite strpljivi, nastavite da vje\u017ebate i uskoro \u0107ete shvatiti da savladavate prelijepi bosanski jezik. Sretno! (Sretno!)<\/p>\n<\/div><\/div>\n\r\n<section class=\"learnNavigationSection\">\r\n            \r\n        <a href=\"https:\/\/talkpal.ai\/bs\/nauci-bosanski\/\">\r\n            <div class=\"learnNavigationWrapper\">\r\n                <div class=\"learnNavigationContent\">\r\n                    <img decoding=\"async\" src=\"https:\/\/talkpal.ai\/wp-content\/uploads\/2024\/08\/Bosnian.jpg\" alt=\"Bosnian Flag\">\r\n                    <div>\r\n                        <h4>O bosanskom u\u010denju<\/h4>\r\n                        <p>Saznajte sve o bosanskoj gramatici.<\/p>\r\n                    <\/div>\r\n                <\/div>\r\n            <\/div>\r\n        <\/a>\r\n\r\n        \r\n        <a href=\"https:\/\/talkpal.ai\/bs\/vjezbe-iz-bosanske-gramatike\/\">\r\n            <div class=\"learnNavigationWrapper\">\r\n                <div class=\"learnNavigationContent\">\r\n                    <img decoding=\"async\" src=\"https:\/\/talkpal.ai\/wp-content\/uploads\/2024\/08\/Bosnian.jpg\" alt=\"Bosnian Flag\">\r\n                    <div>\r\n                        <h4>Vje\u017eba iz bosanske gramatike<\/h4>\r\n                        <p>Vje\u017ebajte bosansku gramatiku.<\/p>\r\n                    <\/div>\r\n                <\/div>\r\n            <\/div>\r\n        <\/a>\r\n\r\n        \r\n        <a href=\"https:\/\/talkpal.ai\/vocabulary_language\/bosnian\/\">\r\n            <div class=\"learnNavigationWrapper\">\r\n                <div class=\"learnNavigationContent\">\r\n                    <img decoding=\"async\" src=\"https:\/\/talkpal.ai\/wp-content\/uploads\/2024\/08\/Bosnian.jpg\" alt=\"Bosnian Flag\">\r\n                    <div>\r\n                        <h4>Bosanski vokabular<\/h4>\r\n                        <p>Pro\u0161irite svoj bosanski vokabular.<\/p>\r\n                    <\/div>\r\n                <\/div>\r\n            <\/div>\r\n        <\/a>\r\n\r\n            <\/section>","protected":false},"excerpt":{"rendered":"<p>Bosanska gramatika: vodi\u010d za razumijevanje njenih jedinstvenih karakteristika Da li u\u010dite bosanski i da li ste zbunjeni gramatikom jezika? Ne boj se! U ovom \u010dlanku \u0107emo zaroniti u misterije bosanske gramatike i pomo\u0107i vam da shvatite njene jedinstvene karakteristike, a da pritom ostane jednostavna i zanimljiva. Da li ste spremni da krenete na ovo uzbudljivo [&hellip;]<\/p>\n","protected":false},"author":1,"featured_media":71574,"parent":0,"menu_order":0,"comment_status":"closed","ping_status":"closed","template":"LearningContentPage.php","meta":{"_acf_changed":false,"footnotes":""},"class_list":["post-74925","page","type-page","status-publish","has-post-thumbnail","hentry"],"acf":[],"yoast_head":"<!-- This site is optimized with the Yoast SEO Premium plugin v27.2 (Yoast SEO v27.2) - https:\/\/yoast.com\/product\/yoast-seo-premium-wordpress\/ -->\n<title>bosanska gramatika - Talkpal<\/title>\n<meta name=\"description\" content=\"Savladajte gramatiku bosanskog jezika bez napora uz Talkpal , va\u0161eg tutora jezika pokretanog umjetnom inteligencijom. Otkrijte jednostavna obja\u0161njenja, prakti\u010dne savjete i interaktivne vje\u017ebe!\" \/>\n<meta name=\"robots\" content=\"index, follow, max-snippet:-1, max-image-preview:large, max-video-preview:-1\" \/>\n<link rel=\"canonical\" href=\"https:\/\/talkpal.ai\/bs\/bosanska-gramatika\/\" \/>\n<meta property=\"og:locale\" content=\"bs_BA\" \/>\n<meta property=\"og:type\" content=\"article\" \/>\n<meta property=\"og:title\" content=\"bosanska gramatika\" \/>\n<meta property=\"og:description\" content=\"Bosanska gramatika: vodi\u010d za razumijevanje njenih jedinstvenih karakteristika Da li u\u010dite bosanski i da li ste zbunjeni gramatikom jezika? Ne boj se! U\" \/>\n<meta property=\"og:url\" content=\"https:\/\/talkpal.ai\/bs\/bosanska-gramatika\/\" \/>\n<meta property=\"og:site_name\" content=\"Talkpal\" \/>\n<meta property=\"article:publisher\" content=\"https:\/\/www.facebook.com\/profile.php?id=100090733639311\" \/>\n<meta property=\"article:modified_time\" content=\"2025-05-22T14:42:01+00:00\" \/>\n<meta property=\"og:image\" content=\"https:\/\/talkpal.ai\/wp-content\/uploads\/2023\/05\/bosnia-and-herzegovina.png\" \/>\n\t<meta property=\"og:image:width\" content=\"512\" \/>\n\t<meta property=\"og:image:height\" content=\"512\" \/>\n\t<meta property=\"og:image:type\" content=\"image\/png\" \/>\n<meta name=\"twitter:card\" content=\"summary_large_image\" \/>\n<meta name=\"twitter:site\" content=\"@talkpalai\" \/>\n<meta name=\"twitter:label1\" content=\"Est. reading time\" \/>\n\t<meta name=\"twitter:data1\" content=\"3 minute\" \/>\n<script type=\"application\/ld+json\" class=\"yoast-schema-graph\">{\"@context\":\"https:\/\/schema.org\",\"@graph\":[{\"@type\":\"WebPage\",\"@id\":\"https:\/\/talkpal.ai\/bs\/bosanska-gramatika\/\",\"url\":\"https:\/\/talkpal.ai\/bs\/bosanska-gramatika\/\",\"name\":\"bosanska gramatika - Talkpal\",\"isPartOf\":{\"@id\":\"https:\/\/talkpal.ai\/bs\/#website\"},\"primaryImageOfPage\":{\"@id\":\"https:\/\/talkpal.ai\/bs\/bosanska-gramatika\/#primaryimage\"},\"image\":{\"@id\":\"https:\/\/talkpal.ai\/bs\/bosanska-gramatika\/#primaryimage\"},\"thumbnailUrl\":\"https:\/\/talkpal.ai\/wp-content\/uploads\/2023\/05\/bosnia-and-herzegovina.png\",\"datePublished\":\"2023-05-14T14:00:03+00:00\",\"dateModified\":\"2025-05-22T14:42:01+00:00\",\"description\":\"Savladajte gramatiku bosanskog jezika bez napora uz Talkpal , va\u0161eg tutora jezika pokretanog umjetnom inteligencijom. Otkrijte jednostavna obja\u0161njenja, prakti\u010dne savjete i interaktivne vje\u017ebe!\",\"breadcrumb\":{\"@id\":\"https:\/\/talkpal.ai\/bs\/bosanska-gramatika\/#breadcrumb\"},\"inLanguage\":\"bs-BA\",\"potentialAction\":[{\"@type\":\"ReadAction\",\"target\":[\"https:\/\/talkpal.ai\/bs\/bosanska-gramatika\/\"]}]},{\"@type\":\"ImageObject\",\"inLanguage\":\"bs-BA\",\"@id\":\"https:\/\/talkpal.ai\/bs\/bosanska-gramatika\/#primaryimage\",\"url\":\"https:\/\/talkpal.ai\/wp-content\/uploads\/2023\/05\/bosnia-and-herzegovina.png\",\"contentUrl\":\"https:\/\/talkpal.ai\/wp-content\/uploads\/2023\/05\/bosnia-and-herzegovina.png\",\"width\":512,\"height\":512},{\"@type\":\"BreadcrumbList\",\"@id\":\"https:\/\/talkpal.ai\/bs\/bosanska-gramatika\/#breadcrumb\",\"itemListElement\":[{\"@type\":\"ListItem\",\"position\":1,\"name\":\"Homepage\",\"item\":\"https:\/\/talkpal.ai\/bs\/\"},{\"@type\":\"ListItem\",\"position\":2,\"name\":\"bosanska gramatika\"}]},{\"@type\":\"WebSite\",\"@id\":\"https:\/\/talkpal.ai\/bs\/#website\",\"url\":\"https:\/\/talkpal.ai\/bs\/\",\"name\":\"Talkpal\",\"description\":\"AI Language Learning\",\"publisher\":{\"@id\":\"https:\/\/talkpal.ai\/bs\/#organization\"},\"alternateName\":\"Talkpal AI\",\"potentialAction\":[{\"@type\":\"SearchAction\",\"target\":{\"@type\":\"EntryPoint\",\"urlTemplate\":\"https:\/\/talkpal.ai\/bs\/?s={search_term_string}\"},\"query-input\":{\"@type\":\"PropertyValueSpecification\",\"valueRequired\":true,\"valueName\":\"search_term_string\"}}],\"inLanguage\":\"bs-BA\"},{\"@type\":\"Organization\",\"@id\":\"https:\/\/talkpal.ai\/bs\/#organization\",\"name\":\"Talkpal, Inc.\",\"alternateName\":\"Talkpal AI\",\"url\":\"https:\/\/talkpal.ai\/bs\/\",\"logo\":{\"@type\":\"ImageObject\",\"inLanguage\":\"bs-BA\",\"@id\":\"https:\/\/talkpal.ai\/bs\/#\/schema\/logo\/image\/\",\"url\":\"https:\/\/talkpal.ai\/wp-content\/uploads\/2024\/03\/Talkpal-Logo-Icon.png\",\"contentUrl\":\"https:\/\/talkpal.ai\/wp-content\/uploads\/2024\/03\/Talkpal-Logo-Icon.png\",\"width\":2880,\"height\":2880,\"caption\":\"Talkpal, Inc.\"},\"image\":{\"@id\":\"https:\/\/talkpal.ai\/bs\/#\/schema\/logo\/image\/\"},\"sameAs\":[\"https:\/\/www.facebook.com\/profile.php?id=100090733639311\",\"https:\/\/x.com\/talkpalai\",\"https:\/\/www.linkedin.com\/company\/talkpal\/\",\"https:\/\/www.youtube.com\/@TalkPal\/\",\"https:\/\/www.tiktok.com\/@talkpal\",\"https:\/\/www.instagram.com\/talkpal_ai\/\",\"https:\/\/www.crunchbase.com\/organization\/talkpal-9cde\",\"https:\/\/www.g2.com\/products\/talkpal-for-business\/\",\"https:\/\/www.trustpilot.com\/review\/talkpal.ai\",\"https:\/\/www.capterra.com\/p\/10006800\/TalkPal\/\"],\"description\":\"Talkpal is a language learning web and mobile education app, powered by the latest AI technologies, that provides engaging experiences to its customers in many different languages to help them improve their language skills. Users can chat about unlimited amount of topics with the app and use other modes to practice their language learning.\",\"email\":\"support@talkpal.ai\",\"legalName\":\"Talkpal, Inc.\",\"foundingDate\":\"2023-04-03\",\"duns\":\"118989042\",\"numberOfEmployees\":{\"@type\":\"QuantitativeValue\",\"minValue\":\"11\",\"maxValue\":\"50\"},\"publishingPrinciples\":\"https:\/\/talkpal.ai\/publishing-principles\/\",\"actionableFeedbackPolicy\":\"https:\/\/talkpal.ai\/actionable-feedback-policy\/\",\"correctionsPolicy\":\"https:\/\/talkpal.ai\/corrections-policy\/\",\"ethicsPolicy\":\"https:\/\/talkpal.ai\/ethics-policy\/\",\"diversityPolicy\":\"https:\/\/talkpal.ai\/diversity-policy\/\",\"diversityStaffingReport\":\"https:\/\/talkpal.ai\/diversity-policy\/\"}]}<\/script>\n<!-- \/ Yoast SEO Premium plugin. -->","yoast_head_json":{"title":"bosanska gramatika - Talkpal","description":"Savladajte gramatiku bosanskog jezika bez napora uz Talkpal , va\u0161eg tutora jezika pokretanog umjetnom inteligencijom. Otkrijte jednostavna obja\u0161njenja, prakti\u010dne savjete i interaktivne vje\u017ebe!","robots":{"index":"index","follow":"follow","max-snippet":"max-snippet:-1","max-image-preview":"max-image-preview:large","max-video-preview":"max-video-preview:-1"},"canonical":"https:\/\/talkpal.ai\/bs\/bosanska-gramatika\/","og_locale":"bs_BA","og_type":"article","og_title":"bosanska gramatika","og_description":"Bosanska gramatika: vodi\u010d za razumijevanje njenih jedinstvenih karakteristika Da li u\u010dite bosanski i da li ste zbunjeni gramatikom jezika? Ne boj se! U","og_url":"https:\/\/talkpal.ai\/bs\/bosanska-gramatika\/","og_site_name":"Talkpal","article_publisher":"https:\/\/www.facebook.com\/profile.php?id=100090733639311","article_modified_time":"2025-05-22T14:42:01+00:00","og_image":[{"width":512,"height":512,"url":"https:\/\/talkpal.ai\/wp-content\/uploads\/2023\/05\/bosnia-and-herzegovina.png","type":"image\/png"}],"twitter_card":"summary_large_image","twitter_site":"@talkpalai","twitter_misc":{"Est. reading time":"3 minute"},"schema":{"@context":"https:\/\/schema.org","@graph":[{"@type":"WebPage","@id":"https:\/\/talkpal.ai\/bs\/bosanska-gramatika\/","url":"https:\/\/talkpal.ai\/bs\/bosanska-gramatika\/","name":"bosanska gramatika - Talkpal","isPartOf":{"@id":"https:\/\/talkpal.ai\/bs\/#website"},"primaryImageOfPage":{"@id":"https:\/\/talkpal.ai\/bs\/bosanska-gramatika\/#primaryimage"},"image":{"@id":"https:\/\/talkpal.ai\/bs\/bosanska-gramatika\/#primaryimage"},"thumbnailUrl":"https:\/\/talkpal.ai\/wp-content\/uploads\/2023\/05\/bosnia-and-herzegovina.png","datePublished":"2023-05-14T14:00:03+00:00","dateModified":"2025-05-22T14:42:01+00:00","description":"Savladajte gramatiku bosanskog jezika bez napora uz Talkpal , va\u0161eg tutora jezika pokretanog umjetnom inteligencijom. Otkrijte jednostavna obja\u0161njenja, prakti\u010dne savjete i interaktivne vje\u017ebe!","breadcrumb":{"@id":"https:\/\/talkpal.ai\/bs\/bosanska-gramatika\/#breadcrumb"},"inLanguage":"bs-BA","potentialAction":[{"@type":"ReadAction","target":["https:\/\/talkpal.ai\/bs\/bosanska-gramatika\/"]}]},{"@type":"ImageObject","inLanguage":"bs-BA","@id":"https:\/\/talkpal.ai\/bs\/bosanska-gramatika\/#primaryimage","url":"https:\/\/talkpal.ai\/wp-content\/uploads\/2023\/05\/bosnia-and-herzegovina.png","contentUrl":"https:\/\/talkpal.ai\/wp-content\/uploads\/2023\/05\/bosnia-and-herzegovina.png","width":512,"height":512},{"@type":"BreadcrumbList","@id":"https:\/\/talkpal.ai\/bs\/bosanska-gramatika\/#breadcrumb","itemListElement":[{"@type":"ListItem","position":1,"name":"Homepage","item":"https:\/\/talkpal.ai\/bs\/"},{"@type":"ListItem","position":2,"name":"bosanska gramatika"}]},{"@type":"WebSite","@id":"https:\/\/talkpal.ai\/bs\/#website","url":"https:\/\/talkpal.ai\/bs\/","name":"Talkpal","description":"AI Language Learning","publisher":{"@id":"https:\/\/talkpal.ai\/bs\/#organization"},"alternateName":"Talkpal AI","potentialAction":[{"@type":"SearchAction","target":{"@type":"EntryPoint","urlTemplate":"https:\/\/talkpal.ai\/bs\/?s={search_term_string}"},"query-input":{"@type":"PropertyValueSpecification","valueRequired":true,"valueName":"search_term_string"}}],"inLanguage":"bs-BA"},{"@type":"Organization","@id":"https:\/\/talkpal.ai\/bs\/#organization","name":"Talkpal, Inc.","alternateName":"Talkpal AI","url":"https:\/\/talkpal.ai\/bs\/","logo":{"@type":"ImageObject","inLanguage":"bs-BA","@id":"https:\/\/talkpal.ai\/bs\/#\/schema\/logo\/image\/","url":"https:\/\/talkpal.ai\/wp-content\/uploads\/2024\/03\/Talkpal-Logo-Icon.png","contentUrl":"https:\/\/talkpal.ai\/wp-content\/uploads\/2024\/03\/Talkpal-Logo-Icon.png","width":2880,"height":2880,"caption":"Talkpal, Inc."},"image":{"@id":"https:\/\/talkpal.ai\/bs\/#\/schema\/logo\/image\/"},"sameAs":["https:\/\/www.facebook.com\/profile.php?id=100090733639311","https:\/\/x.com\/talkpalai","https:\/\/www.linkedin.com\/company\/talkpal\/","https:\/\/www.youtube.com\/@TalkPal\/","https:\/\/www.tiktok.com\/@talkpal","https:\/\/www.instagram.com\/talkpal_ai\/","https:\/\/www.crunchbase.com\/organization\/talkpal-9cde","https:\/\/www.g2.com\/products\/talkpal-for-business\/","https:\/\/www.trustpilot.com\/review\/talkpal.ai","https:\/\/www.capterra.com\/p\/10006800\/TalkPal\/"],"description":"Talkpal is a language learning web and mobile education app, powered by the latest AI technologies, that provides engaging experiences to its customers in many different languages to help them improve their language skills. Users can chat about unlimited amount of topics with the app and use other modes to practice their language learning.","email":"support@talkpal.ai","legalName":"Talkpal, Inc.","foundingDate":"2023-04-03","duns":"118989042","numberOfEmployees":{"@type":"QuantitativeValue","minValue":"11","maxValue":"50"},"publishingPrinciples":"https:\/\/talkpal.ai\/publishing-principles\/","actionableFeedbackPolicy":"https:\/\/talkpal.ai\/actionable-feedback-policy\/","correctionsPolicy":"https:\/\/talkpal.ai\/corrections-policy\/","ethicsPolicy":"https:\/\/talkpal.ai\/ethics-policy\/","diversityPolicy":"https:\/\/talkpal.ai\/diversity-policy\/","diversityStaffingReport":"https:\/\/talkpal.ai\/diversity-policy\/"}]}},"_links":{"self":[{"href":"https:\/\/talkpal.ai\/bs\/wp-json\/wp\/v2\/pages\/74925","targetHints":{"allow":["GET"]}}],"collection":[{"href":"https:\/\/talkpal.ai\/bs\/wp-json\/wp\/v2\/pages"}],"about":[{"href":"https:\/\/talkpal.ai\/bs\/wp-json\/wp\/v2\/types\/page"}],"author":[{"embeddable":true,"href":"https:\/\/talkpal.ai\/bs\/wp-json\/wp\/v2\/users\/1"}],"replies":[{"embeddable":true,"href":"https:\/\/talkpal.ai\/bs\/wp-json\/wp\/v2\/comments?post=74925"}],"version-history":[{"count":0,"href":"https:\/\/talkpal.ai\/bs\/wp-json\/wp\/v2\/pages\/74925\/revisions"}],"wp:featuredmedia":[{"embeddable":true,"href":"https:\/\/talkpal.ai\/bs\/wp-json\/wp\/v2\/media\/71574"}],"wp:attachment":[{"href":"https:\/\/talkpal.ai\/bs\/wp-json\/wp\/v2\/media?parent=74925"}],"curies":[{"name":"wp","href":"https:\/\/api.w.org\/{rel}","templated":true}]}}