{"id":166773,"date":"2023-04-03T14:56:00","date_gmt":"2023-04-03T14:56:00","guid":{"rendered":"http:\/\/talkpal.ai\/o\/"},"modified":"2026-03-06T16:35:29","modified_gmt":"2026-03-06T16:35:29","slug":"o","status":"publish","type":"page","link":"https:\/\/talkpal.ai\/bs\/o\/","title":{"rendered":"O"},"content":{"rendered":"\n<p id=\"h-\"><a href=\"https:\/\/talkpal.ai\/ko\/ai-%ec%96%b8%ec%96%b4-%ea%b5%90%ec%82%ac\/\">Talkpal<\/a>, Inc. je kompanija za u\u010denje jezika zasnovana na vje\u0161ta\u010dkoj inteligenciji, \u010dija je misija da govor bilo kojeg jezika u\u010dini dostupnim svima, svugdje. Talkpal razvija jednu od najnaprednijih svjetskih platformi za podu\u010davanje jezika zasnovanih na umjetnoj inteligenciji, poma\u017eu\u0107i milionima u\u010denika da s povjerenjem vje\u017ebaju prave razgovore.<\/p>\n\n<p>Osnovan 2023. godine, Talkpal je izgra\u0111en na jednostavnom, ali sna\u017enom uvjerenju: u\u010denje jezika ne bi trebalo biti privilegija i trebalo bi biti dostupno svima. Kombinuju\u0107i najsavremeniju vje\u0161ta\u010dku inteligenciju sa lingvisti\u010dkom ekspertizom i istra\u017eivanjem, Talkpal uklanja tradicionalne barijere poput tro\u0161kova, vremena i straha od govora &#8211; zamjenjuju\u0107i ih personalizovanom, neometanom praksom dostupnom na vi\u0161e platformi 24\/7.<\/p>\n\n<p>Danas, Talkpal podr\u017eava preko 80 jezika, opslu\u017euje milione u\u010denika u preko 180 zemalja i dostupan <a href=\"https:\/\/talkpal.ai\/culture\/what-is-the-difference-between-je-and-na-for-i\/\">je na<\/a> webu, iOS-u i Androidu.<\/p>\n\n<h2 class=\"wp-block-heading\" id=\"h-our-mission\">Na\u0161a misija<\/h2>\n\n<p>Na\u0161a misija je revolucionirati u\u010denje jezika pru\u017eaju\u0107i zanimljivo, interaktivno i personalizirano iskustvo podu\u010davanja jezika zasnovano na umjetnoj inteligenciji.<br\/><br\/>Nastojimo da sru\u0161imo jezi\u010dke barijere, podstaknemo globalne veze i negujemo zajednicu strastvenih u\u010denika, osna\u017euju\u0107i ih da samouvereno i te\u010dno komuniciraju na svom izabranom jeziku.<\/p>\n\n<h2 class=\"wp-block-heading\" id=\"h-our-vision\">Na\u0161a vizija<\/h2>\n\n<p>Na\u0161a vizija je da postanemo vode\u0107i svetski tutor <a href=\"https:\/\/talkpal.ai\/speaking-with-ai\/\">AI<\/a> jezika, transformi\u0161u\u0107i na\u010din na koji ljudi u\u010de jezike kroz impresivne, kontekstualno vo\u0111ene razgovore i tehnologiju prilagodljivog u\u010denja.<br\/><br\/>Cilj nam je da inspiri\u0161emo i negujemo ljubav prema u\u010denju jezika, podsti\u010demo kulturnu razmenu i premo\u0161\u0107avamo jaz u komunikaciji preko granica, na kraju oblikuju\u0107i povezaniji i razumljiviji svet.<\/p>\n\n<h2 class=\"wp-block-heading\" id=\"h-our-story\">Na\u0161a pri\u010da<\/h2>\n\n<p>Talkpal su osnovali <a href=\"https:\/\/talkpal.ai\/locations\/language-courses-in-david\/\">David<\/a> Gegechkori (na slici lijevo) i Dimitri Dekanozishvili (na slici desno), vo\u0111eni zajedni\u010dkom frustracijom tradicionalnim metodama u\u010denja jezika koje \u010desto ne uspijevaju pripremiti u\u010denike za govor u stvarnom svijetu.<\/p>\n\n<div class=\"wp-block-columns is-layout-flex wp-container-core-columns-is-layout-9d6595d7 wp-block-columns-is-layout-flex\">\n<div class=\"wp-block-column is-layout-flow wp-block-column-is-layout-flow\" style=\"flex-basis:50%\"><div class=\"wp-block-image\">\n<figure class=\"alignleft size-large\"><img decoding=\"async\" width=\"1024\" height=\"683\" src=\"https:\/\/talkpal.ai\/wp-content\/uploads\/2025\/12\/Talkpal-Entrepreneur-1024x683.jpg\" alt=\"\" class=\"wp-image-1557444\" style=\"aspect-ratio:1.4992888417882142\" srcset=\"https:\/\/talkpal.ai\/wp-content\/uploads\/2025\/12\/Talkpal-Entrepreneur-1024x683.jpg 1024w, https:\/\/talkpal.ai\/wp-content\/uploads\/2025\/12\/Talkpal-Entrepreneur-300x200.jpg 300w, https:\/\/talkpal.ai\/wp-content\/uploads\/2025\/12\/Talkpal-Entrepreneur-768x512.jpg 768w, https:\/\/talkpal.ai\/wp-content\/uploads\/2025\/12\/Talkpal-Entrepreneur.jpg 1344w\" sizes=\"(max-width: 1024px) 100vw, 1024px\" \/><\/figure>\n<\/div><\/div>\n\n\n\n<div class=\"wp-block-column is-layout-flow wp-block-column-is-layout-flow\" style=\"flex-basis:50%\">\n<p>Od samog po\u010detka, cilj je bio jasan: izgraditi jezi\u010dkog pratioca zasnovanog na vje\u0161ta\u010dkoj inteligenciji koji se manje osje\u0107a kao ud\u017ebenik, a vi\u0161e kao podr\u017eavaju\u0107i partner u razgovoru. Naziv \u201eTalkpal\u201c odra\u017eava ovu filozofiju &#8211; prijateljski, uvijek dostupan pratilac koji poti\u010de u\u010denike da vje\u017ebaju govor bez straha od osude.<\/p>\n\n\n\n<p>Po\u010dev\u0161i kao web-bazirani proizvod, Talkpal se brzo pro\u0161irio na mobilne platforme, okupljaju\u0107i globalni tim in\u017eenjera umjetne inteligencije, lingvista, edukatora, marketin\u0161kih stru\u010dnjaka i dizajnera proizvoda. Kroz kontinuiranu iteraciju, istra\u017eivanje i <a href=\"https:\/\/talkpal.ai\/contact\/\">povratne informacije<\/a> korisnika, Talkpal se razvio u sveobuhvatnu platformu za u\u010denje jezika zasnovanu na vje\u0161ta\u010dkoj inteligenciji kojoj vjeruju milioni \u0161irom svijeta.<\/p>\n<\/div>\n<\/div>\n\n<h2 class=\"wp-block-heading\" id=\"h-what-we-do\">\u0160ta radimo<\/h2>\n\n<p>Talkpal pru\u017ea iskustva u\u010denja teksta i glasa zasnovana na umjetnoj inteligenciji, osmi\u0161ljena da simuliraju stvarnu ljudsku interakciju. Na\u0161a platforma se dinami\u010dki prilago\u0111ava nivou, ciljevima i stilu u\u010denja svakog u\u010denika.<\/p>\n\n<p>Klju\u010dne mogu\u0107nosti uklju\u010duju:<\/p>\n\n<ul class=\"wp-block-list\">\n<li>Prirodni <a href=\"https:\/\/talkpal.ai\/bs\/razgovaram-sa-ai\/\">AI razgovori<\/a> za govornu vje\u017ebu<\/li>\n\n\n\n<li><a href=\"https:\/\/talkpal.ai\/contact\/\">Povratne informacije<\/a> u stvarnom vremenu o izgovoru, gramatici i te\u010dnosti<\/li>\n\n\n\n<li>Podr\u0161ka za po\u010detnike i napredne u\u010denike<\/li>\n\n\n\n<li>\u010casovi na preko 80 svjetskih jezika, uklju\u010duju\u0107i <a href=\"https:\/\/talkpal.ai\/learn-english-with-ai\/\">engleski<\/a>, \u0161panski, njema\u010dki, francuski, italijanski, japanski, kineski, korejski, arapski, holandski, portugalski, \u0161vedski, hebrejski, gr\u010dki, turski, finski i afrikanski, albanski, armenski, asamski, azerbejd\u017eanski, baskijski, bjeloruski, bengalski, bosanski, bugarski, burmanski, kantonski, katalonski, hrvatski, \u010de\u0161ki, danski, estonski, galicijski, gruzijski, gud\u017earatski, hindski, ma\u0111arski, islandski, indonezijski, irski, javanski, kannadski, kaza\u0161ki, kmerski, laoski, letonski, litvanski, makedonski, malajski, malajalamski, malte\u0161ki, maorski, marathi, mongolski, nepalski, norve\u0161ki, odijski, pa\u0161tunski, perzijski, poljski, pand\u017eapski, rumunski, ruski, srpski, sinhalski, slova\u010dki, slovena\u010dki, somalski, svahili, tagalog, tamilski, telugu, tajlandski, ukrajinski, urdu, uzbekistanski, vijetnamski, vel\u0161ki, zulu i jo\u0161 mnogo toga.<\/li>\n\n\n\n<li>Freemium model s fleksibilnim planovima pretplate<\/li>\n\n\n\n<li>Namjenska poslovna rje\u0161enja za univerzitete, jezi\u010dke \u0161kole, kompanije i druge organizacije<\/li>\n<\/ul>\n\n<p>Na\u0161 sadr\u017eaj i sistemi su razvijeni u saradnji sa jezi\u010dkim stru\u010dnjacima i istra\u017eiva\u010dima vje\u0161ta\u010dke inteligencije, osiguravaju\u0107i i pedago\u0161ku ispravnost i tehni\u010dku izvrsnost.<\/p>\n\n<h2 class=\"wp-block-heading\" id=\"h-research-backed-learning\">U\u010denje zasnovano na istra\u017eivanju<\/h2>\n\n<p>U\u010dinkovitost Talkpala ispitana je u vi\u0161e akademskih studija, posebno u kontekstima u\u010denja engleskog kao stranog jezika (ESL) i engleskog kao stranog jezika kao stranog jezika (EFFL). Istra\u017eivanja su pokazala statisti\u010dki zna\u010dajna pobolj\u0161anja u te\u010dnosti govora, izgovoru, gramatici i samopouzdanju u\u010denika kada koriste alate za konverzaciju zasnovane na vje\u0161ta\u010dkoj inteligenciji, poput Talkpala.<\/p>\n\n<p>Ovaj pristup, zasnovan na istra\u017eivanju, podupire na\u0161u posve\u0107enost izgradnji ne samo inovativne tehnologije &#8211; ve\u0107 i mjerljivo efikasnih iskustava u\u010denja jezika.<\/p>\n\n<h2 class=\"wp-block-heading\" id=\"h-trusted-by-learners-worldwide\">Vjeruju nam u\u010denici \u0161irom svijeta<\/h2>\n\n<p>Talkpalu vjeruju milioni korisnika \u0161irom svijeta i konstantno dobija visoke ocjene u trgovinama aplikacija i platformama za recenzije. U\u010denici \u010desto isti\u010du:<\/p>\n\n<ul class=\"wp-block-list\">\n<li>Okru\u017eenje bez pritiska za govorni\u010dku vje\u017ebu<\/li>\n\n\n\n<li>Trenutne, prakti\u010dne povratne informacije<\/li>\n\n\n\n<li>Fleksibilnost za u\u010denje bilo kada i bilo gdje<\/li>\n\n\n\n<li>Mogu\u0107nost vje\u017ebanja bez potrebe za ljudskim jezi\u010dkim partnerom<\/li>\n<\/ul>\n\n<h2 class=\"wp-block-heading\" id=\"h-our-commitment\">Na\u0161a posve\u0107enost<\/h2>\n\n<p>U Talkpalu smo posve\u0107eni:<\/p>\n\n<ul class=\"wp-block-list\">\n<li><strong>Inovacija<\/strong> \u2013 kontinuirani napredak u oblasti umjetne inteligencije i obrazovne tehnologije<\/li>\n\n\n\n<li><strong>Kvalitet<\/strong> \u2013 iskustva u\u010denja utemeljena na istra\u017eivanjima<\/li>\n\n\n\n<li><strong>Pristupa\u010dnost<\/strong> \u2013 pristupa\u010dno, inkluzivno u\u010denje jezika za sve<\/li>\n\n\n\n<li><strong>Globalni utjecaj<\/strong> \u2013 osna\u017eivanje komunikacije me\u0111u kulturama<\/li>\n<\/ul>\n\n<p>Vjerujemo da jezik ima mo\u0107 promijeniti \u017eivote &#8211; a uz umjetnu inteligenciju, ta mo\u0107 mo\u017ee dosegnuti sve.<\/p>\n\n<p><\/p>\n","protected":false},"excerpt":{"rendered":"<p>Talkpal, Inc. je kompanija za u\u010denje jezika zasnovana na vje\u0161ta\u010dkoj inteligenciji, \u010dija je misija da govor bilo kojeg jezika u\u010dini dostupnim svima, svugdje. Talkpal razvija jednu od najnaprednijih svjetskih platformi za podu\u010davanje jezika zasnovanih na umjetnoj inteligenciji, poma\u017eu\u0107i milionima u\u010denika da s povjerenjem vje\u017ebaju prave razgovore. Osnovan 2023. godine, Talkpal je izgra\u0111en na jednostavnom, ali [&hellip;]<\/p>\n","protected":false},"author":1,"featured_media":197944,"parent":0,"menu_order":0,"comment_status":"closed","ping_status":"closed","template":"","meta":{"_acf_changed":false,"footnotes":""},"class_list":["post-166773","page","type-page","status-publish","has-post-thumbnail","hentry"],"acf":[],"yoast_head":"<!-- This site is optimized with the Yoast SEO Premium plugin v27.2 (Yoast SEO v27.2) - https:\/\/yoast.com\/product\/yoast-seo-premium-wordpress\/ -->\n<title>O - Talkpal<\/title>\n<meta name=\"description\" content=\"Talkpal je AI tutor za jezike pokretan GPT-om, osnovan s uvjerenjem da u\u010denje jezika treba biti dostupno svima.\" \/>\n<meta name=\"robots\" content=\"index, follow, max-snippet:-1, max-image-preview:large, max-video-preview:-1\" \/>\n<link rel=\"canonical\" href=\"https:\/\/talkpal.ai\/bs\/o\/\" \/>\n<meta property=\"og:locale\" content=\"bs_BA\" \/>\n<meta property=\"og:type\" content=\"article\" \/>\n<meta property=\"og:title\" content=\"O\" \/>\n<meta property=\"og:description\" content=\"Talkpal, Inc. je kompanija za u\u010denje jezika zasnovana na vje\u0161ta\u010dkoj inteligenciji, \u010dija je misija da govor bilo kojeg jezika u\u010dini dostupnim svima,\" \/>\n<meta property=\"og:url\" content=\"https:\/\/talkpal.ai\/bs\/o\/\" \/>\n<meta property=\"og:site_name\" content=\"Talkpal\" \/>\n<meta property=\"article:publisher\" content=\"https:\/\/www.facebook.com\/profile.php?id=100090733639311\" \/>\n<meta property=\"article:modified_time\" content=\"2026-03-06T16:35:29+00:00\" \/>\n<meta property=\"og:image\" content=\"https:\/\/talkpal.ai\/wp-content\/uploads\/2024\/03\/Talkpal-Logo-Icon.png\" \/>\n\t<meta property=\"og:image:width\" content=\"5000\" \/>\n\t<meta property=\"og:image:height\" content=\"5000\" \/>\n\t<meta property=\"og:image:type\" content=\"image\/png\" \/>\n<meta name=\"twitter:card\" content=\"summary_large_image\" \/>\n<meta name=\"twitter:site\" content=\"@talkpalai\" \/>\n<meta name=\"twitter:label1\" content=\"Est. reading time\" \/>\n\t<meta name=\"twitter:data1\" content=\"4 minute\" \/>\n<script type=\"application\/ld+json\" class=\"yoast-schema-graph\">{\"@context\":\"https:\/\/schema.org\",\"@graph\":[{\"@type\":\"WebPage\",\"@id\":\"https:\/\/talkpal.ai\/bs\/o\/\",\"url\":\"https:\/\/talkpal.ai\/bs\/o\/\",\"name\":\"O - Talkpal\",\"isPartOf\":{\"@id\":\"https:\/\/talkpal.ai\/bs\/#website\"},\"primaryImageOfPage\":{\"@id\":\"https:\/\/talkpal.ai\/bs\/o\/#primaryimage\"},\"image\":{\"@id\":\"https:\/\/talkpal.ai\/bs\/o\/#primaryimage\"},\"thumbnailUrl\":\"https:\/\/talkpal.ai\/wp-content\/uploads\/2024\/03\/Talkpal-Logo-Icon.png\",\"datePublished\":\"2023-04-03T14:56:00+00:00\",\"dateModified\":\"2026-03-06T16:35:29+00:00\",\"description\":\"Talkpal je AI tutor za jezike pokretan GPT-om, osnovan s uvjerenjem da u\u010denje jezika treba biti dostupno svima.\",\"breadcrumb\":{\"@id\":\"https:\/\/talkpal.ai\/bs\/o\/#breadcrumb\"},\"inLanguage\":\"bs-BA\",\"potentialAction\":[{\"@type\":\"ReadAction\",\"target\":[\"https:\/\/talkpal.ai\/bs\/o\/\"]}]},{\"@type\":\"ImageObject\",\"inLanguage\":\"bs-BA\",\"@id\":\"https:\/\/talkpal.ai\/bs\/o\/#primaryimage\",\"url\":\"https:\/\/talkpal.ai\/wp-content\/uploads\/2024\/03\/Talkpal-Logo-Icon.png\",\"contentUrl\":\"https:\/\/talkpal.ai\/wp-content\/uploads\/2024\/03\/Talkpal-Logo-Icon.png\",\"width\":5000,\"height\":5000,\"caption\":\"Talkpal logo\"},{\"@type\":\"BreadcrumbList\",\"@id\":\"https:\/\/talkpal.ai\/bs\/o\/#breadcrumb\",\"itemListElement\":[{\"@type\":\"ListItem\",\"position\":1,\"name\":\"Homepage\",\"item\":\"https:\/\/talkpal.ai\/bs\/\"},{\"@type\":\"ListItem\",\"position\":2,\"name\":\"O\"}]},{\"@type\":\"WebSite\",\"@id\":\"https:\/\/talkpal.ai\/bs\/#website\",\"url\":\"https:\/\/talkpal.ai\/bs\/\",\"name\":\"Talkpal\",\"description\":\"AI Language Learning\",\"publisher\":{\"@id\":\"https:\/\/talkpal.ai\/bs\/#organization\"},\"alternateName\":\"Talkpal AI\",\"potentialAction\":[{\"@type\":\"SearchAction\",\"target\":{\"@type\":\"EntryPoint\",\"urlTemplate\":\"https:\/\/talkpal.ai\/bs\/?s={search_term_string}\"},\"query-input\":{\"@type\":\"PropertyValueSpecification\",\"valueRequired\":true,\"valueName\":\"search_term_string\"}}],\"inLanguage\":\"bs-BA\"},{\"@type\":\"Organization\",\"@id\":\"https:\/\/talkpal.ai\/bs\/#organization\",\"name\":\"Talkpal, Inc.\",\"alternateName\":\"Talkpal AI\",\"url\":\"https:\/\/talkpal.ai\/bs\/\",\"logo\":{\"@type\":\"ImageObject\",\"inLanguage\":\"bs-BA\",\"@id\":\"https:\/\/talkpal.ai\/bs\/#\/schema\/logo\/image\/\",\"url\":\"https:\/\/talkpal.ai\/wp-content\/uploads\/2024\/03\/Talkpal-Logo-Icon.png\",\"contentUrl\":\"https:\/\/talkpal.ai\/wp-content\/uploads\/2024\/03\/Talkpal-Logo-Icon.png\",\"width\":2880,\"height\":2880,\"caption\":\"Talkpal, Inc.\"},\"image\":{\"@id\":\"https:\/\/talkpal.ai\/bs\/#\/schema\/logo\/image\/\"},\"sameAs\":[\"https:\/\/www.facebook.com\/profile.php?id=100090733639311\",\"https:\/\/x.com\/talkpalai\",\"https:\/\/www.linkedin.com\/company\/talkpal\/\",\"https:\/\/www.youtube.com\/@TalkPal\/\",\"https:\/\/www.tiktok.com\/@talkpal\",\"https:\/\/www.instagram.com\/talkpal_ai\/\",\"https:\/\/www.crunchbase.com\/organization\/talkpal-9cde\",\"https:\/\/www.g2.com\/products\/talkpal-for-business\/\",\"https:\/\/www.trustpilot.com\/review\/talkpal.ai\",\"https:\/\/www.capterra.com\/p\/10006800\/TalkPal\/\"],\"description\":\"Talkpal is a language learning web and mobile education app, powered by the latest AI technologies, that provides engaging experiences to its customers in many different languages to help them improve their language skills. Users can chat about unlimited amount of topics with the app and use other modes to practice their language learning.\",\"email\":\"support@talkpal.ai\",\"legalName\":\"Talkpal, Inc.\",\"foundingDate\":\"2023-04-03\",\"duns\":\"118989042\",\"numberOfEmployees\":{\"@type\":\"QuantitativeValue\",\"minValue\":\"11\",\"maxValue\":\"50\"},\"publishingPrinciples\":\"https:\/\/talkpal.ai\/publishing-principles\/\",\"actionableFeedbackPolicy\":\"https:\/\/talkpal.ai\/actionable-feedback-policy\/\",\"correctionsPolicy\":\"https:\/\/talkpal.ai\/corrections-policy\/\",\"ethicsPolicy\":\"https:\/\/talkpal.ai\/ethics-policy\/\",\"diversityPolicy\":\"https:\/\/talkpal.ai\/diversity-policy\/\",\"diversityStaffingReport\":\"https:\/\/talkpal.ai\/diversity-policy\/\"}]}<\/script>\n<!-- \/ Yoast SEO Premium plugin. -->","yoast_head_json":{"title":"O - Talkpal","description":"Talkpal je AI tutor za jezike pokretan GPT-om, osnovan s uvjerenjem da u\u010denje jezika treba biti dostupno svima.","robots":{"index":"index","follow":"follow","max-snippet":"max-snippet:-1","max-image-preview":"max-image-preview:large","max-video-preview":"max-video-preview:-1"},"canonical":"https:\/\/talkpal.ai\/bs\/o\/","og_locale":"bs_BA","og_type":"article","og_title":"O","og_description":"Talkpal, Inc. je kompanija za u\u010denje jezika zasnovana na vje\u0161ta\u010dkoj inteligenciji, \u010dija je misija da govor bilo kojeg jezika u\u010dini dostupnim svima,","og_url":"https:\/\/talkpal.ai\/bs\/o\/","og_site_name":"Talkpal","article_publisher":"https:\/\/www.facebook.com\/profile.php?id=100090733639311","article_modified_time":"2026-03-06T16:35:29+00:00","og_image":[{"width":5000,"height":5000,"url":"https:\/\/talkpal.ai\/wp-content\/uploads\/2024\/03\/Talkpal-Logo-Icon.png","type":"image\/png"}],"twitter_card":"summary_large_image","twitter_site":"@talkpalai","twitter_misc":{"Est. reading time":"4 minute"},"schema":{"@context":"https:\/\/schema.org","@graph":[{"@type":"WebPage","@id":"https:\/\/talkpal.ai\/bs\/o\/","url":"https:\/\/talkpal.ai\/bs\/o\/","name":"O - Talkpal","isPartOf":{"@id":"https:\/\/talkpal.ai\/bs\/#website"},"primaryImageOfPage":{"@id":"https:\/\/talkpal.ai\/bs\/o\/#primaryimage"},"image":{"@id":"https:\/\/talkpal.ai\/bs\/o\/#primaryimage"},"thumbnailUrl":"https:\/\/talkpal.ai\/wp-content\/uploads\/2024\/03\/Talkpal-Logo-Icon.png","datePublished":"2023-04-03T14:56:00+00:00","dateModified":"2026-03-06T16:35:29+00:00","description":"Talkpal je AI tutor za jezike pokretan GPT-om, osnovan s uvjerenjem da u\u010denje jezika treba biti dostupno svima.","breadcrumb":{"@id":"https:\/\/talkpal.ai\/bs\/o\/#breadcrumb"},"inLanguage":"bs-BA","potentialAction":[{"@type":"ReadAction","target":["https:\/\/talkpal.ai\/bs\/o\/"]}]},{"@type":"ImageObject","inLanguage":"bs-BA","@id":"https:\/\/talkpal.ai\/bs\/o\/#primaryimage","url":"https:\/\/talkpal.ai\/wp-content\/uploads\/2024\/03\/Talkpal-Logo-Icon.png","contentUrl":"https:\/\/talkpal.ai\/wp-content\/uploads\/2024\/03\/Talkpal-Logo-Icon.png","width":5000,"height":5000,"caption":"Talkpal logo"},{"@type":"BreadcrumbList","@id":"https:\/\/talkpal.ai\/bs\/o\/#breadcrumb","itemListElement":[{"@type":"ListItem","position":1,"name":"Homepage","item":"https:\/\/talkpal.ai\/bs\/"},{"@type":"ListItem","position":2,"name":"O"}]},{"@type":"WebSite","@id":"https:\/\/talkpal.ai\/bs\/#website","url":"https:\/\/talkpal.ai\/bs\/","name":"Talkpal","description":"AI Language Learning","publisher":{"@id":"https:\/\/talkpal.ai\/bs\/#organization"},"alternateName":"Talkpal AI","potentialAction":[{"@type":"SearchAction","target":{"@type":"EntryPoint","urlTemplate":"https:\/\/talkpal.ai\/bs\/?s={search_term_string}"},"query-input":{"@type":"PropertyValueSpecification","valueRequired":true,"valueName":"search_term_string"}}],"inLanguage":"bs-BA"},{"@type":"Organization","@id":"https:\/\/talkpal.ai\/bs\/#organization","name":"Talkpal, Inc.","alternateName":"Talkpal AI","url":"https:\/\/talkpal.ai\/bs\/","logo":{"@type":"ImageObject","inLanguage":"bs-BA","@id":"https:\/\/talkpal.ai\/bs\/#\/schema\/logo\/image\/","url":"https:\/\/talkpal.ai\/wp-content\/uploads\/2024\/03\/Talkpal-Logo-Icon.png","contentUrl":"https:\/\/talkpal.ai\/wp-content\/uploads\/2024\/03\/Talkpal-Logo-Icon.png","width":2880,"height":2880,"caption":"Talkpal, Inc."},"image":{"@id":"https:\/\/talkpal.ai\/bs\/#\/schema\/logo\/image\/"},"sameAs":["https:\/\/www.facebook.com\/profile.php?id=100090733639311","https:\/\/x.com\/talkpalai","https:\/\/www.linkedin.com\/company\/talkpal\/","https:\/\/www.youtube.com\/@TalkPal\/","https:\/\/www.tiktok.com\/@talkpal","https:\/\/www.instagram.com\/talkpal_ai\/","https:\/\/www.crunchbase.com\/organization\/talkpal-9cde","https:\/\/www.g2.com\/products\/talkpal-for-business\/","https:\/\/www.trustpilot.com\/review\/talkpal.ai","https:\/\/www.capterra.com\/p\/10006800\/TalkPal\/"],"description":"Talkpal is a language learning web and mobile education app, powered by the latest AI technologies, that provides engaging experiences to its customers in many different languages to help them improve their language skills. Users can chat about unlimited amount of topics with the app and use other modes to practice their language learning.","email":"support@talkpal.ai","legalName":"Talkpal, Inc.","foundingDate":"2023-04-03","duns":"118989042","numberOfEmployees":{"@type":"QuantitativeValue","minValue":"11","maxValue":"50"},"publishingPrinciples":"https:\/\/talkpal.ai\/publishing-principles\/","actionableFeedbackPolicy":"https:\/\/talkpal.ai\/actionable-feedback-policy\/","correctionsPolicy":"https:\/\/talkpal.ai\/corrections-policy\/","ethicsPolicy":"https:\/\/talkpal.ai\/ethics-policy\/","diversityPolicy":"https:\/\/talkpal.ai\/diversity-policy\/","diversityStaffingReport":"https:\/\/talkpal.ai\/diversity-policy\/"}]}},"_links":{"self":[{"href":"https:\/\/talkpal.ai\/bs\/wp-json\/wp\/v2\/pages\/166773","targetHints":{"allow":["GET"]}}],"collection":[{"href":"https:\/\/talkpal.ai\/bs\/wp-json\/wp\/v2\/pages"}],"about":[{"href":"https:\/\/talkpal.ai\/bs\/wp-json\/wp\/v2\/types\/page"}],"author":[{"embeddable":true,"href":"https:\/\/talkpal.ai\/bs\/wp-json\/wp\/v2\/users\/1"}],"replies":[{"embeddable":true,"href":"https:\/\/talkpal.ai\/bs\/wp-json\/wp\/v2\/comments?post=166773"}],"version-history":[{"count":0,"href":"https:\/\/talkpal.ai\/bs\/wp-json\/wp\/v2\/pages\/166773\/revisions"}],"wp:featuredmedia":[{"embeddable":true,"href":"https:\/\/talkpal.ai\/bs\/wp-json\/wp\/v2\/media\/197944"}],"wp:attachment":[{"href":"https:\/\/talkpal.ai\/bs\/wp-json\/wp\/v2\/media?parent=166773"}],"curies":[{"name":"wp","href":"https:\/\/api.w.org\/{rel}","templated":true}]}}