{"id":165997,"date":"2023-06-16T11:38:32","date_gmt":"2023-06-16T11:38:32","guid":{"rendered":"http:\/\/talkpal.ai\/azerbejdzanske-gramaticke-vjezbe\/"},"modified":"2025-05-22T21:36:18","modified_gmt":"2025-05-22T21:36:18","slug":"azerbejdzanske-gramaticke-vjezbe","status":"publish","type":"page","link":"https:\/\/talkpal.ai\/bs\/azerbejdzanske-gramaticke-vjezbe\/","title":{"rendered":"Azerbejd\u017eanske gramati\u010dke vje\u017ebe"},"content":{"rendered":"\r\n\r\n\r\n<section class=\"languageChallengeSection\">\r\n    <div class=\"languageInfoWrapper\">\r\n        \r\n        <h1>Azerbejd\u017eanske gramati\u010dke vje\u017ebe<\/h1>\r\n        <p>\u017delite li unaprijediti svoje vje\u0161tine azerbejd\u017eanskog jezika? Vje\u017ebanje gramati\u010dkih vje\u017ebi je savr\u0161en na\u010din za razumijevanje re\u010deni\u010dne strukture, glagolskih zavr\u0161etaka i obrazaca koji jezik \u010dine jedinstvenim. Po\u010dnite vje\u017ebati azerbejd\u017eansku gramatiku ve\u0107 danas i gledajte kako vam samopouzdanje i te\u010dnost rastu sa svakim korakom!<\/p>\r\n\r\n                            <a class=\"getStartedHidden\" href=\"https:\/\/app.talkpal.ai\/signup?lng=\">Kreni<\/a>\r\n        \r\n    <\/div>\r\n\r\n    <figure>\r\n    <img decoding=\"async\" width=\"768\" height=\"768\" src=\"https:\/\/talkpal.ai\/wp-content\/uploads\/2023\/06\/azerbaijani-768x768.png\" class=\"languageImage no-lazy\" alt=\"Language learning for enhanced cognitive skills\" fetchpriority=\"high\" sizes=\"(max-width: 768px) 150px, 768px\" srcset=\"https:\/\/talkpal.ai\/wp-content\/uploads\/2023\/06\/azerbaijani-768x768.png 768w, https:\/\/talkpal.ai\/wp-content\/uploads\/2023\/06\/azerbaijani-300x300.png 300w\" \/>\r\n    \r\n\r\n    <\/figure>\r\n\r\n            <a class=\"getStartedVisible\" href=\"https:\/\/app.talkpal.ai\/signup?lng=\">Kreni<\/a>\r\n    \r\n<\/section>\r\n\r\n\r\n<!-- <section class=\"grammarSection\">\r\n    <div class=\"grammarLinks\">\r\n            <\/div>\r\n<\/section> -->\r\n\r\n\r\n\r\n\r\n<section class=\"promotionalBanner\">\r\n    <p class=\"promotionalText\">Najefikasniji na\u010din za u\u010denje jezika<\/p>\r\n    <a class=\"promotionalLink\" href=\"https:\/\/app.talkpal.ai\/signup?lng=\">Isprobajte Talkpal besplatno<\/a>\r\n<\/section>\n<div class=\"wp-block-group pageContainerStyle\"><div class=\"wp-block-group__inner-container is-layout-constrained wp-block-group-is-layout-constrained\">\n<h2 class=\"wp-block-heading\" id=\"h-azerbaijani-grammar-topics\">Azerbejd\u017eanska gramatika<\/h2>\n\n\n\n<p><a href=\"https:\/\/talkpal.ai\/learn-azerbaijani\/\">Azerbejd\u017eanski<\/a>, tako\u0111er poznat kao Azeri, je <a href=\"https:\/\/talkpal.ai\/hr\/ucenje-turskog-jezika\/\">turski jezik<\/a> koji se govori prvenstveno u Azerbejd\u017eanu i okolnim regijama. Slu\u017ebeni je jezik Republike Azerbejd\u017ean i ima zna\u010dajne govornike u Iranu, Turskoj, Gruziji i Rusiji. Kao polaznik azerbejd\u017eanskog jezika, neophodno je razumeti osnovne aspekte jezika, kao \u0161to su njegova <a href=\"https:\/\/talkpal.ai\/sq\/gramatika\/\">gramatika<\/a>, sintaksa i re\u010dnik. Ovaj vodi\u010d \u0107e vam pru\u017eiti pregled osnovnih azerbejd\u017eanskih gramati\u010dkih tema, grupisanih u logi\u010dki slijed kako bi vam pomogao da efikasno i sa lako\u0107om nau\u010dite jezik.<\/p>\n\n\n\n<h3 class=\"wp-block-heading\" id=\"h-1-nouns-and-articles\">1. imenice i \u010dlanci:<\/h3>\n\n\n\n<p>U Azerbejd\u017eanu, imenice su gradivni blokovi re\u010denica, a razumijevanje njihove upotrebe je klju\u010dno. Imenice nemaju spol, a ne postoji neodre\u0111eni \u010dlanak. Me\u0111utim, odre\u0111eni \u010dlanak se dodaje kao sufiks imenici.<\/p>\n\n\n\n<h3 class=\"wp-block-heading\" id=\"h-2-adjectives\">2. pridjevi:<\/h3>\n\n\n\n<p>Pridjevi u Azerbejd\u017eanu se koriste za opisivanje imenica. Oni uvijek dolaze ispred imenice koju mijenjaju i ne mijenjaju svoj oblik prema rodu ili broju imenice.<\/p>\n\n\n\n<h3 class=\"wp-block-heading\" id=\"h-3-pronouns-determiners\">3. zamjenice\/determinatori:<\/h3>\n\n\n\n<p>Zamjenice se koriste za zamjenu imenica, dok se determinatori koriste za odre\u0111ivanje koli\u010dine ili odre\u0111enosti imenice. Obje su klju\u010dne komponente azerbejd\u017eanskih re\u010denica.<\/p>\n\n\n\n<h3 class=\"wp-block-heading\" id=\"h-4-verbs\">4. glagoli:<\/h3>\n\n\n\n<p>Azerbejd\u017eanski glagoli su akcijske rije\u010di jezika. Oni menjaju svoj oblik u zavisnosti od napetosti, raspolo\u017eenja i glasa. Razumijevanje konjugacije glagola je klju\u010dno za savladavanje azerbejd\u017eanske gramatike.<\/p>\n\n\n\n<h3 class=\"wp-block-heading\" id=\"h-5-tenses\">5. napetosti:<\/h3>\n\n\n\n<p>Azerbejd\u017eanski ima \u0161est vremena \u2013 sada\u0161njost, pro\u0161lost, budu\u0107nost, sada\u0161njost savr\u0161eno, pro\u0161lo savr\u0161eno i budu\u0107e savr\u0161eno. Svako vrijeme ima svoja pravila konjugacije i koristi se za izra\u017eavanje akcija ili stanja u razli\u010dito vrijeme.<\/p>\n\n\n\n<h3 class=\"wp-block-heading\" id=\"h-6-tense-comparison\">6. napeto pore\u0111enje:<\/h3>\n\n\n\n<p>Upore\u0111ivanje vremena u Azerbejd\u017eanu poma\u017ee vam da razumete razlike u izra\u017eavanju vremena i akcija. To je klju\u010dna ve\u0161tina za efikasnu komunikaciju.<\/p>\n\n\n\n<h3 class=\"wp-block-heading\" id=\"h-7-progressive\">7. progresivno:<\/h3>\n\n\n\n<p>Progresivni aspekt u Azerbejd\u017eanu koristi se za opisivanje teku\u0107ih akcija. Formira se kori\u0161tenjem pomo\u0107nih glagola i od su\u0161tinskog je zna\u010daja za razumijevanje toka doga\u0111aja u re\u010denici.<\/p>\n\n\n\n<h3 class=\"wp-block-heading\" id=\"h-8-perfect-progressive\">Perfektno progresivno:<\/h3>\n\n\n\n<p>Savr\u0161ena progresivna vremena se koriste za opisivanje akcija koje su zapo\u010dele u pro\u0161losti i nastavljaju se do sada\u0161njosti ili budu\u0107nosti. Oni kombinuju savr\u0161ene i progresivne aspekte i od su\u0161tinskog su zna\u010daja za izra\u017eavanje slo\u017eenih akcija.<\/p>\n\n\n\n<h3 class=\"wp-block-heading\" id=\"h-9-adverbs\">9. prilozi:<\/h3>\n\n\n\n<p>Prilozi u Azerbejd\u017eanu se koriste za modifikovanje glagola, prideva ili drugih priloga. Oni pru\u017eaju dodatne informacije o radnjama ili stanjima i od su\u0161tinskog su zna\u010daja za kreiranje preciznijih i opisnijih re\u010denica.<\/p>\n\n\n\n<h3 class=\"wp-block-heading\" id=\"h-10-conditionals\">10. uslovno:<\/h3>\n\n\n\n<p>Kondicionali se koriste za izra\u017eavanje hipoteti\u010dkih situacija i njihovih mogu\u0107ih posljedica. Oni su od su\u0161tinskog zna\u010daja za izra\u017eavanje neizvesnosti i predvi\u0111anje u Azerbejd\u017eanu.<\/p>\n\n\n\n<h3 class=\"wp-block-heading\" id=\"h-11-prepositions\">11. prijedlozi:<\/h3>\n\n\n\n<p>Prijedlozi se koriste za prikazivanje odnosa izme\u0111u imenica ili zamjenica i drugih rije\u010di u re\u010denici. Oni su neophodni za izra\u017eavanje prostornih, vremenskih i logi\u010dkih odnosa u Azerbejd\u017eanu.<\/p>\n\n\n\n<h3 class=\"wp-block-heading\" id=\"h-12-sentences\">12. re\u010denice:<\/h3>\n\n\n\n<p>Azerbejd\u017eanske re\u010denice slijede redoslijed rije\u010di subjekt-objekt-glagol (SOV). Razumevanje strukture re\u010denica je klju\u010dno za efikasnu komunikaciju i savladavanje azerbejd\u017eanskog jezika.<\/p>\n<\/div><\/div>\n\r\n<section class=\"learnNavigationSection\">\r\n            \r\n        <a href=\"https:\/\/talkpal.ai\/bs\/nauci-azerbejdzanski\/\">\r\n            <div class=\"learnNavigationWrapper\">\r\n                <div class=\"learnNavigationContent\">\r\n                    <img decoding=\"async\" src=\"https:\/\/talkpal.ai\/wp-content\/uploads\/2024\/08\/Azerbaijani.jpg\" alt=\"Azerbaijani Flag\">\r\n                    <div>\r\n                        <h4>O u\u010denju azerbejd\u017eanskog<\/h4>\r\n                        <p>Saznajte sve o azerbejd\u017eanskoj gramatici.<\/p>\r\n                    <\/div>\r\n                <\/div>\r\n            <\/div>\r\n        <\/a>\r\n\r\n        \r\n        <a href=\"https:\/\/talkpal.ai\/bs\/azerbejdzanska-gramatika\/\">\r\n            <div class=\"learnNavigationWrapper\">\r\n                <div class=\"learnNavigationContent\">\r\n                    <img decoding=\"async\" src=\"https:\/\/talkpal.ai\/wp-content\/uploads\/2024\/08\/Azerbaijani.jpg\" alt=\"Azerbaijani Flag\">\r\n                    <div>\r\n                        <h4>Azerbejd\u017eanske gramati\u010dke lekcije<\/h4>\r\n                        <p>Vje\u017ebaj azerbejd\u017eansku gramatiku.<\/p>\r\n                    <\/div>\r\n                <\/div>\r\n            <\/div>\r\n        <\/a>\r\n\r\n        \r\n        <a href=\"https:\/\/talkpal.ai\/vocabulary_language\/azerbaijani\/\">\r\n            <div class=\"learnNavigationWrapper\">\r\n                <div class=\"learnNavigationContent\">\r\n                    <img decoding=\"async\" src=\"https:\/\/talkpal.ai\/wp-content\/uploads\/2024\/08\/Azerbaijani.jpg\" alt=\"Azerbaijani Flag\">\r\n                    <div>\r\n                        <h4>Azerbejd\u017eanski vokabular<\/h4>\r\n                        <p>Pro\u0161irite svoj azerbejd\u017eanski vokabular.<\/p>\r\n                    <\/div>\r\n                <\/div>\r\n            <\/div>\r\n        <\/a>\r\n\r\n            <\/section>","protected":false},"excerpt":{"rendered":"<p>Azerbejd\u017eanska gramatika Azerbejd\u017eanski, tako\u0111er poznat kao Azeri, je turski jezik koji se govori prvenstveno u Azerbejd\u017eanu i okolnim regijama. Slu\u017ebeni je jezik Republike Azerbejd\u017ean i ima zna\u010dajne govornike u Iranu, Turskoj, Gruziji i Rusiji. Kao polaznik azerbejd\u017eanskog jezika, neophodno je razumeti osnovne aspekte jezika, kao \u0161to su njegova gramatika, sintaksa i re\u010dnik. Ovaj vodi\u010d \u0107e [&hellip;]<\/p>\n","protected":false},"author":6,"featured_media":109399,"parent":0,"menu_order":0,"comment_status":"closed","ping_status":"closed","template":"LearningContentPage.php","meta":{"_acf_changed":false,"footnotes":""},"class_list":["post-165997","page","type-page","status-publish","has-post-thumbnail","hentry"],"acf":[],"yoast_head":"<!-- This site is optimized with the Yoast SEO Premium plugin v27.2 (Yoast SEO v27.2) - https:\/\/yoast.com\/product\/yoast-seo-premium-wordpress\/ -->\n<title>Azerbejd\u017eanske gramati\u010dke vje\u017ebe - Talkpal<\/title>\n<meta name=\"description\" content=\"Unaprijedite svoje znanje azerbejd\u017eanskog jezika uz interaktivne vje\u017ebe azerbejd\u017eanske gramatike od Talkpal , va\u0161eg tutora jezika pokretanog vje\u0161ta\u010dkom inteligencijom.\" \/>\n<meta name=\"robots\" content=\"index, follow, max-snippet:-1, max-image-preview:large, max-video-preview:-1\" \/>\n<link rel=\"canonical\" href=\"https:\/\/talkpal.ai\/bs\/azerbejdzanske-gramaticke-vjezbe\/\" \/>\n<meta property=\"og:locale\" content=\"bs_BA\" \/>\n<meta property=\"og:type\" content=\"article\" \/>\n<meta property=\"og:title\" content=\"Azerbejd\u017eanske gramati\u010dke vje\u017ebe\" \/>\n<meta property=\"og:description\" content=\"Azerbejd\u017eanska gramatika Azerbejd\u017eanski, tako\u0111er poznat kao Azeri, je turski jezik koji se govori prvenstveno u Azerbejd\u017eanu i okolnim regijama. Slu\u017ebeni\" \/>\n<meta property=\"og:url\" content=\"https:\/\/talkpal.ai\/bs\/azerbejdzanske-gramaticke-vjezbe\/\" \/>\n<meta property=\"og:site_name\" content=\"Talkpal\" \/>\n<meta property=\"article:publisher\" content=\"https:\/\/www.facebook.com\/profile.php?id=100090733639311\" \/>\n<meta property=\"article:modified_time\" content=\"2025-05-22T21:36:18+00:00\" \/>\n<meta property=\"og:image\" content=\"https:\/\/talkpal.ai\/wp-content\/uploads\/2023\/05\/azerbaijan.png\" \/>\n\t<meta property=\"og:image:width\" content=\"512\" \/>\n\t<meta property=\"og:image:height\" content=\"512\" \/>\n\t<meta property=\"og:image:type\" content=\"image\/png\" \/>\n<meta name=\"twitter:card\" content=\"summary_large_image\" \/>\n<meta name=\"twitter:site\" content=\"@talkpalai\" \/>\n<meta name=\"twitter:label1\" content=\"Est. reading time\" \/>\n\t<meta name=\"twitter:data1\" content=\"3 minute\" \/>\n<script type=\"application\/ld+json\" class=\"yoast-schema-graph\">{\"@context\":\"https:\/\/schema.org\",\"@graph\":[{\"@type\":\"WebPage\",\"@id\":\"https:\/\/talkpal.ai\/bs\/azerbejdzanske-gramaticke-vjezbe\/\",\"url\":\"https:\/\/talkpal.ai\/bs\/azerbejdzanske-gramaticke-vjezbe\/\",\"name\":\"Azerbejd\u017eanske gramati\u010dke vje\u017ebe - Talkpal\",\"isPartOf\":{\"@id\":\"https:\/\/talkpal.ai\/bs\/#website\"},\"primaryImageOfPage\":{\"@id\":\"https:\/\/talkpal.ai\/bs\/azerbejdzanske-gramaticke-vjezbe\/#primaryimage\"},\"image\":{\"@id\":\"https:\/\/talkpal.ai\/bs\/azerbejdzanske-gramaticke-vjezbe\/#primaryimage\"},\"thumbnailUrl\":\"https:\/\/talkpal.ai\/wp-content\/uploads\/2023\/05\/azerbaijan.png\",\"datePublished\":\"2023-06-16T11:38:32+00:00\",\"dateModified\":\"2025-05-22T21:36:18+00:00\",\"description\":\"Unaprijedite svoje znanje azerbejd\u017eanskog jezika uz interaktivne vje\u017ebe azerbejd\u017eanske gramatike od Talkpal , va\u0161eg tutora jezika pokretanog vje\u0161ta\u010dkom inteligencijom.\",\"breadcrumb\":{\"@id\":\"https:\/\/talkpal.ai\/bs\/azerbejdzanske-gramaticke-vjezbe\/#breadcrumb\"},\"inLanguage\":\"bs-BA\",\"potentialAction\":[{\"@type\":\"ReadAction\",\"target\":[\"https:\/\/talkpal.ai\/bs\/azerbejdzanske-gramaticke-vjezbe\/\"]}]},{\"@type\":\"ImageObject\",\"inLanguage\":\"bs-BA\",\"@id\":\"https:\/\/talkpal.ai\/bs\/azerbejdzanske-gramaticke-vjezbe\/#primaryimage\",\"url\":\"https:\/\/talkpal.ai\/wp-content\/uploads\/2023\/05\/azerbaijan.png\",\"contentUrl\":\"https:\/\/talkpal.ai\/wp-content\/uploads\/2023\/05\/azerbaijan.png\",\"width\":512,\"height\":512},{\"@type\":\"BreadcrumbList\",\"@id\":\"https:\/\/talkpal.ai\/bs\/azerbejdzanske-gramaticke-vjezbe\/#breadcrumb\",\"itemListElement\":[{\"@type\":\"ListItem\",\"position\":1,\"name\":\"Homepage\",\"item\":\"https:\/\/talkpal.ai\/bs\/\"},{\"@type\":\"ListItem\",\"position\":2,\"name\":\"Azerbejd\u017eanske gramati\u010dke vje\u017ebe\"}]},{\"@type\":\"WebSite\",\"@id\":\"https:\/\/talkpal.ai\/bs\/#website\",\"url\":\"https:\/\/talkpal.ai\/bs\/\",\"name\":\"Talkpal\",\"description\":\"AI Language Learning\",\"publisher\":{\"@id\":\"https:\/\/talkpal.ai\/bs\/#organization\"},\"alternateName\":\"Talkpal AI\",\"potentialAction\":[{\"@type\":\"SearchAction\",\"target\":{\"@type\":\"EntryPoint\",\"urlTemplate\":\"https:\/\/talkpal.ai\/bs\/?s={search_term_string}\"},\"query-input\":{\"@type\":\"PropertyValueSpecification\",\"valueRequired\":true,\"valueName\":\"search_term_string\"}}],\"inLanguage\":\"bs-BA\"},{\"@type\":\"Organization\",\"@id\":\"https:\/\/talkpal.ai\/bs\/#organization\",\"name\":\"Talkpal, Inc.\",\"alternateName\":\"Talkpal AI\",\"url\":\"https:\/\/talkpal.ai\/bs\/\",\"logo\":{\"@type\":\"ImageObject\",\"inLanguage\":\"bs-BA\",\"@id\":\"https:\/\/talkpal.ai\/bs\/#\/schema\/logo\/image\/\",\"url\":\"https:\/\/talkpal.ai\/wp-content\/uploads\/2024\/03\/Talkpal-Logo-Icon.png\",\"contentUrl\":\"https:\/\/talkpal.ai\/wp-content\/uploads\/2024\/03\/Talkpal-Logo-Icon.png\",\"width\":2880,\"height\":2880,\"caption\":\"Talkpal, Inc.\"},\"image\":{\"@id\":\"https:\/\/talkpal.ai\/bs\/#\/schema\/logo\/image\/\"},\"sameAs\":[\"https:\/\/www.facebook.com\/profile.php?id=100090733639311\",\"https:\/\/x.com\/talkpalai\",\"https:\/\/www.linkedin.com\/company\/talkpal\/\",\"https:\/\/www.youtube.com\/@TalkPal\/\",\"https:\/\/www.tiktok.com\/@talkpal\",\"https:\/\/www.instagram.com\/talkpal_ai\/\",\"https:\/\/www.crunchbase.com\/organization\/talkpal-9cde\",\"https:\/\/www.g2.com\/products\/talkpal-for-business\/\",\"https:\/\/www.trustpilot.com\/review\/talkpal.ai\",\"https:\/\/www.capterra.com\/p\/10006800\/TalkPal\/\"],\"description\":\"Talkpal is a language learning web and mobile education app, powered by the latest AI technologies, that provides engaging experiences to its customers in many different languages to help them improve their language skills. Users can chat about unlimited amount of topics with the app and use other modes to practice their language learning.\",\"email\":\"support@talkpal.ai\",\"legalName\":\"Talkpal, Inc.\",\"foundingDate\":\"2023-04-03\",\"duns\":\"118989042\",\"numberOfEmployees\":{\"@type\":\"QuantitativeValue\",\"minValue\":\"11\",\"maxValue\":\"50\"},\"publishingPrinciples\":\"https:\/\/talkpal.ai\/publishing-principles\/\",\"actionableFeedbackPolicy\":\"https:\/\/talkpal.ai\/actionable-feedback-policy\/\",\"correctionsPolicy\":\"https:\/\/talkpal.ai\/corrections-policy\/\",\"ethicsPolicy\":\"https:\/\/talkpal.ai\/ethics-policy\/\",\"diversityPolicy\":\"https:\/\/talkpal.ai\/diversity-policy\/\",\"diversityStaffingReport\":\"https:\/\/talkpal.ai\/diversity-policy\/\"}]}<\/script>\n<!-- \/ Yoast SEO Premium plugin. -->","yoast_head_json":{"title":"Azerbejd\u017eanske gramati\u010dke vje\u017ebe - Talkpal","description":"Unaprijedite svoje znanje azerbejd\u017eanskog jezika uz interaktivne vje\u017ebe azerbejd\u017eanske gramatike od Talkpal , va\u0161eg tutora jezika pokretanog vje\u0161ta\u010dkom inteligencijom.","robots":{"index":"index","follow":"follow","max-snippet":"max-snippet:-1","max-image-preview":"max-image-preview:large","max-video-preview":"max-video-preview:-1"},"canonical":"https:\/\/talkpal.ai\/bs\/azerbejdzanske-gramaticke-vjezbe\/","og_locale":"bs_BA","og_type":"article","og_title":"Azerbejd\u017eanske gramati\u010dke vje\u017ebe","og_description":"Azerbejd\u017eanska gramatika Azerbejd\u017eanski, tako\u0111er poznat kao Azeri, je turski jezik koji se govori prvenstveno u Azerbejd\u017eanu i okolnim regijama. Slu\u017ebeni","og_url":"https:\/\/talkpal.ai\/bs\/azerbejdzanske-gramaticke-vjezbe\/","og_site_name":"Talkpal","article_publisher":"https:\/\/www.facebook.com\/profile.php?id=100090733639311","article_modified_time":"2025-05-22T21:36:18+00:00","og_image":[{"width":512,"height":512,"url":"https:\/\/talkpal.ai\/wp-content\/uploads\/2023\/05\/azerbaijan.png","type":"image\/png"}],"twitter_card":"summary_large_image","twitter_site":"@talkpalai","twitter_misc":{"Est. reading time":"3 minute"},"schema":{"@context":"https:\/\/schema.org","@graph":[{"@type":"WebPage","@id":"https:\/\/talkpal.ai\/bs\/azerbejdzanske-gramaticke-vjezbe\/","url":"https:\/\/talkpal.ai\/bs\/azerbejdzanske-gramaticke-vjezbe\/","name":"Azerbejd\u017eanske gramati\u010dke vje\u017ebe - Talkpal","isPartOf":{"@id":"https:\/\/talkpal.ai\/bs\/#website"},"primaryImageOfPage":{"@id":"https:\/\/talkpal.ai\/bs\/azerbejdzanske-gramaticke-vjezbe\/#primaryimage"},"image":{"@id":"https:\/\/talkpal.ai\/bs\/azerbejdzanske-gramaticke-vjezbe\/#primaryimage"},"thumbnailUrl":"https:\/\/talkpal.ai\/wp-content\/uploads\/2023\/05\/azerbaijan.png","datePublished":"2023-06-16T11:38:32+00:00","dateModified":"2025-05-22T21:36:18+00:00","description":"Unaprijedite svoje znanje azerbejd\u017eanskog jezika uz interaktivne vje\u017ebe azerbejd\u017eanske gramatike od Talkpal , va\u0161eg tutora jezika pokretanog vje\u0161ta\u010dkom inteligencijom.","breadcrumb":{"@id":"https:\/\/talkpal.ai\/bs\/azerbejdzanske-gramaticke-vjezbe\/#breadcrumb"},"inLanguage":"bs-BA","potentialAction":[{"@type":"ReadAction","target":["https:\/\/talkpal.ai\/bs\/azerbejdzanske-gramaticke-vjezbe\/"]}]},{"@type":"ImageObject","inLanguage":"bs-BA","@id":"https:\/\/talkpal.ai\/bs\/azerbejdzanske-gramaticke-vjezbe\/#primaryimage","url":"https:\/\/talkpal.ai\/wp-content\/uploads\/2023\/05\/azerbaijan.png","contentUrl":"https:\/\/talkpal.ai\/wp-content\/uploads\/2023\/05\/azerbaijan.png","width":512,"height":512},{"@type":"BreadcrumbList","@id":"https:\/\/talkpal.ai\/bs\/azerbejdzanske-gramaticke-vjezbe\/#breadcrumb","itemListElement":[{"@type":"ListItem","position":1,"name":"Homepage","item":"https:\/\/talkpal.ai\/bs\/"},{"@type":"ListItem","position":2,"name":"Azerbejd\u017eanske gramati\u010dke vje\u017ebe"}]},{"@type":"WebSite","@id":"https:\/\/talkpal.ai\/bs\/#website","url":"https:\/\/talkpal.ai\/bs\/","name":"Talkpal","description":"AI Language Learning","publisher":{"@id":"https:\/\/talkpal.ai\/bs\/#organization"},"alternateName":"Talkpal AI","potentialAction":[{"@type":"SearchAction","target":{"@type":"EntryPoint","urlTemplate":"https:\/\/talkpal.ai\/bs\/?s={search_term_string}"},"query-input":{"@type":"PropertyValueSpecification","valueRequired":true,"valueName":"search_term_string"}}],"inLanguage":"bs-BA"},{"@type":"Organization","@id":"https:\/\/talkpal.ai\/bs\/#organization","name":"Talkpal, Inc.","alternateName":"Talkpal AI","url":"https:\/\/talkpal.ai\/bs\/","logo":{"@type":"ImageObject","inLanguage":"bs-BA","@id":"https:\/\/talkpal.ai\/bs\/#\/schema\/logo\/image\/","url":"https:\/\/talkpal.ai\/wp-content\/uploads\/2024\/03\/Talkpal-Logo-Icon.png","contentUrl":"https:\/\/talkpal.ai\/wp-content\/uploads\/2024\/03\/Talkpal-Logo-Icon.png","width":2880,"height":2880,"caption":"Talkpal, Inc."},"image":{"@id":"https:\/\/talkpal.ai\/bs\/#\/schema\/logo\/image\/"},"sameAs":["https:\/\/www.facebook.com\/profile.php?id=100090733639311","https:\/\/x.com\/talkpalai","https:\/\/www.linkedin.com\/company\/talkpal\/","https:\/\/www.youtube.com\/@TalkPal\/","https:\/\/www.tiktok.com\/@talkpal","https:\/\/www.instagram.com\/talkpal_ai\/","https:\/\/www.crunchbase.com\/organization\/talkpal-9cde","https:\/\/www.g2.com\/products\/talkpal-for-business\/","https:\/\/www.trustpilot.com\/review\/talkpal.ai","https:\/\/www.capterra.com\/p\/10006800\/TalkPal\/"],"description":"Talkpal is a language learning web and mobile education app, powered by the latest AI technologies, that provides engaging experiences to its customers in many different languages to help them improve their language skills. Users can chat about unlimited amount of topics with the app and use other modes to practice their language learning.","email":"support@talkpal.ai","legalName":"Talkpal, Inc.","foundingDate":"2023-04-03","duns":"118989042","numberOfEmployees":{"@type":"QuantitativeValue","minValue":"11","maxValue":"50"},"publishingPrinciples":"https:\/\/talkpal.ai\/publishing-principles\/","actionableFeedbackPolicy":"https:\/\/talkpal.ai\/actionable-feedback-policy\/","correctionsPolicy":"https:\/\/talkpal.ai\/corrections-policy\/","ethicsPolicy":"https:\/\/talkpal.ai\/ethics-policy\/","diversityPolicy":"https:\/\/talkpal.ai\/diversity-policy\/","diversityStaffingReport":"https:\/\/talkpal.ai\/diversity-policy\/"}]}},"_links":{"self":[{"href":"https:\/\/talkpal.ai\/bs\/wp-json\/wp\/v2\/pages\/165997","targetHints":{"allow":["GET"]}}],"collection":[{"href":"https:\/\/talkpal.ai\/bs\/wp-json\/wp\/v2\/pages"}],"about":[{"href":"https:\/\/talkpal.ai\/bs\/wp-json\/wp\/v2\/types\/page"}],"author":[{"embeddable":true,"href":"https:\/\/talkpal.ai\/bs\/wp-json\/wp\/v2\/users\/6"}],"replies":[{"embeddable":true,"href":"https:\/\/talkpal.ai\/bs\/wp-json\/wp\/v2\/comments?post=165997"}],"version-history":[{"count":0,"href":"https:\/\/talkpal.ai\/bs\/wp-json\/wp\/v2\/pages\/165997\/revisions"}],"wp:featuredmedia":[{"embeddable":true,"href":"https:\/\/talkpal.ai\/bs\/wp-json\/wp\/v2\/media\/109399"}],"wp:attachment":[{"href":"https:\/\/talkpal.ai\/bs\/wp-json\/wp\/v2\/media?parent=165997"}],"curies":[{"name":"wp","href":"https:\/\/api.w.org\/{rel}","templated":true}]}}