{"id":164432,"date":"2023-06-16T12:49:04","date_gmt":"2023-06-16T12:49:04","guid":{"rendered":"http:\/\/talkpal.ai\/katalonske-gramaticke-vezbe\/"},"modified":"2025-05-23T13:33:15","modified_gmt":"2025-05-23T13:33:15","slug":"katalonske-gramaticke-vezbe","status":"publish","type":"page","link":"https:\/\/talkpal.ai\/bs\/katalonske-gramaticke-vezbe\/","title":{"rendered":"Katalonske gramati\u010dke ve\u017ebe"},"content":{"rendered":"\r\n\r\n\r\n<section class=\"languageChallengeSection\">\r\n    <div class=\"languageInfoWrapper\">\r\n        \r\n        <h1>Katalonske gramati\u010dke ve\u017ebe<\/h1>\r\n        <p>\u017delite li ste\u0107i vi\u0161e samopouzdanja u katalonskom jeziku? Vje\u017ebanje gramati\u010dkih vje\u017ebi odli\u010dan je na\u010din za savladavanje re\u010deni\u010dne strukture, glagolskih oblika i karakteristi\u010dnih obrazaca katalonskog jezika. Po\u010dnite raditi na katalonskoj gramatici ve\u0107 danas i gledajte kako va\u0161e razumijevanje i te\u010dnost rastu sa svakom vje\u017ebom!<\/p>\r\n\r\n                            <a class=\"getStartedHidden\" href=\"https:\/\/app.talkpal.ai\/signup?lng=\">Kreni<\/a>\r\n        \r\n    <\/div>\r\n\r\n    <figure>\r\n    <img decoding=\"async\" width=\"768\" height=\"768\" src=\"https:\/\/talkpal.ai\/wp-content\/uploads\/2023\/06\/catalan-768x768.png\" class=\"languageImage no-lazy\" alt=\"Language learning techniques for fast learning\" fetchpriority=\"high\" sizes=\"(max-width: 768px) 150px, 768px\" srcset=\"https:\/\/talkpal.ai\/wp-content\/uploads\/2023\/06\/catalan-768x768.png 768w, https:\/\/talkpal.ai\/wp-content\/uploads\/2023\/06\/catalan-300x300.png 300w\" \/>\r\n    \r\n\r\n    <\/figure>\r\n\r\n            <a class=\"getStartedVisible\" href=\"https:\/\/app.talkpal.ai\/signup?lng=\">Kreni<\/a>\r\n    \r\n<\/section>\r\n\r\n\r\n<!-- <section class=\"grammarSection\">\r\n    <div class=\"grammarLinks\">\r\n            <\/div>\r\n<\/section> -->\r\n\r\n\r\n\r\n\r\n<section class=\"promotionalBanner\">\r\n    <p class=\"promotionalText\">Najefikasniji na\u010din za u\u010denje jezika<\/p>\r\n    <a class=\"promotionalLink\" href=\"https:\/\/app.talkpal.ai\/signup?lng=\">Isprobajte Talkpal besplatno<\/a>\r\n<\/section>\n<div class=\"wp-block-group pageContainerStyle\"><div class=\"wp-block-group__inner-container is-layout-constrained wp-block-group-is-layout-constrained\">\n<h2 class=\"wp-block-heading\" id=\"h-catalan-grammar-topics\">Katalonska gramatika<\/h2>\n\n\n\n<p><a href=\"https:\/\/talkpal.ai\/learn-catalan\/\">Katalonski<\/a>, romanski jezik kojim govore milioni ljudi u Kataloniji u \u0160paniji i delovima Italije i Francuske, prelep je i \u017eivopisan jezik sa bogatom istorijom. U\u010denje katalonskog jezika mo\u017ee biti prijatno i nagra\u0111ivano iskustvo, otvaraju\u0107i nove kulturne i jezi\u010dke <a href=\"https:\/\/talkpal.ai\/locations\/language-courses-in-horizonte\/\">horizonte<\/a>. Da bi se pravilno nau\u010dio ovaj jezik, savladavanje njegove gramatike je od su\u0161tinskog zna\u010daja. <a href=\"https:\/\/talkpal.ai\/catalan-grammar\/\">Katalonska gramatika<\/a>, kao i bilo koji drugi jezik, je sistem pravila koji reguli\u0161e konstrukciju fraza i re\u010denica. U ovom \u010dlanku \u0107emo istra\u017eiti klju\u010dne aspekte katalonske gramatike u logi\u010dkom slijedu, pru\u017eaju\u0107i solidnu osnovu za va\u0161e putovanje u\u010denja jezika.<\/p>\n\n\n\n<h3 class=\"wp-block-heading\" id=\"h-1-nouns-and-articles\">1. imenice i \u010dlanci:<\/h3>\n\n\n\n<p>Po\u010dnite sa u\u010denjem katalonskih imenica, koje imaju pol (mu\u0161ki ili \u017eenski) i brojeve (jednina ili mno\u017eina). Odre\u0111eni i neodre\u0111eni \u010dlanci na katalonskom jeziku tako\u0111e se menjaju prema polu i broju, \u0161to ih \u010dini su\u0161tinskom polaznom ta\u010dkom za izgradnju re\u010denica.<\/p>\n\n\n\n<h3 class=\"wp-block-heading\" id=\"h-2-adjectives\">2. pridjevi:<\/h3>\n\n\n\n<p>Pridjevi na katalonskom jeziku sla\u017eu se s imenicama koje mijenjaju u spolu i broju. Nau\u010dite kako da formirate i pozicionirate pridjeve kako biste ta\u010dno opisali karakteristike imenica.<\/p>\n\n\n\n<h3 class=\"wp-block-heading\" id=\"h-3-pronouns-determiners\">3. zamjenice\/determinatori:<\/h3>\n\n\n\n<p>Zamenice zamenjuju imenice da bi se izbeglo ponavljanje, dok ih determinatori odre\u0111uju ili kvantifikuju. Savladajte razli\u010dite vrste zamenica (subjekt, objekat, refleksivno) i determinatore (demonstrativne, posesivne, upitne) kako biste dodali raznovrsnost svojim re\u010denicama.<\/p>\n\n\n\n<h3 class=\"wp-block-heading\" id=\"h-4-verbs-and-tenses\">4. glagoli i napetosti:<\/h3>\n\n\n\n<p>Katalonski glagoli su konjugirani u skladu sa svojim napeto\u0161\u0107u, raspolo\u017eenjem i osobom. Nau\u010dite redovne i nepravilne oblike glagola u sada\u0161njim, pro\u0161lim i budu\u0107im vremenima, kao i imperativno raspolo\u017eenje za davanje komandi.<\/p>\n\n\n\n<h3 class=\"wp-block-heading\" id=\"h-5-tense-comparison\">5. napeto pore\u0111enje:<\/h3>\n\n\n\n<p>Razumeti kako da uporedite razli\u010dita vremena na katalonskom da izrazite akcije ili stanja <a href=\"https:\/\/talkpal.ai\/locations\/language-courses-in-koja\/\">koja<\/a> se de\u0161avaju u razli\u010ditim vremenima.<\/p>\n\n\n\n<h3 class=\"wp-block-heading\" id=\"h-6-progressive-and-perfect-progressive\">Progresivno i progresivno:<\/h3>\n\n\n\n<p>Progresivna forma ukazuje na stalnu akciju, dok savr\u0161ena progresivna kombinacija progresivnih i savr\u0161enih aspekata. Nauchite kako da formirate i koristite ove konstruktsi\u0458e za izrazhavanje akcija u toku ili zavrshene aktsi\u0458e sa stalnom relevantnosh\u045bu.<\/p>\n\n\n\n<h3 class=\"wp-block-heading\" id=\"h-7-adverbs\">7. prilozi:<\/h3>\n\n\n\n<p>Prilozi modifikuju glagole, pridjeve ili druge priloge kako bi pru\u017eili dodatne informacije o radnjama ili kvalitetima. Nau\u010dite razli\u010dite vrste priloga i njihovo postavljanje u re\u010denice.<\/p>\n\n\n\n<h3 class=\"wp-block-heading\" id=\"h-8-prepositions\">8. prijedlozi:<\/h3>\n\n\n\n<p>Predlozi povezuju imenice, zamenice ili druge elemente u re\u010denici kako bi ukazali na odnose kao \u0161to su lokacija, vreme ili pravac. Upoznajte se sa naj\u010de\u0161\u0107im katalonskim predlozima i njihovom upotrebom.<\/p>\n\n\n\n<h3 class=\"wp-block-heading\" id=\"h-9-conditionals\">9. uslovno:<\/h3>\n\n\n\n<p>Kondicionali izra\u017eavaju hipoteti\u010dke situacije ili uslove i njihove posledice. Nau\u010dite razli\u010dite vrste kondicionala (nula, prvi, drugi, tre\u0107i) i kako ih pravilno formirati i koristiti.<\/p>\n\n\n\n<h3 class=\"wp-block-heading\" id=\"h-10-sentences\">10. re\u010denice:<\/h3>\n\n\n\n<p>Kona\u010dno, vje\u017ebajte kombiniranje svih elemenata koje ste nau\u010dili kako biste formirali potpune, koherentne re\u010denice na katalonskom. Eksperimenti\u0161ite sa razli\u010ditim strukturama re\u010denica i praksom stvaraju\u0107i razli\u010dite vrste re\u010denica, kao \u0161to su deklarativne, ispitiva\u010dke i eksklamatolo\u0161ke.<\/p>\n\n\n\n<p>U\u010de\u0107i ove teme u predlo\u017eenom redosledu, razvi\u0107ete sna\u017enu osnovu u katalonskoj gramatici, omogu\u0107avaju\u0107i vam da efikasno i samouvereno komunicirate na ovom fascinantnom jeziku.<\/p>\n<\/div><\/div>\n\r\n<section class=\"learnNavigationSection\">\r\n            \r\n        <a href=\"https:\/\/talkpal.ai\/bs\/nauci-katalonski\/\">\r\n            <div class=\"learnNavigationWrapper\">\r\n                <div class=\"learnNavigationContent\">\r\n                    <img decoding=\"async\" src=\"https:\/\/talkpal.ai\/wp-content\/uploads\/2024\/08\/Catalan.jpg\" alt=\"Catalan Flag\">\r\n                    <div>\r\n                        <h4>O u\u010denju katalonskog<\/h4>\r\n                        <p>Saznaj sve o katalonskoj gramatici.<\/p>\r\n                    <\/div>\r\n                <\/div>\r\n            <\/div>\r\n        <\/a>\r\n\r\n        \r\n        <a href=\"https:\/\/talkpal.ai\/bs\/katalonska-gramatika\/\">\r\n            <div class=\"learnNavigationWrapper\">\r\n                <div class=\"learnNavigationContent\">\r\n                    <img decoding=\"async\" src=\"https:\/\/talkpal.ai\/wp-content\/uploads\/2024\/08\/Catalan.jpg\" alt=\"Catalan Flag\">\r\n                    <div>\r\n                        <h4>Lekcije katalonske gramatike<\/h4>\r\n                        <p>Praktikuj katalonsku gramatiku.<\/p>\r\n                    <\/div>\r\n                <\/div>\r\n            <\/div>\r\n        <\/a>\r\n\r\n        \r\n        <a href=\"https:\/\/talkpal.ai\/vocabulary_language\/catalan\/\">\r\n            <div class=\"learnNavigationWrapper\">\r\n                <div class=\"learnNavigationContent\">\r\n                    <img decoding=\"async\" src=\"https:\/\/talkpal.ai\/wp-content\/uploads\/2024\/08\/Catalan.jpg\" alt=\"Catalan Flag\">\r\n                    <div>\r\n                        <h4>Katalonski vokabular<\/h4>\r\n                        <p>Pro\u0161irite svoj katalonski vokabular.<\/p>\r\n                    <\/div>\r\n                <\/div>\r\n            <\/div>\r\n        <\/a>\r\n\r\n            <\/section>","protected":false},"excerpt":{"rendered":"<p>Katalonska gramatika Katalonski, romanski jezik kojim govore milioni ljudi u Kataloniji u \u0160paniji i delovima Italije i Francuske, prelep je i \u017eivopisan jezik sa bogatom istorijom. U\u010denje katalonskog jezika mo\u017ee biti prijatno i nagra\u0111ivano iskustvo, otvaraju\u0107i nove kulturne i jezi\u010dke horizonte. Da bi se pravilno nau\u010dio ovaj jezik, savladavanje njegove gramatike je od su\u0161tinskog zna\u010daja. [&hellip;]<\/p>\n","protected":false},"author":6,"featured_media":142115,"parent":0,"menu_order":0,"comment_status":"closed","ping_status":"closed","template":"LearningContentPage.php","meta":{"_acf_changed":false,"footnotes":""},"class_list":["post-164432","page","type-page","status-publish","has-post-thumbnail","hentry"],"acf":[],"yoast_head":"<!-- This site is optimized with the Yoast SEO Premium plugin v27.2 (Yoast SEO v27.2) - https:\/\/yoast.com\/product\/yoast-seo-premium-wordpress\/ -->\n<title>Katalonske gramati\u010dke ve\u017ebe - Talkpal<\/title>\n<meta name=\"description\" content=\"Istra\u017eite osnovne vje\u017ebe katalonske gramatike kako biste pobolj\u0161ali svoje razumijevanje ovog prekrasnog jezika i njegove strukture.\" \/>\n<meta name=\"robots\" content=\"index, follow, max-snippet:-1, max-image-preview:large, max-video-preview:-1\" \/>\n<link rel=\"canonical\" href=\"https:\/\/talkpal.ai\/bs\/katalonske-gramaticke-vezbe\/\" \/>\n<meta property=\"og:locale\" content=\"bs_BA\" \/>\n<meta property=\"og:type\" content=\"article\" \/>\n<meta property=\"og:title\" content=\"Katalonske gramati\u010dke ve\u017ebe\" \/>\n<meta property=\"og:description\" content=\"Katalonska gramatika Katalonski, romanski jezik kojim govore milioni ljudi u Kataloniji u \u0160paniji i delovima Italije i Francuske, prelep je i \u017eivopisan\" \/>\n<meta property=\"og:url\" content=\"https:\/\/talkpal.ai\/bs\/katalonske-gramaticke-vezbe\/\" \/>\n<meta property=\"og:site_name\" content=\"Talkpal\" \/>\n<meta property=\"article:publisher\" content=\"https:\/\/www.facebook.com\/profile.php?id=100090733639311\" \/>\n<meta property=\"article:modified_time\" content=\"2025-05-23T13:33:15+00:00\" \/>\n<meta property=\"og:image\" content=\"https:\/\/talkpal.ai\/wp-content\/uploads\/2023\/08\/Catalan.png\" \/>\n\t<meta property=\"og:image:width\" content=\"479\" \/>\n\t<meta property=\"og:image:height\" content=\"479\" \/>\n\t<meta property=\"og:image:type\" content=\"image\/png\" \/>\n<meta name=\"twitter:card\" content=\"summary_large_image\" \/>\n<meta name=\"twitter:site\" content=\"@talkpalai\" \/>\n<meta name=\"twitter:label1\" content=\"Est. reading time\" \/>\n\t<meta name=\"twitter:data1\" content=\"3 minute\" \/>\n<script type=\"application\/ld+json\" class=\"yoast-schema-graph\">{\"@context\":\"https:\/\/schema.org\",\"@graph\":[{\"@type\":\"WebPage\",\"@id\":\"https:\/\/talkpal.ai\/bs\/katalonske-gramaticke-vezbe\/\",\"url\":\"https:\/\/talkpal.ai\/bs\/katalonske-gramaticke-vezbe\/\",\"name\":\"Katalonske gramati\u010dke ve\u017ebe - Talkpal\",\"isPartOf\":{\"@id\":\"https:\/\/talkpal.ai\/bs\/#website\"},\"primaryImageOfPage\":{\"@id\":\"https:\/\/talkpal.ai\/bs\/katalonske-gramaticke-vezbe\/#primaryimage\"},\"image\":{\"@id\":\"https:\/\/talkpal.ai\/bs\/katalonske-gramaticke-vezbe\/#primaryimage\"},\"thumbnailUrl\":\"https:\/\/talkpal.ai\/wp-content\/uploads\/2023\/08\/Catalan.png\",\"datePublished\":\"2023-06-16T12:49:04+00:00\",\"dateModified\":\"2025-05-23T13:33:15+00:00\",\"description\":\"Istra\u017eite osnovne vje\u017ebe katalonske gramatike kako biste pobolj\u0161ali svoje razumijevanje ovog prekrasnog jezika i njegove strukture.\",\"breadcrumb\":{\"@id\":\"https:\/\/talkpal.ai\/bs\/katalonske-gramaticke-vezbe\/#breadcrumb\"},\"inLanguage\":\"bs-BA\",\"potentialAction\":[{\"@type\":\"ReadAction\",\"target\":[\"https:\/\/talkpal.ai\/bs\/katalonske-gramaticke-vezbe\/\"]}]},{\"@type\":\"ImageObject\",\"inLanguage\":\"bs-BA\",\"@id\":\"https:\/\/talkpal.ai\/bs\/katalonske-gramaticke-vezbe\/#primaryimage\",\"url\":\"https:\/\/talkpal.ai\/wp-content\/uploads\/2023\/08\/Catalan.png\",\"contentUrl\":\"https:\/\/talkpal.ai\/wp-content\/uploads\/2023\/08\/Catalan.png\",\"width\":479,\"height\":479},{\"@type\":\"BreadcrumbList\",\"@id\":\"https:\/\/talkpal.ai\/bs\/katalonske-gramaticke-vezbe\/#breadcrumb\",\"itemListElement\":[{\"@type\":\"ListItem\",\"position\":1,\"name\":\"Homepage\",\"item\":\"https:\/\/talkpal.ai\/bs\/\"},{\"@type\":\"ListItem\",\"position\":2,\"name\":\"Katalonske gramati\u010dke ve\u017ebe\"}]},{\"@type\":\"WebSite\",\"@id\":\"https:\/\/talkpal.ai\/bs\/#website\",\"url\":\"https:\/\/talkpal.ai\/bs\/\",\"name\":\"Talkpal\",\"description\":\"AI Language Learning\",\"publisher\":{\"@id\":\"https:\/\/talkpal.ai\/bs\/#organization\"},\"alternateName\":\"Talkpal AI\",\"potentialAction\":[{\"@type\":\"SearchAction\",\"target\":{\"@type\":\"EntryPoint\",\"urlTemplate\":\"https:\/\/talkpal.ai\/bs\/?s={search_term_string}\"},\"query-input\":{\"@type\":\"PropertyValueSpecification\",\"valueRequired\":true,\"valueName\":\"search_term_string\"}}],\"inLanguage\":\"bs-BA\"},{\"@type\":\"Organization\",\"@id\":\"https:\/\/talkpal.ai\/bs\/#organization\",\"name\":\"Talkpal, Inc.\",\"alternateName\":\"Talkpal AI\",\"url\":\"https:\/\/talkpal.ai\/bs\/\",\"logo\":{\"@type\":\"ImageObject\",\"inLanguage\":\"bs-BA\",\"@id\":\"https:\/\/talkpal.ai\/bs\/#\/schema\/logo\/image\/\",\"url\":\"https:\/\/talkpal.ai\/wp-content\/uploads\/2024\/03\/Talkpal-Logo-Icon.png\",\"contentUrl\":\"https:\/\/talkpal.ai\/wp-content\/uploads\/2024\/03\/Talkpal-Logo-Icon.png\",\"width\":2880,\"height\":2880,\"caption\":\"Talkpal, Inc.\"},\"image\":{\"@id\":\"https:\/\/talkpal.ai\/bs\/#\/schema\/logo\/image\/\"},\"sameAs\":[\"https:\/\/www.facebook.com\/profile.php?id=100090733639311\",\"https:\/\/x.com\/talkpalai\",\"https:\/\/www.linkedin.com\/company\/talkpal\/\",\"https:\/\/www.youtube.com\/@TalkPal\/\",\"https:\/\/www.tiktok.com\/@talkpal\",\"https:\/\/www.instagram.com\/talkpal_ai\/\",\"https:\/\/www.crunchbase.com\/organization\/talkpal-9cde\",\"https:\/\/www.g2.com\/products\/talkpal-for-business\/\",\"https:\/\/www.trustpilot.com\/review\/talkpal.ai\",\"https:\/\/www.capterra.com\/p\/10006800\/TalkPal\/\"],\"description\":\"Talkpal is a language learning web and mobile education app, powered by the latest AI technologies, that provides engaging experiences to its customers in many different languages to help them improve their language skills. Users can chat about unlimited amount of topics with the app and use other modes to practice their language learning.\",\"email\":\"support@talkpal.ai\",\"legalName\":\"Talkpal, Inc.\",\"foundingDate\":\"2023-04-03\",\"duns\":\"118989042\",\"numberOfEmployees\":{\"@type\":\"QuantitativeValue\",\"minValue\":\"11\",\"maxValue\":\"50\"},\"publishingPrinciples\":\"https:\/\/talkpal.ai\/publishing-principles\/\",\"actionableFeedbackPolicy\":\"https:\/\/talkpal.ai\/actionable-feedback-policy\/\",\"correctionsPolicy\":\"https:\/\/talkpal.ai\/corrections-policy\/\",\"ethicsPolicy\":\"https:\/\/talkpal.ai\/ethics-policy\/\",\"diversityPolicy\":\"https:\/\/talkpal.ai\/diversity-policy\/\",\"diversityStaffingReport\":\"https:\/\/talkpal.ai\/diversity-policy\/\"}]}<\/script>\n<!-- \/ Yoast SEO Premium plugin. -->","yoast_head_json":{"title":"Katalonske gramati\u010dke ve\u017ebe - Talkpal","description":"Istra\u017eite osnovne vje\u017ebe katalonske gramatike kako biste pobolj\u0161ali svoje razumijevanje ovog prekrasnog jezika i njegove strukture.","robots":{"index":"index","follow":"follow","max-snippet":"max-snippet:-1","max-image-preview":"max-image-preview:large","max-video-preview":"max-video-preview:-1"},"canonical":"https:\/\/talkpal.ai\/bs\/katalonske-gramaticke-vezbe\/","og_locale":"bs_BA","og_type":"article","og_title":"Katalonske gramati\u010dke ve\u017ebe","og_description":"Katalonska gramatika Katalonski, romanski jezik kojim govore milioni ljudi u Kataloniji u \u0160paniji i delovima Italije i Francuske, prelep je i \u017eivopisan","og_url":"https:\/\/talkpal.ai\/bs\/katalonske-gramaticke-vezbe\/","og_site_name":"Talkpal","article_publisher":"https:\/\/www.facebook.com\/profile.php?id=100090733639311","article_modified_time":"2025-05-23T13:33:15+00:00","og_image":[{"width":479,"height":479,"url":"https:\/\/talkpal.ai\/wp-content\/uploads\/2023\/08\/Catalan.png","type":"image\/png"}],"twitter_card":"summary_large_image","twitter_site":"@talkpalai","twitter_misc":{"Est. reading time":"3 minute"},"schema":{"@context":"https:\/\/schema.org","@graph":[{"@type":"WebPage","@id":"https:\/\/talkpal.ai\/bs\/katalonske-gramaticke-vezbe\/","url":"https:\/\/talkpal.ai\/bs\/katalonske-gramaticke-vezbe\/","name":"Katalonske gramati\u010dke ve\u017ebe - Talkpal","isPartOf":{"@id":"https:\/\/talkpal.ai\/bs\/#website"},"primaryImageOfPage":{"@id":"https:\/\/talkpal.ai\/bs\/katalonske-gramaticke-vezbe\/#primaryimage"},"image":{"@id":"https:\/\/talkpal.ai\/bs\/katalonske-gramaticke-vezbe\/#primaryimage"},"thumbnailUrl":"https:\/\/talkpal.ai\/wp-content\/uploads\/2023\/08\/Catalan.png","datePublished":"2023-06-16T12:49:04+00:00","dateModified":"2025-05-23T13:33:15+00:00","description":"Istra\u017eite osnovne vje\u017ebe katalonske gramatike kako biste pobolj\u0161ali svoje razumijevanje ovog prekrasnog jezika i njegove strukture.","breadcrumb":{"@id":"https:\/\/talkpal.ai\/bs\/katalonske-gramaticke-vezbe\/#breadcrumb"},"inLanguage":"bs-BA","potentialAction":[{"@type":"ReadAction","target":["https:\/\/talkpal.ai\/bs\/katalonske-gramaticke-vezbe\/"]}]},{"@type":"ImageObject","inLanguage":"bs-BA","@id":"https:\/\/talkpal.ai\/bs\/katalonske-gramaticke-vezbe\/#primaryimage","url":"https:\/\/talkpal.ai\/wp-content\/uploads\/2023\/08\/Catalan.png","contentUrl":"https:\/\/talkpal.ai\/wp-content\/uploads\/2023\/08\/Catalan.png","width":479,"height":479},{"@type":"BreadcrumbList","@id":"https:\/\/talkpal.ai\/bs\/katalonske-gramaticke-vezbe\/#breadcrumb","itemListElement":[{"@type":"ListItem","position":1,"name":"Homepage","item":"https:\/\/talkpal.ai\/bs\/"},{"@type":"ListItem","position":2,"name":"Katalonske gramati\u010dke ve\u017ebe"}]},{"@type":"WebSite","@id":"https:\/\/talkpal.ai\/bs\/#website","url":"https:\/\/talkpal.ai\/bs\/","name":"Talkpal","description":"AI Language Learning","publisher":{"@id":"https:\/\/talkpal.ai\/bs\/#organization"},"alternateName":"Talkpal AI","potentialAction":[{"@type":"SearchAction","target":{"@type":"EntryPoint","urlTemplate":"https:\/\/talkpal.ai\/bs\/?s={search_term_string}"},"query-input":{"@type":"PropertyValueSpecification","valueRequired":true,"valueName":"search_term_string"}}],"inLanguage":"bs-BA"},{"@type":"Organization","@id":"https:\/\/talkpal.ai\/bs\/#organization","name":"Talkpal, Inc.","alternateName":"Talkpal AI","url":"https:\/\/talkpal.ai\/bs\/","logo":{"@type":"ImageObject","inLanguage":"bs-BA","@id":"https:\/\/talkpal.ai\/bs\/#\/schema\/logo\/image\/","url":"https:\/\/talkpal.ai\/wp-content\/uploads\/2024\/03\/Talkpal-Logo-Icon.png","contentUrl":"https:\/\/talkpal.ai\/wp-content\/uploads\/2024\/03\/Talkpal-Logo-Icon.png","width":2880,"height":2880,"caption":"Talkpal, Inc."},"image":{"@id":"https:\/\/talkpal.ai\/bs\/#\/schema\/logo\/image\/"},"sameAs":["https:\/\/www.facebook.com\/profile.php?id=100090733639311","https:\/\/x.com\/talkpalai","https:\/\/www.linkedin.com\/company\/talkpal\/","https:\/\/www.youtube.com\/@TalkPal\/","https:\/\/www.tiktok.com\/@talkpal","https:\/\/www.instagram.com\/talkpal_ai\/","https:\/\/www.crunchbase.com\/organization\/talkpal-9cde","https:\/\/www.g2.com\/products\/talkpal-for-business\/","https:\/\/www.trustpilot.com\/review\/talkpal.ai","https:\/\/www.capterra.com\/p\/10006800\/TalkPal\/"],"description":"Talkpal is a language learning web and mobile education app, powered by the latest AI technologies, that provides engaging experiences to its customers in many different languages to help them improve their language skills. Users can chat about unlimited amount of topics with the app and use other modes to practice their language learning.","email":"support@talkpal.ai","legalName":"Talkpal, Inc.","foundingDate":"2023-04-03","duns":"118989042","numberOfEmployees":{"@type":"QuantitativeValue","minValue":"11","maxValue":"50"},"publishingPrinciples":"https:\/\/talkpal.ai\/publishing-principles\/","actionableFeedbackPolicy":"https:\/\/talkpal.ai\/actionable-feedback-policy\/","correctionsPolicy":"https:\/\/talkpal.ai\/corrections-policy\/","ethicsPolicy":"https:\/\/talkpal.ai\/ethics-policy\/","diversityPolicy":"https:\/\/talkpal.ai\/diversity-policy\/","diversityStaffingReport":"https:\/\/talkpal.ai\/diversity-policy\/"}]}},"_links":{"self":[{"href":"https:\/\/talkpal.ai\/bs\/wp-json\/wp\/v2\/pages\/164432","targetHints":{"allow":["GET"]}}],"collection":[{"href":"https:\/\/talkpal.ai\/bs\/wp-json\/wp\/v2\/pages"}],"about":[{"href":"https:\/\/talkpal.ai\/bs\/wp-json\/wp\/v2\/types\/page"}],"author":[{"embeddable":true,"href":"https:\/\/talkpal.ai\/bs\/wp-json\/wp\/v2\/users\/6"}],"replies":[{"embeddable":true,"href":"https:\/\/talkpal.ai\/bs\/wp-json\/wp\/v2\/comments?post=164432"}],"version-history":[{"count":0,"href":"https:\/\/talkpal.ai\/bs\/wp-json\/wp\/v2\/pages\/164432\/revisions"}],"wp:featuredmedia":[{"embeddable":true,"href":"https:\/\/talkpal.ai\/bs\/wp-json\/wp\/v2\/media\/142115"}],"wp:attachment":[{"href":"https:\/\/talkpal.ai\/bs\/wp-json\/wp\/v2\/media?parent=164432"}],"curies":[{"name":"wp","href":"https:\/\/api.w.org\/{rel}","templated":true}]}}