{"id":163754,"date":"2023-06-16T13:10:39","date_gmt":"2023-06-16T13:10:39","guid":{"rendered":"http:\/\/talkpal.ai\/ceske-gramaticke-vezbe\/"},"modified":"2025-12-17T16:29:13","modified_gmt":"2025-12-17T16:29:13","slug":"ceske-gramaticke-vezbe","status":"publish","type":"page","link":"https:\/\/talkpal.ai\/bs\/ceske-gramaticke-vezbe\/","title":{"rendered":"\u010ce\u0161ke gramati\u010dke ve\u017ebe"},"content":{"rendered":"\r\n\r\n\r\n<section class=\"languageChallengeSection\">\r\n    <div class=\"languageInfoWrapper\">\r\n        \r\n        <h1>\u010ce\u0161ke gramati\u010dke ve\u017ebe<\/h1>\r\n        <p>Spremni da usavr\u0161ite svoje znanje \u010de\u0161kog jezika? Vje\u017ebanje gramati\u010dkih vje\u017ebi je savr\u0161en na\u010din za savladavanje re\u010deni\u010dne strukture, glagolskih zavr\u0161etaka i karakteristi\u010dnih obrazaca \u010de\u0161kog jezika. Po\u010dnite raditi na \u010de\u0161koj gramatici ve\u0107 danas i gledajte kako vam samopouzdanje i te\u010dnost rastu sa svakom vje\u017ebom!\n\n<\/p>\r\n\r\n                            <a class=\"getStartedHidden\" href=\"https:\/\/app.talkpal.ai\/signup?lng=\">Kreni<\/a>\r\n        \r\n    <\/div>\r\n\r\n    <figure>\r\n    <img decoding=\"async\" width=\"768\" height=\"768\" src=\"https:\/\/talkpal.ai\/wp-content\/uploads\/2023\/06\/Czech-768x768.png\" class=\"languageImage no-lazy\" alt=\"Language learning for intellectual development\" fetchpriority=\"high\" sizes=\"(max-width: 768px) 150px, 768px\" srcset=\"https:\/\/talkpal.ai\/wp-content\/uploads\/2023\/06\/Czech-768x768.png 768w, https:\/\/talkpal.ai\/wp-content\/uploads\/2023\/06\/Czech-300x300.png 300w\" \/>\r\n    \r\n\r\n    <\/figure>\r\n\r\n            <a class=\"getStartedVisible\" href=\"https:\/\/app.talkpal.ai\/signup?lng=\">Kreni<\/a>\r\n    \r\n<\/section>\r\n\r\n\r\n<!-- <section class=\"grammarSection\">\r\n    <div class=\"grammarLinks\">\r\n            <\/div>\r\n<\/section> -->\r\n\r\n\r\n\r\n\r\n<section class=\"promotionalBanner\">\r\n    <p class=\"promotionalText\">Najefikasniji na\u010din za u\u010denje jezika<\/p>\r\n    <a class=\"promotionalLink\" href=\"https:\/\/app.talkpal.ai\/signup?lng=\">Isprobajte Talkpal besplatno<\/a>\r\n<\/section>\n<div class=\"wp-block-group pageContainerStyle\"><div class=\"wp-block-group__inner-container is-layout-constrained wp-block-group-is-layout-constrained\">\n<h2 class=\"wp-block-heading\" id=\"h-czech-grammar-topics\">\u010ce\u0161ka gramatika<\/h2>\n\n\n\n<p>U\u010denje novog jezika mo\u017ee biti uzbudljivo i oboga\u0107uju\u0107e iskustvo, a ni <a href=\"https:\/\/talkpal.ai\/hr\/ucenje-ceskog-jezika\/\">\u010de\u0161ki jezik<\/a> nije izuzetak. Sa svojom bogatom istorijom i jedinstvenim slovenskim \u0161armom, <a href=\"https:\/\/talkpal.ai\/learn-czech\/\">\u010de\u0161ki<\/a> jezik nudi u\u010denicima prolaz u srce centralne Evrope. Da biste maksimalno iskoristili svoje putovanje \u010de\u0161kim jezikom, neophodno je razumjeti i savladati njegovu gramatiku, <a href=\"https:\/\/talkpal.ai\/locations\/language-courses-in-koja\/\">koja<\/a> je okosnica svakog jezika. Od napetosti i glagola do pridjeva i prijedloga, poznavanje ovih gramati\u010dkih tema pomo\u0107i \u0107e vam da komunicirate efikasno i samouvjereno. U ovom vodi\u010du \u0107emo vas provesti kroz su\u0161tinske \u010de\u0161ke gramati\u010dke teme, grupisane u nizu koji \u0107e vam olak\u0161ati u\u010denje i razumevanje jezika.<\/p>\n\n\n\n<h3 class=\"wp-block-heading\" id=\"h-1-nouns\">1. imenice:<\/h3>\n\n\n\n<p>Po\u010dnite da u\u010dite sa \u010de\u0161kim imenicama, jer su one osnova jezika. \u010ce\u0161ke imenice imaju tri roda (mu\u0161ki, \u017eenski i neuterski) i sedam slu\u010dajeva (nominativ, genitiv, dativ, akuzativ, vokativ, lokativ i instrumental). Razumevanje sistema polova i slu\u010dajeva je od klju\u010dnog zna\u010daja za pravilno formiranje re\u010denica.<\/p>\n\n\n\n<h3 class=\"wp-block-heading\" id=\"h-2-articles\">2. \u010dlanci:<\/h3>\n\n\n\n<p>\u010ce\u0161ki jezik nema neodre\u0111ene \u010dlanke (a, an), a odre\u0111eni \u010dlanak (the) koristi se samo u nekim specifi\u010dnim situacijama. Nau\u010dite kada i kako da koristite odre\u0111eni \u010dlanak da biste pobolj\u0161ali svoje razumevanje \u010de\u0161ke gramatike.<\/p>\n\n\n\n<h3 class=\"wp-block-heading\" id=\"h-3-pronouns-determiners\">3. zamjenice\/determinatori:<\/h3>\n\n\n\n<p>Zamjenice zamjenjuju imenice u re\u010denicama, dok determinatori odre\u0111uju ili mijenjaju imenice. Upoznajte se sa \u010de\u0161kim li\u010dnim, posesivnim, demonstrativnim, refleksivnim i upitnim zamenicama, kao i determinatorima, kako biste stvorili slo\u017eenije re\u010denice.<\/p>\n\n\n\n<h3 class=\"wp-block-heading\" id=\"h-4-adjectives\">4. pridjevi:<\/h3>\n\n\n\n<p>Pridjevi opisuju ili mijenjaju imenice na \u010de\u0161kom. Nau\u010dite kako da ih koristite u ispravnom polu, broju i slu\u010daju da se slo\u017eite sa imenicom koju opisuju.<\/p>\n\n\n\n<h3 class=\"wp-block-heading\" id=\"h-5-adverbs\">5. prilozi:<\/h3>\n\n\n\n<p>Prilozi modifikuju glagole, pridjeve ili druge priloge. Oni pru\u017eaju dodatne informacije o akciji, kao \u0161to su na\u010din, vreme ili mesto. Savladavanje \u010de\u0161kih priloga pomo\u0107i \u0107e vam da preciznije prenesete svoju poruku.<\/p>\n\n\n\n<h3 class=\"wp-block-heading\" id=\"h-6-verbs\">6. glagoli:<\/h3>\n\n\n\n<p>\u010ce\u0161ki glagoli su od su\u0161tinskog zna\u010daja za izra\u017eavanje akcija, doga\u0111aja ili stanja. Nauchite obrasce konjugatsi\u0458e, vremena (proshlost, sadashnjost i budu\u045bnost) i aspekte (perfektivne i nesavr\u0161ene) za efikasnu komunikatsi\u0458u.<\/p>\n\n\n\n<h3 class=\"wp-block-heading\" id=\"h-7-tense-comparison\">7. napeto pore\u0111enje:<\/h3>\n\n\n\n<p>Razumevanje razlika i upotrebe \u010de\u0161kih vremena (pro\u0161lih, sada\u0161njih i budu\u0107ih) omogu\u0107i\u0107e vam da ta\u010dno izrazite svoje misli i izbegnete konfuziju.<\/p>\n\n\n\n<h3 class=\"wp-block-heading\" id=\"h-8-progressive-and-perfect-progressive\">Progresivno i progresivno:<\/h3>\n\n\n\n<p>\u010ce\u0161ki nema direktne ekvivalente za engleska progresivna i savr\u0161ena progresivna vremena. Umjesto toga, jezik koristi razli\u010dite glagolske aspekte (savr\u0161ene i nesavr\u0161ene) i konstrukcije za preno\u0161enje sli\u010dnih zna\u010denja. Nau\u010dite kako da formirate i koristite ove konstrukcije za izra\u017eavanje teku\u0107ih ili zavr\u0161enih akcija.<\/p>\n\n\n\n<h3 class=\"wp-block-heading\" id=\"h-9-conditionals\">9. uslovno:<\/h3>\n\n\n\n<p>Kondicionali se koriste za izra\u017eavanje hipoteti\u010dkih situacija ili uslova. Savladajte \u010de\u0161ke uslovne forme za diskusiju o mogu\u0107nostima i predvi\u0111anje<\/p>\n\n\n\n<h3 class=\"wp-block-heading\" id=\"h-10-prepositions\">10. prijedlozi:<\/h3>\n\n\n\n<p>Predlozi se koriste za ozna\u010davanje odnosa izme\u0111u re\u010di, kao \u0161to su lokacija, pravac, vreme ili uzrok. U\u010denje i pravilno kori\u0161\u0107enje \u010de\u0161kih predloga pomo\u0107i \u0107e vam da konstrui\u0161ete jasne i smislene re\u010denice.<\/p>\n\n\n\n<h3 class=\"wp-block-heading\" id=\"h-11-sentences\">11. re\u010denice:<\/h3>\n\n\n\n<p>Na kraju, ve\u017ebajte formiranje \u010de\u0161kih re\u010denica kombinovanjem gramati\u010dkih elemenata koje ste nau\u010dili. Fokusirajte se na stvaranje jednostavnih, slo\u017eenih, slo\u017eenih i slo\u017eenih re\u010denica kako biste pobolj\u0161ali svoje te\u010dne i komunikacijske vje\u0161tine na \u010de\u0161kom jeziku.<\/p>\n<\/div><\/div>\n\r\n<section class=\"learnNavigationSection\">\r\n            \r\n        <a href=\"https:\/\/talkpal.ai\/bs\/nauci-ceski\/\">\r\n            <div class=\"learnNavigationWrapper\">\r\n                <div class=\"learnNavigationContent\">\r\n                    <img decoding=\"async\" src=\"https:\/\/talkpal.ai\/wp-content\/uploads\/2024\/08\/Czech.jpg\" alt=\"Czech Flag\">\r\n                    <div>\r\n                        <h4>O u\u010denju \u010de\u0161kog<\/h4>\r\n                        <p>Saznaj sve o \u010de\u0161koj gramatici.<\/p>\r\n                    <\/div>\r\n                <\/div>\r\n            <\/div>\r\n        <\/a>\r\n\r\n        \r\n        <a href=\"https:\/\/talkpal.ai\/bs\/ceska-gramatika\/\">\r\n            <div class=\"learnNavigationWrapper\">\r\n                <div class=\"learnNavigationContent\">\r\n                    <img decoding=\"async\" src=\"https:\/\/talkpal.ai\/wp-content\/uploads\/2024\/08\/Czech.jpg\" alt=\"Czech Flag\">\r\n                    <div>\r\n                        <h4>\u010ce\u0161ke gramatike<\/h4>\r\n                        <p>Vje\u017ebaj \u010de\u0161ku gramatiku.<\/p>\r\n                    <\/div>\r\n                <\/div>\r\n            <\/div>\r\n        <\/a>\r\n\r\n        \r\n        <a href=\"https:\/\/talkpal.ai\/vocabulary_language\/czech\/\">\r\n            <div class=\"learnNavigationWrapper\">\r\n                <div class=\"learnNavigationContent\">\r\n                    <img decoding=\"async\" src=\"https:\/\/talkpal.ai\/wp-content\/uploads\/2024\/08\/Czech.jpg\" alt=\"Czech Flag\">\r\n                    <div>\r\n                        <h4>\u010de\u0161ki vokabular<\/h4>\r\n                        <p>Pro\u0161irite svoj \u010de\u0161ki vokabular.<\/p>\r\n                    <\/div>\r\n                <\/div>\r\n            <\/div>\r\n        <\/a>\r\n\r\n            <\/section>","protected":false},"excerpt":{"rendered":"<p>\u010ce\u0161ka gramatika U\u010denje novog jezika mo\u017ee biti uzbudljivo i oboga\u0107uju\u0107e iskustvo, a ni \u010de\u0161ki jezik nije izuzetak. Sa svojom bogatom istorijom i jedinstvenim slovenskim \u0161armom, \u010de\u0161ki jezik nudi u\u010denicima prolaz u srce centralne Evrope. Da biste maksimalno iskoristili svoje putovanje \u010de\u0161kim jezikom, neophodno je razumjeti i savladati njegovu gramatiku, koja je okosnica svakog jezika. Od [&hellip;]<\/p>\n","protected":false},"author":6,"featured_media":111789,"parent":0,"menu_order":0,"comment_status":"closed","ping_status":"closed","template":"LearningContentPage.php","meta":{"_acf_changed":false,"footnotes":""},"class_list":["post-163754","page","type-page","status-publish","has-post-thumbnail","hentry"],"acf":[],"yoast_head":"<!-- This site is optimized with the Yoast SEO Premium plugin v27.2 (Yoast SEO v27.2) - https:\/\/yoast.com\/product\/yoast-seo-premium-wordpress\/ -->\n<title>\u010ce\u0161ke gramati\u010dke ve\u017ebe - Talkpal<\/title>\n<meta name=\"description\" content=\"Otkrijte tajne \u010de\u0161kog jezika uz pomo\u0107 osnovnih vje\u017ebi \u010de\u0161ke gramatike za samouvjerenu komunikaciju.\" \/>\n<meta name=\"robots\" content=\"index, follow, max-snippet:-1, max-image-preview:large, max-video-preview:-1\" \/>\n<link rel=\"canonical\" href=\"https:\/\/talkpal.ai\/bs\/ceske-gramaticke-vezbe\/\" \/>\n<meta property=\"og:locale\" content=\"bs_BA\" \/>\n<meta property=\"og:type\" content=\"article\" \/>\n<meta property=\"og:title\" content=\"\u010ce\u0161ke gramati\u010dke ve\u017ebe\" \/>\n<meta property=\"og:description\" content=\"\u010ce\u0161ka gramatika U\u010denje novog jezika mo\u017ee biti uzbudljivo i oboga\u0107uju\u0107e iskustvo, a ni \u010de\u0161ki jezik nije izuzetak. Sa svojom bogatom istorijom i\" \/>\n<meta property=\"og:url\" content=\"https:\/\/talkpal.ai\/bs\/ceske-gramaticke-vezbe\/\" \/>\n<meta property=\"og:site_name\" content=\"Talkpal\" \/>\n<meta property=\"article:publisher\" content=\"https:\/\/www.facebook.com\/profile.php?id=100090733639311\" \/>\n<meta property=\"article:modified_time\" content=\"2025-12-17T16:29:13+00:00\" \/>\n<meta property=\"og:image\" content=\"https:\/\/talkpal.ai\/wp-content\/uploads\/2023\/05\/czech-republic.png\" \/>\n\t<meta property=\"og:image:width\" content=\"512\" \/>\n\t<meta property=\"og:image:height\" content=\"512\" \/>\n\t<meta property=\"og:image:type\" content=\"image\/png\" \/>\n<meta name=\"twitter:card\" content=\"summary_large_image\" \/>\n<meta name=\"twitter:site\" content=\"@talkpalai\" \/>\n<meta name=\"twitter:label1\" content=\"Est. reading time\" \/>\n\t<meta name=\"twitter:data1\" content=\"3 minute\" \/>\n<script type=\"application\/ld+json\" class=\"yoast-schema-graph\">{\"@context\":\"https:\/\/schema.org\",\"@graph\":[{\"@type\":\"WebPage\",\"@id\":\"https:\/\/talkpal.ai\/bs\/ceske-gramaticke-vezbe\/\",\"url\":\"https:\/\/talkpal.ai\/bs\/ceske-gramaticke-vezbe\/\",\"name\":\"\u010ce\u0161ke gramati\u010dke ve\u017ebe - Talkpal\",\"isPartOf\":{\"@id\":\"https:\/\/talkpal.ai\/bs\/#website\"},\"primaryImageOfPage\":{\"@id\":\"https:\/\/talkpal.ai\/bs\/ceske-gramaticke-vezbe\/#primaryimage\"},\"image\":{\"@id\":\"https:\/\/talkpal.ai\/bs\/ceske-gramaticke-vezbe\/#primaryimage\"},\"thumbnailUrl\":\"https:\/\/talkpal.ai\/wp-content\/uploads\/2023\/05\/czech-republic.png\",\"datePublished\":\"2023-06-16T13:10:39+00:00\",\"dateModified\":\"2025-12-17T16:29:13+00:00\",\"description\":\"Otkrijte tajne \u010de\u0161kog jezika uz pomo\u0107 osnovnih vje\u017ebi \u010de\u0161ke gramatike za samouvjerenu komunikaciju.\",\"breadcrumb\":{\"@id\":\"https:\/\/talkpal.ai\/bs\/ceske-gramaticke-vezbe\/#breadcrumb\"},\"inLanguage\":\"bs-BA\",\"potentialAction\":[{\"@type\":\"ReadAction\",\"target\":[\"https:\/\/talkpal.ai\/bs\/ceske-gramaticke-vezbe\/\"]}]},{\"@type\":\"ImageObject\",\"inLanguage\":\"bs-BA\",\"@id\":\"https:\/\/talkpal.ai\/bs\/ceske-gramaticke-vezbe\/#primaryimage\",\"url\":\"https:\/\/talkpal.ai\/wp-content\/uploads\/2023\/05\/czech-republic.png\",\"contentUrl\":\"https:\/\/talkpal.ai\/wp-content\/uploads\/2023\/05\/czech-republic.png\",\"width\":512,\"height\":512},{\"@type\":\"BreadcrumbList\",\"@id\":\"https:\/\/talkpal.ai\/bs\/ceske-gramaticke-vezbe\/#breadcrumb\",\"itemListElement\":[{\"@type\":\"ListItem\",\"position\":1,\"name\":\"Homepage\",\"item\":\"https:\/\/talkpal.ai\/bs\/\"},{\"@type\":\"ListItem\",\"position\":2,\"name\":\"\u010ce\u0161ke gramati\u010dke ve\u017ebe\"}]},{\"@type\":\"WebSite\",\"@id\":\"https:\/\/talkpal.ai\/bs\/#website\",\"url\":\"https:\/\/talkpal.ai\/bs\/\",\"name\":\"Talkpal\",\"description\":\"AI Language Learning\",\"publisher\":{\"@id\":\"https:\/\/talkpal.ai\/bs\/#organization\"},\"alternateName\":\"Talkpal AI\",\"potentialAction\":[{\"@type\":\"SearchAction\",\"target\":{\"@type\":\"EntryPoint\",\"urlTemplate\":\"https:\/\/talkpal.ai\/bs\/?s={search_term_string}\"},\"query-input\":{\"@type\":\"PropertyValueSpecification\",\"valueRequired\":true,\"valueName\":\"search_term_string\"}}],\"inLanguage\":\"bs-BA\"},{\"@type\":\"Organization\",\"@id\":\"https:\/\/talkpal.ai\/bs\/#organization\",\"name\":\"Talkpal, Inc.\",\"alternateName\":\"Talkpal AI\",\"url\":\"https:\/\/talkpal.ai\/bs\/\",\"logo\":{\"@type\":\"ImageObject\",\"inLanguage\":\"bs-BA\",\"@id\":\"https:\/\/talkpal.ai\/bs\/#\/schema\/logo\/image\/\",\"url\":\"https:\/\/talkpal.ai\/wp-content\/uploads\/2024\/03\/Talkpal-Logo-Icon.png\",\"contentUrl\":\"https:\/\/talkpal.ai\/wp-content\/uploads\/2024\/03\/Talkpal-Logo-Icon.png\",\"width\":2880,\"height\":2880,\"caption\":\"Talkpal, Inc.\"},\"image\":{\"@id\":\"https:\/\/talkpal.ai\/bs\/#\/schema\/logo\/image\/\"},\"sameAs\":[\"https:\/\/www.facebook.com\/profile.php?id=100090733639311\",\"https:\/\/x.com\/talkpalai\",\"https:\/\/www.linkedin.com\/company\/talkpal\/\",\"https:\/\/www.youtube.com\/@TalkPal\/\",\"https:\/\/www.tiktok.com\/@talkpal\",\"https:\/\/www.instagram.com\/talkpal_ai\/\",\"https:\/\/www.crunchbase.com\/organization\/talkpal-9cde\",\"https:\/\/www.g2.com\/products\/talkpal-for-business\/\",\"https:\/\/www.trustpilot.com\/review\/talkpal.ai\",\"https:\/\/www.capterra.com\/p\/10006800\/TalkPal\/\"],\"description\":\"Talkpal is a language learning web and mobile education app, powered by the latest AI technologies, that provides engaging experiences to its customers in many different languages to help them improve their language skills. Users can chat about unlimited amount of topics with the app and use other modes to practice their language learning.\",\"email\":\"support@talkpal.ai\",\"legalName\":\"Talkpal, Inc.\",\"foundingDate\":\"2023-04-03\",\"duns\":\"118989042\",\"numberOfEmployees\":{\"@type\":\"QuantitativeValue\",\"minValue\":\"11\",\"maxValue\":\"50\"},\"publishingPrinciples\":\"https:\/\/talkpal.ai\/publishing-principles\/\",\"actionableFeedbackPolicy\":\"https:\/\/talkpal.ai\/actionable-feedback-policy\/\",\"correctionsPolicy\":\"https:\/\/talkpal.ai\/corrections-policy\/\",\"ethicsPolicy\":\"https:\/\/talkpal.ai\/ethics-policy\/\",\"diversityPolicy\":\"https:\/\/talkpal.ai\/diversity-policy\/\",\"diversityStaffingReport\":\"https:\/\/talkpal.ai\/diversity-policy\/\"}]}<\/script>\n<!-- \/ Yoast SEO Premium plugin. -->","yoast_head_json":{"title":"\u010ce\u0161ke gramati\u010dke ve\u017ebe - Talkpal","description":"Otkrijte tajne \u010de\u0161kog jezika uz pomo\u0107 osnovnih vje\u017ebi \u010de\u0161ke gramatike za samouvjerenu komunikaciju.","robots":{"index":"index","follow":"follow","max-snippet":"max-snippet:-1","max-image-preview":"max-image-preview:large","max-video-preview":"max-video-preview:-1"},"canonical":"https:\/\/talkpal.ai\/bs\/ceske-gramaticke-vezbe\/","og_locale":"bs_BA","og_type":"article","og_title":"\u010ce\u0161ke gramati\u010dke ve\u017ebe","og_description":"\u010ce\u0161ka gramatika U\u010denje novog jezika mo\u017ee biti uzbudljivo i oboga\u0107uju\u0107e iskustvo, a ni \u010de\u0161ki jezik nije izuzetak. Sa svojom bogatom istorijom i","og_url":"https:\/\/talkpal.ai\/bs\/ceske-gramaticke-vezbe\/","og_site_name":"Talkpal","article_publisher":"https:\/\/www.facebook.com\/profile.php?id=100090733639311","article_modified_time":"2025-12-17T16:29:13+00:00","og_image":[{"width":512,"height":512,"url":"https:\/\/talkpal.ai\/wp-content\/uploads\/2023\/05\/czech-republic.png","type":"image\/png"}],"twitter_card":"summary_large_image","twitter_site":"@talkpalai","twitter_misc":{"Est. reading time":"3 minute"},"schema":{"@context":"https:\/\/schema.org","@graph":[{"@type":"WebPage","@id":"https:\/\/talkpal.ai\/bs\/ceske-gramaticke-vezbe\/","url":"https:\/\/talkpal.ai\/bs\/ceske-gramaticke-vezbe\/","name":"\u010ce\u0161ke gramati\u010dke ve\u017ebe - Talkpal","isPartOf":{"@id":"https:\/\/talkpal.ai\/bs\/#website"},"primaryImageOfPage":{"@id":"https:\/\/talkpal.ai\/bs\/ceske-gramaticke-vezbe\/#primaryimage"},"image":{"@id":"https:\/\/talkpal.ai\/bs\/ceske-gramaticke-vezbe\/#primaryimage"},"thumbnailUrl":"https:\/\/talkpal.ai\/wp-content\/uploads\/2023\/05\/czech-republic.png","datePublished":"2023-06-16T13:10:39+00:00","dateModified":"2025-12-17T16:29:13+00:00","description":"Otkrijte tajne \u010de\u0161kog jezika uz pomo\u0107 osnovnih vje\u017ebi \u010de\u0161ke gramatike za samouvjerenu komunikaciju.","breadcrumb":{"@id":"https:\/\/talkpal.ai\/bs\/ceske-gramaticke-vezbe\/#breadcrumb"},"inLanguage":"bs-BA","potentialAction":[{"@type":"ReadAction","target":["https:\/\/talkpal.ai\/bs\/ceske-gramaticke-vezbe\/"]}]},{"@type":"ImageObject","inLanguage":"bs-BA","@id":"https:\/\/talkpal.ai\/bs\/ceske-gramaticke-vezbe\/#primaryimage","url":"https:\/\/talkpal.ai\/wp-content\/uploads\/2023\/05\/czech-republic.png","contentUrl":"https:\/\/talkpal.ai\/wp-content\/uploads\/2023\/05\/czech-republic.png","width":512,"height":512},{"@type":"BreadcrumbList","@id":"https:\/\/talkpal.ai\/bs\/ceske-gramaticke-vezbe\/#breadcrumb","itemListElement":[{"@type":"ListItem","position":1,"name":"Homepage","item":"https:\/\/talkpal.ai\/bs\/"},{"@type":"ListItem","position":2,"name":"\u010ce\u0161ke gramati\u010dke ve\u017ebe"}]},{"@type":"WebSite","@id":"https:\/\/talkpal.ai\/bs\/#website","url":"https:\/\/talkpal.ai\/bs\/","name":"Talkpal","description":"AI Language Learning","publisher":{"@id":"https:\/\/talkpal.ai\/bs\/#organization"},"alternateName":"Talkpal AI","potentialAction":[{"@type":"SearchAction","target":{"@type":"EntryPoint","urlTemplate":"https:\/\/talkpal.ai\/bs\/?s={search_term_string}"},"query-input":{"@type":"PropertyValueSpecification","valueRequired":true,"valueName":"search_term_string"}}],"inLanguage":"bs-BA"},{"@type":"Organization","@id":"https:\/\/talkpal.ai\/bs\/#organization","name":"Talkpal, Inc.","alternateName":"Talkpal AI","url":"https:\/\/talkpal.ai\/bs\/","logo":{"@type":"ImageObject","inLanguage":"bs-BA","@id":"https:\/\/talkpal.ai\/bs\/#\/schema\/logo\/image\/","url":"https:\/\/talkpal.ai\/wp-content\/uploads\/2024\/03\/Talkpal-Logo-Icon.png","contentUrl":"https:\/\/talkpal.ai\/wp-content\/uploads\/2024\/03\/Talkpal-Logo-Icon.png","width":2880,"height":2880,"caption":"Talkpal, Inc."},"image":{"@id":"https:\/\/talkpal.ai\/bs\/#\/schema\/logo\/image\/"},"sameAs":["https:\/\/www.facebook.com\/profile.php?id=100090733639311","https:\/\/x.com\/talkpalai","https:\/\/www.linkedin.com\/company\/talkpal\/","https:\/\/www.youtube.com\/@TalkPal\/","https:\/\/www.tiktok.com\/@talkpal","https:\/\/www.instagram.com\/talkpal_ai\/","https:\/\/www.crunchbase.com\/organization\/talkpal-9cde","https:\/\/www.g2.com\/products\/talkpal-for-business\/","https:\/\/www.trustpilot.com\/review\/talkpal.ai","https:\/\/www.capterra.com\/p\/10006800\/TalkPal\/"],"description":"Talkpal is a language learning web and mobile education app, powered by the latest AI technologies, that provides engaging experiences to its customers in many different languages to help them improve their language skills. Users can chat about unlimited amount of topics with the app and use other modes to practice their language learning.","email":"support@talkpal.ai","legalName":"Talkpal, Inc.","foundingDate":"2023-04-03","duns":"118989042","numberOfEmployees":{"@type":"QuantitativeValue","minValue":"11","maxValue":"50"},"publishingPrinciples":"https:\/\/talkpal.ai\/publishing-principles\/","actionableFeedbackPolicy":"https:\/\/talkpal.ai\/actionable-feedback-policy\/","correctionsPolicy":"https:\/\/talkpal.ai\/corrections-policy\/","ethicsPolicy":"https:\/\/talkpal.ai\/ethics-policy\/","diversityPolicy":"https:\/\/talkpal.ai\/diversity-policy\/","diversityStaffingReport":"https:\/\/talkpal.ai\/diversity-policy\/"}]}},"_links":{"self":[{"href":"https:\/\/talkpal.ai\/bs\/wp-json\/wp\/v2\/pages\/163754","targetHints":{"allow":["GET"]}}],"collection":[{"href":"https:\/\/talkpal.ai\/bs\/wp-json\/wp\/v2\/pages"}],"about":[{"href":"https:\/\/talkpal.ai\/bs\/wp-json\/wp\/v2\/types\/page"}],"author":[{"embeddable":true,"href":"https:\/\/talkpal.ai\/bs\/wp-json\/wp\/v2\/users\/6"}],"replies":[{"embeddable":true,"href":"https:\/\/talkpal.ai\/bs\/wp-json\/wp\/v2\/comments?post=163754"}],"version-history":[{"count":0,"href":"https:\/\/talkpal.ai\/bs\/wp-json\/wp\/v2\/pages\/163754\/revisions"}],"wp:featuredmedia":[{"embeddable":true,"href":"https:\/\/talkpal.ai\/bs\/wp-json\/wp\/v2\/media\/111789"}],"wp:attachment":[{"href":"https:\/\/talkpal.ai\/bs\/wp-json\/wp\/v2\/media?parent=163754"}],"curies":[{"name":"wp","href":"https:\/\/api.w.org\/{rel}","templated":true}]}}