{"id":162571,"date":"2023-06-21T14:18:43","date_gmt":"2023-06-21T14:18:43","guid":{"rendered":"http:\/\/talkpal.ai\/grcke-gramaticke-vezbe\/"},"modified":"2025-12-17T16:05:26","modified_gmt":"2025-12-17T16:05:26","slug":"grcke-gramaticke-vezbe","status":"publish","type":"page","link":"https:\/\/talkpal.ai\/bs\/grcke-gramaticke-vezbe\/","title":{"rendered":"Gr\u010dke gramati\u010dke ve\u017ebe"},"content":{"rendered":"\r\n\r\n\r\n<section class=\"languageChallengeSection\">\r\n    <div class=\"languageInfoWrapper\">\r\n        \r\n        <h1>Gr\u010dke gramati\u010dke ve\u017ebe<\/h1>\r\n        <p>U\u010dinimo u\u010denje gr\u010dkog zabavnim i lakim! Isprobajte ove jednostavne vje\u017ebe kako biste uvje\u017ebali neke osnove gr\u010dke gramatike i zapo\u010deli svoje jezi\u010dko putovanje.<\/p>\r\n\r\n                            <a class=\"getStartedHidden\" href=\"https:\/\/app.talkpal.ai\/signup?lng=\">Kreni<\/a>\r\n        \r\n    <\/div>\r\n\r\n    <figure>\r\n    <img decoding=\"async\" width=\"768\" height=\"768\" src=\"https:\/\/talkpal.ai\/wp-content\/uploads\/2023\/06\/greek-768x768.png\" class=\"languageImage no-lazy\" alt=\"Language learning to boost personal capability\" fetchpriority=\"high\" sizes=\"(max-width: 768px) 150px, 768px\" srcset=\"https:\/\/talkpal.ai\/wp-content\/uploads\/2023\/06\/greek-768x768.png 768w, https:\/\/talkpal.ai\/wp-content\/uploads\/2023\/06\/greek-300x300.png 300w\" \/>\r\n    \r\n\r\n    <\/figure>\r\n\r\n            <a class=\"getStartedVisible\" href=\"https:\/\/app.talkpal.ai\/signup?lng=\">Kreni<\/a>\r\n    \r\n<\/section>\r\n\r\n\r\n<!-- <section class=\"grammarSection\">\r\n    <div class=\"grammarLinks\">\r\n            <\/div>\r\n<\/section> -->\r\n\r\n\r\n\r\n\r\n<section class=\"promotionalBanner\">\r\n    <p class=\"promotionalText\">Najefikasniji na\u010din za u\u010denje jezika<\/p>\r\n    <a class=\"promotionalLink\" href=\"https:\/\/app.talkpal.ai\/signup?lng=\">Isprobajte Talkpal besplatno<\/a>\r\n<\/section>\n<div class=\"wp-block-group pageContainerStyle\"><div class=\"wp-block-group__inner-container is-layout-constrained wp-block-group-is-layout-constrained\">\n<h2 class=\"wp-block-heading\" id=\"h-greek-grammar-topics\">Grcka gramatika teme<\/h2>\n\n\n\n<p>U\u010denje gr\u010dkog jezika mo\u017ee biti neverovatno korisno iskustvo jer pru\u017ea prolaz ka bogatoj i raznolikoj kulturi, knji\u017eevnosti i istoriji. <a href=\"https:\/\/talkpal.ai\/hr\/ucenje-grckog\/\">Gr\u010dki jezik<\/a> ima jedinstvenu gramati\u010dku strukturu <a href=\"https:\/\/talkpal.ai\/locations\/language-courses-in-koja\/\">koja<\/a> mo\u017ee biti fascinantna za istra\u017eivanje. Upoznavanje sa gr\u010dkom gramatikom je od su\u0161tinskog zna\u010daja za savladavanje jezika, jer \u0107e vam omogu\u0107iti da efikasno i precizno komunicirate. Ovaj vodi\u010d \u0107e vam pru\u017eiti pregled nekih od klju\u010dnih gr\u010dkih gramati\u010dkih tema, grupisanih u sekvencu koja pogoduje u\u010denju jezika. Od napetosti i glagola do predloga i re\u010denica, ovaj vodi\u010d \u0107e vas postaviti na put da postanete ve\u0161ti u gr\u010dkom jeziku.<\/p>\n\n\n\n<h3 class=\"wp-block-heading\" id=\"h-1-nouns\">1. imenice:<\/h3>\n\n\n\n<p>Imenice su gradivni blokovi bilo kojeg jezika, a <a href=\"https:\/\/talkpal.ai\/learn-greek\/\">gr\u010dki<\/a> nije izuzetak. Koriste se za predstavljanje ljudi, mjesta, stvari ili ideja. U gr\u010dkom jeziku imenice imaju spol (mu\u0161ki, \u017eenski ili neuter), broj (jednina ili mno\u017eina) i slu\u010daj (nominativ, genitiv, akuzativ ili vokativ). Razumijevanje ovih svojstava i njihovih infleksija je klju\u010dno za formiranje re\u010denica.<\/p>\n\n\n\n<h3 class=\"wp-block-heading\" id=\"h-2-articles\">2. \u010dlanci:<\/h3>\n\n\n\n<p>\u010clanci na gr\u010dkom jeziku su od su\u0161tinskog zna\u010daja za odre\u0111ivanje odre\u0111enosti imenice. Oni se sla\u017eu sa imenicom u spolu, broju i slu\u010daju. Postoje odre\u0111eni (koji odgovaraju &#8216;the&#8217;) i neodre\u0111eni (odgovaraju &#8216;a&#8217; ili &#8216;an&#8217;) \u010dlanovi koje morate nau\u010diti i pravilno koristiti.<\/p>\n\n\n\n<h3 class=\"wp-block-heading\" id=\"h-3-adjectives\">3. pridjevi:<\/h3>\n\n\n\n<p>Pridjevi opisuju ili mijenjaju imenice, pru\u017eaju\u0107i dodatne informacije o njihovim kvalitetima ili karakteristikama. U gr\u010dkom, pridjevi se sla\u017eu sa imenicama koje mijenjaju u spolu, broju i slu\u010daju, i imaju razli\u010dite deklinacije ovisno o tim svojstvima.<\/p>\n\n\n\n<h3 class=\"wp-block-heading\" id=\"h-4-pronouns-determiners\">4. zamjenice\/determinatori:<\/h3>\n\n\n\n<p>Zamjenice se koriste za zamjenu imenica, dok ih determinatori odre\u0111uju ili kvantifikuju. Na gr\u010dkom, i zamenice i determinatori uti\u010du na pol, broj i slu\u010daj, ba\u0161 kao imenice i pridjevi. Neki primjeri uklju\u010duju osobne zamjenice (ja, ti, on, ona, itd.), demonstrativne zamjenice (ovo, <a href=\"https:\/\/talkpal.ai\/locations\/language-courses-in-ono\/\">ono<\/a>) i posesivne zamjenice (moja, tvoja, njegova, ona, itd.).<\/p>\n\n\n\n<h3 class=\"wp-block-heading\" id=\"h-5-verbs\">5. glagoli:<\/h3>\n\n\n\n<p>Glagoli izra\u017eavaju akcije, doga\u0111aje ili stanja. <a href=\"https:\/\/talkpal.ai\/learn-greek\/\">Gr\u010dki<\/a> glagoli imaju razli\u010dite oblike u zavisnosti od napetosti, raspolo\u017eenja, glasa i osobe. Razumevanje razli\u010ditih konjugacija i na\u010dina na koji se one koriste je od su\u0161tinskog zna\u010daja za izgradnju i razumevanje re\u010denica.<\/p>\n\n\n\n<h3 class=\"wp-block-heading\" id=\"h-6-tenses\">6. napetosti:<\/h3>\n\n\n\n<p>Gr\u010dka ima nekoliko tenzija, kao \u0161to su sada\u0161njost, pro\u0161lost i budu\u0107nost. Svako vreme se koristi za ozna\u010davanje vremena akcije, doga\u0111aja ili stanja. U\u010denje razli\u010ditih vremena i njihovih konjugacija pomo\u0107i \u0107e vam da se ta\u010dno izrazite i razumete druge.<\/p>\n\n\n\n<h3 class=\"wp-block-heading\" id=\"h-7-tense-comparison\">7. napeto pore\u0111enje:<\/h3>\n\n\n\n<p>Upore\u0111ivanje vremena na gr\u010dkom je va\u017eno za razumevanje nijansi jezika. To uklju\u010duje u\u010denje kako izraziti akcije ili stanja koja se de\u0161avaju istovremeno, sekvencijalno ili uslovno.<\/p>\n\n\n\n<h3 class=\"wp-block-heading\" id=\"h-8-progressive\">8. progresivno:<\/h3>\n\n\n\n<p>Progresivni aspekt u gr\u010dkom jeziku koristi se za ozna\u010davanje teku\u0107ih ili kontinuiranih akcija. U\u010denje kako da formirate i koristite progresivni aspekt pomo\u0107i \u0107e vam da prenesete akcije koje se de\u0161avaju u ovom trenutku ili su se de\u0161avale u pro\u0161losti.<\/p>\n\n\n\n<h3 class=\"wp-block-heading\" id=\"h-9-perfect-progressive\">9. savr\u0161eno progresivno:<\/h3>\n\n\n\n<p>Savr\u0161en progresivni aspekt na gr\u010dkom jeziku kombinuje koncepte dovr\u0161enosti i kontinuiteta. Koristi se za izra\u017eavanje akcija ili stanja koja su po\u010dela u pro\u0161losti i nastavila se do odre\u0111ene ta\u010dke u vremenu.<\/p>\n\n\n\n<h3 class=\"wp-block-heading\" id=\"h-10-adverbs\">10. prilozi:<\/h3>\n\n\n\n<p>Prilozi pru\u017eaju dodatne informacije o glagolima, pridjevima ili drugim prilozima. Oni mogu izraziti na\u010din, u\u010destalost, stepen, vreme ili mesto. U\u010denje razli\u010ditih vrsta priloga i njihovo pravilno postavljanje u re\u010denicu pobolj\u0161at \u0107e va\u0161u ukupnu te\u010dnost na gr\u010dkom.<\/p>\n\n\n\n<h3 class=\"wp-block-heading\" id=\"h-11-conditionals\">11. uslovno:<\/h3>\n\n\n\n<p>Kondicionali se koriste za izra\u017eavanje hipoteti\u010dkih situacija i njihovih posljedica. Gr\u010dki ima nekoliko vrsta uslovljavanja, uklju\u010duju\u0107i stvarne, nestvarne i mje\u0161ovite. Razumevanje i kori\u0161\u0107enje uslovljavanja je neophodno za izra\u017eavanje slo\u017eenih misli i ideja.<\/p>\n\n\n\n<h3 class=\"wp-block-heading\" id=\"h-12-prepositions\">12. prijedlozi:<\/h3>\n\n\n\n<p>Predlozi su male re\u010di koje ukazuju na odnose izme\u0111u imenica, zamenica ili drugih re\u010di u re\u010denici. Oni mogu izraziti lokaciju, vrijeme, smjer, uzrok i jo\u0161 mnogo toga. U\u010denje razli\u010ditih predloga i njihova pravilna upotreba pomo\u0107i \u0107e vam da formirate preciznije i koherentnije re\u010denice.<\/p>\n\n\n\n<h3 class=\"wp-block-heading\" id=\"h-13-sentences\">13. re\u010denice:<\/h3>\n\n\n\n<p>Kona\u010dno, ovladavanje strukturom re\u010denica je od su\u0161tinskog zna\u010daja za efikasnu komunikaciju na gr\u010dkom jeziku. To uklju\u010duje razumijevanje pravilnog redoslijeda rije\u010di i upotrebu razli\u010ditih gramati\u010dkih elemenata, kao \u0161to su subjekt, glagol i objekt. U\u010de\u0107i kako da konstrui\u0161ete razli\u010dite vrste re\u010denica, bi\u0107ete na dobrom putu da postanete ve\u0161ti u gr\u010dkom jeziku.<\/p>\n<\/div><\/div>\n\r\n<section class=\"learnNavigationSection\">\r\n            \r\n        <a href=\"https:\/\/talkpal.ai\/bs\/nauci-grcki\/\">\r\n            <div class=\"learnNavigationWrapper\">\r\n                <div class=\"learnNavigationContent\">\r\n                    <img decoding=\"async\" src=\"https:\/\/talkpal.ai\/wp-content\/uploads\/2024\/08\/Greek.jpg\" alt=\"Greek Flag\">\r\n                    <div>\r\n                        <h4>O u\u010denju gr\u010dkog<\/h4>\r\n                        <p>Saznajte sve o gr\u010dkoj gramatici.<\/p>\r\n                    <\/div>\r\n                <\/div>\r\n            <\/div>\r\n        <\/a>\r\n\r\n        \r\n        <a href=\"https:\/\/talkpal.ai\/bs\/grcka-gramatika\/\">\r\n            <div class=\"learnNavigationWrapper\">\r\n                <div class=\"learnNavigationContent\">\r\n                    <img decoding=\"async\" src=\"https:\/\/talkpal.ai\/wp-content\/uploads\/2024\/08\/Greek.jpg\" alt=\"Greek Flag\">\r\n                    <div>\r\n                        <h4>Lekcije gr\u010dke gramatike<\/h4>\r\n                        <p>Praktikuj gr\u010dku gramatiku.<\/p>\r\n                    <\/div>\r\n                <\/div>\r\n            <\/div>\r\n        <\/a>\r\n\r\n        \r\n        <a href=\"https:\/\/talkpal.ai\/vocabulary_language\/greek\/\">\r\n            <div class=\"learnNavigationWrapper\">\r\n                <div class=\"learnNavigationContent\">\r\n                    <img decoding=\"async\" src=\"https:\/\/talkpal.ai\/wp-content\/uploads\/2024\/08\/Greek.jpg\" alt=\"Greek Flag\">\r\n                    <div>\r\n                        <h4>gr\u010dki vokabular<\/h4>\r\n                        <p>Pro\u0161irite svoj gr\u010dki vokabular.<\/p>\r\n                    <\/div>\r\n                <\/div>\r\n            <\/div>\r\n        <\/a>\r\n\r\n            <\/section>","protected":false},"excerpt":{"rendered":"<p>Grcka gramatika teme U\u010denje gr\u010dkog jezika mo\u017ee biti neverovatno korisno iskustvo jer pru\u017ea prolaz ka bogatoj i raznolikoj kulturi, knji\u017eevnosti i istoriji. Gr\u010dki jezik ima jedinstvenu gramati\u010dku strukturu koja mo\u017ee biti fascinantna za istra\u017eivanje. Upoznavanje sa gr\u010dkom gramatikom je od su\u0161tinskog zna\u010daja za savladavanje jezika, jer \u0107e vam omogu\u0107iti da efikasno i precizno komunicirate. Ovaj [&hellip;]<\/p>\n","protected":false},"author":6,"featured_media":112712,"parent":0,"menu_order":0,"comment_status":"closed","ping_status":"closed","template":"LearningContentPage.php","meta":{"_acf_changed":false,"footnotes":""},"class_list":["post-162571","page","type-page","status-publish","has-post-thumbnail","hentry"],"acf":[],"yoast_head":"<!-- This site is optimized with the Yoast SEO Premium plugin v27.2 (Yoast SEO v27.2) - https:\/\/yoast.com\/product\/yoast-seo-premium-wordpress\/ -->\n<title>Gr\u010dke gramati\u010dke ve\u017ebe - Talkpal<\/title>\n<meta name=\"description\" content=\"Lako pobolj\u0161ajte svoje znanje gr\u010dke gramatike - vje\u017ebajte interaktivne vje\u017ebe, brzo se pobolj\u0161ajte i izgradite samopouzdanje uz Talkpal AI.\" \/>\n<meta name=\"robots\" content=\"index, follow, max-snippet:-1, max-image-preview:large, max-video-preview:-1\" \/>\n<link rel=\"canonical\" href=\"https:\/\/talkpal.ai\/bs\/grcke-gramaticke-vezbe\/\" \/>\n<meta property=\"og:locale\" content=\"bs_BA\" \/>\n<meta property=\"og:type\" content=\"article\" \/>\n<meta property=\"og:title\" content=\"Gr\u010dke gramati\u010dke ve\u017ebe\" \/>\n<meta property=\"og:description\" content=\"Grcka gramatika teme U\u010denje gr\u010dkog jezika mo\u017ee biti neverovatno korisno iskustvo jer pru\u017ea prolaz ka bogatoj i raznolikoj kulturi, knji\u017eevnosti i\" \/>\n<meta property=\"og:url\" content=\"https:\/\/talkpal.ai\/bs\/grcke-gramaticke-vezbe\/\" \/>\n<meta property=\"og:site_name\" content=\"Talkpal\" \/>\n<meta property=\"article:publisher\" content=\"https:\/\/www.facebook.com\/profile.php?id=100090733639311\" \/>\n<meta property=\"article:modified_time\" content=\"2025-12-17T16:05:26+00:00\" \/>\n<meta property=\"og:image\" content=\"https:\/\/talkpal.ai\/wp-content\/uploads\/2023\/05\/greece.png\" \/>\n\t<meta property=\"og:image:width\" content=\"512\" \/>\n\t<meta property=\"og:image:height\" content=\"512\" \/>\n\t<meta property=\"og:image:type\" content=\"image\/png\" \/>\n<meta name=\"twitter:card\" content=\"summary_large_image\" \/>\n<meta name=\"twitter:site\" content=\"@talkpalai\" \/>\n<meta name=\"twitter:label1\" content=\"Est. reading time\" \/>\n\t<meta name=\"twitter:data1\" content=\"4 minute\" \/>\n<script type=\"application\/ld+json\" class=\"yoast-schema-graph\">{\"@context\":\"https:\/\/schema.org\",\"@graph\":[{\"@type\":\"WebPage\",\"@id\":\"https:\/\/talkpal.ai\/bs\/grcke-gramaticke-vezbe\/\",\"url\":\"https:\/\/talkpal.ai\/bs\/grcke-gramaticke-vezbe\/\",\"name\":\"Gr\u010dke gramati\u010dke ve\u017ebe - Talkpal\",\"isPartOf\":{\"@id\":\"https:\/\/talkpal.ai\/bs\/#website\"},\"primaryImageOfPage\":{\"@id\":\"https:\/\/talkpal.ai\/bs\/grcke-gramaticke-vezbe\/#primaryimage\"},\"image\":{\"@id\":\"https:\/\/talkpal.ai\/bs\/grcke-gramaticke-vezbe\/#primaryimage\"},\"thumbnailUrl\":\"https:\/\/talkpal.ai\/wp-content\/uploads\/2023\/05\/greece.png\",\"datePublished\":\"2023-06-21T14:18:43+00:00\",\"dateModified\":\"2025-12-17T16:05:26+00:00\",\"description\":\"Lako pobolj\u0161ajte svoje znanje gr\u010dke gramatike - vje\u017ebajte interaktivne vje\u017ebe, brzo se pobolj\u0161ajte i izgradite samopouzdanje uz Talkpal AI.\",\"breadcrumb\":{\"@id\":\"https:\/\/talkpal.ai\/bs\/grcke-gramaticke-vezbe\/#breadcrumb\"},\"inLanguage\":\"bs-BA\",\"potentialAction\":[{\"@type\":\"ReadAction\",\"target\":[\"https:\/\/talkpal.ai\/bs\/grcke-gramaticke-vezbe\/\"]}]},{\"@type\":\"ImageObject\",\"inLanguage\":\"bs-BA\",\"@id\":\"https:\/\/talkpal.ai\/bs\/grcke-gramaticke-vezbe\/#primaryimage\",\"url\":\"https:\/\/talkpal.ai\/wp-content\/uploads\/2023\/05\/greece.png\",\"contentUrl\":\"https:\/\/talkpal.ai\/wp-content\/uploads\/2023\/05\/greece.png\",\"width\":512,\"height\":512},{\"@type\":\"BreadcrumbList\",\"@id\":\"https:\/\/talkpal.ai\/bs\/grcke-gramaticke-vezbe\/#breadcrumb\",\"itemListElement\":[{\"@type\":\"ListItem\",\"position\":1,\"name\":\"Homepage\",\"item\":\"https:\/\/talkpal.ai\/bs\/\"},{\"@type\":\"ListItem\",\"position\":2,\"name\":\"Gr\u010dke gramati\u010dke ve\u017ebe\"}]},{\"@type\":\"WebSite\",\"@id\":\"https:\/\/talkpal.ai\/bs\/#website\",\"url\":\"https:\/\/talkpal.ai\/bs\/\",\"name\":\"Talkpal\",\"description\":\"AI Language Learning\",\"publisher\":{\"@id\":\"https:\/\/talkpal.ai\/bs\/#organization\"},\"alternateName\":\"Talkpal AI\",\"potentialAction\":[{\"@type\":\"SearchAction\",\"target\":{\"@type\":\"EntryPoint\",\"urlTemplate\":\"https:\/\/talkpal.ai\/bs\/?s={search_term_string}\"},\"query-input\":{\"@type\":\"PropertyValueSpecification\",\"valueRequired\":true,\"valueName\":\"search_term_string\"}}],\"inLanguage\":\"bs-BA\"},{\"@type\":\"Organization\",\"@id\":\"https:\/\/talkpal.ai\/bs\/#organization\",\"name\":\"Talkpal, Inc.\",\"alternateName\":\"Talkpal AI\",\"url\":\"https:\/\/talkpal.ai\/bs\/\",\"logo\":{\"@type\":\"ImageObject\",\"inLanguage\":\"bs-BA\",\"@id\":\"https:\/\/talkpal.ai\/bs\/#\/schema\/logo\/image\/\",\"url\":\"https:\/\/talkpal.ai\/wp-content\/uploads\/2024\/03\/Talkpal-Logo-Icon.png\",\"contentUrl\":\"https:\/\/talkpal.ai\/wp-content\/uploads\/2024\/03\/Talkpal-Logo-Icon.png\",\"width\":2880,\"height\":2880,\"caption\":\"Talkpal, Inc.\"},\"image\":{\"@id\":\"https:\/\/talkpal.ai\/bs\/#\/schema\/logo\/image\/\"},\"sameAs\":[\"https:\/\/www.facebook.com\/profile.php?id=100090733639311\",\"https:\/\/x.com\/talkpalai\",\"https:\/\/www.linkedin.com\/company\/talkpal\/\",\"https:\/\/www.youtube.com\/@TalkPal\/\",\"https:\/\/www.tiktok.com\/@talkpal\",\"https:\/\/www.instagram.com\/talkpal_ai\/\",\"https:\/\/www.crunchbase.com\/organization\/talkpal-9cde\",\"https:\/\/www.g2.com\/products\/talkpal-for-business\/\",\"https:\/\/www.trustpilot.com\/review\/talkpal.ai\",\"https:\/\/www.capterra.com\/p\/10006800\/TalkPal\/\"],\"description\":\"Talkpal is a language learning web and mobile education app, powered by the latest AI technologies, that provides engaging experiences to its customers in many different languages to help them improve their language skills. Users can chat about unlimited amount of topics with the app and use other modes to practice their language learning.\",\"email\":\"support@talkpal.ai\",\"legalName\":\"Talkpal, Inc.\",\"foundingDate\":\"2023-04-03\",\"duns\":\"118989042\",\"numberOfEmployees\":{\"@type\":\"QuantitativeValue\",\"minValue\":\"11\",\"maxValue\":\"50\"},\"publishingPrinciples\":\"https:\/\/talkpal.ai\/publishing-principles\/\",\"actionableFeedbackPolicy\":\"https:\/\/talkpal.ai\/actionable-feedback-policy\/\",\"correctionsPolicy\":\"https:\/\/talkpal.ai\/corrections-policy\/\",\"ethicsPolicy\":\"https:\/\/talkpal.ai\/ethics-policy\/\",\"diversityPolicy\":\"https:\/\/talkpal.ai\/diversity-policy\/\",\"diversityStaffingReport\":\"https:\/\/talkpal.ai\/diversity-policy\/\"}]}<\/script>\n<!-- \/ Yoast SEO Premium plugin. -->","yoast_head_json":{"title":"Gr\u010dke gramati\u010dke ve\u017ebe - Talkpal","description":"Lako pobolj\u0161ajte svoje znanje gr\u010dke gramatike - vje\u017ebajte interaktivne vje\u017ebe, brzo se pobolj\u0161ajte i izgradite samopouzdanje uz Talkpal AI.","robots":{"index":"index","follow":"follow","max-snippet":"max-snippet:-1","max-image-preview":"max-image-preview:large","max-video-preview":"max-video-preview:-1"},"canonical":"https:\/\/talkpal.ai\/bs\/grcke-gramaticke-vezbe\/","og_locale":"bs_BA","og_type":"article","og_title":"Gr\u010dke gramati\u010dke ve\u017ebe","og_description":"Grcka gramatika teme U\u010denje gr\u010dkog jezika mo\u017ee biti neverovatno korisno iskustvo jer pru\u017ea prolaz ka bogatoj i raznolikoj kulturi, knji\u017eevnosti i","og_url":"https:\/\/talkpal.ai\/bs\/grcke-gramaticke-vezbe\/","og_site_name":"Talkpal","article_publisher":"https:\/\/www.facebook.com\/profile.php?id=100090733639311","article_modified_time":"2025-12-17T16:05:26+00:00","og_image":[{"width":512,"height":512,"url":"https:\/\/talkpal.ai\/wp-content\/uploads\/2023\/05\/greece.png","type":"image\/png"}],"twitter_card":"summary_large_image","twitter_site":"@talkpalai","twitter_misc":{"Est. reading time":"4 minute"},"schema":{"@context":"https:\/\/schema.org","@graph":[{"@type":"WebPage","@id":"https:\/\/talkpal.ai\/bs\/grcke-gramaticke-vezbe\/","url":"https:\/\/talkpal.ai\/bs\/grcke-gramaticke-vezbe\/","name":"Gr\u010dke gramati\u010dke ve\u017ebe - Talkpal","isPartOf":{"@id":"https:\/\/talkpal.ai\/bs\/#website"},"primaryImageOfPage":{"@id":"https:\/\/talkpal.ai\/bs\/grcke-gramaticke-vezbe\/#primaryimage"},"image":{"@id":"https:\/\/talkpal.ai\/bs\/grcke-gramaticke-vezbe\/#primaryimage"},"thumbnailUrl":"https:\/\/talkpal.ai\/wp-content\/uploads\/2023\/05\/greece.png","datePublished":"2023-06-21T14:18:43+00:00","dateModified":"2025-12-17T16:05:26+00:00","description":"Lako pobolj\u0161ajte svoje znanje gr\u010dke gramatike - vje\u017ebajte interaktivne vje\u017ebe, brzo se pobolj\u0161ajte i izgradite samopouzdanje uz Talkpal AI.","breadcrumb":{"@id":"https:\/\/talkpal.ai\/bs\/grcke-gramaticke-vezbe\/#breadcrumb"},"inLanguage":"bs-BA","potentialAction":[{"@type":"ReadAction","target":["https:\/\/talkpal.ai\/bs\/grcke-gramaticke-vezbe\/"]}]},{"@type":"ImageObject","inLanguage":"bs-BA","@id":"https:\/\/talkpal.ai\/bs\/grcke-gramaticke-vezbe\/#primaryimage","url":"https:\/\/talkpal.ai\/wp-content\/uploads\/2023\/05\/greece.png","contentUrl":"https:\/\/talkpal.ai\/wp-content\/uploads\/2023\/05\/greece.png","width":512,"height":512},{"@type":"BreadcrumbList","@id":"https:\/\/talkpal.ai\/bs\/grcke-gramaticke-vezbe\/#breadcrumb","itemListElement":[{"@type":"ListItem","position":1,"name":"Homepage","item":"https:\/\/talkpal.ai\/bs\/"},{"@type":"ListItem","position":2,"name":"Gr\u010dke gramati\u010dke ve\u017ebe"}]},{"@type":"WebSite","@id":"https:\/\/talkpal.ai\/bs\/#website","url":"https:\/\/talkpal.ai\/bs\/","name":"Talkpal","description":"AI Language Learning","publisher":{"@id":"https:\/\/talkpal.ai\/bs\/#organization"},"alternateName":"Talkpal AI","potentialAction":[{"@type":"SearchAction","target":{"@type":"EntryPoint","urlTemplate":"https:\/\/talkpal.ai\/bs\/?s={search_term_string}"},"query-input":{"@type":"PropertyValueSpecification","valueRequired":true,"valueName":"search_term_string"}}],"inLanguage":"bs-BA"},{"@type":"Organization","@id":"https:\/\/talkpal.ai\/bs\/#organization","name":"Talkpal, Inc.","alternateName":"Talkpal AI","url":"https:\/\/talkpal.ai\/bs\/","logo":{"@type":"ImageObject","inLanguage":"bs-BA","@id":"https:\/\/talkpal.ai\/bs\/#\/schema\/logo\/image\/","url":"https:\/\/talkpal.ai\/wp-content\/uploads\/2024\/03\/Talkpal-Logo-Icon.png","contentUrl":"https:\/\/talkpal.ai\/wp-content\/uploads\/2024\/03\/Talkpal-Logo-Icon.png","width":2880,"height":2880,"caption":"Talkpal, Inc."},"image":{"@id":"https:\/\/talkpal.ai\/bs\/#\/schema\/logo\/image\/"},"sameAs":["https:\/\/www.facebook.com\/profile.php?id=100090733639311","https:\/\/x.com\/talkpalai","https:\/\/www.linkedin.com\/company\/talkpal\/","https:\/\/www.youtube.com\/@TalkPal\/","https:\/\/www.tiktok.com\/@talkpal","https:\/\/www.instagram.com\/talkpal_ai\/","https:\/\/www.crunchbase.com\/organization\/talkpal-9cde","https:\/\/www.g2.com\/products\/talkpal-for-business\/","https:\/\/www.trustpilot.com\/review\/talkpal.ai","https:\/\/www.capterra.com\/p\/10006800\/TalkPal\/"],"description":"Talkpal is a language learning web and mobile education app, powered by the latest AI technologies, that provides engaging experiences to its customers in many different languages to help them improve their language skills. Users can chat about unlimited amount of topics with the app and use other modes to practice their language learning.","email":"support@talkpal.ai","legalName":"Talkpal, Inc.","foundingDate":"2023-04-03","duns":"118989042","numberOfEmployees":{"@type":"QuantitativeValue","minValue":"11","maxValue":"50"},"publishingPrinciples":"https:\/\/talkpal.ai\/publishing-principles\/","actionableFeedbackPolicy":"https:\/\/talkpal.ai\/actionable-feedback-policy\/","correctionsPolicy":"https:\/\/talkpal.ai\/corrections-policy\/","ethicsPolicy":"https:\/\/talkpal.ai\/ethics-policy\/","diversityPolicy":"https:\/\/talkpal.ai\/diversity-policy\/","diversityStaffingReport":"https:\/\/talkpal.ai\/diversity-policy\/"}]}},"_links":{"self":[{"href":"https:\/\/talkpal.ai\/bs\/wp-json\/wp\/v2\/pages\/162571","targetHints":{"allow":["GET"]}}],"collection":[{"href":"https:\/\/talkpal.ai\/bs\/wp-json\/wp\/v2\/pages"}],"about":[{"href":"https:\/\/talkpal.ai\/bs\/wp-json\/wp\/v2\/types\/page"}],"author":[{"embeddable":true,"href":"https:\/\/talkpal.ai\/bs\/wp-json\/wp\/v2\/users\/6"}],"replies":[{"embeddable":true,"href":"https:\/\/talkpal.ai\/bs\/wp-json\/wp\/v2\/comments?post=162571"}],"version-history":[{"count":0,"href":"https:\/\/talkpal.ai\/bs\/wp-json\/wp\/v2\/pages\/162571\/revisions"}],"wp:featuredmedia":[{"embeddable":true,"href":"https:\/\/talkpal.ai\/bs\/wp-json\/wp\/v2\/media\/112712"}],"wp:attachment":[{"href":"https:\/\/talkpal.ai\/bs\/wp-json\/wp\/v2\/media?parent=162571"}],"curies":[{"name":"wp","href":"https:\/\/api.w.org\/{rel}","templated":true}]}}