{"id":162286,"date":"2023-06-21T14:25:56","date_gmt":"2023-06-21T14:25:56","guid":{"rendered":"http:\/\/talkpal.ai\/hebrejske-gramaticke-vezbe\/"},"modified":"2025-12-17T15:49:26","modified_gmt":"2025-12-17T15:49:26","slug":"hebrejske-gramaticke-vezbe","status":"publish","type":"page","link":"https:\/\/talkpal.ai\/bs\/hebrejske-gramaticke-vezbe\/","title":{"rendered":"Hebrejske gramati\u010dke ve\u017ebe"},"content":{"rendered":"\r\n\r\n\r\n<section class=\"languageChallengeSection\">\r\n    <div class=\"languageInfoWrapper\">\r\n        \r\n        <h1>Hebrejske gramati\u010dke ve\u017ebe<\/h1>\r\n        <p>Spremni da se udubite u hebrejsku gramatiku? Ove jednostavne vje\u017ebe \u0107e vam pomo\u0107i da se osje\u0107ate ugodno s osnovama i izgradite samopouzdanje dok u\u010dite ovaj prekrasni jezik.<\/p>\r\n\r\n                            <a class=\"getStartedHidden\" href=\"https:\/\/app.talkpal.ai\/signup?lng=\">Kreni<\/a>\r\n        \r\n    <\/div>\r\n\r\n    <figure>\r\n    <img decoding=\"async\" width=\"768\" height=\"768\" src=\"https:\/\/talkpal.ai\/wp-content\/uploads\/2023\/06\/hebrew-768x768.png\" class=\"languageImage no-lazy\" alt=\"Language learning for proficient communication\" fetchpriority=\"high\" sizes=\"(max-width: 768px) 150px, 768px\" srcset=\"https:\/\/talkpal.ai\/wp-content\/uploads\/2023\/06\/hebrew-768x768.png 768w, https:\/\/talkpal.ai\/wp-content\/uploads\/2023\/06\/hebrew-300x300.png 300w\" \/>\r\n    \r\n\r\n    <\/figure>\r\n\r\n            <a class=\"getStartedVisible\" href=\"https:\/\/app.talkpal.ai\/signup?lng=\">Kreni<\/a>\r\n    \r\n<\/section>\r\n\r\n\r\n<!-- <section class=\"grammarSection\">\r\n    <div class=\"grammarLinks\">\r\n            <\/div>\r\n<\/section> -->\r\n\r\n\r\n\r\n\r\n<section class=\"promotionalBanner\">\r\n    <p class=\"promotionalText\">Najefikasniji na\u010din za u\u010denje jezika<\/p>\r\n    <a class=\"promotionalLink\" href=\"https:\/\/app.talkpal.ai\/signup?lng=\">Isprobajte Talkpal besplatno<\/a>\r\n<\/section>\n<div class=\"wp-block-group pageContainerStyle\"><div class=\"wp-block-group__inner-container is-layout-constrained wp-block-group-is-layout-constrained\">\n<h2 class=\"wp-block-heading\" id=\"h-hebrew-grammar-topics\">Hebrejska gramatika<\/h2>\n\n\n\n<p><a href=\"https:\/\/talkpal.ai\/learn-hebrew\/\">Hebrejski<\/a> je fascinantan i drevni jezik koji ima veliki istorijski i kulturni zna\u010daj. Kao jedan od najstarijih jezika na svetu, vremenom se razvijao i prilago\u0111avao, \u0161to ga \u010dini izazovnim i nagra\u0111ivanim jezikom za u\u010denje. Bilo da <a href=\"https:\/\/talkpal.ai\/learn-hebrew\/\">u\u010dite hebrejski<\/a> iz verskih razloga, da se pove\u017eete sa svojim nasle\u0111em ili jednostavno radi li\u010dnog rasta, razumevanje gramatike je od su\u0161tinskog zna\u010daja za efikasnu komunikaciju. U ovom vodi\u010du istra\u017ei\u0107emo klju\u010dne teme hebrejske gramatike koje treba da savladate u logi\u010dnom redosledu, pru\u017eaju\u0107i solidnu osnovu za va\u0161e putovanje u\u010denja jezika.<\/p>\n\n\n\n<h3 class=\"wp-block-heading\" id=\"h-1-nouns\">1. imenice:<\/h3>\n\n\n\n<p>Kao gradivni blok bilo kojeg jezika, razumijevanje hebrejskih imenica je od klju\u010dnog zna\u010daja. Imenice na hebrejskom jeziku imaju spol (mu\u0161ki ili \u017eenski) i broj (jednina, mno\u017eina, a ponekad i dvojna). U\u010denje obrazaca za rod i sporazum o broju pomo\u0107i \u0107e vam da formirate osnovne re\u010denice i razumete jezi\u010dku strukturu.<\/p>\n\n\n\n<h3 class=\"wp-block-heading\" id=\"h-2-articles\">2. \u010dlanci:<\/h3>\n\n\n\n<p>Hebrejski ima odre\u0111eni \u010dlan, \u201c\u05d4\u201d (ha), koji je vezan uz po\u010detak imenice kako bi ozna\u010dio da je specifi\u010dan ili poznat. Ne postoji neodre\u0111eni \u010dlanak na hebrejskom, tako da je u\u010denje kada i kako koristiti odre\u0111eni \u010dlanak od su\u0161tinskog zna\u010daja za pravilnu komunikaciju.<\/p>\n\n\n\n<h3 class=\"wp-block-heading\" id=\"h-3-adjectives\">3. pridjevi:<\/h3>\n\n\n\n<p>Hebrejski pridjevi, poput imenica, imaju sporazum o spolu i broju. Slijede imenicu koju mijenjaju i moraju se slo\u017eiti u spolu i broju. Razumevanje obrazaca i pravila za pridevski sporazum pomo\u0107i \u0107e vam da ta\u010dno opi\u0161ete predmete i ideje na hebrejskom.<\/p>\n\n\n\n<h3 class=\"wp-block-heading\" id=\"h-4-pronouns-determiners\">4. zamjenice\/determinatori:<\/h3>\n\n\n\n<p>Zamjenice zamjenjuju imenice u re\u010denicama, dok ih determinatori odre\u0111uju ili kvantifikuju. Oboje igraju klju\u010dnu ulogu u tome da va\u0161 hebrejski te\u010dniji i prirodniji. Savladavanje razli\u010ditih zamenica (subjekt, objekat, posesivnost) i determinatora (demonstrativnih, upitnih, neodre\u0111enih) pomo\u0107i \u0107e vam da kreirate slo\u017eenije re\u010denice i efikasnije prenesete svoje ideje.<\/p>\n\n\n\n<h3 class=\"wp-block-heading\" id=\"h-5-verbs\">5. glagoli:<\/h3>\n\n\n\n<p>Hebrejski glagoli su u sr\u017ei gramatike jezika. Temelje se na korijenskom sistemu koji se sastoji od tri ili \u010detiri suglasnika i konjugiraju se prema napetosti, osobi, polu i broju. Upoznavanje sa razli\u010ditim oblicima glagola i vremenom omogu\u0107i\u0107e vam da efikasno izrazite akcije i stanja.<\/p>\n\n\n\n<h3 class=\"wp-block-heading\" id=\"h-6-tenses\">6. napetosti:<\/h3>\n\n\n\n<p>Hebrejski ima tri glavna vremena: pro\u0161lost, sada\u0161njost i budu\u0107nost. Svako vrijeme ima specifi\u010dna pravila konjugacije <a href=\"https:\/\/talkpal.ai\/locations\/language-courses-in-koja\/\">koja<\/a> zavise od glagolskog korijena i roda i broja subjekta. Razumevanje ovih pravila \u0107e vam omogu\u0107iti da precizno prenesete vreme akcija.<\/p>\n\n\n\n<h3 class=\"wp-block-heading\" id=\"h-7-tense-comparison\">7. napeto pore\u0111enje:<\/h3>\n\n\n\n<p>Va\u017eno je znati kada i kako koristiti svako jevrejsko vreme za efikasnu komunikaciju. Upore\u0111ivanje i kontrastiranje razli\u010ditih vremena pomo\u0107i \u0107e vam da shvatite nijanse jezika i omogu\u0107ite vam da se preciznije izrazite.<\/p>\n\n\n\n<h3 class=\"wp-block-heading\" id=\"h-8-progressive-and-perfect-progressive\">Progresivno i progresivno:<\/h3>\n\n\n\n<p>Ovi oblici glagola koriste se za ozna\u010davanje teku\u0107ih ili zavr\u0161enih radnji. Progresivna forma se koristi za akcije koje su jo\u0161 uvek u toku, dok savr\u0161eni progresiv nagla\u0161ava zavr\u0161etak akcije. Razumevanje ovih oblika \u0107e pobolj\u0161ati va\u0161u sposobnost da izrazite kompleksne ideje i akcije.<\/p>\n\n\n\n<h3 class=\"wp-block-heading\" id=\"h-9-adverbs\">9. prilozi:<\/h3>\n\n\n\n<p>Prilozi modifikuju glagole, pridjeve ili druge priloge, pru\u017eaju\u0107i dodatne informacije o opisanoj radnji ili kvalitetu. U\u010denje razli\u010ditih vrsta hebrejskih priloga i kako ih pravilno koristiti doda\u0107e raznovrsnost i dubinu va\u0161im jezi\u010dkim ve\u0161tinama.<\/p>\n\n\n\n<h3 class=\"wp-block-heading\" id=\"h-10-prepositions\">10. prijedlozi:<\/h3>\n\n\n\n<p>Predlozi povezuju imenice, zamenice ili druge re\u010di za prikazivanje odnosa u vremenu, lokaciji ili drugim kontekstima. Savladavanje hebrejskih predloga pomo\u0107i \u0107e vam da kreirate slo\u017eenije re\u010denice i jasnije izrazite odnose izme\u0111u ideja.<\/p>\n\n\n\n<h3 class=\"wp-block-heading\" id=\"h-11-conditionals\">11. uslovno:<\/h3>\n\n\n\n<p>Hebrejski kondicionali se koriste za izra\u017eavanje hipoteti\u010dkih situacija i njihovih posljedica. U\u010denje razli\u010ditih uslovnih struktura (if \/ then izjava) omogu\u0107i\u0107e vam da efikasno komunicirate u hipoteti\u010dkim ili nesigurnim situacijama.<\/p>\n\n\n\n<h3 class=\"wp-block-heading\" id=\"h-12-sentences\">12. re\u010denice:<\/h3>\n\n\n\n<p>Kona\u010dno, sastavljanje svih gramati\u010dkih komponenti kako bi se formirale kompletne, koherentne re\u010denice je krajnji cilj u\u010denja hebrejskog. Kombinujte imenice, glagole, pridjeve i druge elemente kako biste stvorili re\u010denice koje ta\u010dno prenose va\u0161e misli i ideje na hebrejskom jeziku.<\/p>\n<\/div><\/div>\n\r\n<section class=\"learnNavigationSection\">\r\n            \r\n        <a href=\"https:\/\/talkpal.ai\/bs\/nauci-hebrejski\/\">\r\n            <div class=\"learnNavigationWrapper\">\r\n                <div class=\"learnNavigationContent\">\r\n                    <img decoding=\"async\" src=\"https:\/\/talkpal.ai\/wp-content\/uploads\/2024\/08\/Hebrew.jpg\" alt=\"Israel Flag\">\r\n                    <div>\r\n                        <h4>O u\u010denju hebrejskog<\/h4>\r\n                        <p>Saznaj sve o hebrejskoj gramatici.<\/p>\r\n                    <\/div>\r\n                <\/div>\r\n            <\/div>\r\n        <\/a>\r\n\r\n        \r\n        <a href=\"https:\/\/talkpal.ai\/bs\/hebrejska-gramatika\/\">\r\n            <div class=\"learnNavigationWrapper\">\r\n                <div class=\"learnNavigationContent\">\r\n                    <img decoding=\"async\" src=\"https:\/\/talkpal.ai\/wp-content\/uploads\/2024\/08\/Hebrew.jpg\" alt=\"Israel Flag\">\r\n                    <div>\r\n                        <h4>Lekcije hebrejske gramatike<\/h4>\r\n                        <p>Praktikuj hebrejsku gramatiku.<\/p>\r\n                    <\/div>\r\n                <\/div>\r\n            <\/div>\r\n        <\/a>\r\n\r\n        \r\n        <a href=\"https:\/\/talkpal.ai\/vocabulary_language\/hebrew\/\">\r\n            <div class=\"learnNavigationWrapper\">\r\n                <div class=\"learnNavigationContent\">\r\n                    <img decoding=\"async\" src=\"https:\/\/talkpal.ai\/wp-content\/uploads\/2024\/08\/Hebrew.jpg\" alt=\"Israel Flag\">\r\n                    <div>\r\n                        <h4>Hebrejski vokabular<\/h4>\r\n                        <p>Pro\u0161irite svoj hebrejski vokabular.<\/p>\r\n                    <\/div>\r\n                <\/div>\r\n            <\/div>\r\n        <\/a>\r\n\r\n            <\/section>","protected":false},"excerpt":{"rendered":"<p>Hebrejska gramatika Hebrejski je fascinantan i drevni jezik koji ima veliki istorijski i kulturni zna\u010daj. Kao jedan od najstarijih jezika na svetu, vremenom se razvijao i prilago\u0111avao, \u0161to ga \u010dini izazovnim i nagra\u0111ivanim jezikom za u\u010denje. Bilo da u\u010dite hebrejski iz verskih razloga, da se pove\u017eete sa svojim nasle\u0111em ili jednostavno radi li\u010dnog rasta, razumevanje [&hellip;]<\/p>\n","protected":false},"author":6,"featured_media":112948,"parent":0,"menu_order":0,"comment_status":"closed","ping_status":"closed","template":"LearningContentPage.php","meta":{"_acf_changed":false,"footnotes":""},"class_list":["post-162286","page","type-page","status-publish","has-post-thumbnail","hentry"],"acf":[],"yoast_head":"<!-- This site is optimized with the Yoast SEO Premium plugin v27.2 (Yoast SEO v27.2) - https:\/\/yoast.com\/product\/yoast-seo-premium-wordpress\/ -->\n<title>Hebrejske gramati\u010dke ve\u017ebe - Talkpal<\/title>\n<meta name=\"description\" content=\"Usavr\u0161ite svoju gramatiku hebrejskog jezika - uklju\u010dite se u jasne, prakti\u010dne vje\u017ebe kako biste lako oja\u010dali svoje jezi\u010dke vje\u0161tine uz Talkpal AI.\" \/>\n<meta name=\"robots\" content=\"index, follow, max-snippet:-1, max-image-preview:large, max-video-preview:-1\" \/>\n<link rel=\"canonical\" href=\"https:\/\/talkpal.ai\/bs\/hebrejske-gramaticke-vezbe\/\" \/>\n<meta property=\"og:locale\" content=\"bs_BA\" \/>\n<meta property=\"og:type\" content=\"article\" \/>\n<meta property=\"og:title\" content=\"Hebrejske gramati\u010dke ve\u017ebe\" \/>\n<meta property=\"og:description\" content=\"Hebrejska gramatika Hebrejski je fascinantan i drevni jezik koji ima veliki istorijski i kulturni zna\u010daj. Kao jedan od najstarijih jezika na svetu,\" \/>\n<meta property=\"og:url\" content=\"https:\/\/talkpal.ai\/bs\/hebrejske-gramaticke-vezbe\/\" \/>\n<meta property=\"og:site_name\" content=\"Talkpal\" \/>\n<meta property=\"article:publisher\" content=\"https:\/\/www.facebook.com\/profile.php?id=100090733639311\" \/>\n<meta property=\"article:modified_time\" content=\"2025-12-17T15:49:26+00:00\" \/>\n<meta property=\"og:image\" content=\"https:\/\/talkpal.ai\/wp-content\/uploads\/2023\/05\/israel.png\" \/>\n\t<meta property=\"og:image:width\" content=\"512\" \/>\n\t<meta property=\"og:image:height\" content=\"512\" \/>\n\t<meta property=\"og:image:type\" content=\"image\/png\" \/>\n<meta name=\"twitter:card\" content=\"summary_large_image\" \/>\n<meta name=\"twitter:site\" content=\"@talkpalai\" \/>\n<meta name=\"twitter:label1\" content=\"Est. reading time\" \/>\n\t<meta name=\"twitter:data1\" content=\"3 minute\" \/>\n<script type=\"application\/ld+json\" class=\"yoast-schema-graph\">{\"@context\":\"https:\/\/schema.org\",\"@graph\":[{\"@type\":\"WebPage\",\"@id\":\"https:\/\/talkpal.ai\/bs\/hebrejske-gramaticke-vezbe\/\",\"url\":\"https:\/\/talkpal.ai\/bs\/hebrejske-gramaticke-vezbe\/\",\"name\":\"Hebrejske gramati\u010dke ve\u017ebe - Talkpal\",\"isPartOf\":{\"@id\":\"https:\/\/talkpal.ai\/bs\/#website\"},\"primaryImageOfPage\":{\"@id\":\"https:\/\/talkpal.ai\/bs\/hebrejske-gramaticke-vezbe\/#primaryimage\"},\"image\":{\"@id\":\"https:\/\/talkpal.ai\/bs\/hebrejske-gramaticke-vezbe\/#primaryimage\"},\"thumbnailUrl\":\"https:\/\/talkpal.ai\/wp-content\/uploads\/2023\/05\/israel.png\",\"datePublished\":\"2023-06-21T14:25:56+00:00\",\"dateModified\":\"2025-12-17T15:49:26+00:00\",\"description\":\"Usavr\u0161ite svoju gramatiku hebrejskog jezika - uklju\u010dite se u jasne, prakti\u010dne vje\u017ebe kako biste lako oja\u010dali svoje jezi\u010dke vje\u0161tine uz Talkpal AI.\",\"breadcrumb\":{\"@id\":\"https:\/\/talkpal.ai\/bs\/hebrejske-gramaticke-vezbe\/#breadcrumb\"},\"inLanguage\":\"bs-BA\",\"potentialAction\":[{\"@type\":\"ReadAction\",\"target\":[\"https:\/\/talkpal.ai\/bs\/hebrejske-gramaticke-vezbe\/\"]}]},{\"@type\":\"ImageObject\",\"inLanguage\":\"bs-BA\",\"@id\":\"https:\/\/talkpal.ai\/bs\/hebrejske-gramaticke-vezbe\/#primaryimage\",\"url\":\"https:\/\/talkpal.ai\/wp-content\/uploads\/2023\/05\/israel.png\",\"contentUrl\":\"https:\/\/talkpal.ai\/wp-content\/uploads\/2023\/05\/israel.png\",\"width\":512,\"height\":512},{\"@type\":\"BreadcrumbList\",\"@id\":\"https:\/\/talkpal.ai\/bs\/hebrejske-gramaticke-vezbe\/#breadcrumb\",\"itemListElement\":[{\"@type\":\"ListItem\",\"position\":1,\"name\":\"Homepage\",\"item\":\"https:\/\/talkpal.ai\/bs\/\"},{\"@type\":\"ListItem\",\"position\":2,\"name\":\"Hebrejske gramati\u010dke ve\u017ebe\"}]},{\"@type\":\"WebSite\",\"@id\":\"https:\/\/talkpal.ai\/bs\/#website\",\"url\":\"https:\/\/talkpal.ai\/bs\/\",\"name\":\"Talkpal\",\"description\":\"AI Language Learning\",\"publisher\":{\"@id\":\"https:\/\/talkpal.ai\/bs\/#organization\"},\"alternateName\":\"Talkpal AI\",\"potentialAction\":[{\"@type\":\"SearchAction\",\"target\":{\"@type\":\"EntryPoint\",\"urlTemplate\":\"https:\/\/talkpal.ai\/bs\/?s={search_term_string}\"},\"query-input\":{\"@type\":\"PropertyValueSpecification\",\"valueRequired\":true,\"valueName\":\"search_term_string\"}}],\"inLanguage\":\"bs-BA\"},{\"@type\":\"Organization\",\"@id\":\"https:\/\/talkpal.ai\/bs\/#organization\",\"name\":\"Talkpal, Inc.\",\"alternateName\":\"Talkpal AI\",\"url\":\"https:\/\/talkpal.ai\/bs\/\",\"logo\":{\"@type\":\"ImageObject\",\"inLanguage\":\"bs-BA\",\"@id\":\"https:\/\/talkpal.ai\/bs\/#\/schema\/logo\/image\/\",\"url\":\"https:\/\/talkpal.ai\/wp-content\/uploads\/2024\/03\/Talkpal-Logo-Icon.png\",\"contentUrl\":\"https:\/\/talkpal.ai\/wp-content\/uploads\/2024\/03\/Talkpal-Logo-Icon.png\",\"width\":2880,\"height\":2880,\"caption\":\"Talkpal, Inc.\"},\"image\":{\"@id\":\"https:\/\/talkpal.ai\/bs\/#\/schema\/logo\/image\/\"},\"sameAs\":[\"https:\/\/www.facebook.com\/profile.php?id=100090733639311\",\"https:\/\/x.com\/talkpalai\",\"https:\/\/www.linkedin.com\/company\/talkpal\/\",\"https:\/\/www.youtube.com\/@TalkPal\/\",\"https:\/\/www.tiktok.com\/@talkpal\",\"https:\/\/www.instagram.com\/talkpal_ai\/\",\"https:\/\/www.crunchbase.com\/organization\/talkpal-9cde\",\"https:\/\/www.g2.com\/products\/talkpal-for-business\/\",\"https:\/\/www.trustpilot.com\/review\/talkpal.ai\",\"https:\/\/www.capterra.com\/p\/10006800\/TalkPal\/\"],\"description\":\"Talkpal is a language learning web and mobile education app, powered by the latest AI technologies, that provides engaging experiences to its customers in many different languages to help them improve their language skills. Users can chat about unlimited amount of topics with the app and use other modes to practice their language learning.\",\"email\":\"support@talkpal.ai\",\"legalName\":\"Talkpal, Inc.\",\"foundingDate\":\"2023-04-03\",\"duns\":\"118989042\",\"numberOfEmployees\":{\"@type\":\"QuantitativeValue\",\"minValue\":\"11\",\"maxValue\":\"50\"},\"publishingPrinciples\":\"https:\/\/talkpal.ai\/publishing-principles\/\",\"actionableFeedbackPolicy\":\"https:\/\/talkpal.ai\/actionable-feedback-policy\/\",\"correctionsPolicy\":\"https:\/\/talkpal.ai\/corrections-policy\/\",\"ethicsPolicy\":\"https:\/\/talkpal.ai\/ethics-policy\/\",\"diversityPolicy\":\"https:\/\/talkpal.ai\/diversity-policy\/\",\"diversityStaffingReport\":\"https:\/\/talkpal.ai\/diversity-policy\/\"}]}<\/script>\n<!-- \/ Yoast SEO Premium plugin. -->","yoast_head_json":{"title":"Hebrejske gramati\u010dke ve\u017ebe - Talkpal","description":"Usavr\u0161ite svoju gramatiku hebrejskog jezika - uklju\u010dite se u jasne, prakti\u010dne vje\u017ebe kako biste lako oja\u010dali svoje jezi\u010dke vje\u0161tine uz Talkpal AI.","robots":{"index":"index","follow":"follow","max-snippet":"max-snippet:-1","max-image-preview":"max-image-preview:large","max-video-preview":"max-video-preview:-1"},"canonical":"https:\/\/talkpal.ai\/bs\/hebrejske-gramaticke-vezbe\/","og_locale":"bs_BA","og_type":"article","og_title":"Hebrejske gramati\u010dke ve\u017ebe","og_description":"Hebrejska gramatika Hebrejski je fascinantan i drevni jezik koji ima veliki istorijski i kulturni zna\u010daj. Kao jedan od najstarijih jezika na svetu,","og_url":"https:\/\/talkpal.ai\/bs\/hebrejske-gramaticke-vezbe\/","og_site_name":"Talkpal","article_publisher":"https:\/\/www.facebook.com\/profile.php?id=100090733639311","article_modified_time":"2025-12-17T15:49:26+00:00","og_image":[{"width":512,"height":512,"url":"https:\/\/talkpal.ai\/wp-content\/uploads\/2023\/05\/israel.png","type":"image\/png"}],"twitter_card":"summary_large_image","twitter_site":"@talkpalai","twitter_misc":{"Est. reading time":"3 minute"},"schema":{"@context":"https:\/\/schema.org","@graph":[{"@type":"WebPage","@id":"https:\/\/talkpal.ai\/bs\/hebrejske-gramaticke-vezbe\/","url":"https:\/\/talkpal.ai\/bs\/hebrejske-gramaticke-vezbe\/","name":"Hebrejske gramati\u010dke ve\u017ebe - Talkpal","isPartOf":{"@id":"https:\/\/talkpal.ai\/bs\/#website"},"primaryImageOfPage":{"@id":"https:\/\/talkpal.ai\/bs\/hebrejske-gramaticke-vezbe\/#primaryimage"},"image":{"@id":"https:\/\/talkpal.ai\/bs\/hebrejske-gramaticke-vezbe\/#primaryimage"},"thumbnailUrl":"https:\/\/talkpal.ai\/wp-content\/uploads\/2023\/05\/israel.png","datePublished":"2023-06-21T14:25:56+00:00","dateModified":"2025-12-17T15:49:26+00:00","description":"Usavr\u0161ite svoju gramatiku hebrejskog jezika - uklju\u010dite se u jasne, prakti\u010dne vje\u017ebe kako biste lako oja\u010dali svoje jezi\u010dke vje\u0161tine uz Talkpal AI.","breadcrumb":{"@id":"https:\/\/talkpal.ai\/bs\/hebrejske-gramaticke-vezbe\/#breadcrumb"},"inLanguage":"bs-BA","potentialAction":[{"@type":"ReadAction","target":["https:\/\/talkpal.ai\/bs\/hebrejske-gramaticke-vezbe\/"]}]},{"@type":"ImageObject","inLanguage":"bs-BA","@id":"https:\/\/talkpal.ai\/bs\/hebrejske-gramaticke-vezbe\/#primaryimage","url":"https:\/\/talkpal.ai\/wp-content\/uploads\/2023\/05\/israel.png","contentUrl":"https:\/\/talkpal.ai\/wp-content\/uploads\/2023\/05\/israel.png","width":512,"height":512},{"@type":"BreadcrumbList","@id":"https:\/\/talkpal.ai\/bs\/hebrejske-gramaticke-vezbe\/#breadcrumb","itemListElement":[{"@type":"ListItem","position":1,"name":"Homepage","item":"https:\/\/talkpal.ai\/bs\/"},{"@type":"ListItem","position":2,"name":"Hebrejske gramati\u010dke ve\u017ebe"}]},{"@type":"WebSite","@id":"https:\/\/talkpal.ai\/bs\/#website","url":"https:\/\/talkpal.ai\/bs\/","name":"Talkpal","description":"AI Language Learning","publisher":{"@id":"https:\/\/talkpal.ai\/bs\/#organization"},"alternateName":"Talkpal AI","potentialAction":[{"@type":"SearchAction","target":{"@type":"EntryPoint","urlTemplate":"https:\/\/talkpal.ai\/bs\/?s={search_term_string}"},"query-input":{"@type":"PropertyValueSpecification","valueRequired":true,"valueName":"search_term_string"}}],"inLanguage":"bs-BA"},{"@type":"Organization","@id":"https:\/\/talkpal.ai\/bs\/#organization","name":"Talkpal, Inc.","alternateName":"Talkpal AI","url":"https:\/\/talkpal.ai\/bs\/","logo":{"@type":"ImageObject","inLanguage":"bs-BA","@id":"https:\/\/talkpal.ai\/bs\/#\/schema\/logo\/image\/","url":"https:\/\/talkpal.ai\/wp-content\/uploads\/2024\/03\/Talkpal-Logo-Icon.png","contentUrl":"https:\/\/talkpal.ai\/wp-content\/uploads\/2024\/03\/Talkpal-Logo-Icon.png","width":2880,"height":2880,"caption":"Talkpal, Inc."},"image":{"@id":"https:\/\/talkpal.ai\/bs\/#\/schema\/logo\/image\/"},"sameAs":["https:\/\/www.facebook.com\/profile.php?id=100090733639311","https:\/\/x.com\/talkpalai","https:\/\/www.linkedin.com\/company\/talkpal\/","https:\/\/www.youtube.com\/@TalkPal\/","https:\/\/www.tiktok.com\/@talkpal","https:\/\/www.instagram.com\/talkpal_ai\/","https:\/\/www.crunchbase.com\/organization\/talkpal-9cde","https:\/\/www.g2.com\/products\/talkpal-for-business\/","https:\/\/www.trustpilot.com\/review\/talkpal.ai","https:\/\/www.capterra.com\/p\/10006800\/TalkPal\/"],"description":"Talkpal is a language learning web and mobile education app, powered by the latest AI technologies, that provides engaging experiences to its customers in many different languages to help them improve their language skills. Users can chat about unlimited amount of topics with the app and use other modes to practice their language learning.","email":"support@talkpal.ai","legalName":"Talkpal, Inc.","foundingDate":"2023-04-03","duns":"118989042","numberOfEmployees":{"@type":"QuantitativeValue","minValue":"11","maxValue":"50"},"publishingPrinciples":"https:\/\/talkpal.ai\/publishing-principles\/","actionableFeedbackPolicy":"https:\/\/talkpal.ai\/actionable-feedback-policy\/","correctionsPolicy":"https:\/\/talkpal.ai\/corrections-policy\/","ethicsPolicy":"https:\/\/talkpal.ai\/ethics-policy\/","diversityPolicy":"https:\/\/talkpal.ai\/diversity-policy\/","diversityStaffingReport":"https:\/\/talkpal.ai\/diversity-policy\/"}]}},"_links":{"self":[{"href":"https:\/\/talkpal.ai\/bs\/wp-json\/wp\/v2\/pages\/162286","targetHints":{"allow":["GET"]}}],"collection":[{"href":"https:\/\/talkpal.ai\/bs\/wp-json\/wp\/v2\/pages"}],"about":[{"href":"https:\/\/talkpal.ai\/bs\/wp-json\/wp\/v2\/types\/page"}],"author":[{"embeddable":true,"href":"https:\/\/talkpal.ai\/bs\/wp-json\/wp\/v2\/users\/6"}],"replies":[{"embeddable":true,"href":"https:\/\/talkpal.ai\/bs\/wp-json\/wp\/v2\/comments?post=162286"}],"version-history":[{"count":0,"href":"https:\/\/talkpal.ai\/bs\/wp-json\/wp\/v2\/pages\/162286\/revisions"}],"wp:featuredmedia":[{"embeddable":true,"href":"https:\/\/talkpal.ai\/bs\/wp-json\/wp\/v2\/media\/112948"}],"wp:attachment":[{"href":"https:\/\/talkpal.ai\/bs\/wp-json\/wp\/v2\/media?parent=162286"}],"curies":[{"name":"wp","href":"https:\/\/api.w.org\/{rel}","templated":true}]}}