{"id":161401,"date":"2023-06-22T07:25:42","date_gmt":"2023-06-22T07:25:42","guid":{"rendered":"http:\/\/talkpal.ai\/indonezanske-gramaticke-vezbe\/"},"modified":"2025-12-17T14:51:57","modified_gmt":"2025-12-17T14:51:57","slug":"indonezanske-gramaticke-vezbe","status":"publish","type":"page","link":"https:\/\/talkpal.ai\/bs\/indonezanske-gramaticke-vezbe\/","title":{"rendered":"Indone\u017eanske gramati\u010dke ve\u017ebe"},"content":{"rendered":"\r\n\r\n\r\n<section class=\"languageChallengeSection\">\r\n    <div class=\"languageInfoWrapper\">\r\n        \r\n        <h1>Indone\u017eanske gramati\u010dke ve\u017ebe<\/h1>\r\n        <p>\u017delite li pobolj\u0161ati svoje samopouzdanje u indonezijskom jeziku? Gramati\u010dke vje\u017ebe su odli\u010dan na\u010din za savladavanje re\u010deni\u010dne strukture, glagolskih oblika i klju\u010dnih obrazaca koji \u0107e vam pomo\u0107i da komunicirate prirodnije. Po\u010dnite vje\u017ebati indonezijsku gramatiku ve\u0107 danas i gledajte kako vam vje\u0161tine i razumijevanje rastu sa svakom sesijom!<\/p>\r\n\r\n                            <a class=\"getStartedHidden\" href=\"https:\/\/app.talkpal.ai\/signup?lng=\">Kreni<\/a>\r\n        \r\n    <\/div>\r\n\r\n    <figure>\r\n    <img decoding=\"async\" width=\"768\" height=\"768\" src=\"https:\/\/talkpal.ai\/wp-content\/uploads\/2023\/06\/indonesia-768x768.png\" class=\"languageImage no-lazy\" alt=\"Language learning for personal achievement\" fetchpriority=\"high\" sizes=\"(max-width: 768px) 150px, 768px\" srcset=\"https:\/\/talkpal.ai\/wp-content\/uploads\/2023\/06\/indonesia-768x768.png 768w, https:\/\/talkpal.ai\/wp-content\/uploads\/2023\/06\/indonesia-300x300.png 300w\" \/>\r\n    \r\n\r\n    <\/figure>\r\n\r\n            <a class=\"getStartedVisible\" href=\"https:\/\/app.talkpal.ai\/signup?lng=\">Kreni<\/a>\r\n    \r\n<\/section>\r\n\r\n\r\n<!-- <section class=\"grammarSection\">\r\n    <div class=\"grammarLinks\">\r\n            <\/div>\r\n<\/section> -->\r\n\r\n\r\n\r\n\r\n<section class=\"promotionalBanner\">\r\n    <p class=\"promotionalText\">Najefikasniji na\u010din za u\u010denje jezika<\/p>\r\n    <a class=\"promotionalLink\" href=\"https:\/\/app.talkpal.ai\/signup?lng=\">Isprobajte Talkpal besplatno<\/a>\r\n<\/section>\n<div class=\"wp-block-group pageContainerStyle\"><div class=\"wp-block-group__inner-container is-layout-constrained wp-block-group-is-layout-constrained\">\n<h2 class=\"wp-block-heading\" id=\"h-indonesian-grammar-topics\">Indone\u017eanska gramatika<\/h2>\n\n\n\n<p>Indonezija ili Bahasa Indonezija je zvani\u010dni jezik Indonezije i slu\u017ei kao ujedinjuju\u0107i jezik u zemlji sa preko 700 govornih jezika. Kao standardizovani registar malajskog, to je austronezijski jezik sa lako nau\u010denim gramati\u010dkim sistemom. Dok <a href=\"https:\/\/talkpal.ai\/learn-indonesian\/\">u\u010dite indonezijski<\/a>, bitno je razumjeti njegova gramati\u010dka pravila i strukturu za u\u010dinkovitu komunikaciju. U ovom vodi\u010du \u0107emo se fokusirati na slijed u\u010denja razli\u010ditih indone\u017eanskih gramati\u010dkih tema kao \u0161to su vremena, glagoli, imenice, \u010dlanci, zamjenice, pridjevi, prilozi, uvjeti, prijedlozi i struktura re\u010denice.<\/p>\n\n\n\n<h3 class=\"wp-block-heading\" id=\"h-1-nouns\">1. imenice<\/h3>\n\n\n\n<p>Po\u010dnite sa u\u010denjem indone\u017eanskih imenica, jer su one najjednostavniji gradivni blokovi jezika. Indone\u017eanske imenice nisu rodno ili pluralizovane, \u0161to ih \u010dini lakim za razumevanje. Upoznajte se sa zajedni\u010dkim imenicama i njihovom upotrebom u kontekstu.<\/p>\n\n\n\n<h3 class=\"wp-block-heading\" id=\"h-2-pronouns-determiners\">2. zamjenice\/determinatori<\/h3>\n\n\n\n<p>Nakon razumijevanja imenica, nau\u010dite zamjenice i odrednice. Indone\u017eanski ima razli\u010dite li\u010dne zamjenice i posesivne determinatore koji odgovaraju engleskim ekvivalentima. Koristite ih u razli\u010ditim kontekstima za izgradnju temelja u konstrukciji re\u010denica.<\/p>\n\n\n\n<h3 class=\"wp-block-heading\" id=\"h-3-adjectives\">3. pridjevi<\/h3>\n\n\n\n<p>Pridjevi su od su\u0161tinskog zna\u010daja za opisivanje i razlikovanje imenica na indone\u017eanskom jeziku. Nau\u010dite kako koristiti pridjeve u jednostavnim re\u010denicama i razumjeti njihov polo\u017eaj u odnosu na imenice.<\/p>\n\n\n\n<h3 class=\"wp-block-heading\" id=\"h-4-verbs\">4. glagoli<\/h3>\n\n\n\n<p>Indone\u017eanski glagoli nisu konjugirani, \u0161to ih \u010dini relativno lak\u0161im za u\u010denje u pore\u0111enju sa drugim jezicima. Prou\u010dite osnovne oblike glagola i njihovu upotrebu u re\u010denicama.<\/p>\n\n\n\n<h3 class=\"wp-block-heading\" id=\"h-5-tenses\">5. napetosti<\/h3>\n\n\n\n<p>Indone\u017eanski jezik nema direktan ekvivalent engleskom vremenu. Umesto toga, vreme se izra\u017eava kroz kontekst ili kori\u0161\u0107enjem odre\u0111enih re\u010di. Nau\u010dite kako da prenesete pro\u0161lost, sada\u0161njost i budu\u0107e doga\u0111aje u Indoneziji koriste\u0107i razli\u010dite priloge i fraze.<\/p>\n\n\n\n<h3 class=\"wp-block-heading\" id=\"h-6-tense-comparison-progressive-perfect-progressive\">6. napeto pore\u0111enje, progresivno, savr\u0161eno progresivno<\/h3>\n\n\n\n<p>Budu\u0107i da indone\u017eanski nema napet sistem, razumijevanje koncepta napetog pore\u0111enja, progresivnog i savr\u0161enog progresivnog je klju\u010dno. Nau\u010dite kako da izrazite ove aspekte koriste\u0107i razli\u010dite re\u010di i fraze.<\/p>\n\n\n\n<h3 class=\"wp-block-heading\" id=\"h-7-adverbs\">7. prilozi<\/h3>\n\n\n\n<p>Uklju\u010dite priloge u svoj indone\u017eanski rje\u010dnik kako biste dodali vi\u0161e detalja i dubine u svoje re\u010denice. Nau\u010dite pravila <a href=\"https:\/\/talkpal.ai\/locations\/language-courses-in-koja\/\">koja<\/a> reguli\u0161u postavljanje i upotrebu priloga.<\/p>\n\n\n\n<h3 class=\"wp-block-heading\" id=\"h-8-prepositions\">8. prijedlozi<\/h3>\n\n\n\n<p>Predlozi se koriste za ozna\u010davanje odnosa izme\u0111u re\u010di u re\u010denici. Nau\u010dite zajedni\u010dke indone\u017eanske predloge i njihovu upotrebu u razli\u010ditim kontekstima.<\/p>\n\n\n\n<h3 class=\"wp-block-heading\" id=\"h-9-conditionals\">9. uvjeti<\/h3>\n\n\n\n<p>Prou\u010davati uslovne re\u010denice na indone\u017eanskom, koje izra\u017eavaju hipoteti\u010dke situacije i njihove posledice. Nau\u010dite kako da formirate i koristite \u201eako\u201c klauzule i druge uslovne strukture.<\/p>\n\n\n\n<h3 class=\"wp-block-heading\" id=\"h-10-sentences\">10. re\u010denice<\/h3>\n\n\n\n<p>Na kraju, ve\u017ebajte konstrukciju re\u010denica koriste\u0107i gramati\u010dka pravila i teme koje su gore obra\u0111ene. Upoznajte se sa razli\u010ditim vrstama indone\u017eanskih re\u010denica, kao \u0161to su deklarativne, upitne, imperativne i eksklamatolo\u0161ke, kako biste pobolj\u0161ali svoje ukupne komunikacijske ve\u0161tine u jeziku.<\/p>\n<\/div><\/div>\n\r\n<section class=\"learnNavigationSection\">\r\n            \r\n        <a href=\"https:\/\/talkpal.ai\/bs\/nauci-indonezanski\/\">\r\n            <div class=\"learnNavigationWrapper\">\r\n                <div class=\"learnNavigationContent\">\r\n                    <img decoding=\"async\" src=\"https:\/\/talkpal.ai\/wp-content\/uploads\/2024\/08\/Indonesian.jpg\" alt=\"Indonesian Flag\">\r\n                    <div>\r\n                        <h4>O Indonezijskom u\u010denju<\/h4>\r\n                        <p>Saznaj sve o indone\u017eanskoj gramatici.<\/p>\r\n                    <\/div>\r\n                <\/div>\r\n            <\/div>\r\n        <\/a>\r\n\r\n        \r\n        <a href=\"https:\/\/talkpal.ai\/bs\/indonezanska-gramatika\/\">\r\n            <div class=\"learnNavigationWrapper\">\r\n                <div class=\"learnNavigationContent\">\r\n                    <img decoding=\"async\" src=\"https:\/\/talkpal.ai\/wp-content\/uploads\/2024\/08\/Indonesian.jpg\" alt=\"Indonesian Flag\">\r\n                    <div>\r\n                        <h4>Indonezijske gramatike<\/h4>\r\n                        <p>Praktikuj indone\u017eansku gramatiku.<\/p>\r\n                    <\/div>\r\n                <\/div>\r\n            <\/div>\r\n        <\/a>\r\n\r\n        \r\n        <a href=\"https:\/\/talkpal.ai\/vocabulary_language\/indonesian\/\">\r\n            <div class=\"learnNavigationWrapper\">\r\n                <div class=\"learnNavigationContent\">\r\n                    <img decoding=\"async\" src=\"https:\/\/talkpal.ai\/wp-content\/uploads\/2024\/08\/Indonesian.jpg\" alt=\"Indonesian Flag\">\r\n                    <div>\r\n                        <h4>Indonezijski vokabular<\/h4>\r\n                        <p>Pro\u0161irite svoj indonezijski vokabular.<\/p>\r\n                    <\/div>\r\n                <\/div>\r\n            <\/div>\r\n        <\/a>\r\n\r\n            <\/section>","protected":false},"excerpt":{"rendered":"<p>Indone\u017eanska gramatika Indonezija ili Bahasa Indonezija je zvani\u010dni jezik Indonezije i slu\u017ei kao ujedinjuju\u0107i jezik u zemlji sa preko 700 govornih jezika. Kao standardizovani registar malajskog, to je austronezijski jezik sa lako nau\u010denim gramati\u010dkim sistemom. Dok u\u010dite indonezijski, bitno je razumjeti njegova gramati\u010dka pravila i strukturu za u\u010dinkovitu komunikaciju. U ovom vodi\u010du \u0107emo se fokusirati [&hellip;]<\/p>\n","protected":false},"author":6,"featured_media":113944,"parent":0,"menu_order":0,"comment_status":"closed","ping_status":"closed","template":"LearningContentPage.php","meta":{"_acf_changed":false,"footnotes":""},"class_list":["post-161401","page","type-page","status-publish","has-post-thumbnail","hentry"],"acf":[],"yoast_head":"<!-- This site is optimized with the Yoast SEO Premium plugin v27.2 (Yoast SEO v27.2) - https:\/\/yoast.com\/product\/yoast-seo-premium-wordpress\/ -->\n<title>Indone\u017eanske gramati\u010dke ve\u017ebe - Talkpal<\/title>\n<meta name=\"description\" content=\"Pobolj\u0161ajte svoju indonezijsku gramatiku - vje\u017ebajte uz jednostavne vje\u017ebe, interaktivne primjere i jasne povratne informacije koriste\u0107i Talkpal AI.\" \/>\n<meta name=\"robots\" content=\"index, follow, max-snippet:-1, max-image-preview:large, max-video-preview:-1\" \/>\n<link rel=\"canonical\" href=\"https:\/\/talkpal.ai\/bs\/indonezanske-gramaticke-vezbe\/\" \/>\n<meta property=\"og:locale\" content=\"bs_BA\" \/>\n<meta property=\"og:type\" content=\"article\" \/>\n<meta property=\"og:title\" content=\"Indone\u017eanske gramati\u010dke ve\u017ebe\" \/>\n<meta property=\"og:description\" content=\"Indone\u017eanska gramatika Indonezija ili Bahasa Indonezija je zvani\u010dni jezik Indonezije i slu\u017ei kao ujedinjuju\u0107i jezik u zemlji sa preko 700 govornih jezika.\" \/>\n<meta property=\"og:url\" content=\"https:\/\/talkpal.ai\/bs\/indonezanske-gramaticke-vezbe\/\" \/>\n<meta property=\"og:site_name\" content=\"Talkpal\" \/>\n<meta property=\"article:publisher\" content=\"https:\/\/www.facebook.com\/profile.php?id=100090733639311\" \/>\n<meta property=\"article:modified_time\" content=\"2025-12-17T14:51:57+00:00\" \/>\n<meta property=\"og:image\" content=\"https:\/\/talkpal.ai\/wp-content\/uploads\/2023\/05\/indonesia.png\" \/>\n\t<meta property=\"og:image:width\" content=\"512\" \/>\n\t<meta property=\"og:image:height\" content=\"512\" \/>\n\t<meta property=\"og:image:type\" content=\"image\/png\" \/>\n<meta name=\"twitter:card\" content=\"summary_large_image\" \/>\n<meta name=\"twitter:site\" content=\"@talkpalai\" \/>\n<meta name=\"twitter:label1\" content=\"Est. reading time\" \/>\n\t<meta name=\"twitter:data1\" content=\"2 minute\" \/>\n<script type=\"application\/ld+json\" class=\"yoast-schema-graph\">{\"@context\":\"https:\/\/schema.org\",\"@graph\":[{\"@type\":\"WebPage\",\"@id\":\"https:\/\/talkpal.ai\/bs\/indonezanske-gramaticke-vezbe\/\",\"url\":\"https:\/\/talkpal.ai\/bs\/indonezanske-gramaticke-vezbe\/\",\"name\":\"Indone\u017eanske gramati\u010dke ve\u017ebe - Talkpal\",\"isPartOf\":{\"@id\":\"https:\/\/talkpal.ai\/bs\/#website\"},\"primaryImageOfPage\":{\"@id\":\"https:\/\/talkpal.ai\/bs\/indonezanske-gramaticke-vezbe\/#primaryimage\"},\"image\":{\"@id\":\"https:\/\/talkpal.ai\/bs\/indonezanske-gramaticke-vezbe\/#primaryimage\"},\"thumbnailUrl\":\"https:\/\/talkpal.ai\/wp-content\/uploads\/2023\/05\/indonesia.png\",\"datePublished\":\"2023-06-22T07:25:42+00:00\",\"dateModified\":\"2025-12-17T14:51:57+00:00\",\"description\":\"Pobolj\u0161ajte svoju indonezijsku gramatiku - vje\u017ebajte uz jednostavne vje\u017ebe, interaktivne primjere i jasne povratne informacije koriste\u0107i Talkpal AI.\",\"breadcrumb\":{\"@id\":\"https:\/\/talkpal.ai\/bs\/indonezanske-gramaticke-vezbe\/#breadcrumb\"},\"inLanguage\":\"bs-BA\",\"potentialAction\":[{\"@type\":\"ReadAction\",\"target\":[\"https:\/\/talkpal.ai\/bs\/indonezanske-gramaticke-vezbe\/\"]}]},{\"@type\":\"ImageObject\",\"inLanguage\":\"bs-BA\",\"@id\":\"https:\/\/talkpal.ai\/bs\/indonezanske-gramaticke-vezbe\/#primaryimage\",\"url\":\"https:\/\/talkpal.ai\/wp-content\/uploads\/2023\/05\/indonesia.png\",\"contentUrl\":\"https:\/\/talkpal.ai\/wp-content\/uploads\/2023\/05\/indonesia.png\",\"width\":512,\"height\":512},{\"@type\":\"BreadcrumbList\",\"@id\":\"https:\/\/talkpal.ai\/bs\/indonezanske-gramaticke-vezbe\/#breadcrumb\",\"itemListElement\":[{\"@type\":\"ListItem\",\"position\":1,\"name\":\"Homepage\",\"item\":\"https:\/\/talkpal.ai\/bs\/\"},{\"@type\":\"ListItem\",\"position\":2,\"name\":\"Indone\u017eanske gramati\u010dke ve\u017ebe\"}]},{\"@type\":\"WebSite\",\"@id\":\"https:\/\/talkpal.ai\/bs\/#website\",\"url\":\"https:\/\/talkpal.ai\/bs\/\",\"name\":\"Talkpal\",\"description\":\"AI Language Learning\",\"publisher\":{\"@id\":\"https:\/\/talkpal.ai\/bs\/#organization\"},\"alternateName\":\"Talkpal AI\",\"potentialAction\":[{\"@type\":\"SearchAction\",\"target\":{\"@type\":\"EntryPoint\",\"urlTemplate\":\"https:\/\/talkpal.ai\/bs\/?s={search_term_string}\"},\"query-input\":{\"@type\":\"PropertyValueSpecification\",\"valueRequired\":true,\"valueName\":\"search_term_string\"}}],\"inLanguage\":\"bs-BA\"},{\"@type\":\"Organization\",\"@id\":\"https:\/\/talkpal.ai\/bs\/#organization\",\"name\":\"Talkpal, Inc.\",\"alternateName\":\"Talkpal AI\",\"url\":\"https:\/\/talkpal.ai\/bs\/\",\"logo\":{\"@type\":\"ImageObject\",\"inLanguage\":\"bs-BA\",\"@id\":\"https:\/\/talkpal.ai\/bs\/#\/schema\/logo\/image\/\",\"url\":\"https:\/\/talkpal.ai\/wp-content\/uploads\/2024\/03\/Talkpal-Logo-Icon.png\",\"contentUrl\":\"https:\/\/talkpal.ai\/wp-content\/uploads\/2024\/03\/Talkpal-Logo-Icon.png\",\"width\":2880,\"height\":2880,\"caption\":\"Talkpal, Inc.\"},\"image\":{\"@id\":\"https:\/\/talkpal.ai\/bs\/#\/schema\/logo\/image\/\"},\"sameAs\":[\"https:\/\/www.facebook.com\/profile.php?id=100090733639311\",\"https:\/\/x.com\/talkpalai\",\"https:\/\/www.linkedin.com\/company\/talkpal\/\",\"https:\/\/www.youtube.com\/@TalkPal\/\",\"https:\/\/www.tiktok.com\/@talkpal\",\"https:\/\/www.instagram.com\/talkpal_ai\/\",\"https:\/\/www.crunchbase.com\/organization\/talkpal-9cde\",\"https:\/\/www.g2.com\/products\/talkpal-for-business\/\",\"https:\/\/www.trustpilot.com\/review\/talkpal.ai\",\"https:\/\/www.capterra.com\/p\/10006800\/TalkPal\/\"],\"description\":\"Talkpal is a language learning web and mobile education app, powered by the latest AI technologies, that provides engaging experiences to its customers in many different languages to help them improve their language skills. Users can chat about unlimited amount of topics with the app and use other modes to practice their language learning.\",\"email\":\"support@talkpal.ai\",\"legalName\":\"Talkpal, Inc.\",\"foundingDate\":\"2023-04-03\",\"duns\":\"118989042\",\"numberOfEmployees\":{\"@type\":\"QuantitativeValue\",\"minValue\":\"11\",\"maxValue\":\"50\"},\"publishingPrinciples\":\"https:\/\/talkpal.ai\/publishing-principles\/\",\"actionableFeedbackPolicy\":\"https:\/\/talkpal.ai\/actionable-feedback-policy\/\",\"correctionsPolicy\":\"https:\/\/talkpal.ai\/corrections-policy\/\",\"ethicsPolicy\":\"https:\/\/talkpal.ai\/ethics-policy\/\",\"diversityPolicy\":\"https:\/\/talkpal.ai\/diversity-policy\/\",\"diversityStaffingReport\":\"https:\/\/talkpal.ai\/diversity-policy\/\"}]}<\/script>\n<!-- \/ Yoast SEO Premium plugin. -->","yoast_head_json":{"title":"Indone\u017eanske gramati\u010dke ve\u017ebe - Talkpal","description":"Pobolj\u0161ajte svoju indonezijsku gramatiku - vje\u017ebajte uz jednostavne vje\u017ebe, interaktivne primjere i jasne povratne informacije koriste\u0107i Talkpal AI.","robots":{"index":"index","follow":"follow","max-snippet":"max-snippet:-1","max-image-preview":"max-image-preview:large","max-video-preview":"max-video-preview:-1"},"canonical":"https:\/\/talkpal.ai\/bs\/indonezanske-gramaticke-vezbe\/","og_locale":"bs_BA","og_type":"article","og_title":"Indone\u017eanske gramati\u010dke ve\u017ebe","og_description":"Indone\u017eanska gramatika Indonezija ili Bahasa Indonezija je zvani\u010dni jezik Indonezije i slu\u017ei kao ujedinjuju\u0107i jezik u zemlji sa preko 700 govornih jezika.","og_url":"https:\/\/talkpal.ai\/bs\/indonezanske-gramaticke-vezbe\/","og_site_name":"Talkpal","article_publisher":"https:\/\/www.facebook.com\/profile.php?id=100090733639311","article_modified_time":"2025-12-17T14:51:57+00:00","og_image":[{"width":512,"height":512,"url":"https:\/\/talkpal.ai\/wp-content\/uploads\/2023\/05\/indonesia.png","type":"image\/png"}],"twitter_card":"summary_large_image","twitter_site":"@talkpalai","twitter_misc":{"Est. reading time":"2 minute"},"schema":{"@context":"https:\/\/schema.org","@graph":[{"@type":"WebPage","@id":"https:\/\/talkpal.ai\/bs\/indonezanske-gramaticke-vezbe\/","url":"https:\/\/talkpal.ai\/bs\/indonezanske-gramaticke-vezbe\/","name":"Indone\u017eanske gramati\u010dke ve\u017ebe - Talkpal","isPartOf":{"@id":"https:\/\/talkpal.ai\/bs\/#website"},"primaryImageOfPage":{"@id":"https:\/\/talkpal.ai\/bs\/indonezanske-gramaticke-vezbe\/#primaryimage"},"image":{"@id":"https:\/\/talkpal.ai\/bs\/indonezanske-gramaticke-vezbe\/#primaryimage"},"thumbnailUrl":"https:\/\/talkpal.ai\/wp-content\/uploads\/2023\/05\/indonesia.png","datePublished":"2023-06-22T07:25:42+00:00","dateModified":"2025-12-17T14:51:57+00:00","description":"Pobolj\u0161ajte svoju indonezijsku gramatiku - vje\u017ebajte uz jednostavne vje\u017ebe, interaktivne primjere i jasne povratne informacije koriste\u0107i Talkpal AI.","breadcrumb":{"@id":"https:\/\/talkpal.ai\/bs\/indonezanske-gramaticke-vezbe\/#breadcrumb"},"inLanguage":"bs-BA","potentialAction":[{"@type":"ReadAction","target":["https:\/\/talkpal.ai\/bs\/indonezanske-gramaticke-vezbe\/"]}]},{"@type":"ImageObject","inLanguage":"bs-BA","@id":"https:\/\/talkpal.ai\/bs\/indonezanske-gramaticke-vezbe\/#primaryimage","url":"https:\/\/talkpal.ai\/wp-content\/uploads\/2023\/05\/indonesia.png","contentUrl":"https:\/\/talkpal.ai\/wp-content\/uploads\/2023\/05\/indonesia.png","width":512,"height":512},{"@type":"BreadcrumbList","@id":"https:\/\/talkpal.ai\/bs\/indonezanske-gramaticke-vezbe\/#breadcrumb","itemListElement":[{"@type":"ListItem","position":1,"name":"Homepage","item":"https:\/\/talkpal.ai\/bs\/"},{"@type":"ListItem","position":2,"name":"Indone\u017eanske gramati\u010dke ve\u017ebe"}]},{"@type":"WebSite","@id":"https:\/\/talkpal.ai\/bs\/#website","url":"https:\/\/talkpal.ai\/bs\/","name":"Talkpal","description":"AI Language Learning","publisher":{"@id":"https:\/\/talkpal.ai\/bs\/#organization"},"alternateName":"Talkpal AI","potentialAction":[{"@type":"SearchAction","target":{"@type":"EntryPoint","urlTemplate":"https:\/\/talkpal.ai\/bs\/?s={search_term_string}"},"query-input":{"@type":"PropertyValueSpecification","valueRequired":true,"valueName":"search_term_string"}}],"inLanguage":"bs-BA"},{"@type":"Organization","@id":"https:\/\/talkpal.ai\/bs\/#organization","name":"Talkpal, Inc.","alternateName":"Talkpal AI","url":"https:\/\/talkpal.ai\/bs\/","logo":{"@type":"ImageObject","inLanguage":"bs-BA","@id":"https:\/\/talkpal.ai\/bs\/#\/schema\/logo\/image\/","url":"https:\/\/talkpal.ai\/wp-content\/uploads\/2024\/03\/Talkpal-Logo-Icon.png","contentUrl":"https:\/\/talkpal.ai\/wp-content\/uploads\/2024\/03\/Talkpal-Logo-Icon.png","width":2880,"height":2880,"caption":"Talkpal, Inc."},"image":{"@id":"https:\/\/talkpal.ai\/bs\/#\/schema\/logo\/image\/"},"sameAs":["https:\/\/www.facebook.com\/profile.php?id=100090733639311","https:\/\/x.com\/talkpalai","https:\/\/www.linkedin.com\/company\/talkpal\/","https:\/\/www.youtube.com\/@TalkPal\/","https:\/\/www.tiktok.com\/@talkpal","https:\/\/www.instagram.com\/talkpal_ai\/","https:\/\/www.crunchbase.com\/organization\/talkpal-9cde","https:\/\/www.g2.com\/products\/talkpal-for-business\/","https:\/\/www.trustpilot.com\/review\/talkpal.ai","https:\/\/www.capterra.com\/p\/10006800\/TalkPal\/"],"description":"Talkpal is a language learning web and mobile education app, powered by the latest AI technologies, that provides engaging experiences to its customers in many different languages to help them improve their language skills. Users can chat about unlimited amount of topics with the app and use other modes to practice their language learning.","email":"support@talkpal.ai","legalName":"Talkpal, Inc.","foundingDate":"2023-04-03","duns":"118989042","numberOfEmployees":{"@type":"QuantitativeValue","minValue":"11","maxValue":"50"},"publishingPrinciples":"https:\/\/talkpal.ai\/publishing-principles\/","actionableFeedbackPolicy":"https:\/\/talkpal.ai\/actionable-feedback-policy\/","correctionsPolicy":"https:\/\/talkpal.ai\/corrections-policy\/","ethicsPolicy":"https:\/\/talkpal.ai\/ethics-policy\/","diversityPolicy":"https:\/\/talkpal.ai\/diversity-policy\/","diversityStaffingReport":"https:\/\/talkpal.ai\/diversity-policy\/"}]}},"_links":{"self":[{"href":"https:\/\/talkpal.ai\/bs\/wp-json\/wp\/v2\/pages\/161401","targetHints":{"allow":["GET"]}}],"collection":[{"href":"https:\/\/talkpal.ai\/bs\/wp-json\/wp\/v2\/pages"}],"about":[{"href":"https:\/\/talkpal.ai\/bs\/wp-json\/wp\/v2\/types\/page"}],"author":[{"embeddable":true,"href":"https:\/\/talkpal.ai\/bs\/wp-json\/wp\/v2\/users\/6"}],"replies":[{"embeddable":true,"href":"https:\/\/talkpal.ai\/bs\/wp-json\/wp\/v2\/comments?post=161401"}],"version-history":[{"count":0,"href":"https:\/\/talkpal.ai\/bs\/wp-json\/wp\/v2\/pages\/161401\/revisions"}],"wp:featuredmedia":[{"embeddable":true,"href":"https:\/\/talkpal.ai\/bs\/wp-json\/wp\/v2\/media\/113944"}],"wp:attachment":[{"href":"https:\/\/talkpal.ai\/bs\/wp-json\/wp\/v2\/media?parent=161401"}],"curies":[{"name":"wp","href":"https:\/\/api.w.org\/{rel}","templated":true}]}}