{"id":159912,"date":"2023-06-22T08:24:14","date_gmt":"2023-06-22T08:24:14","guid":{"rendered":"http:\/\/talkpal.ai\/makedonske-gramaticke-vezbe\/"},"modified":"2025-12-17T15:56:54","modified_gmt":"2025-12-17T15:56:54","slug":"makedonske-gramaticke-vezbe","status":"publish","type":"page","link":"https:\/\/talkpal.ai\/bs\/makedonske-gramaticke-vezbe\/","title":{"rendered":"Makedonske gramati\u010dke ve\u017ebe"},"content":{"rendered":"\r\n\r\n\r\n<section class=\"languageChallengeSection\">\r\n    <div class=\"languageInfoWrapper\">\r\n        \r\n        <h1>Makedonske gramati\u010dke ve\u017ebe<\/h1>\r\n        <p>\u017delite li izgraditi povjerenje u makedonskom jeziku? Vje\u017ebanje gramati\u010dkih vje\u017ebi odli\u010dan je na\u010din za razumijevanje strukture re\u010denica, glagolskih oblika i jedinstvenih karakteristika makedonskog jezika. Po\u010dnite istra\u017eivati \u200b\u200b\u200b\u200bmakedonsku gramatiku ve\u0107 danas i gledajte kako va\u0161e vje\u0161tine i te\u010dnost rastu sa svakom vje\u017ebom!<\/p>\r\n\r\n                            <a class=\"getStartedHidden\" href=\"https:\/\/app.talkpal.ai\/signup?lng=\">Kreni<\/a>\r\n        \r\n    <\/div>\r\n\r\n    <figure>\r\n    <img decoding=\"async\" width=\"768\" height=\"768\" src=\"https:\/\/talkpal.ai\/wp-content\/uploads\/2023\/06\/macedonian-768x768.png\" class=\"languageImage no-lazy\" alt=\"Language learning through conversational practice\" fetchpriority=\"high\" sizes=\"(max-width: 768px) 150px, 768px\" srcset=\"https:\/\/talkpal.ai\/wp-content\/uploads\/2023\/06\/macedonian-768x768.png 768w, https:\/\/talkpal.ai\/wp-content\/uploads\/2023\/06\/macedonian-300x300.png 300w\" \/>\r\n    \r\n\r\n    <\/figure>\r\n\r\n            <a class=\"getStartedVisible\" href=\"https:\/\/app.talkpal.ai\/signup?lng=\">Kreni<\/a>\r\n    \r\n<\/section>\r\n\r\n\r\n<!-- <section class=\"grammarSection\">\r\n    <div class=\"grammarLinks\">\r\n            <\/div>\r\n<\/section> -->\r\n\r\n\r\n\r\n\r\n<section class=\"promotionalBanner\">\r\n    <p class=\"promotionalText\">Najefikasniji na\u010din za u\u010denje jezika<\/p>\r\n    <a class=\"promotionalLink\" href=\"https:\/\/app.talkpal.ai\/signup?lng=\">Isprobajte Talkpal besplatno<\/a>\r\n<\/section>\n<div class=\"wp-block-group pageContainerStyle\"><div class=\"wp-block-group__inner-container is-layout-constrained wp-block-group-is-layout-constrained\">\n<h2 class=\"wp-block-heading\" id=\"h-macedonian-grammar-topics\">Makedonske gramati\u010dke teme<\/h2>\n\n\n\n<header id=\"main-header\" data-height-onload=\"80\" data-height-loaded=\"true\" data-fixed-height-onload=\"80\">\n<p><a href=\"https:\/\/talkpal.ai\/learn-macedonian\/\">Makedonski<\/a>, ju\u017enoslavenski jezik, slu\u017ebeni je jezik Sjeverne Makedonije. Govori ga preko dva miliona ljudi \u0161irom sveta i nudi jedinstveno jezi\u010dko iskustvo zbog svojih specifi\u010dnih gramati\u010dkih pravila i bogatog re\u010dnika. Ovaj vodi\u010d \u0107e vam pru\u017eiti pregled bitnih makedonskih gramati\u010dkih tema, organizovanih u nizu koji \u0107e vam olak\u0161ati proces u\u010denja. Od napetosti do struktura re\u010denica, pokri\u0107emo sve potrebne informacije kako bismo vam pomogli da zapo\u010dnete svoj put ka savladavanju makedonskog jezika.<\/p>\n<h3>1. imenice:<\/h3>\n<p>Kao i drugi slavenski jezici, makedonske imenice imaju tri roda (mu\u0161ki, \u017eenski i kauterski) i inflektirani su za slu\u010daj i broj. U\u010denje spola i pravilnih pregiba klju\u010dno je za formiranje gramati\u010dki ispravnih re\u010denica.<\/p>\n<h3>2. \u010dlanci:<\/h3>\n<p><a href=\"https:\/\/talkpal.ai\/cs\/naucte-se-makedonsky\/\">Makedonski jezik<\/a> ima samo jedan odre\u0111eni \u010dlanak, koji varira u zavisnosti od pola i slu\u010daja. U makedonskom jeziku nema neodre\u0111enih \u010dlanova, ali se broj \u201ejedan\u201c mo\u017ee koristiti na sli\u010dan na\u010din.<\/p>\n<h3>3. pridjevi:<\/h3>\n<p>Pridjevi na makedonskom jeziku sla\u017eu se sa imenicama koje mijenjaju u spolu, broju i slu\u010daju. Imaju i duge i kratke oblike, koji se koriste u razli\u010ditim kontekstima.<\/p>\n<h3>4. zamjenice\/determinatori:<\/h3>\n<p>Makedonski ima razne zamjenice i odrednice, koje su od su\u0161tinskog zna\u010daja za formiranje re\u010denica. Oni zamjenjuju ili mijenjaju imenice i sla\u017eu se s njima u spolu, broju i slu\u010daju.<\/p>\n<h3>5. glagoli:<\/h3>\n<p>Glagoli su centralni za makedonsku gramatiku. Oni konjugiraju za osobu i broj i imaju razli\u010dita vremena, aspekte i raspolo\u017eenja.<\/p>\n<h3>6. napetosti:<\/h3>\n<p>Makedonski ima tri osnovna vremena &#8211; pro\u0161lost, sada\u0161njost i budu\u0107nost. Formiraju se pomo\u0107u razli\u010ditih konjugacija glagola i pomo\u0107nih glagola. Neophodno je razumeti formiranje i upotrebu svakog vremena kako bi se ta\u010dno izrazile akcije i doga\u0111aji.<\/p>\n<h3>7. napeto pore\u0111enje:<\/h3>\n<p>Upore\u0111ivanje akcija i doga\u0111aja u razli\u010ditim vremenima je od su\u0161tinskog zna\u010daja za preno\u0161enje zna\u010denja. U Makedoniji se ovo pore\u0111enje posti\u017ee kori\u0161\u0107enjem specifi\u010dnih glagolskih oblika i pomo\u0107nih glagola.<\/p>\n<h3>8. progresivno:<\/h3>\n<p>Progresivni aspekt na makedonskom jeziku koristi se za ozna\u010davanje teku\u0107ih akcija. Formira se pomo\u0107u prezenta glagola &#8220;biti&#8221; i aktivnog participa prezenta glavnog glagola.<\/p>\n<h3>9. savr\u0161eno progresivno:<\/h3>\n<p>Ovaj aspekt kombinuje progresivne i savr\u0161ene aspekte kako bi opisao akcije koje su trajale u pro\u0161losti i imaju vezu sa sada\u0161njo\u0161\u0107u. Formira se kori\u0161tenjem sada\u0161njeg vremena glagola &#8220;biti&#8221; i pro\u0161log aktivnog participa glavnog glagola.<\/p>\n<h3>10. prilozi:<\/h3>\n<p>Prilozi na makedonskom jeziku se koriste za modifikovanje glagola, prideva ili drugih priloga. Obi\u010dno ne mijenjaju svoj oblik i lako se mogu prepoznati po njihovim tipi\u010dnim zavr\u0161ecima.<\/p>\n<h3>11. uslovno:<\/h3>\n<p>Makedonski ima tri vrste kondicionala &#8211; stvarne, nestvarne i potencijalne. Koriste se za izra\u017eavanje hipoteti\u010dkih situacija i njihovih posljedica.<\/p>\n<h3>12. prijedlozi:<\/h3>\n<p>Predlozi na makedonskom jeziku su neophodni u formiranju fraza i re\u010denica. Oni ukazuju na razli\u010dite odnose izme\u0111u re\u010di, kao \u0161to su lokacija, pravac, vreme ili uzrok.<\/p>\n<h3>13. re\u010denice:<\/h3>\n<p>Razumevanje strukture makedonskih re\u010denica je klju\u010dno za efikasnu komunikaciju. Makedonske re\u010denice obi\u010dno slijede redoslijed rije\u010di subjekt-glagol-objekt (SVO), ali varijacije se mogu pojaviti ovisno o naglasku i kontekstu.<\/p>\n<\/header>\n\n\n\n<footer> <\/footer>\n<\/div><\/div>\n\r\n<section class=\"learnNavigationSection\">\r\n            \r\n        <a href=\"https:\/\/talkpal.ai\/bs\/nauci-makedonski\/\">\r\n            <div class=\"learnNavigationWrapper\">\r\n                <div class=\"learnNavigationContent\">\r\n                    <img decoding=\"async\" src=\"https:\/\/talkpal.ai\/wp-content\/uploads\/2024\/08\/Macedonian.jpg\" alt=\"Macedonian Flag\">\r\n                    <div>\r\n                        <h4>O makedonskom u\u010denju<\/h4>\r\n                        <p>Saznaj sve o makedonskoj gramatici.<\/p>\r\n                    <\/div>\r\n                <\/div>\r\n            <\/div>\r\n        <\/a>\r\n\r\n        \r\n        <a href=\"https:\/\/talkpal.ai\/bs\/makedonska-gramatika\/\">\r\n            <div class=\"learnNavigationWrapper\">\r\n                <div class=\"learnNavigationContent\">\r\n                    <img decoding=\"async\" src=\"https:\/\/talkpal.ai\/wp-content\/uploads\/2024\/08\/Macedonian.jpg\" alt=\"Macedonian Flag\">\r\n                    <div>\r\n                        <h4>Lekcije makedonske gramatike<\/h4>\r\n                        <p>Vje\u017ebaj makedonsku gramatiku.<\/p>\r\n                    <\/div>\r\n                <\/div>\r\n            <\/div>\r\n        <\/a>\r\n\r\n        \r\n        <a href=\"https:\/\/talkpal.ai\/vocabulary_language\/macedonian\/\">\r\n            <div class=\"learnNavigationWrapper\">\r\n                <div class=\"learnNavigationContent\">\r\n                    <img decoding=\"async\" src=\"https:\/\/talkpal.ai\/wp-content\/uploads\/2024\/08\/Macedonian.jpg\" alt=\"Macedonian Flag\">\r\n                    <div>\r\n                        <h4>Makedonski vokabular<\/h4>\r\n                        <p>Pro\u0161irite svoj makedonski vokabular.<\/p>\r\n                    <\/div>\r\n                <\/div>\r\n            <\/div>\r\n        <\/a>\r\n\r\n            <\/section>","protected":false},"excerpt":{"rendered":"<p>Makedonske gramati\u010dke teme Makedonski, ju\u017enoslavenski jezik, slu\u017ebeni je jezik Sjeverne Makedonije. Govori ga preko dva miliona ljudi \u0161irom sveta i nudi jedinstveno jezi\u010dko iskustvo zbog svojih specifi\u010dnih gramati\u010dkih pravila i bogatog re\u010dnika. Ovaj vodi\u010d \u0107e vam pru\u017eiti pregled bitnih makedonskih gramati\u010dkih tema, organizovanih u nizu koji \u0107e vam olak\u0161ati proces u\u010denja. Od napetosti do struktura [&hellip;]<\/p>\n","protected":false},"author":6,"featured_media":115357,"parent":0,"menu_order":0,"comment_status":"closed","ping_status":"closed","template":"LearningContentPage.php","meta":{"_acf_changed":false,"footnotes":""},"class_list":["post-159912","page","type-page","status-publish","has-post-thumbnail","hentry"],"acf":[],"yoast_head":"<!-- This site is optimized with the Yoast SEO Premium plugin v27.2 (Yoast SEO v27.2) - https:\/\/yoast.com\/product\/yoast-seo-premium-wordpress\/ -->\n<title>Makedonske gramati\u010dke ve\u017ebe - Talkpal<\/title>\n<meta name=\"description\" content=\"Savladajte makedonsku gramatiku uz interaktivne vje\u017ebe iz makedonske gramatike od Talkpal , va\u0161eg tutora jezika pokretanog umjetnom inteligencijom.\" \/>\n<meta name=\"robots\" content=\"index, follow, max-snippet:-1, max-image-preview:large, max-video-preview:-1\" \/>\n<link rel=\"canonical\" href=\"https:\/\/talkpal.ai\/bs\/makedonske-gramaticke-vezbe\/\" \/>\n<meta property=\"og:locale\" content=\"bs_BA\" \/>\n<meta property=\"og:type\" content=\"article\" \/>\n<meta property=\"og:title\" content=\"Makedonske gramati\u010dke ve\u017ebe\" \/>\n<meta property=\"og:description\" content=\"Makedonske gramati\u010dke teme Makedonski, ju\u017enoslavenski jezik, slu\u017ebeni je jezik Sjeverne Makedonije. Govori ga preko dva miliona ljudi \u0161irom sveta i nudi\" \/>\n<meta property=\"og:url\" content=\"https:\/\/talkpal.ai\/bs\/makedonske-gramaticke-vezbe\/\" \/>\n<meta property=\"og:site_name\" content=\"Talkpal\" \/>\n<meta property=\"article:publisher\" content=\"https:\/\/www.facebook.com\/profile.php?id=100090733639311\" \/>\n<meta property=\"article:modified_time\" content=\"2025-12-17T15:56:54+00:00\" \/>\n<meta property=\"og:image\" content=\"https:\/\/talkpal.ai\/wp-content\/uploads\/2023\/05\/republic-of-macedonia.png\" \/>\n\t<meta property=\"og:image:width\" content=\"512\" \/>\n\t<meta property=\"og:image:height\" content=\"512\" \/>\n\t<meta property=\"og:image:type\" content=\"image\/png\" \/>\n<meta name=\"twitter:card\" content=\"summary_large_image\" \/>\n<meta name=\"twitter:site\" content=\"@talkpalai\" \/>\n<meta name=\"twitter:label1\" content=\"Est. reading time\" \/>\n\t<meta name=\"twitter:data1\" content=\"3 minute\" \/>\n<script type=\"application\/ld+json\" class=\"yoast-schema-graph\">{\"@context\":\"https:\/\/schema.org\",\"@graph\":[{\"@type\":\"WebPage\",\"@id\":\"https:\/\/talkpal.ai\/bs\/makedonske-gramaticke-vezbe\/\",\"url\":\"https:\/\/talkpal.ai\/bs\/makedonske-gramaticke-vezbe\/\",\"name\":\"Makedonske gramati\u010dke ve\u017ebe - Talkpal\",\"isPartOf\":{\"@id\":\"https:\/\/talkpal.ai\/bs\/#website\"},\"primaryImageOfPage\":{\"@id\":\"https:\/\/talkpal.ai\/bs\/makedonske-gramaticke-vezbe\/#primaryimage\"},\"image\":{\"@id\":\"https:\/\/talkpal.ai\/bs\/makedonske-gramaticke-vezbe\/#primaryimage\"},\"thumbnailUrl\":\"https:\/\/talkpal.ai\/wp-content\/uploads\/2023\/05\/republic-of-macedonia.png\",\"datePublished\":\"2023-06-22T08:24:14+00:00\",\"dateModified\":\"2025-12-17T15:56:54+00:00\",\"description\":\"Savladajte makedonsku gramatiku uz interaktivne vje\u017ebe iz makedonske gramatike od Talkpal , va\u0161eg tutora jezika pokretanog umjetnom inteligencijom.\",\"breadcrumb\":{\"@id\":\"https:\/\/talkpal.ai\/bs\/makedonske-gramaticke-vezbe\/#breadcrumb\"},\"inLanguage\":\"bs-BA\",\"potentialAction\":[{\"@type\":\"ReadAction\",\"target\":[\"https:\/\/talkpal.ai\/bs\/makedonske-gramaticke-vezbe\/\"]}]},{\"@type\":\"ImageObject\",\"inLanguage\":\"bs-BA\",\"@id\":\"https:\/\/talkpal.ai\/bs\/makedonske-gramaticke-vezbe\/#primaryimage\",\"url\":\"https:\/\/talkpal.ai\/wp-content\/uploads\/2023\/05\/republic-of-macedonia.png\",\"contentUrl\":\"https:\/\/talkpal.ai\/wp-content\/uploads\/2023\/05\/republic-of-macedonia.png\",\"width\":512,\"height\":512},{\"@type\":\"BreadcrumbList\",\"@id\":\"https:\/\/talkpal.ai\/bs\/makedonske-gramaticke-vezbe\/#breadcrumb\",\"itemListElement\":[{\"@type\":\"ListItem\",\"position\":1,\"name\":\"Homepage\",\"item\":\"https:\/\/talkpal.ai\/bs\/\"},{\"@type\":\"ListItem\",\"position\":2,\"name\":\"Makedonske gramati\u010dke ve\u017ebe\"}]},{\"@type\":\"WebSite\",\"@id\":\"https:\/\/talkpal.ai\/bs\/#website\",\"url\":\"https:\/\/talkpal.ai\/bs\/\",\"name\":\"Talkpal\",\"description\":\"AI Language Learning\",\"publisher\":{\"@id\":\"https:\/\/talkpal.ai\/bs\/#organization\"},\"alternateName\":\"Talkpal AI\",\"potentialAction\":[{\"@type\":\"SearchAction\",\"target\":{\"@type\":\"EntryPoint\",\"urlTemplate\":\"https:\/\/talkpal.ai\/bs\/?s={search_term_string}\"},\"query-input\":{\"@type\":\"PropertyValueSpecification\",\"valueRequired\":true,\"valueName\":\"search_term_string\"}}],\"inLanguage\":\"bs-BA\"},{\"@type\":\"Organization\",\"@id\":\"https:\/\/talkpal.ai\/bs\/#organization\",\"name\":\"Talkpal, Inc.\",\"alternateName\":\"Talkpal AI\",\"url\":\"https:\/\/talkpal.ai\/bs\/\",\"logo\":{\"@type\":\"ImageObject\",\"inLanguage\":\"bs-BA\",\"@id\":\"https:\/\/talkpal.ai\/bs\/#\/schema\/logo\/image\/\",\"url\":\"https:\/\/talkpal.ai\/wp-content\/uploads\/2024\/03\/Talkpal-Logo-Icon.png\",\"contentUrl\":\"https:\/\/talkpal.ai\/wp-content\/uploads\/2024\/03\/Talkpal-Logo-Icon.png\",\"width\":2880,\"height\":2880,\"caption\":\"Talkpal, Inc.\"},\"image\":{\"@id\":\"https:\/\/talkpal.ai\/bs\/#\/schema\/logo\/image\/\"},\"sameAs\":[\"https:\/\/www.facebook.com\/profile.php?id=100090733639311\",\"https:\/\/x.com\/talkpalai\",\"https:\/\/www.linkedin.com\/company\/talkpal\/\",\"https:\/\/www.youtube.com\/@TalkPal\/\",\"https:\/\/www.tiktok.com\/@talkpal\",\"https:\/\/www.instagram.com\/talkpal_ai\/\",\"https:\/\/www.crunchbase.com\/organization\/talkpal-9cde\",\"https:\/\/www.g2.com\/products\/talkpal-for-business\/\",\"https:\/\/www.trustpilot.com\/review\/talkpal.ai\",\"https:\/\/www.capterra.com\/p\/10006800\/TalkPal\/\"],\"description\":\"Talkpal is a language learning web and mobile education app, powered by the latest AI technologies, that provides engaging experiences to its customers in many different languages to help them improve their language skills. Users can chat about unlimited amount of topics with the app and use other modes to practice their language learning.\",\"email\":\"support@talkpal.ai\",\"legalName\":\"Talkpal, Inc.\",\"foundingDate\":\"2023-04-03\",\"duns\":\"118989042\",\"numberOfEmployees\":{\"@type\":\"QuantitativeValue\",\"minValue\":\"11\",\"maxValue\":\"50\"},\"publishingPrinciples\":\"https:\/\/talkpal.ai\/publishing-principles\/\",\"actionableFeedbackPolicy\":\"https:\/\/talkpal.ai\/actionable-feedback-policy\/\",\"correctionsPolicy\":\"https:\/\/talkpal.ai\/corrections-policy\/\",\"ethicsPolicy\":\"https:\/\/talkpal.ai\/ethics-policy\/\",\"diversityPolicy\":\"https:\/\/talkpal.ai\/diversity-policy\/\",\"diversityStaffingReport\":\"https:\/\/talkpal.ai\/diversity-policy\/\"}]}<\/script>\n<!-- \/ Yoast SEO Premium plugin. -->","yoast_head_json":{"title":"Makedonske gramati\u010dke ve\u017ebe - Talkpal","description":"Savladajte makedonsku gramatiku uz interaktivne vje\u017ebe iz makedonske gramatike od Talkpal , va\u0161eg tutora jezika pokretanog umjetnom inteligencijom.","robots":{"index":"index","follow":"follow","max-snippet":"max-snippet:-1","max-image-preview":"max-image-preview:large","max-video-preview":"max-video-preview:-1"},"canonical":"https:\/\/talkpal.ai\/bs\/makedonske-gramaticke-vezbe\/","og_locale":"bs_BA","og_type":"article","og_title":"Makedonske gramati\u010dke ve\u017ebe","og_description":"Makedonske gramati\u010dke teme Makedonski, ju\u017enoslavenski jezik, slu\u017ebeni je jezik Sjeverne Makedonije. Govori ga preko dva miliona ljudi \u0161irom sveta i nudi","og_url":"https:\/\/talkpal.ai\/bs\/makedonske-gramaticke-vezbe\/","og_site_name":"Talkpal","article_publisher":"https:\/\/www.facebook.com\/profile.php?id=100090733639311","article_modified_time":"2025-12-17T15:56:54+00:00","og_image":[{"width":512,"height":512,"url":"https:\/\/talkpal.ai\/wp-content\/uploads\/2023\/05\/republic-of-macedonia.png","type":"image\/png"}],"twitter_card":"summary_large_image","twitter_site":"@talkpalai","twitter_misc":{"Est. reading time":"3 minute"},"schema":{"@context":"https:\/\/schema.org","@graph":[{"@type":"WebPage","@id":"https:\/\/talkpal.ai\/bs\/makedonske-gramaticke-vezbe\/","url":"https:\/\/talkpal.ai\/bs\/makedonske-gramaticke-vezbe\/","name":"Makedonske gramati\u010dke ve\u017ebe - Talkpal","isPartOf":{"@id":"https:\/\/talkpal.ai\/bs\/#website"},"primaryImageOfPage":{"@id":"https:\/\/talkpal.ai\/bs\/makedonske-gramaticke-vezbe\/#primaryimage"},"image":{"@id":"https:\/\/talkpal.ai\/bs\/makedonske-gramaticke-vezbe\/#primaryimage"},"thumbnailUrl":"https:\/\/talkpal.ai\/wp-content\/uploads\/2023\/05\/republic-of-macedonia.png","datePublished":"2023-06-22T08:24:14+00:00","dateModified":"2025-12-17T15:56:54+00:00","description":"Savladajte makedonsku gramatiku uz interaktivne vje\u017ebe iz makedonske gramatike od Talkpal , va\u0161eg tutora jezika pokretanog umjetnom inteligencijom.","breadcrumb":{"@id":"https:\/\/talkpal.ai\/bs\/makedonske-gramaticke-vezbe\/#breadcrumb"},"inLanguage":"bs-BA","potentialAction":[{"@type":"ReadAction","target":["https:\/\/talkpal.ai\/bs\/makedonske-gramaticke-vezbe\/"]}]},{"@type":"ImageObject","inLanguage":"bs-BA","@id":"https:\/\/talkpal.ai\/bs\/makedonske-gramaticke-vezbe\/#primaryimage","url":"https:\/\/talkpal.ai\/wp-content\/uploads\/2023\/05\/republic-of-macedonia.png","contentUrl":"https:\/\/talkpal.ai\/wp-content\/uploads\/2023\/05\/republic-of-macedonia.png","width":512,"height":512},{"@type":"BreadcrumbList","@id":"https:\/\/talkpal.ai\/bs\/makedonske-gramaticke-vezbe\/#breadcrumb","itemListElement":[{"@type":"ListItem","position":1,"name":"Homepage","item":"https:\/\/talkpal.ai\/bs\/"},{"@type":"ListItem","position":2,"name":"Makedonske gramati\u010dke ve\u017ebe"}]},{"@type":"WebSite","@id":"https:\/\/talkpal.ai\/bs\/#website","url":"https:\/\/talkpal.ai\/bs\/","name":"Talkpal","description":"AI Language Learning","publisher":{"@id":"https:\/\/talkpal.ai\/bs\/#organization"},"alternateName":"Talkpal AI","potentialAction":[{"@type":"SearchAction","target":{"@type":"EntryPoint","urlTemplate":"https:\/\/talkpal.ai\/bs\/?s={search_term_string}"},"query-input":{"@type":"PropertyValueSpecification","valueRequired":true,"valueName":"search_term_string"}}],"inLanguage":"bs-BA"},{"@type":"Organization","@id":"https:\/\/talkpal.ai\/bs\/#organization","name":"Talkpal, Inc.","alternateName":"Talkpal AI","url":"https:\/\/talkpal.ai\/bs\/","logo":{"@type":"ImageObject","inLanguage":"bs-BA","@id":"https:\/\/talkpal.ai\/bs\/#\/schema\/logo\/image\/","url":"https:\/\/talkpal.ai\/wp-content\/uploads\/2024\/03\/Talkpal-Logo-Icon.png","contentUrl":"https:\/\/talkpal.ai\/wp-content\/uploads\/2024\/03\/Talkpal-Logo-Icon.png","width":2880,"height":2880,"caption":"Talkpal, Inc."},"image":{"@id":"https:\/\/talkpal.ai\/bs\/#\/schema\/logo\/image\/"},"sameAs":["https:\/\/www.facebook.com\/profile.php?id=100090733639311","https:\/\/x.com\/talkpalai","https:\/\/www.linkedin.com\/company\/talkpal\/","https:\/\/www.youtube.com\/@TalkPal\/","https:\/\/www.tiktok.com\/@talkpal","https:\/\/www.instagram.com\/talkpal_ai\/","https:\/\/www.crunchbase.com\/organization\/talkpal-9cde","https:\/\/www.g2.com\/products\/talkpal-for-business\/","https:\/\/www.trustpilot.com\/review\/talkpal.ai","https:\/\/www.capterra.com\/p\/10006800\/TalkPal\/"],"description":"Talkpal is a language learning web and mobile education app, powered by the latest AI technologies, that provides engaging experiences to its customers in many different languages to help them improve their language skills. Users can chat about unlimited amount of topics with the app and use other modes to practice their language learning.","email":"support@talkpal.ai","legalName":"Talkpal, Inc.","foundingDate":"2023-04-03","duns":"118989042","numberOfEmployees":{"@type":"QuantitativeValue","minValue":"11","maxValue":"50"},"publishingPrinciples":"https:\/\/talkpal.ai\/publishing-principles\/","actionableFeedbackPolicy":"https:\/\/talkpal.ai\/actionable-feedback-policy\/","correctionsPolicy":"https:\/\/talkpal.ai\/corrections-policy\/","ethicsPolicy":"https:\/\/talkpal.ai\/ethics-policy\/","diversityPolicy":"https:\/\/talkpal.ai\/diversity-policy\/","diversityStaffingReport":"https:\/\/talkpal.ai\/diversity-policy\/"}]}},"_links":{"self":[{"href":"https:\/\/talkpal.ai\/bs\/wp-json\/wp\/v2\/pages\/159912","targetHints":{"allow":["GET"]}}],"collection":[{"href":"https:\/\/talkpal.ai\/bs\/wp-json\/wp\/v2\/pages"}],"about":[{"href":"https:\/\/talkpal.ai\/bs\/wp-json\/wp\/v2\/types\/page"}],"author":[{"embeddable":true,"href":"https:\/\/talkpal.ai\/bs\/wp-json\/wp\/v2\/users\/6"}],"replies":[{"embeddable":true,"href":"https:\/\/talkpal.ai\/bs\/wp-json\/wp\/v2\/comments?post=159912"}],"version-history":[{"count":0,"href":"https:\/\/talkpal.ai\/bs\/wp-json\/wp\/v2\/pages\/159912\/revisions"}],"wp:featuredmedia":[{"embeddable":true,"href":"https:\/\/talkpal.ai\/bs\/wp-json\/wp\/v2\/media\/115357"}],"wp:attachment":[{"href":"https:\/\/talkpal.ai\/bs\/wp-json\/wp\/v2\/media?parent=159912"}],"curies":[{"name":"wp","href":"https:\/\/api.w.org\/{rel}","templated":true}]}}