{"id":159359,"date":"2023-06-22T08:37:16","date_gmt":"2023-06-22T08:37:16","guid":{"rendered":"http:\/\/talkpal.ai\/marathi-gramaticke-vezbe\/"},"modified":"2025-12-17T15:13:13","modified_gmt":"2025-12-17T15:13:13","slug":"marathi-gramaticke-vezbe","status":"publish","type":"page","link":"https:\/\/talkpal.ai\/bs\/marathi-gramaticke-vezbe\/","title":{"rendered":"Marathi gramati\u010dke ve\u017ebe"},"content":{"rendered":"\r\n\r\n\r\n<section class=\"languageChallengeSection\">\r\n    <div class=\"languageInfoWrapper\">\r\n        \r\n        <h1>Marathi gramati\u010dke ve\u017ebe<\/h1>\r\n        <p>Spremni da usavr\u0161ite svoje znanje maratskog jezika? Vje\u017ebanje gramati\u010dkih vje\u017ebi odli\u010dan je na\u010din za savladavanje re\u010deni\u010dne strukture, glagolskih oblika i klju\u010dnih gramati\u010dkih obrazaca jezika. Po\u010dnite istra\u017eivati \u200b\u200bgramatiku <a href=\"https:\/\/talkpal.ai\/learn-marathi\/\">marathi<\/a> jezika ve\u0107 danas i gledajte kako vam samopouzdanje i te\u010dnost rastu sa svakom vje\u017ebom!<\/p>\r\n\r\n                            <a class=\"getStartedHidden\" href=\"https:\/\/app.talkpal.ai\/signup?lng=\">Kreni<\/a>\r\n        \r\n    <\/div>\r\n\r\n    <figure>\r\n    <img decoding=\"async\" width=\"768\" height=\"768\" src=\"https:\/\/talkpal.ai\/wp-content\/uploads\/2023\/06\/marathi-768x768.png\" class=\"languageImage no-lazy\" alt=\"Fun ways to make language learning interesting\" fetchpriority=\"high\" sizes=\"(max-width: 768px) 150px, 768px\" srcset=\"https:\/\/talkpal.ai\/wp-content\/uploads\/2023\/06\/marathi-768x768.png 768w, https:\/\/talkpal.ai\/wp-content\/uploads\/2023\/06\/marathi-300x300.png 300w\" \/>\r\n    \r\n\r\n    <\/figure>\r\n\r\n            <a class=\"getStartedVisible\" href=\"https:\/\/app.talkpal.ai\/signup?lng=\">Kreni<\/a>\r\n    \r\n<\/section>\r\n\r\n\r\n<!-- <section class=\"grammarSection\">\r\n    <div class=\"grammarLinks\">\r\n            <\/div>\r\n<\/section> -->\r\n\r\n\r\n\r\n\r\n<section class=\"promotionalBanner\">\r\n    <p class=\"promotionalText\">Najefikasniji na\u010din za u\u010denje jezika<\/p>\r\n    <a class=\"promotionalLink\" href=\"https:\/\/app.talkpal.ai\/signup?lng=\">Isprobajte Talkpal besplatno<\/a>\r\n<\/section>\n<div class=\"wp-block-group pageContainerStyle\"><div class=\"wp-block-group__inner-container is-layout-constrained wp-block-group-is-layout-constrained\">\n<h2 class=\"wp-block-heading\" id=\"h-marathi-grammar-topics\">Maratski Gramati\u010dke teme<\/h2>\n\n\n\n<p>Marathi, indoarijski jezik, prete\u017eno se govori u indijskoj dr\u017eavi Maharashtra i slu\u017ebeni je jezik regije. U\u010denje Marathija mo\u017ee biti oboga\u0107uju\u0107e iskustvo, jer otvara vrata bogatoj kulturi, istoriji i knji\u017eevnosti. Da biste efikasno nau\u010dili <a href=\"https:\/\/talkpal.ai\/learn-marathi\/\">Marati<\/a>, va\u017eno je imati strukturiran pristup koji se fokusira na razli\u010dite aspekte jezika, kao \u0161to su <a href=\"https:\/\/talkpal.ai\/sq\/gramatika\/\">gramatika<\/a>, re\u010dnik i izgovor. Ovaj \u010dlanak \u0107e vas voditi kroz niz u\u010denja Marathi gramati\u010dkih tema, po\u010dev\u0161i od vremena, glagola, imenica i prelaska na naprednije koncepte kao \u0161to su kondicionali i prijedlozi.<\/p>\n\n\n\n<h3 class=\"wp-block-heading\" id=\"h-1-tenses\">1. napetosti:<\/h3>\n\n\n\n<p>Vremena su okosnica svakog jezika, jer poma\u017eu u izra\u017eavanju akcija ili stanja u odnosu na vrijeme. U Marathiju postoje tri osnovna vremena &#8211; pro\u0161lost, sada\u0161njost i budu\u0107nost. Svako vreme ima razli\u010dite oblike zasnovane na vrsti akcije (jednostavno, kontinuirano, savr\u0161eno ili savr\u0161eno kontinuirano). Po\u010dnite sa u\u010denjem jednostavnih vremena, a zatim pre\u0111ite na kompleksnija.<\/p>\n\n\n\n<h3 class=\"wp-block-heading\" id=\"h-2-tense-comparison\">2. napeto pore\u0111enje:<\/h3>\n\n\n\n<p>Nakon razumijevanja osnovnih vremena, va\u017eno je nau\u010diti kako ih usporediti. Napeto pore\u0111enje vam omogu\u0107ava da pri\u010date o vi\u0161e akcija ili doga\u0111aja koji se de\u0161avaju istovremeno ili u razli\u010ditim vremenskim okvirima. Ovo poma\u017ee u formiranju slo\u017eenih re\u010denica i izra\u017eavanju \u0161ireg spektra ideja.<\/p>\n\n\n\n<h3 class=\"wp-block-heading\" id=\"h-3-verbs\">3. glagoli:<\/h3>\n\n\n\n<p>Glagoli su akcijske rije\u010di koje predstavljaju radnju ili stanje u re\u010denici. U Marathiju, glagoli su inflektirani da uka\u017eu na napetost, aspekt, raspolo\u017eenje i glas. Nau\u010dite osnovna pravila konjugacije glagola i razli\u010dite oblike glagola kako biste pobolj\u0161ali svoje vje\u0161tine izgradnje re\u010denica.<\/p>\n\n\n\n<h3 class=\"wp-block-heading\" id=\"h-4-nouns\">4. imenice:<\/h3>\n\n\n\n<p>Imenice su re\u010di koje predstavljaju ljude, mesta, stvari ili ideje. Marathi imenice imaju spol (mu\u0161ki, \u017eenski ili kauterski) i inflektirani su za broj (jednina ili mno\u017eina) i slu\u010daj (direktan, koso ili posesivan). Upoznajte se sa razli\u010ditim oblicima imenica i njihovom upotrebom u re\u010denicama.<\/p>\n\n\n\n<h3 class=\"wp-block-heading\" id=\"h-5-articles\">5. \u010dlanci:<\/h3>\n\n\n\n<p>Marathi nema \u010dlanke poput &#8216;a&#8217;, &#8216;an&#8217; ili &#8216;the&#8217;. Me\u0111utim, postoje demonstrativne zamjenice i determinatori koji slu\u017ee sli\u010dnoj svrsi. Saznajte kako da koristite ove zamenice i determinatore da biste odredili ili identifikovali imenice u re\u010denici.<\/p>\n\n\n\n<h3 class=\"wp-block-heading\" id=\"h-6-pronouns-determiners\">6. zamjenice\/determinatori:<\/h3>\n\n\n\n<p>Zamjenice zamjenjuju imenice kako bi se izbjeglo ponavljanje, dok determinatori odre\u0111uju ili ograni\u010davaju zna\u010denje imenica. U Marathiju se zamjenice i determinatori sla\u017eu u spolu i broju s imenicom koju zamjenjuju ili mijenjaju. Nau\u010dite razli\u010dite oblike i njihovu odgovaraju\u0107u upotrebu kako biste pobolj\u0161ali konstrukciju re\u010denica.<\/p>\n\n\n\n<h3 class=\"wp-block-heading\" id=\"h-7-adjectives\">7. pridjevi:<\/h3>\n\n\n\n<p>Pridjevi opisuju ili mijenjaju imenice, pru\u017eaju\u0107i dodatne informacije o njihovim kvalitetima ili atributima. U Marathiju se pridjevi sla\u017eu u spolu i broju s imenicom koju mijenjaju. Nau\u010dite razli\u010dite pridjevske oblike i njihovu pravilnu upotrebu u re\u010denicama.<\/p>\n\n\n\n<h3 class=\"wp-block-heading\" id=\"h-8-adverbs\">8. prilozi:<\/h3>\n\n\n\n<p>Prilozi pru\u017eaju dodatne informacije o glagolima, pridjevima ili drugim prilozima, opisuju\u0107i kako, kada, gdje i u kojoj mjeri se ne\u0161to doga\u0111a. Nau\u010dite razli\u010dite vrste priloga i njihovo postavljanje u re\u010denice kako biste pobolj\u0161ali svoje jezi\u010dke ve\u0161tine.<\/p>\n\n\n\n<h3 class=\"wp-block-heading\" id=\"h-9-conditionals\">9. uslovno:<\/h3>\n\n\n\n<p>Kondicionali izra\u017eavaju hipoteti\u010dke situacije ili uslove i njihove mogu\u0107e posledice. U Marathiju postoje tri vrste kondicionala &#8211; pravi, nestvarni i mje\u0161oviti. Nau\u010dite strukturu i upotrebu svakog tipa za izra\u017eavanje slo\u017eenih ideja i situacija.<\/p>\n\n\n\n<h3 class=\"wp-block-heading\" id=\"h-10-prepositions\">10. prijedlozi:<\/h3>\n\n\n\n<p>Prijedlozi su rije\u010di koje pokazuju odnos izme\u0111u imenica (ili zamjenica) i drugih rije\u010di u re\u010denici. Oni ozna\u010davaju lokaciju, pravac, vreme ili druge odnose. Nau\u010dite uobi\u010dajene prijedloge u Marathiju i njihovu upotrebu u re\u010denicama.<\/p>\n\n\n\n<h3 class=\"wp-block-heading\" id=\"h-11-sentences\">11. re\u010denice:<\/h3>\n\n\n\n<p>Na kraju, ve\u017ebajte formiranje jednostavnih i slo\u017eenih re\u010denica koriste\u0107i gramati\u010dka pravila i re\u010dnik koji ste nau\u010dili. Fokusirajte se na strukturu re\u010denice.<\/p>\n<\/div><\/div>\n\r\n<section class=\"learnNavigationSection\">\r\n            \r\n        <a href=\"https:\/\/talkpal.ai\/bs\/nauci-marathi\/\">\r\n            <div class=\"learnNavigationWrapper\">\r\n                <div class=\"learnNavigationContent\">\r\n                    <img decoding=\"async\" src=\"https:\/\/talkpal.ai\/wp-content\/uploads\/2023\/05\/Marathi-india.png\" alt=\"TalkPal Marathi Flag\">\r\n                    <div>\r\n                        <h4>O u\u010denju marathi<\/h4>\r\n                        <p>Saznaj sve o Marathi gramatici.<\/p>\r\n                    <\/div>\r\n                <\/div>\r\n            <\/div>\r\n        <\/a>\r\n\r\n        \r\n        <a href=\"https:\/\/talkpal.ai\/bs\/marathi-gramatika\/\">\r\n            <div class=\"learnNavigationWrapper\">\r\n                <div class=\"learnNavigationContent\">\r\n                    <img decoding=\"async\" src=\"https:\/\/talkpal.ai\/wp-content\/uploads\/2023\/05\/Marathi-india.png\" alt=\"TalkPal Marathi Flag\">\r\n                    <div>\r\n                        <h4>Marathi Grammar Lessons<\/h4>\r\n                        <p>Vje\u017ebaj Marathi gramatiku.<\/p>\r\n                    <\/div>\r\n                <\/div>\r\n            <\/div>\r\n        <\/a>\r\n\r\n        \r\n        <a href=\"https:\/\/talkpal.ai\/vocabulary_language\/marathi\/\">\r\n            <div class=\"learnNavigationWrapper\">\r\n                <div class=\"learnNavigationContent\">\r\n                    <img decoding=\"async\" src=\"https:\/\/talkpal.ai\/wp-content\/uploads\/2023\/05\/Marathi-india.png\" alt=\"TalkPal Marathi Flag\">\r\n                    <div>\r\n                        <h4>Marathi Vocabulary<\/h4>\r\n                        <p>Pro\u0161irite svoj vokabular Marathi.<\/p>\r\n                    <\/div>\r\n                <\/div>\r\n            <\/div>\r\n        <\/a>\r\n\r\n            <\/section>","protected":false},"excerpt":{"rendered":"<p>Maratski Gramati\u010dke teme Marathi, indoarijski jezik, prete\u017eno se govori u indijskoj dr\u017eavi Maharashtra i slu\u017ebeni je jezik regije. U\u010denje Marathija mo\u017ee biti oboga\u0107uju\u0107e iskustvo, jer otvara vrata bogatoj kulturi, istoriji i knji\u017eevnosti. Da biste efikasno nau\u010dili Marati, va\u017eno je imati strukturiran pristup koji se fokusira na razli\u010dite aspekte jezika, kao \u0161to su gramatika, re\u010dnik i [&hellip;]<\/p>\n","protected":false},"author":6,"featured_media":116409,"parent":0,"menu_order":0,"comment_status":"closed","ping_status":"closed","template":"LearningContentPage.php","meta":{"_acf_changed":false,"footnotes":""},"class_list":["post-159359","page","type-page","status-publish","has-post-thumbnail","hentry"],"acf":[],"yoast_head":"<!-- This site is optimized with the Yoast SEO Premium plugin v27.2 (Yoast SEO v27.2) - https:\/\/yoast.com\/product\/yoast-seo-premium-wordpress\/ -->\n<title>Marathi gramati\u010dke ve\u017ebe - Talkpal<\/title>\n<meta name=\"description\" content=\"Unaprijedite svoje jezi\u010dke vje\u0161tine na maratskom jeziku uz pomo\u0107 zanimljivih gramati\u010dkih vje\u017ebi na maratskom jeziku, osmi\u0161ljenih za u\u010denike svih nivoa.\" \/>\n<meta name=\"robots\" content=\"index, follow, max-snippet:-1, max-image-preview:large, max-video-preview:-1\" \/>\n<link rel=\"canonical\" href=\"https:\/\/talkpal.ai\/bs\/marathi-gramaticke-vezbe\/\" \/>\n<meta property=\"og:locale\" content=\"bs_BA\" \/>\n<meta property=\"og:type\" content=\"article\" \/>\n<meta property=\"og:title\" content=\"Marathi gramati\u010dke ve\u017ebe\" \/>\n<meta property=\"og:description\" content=\"Maratski Gramati\u010dke teme Marathi, indoarijski jezik, prete\u017eno se govori u indijskoj dr\u017eavi Maharashtra i slu\u017ebeni je jezik regije. U\u010denje Marathija mo\u017ee\" \/>\n<meta property=\"og:url\" content=\"https:\/\/talkpal.ai\/bs\/marathi-gramaticke-vezbe\/\" \/>\n<meta property=\"og:site_name\" content=\"Talkpal\" \/>\n<meta property=\"article:publisher\" content=\"https:\/\/www.facebook.com\/profile.php?id=100090733639311\" \/>\n<meta property=\"article:modified_time\" content=\"2025-12-17T15:13:13+00:00\" \/>\n<meta property=\"og:image\" content=\"https:\/\/talkpal.ai\/wp-content\/uploads\/2023\/05\/Marathi-india.png\" \/>\n\t<meta property=\"og:image:width\" content=\"512\" \/>\n\t<meta property=\"og:image:height\" content=\"512\" \/>\n\t<meta property=\"og:image:type\" content=\"image\/png\" \/>\n<meta name=\"twitter:card\" content=\"summary_large_image\" \/>\n<meta name=\"twitter:site\" content=\"@talkpalai\" \/>\n<meta name=\"twitter:label1\" content=\"Est. reading time\" \/>\n\t<meta name=\"twitter:data1\" content=\"3 minute\" \/>\n<script type=\"application\/ld+json\" class=\"yoast-schema-graph\">{\"@context\":\"https:\/\/schema.org\",\"@graph\":[{\"@type\":\"WebPage\",\"@id\":\"https:\/\/talkpal.ai\/bs\/marathi-gramaticke-vezbe\/\",\"url\":\"https:\/\/talkpal.ai\/bs\/marathi-gramaticke-vezbe\/\",\"name\":\"Marathi gramati\u010dke ve\u017ebe - Talkpal\",\"isPartOf\":{\"@id\":\"https:\/\/talkpal.ai\/bs\/#website\"},\"primaryImageOfPage\":{\"@id\":\"https:\/\/talkpal.ai\/bs\/marathi-gramaticke-vezbe\/#primaryimage\"},\"image\":{\"@id\":\"https:\/\/talkpal.ai\/bs\/marathi-gramaticke-vezbe\/#primaryimage\"},\"thumbnailUrl\":\"https:\/\/talkpal.ai\/wp-content\/uploads\/2023\/05\/Marathi-india.png\",\"datePublished\":\"2023-06-22T08:37:16+00:00\",\"dateModified\":\"2025-12-17T15:13:13+00:00\",\"description\":\"Unaprijedite svoje jezi\u010dke vje\u0161tine na maratskom jeziku uz pomo\u0107 zanimljivih gramati\u010dkih vje\u017ebi na maratskom jeziku, osmi\u0161ljenih za u\u010denike svih nivoa.\",\"breadcrumb\":{\"@id\":\"https:\/\/talkpal.ai\/bs\/marathi-gramaticke-vezbe\/#breadcrumb\"},\"inLanguage\":\"bs-BA\",\"potentialAction\":[{\"@type\":\"ReadAction\",\"target\":[\"https:\/\/talkpal.ai\/bs\/marathi-gramaticke-vezbe\/\"]}]},{\"@type\":\"ImageObject\",\"inLanguage\":\"bs-BA\",\"@id\":\"https:\/\/talkpal.ai\/bs\/marathi-gramaticke-vezbe\/#primaryimage\",\"url\":\"https:\/\/talkpal.ai\/wp-content\/uploads\/2023\/05\/Marathi-india.png\",\"contentUrl\":\"https:\/\/talkpal.ai\/wp-content\/uploads\/2023\/05\/Marathi-india.png\",\"width\":512,\"height\":512},{\"@type\":\"BreadcrumbList\",\"@id\":\"https:\/\/talkpal.ai\/bs\/marathi-gramaticke-vezbe\/#breadcrumb\",\"itemListElement\":[{\"@type\":\"ListItem\",\"position\":1,\"name\":\"Homepage\",\"item\":\"https:\/\/talkpal.ai\/bs\/\"},{\"@type\":\"ListItem\",\"position\":2,\"name\":\"Marathi gramati\u010dke ve\u017ebe\"}]},{\"@type\":\"WebSite\",\"@id\":\"https:\/\/talkpal.ai\/bs\/#website\",\"url\":\"https:\/\/talkpal.ai\/bs\/\",\"name\":\"Talkpal\",\"description\":\"AI Language Learning\",\"publisher\":{\"@id\":\"https:\/\/talkpal.ai\/bs\/#organization\"},\"alternateName\":\"Talkpal AI\",\"potentialAction\":[{\"@type\":\"SearchAction\",\"target\":{\"@type\":\"EntryPoint\",\"urlTemplate\":\"https:\/\/talkpal.ai\/bs\/?s={search_term_string}\"},\"query-input\":{\"@type\":\"PropertyValueSpecification\",\"valueRequired\":true,\"valueName\":\"search_term_string\"}}],\"inLanguage\":\"bs-BA\"},{\"@type\":\"Organization\",\"@id\":\"https:\/\/talkpal.ai\/bs\/#organization\",\"name\":\"Talkpal, Inc.\",\"alternateName\":\"Talkpal AI\",\"url\":\"https:\/\/talkpal.ai\/bs\/\",\"logo\":{\"@type\":\"ImageObject\",\"inLanguage\":\"bs-BA\",\"@id\":\"https:\/\/talkpal.ai\/bs\/#\/schema\/logo\/image\/\",\"url\":\"https:\/\/talkpal.ai\/wp-content\/uploads\/2024\/03\/Talkpal-Logo-Icon.png\",\"contentUrl\":\"https:\/\/talkpal.ai\/wp-content\/uploads\/2024\/03\/Talkpal-Logo-Icon.png\",\"width\":2880,\"height\":2880,\"caption\":\"Talkpal, Inc.\"},\"image\":{\"@id\":\"https:\/\/talkpal.ai\/bs\/#\/schema\/logo\/image\/\"},\"sameAs\":[\"https:\/\/www.facebook.com\/profile.php?id=100090733639311\",\"https:\/\/x.com\/talkpalai\",\"https:\/\/www.linkedin.com\/company\/talkpal\/\",\"https:\/\/www.youtube.com\/@TalkPal\/\",\"https:\/\/www.tiktok.com\/@talkpal\",\"https:\/\/www.instagram.com\/talkpal_ai\/\",\"https:\/\/www.crunchbase.com\/organization\/talkpal-9cde\",\"https:\/\/www.g2.com\/products\/talkpal-for-business\/\",\"https:\/\/www.trustpilot.com\/review\/talkpal.ai\",\"https:\/\/www.capterra.com\/p\/10006800\/TalkPal\/\"],\"description\":\"Talkpal is a language learning web and mobile education app, powered by the latest AI technologies, that provides engaging experiences to its customers in many different languages to help them improve their language skills. Users can chat about unlimited amount of topics with the app and use other modes to practice their language learning.\",\"email\":\"support@talkpal.ai\",\"legalName\":\"Talkpal, Inc.\",\"foundingDate\":\"2023-04-03\",\"duns\":\"118989042\",\"numberOfEmployees\":{\"@type\":\"QuantitativeValue\",\"minValue\":\"11\",\"maxValue\":\"50\"},\"publishingPrinciples\":\"https:\/\/talkpal.ai\/publishing-principles\/\",\"actionableFeedbackPolicy\":\"https:\/\/talkpal.ai\/actionable-feedback-policy\/\",\"correctionsPolicy\":\"https:\/\/talkpal.ai\/corrections-policy\/\",\"ethicsPolicy\":\"https:\/\/talkpal.ai\/ethics-policy\/\",\"diversityPolicy\":\"https:\/\/talkpal.ai\/diversity-policy\/\",\"diversityStaffingReport\":\"https:\/\/talkpal.ai\/diversity-policy\/\"}]}<\/script>\n<!-- \/ Yoast SEO Premium plugin. -->","yoast_head_json":{"title":"Marathi gramati\u010dke ve\u017ebe - Talkpal","description":"Unaprijedite svoje jezi\u010dke vje\u0161tine na maratskom jeziku uz pomo\u0107 zanimljivih gramati\u010dkih vje\u017ebi na maratskom jeziku, osmi\u0161ljenih za u\u010denike svih nivoa.","robots":{"index":"index","follow":"follow","max-snippet":"max-snippet:-1","max-image-preview":"max-image-preview:large","max-video-preview":"max-video-preview:-1"},"canonical":"https:\/\/talkpal.ai\/bs\/marathi-gramaticke-vezbe\/","og_locale":"bs_BA","og_type":"article","og_title":"Marathi gramati\u010dke ve\u017ebe","og_description":"Maratski Gramati\u010dke teme Marathi, indoarijski jezik, prete\u017eno se govori u indijskoj dr\u017eavi Maharashtra i slu\u017ebeni je jezik regije. U\u010denje Marathija mo\u017ee","og_url":"https:\/\/talkpal.ai\/bs\/marathi-gramaticke-vezbe\/","og_site_name":"Talkpal","article_publisher":"https:\/\/www.facebook.com\/profile.php?id=100090733639311","article_modified_time":"2025-12-17T15:13:13+00:00","og_image":[{"width":512,"height":512,"url":"https:\/\/talkpal.ai\/wp-content\/uploads\/2023\/05\/Marathi-india.png","type":"image\/png"}],"twitter_card":"summary_large_image","twitter_site":"@talkpalai","twitter_misc":{"Est. reading time":"3 minute"},"schema":{"@context":"https:\/\/schema.org","@graph":[{"@type":"WebPage","@id":"https:\/\/talkpal.ai\/bs\/marathi-gramaticke-vezbe\/","url":"https:\/\/talkpal.ai\/bs\/marathi-gramaticke-vezbe\/","name":"Marathi gramati\u010dke ve\u017ebe - Talkpal","isPartOf":{"@id":"https:\/\/talkpal.ai\/bs\/#website"},"primaryImageOfPage":{"@id":"https:\/\/talkpal.ai\/bs\/marathi-gramaticke-vezbe\/#primaryimage"},"image":{"@id":"https:\/\/talkpal.ai\/bs\/marathi-gramaticke-vezbe\/#primaryimage"},"thumbnailUrl":"https:\/\/talkpal.ai\/wp-content\/uploads\/2023\/05\/Marathi-india.png","datePublished":"2023-06-22T08:37:16+00:00","dateModified":"2025-12-17T15:13:13+00:00","description":"Unaprijedite svoje jezi\u010dke vje\u0161tine na maratskom jeziku uz pomo\u0107 zanimljivih gramati\u010dkih vje\u017ebi na maratskom jeziku, osmi\u0161ljenih za u\u010denike svih nivoa.","breadcrumb":{"@id":"https:\/\/talkpal.ai\/bs\/marathi-gramaticke-vezbe\/#breadcrumb"},"inLanguage":"bs-BA","potentialAction":[{"@type":"ReadAction","target":["https:\/\/talkpal.ai\/bs\/marathi-gramaticke-vezbe\/"]}]},{"@type":"ImageObject","inLanguage":"bs-BA","@id":"https:\/\/talkpal.ai\/bs\/marathi-gramaticke-vezbe\/#primaryimage","url":"https:\/\/talkpal.ai\/wp-content\/uploads\/2023\/05\/Marathi-india.png","contentUrl":"https:\/\/talkpal.ai\/wp-content\/uploads\/2023\/05\/Marathi-india.png","width":512,"height":512},{"@type":"BreadcrumbList","@id":"https:\/\/talkpal.ai\/bs\/marathi-gramaticke-vezbe\/#breadcrumb","itemListElement":[{"@type":"ListItem","position":1,"name":"Homepage","item":"https:\/\/talkpal.ai\/bs\/"},{"@type":"ListItem","position":2,"name":"Marathi gramati\u010dke ve\u017ebe"}]},{"@type":"WebSite","@id":"https:\/\/talkpal.ai\/bs\/#website","url":"https:\/\/talkpal.ai\/bs\/","name":"Talkpal","description":"AI Language Learning","publisher":{"@id":"https:\/\/talkpal.ai\/bs\/#organization"},"alternateName":"Talkpal AI","potentialAction":[{"@type":"SearchAction","target":{"@type":"EntryPoint","urlTemplate":"https:\/\/talkpal.ai\/bs\/?s={search_term_string}"},"query-input":{"@type":"PropertyValueSpecification","valueRequired":true,"valueName":"search_term_string"}}],"inLanguage":"bs-BA"},{"@type":"Organization","@id":"https:\/\/talkpal.ai\/bs\/#organization","name":"Talkpal, Inc.","alternateName":"Talkpal AI","url":"https:\/\/talkpal.ai\/bs\/","logo":{"@type":"ImageObject","inLanguage":"bs-BA","@id":"https:\/\/talkpal.ai\/bs\/#\/schema\/logo\/image\/","url":"https:\/\/talkpal.ai\/wp-content\/uploads\/2024\/03\/Talkpal-Logo-Icon.png","contentUrl":"https:\/\/talkpal.ai\/wp-content\/uploads\/2024\/03\/Talkpal-Logo-Icon.png","width":2880,"height":2880,"caption":"Talkpal, Inc."},"image":{"@id":"https:\/\/talkpal.ai\/bs\/#\/schema\/logo\/image\/"},"sameAs":["https:\/\/www.facebook.com\/profile.php?id=100090733639311","https:\/\/x.com\/talkpalai","https:\/\/www.linkedin.com\/company\/talkpal\/","https:\/\/www.youtube.com\/@TalkPal\/","https:\/\/www.tiktok.com\/@talkpal","https:\/\/www.instagram.com\/talkpal_ai\/","https:\/\/www.crunchbase.com\/organization\/talkpal-9cde","https:\/\/www.g2.com\/products\/talkpal-for-business\/","https:\/\/www.trustpilot.com\/review\/talkpal.ai","https:\/\/www.capterra.com\/p\/10006800\/TalkPal\/"],"description":"Talkpal is a language learning web and mobile education app, powered by the latest AI technologies, that provides engaging experiences to its customers in many different languages to help them improve their language skills. Users can chat about unlimited amount of topics with the app and use other modes to practice their language learning.","email":"support@talkpal.ai","legalName":"Talkpal, Inc.","foundingDate":"2023-04-03","duns":"118989042","numberOfEmployees":{"@type":"QuantitativeValue","minValue":"11","maxValue":"50"},"publishingPrinciples":"https:\/\/talkpal.ai\/publishing-principles\/","actionableFeedbackPolicy":"https:\/\/talkpal.ai\/actionable-feedback-policy\/","correctionsPolicy":"https:\/\/talkpal.ai\/corrections-policy\/","ethicsPolicy":"https:\/\/talkpal.ai\/ethics-policy\/","diversityPolicy":"https:\/\/talkpal.ai\/diversity-policy\/","diversityStaffingReport":"https:\/\/talkpal.ai\/diversity-policy\/"}]}},"_links":{"self":[{"href":"https:\/\/talkpal.ai\/bs\/wp-json\/wp\/v2\/pages\/159359","targetHints":{"allow":["GET"]}}],"collection":[{"href":"https:\/\/talkpal.ai\/bs\/wp-json\/wp\/v2\/pages"}],"about":[{"href":"https:\/\/talkpal.ai\/bs\/wp-json\/wp\/v2\/types\/page"}],"author":[{"embeddable":true,"href":"https:\/\/talkpal.ai\/bs\/wp-json\/wp\/v2\/users\/6"}],"replies":[{"embeddable":true,"href":"https:\/\/talkpal.ai\/bs\/wp-json\/wp\/v2\/comments?post=159359"}],"version-history":[{"count":0,"href":"https:\/\/talkpal.ai\/bs\/wp-json\/wp\/v2\/pages\/159359\/revisions"}],"wp:featuredmedia":[{"embeddable":true,"href":"https:\/\/talkpal.ai\/bs\/wp-json\/wp\/v2\/media\/116409"}],"wp:attachment":[{"href":"https:\/\/talkpal.ai\/bs\/wp-json\/wp\/v2\/media?parent=159359"}],"curies":[{"name":"wp","href":"https:\/\/api.w.org\/{rel}","templated":true}]}}