{"id":159041,"date":"2023-06-22T08:43:13","date_gmt":"2023-06-22T08:43:13","guid":{"rendered":"http:\/\/talkpal.ai\/maori-gramaticke-vezbe\/"},"modified":"2025-12-17T14:34:46","modified_gmt":"2025-12-17T14:34:46","slug":"maori-gramaticke-vezbe","status":"publish","type":"page","link":"https:\/\/talkpal.ai\/bs\/maori-gramaticke-vezbe\/","title":{"rendered":"Maori gramati\u010dke ve\u017ebe"},"content":{"rendered":"\r\n\r\n\r\n<section class=\"languageChallengeSection\">\r\n    <div class=\"languageInfoWrapper\">\r\n        \r\n        <h1>Maori gramati\u010dke ve\u017ebe<\/h1>\r\n        <p>\u017delite da oja\u010date svoje te reo M\u0101ori vje\u0161tine? Vje\u017ebanje gramati\u010dkih vje\u017ebi odli\u010dan je na\u010din za razumijevanje re\u010deni\u010dne strukture, glagolskih oblika i klju\u010dnih obrazaca jezika. Po\u010dnite istra\u017eivati \u200b\u200bmaorsku gramatiku ve\u0107 danas i gledajte kako vam samopouzdanje i sposobnost rastu sa svakom novom vje\u017ebom!<\/p>\r\n\r\n                            <a class=\"getStartedHidden\" href=\"https:\/\/app.talkpal.ai\/signup?lng=\">Kreni<\/a>\r\n        \r\n    <\/div>\r\n\r\n    <figure>\r\n    <img decoding=\"async\" width=\"768\" height=\"768\" src=\"https:\/\/talkpal.ai\/wp-content\/uploads\/2023\/06\/maori-768x768.png\" class=\"languageImage no-lazy\" alt=\"Language learning for social and professional settings\" fetchpriority=\"high\" sizes=\"(max-width: 768px) 150px, 768px\" srcset=\"https:\/\/talkpal.ai\/wp-content\/uploads\/2023\/06\/maori-768x768.png 768w, https:\/\/talkpal.ai\/wp-content\/uploads\/2023\/06\/maori-300x300.png 300w\" \/>\r\n    \r\n\r\n    <\/figure>\r\n\r\n            <a class=\"getStartedVisible\" href=\"https:\/\/app.talkpal.ai\/signup?lng=\">Kreni<\/a>\r\n    \r\n<\/section>\r\n\r\n\r\n<!-- <section class=\"grammarSection\">\r\n    <div class=\"grammarLinks\">\r\n            <\/div>\r\n<\/section> -->\r\n\r\n\r\n\r\n\r\n<section class=\"promotionalBanner\">\r\n    <p class=\"promotionalText\">Najefikasniji na\u010din za u\u010denje jezika<\/p>\r\n    <a class=\"promotionalLink\" href=\"https:\/\/app.talkpal.ai\/signup?lng=\">Isprobajte Talkpal besplatno<\/a>\r\n<\/section>\n<div class=\"wp-block-group pageContainerStyle\"><div class=\"wp-block-group__inner-container is-layout-constrained wp-block-group-is-layout-constrained\">\n<h2 class=\"wp-block-heading\" id=\"h-maori-grammar-topics\">Maori Grammar Topics<\/h2>\n\n\n\n<p>Maorski jezik, poznat kao te reo <a href=\"https:\/\/talkpal.ai\/learn-maori\/\">Maori<\/a>, je isto\u010dnopolinezijski jezik porijeklom sa Novog Zelanda. Kao zvani\u010dni jezik zemlje, nosi bogato kulturno nasle\u0111e i jedinstvena jezi\u010dka obilje\u017eja. U\u010denje maorske gramatike je od su\u0161tinskog zna\u010daja za razumevanje i efikasnu komunikaciju na jeziku. Ovaj vodi\u010d pru\u017ea pregled klju\u010dnih Maori gramati\u010dkih tema, organizovanih u sekvenci dizajniranoj da olak\u0161aju va\u0161 proces u\u010denja. Od napetosti i glagola do pridjeva i prijedloga, ovaj vodi\u010d \u0107e vam pomo\u0107i da shvatite bitne elemente maorske gramatike i krenete na svoje putovanje u\u010denja jezika.<\/p>\n\n\n\n<h3 class=\"wp-block-heading\" id=\"h-1-tenses\">1. napetosti:<\/h3>\n\n\n\n<p>U Maorima postoje dva primarna vremena &#8211; pro\u0161lost i nepro\u0161lost. Proteklo vrijeme ukazuje na akcije ili doga\u0111aje koji su se ve\u0107 dogodili, dok nepro\u0161lo vrijeme obuhvata i sada\u0161nje i budu\u0107e akcije. Razumijevanje ovih vremena je klju\u010dno za formiranje re\u010denica i precizno preno\u0161enje zna\u010denja.<\/p>\n\n\n\n<h3 class=\"wp-block-heading\" id=\"h-2-tense-comparison\">2. napeto pore\u0111enje:<\/h3>\n\n\n\n<p>Kada upore\u0111ujete vremena na maorskom jeziku, bitno je razumjeti kako sastaviti re\u010denice koriste\u0107i razli\u010dita vremena i napraviti odgovaraju\u0107a pore\u0111enja izme\u0111u njih. Ovo znanje \u0107e vam pomo\u0107i da izrazite akcije i doga\u0111aje u razli\u010ditim vremenskim kontekstima.<\/p>\n\n\n\n<h3 class=\"wp-block-heading\" id=\"h-3-progressive\">3. progresivno:<\/h3>\n\n\n\n<p>Progresivni aspekt u Maori ukazuje na kontinuirane ili kontinuirane akcije. U\u010denje kako da koristite progresivni aspekt omogu\u0107i\u0107e vam da opi\u0161ete akcije koje se trenutno de\u0161avaju, dodaju\u0107i dubinu va\u0161oj komunikaciji.<\/p>\n\n\n\n<h3 class=\"wp-block-heading\" id=\"h-4-perfect-progressive\">4. savr\u0161eno progresivno:<\/h3>\n\n\n\n<p>Savr\u0161en progresivni aspekt kombinuje elemente savr\u0161enih i progresivnih aspekata, ukazuju\u0107i na akcije koje su trajale, ali su sada zavr\u0161ene. Savladavanje ovog aspekta \u0107e vam pomo\u0107i da prenesete slo\u017eenije ideje i situacije.<\/p>\n\n\n\n<h3 class=\"wp-block-heading\" id=\"h-5-verbs\">5. glagoli:<\/h3>\n\n\n\n<p>Glagoli su klju\u010dni za izgradnju re\u010denica i izra\u017eavanje radnji ili stanja boravka na Maorima. Upoznavanje sa konjugacijom glagola, uobi\u010dajenim glagolima i njihovom upotrebom je od su\u0161tinskog zna\u010daja za efikasnu komunikaciju.<\/p>\n\n\n\n<h3 class=\"wp-block-heading\" id=\"h-6-nouns\">6. imenice:<\/h3>\n\n\n\n<p>Imenice su temelj bilo kojeg jezika, koji predstavlja ljude, mjesta, stvari ili ideje. U\u010denje maorskih imenica \u0107e vam pomo\u0107i da izgradite svoj re\u010dnik i pobolj\u0161ate svoje op\u0161te razumevanje jezika.<\/p>\n\n\n\n<h3 class=\"wp-block-heading\" id=\"h-7-articles\">7. \u010dlanci:<\/h3>\n\n\n\n<p>Maori koristi \u010dlanke da odredi odre\u0111enost ili neodre\u0111enost imenice. Razumevanje upotrebe \u010dlanaka \u0107e vam pomo\u0107i da konstrui\u0161ete re\u010denice sa jasno\u0107om i precizno\u0161\u0107u.<\/p>\n\n\n\n<h3 class=\"wp-block-heading\" id=\"h-8-pronouns-determiners\">8. zamjenice\/determinatori:<\/h3>\n\n\n\n<p>Zamenice i determinatori igraju vitalnu ulogu u maorskoj gramatici, poma\u017eu\u0107i u identifikaciji ili specificiranju imenice. Upoznajte se sa razli\u010ditim zamjenicama i determinatorima kako biste pobolj\u0161ali svoje jezi\u010dke vje\u0161tine.<\/p>\n\n\n\n<h3 class=\"wp-block-heading\" id=\"h-9-adjectives\">9. pridjevi:<\/h3>\n\n\n\n<p>Pridjevi daju opise, kvalitete ili atribute imenicama. U\u010denje Maori pridjeva \u0107e vam omogu\u0107iti da izrazite detaljnije i nijansirane ideje.<\/p>\n\n\n\n<h3 class=\"wp-block-heading\" id=\"h-10-adverbs\">10. prilozi:<\/h3>\n\n\n\n<p>Prilozi modifikuju glagole, pridjeve ili druge priloge, pru\u017eaju\u0107i dodatne informacije o radnjama ili kvalitetima. Savladavanje Maori priloga \u0107e vam pomo\u0107i da efikasnije prenesete zna\u010denje i dodate raznovrsnost svojim re\u010denicama.<\/p>\n\n\n\n<h3 class=\"wp-block-heading\" id=\"h-11-conditionals\">11. uslovno:<\/h3>\n\n\n\n<p>Kondicionali se koriste za izra\u017eavanje hipoteti\u010dkih situacija ili posljedica u Maorima. Razumevanje uslovnih oblika \u0107e vam pomo\u0107i da komunicirate kompleksne ideje i mogu\u0107nosti.<\/p>\n\n\n\n<h3 class=\"wp-block-heading\" id=\"h-12-prepositions\">12. prijedlozi:<\/h3>\n\n\n\n<p>Predlozi su neophodni za ozna\u010davanje odnosa izme\u0111u re\u010di, kao \u0161to su lokacija, pravac ili vreme. U\u010denje Maori predloga \u0107e vam pomo\u0107i da konstrui\u0161ete slo\u017eenije i smislenije re\u010denice.<\/p>\n\n\n\n<h3 class=\"wp-block-heading\" id=\"h-13-sentences\">13. re\u010denice:<\/h3>\n\n\n\n<p>Kona\u010dno, razumevanje strukture re\u010denice i redosled re\u010di je od klju\u010dnog zna\u010daja za efikasnu komunikaciju u Maorima. Upoznajte se sa razli\u010ditim obrascima re\u010denica i ve\u017ebajte konstrukciju re\u010denica koriste\u0107i gramati\u010dke teme obuhva\u0107ene ovim vodi\u010dem.<\/p>\n<\/div><\/div>\n\r\n<section class=\"learnNavigationSection\">\r\n            \r\n        <a href=\"https:\/\/talkpal.ai\/bs\/nauci-maori\/\">\r\n            <div class=\"learnNavigationWrapper\">\r\n                <div class=\"learnNavigationContent\">\r\n                    <img decoding=\"async\" src=\"https:\/\/talkpal.ai\/wp-content\/uploads\/2024\/08\/Maori.jpg\" alt=\"New Zealand Flag\">\r\n                    <div>\r\n                        <h4>Lekcije maorske gramatike<\/h4>\r\n                        <p>Saznajte sve o gramatici Maora.<\/p>\r\n                    <\/div>\r\n                <\/div>\r\n            <\/div>\r\n        <\/a>\r\n\r\n        \r\n        <a href=\"https:\/\/talkpal.ai\/bs\/maori-gramatika\/\">\r\n            <div class=\"learnNavigationWrapper\">\r\n                <div class=\"learnNavigationContent\">\r\n                    <img decoding=\"async\" src=\"https:\/\/talkpal.ai\/wp-content\/uploads\/2024\/08\/Maori.jpg\" alt=\"New Zealand Flag\">\r\n                    <div>\r\n                        <h4>Lekcije maorske gramatike<\/h4>\r\n                        <p>Vje\u017ebajte gramatiku Maora.<\/p>\r\n                    <\/div>\r\n                <\/div>\r\n            <\/div>\r\n        <\/a>\r\n\r\n        \r\n        <a href=\"https:\/\/talkpal.ai\/vocabulary_language\/maori\/\">\r\n            <div class=\"learnNavigationWrapper\">\r\n                <div class=\"learnNavigationContent\">\r\n                    <img decoding=\"async\" src=\"https:\/\/talkpal.ai\/wp-content\/uploads\/2024\/08\/Maori.jpg\" alt=\"New Zealand Flag\">\r\n                    <div>\r\n                        <h4>Maorski vokabular<\/h4>\r\n                        <p>Pro\u0161irite svoj maorski vokabular.<\/p>\r\n                    <\/div>\r\n                <\/div>\r\n            <\/div>\r\n        <\/a>\r\n\r\n            <\/section>","protected":false},"excerpt":{"rendered":"<p>Maori Grammar Topics Maorski jezik, poznat kao te reo Maori, je isto\u010dnopolinezijski jezik porijeklom sa Novog Zelanda. Kao zvani\u010dni jezik zemlje, nosi bogato kulturno nasle\u0111e i jedinstvena jezi\u010dka obilje\u017eja. U\u010denje maorske gramatike je od su\u0161tinskog zna\u010daja za razumevanje i efikasnu komunikaciju na jeziku. Ovaj vodi\u010d pru\u017ea pregled klju\u010dnih Maori gramati\u010dkih tema, organizovanih u sekvenci dizajniranoj [&hellip;]<\/p>\n","protected":false},"author":6,"featured_media":147799,"parent":0,"menu_order":0,"comment_status":"closed","ping_status":"closed","template":"LearningContentPage.php","meta":{"_acf_changed":false,"footnotes":""},"class_list":["post-159041","page","type-page","status-publish","has-post-thumbnail","hentry"],"acf":[],"yoast_head":"<!-- This site is optimized with the Yoast SEO Premium plugin v27.2 (Yoast SEO v27.2) - https:\/\/yoast.com\/product\/yoast-seo-premium-wordpress\/ -->\n<title>Maori gramati\u010dke ve\u017ebe - Talkpal<\/title>\n<meta name=\"description\" content=\"Unaprijedite svoje jezi\u010dke vje\u0161tine vje\u017ebama gramatike maorskog jezika osmi\u0161ljenim da pobolj\u0161aju va\u0161e razumijevanje i te\u010dnost maorskog jezika.\" \/>\n<meta name=\"robots\" content=\"index, follow, max-snippet:-1, max-image-preview:large, max-video-preview:-1\" \/>\n<link rel=\"canonical\" href=\"https:\/\/talkpal.ai\/bs\/maori-gramaticke-vezbe\/\" \/>\n<meta property=\"og:locale\" content=\"bs_BA\" \/>\n<meta property=\"og:type\" content=\"article\" \/>\n<meta property=\"og:title\" content=\"Maori gramati\u010dke ve\u017ebe\" \/>\n<meta property=\"og:description\" content=\"Maori Grammar Topics Maorski jezik, poznat kao te reo Maori, je isto\u010dnopolinezijski jezik porijeklom sa Novog Zelanda. Kao zvani\u010dni jezik zemlje, nosi\" \/>\n<meta property=\"og:url\" content=\"https:\/\/talkpal.ai\/bs\/maori-gramaticke-vezbe\/\" \/>\n<meta property=\"og:site_name\" content=\"Talkpal\" \/>\n<meta property=\"article:publisher\" content=\"https:\/\/www.facebook.com\/profile.php?id=100090733639311\" \/>\n<meta property=\"article:modified_time\" content=\"2025-12-17T14:34:46+00:00\" \/>\n<meta property=\"og:image\" content=\"https:\/\/talkpal.ai\/wp-content\/uploads\/2023\/05\/Maori-new-zealand.png\" \/>\n\t<meta property=\"og:image:width\" content=\"512\" \/>\n\t<meta property=\"og:image:height\" content=\"512\" \/>\n\t<meta property=\"og:image:type\" content=\"image\/png\" \/>\n<meta name=\"twitter:card\" content=\"summary_large_image\" \/>\n<meta name=\"twitter:site\" content=\"@talkpalai\" \/>\n<meta name=\"twitter:label1\" content=\"Est. reading time\" \/>\n\t<meta name=\"twitter:data1\" content=\"3 minute\" \/>\n<script type=\"application\/ld+json\" class=\"yoast-schema-graph\">{\"@context\":\"https:\/\/schema.org\",\"@graph\":[{\"@type\":\"WebPage\",\"@id\":\"https:\/\/talkpal.ai\/bs\/maori-gramaticke-vezbe\/\",\"url\":\"https:\/\/talkpal.ai\/bs\/maori-gramaticke-vezbe\/\",\"name\":\"Maori gramati\u010dke ve\u017ebe - Talkpal\",\"isPartOf\":{\"@id\":\"https:\/\/talkpal.ai\/bs\/#website\"},\"primaryImageOfPage\":{\"@id\":\"https:\/\/talkpal.ai\/bs\/maori-gramaticke-vezbe\/#primaryimage\"},\"image\":{\"@id\":\"https:\/\/talkpal.ai\/bs\/maori-gramaticke-vezbe\/#primaryimage\"},\"thumbnailUrl\":\"https:\/\/talkpal.ai\/wp-content\/uploads\/2023\/05\/Maori-new-zealand.png\",\"datePublished\":\"2023-06-22T08:43:13+00:00\",\"dateModified\":\"2025-12-17T14:34:46+00:00\",\"description\":\"Unaprijedite svoje jezi\u010dke vje\u0161tine vje\u017ebama gramatike maorskog jezika osmi\u0161ljenim da pobolj\u0161aju va\u0161e razumijevanje i te\u010dnost maorskog jezika.\",\"breadcrumb\":{\"@id\":\"https:\/\/talkpal.ai\/bs\/maori-gramaticke-vezbe\/#breadcrumb\"},\"inLanguage\":\"bs-BA\",\"potentialAction\":[{\"@type\":\"ReadAction\",\"target\":[\"https:\/\/talkpal.ai\/bs\/maori-gramaticke-vezbe\/\"]}]},{\"@type\":\"ImageObject\",\"inLanguage\":\"bs-BA\",\"@id\":\"https:\/\/talkpal.ai\/bs\/maori-gramaticke-vezbe\/#primaryimage\",\"url\":\"https:\/\/talkpal.ai\/wp-content\/uploads\/2023\/05\/Maori-new-zealand.png\",\"contentUrl\":\"https:\/\/talkpal.ai\/wp-content\/uploads\/2023\/05\/Maori-new-zealand.png\",\"width\":512,\"height\":512},{\"@type\":\"BreadcrumbList\",\"@id\":\"https:\/\/talkpal.ai\/bs\/maori-gramaticke-vezbe\/#breadcrumb\",\"itemListElement\":[{\"@type\":\"ListItem\",\"position\":1,\"name\":\"Homepage\",\"item\":\"https:\/\/talkpal.ai\/bs\/\"},{\"@type\":\"ListItem\",\"position\":2,\"name\":\"Maori gramati\u010dke ve\u017ebe\"}]},{\"@type\":\"WebSite\",\"@id\":\"https:\/\/talkpal.ai\/bs\/#website\",\"url\":\"https:\/\/talkpal.ai\/bs\/\",\"name\":\"Talkpal\",\"description\":\"AI Language Learning\",\"publisher\":{\"@id\":\"https:\/\/talkpal.ai\/bs\/#organization\"},\"alternateName\":\"Talkpal AI\",\"potentialAction\":[{\"@type\":\"SearchAction\",\"target\":{\"@type\":\"EntryPoint\",\"urlTemplate\":\"https:\/\/talkpal.ai\/bs\/?s={search_term_string}\"},\"query-input\":{\"@type\":\"PropertyValueSpecification\",\"valueRequired\":true,\"valueName\":\"search_term_string\"}}],\"inLanguage\":\"bs-BA\"},{\"@type\":\"Organization\",\"@id\":\"https:\/\/talkpal.ai\/bs\/#organization\",\"name\":\"Talkpal, Inc.\",\"alternateName\":\"Talkpal AI\",\"url\":\"https:\/\/talkpal.ai\/bs\/\",\"logo\":{\"@type\":\"ImageObject\",\"inLanguage\":\"bs-BA\",\"@id\":\"https:\/\/talkpal.ai\/bs\/#\/schema\/logo\/image\/\",\"url\":\"https:\/\/talkpal.ai\/wp-content\/uploads\/2024\/03\/Talkpal-Logo-Icon.png\",\"contentUrl\":\"https:\/\/talkpal.ai\/wp-content\/uploads\/2024\/03\/Talkpal-Logo-Icon.png\",\"width\":2880,\"height\":2880,\"caption\":\"Talkpal, Inc.\"},\"image\":{\"@id\":\"https:\/\/talkpal.ai\/bs\/#\/schema\/logo\/image\/\"},\"sameAs\":[\"https:\/\/www.facebook.com\/profile.php?id=100090733639311\",\"https:\/\/x.com\/talkpalai\",\"https:\/\/www.linkedin.com\/company\/talkpal\/\",\"https:\/\/www.youtube.com\/@TalkPal\/\",\"https:\/\/www.tiktok.com\/@talkpal\",\"https:\/\/www.instagram.com\/talkpal_ai\/\",\"https:\/\/www.crunchbase.com\/organization\/talkpal-9cde\",\"https:\/\/www.g2.com\/products\/talkpal-for-business\/\",\"https:\/\/www.trustpilot.com\/review\/talkpal.ai\",\"https:\/\/www.capterra.com\/p\/10006800\/TalkPal\/\"],\"description\":\"Talkpal is a language learning web and mobile education app, powered by the latest AI technologies, that provides engaging experiences to its customers in many different languages to help them improve their language skills. Users can chat about unlimited amount of topics with the app and use other modes to practice their language learning.\",\"email\":\"support@talkpal.ai\",\"legalName\":\"Talkpal, Inc.\",\"foundingDate\":\"2023-04-03\",\"duns\":\"118989042\",\"numberOfEmployees\":{\"@type\":\"QuantitativeValue\",\"minValue\":\"11\",\"maxValue\":\"50\"},\"publishingPrinciples\":\"https:\/\/talkpal.ai\/publishing-principles\/\",\"actionableFeedbackPolicy\":\"https:\/\/talkpal.ai\/actionable-feedback-policy\/\",\"correctionsPolicy\":\"https:\/\/talkpal.ai\/corrections-policy\/\",\"ethicsPolicy\":\"https:\/\/talkpal.ai\/ethics-policy\/\",\"diversityPolicy\":\"https:\/\/talkpal.ai\/diversity-policy\/\",\"diversityStaffingReport\":\"https:\/\/talkpal.ai\/diversity-policy\/\"}]}<\/script>\n<!-- \/ Yoast SEO Premium plugin. -->","yoast_head_json":{"title":"Maori gramati\u010dke ve\u017ebe - Talkpal","description":"Unaprijedite svoje jezi\u010dke vje\u0161tine vje\u017ebama gramatike maorskog jezika osmi\u0161ljenim da pobolj\u0161aju va\u0161e razumijevanje i te\u010dnost maorskog jezika.","robots":{"index":"index","follow":"follow","max-snippet":"max-snippet:-1","max-image-preview":"max-image-preview:large","max-video-preview":"max-video-preview:-1"},"canonical":"https:\/\/talkpal.ai\/bs\/maori-gramaticke-vezbe\/","og_locale":"bs_BA","og_type":"article","og_title":"Maori gramati\u010dke ve\u017ebe","og_description":"Maori Grammar Topics Maorski jezik, poznat kao te reo Maori, je isto\u010dnopolinezijski jezik porijeklom sa Novog Zelanda. Kao zvani\u010dni jezik zemlje, nosi","og_url":"https:\/\/talkpal.ai\/bs\/maori-gramaticke-vezbe\/","og_site_name":"Talkpal","article_publisher":"https:\/\/www.facebook.com\/profile.php?id=100090733639311","article_modified_time":"2025-12-17T14:34:46+00:00","og_image":[{"width":512,"height":512,"url":"https:\/\/talkpal.ai\/wp-content\/uploads\/2023\/05\/Maori-new-zealand.png","type":"image\/png"}],"twitter_card":"summary_large_image","twitter_site":"@talkpalai","twitter_misc":{"Est. reading time":"3 minute"},"schema":{"@context":"https:\/\/schema.org","@graph":[{"@type":"WebPage","@id":"https:\/\/talkpal.ai\/bs\/maori-gramaticke-vezbe\/","url":"https:\/\/talkpal.ai\/bs\/maori-gramaticke-vezbe\/","name":"Maori gramati\u010dke ve\u017ebe - Talkpal","isPartOf":{"@id":"https:\/\/talkpal.ai\/bs\/#website"},"primaryImageOfPage":{"@id":"https:\/\/talkpal.ai\/bs\/maori-gramaticke-vezbe\/#primaryimage"},"image":{"@id":"https:\/\/talkpal.ai\/bs\/maori-gramaticke-vezbe\/#primaryimage"},"thumbnailUrl":"https:\/\/talkpal.ai\/wp-content\/uploads\/2023\/05\/Maori-new-zealand.png","datePublished":"2023-06-22T08:43:13+00:00","dateModified":"2025-12-17T14:34:46+00:00","description":"Unaprijedite svoje jezi\u010dke vje\u0161tine vje\u017ebama gramatike maorskog jezika osmi\u0161ljenim da pobolj\u0161aju va\u0161e razumijevanje i te\u010dnost maorskog jezika.","breadcrumb":{"@id":"https:\/\/talkpal.ai\/bs\/maori-gramaticke-vezbe\/#breadcrumb"},"inLanguage":"bs-BA","potentialAction":[{"@type":"ReadAction","target":["https:\/\/talkpal.ai\/bs\/maori-gramaticke-vezbe\/"]}]},{"@type":"ImageObject","inLanguage":"bs-BA","@id":"https:\/\/talkpal.ai\/bs\/maori-gramaticke-vezbe\/#primaryimage","url":"https:\/\/talkpal.ai\/wp-content\/uploads\/2023\/05\/Maori-new-zealand.png","contentUrl":"https:\/\/talkpal.ai\/wp-content\/uploads\/2023\/05\/Maori-new-zealand.png","width":512,"height":512},{"@type":"BreadcrumbList","@id":"https:\/\/talkpal.ai\/bs\/maori-gramaticke-vezbe\/#breadcrumb","itemListElement":[{"@type":"ListItem","position":1,"name":"Homepage","item":"https:\/\/talkpal.ai\/bs\/"},{"@type":"ListItem","position":2,"name":"Maori gramati\u010dke ve\u017ebe"}]},{"@type":"WebSite","@id":"https:\/\/talkpal.ai\/bs\/#website","url":"https:\/\/talkpal.ai\/bs\/","name":"Talkpal","description":"AI Language Learning","publisher":{"@id":"https:\/\/talkpal.ai\/bs\/#organization"},"alternateName":"Talkpal AI","potentialAction":[{"@type":"SearchAction","target":{"@type":"EntryPoint","urlTemplate":"https:\/\/talkpal.ai\/bs\/?s={search_term_string}"},"query-input":{"@type":"PropertyValueSpecification","valueRequired":true,"valueName":"search_term_string"}}],"inLanguage":"bs-BA"},{"@type":"Organization","@id":"https:\/\/talkpal.ai\/bs\/#organization","name":"Talkpal, Inc.","alternateName":"Talkpal AI","url":"https:\/\/talkpal.ai\/bs\/","logo":{"@type":"ImageObject","inLanguage":"bs-BA","@id":"https:\/\/talkpal.ai\/bs\/#\/schema\/logo\/image\/","url":"https:\/\/talkpal.ai\/wp-content\/uploads\/2024\/03\/Talkpal-Logo-Icon.png","contentUrl":"https:\/\/talkpal.ai\/wp-content\/uploads\/2024\/03\/Talkpal-Logo-Icon.png","width":2880,"height":2880,"caption":"Talkpal, Inc."},"image":{"@id":"https:\/\/talkpal.ai\/bs\/#\/schema\/logo\/image\/"},"sameAs":["https:\/\/www.facebook.com\/profile.php?id=100090733639311","https:\/\/x.com\/talkpalai","https:\/\/www.linkedin.com\/company\/talkpal\/","https:\/\/www.youtube.com\/@TalkPal\/","https:\/\/www.tiktok.com\/@talkpal","https:\/\/www.instagram.com\/talkpal_ai\/","https:\/\/www.crunchbase.com\/organization\/talkpal-9cde","https:\/\/www.g2.com\/products\/talkpal-for-business\/","https:\/\/www.trustpilot.com\/review\/talkpal.ai","https:\/\/www.capterra.com\/p\/10006800\/TalkPal\/"],"description":"Talkpal is a language learning web and mobile education app, powered by the latest AI technologies, that provides engaging experiences to its customers in many different languages to help them improve their language skills. Users can chat about unlimited amount of topics with the app and use other modes to practice their language learning.","email":"support@talkpal.ai","legalName":"Talkpal, Inc.","foundingDate":"2023-04-03","duns":"118989042","numberOfEmployees":{"@type":"QuantitativeValue","minValue":"11","maxValue":"50"},"publishingPrinciples":"https:\/\/talkpal.ai\/publishing-principles\/","actionableFeedbackPolicy":"https:\/\/talkpal.ai\/actionable-feedback-policy\/","correctionsPolicy":"https:\/\/talkpal.ai\/corrections-policy\/","ethicsPolicy":"https:\/\/talkpal.ai\/ethics-policy\/","diversityPolicy":"https:\/\/talkpal.ai\/diversity-policy\/","diversityStaffingReport":"https:\/\/talkpal.ai\/diversity-policy\/"}]}},"_links":{"self":[{"href":"https:\/\/talkpal.ai\/bs\/wp-json\/wp\/v2\/pages\/159041","targetHints":{"allow":["GET"]}}],"collection":[{"href":"https:\/\/talkpal.ai\/bs\/wp-json\/wp\/v2\/pages"}],"about":[{"href":"https:\/\/talkpal.ai\/bs\/wp-json\/wp\/v2\/types\/page"}],"author":[{"embeddable":true,"href":"https:\/\/talkpal.ai\/bs\/wp-json\/wp\/v2\/users\/6"}],"replies":[{"embeddable":true,"href":"https:\/\/talkpal.ai\/bs\/wp-json\/wp\/v2\/comments?post=159041"}],"version-history":[{"count":0,"href":"https:\/\/talkpal.ai\/bs\/wp-json\/wp\/v2\/pages\/159041\/revisions"}],"wp:featuredmedia":[{"embeddable":true,"href":"https:\/\/talkpal.ai\/bs\/wp-json\/wp\/v2\/media\/147799"}],"wp:attachment":[{"href":"https:\/\/talkpal.ai\/bs\/wp-json\/wp\/v2\/media?parent=159041"}],"curies":[{"name":"wp","href":"https:\/\/api.w.org\/{rel}","templated":true}]}}