{"id":158770,"date":"2023-06-22T08:52:21","date_gmt":"2023-06-22T08:52:21","guid":{"rendered":"http:\/\/talkpal.ai\/nepalske-gramaticke-vezbe\/"},"modified":"2025-12-17T14:37:11","modified_gmt":"2025-12-17T14:37:11","slug":"nepalske-gramaticke-vezbe","status":"publish","type":"page","link":"https:\/\/talkpal.ai\/bs\/nepalske-gramaticke-vezbe\/","title":{"rendered":"Nepalske gramati\u010dke ve\u017ebe"},"content":{"rendered":"\r\n\r\n\r\n<section class=\"languageChallengeSection\">\r\n    <div class=\"languageInfoWrapper\">\r\n        \r\n        <h1>Nepalske gramati\u010dke ve\u017ebe<\/h1>\r\n        <p>\u017delite li ste\u0107i ve\u0107e samopouzdanje u nepalskom? Vje\u017ebanje gramati\u010dkih vje\u017ebi odli\u010dan je na\u010din za razumijevanje re\u010deni\u010dne strukture, glagolskih oblika i jedinstvenih obrazaca jezika. Po\u010dnite raditi na nepalskoj gramatici ve\u0107 danas i gledajte kako vam vje\u0161tine i te\u010dnost rastu sa svakom vje\u017ebom!<\/p>\r\n\r\n                            <a class=\"getStartedHidden\" href=\"https:\/\/app.talkpal.ai\/signup?lng=\">Kreni<\/a>\r\n        \r\n    <\/div>\r\n\r\n    <figure>\r\n    <img decoding=\"async\" width=\"768\" height=\"768\" src=\"https:\/\/talkpal.ai\/wp-content\/uploads\/2023\/06\/nepali-768x768.png\" class=\"languageImage no-lazy\" alt=\"Practical language learning for real-life application\" fetchpriority=\"high\" sizes=\"(max-width: 768px) 150px, 768px\" srcset=\"https:\/\/talkpal.ai\/wp-content\/uploads\/2023\/06\/nepali-768x768.png 768w, https:\/\/talkpal.ai\/wp-content\/uploads\/2023\/06\/nepali-300x300.png 300w\" \/>\r\n    \r\n\r\n    <\/figure>\r\n\r\n            <a class=\"getStartedVisible\" href=\"https:\/\/app.talkpal.ai\/signup?lng=\">Kreni<\/a>\r\n    \r\n<\/section>\r\n\r\n\r\n<!-- <section class=\"grammarSection\">\r\n    <div class=\"grammarLinks\">\r\n            <\/div>\r\n<\/section> -->\r\n\r\n\r\n\r\n\r\n<section class=\"promotionalBanner\">\r\n    <p class=\"promotionalText\">Najefikasniji na\u010din za u\u010denje jezika<\/p>\r\n    <a class=\"promotionalLink\" href=\"https:\/\/app.talkpal.ai\/signup?lng=\">Isprobajte Talkpal besplatno<\/a>\r\n<\/section>\n<div class=\"wp-block-group pageContainerStyle\"><div class=\"wp-block-group__inner-container is-layout-constrained wp-block-group-is-layout-constrained\">\n<h2 class=\"wp-block-heading\" id=\"h-nepali-grammar-topics\">Nepalski Gramati\u010dke teme<\/h2>\n\n\n\n<p>U\u010denje nepalskog jezika mo\u017ee biti fascinantno i nagra\u0111ivano iskustvo za sve zainteresovane za ronjenje u bogatu kulturu i istoriju Nepala. Kao i kod svakog jezika, savladavanje nepalske gramatike je od su\u0161tinskog zna\u010daja za efikasnu komunikaciju. Ovaj \u010dlanak \u0107e vas voditi kroz nepalske gramati\u010dke teme, grupisane u nizu koji \u0107e vam olak\u0161ati putovanje u\u010denja jezika. Od napetosti do struktura re\u010denica, ovaj vodi\u010d \u0107e vam pru\u017eiti pregled va\u017enih gramati\u010dkih koncepata koji \u0107e postaviti sna\u017enu osnovu za va\u0161e nepalske jezi\u010dke ve\u0161tine.<\/p>\n\n\n\n<h3 class=\"wp-block-heading\" id=\"h-1-tenses\">1. napetosti:<\/h3>\n\n\n\n<p>Razumevanje vremena je od su\u0161tinskog zna\u010daja za u\u010denje bilo kog jezika, jer poma\u017ee u preno\u0161enju vremena akcije ili doga\u0111aja. U Nepalu postoje tri glavna vremena: pro\u0161lost, sada\u0161njost i budu\u0107nost. Svako vreme ima svoj skup pravila konjugacije glagola, sa kojima treba da se upoznate kako biste ta\u010dno opisali akcije u razli\u010ditim vremenskim okvirima.<\/p>\n\n\n\n<h3 class=\"wp-block-heading\" id=\"h-2-tense-comparison\">2. napeto pore\u0111enje:<\/h3>\n\n\n\n<p>Upore\u0111ivanje vremena u Nepalu je klju\u010dni aspekt savladavanja jezika. Ovo uklju\u010duje razumevanje kako se razli\u010dita vremena odnose jedna na drugu i kako ih koristiti u kombinaciji za jasnu komunikaciju. Ovo \u0107e vam pomo\u0107i da izbegnete konfuziju kada raspravljate o doga\u0111ajima koji se de\u0161avaju u pro\u0161losti, sada\u0161njosti ili budu\u0107nosti.<\/p>\n\n\n\n<h3 class=\"wp-block-heading\" id=\"h-3-progressive\">3. progresivno:<\/h3>\n\n\n\n<p>Progresivni aspekt u nepalskoj gramatici ukazuje na teku\u0107e akcije. U\u010denje progresivnog oblika glagola va\u017eno je za izra\u017eavanje akcija koje se trenutno de\u0161avaju ili se de\u0161avaju u odre\u0111enom trenutku. Ovo \u0107e vam pomo\u0107i da kreirate dinami\u010dnije i anga\u017eovanije razgovore u Nepalu.<\/p>\n\n\n\n<h3 class=\"wp-block-heading\" id=\"h-4-perfect-progressive\">4. savr\u0161eno progresivno:<\/h3>\n\n\n\n<p>Ovo vreme kombinuje koncepte savr\u0161enog i progresivnog vremena. Savr\u0161eno progresivno vreme se koristi za opisivanje akcije <a href=\"https:\/\/talkpal.ai\/locations\/language-courses-in-koja\/\">koja<\/a> je po\u010dela u pro\u0161losti i nastavila se sve do druge ta\u010dke u pro\u0161losti. Savladavanje ovog napetosti omogu\u0107i\u0107e vam da pru\u017eite detaljne informacije o pro\u0161lim akcijama i njihovom trajanju.<\/p>\n\n\n\n<h3 class=\"wp-block-heading\" id=\"h-5-verbs\">5. glagoli:<\/h3>\n\n\n\n<p>Glagoli su okosnica svakog jezika, a ni <a href=\"https:\/\/talkpal.ai\/learn-nepali\/\">nepalski<\/a> nije izuzetak. Da biste efikasno govorili i razumeli <a href=\"https:\/\/talkpal.ai\/learn-nepali\/\">nepalski<\/a> jezik, neophodno je nau\u010diti razli\u010dite oblike glagola, njihove konjugacije i kako oni funkcioni\u0161u u re\u010denicama.<\/p>\n\n\n\n<h3 class=\"wp-block-heading\" id=\"h-6-nouns\">6. imenice:<\/h3>\n\n\n\n<p>Sna\u017eno shvatanje nepalskih imenica je neophodno za izgradnju \u010dvrstog vokabulara. U\u010denje o uobi\u010dajenim i pravilnim imenicama, kao i prebrojivim i neprebrojivim imenicama, pomo\u0107i \u0107e vam da pravilno identifikujete i koristite ove bitne delove govora u razgovorima.<\/p>\n\n\n\n<h3 class=\"wp-block-heading\" id=\"h-7-articles\">7. \u010dlanci:<\/h3>\n\n\n\n<p>U Nepalu, \u010dlanci nisu toliko istaknuti kao na engleskom, ali je i dalje neophodno nau\u010diti njihovu upotrebu. Ovladavanje upotrebom \u010dlanaka pomo\u0107i \u0107e vam da precizno identifikujete i opi\u0161ete predmete, ljude i koncepte u svojim razgovorima.<\/p>\n\n\n\n<h3 class=\"wp-block-heading\" id=\"h-8-pronouns-determiners\">8. zamjenice\/determinatori:<\/h3>\n\n\n\n<p>Upoznavanje sa nepalskim zamenicama i determinatorima je od su\u0161tinskog zna\u010daja za jasnu i konciznu komunikaciju. Ovi delovi govora poma\u017eu da zamenite ili navedete imenice u re\u010denicama, \u010dine\u0107i va\u0161e razgovore efikasnijim i prirodnijim.<\/p>\n\n\n\n<h3 class=\"wp-block-heading\" id=\"h-9-adjectives\">9. pridjevi:<\/h3>\n\n\n\n<p>Pridjevi su neophodni za dodavanje dubine i detalja u va\u0161e nepalske razgovore. U\u010denje kako pravilno koristiti pridjeve omogu\u0107it \u0107e vam da precizno opi\u0161ete ljude, mjesta i stvari, \u010dine\u0107i va\u0161 govor privla\u010dnijim i informativnijim.<\/p>\n\n\n\n<h3 class=\"wp-block-heading\" id=\"h-10-adverbs\">10. prilozi<\/h3>\n\n\n\n<p>U Nepalu, prilozi igraju klju\u010dnu ulogu u modifikovanju glagola, prideva ili drugih priloga. Razumevanje na\u010dina kori\u0161\u0107enja priloga omogu\u0107i\u0107e vam da pru\u017eite dodatne informacije o akcijama, stanjima ili kvalitetima u svojim razgovorima.<\/p>\n\n\n\n<h3 class=\"wp-block-heading\" id=\"h-11-conditionals\">11. uslovno:<\/h3>\n\n\n\n<p>Savladavanje nepalskih uslova omogu\u0107i\u0107e vam da izrazite hipoteti\u010dke situacije i njihove posledice. Ovo je va\u017eno za stvaranje slo\u017eenih, nijansiranih rasprava u jeziku.<\/p>\n\n\n\n<h3 class=\"wp-block-heading\" id=\"h-12-prepositions\">12. prijedlozi:<\/h3>\n\n\n\n<p>Predlozi su neophodni za ozna\u010davanje odnosa izme\u0111u re\u010di u re\u010denici. U\u010denje pravilne upotrebe predloga pomo\u0107i \u0107e vam da kreirate jasne i koherentne re\u010denice u Nepalu.<\/p>\n\n\n\n<h3 class=\"wp-block-heading\" id=\"h-13-sentences\">13. re\u010denice:<\/h3>\n\n\n\n<p>Na kraju, razumevanje strukture i vrste nepalskih re\u010denica je od vitalnog zna\u010daja za efikasnu komunikaciju. Upoznajte se sa jednostavnim, slo\u017eenim i slo\u017eenim re\u010denicama i nau\u010dite kako da ih pravilno konstrui\u0161ete kako biste preneli svoje misli i ideje na jeziku.<\/p>\n<\/div><\/div>\n\r\n<section class=\"learnNavigationSection\">\r\n            \r\n        <a href=\"https:\/\/talkpal.ai\/bs\/nauci-nepalski\/\">\r\n            <div class=\"learnNavigationWrapper\">\r\n                <div class=\"learnNavigationContent\">\r\n                    <img decoding=\"async\" src=\"https:\/\/talkpal.ai\/wp-content\/uploads\/2024\/08\/Nepali.jpg\" alt=\"Nepali Flag\">\r\n                    <div>\r\n                        <h4>O nepalskom u\u010denju<\/h4>\r\n                        <p>Saznaj sve o nepalskoj gramatici.<\/p>\r\n                    <\/div>\r\n                <\/div>\r\n            <\/div>\r\n        <\/a>\r\n\r\n        \r\n        <a href=\"https:\/\/talkpal.ai\/bs\/nepalska-gramatika\/\">\r\n            <div class=\"learnNavigationWrapper\">\r\n                <div class=\"learnNavigationContent\">\r\n                    <img decoding=\"async\" src=\"https:\/\/talkpal.ai\/wp-content\/uploads\/2024\/08\/Nepali.jpg\" alt=\"Nepali Flag\">\r\n                    <div>\r\n                        <h4>Nepalske gramati\u010dke lekcije<\/h4>\r\n                        <p>Vje\u017ebajte nepalsku gramatiku.<\/p>\r\n                    <\/div>\r\n                <\/div>\r\n            <\/div>\r\n        <\/a>\r\n\r\n        \r\n        <a href=\"https:\/\/talkpal.ai\/vocabulary_language\/nepali\/\">\r\n            <div class=\"learnNavigationWrapper\">\r\n                <div class=\"learnNavigationContent\">\r\n                    <img decoding=\"async\" src=\"https:\/\/talkpal.ai\/wp-content\/uploads\/2024\/08\/Nepali.jpg\" alt=\"Nepali Flag\">\r\n                    <div>\r\n                        <h4>Nepalski vokabular<\/h4>\r\n                        <p>Pro\u0161irite svoj nepalski vokabular.<\/p>\r\n                    <\/div>\r\n                <\/div>\r\n            <\/div>\r\n        <\/a>\r\n\r\n            <\/section>","protected":false},"excerpt":{"rendered":"<p>Nepalski Gramati\u010dke teme U\u010denje nepalskog jezika mo\u017ee biti fascinantno i nagra\u0111ivano iskustvo za sve zainteresovane za ronjenje u bogatu kulturu i istoriju Nepala. Kao i kod svakog jezika, savladavanje nepalske gramatike je od su\u0161tinskog zna\u010daja za efikasnu komunikaciju. Ovaj \u010dlanak \u0107e vas voditi kroz nepalske gramati\u010dke teme, grupisane u nizu koji \u0107e vam olak\u0161ati putovanje [&hellip;]<\/p>\n","protected":false},"author":6,"featured_media":148133,"parent":0,"menu_order":0,"comment_status":"closed","ping_status":"closed","template":"LearningContentPage.php","meta":{"_acf_changed":false,"footnotes":""},"class_list":["post-158770","page","type-page","status-publish","has-post-thumbnail","hentry"],"acf":[],"yoast_head":"<!-- This site is optimized with the Yoast SEO Premium plugin v27.2 (Yoast SEO v27.2) - https:\/\/yoast.com\/product\/yoast-seo-premium-wordpress\/ -->\n<title>Nepalske gramati\u010dke ve\u017ebe - Talkpal<\/title>\n<meta name=\"description\" content=\"Savladajte nepalske gramati\u010dke vje\u017ebe za efikasnu komunikaciju. Istra\u017eite glagomska vremena i re\u010deni\u010dne strukture za te\u010dnost jezika.\" \/>\n<meta name=\"robots\" content=\"index, follow, max-snippet:-1, max-image-preview:large, max-video-preview:-1\" \/>\n<link rel=\"canonical\" href=\"https:\/\/talkpal.ai\/bs\/nepalske-gramaticke-vezbe\/\" \/>\n<meta property=\"og:locale\" content=\"bs_BA\" \/>\n<meta property=\"og:type\" content=\"article\" \/>\n<meta property=\"og:title\" content=\"Nepalske gramati\u010dke ve\u017ebe\" \/>\n<meta property=\"og:description\" content=\"Nepalski Gramati\u010dke teme U\u010denje nepalskog jezika mo\u017ee biti fascinantno i nagra\u0111ivano iskustvo za sve zainteresovane za ronjenje u bogatu kulturu i\" \/>\n<meta property=\"og:url\" content=\"https:\/\/talkpal.ai\/bs\/nepalske-gramaticke-vezbe\/\" \/>\n<meta property=\"og:site_name\" content=\"Talkpal\" \/>\n<meta property=\"article:publisher\" content=\"https:\/\/www.facebook.com\/profile.php?id=100090733639311\" \/>\n<meta property=\"article:modified_time\" content=\"2025-12-17T14:37:11+00:00\" \/>\n<meta property=\"og:image\" content=\"https:\/\/talkpal.ai\/wp-content\/uploads\/2023\/05\/nepal.png\" \/>\n\t<meta property=\"og:image:width\" content=\"512\" \/>\n\t<meta property=\"og:image:height\" content=\"512\" \/>\n\t<meta property=\"og:image:type\" content=\"image\/png\" \/>\n<meta name=\"twitter:card\" content=\"summary_large_image\" \/>\n<meta name=\"twitter:site\" content=\"@talkpalai\" \/>\n<meta name=\"twitter:label1\" content=\"Est. reading time\" \/>\n\t<meta name=\"twitter:data1\" content=\"3 minute\" \/>\n<script type=\"application\/ld+json\" class=\"yoast-schema-graph\">{\"@context\":\"https:\/\/schema.org\",\"@graph\":[{\"@type\":\"WebPage\",\"@id\":\"https:\/\/talkpal.ai\/bs\/nepalske-gramaticke-vezbe\/\",\"url\":\"https:\/\/talkpal.ai\/bs\/nepalske-gramaticke-vezbe\/\",\"name\":\"Nepalske gramati\u010dke ve\u017ebe - Talkpal\",\"isPartOf\":{\"@id\":\"https:\/\/talkpal.ai\/bs\/#website\"},\"primaryImageOfPage\":{\"@id\":\"https:\/\/talkpal.ai\/bs\/nepalske-gramaticke-vezbe\/#primaryimage\"},\"image\":{\"@id\":\"https:\/\/talkpal.ai\/bs\/nepalske-gramaticke-vezbe\/#primaryimage\"},\"thumbnailUrl\":\"https:\/\/talkpal.ai\/wp-content\/uploads\/2023\/05\/nepal.png\",\"datePublished\":\"2023-06-22T08:52:21+00:00\",\"dateModified\":\"2025-12-17T14:37:11+00:00\",\"description\":\"Savladajte nepalske gramati\u010dke vje\u017ebe za efikasnu komunikaciju. Istra\u017eite glagomska vremena i re\u010deni\u010dne strukture za te\u010dnost jezika.\",\"breadcrumb\":{\"@id\":\"https:\/\/talkpal.ai\/bs\/nepalske-gramaticke-vezbe\/#breadcrumb\"},\"inLanguage\":\"bs-BA\",\"potentialAction\":[{\"@type\":\"ReadAction\",\"target\":[\"https:\/\/talkpal.ai\/bs\/nepalske-gramaticke-vezbe\/\"]}]},{\"@type\":\"ImageObject\",\"inLanguage\":\"bs-BA\",\"@id\":\"https:\/\/talkpal.ai\/bs\/nepalske-gramaticke-vezbe\/#primaryimage\",\"url\":\"https:\/\/talkpal.ai\/wp-content\/uploads\/2023\/05\/nepal.png\",\"contentUrl\":\"https:\/\/talkpal.ai\/wp-content\/uploads\/2023\/05\/nepal.png\",\"width\":512,\"height\":512},{\"@type\":\"BreadcrumbList\",\"@id\":\"https:\/\/talkpal.ai\/bs\/nepalske-gramaticke-vezbe\/#breadcrumb\",\"itemListElement\":[{\"@type\":\"ListItem\",\"position\":1,\"name\":\"Homepage\",\"item\":\"https:\/\/talkpal.ai\/bs\/\"},{\"@type\":\"ListItem\",\"position\":2,\"name\":\"Nepalske gramati\u010dke ve\u017ebe\"}]},{\"@type\":\"WebSite\",\"@id\":\"https:\/\/talkpal.ai\/bs\/#website\",\"url\":\"https:\/\/talkpal.ai\/bs\/\",\"name\":\"Talkpal\",\"description\":\"AI Language Learning\",\"publisher\":{\"@id\":\"https:\/\/talkpal.ai\/bs\/#organization\"},\"alternateName\":\"Talkpal AI\",\"potentialAction\":[{\"@type\":\"SearchAction\",\"target\":{\"@type\":\"EntryPoint\",\"urlTemplate\":\"https:\/\/talkpal.ai\/bs\/?s={search_term_string}\"},\"query-input\":{\"@type\":\"PropertyValueSpecification\",\"valueRequired\":true,\"valueName\":\"search_term_string\"}}],\"inLanguage\":\"bs-BA\"},{\"@type\":\"Organization\",\"@id\":\"https:\/\/talkpal.ai\/bs\/#organization\",\"name\":\"Talkpal, Inc.\",\"alternateName\":\"Talkpal AI\",\"url\":\"https:\/\/talkpal.ai\/bs\/\",\"logo\":{\"@type\":\"ImageObject\",\"inLanguage\":\"bs-BA\",\"@id\":\"https:\/\/talkpal.ai\/bs\/#\/schema\/logo\/image\/\",\"url\":\"https:\/\/talkpal.ai\/wp-content\/uploads\/2024\/03\/Talkpal-Logo-Icon.png\",\"contentUrl\":\"https:\/\/talkpal.ai\/wp-content\/uploads\/2024\/03\/Talkpal-Logo-Icon.png\",\"width\":2880,\"height\":2880,\"caption\":\"Talkpal, Inc.\"},\"image\":{\"@id\":\"https:\/\/talkpal.ai\/bs\/#\/schema\/logo\/image\/\"},\"sameAs\":[\"https:\/\/www.facebook.com\/profile.php?id=100090733639311\",\"https:\/\/x.com\/talkpalai\",\"https:\/\/www.linkedin.com\/company\/talkpal\/\",\"https:\/\/www.youtube.com\/@TalkPal\/\",\"https:\/\/www.tiktok.com\/@talkpal\",\"https:\/\/www.instagram.com\/talkpal_ai\/\",\"https:\/\/www.crunchbase.com\/organization\/talkpal-9cde\",\"https:\/\/www.g2.com\/products\/talkpal-for-business\/\",\"https:\/\/www.trustpilot.com\/review\/talkpal.ai\",\"https:\/\/www.capterra.com\/p\/10006800\/TalkPal\/\"],\"description\":\"Talkpal is a language learning web and mobile education app, powered by the latest AI technologies, that provides engaging experiences to its customers in many different languages to help them improve their language skills. Users can chat about unlimited amount of topics with the app and use other modes to practice their language learning.\",\"email\":\"support@talkpal.ai\",\"legalName\":\"Talkpal, Inc.\",\"foundingDate\":\"2023-04-03\",\"duns\":\"118989042\",\"numberOfEmployees\":{\"@type\":\"QuantitativeValue\",\"minValue\":\"11\",\"maxValue\":\"50\"},\"publishingPrinciples\":\"https:\/\/talkpal.ai\/publishing-principles\/\",\"actionableFeedbackPolicy\":\"https:\/\/talkpal.ai\/actionable-feedback-policy\/\",\"correctionsPolicy\":\"https:\/\/talkpal.ai\/corrections-policy\/\",\"ethicsPolicy\":\"https:\/\/talkpal.ai\/ethics-policy\/\",\"diversityPolicy\":\"https:\/\/talkpal.ai\/diversity-policy\/\",\"diversityStaffingReport\":\"https:\/\/talkpal.ai\/diversity-policy\/\"}]}<\/script>\n<!-- \/ Yoast SEO Premium plugin. -->","yoast_head_json":{"title":"Nepalske gramati\u010dke ve\u017ebe - Talkpal","description":"Savladajte nepalske gramati\u010dke vje\u017ebe za efikasnu komunikaciju. Istra\u017eite glagomska vremena i re\u010deni\u010dne strukture za te\u010dnost jezika.","robots":{"index":"index","follow":"follow","max-snippet":"max-snippet:-1","max-image-preview":"max-image-preview:large","max-video-preview":"max-video-preview:-1"},"canonical":"https:\/\/talkpal.ai\/bs\/nepalske-gramaticke-vezbe\/","og_locale":"bs_BA","og_type":"article","og_title":"Nepalske gramati\u010dke ve\u017ebe","og_description":"Nepalski Gramati\u010dke teme U\u010denje nepalskog jezika mo\u017ee biti fascinantno i nagra\u0111ivano iskustvo za sve zainteresovane za ronjenje u bogatu kulturu i","og_url":"https:\/\/talkpal.ai\/bs\/nepalske-gramaticke-vezbe\/","og_site_name":"Talkpal","article_publisher":"https:\/\/www.facebook.com\/profile.php?id=100090733639311","article_modified_time":"2025-12-17T14:37:11+00:00","og_image":[{"width":512,"height":512,"url":"https:\/\/talkpal.ai\/wp-content\/uploads\/2023\/05\/nepal.png","type":"image\/png"}],"twitter_card":"summary_large_image","twitter_site":"@talkpalai","twitter_misc":{"Est. reading time":"3 minute"},"schema":{"@context":"https:\/\/schema.org","@graph":[{"@type":"WebPage","@id":"https:\/\/talkpal.ai\/bs\/nepalske-gramaticke-vezbe\/","url":"https:\/\/talkpal.ai\/bs\/nepalske-gramaticke-vezbe\/","name":"Nepalske gramati\u010dke ve\u017ebe - Talkpal","isPartOf":{"@id":"https:\/\/talkpal.ai\/bs\/#website"},"primaryImageOfPage":{"@id":"https:\/\/talkpal.ai\/bs\/nepalske-gramaticke-vezbe\/#primaryimage"},"image":{"@id":"https:\/\/talkpal.ai\/bs\/nepalske-gramaticke-vezbe\/#primaryimage"},"thumbnailUrl":"https:\/\/talkpal.ai\/wp-content\/uploads\/2023\/05\/nepal.png","datePublished":"2023-06-22T08:52:21+00:00","dateModified":"2025-12-17T14:37:11+00:00","description":"Savladajte nepalske gramati\u010dke vje\u017ebe za efikasnu komunikaciju. Istra\u017eite glagomska vremena i re\u010deni\u010dne strukture za te\u010dnost jezika.","breadcrumb":{"@id":"https:\/\/talkpal.ai\/bs\/nepalske-gramaticke-vezbe\/#breadcrumb"},"inLanguage":"bs-BA","potentialAction":[{"@type":"ReadAction","target":["https:\/\/talkpal.ai\/bs\/nepalske-gramaticke-vezbe\/"]}]},{"@type":"ImageObject","inLanguage":"bs-BA","@id":"https:\/\/talkpal.ai\/bs\/nepalske-gramaticke-vezbe\/#primaryimage","url":"https:\/\/talkpal.ai\/wp-content\/uploads\/2023\/05\/nepal.png","contentUrl":"https:\/\/talkpal.ai\/wp-content\/uploads\/2023\/05\/nepal.png","width":512,"height":512},{"@type":"BreadcrumbList","@id":"https:\/\/talkpal.ai\/bs\/nepalske-gramaticke-vezbe\/#breadcrumb","itemListElement":[{"@type":"ListItem","position":1,"name":"Homepage","item":"https:\/\/talkpal.ai\/bs\/"},{"@type":"ListItem","position":2,"name":"Nepalske gramati\u010dke ve\u017ebe"}]},{"@type":"WebSite","@id":"https:\/\/talkpal.ai\/bs\/#website","url":"https:\/\/talkpal.ai\/bs\/","name":"Talkpal","description":"AI Language Learning","publisher":{"@id":"https:\/\/talkpal.ai\/bs\/#organization"},"alternateName":"Talkpal AI","potentialAction":[{"@type":"SearchAction","target":{"@type":"EntryPoint","urlTemplate":"https:\/\/talkpal.ai\/bs\/?s={search_term_string}"},"query-input":{"@type":"PropertyValueSpecification","valueRequired":true,"valueName":"search_term_string"}}],"inLanguage":"bs-BA"},{"@type":"Organization","@id":"https:\/\/talkpal.ai\/bs\/#organization","name":"Talkpal, Inc.","alternateName":"Talkpal AI","url":"https:\/\/talkpal.ai\/bs\/","logo":{"@type":"ImageObject","inLanguage":"bs-BA","@id":"https:\/\/talkpal.ai\/bs\/#\/schema\/logo\/image\/","url":"https:\/\/talkpal.ai\/wp-content\/uploads\/2024\/03\/Talkpal-Logo-Icon.png","contentUrl":"https:\/\/talkpal.ai\/wp-content\/uploads\/2024\/03\/Talkpal-Logo-Icon.png","width":2880,"height":2880,"caption":"Talkpal, Inc."},"image":{"@id":"https:\/\/talkpal.ai\/bs\/#\/schema\/logo\/image\/"},"sameAs":["https:\/\/www.facebook.com\/profile.php?id=100090733639311","https:\/\/x.com\/talkpalai","https:\/\/www.linkedin.com\/company\/talkpal\/","https:\/\/www.youtube.com\/@TalkPal\/","https:\/\/www.tiktok.com\/@talkpal","https:\/\/www.instagram.com\/talkpal_ai\/","https:\/\/www.crunchbase.com\/organization\/talkpal-9cde","https:\/\/www.g2.com\/products\/talkpal-for-business\/","https:\/\/www.trustpilot.com\/review\/talkpal.ai","https:\/\/www.capterra.com\/p\/10006800\/TalkPal\/"],"description":"Talkpal is a language learning web and mobile education app, powered by the latest AI technologies, that provides engaging experiences to its customers in many different languages to help them improve their language skills. Users can chat about unlimited amount of topics with the app and use other modes to practice their language learning.","email":"support@talkpal.ai","legalName":"Talkpal, Inc.","foundingDate":"2023-04-03","duns":"118989042","numberOfEmployees":{"@type":"QuantitativeValue","minValue":"11","maxValue":"50"},"publishingPrinciples":"https:\/\/talkpal.ai\/publishing-principles\/","actionableFeedbackPolicy":"https:\/\/talkpal.ai\/actionable-feedback-policy\/","correctionsPolicy":"https:\/\/talkpal.ai\/corrections-policy\/","ethicsPolicy":"https:\/\/talkpal.ai\/ethics-policy\/","diversityPolicy":"https:\/\/talkpal.ai\/diversity-policy\/","diversityStaffingReport":"https:\/\/talkpal.ai\/diversity-policy\/"}]}},"_links":{"self":[{"href":"https:\/\/talkpal.ai\/bs\/wp-json\/wp\/v2\/pages\/158770","targetHints":{"allow":["GET"]}}],"collection":[{"href":"https:\/\/talkpal.ai\/bs\/wp-json\/wp\/v2\/pages"}],"about":[{"href":"https:\/\/talkpal.ai\/bs\/wp-json\/wp\/v2\/types\/page"}],"author":[{"embeddable":true,"href":"https:\/\/talkpal.ai\/bs\/wp-json\/wp\/v2\/users\/6"}],"replies":[{"embeddable":true,"href":"https:\/\/talkpal.ai\/bs\/wp-json\/wp\/v2\/comments?post=158770"}],"version-history":[{"count":0,"href":"https:\/\/talkpal.ai\/bs\/wp-json\/wp\/v2\/pages\/158770\/revisions"}],"wp:featuredmedia":[{"embeddable":true,"href":"https:\/\/talkpal.ai\/bs\/wp-json\/wp\/v2\/media\/148133"}],"wp:attachment":[{"href":"https:\/\/talkpal.ai\/bs\/wp-json\/wp\/v2\/media?parent=158770"}],"curies":[{"name":"wp","href":"https:\/\/api.w.org\/{rel}","templated":true}]}}