{"id":158472,"date":"2023-06-27T08:41:59","date_gmt":"2023-06-27T08:41:59","guid":{"rendered":"http:\/\/talkpal.ai\/norveske-gramaticke-vezbe\/"},"modified":"2025-12-17T14:39:16","modified_gmt":"2025-12-17T14:39:16","slug":"norveske-gramaticke-vezbe","status":"publish","type":"page","link":"https:\/\/talkpal.ai\/bs\/norveske-gramaticke-vezbe\/","title":{"rendered":"Norve\u0161ke gramati\u010dke ve\u017ebe"},"content":{"rendered":"\r\n\r\n\r\n<section class=\"languageChallengeSection\">\r\n    <div class=\"languageInfoWrapper\">\r\n        \r\n        <h1>Norve\u0161ke gramati\u010dke ve\u017ebe<\/h1>\r\n        <p>\u017delite li ste\u0107i ve\u0107e samopouzdanje u norve\u0161kom jeziku? Vje\u017ebanje gramati\u010dkih vje\u017ebi odli\u010dan je na\u010din za savladavanje re\u010deni\u010dne strukture, glagolskih oblika i jedinstvenih obrazaca norve\u0161kog jezika. Po\u010dnite raditi na norve\u0161koj gramatici ve\u0107 danas i gledajte kako vam vje\u0161tine i te\u010dnost rastu sa svakom vje\u017ebom!\n\n<\/p>\r\n\r\n                            <a class=\"getStartedHidden\" href=\"https:\/\/app.talkpal.ai\/signup?lng=\">Kreni<\/a>\r\n        \r\n    <\/div>\r\n\r\n    <figure>\r\n    <img decoding=\"async\" width=\"768\" height=\"768\" src=\"https:\/\/talkpal.ai\/wp-content\/uploads\/2023\/06\/norwegian-768x768.png\" class=\"languageImage no-lazy\" alt=\"Language learning for extensive vocabulary\" fetchpriority=\"high\" sizes=\"(max-width: 768px) 150px, 768px\" srcset=\"https:\/\/talkpal.ai\/wp-content\/uploads\/2023\/06\/norwegian-768x768.png 768w, https:\/\/talkpal.ai\/wp-content\/uploads\/2023\/06\/norwegian-300x300.png 300w\" \/>\r\n    \r\n\r\n    <\/figure>\r\n\r\n            <a class=\"getStartedVisible\" href=\"https:\/\/app.talkpal.ai\/signup?lng=\">Kreni<\/a>\r\n    \r\n<\/section>\r\n\r\n\r\n<!-- <section class=\"grammarSection\">\r\n    <div class=\"grammarLinks\">\r\n            <\/div>\r\n<\/section> -->\r\n\r\n\r\n\r\n\r\n<section class=\"promotionalBanner\">\r\n    <p class=\"promotionalText\">Najefikasniji na\u010din za u\u010denje jezika<\/p>\r\n    <a class=\"promotionalLink\" href=\"https:\/\/app.talkpal.ai\/signup?lng=\">Isprobajte Talkpal besplatno<\/a>\r\n<\/section>\n<div class=\"wp-block-group pageContainerStyle\"><div class=\"wp-block-group__inner-container is-layout-constrained wp-block-group-is-layout-constrained\">\n<h2 class=\"wp-block-heading\" id=\"h-norwegian-grammar-topics\">Norve\u0161ke gramati\u010dke teme<\/h2>\n\n\n\n<p>U\u010denje norve\u0161kog jezika mo\u017ee biti uzbudljivo i nagra\u0111uju\u0107e iskustvo, jer otvara vrata bogatoj kulturnoj istoriji, zadivljuju\u0107im pejza\u017eima i jedinstvenom na\u010dinu \u017eivota u Norve\u0161koj. Kao sjevernogermanski jezik, <a href=\"https:\/\/talkpal.ai\/learn-norwegian\/\">norve\u0161ki<\/a> dijeli mnoge sli\u010dnosti sa susjednim jezicima, \u0161vedskim i danskim. Me\u0111utim, mo\u017ee se pohvaliti vlastitom posebnom gramatikom, izgovorom i rje\u010dnikom. Da biste se uhvatili u ko\u0161tac s ovim prekrasnim jezikom, neophodno je razumjeti norve\u0161ku gramatiku i njene razli\u010dite komponente. U ovom vodi\u010du \u0107emo istra\u017eiti klju\u010dne aspekte norve\u0161ke gramatike, uklju\u010duju\u0107i vremena, glagole, imenice, \u010dlanke, zamjenice, pridjeve, priloge, kondicionale, prijedloge i re\u010denice, kako bismo vam pomogli da izgradite sna\u017enu osnovu za va\u0161e putovanje u\u010denja jezika.<\/p>\n\n\n\n<h3 class=\"wp-block-heading\" id=\"h-1-tenses\">1. napetosti:<\/h3>\n\n\n\n<p>Kao polazna ta\u010dka, fokusirajte se na razumevanje norve\u0161kog vremena. Norve\u0161ka ima tri glavna vremena: sada\u0161njost, pro\u0161lost i budu\u0107nost, <a href=\"https:\/\/talkpal.ai\/locations\/language-courses-in-koja\/\">koja<\/a> su klju\u010dna za izra\u017eavanje akcija i doga\u0111aja u razli\u010ditim ta\u010dkama u vremenu. Upoznajte se sa na\u010dinom na koji su glagoli konjugovani i kako se menjaju u razli\u010ditim vremenima.<\/p>\n\n\n\n<h3 class=\"wp-block-heading\" id=\"h-2-tense-comparison\">2. napeto pore\u0111enje:<\/h3>\n\n\n\n<p>Kada se uhvatite za osnovna vremena, istra\u017eite kako se one upore\u0111uju i kontrastiraju jedna sa drugom. Ovo \u045be vam pomo\u045bi da razumete znachenje nijanse i poboljshate svo\u0458e veshtine razumevanja i komunikatsi\u0458e.<\/p>\n\n\n\n<h3 class=\"wp-block-heading\" id=\"h-3-verbs\">3. glagoli:<\/h3>\n\n\n\n<p><a href=\"https:\/\/talkpal.ai\/learn-norwegian\/\">Norve\u0161ki<\/a> glagoli su od vitalnog zna\u010daja za izgradnju re\u010denica i preno\u0161enje zna\u010denja. Saznajte vi\u0161e o razli\u010ditim vrstama glagola i kako oni komuniciraju sa subjektima i objektima u re\u010denici. Pored toga, razumete koncept modalnih glagola i kako oni izra\u017eavaju neophodnost, mogu\u0107nost i obavezu.<\/p>\n\n\n\n<h3 class=\"wp-block-heading\" id=\"h-4-nouns\">4. imenice:<\/h3>\n\n\n\n<p>Norve\u0161ke imenice se klasifikuju u tri pola: mu\u0161ki, \u017eenski i kauterski. Ovo uti\u010de na na\u010din na koji se \u010dlanci, pridjevi i zamjenice koriste s njima. Nau\u010dite pravila za formiranje mno\u017eine i odre\u0111ene i neodre\u0111ene oblike imenica.<\/p>\n\n\n\n<h3 class=\"wp-block-heading\" id=\"h-5-articles\">5. \u010dlanci:<\/h3>\n\n\n\n<p>\u010clanci su kratke rije\u010di koje prate imenice i ozna\u010davaju njihov spol i broj. Norve\u0161ki ima definitivne i neodre\u0111ene \u010dlanke, koji su klju\u010dni za pravilno formiranje re\u010denica.<\/p>\n\n\n\n<h3 class=\"wp-block-heading\" id=\"h-6-pronouns-determiners\">6. zamjenice\/determinatori:<\/h3>\n\n\n\n<p>Ove rije\u010di zamjenjuju ili mijenjaju imenice, a moraju se slo\u017eiti u spolu i broju s imenicom na koju se odnose. Prouchava\u0458te razlichite vrste zamenica i determinatora, ukljuchu\u0458u\u045bi lichne, posesivne, demonstrativne i relativne zamenice.<\/p>\n\n\n\n<h3 class=\"wp-block-heading\" id=\"h-7-adjectives\">7. pridjevi:<\/h3>\n\n\n\n<p>Pridjevi opisuju ili mijenjaju imenice i zamjenice. Nau\u010dite kako pravilno koristiti pridjeve razumijevanjem njihovih pravila dogovora s spolom i brojem imenica koje mijenjaju.<\/p>\n\n\n\n<h3 class=\"wp-block-heading\" id=\"h-8-adverbs\">8. prilozi:<\/h3>\n\n\n\n<p>Prilozi modifikuju glagole, pridjeve ili druge priloge, pru\u017eaju\u0107i dodatne informacije o radnjama ili kvalitetima. Nau\u010dite razli\u010dite vrste priloga i kako ih efikasno koristiti u svojim re\u010denicama.<\/p>\n\n\n\n<h3 class=\"wp-block-heading\" id=\"h-9-conditionals\">9. uslovno:<\/h3>\n\n\n\n<p>Kondicionali se koriste za izra\u017eavanje hipoteti\u010dkih situacija i njihovih posljedica. Prou\u010dite razli\u010dite vrste kondicionala i kako ih formirati koriste\u0107i ispravne glagolske oblike i veznike.<\/p>\n\n\n\n<h3 class=\"wp-block-heading\" id=\"h-10-prepositions\">10. prijedlozi:<\/h3>\n\n\n\n<p>Predlozi su kratke re\u010di koje ukazuju na odnose izme\u0111u imenica, zamenica i drugih re\u010di u re\u010denici. Ovladavanje upotrebom predloga je klju\u010dno za razumevanje i formiranje ta\u010dnih re\u010denica na norve\u0161kom jeziku.<\/p>\n\n\n\n<h3 class=\"wp-block-heading\" id=\"h-11-sentences\">11. re\u010denice:<\/h3>\n\n\n\n<p>Na kraju, ve\u017ebajte konstrukciju re\u010denica na norve\u0161kom jeziku kombinovanjem va\u0161eg znanja o glagolima, imenicama, \u010dlancima, zamenicama, pridevima, prilozima, uslovljavanjima i predlozima. Eksperimenti\u0161ite sa razli\u010ditim strukturama re\u010denica i praksom formiranja pitanja, izjava i komandi kako biste postali ve\u0161ti u jeziku.<\/p>\n<\/div><\/div>\n\r\n<section class=\"learnNavigationSection\">\r\n            \r\n        <a href=\"https:\/\/talkpal.ai\/bs\/nauci-norveski\/\">\r\n            <div class=\"learnNavigationWrapper\">\r\n                <div class=\"learnNavigationContent\">\r\n                    <img decoding=\"async\" src=\"https:\/\/talkpal.ai\/wp-content\/uploads\/2024\/08\/Norwegian.jpg\" alt=\"Norwegian Flag\">\r\n                    <div>\r\n                        <h4>O u\u010denju norve\u0161kog<\/h4>\r\n                        <p>Saznaj sve o norve\u0161koj gramatici.<\/p>\r\n                    <\/div>\r\n                <\/div>\r\n            <\/div>\r\n        <\/a>\r\n\r\n        \r\n        <a href=\"https:\/\/talkpal.ai\/bs\/norveska-gramatika\/\">\r\n            <div class=\"learnNavigationWrapper\">\r\n                <div class=\"learnNavigationContent\">\r\n                    <img decoding=\"async\" src=\"https:\/\/talkpal.ai\/wp-content\/uploads\/2024\/08\/Norwegian.jpg\" alt=\"Norwegian Flag\">\r\n                    <div>\r\n                        <h4>Lekcije norve\u0161ke gramatike<\/h4>\r\n                        <p>Norve\u0161ka gramatika.<\/p>\r\n                    <\/div>\r\n                <\/div>\r\n            <\/div>\r\n        <\/a>\r\n\r\n        \r\n        <a href=\"https:\/\/talkpal.ai\/vocabulary_language\/norwegian\/\">\r\n            <div class=\"learnNavigationWrapper\">\r\n                <div class=\"learnNavigationContent\">\r\n                    <img decoding=\"async\" src=\"https:\/\/talkpal.ai\/wp-content\/uploads\/2024\/08\/Norwegian.jpg\" alt=\"Norwegian Flag\">\r\n                    <div>\r\n                        <h4>Norwegian Vocabulary<\/h4>\r\n                        <p>Pro\u0161irite svoj norve\u0161ki vokabular.<\/p>\r\n                    <\/div>\r\n                <\/div>\r\n            <\/div>\r\n        <\/a>\r\n\r\n            <\/section>","protected":false},"excerpt":{"rendered":"<p>Norve\u0161ke gramati\u010dke teme U\u010denje norve\u0161kog jezika mo\u017ee biti uzbudljivo i nagra\u0111uju\u0107e iskustvo, jer otvara vrata bogatoj kulturnoj istoriji, zadivljuju\u0107im pejza\u017eima i jedinstvenom na\u010dinu \u017eivota u Norve\u0161koj. Kao sjevernogermanski jezik, norve\u0161ki dijeli mnoge sli\u010dnosti sa susjednim jezicima, \u0161vedskim i danskim. Me\u0111utim, mo\u017ee se pohvaliti vlastitom posebnom gramatikom, izgovorom i rje\u010dnikom. Da biste se uhvatili u ko\u0161tac [&hellip;]<\/p>\n","protected":false},"author":6,"featured_media":116906,"parent":0,"menu_order":0,"comment_status":"closed","ping_status":"closed","template":"LearningContentPage.php","meta":{"_acf_changed":false,"footnotes":""},"class_list":["post-158472","page","type-page","status-publish","has-post-thumbnail","hentry"],"acf":[],"yoast_head":"<!-- This site is optimized with the Yoast SEO Premium plugin v27.2 (Yoast SEO v27.2) - https:\/\/yoast.com\/product\/yoast-seo-premium-wordpress\/ -->\n<title>Norve\u0161ke gramati\u010dke ve\u017ebe - Talkpal<\/title>\n<meta name=\"description\" content=\"Unaprijedite svoje vje\u0161tine uz zanimljive vje\u017ebe iz norve\u0161ke gramatike. Idealno za u\u010denike svih nivoa za efikasno vje\u017ebanje.\" \/>\n<meta name=\"robots\" content=\"index, follow, max-snippet:-1, max-image-preview:large, max-video-preview:-1\" \/>\n<link rel=\"canonical\" href=\"https:\/\/talkpal.ai\/bs\/norveske-gramaticke-vezbe\/\" \/>\n<meta property=\"og:locale\" content=\"bs_BA\" \/>\n<meta property=\"og:type\" content=\"article\" \/>\n<meta property=\"og:title\" content=\"Norve\u0161ke gramati\u010dke ve\u017ebe\" \/>\n<meta property=\"og:description\" content=\"Norve\u0161ke gramati\u010dke teme U\u010denje norve\u0161kog jezika mo\u017ee biti uzbudljivo i nagra\u0111uju\u0107e iskustvo, jer otvara vrata bogatoj kulturnoj istoriji, zadivljuju\u0107im\" \/>\n<meta property=\"og:url\" content=\"https:\/\/talkpal.ai\/bs\/norveske-gramaticke-vezbe\/\" \/>\n<meta property=\"og:site_name\" content=\"Talkpal\" \/>\n<meta property=\"article:publisher\" content=\"https:\/\/www.facebook.com\/profile.php?id=100090733639311\" \/>\n<meta property=\"article:modified_time\" content=\"2025-12-17T14:39:16+00:00\" \/>\n<meta property=\"og:image\" content=\"https:\/\/talkpal.ai\/wp-content\/uploads\/2023\/05\/norway.png\" \/>\n\t<meta property=\"og:image:width\" content=\"512\" \/>\n\t<meta property=\"og:image:height\" content=\"512\" \/>\n\t<meta property=\"og:image:type\" content=\"image\/png\" \/>\n<meta name=\"twitter:card\" content=\"summary_large_image\" \/>\n<meta name=\"twitter:site\" content=\"@talkpalai\" \/>\n<meta name=\"twitter:label1\" content=\"Est. reading time\" \/>\n\t<meta name=\"twitter:data1\" content=\"3 minute\" \/>\n<script type=\"application\/ld+json\" class=\"yoast-schema-graph\">{\"@context\":\"https:\/\/schema.org\",\"@graph\":[{\"@type\":\"WebPage\",\"@id\":\"https:\/\/talkpal.ai\/bs\/norveske-gramaticke-vezbe\/\",\"url\":\"https:\/\/talkpal.ai\/bs\/norveske-gramaticke-vezbe\/\",\"name\":\"Norve\u0161ke gramati\u010dke ve\u017ebe - Talkpal\",\"isPartOf\":{\"@id\":\"https:\/\/talkpal.ai\/bs\/#website\"},\"primaryImageOfPage\":{\"@id\":\"https:\/\/talkpal.ai\/bs\/norveske-gramaticke-vezbe\/#primaryimage\"},\"image\":{\"@id\":\"https:\/\/talkpal.ai\/bs\/norveske-gramaticke-vezbe\/#primaryimage\"},\"thumbnailUrl\":\"https:\/\/talkpal.ai\/wp-content\/uploads\/2023\/05\/norway.png\",\"datePublished\":\"2023-06-27T08:41:59+00:00\",\"dateModified\":\"2025-12-17T14:39:16+00:00\",\"description\":\"Unaprijedite svoje vje\u0161tine uz zanimljive vje\u017ebe iz norve\u0161ke gramatike. Idealno za u\u010denike svih nivoa za efikasno vje\u017ebanje.\",\"breadcrumb\":{\"@id\":\"https:\/\/talkpal.ai\/bs\/norveske-gramaticke-vezbe\/#breadcrumb\"},\"inLanguage\":\"bs-BA\",\"potentialAction\":[{\"@type\":\"ReadAction\",\"target\":[\"https:\/\/talkpal.ai\/bs\/norveske-gramaticke-vezbe\/\"]}]},{\"@type\":\"ImageObject\",\"inLanguage\":\"bs-BA\",\"@id\":\"https:\/\/talkpal.ai\/bs\/norveske-gramaticke-vezbe\/#primaryimage\",\"url\":\"https:\/\/talkpal.ai\/wp-content\/uploads\/2023\/05\/norway.png\",\"contentUrl\":\"https:\/\/talkpal.ai\/wp-content\/uploads\/2023\/05\/norway.png\",\"width\":512,\"height\":512},{\"@type\":\"BreadcrumbList\",\"@id\":\"https:\/\/talkpal.ai\/bs\/norveske-gramaticke-vezbe\/#breadcrumb\",\"itemListElement\":[{\"@type\":\"ListItem\",\"position\":1,\"name\":\"Homepage\",\"item\":\"https:\/\/talkpal.ai\/bs\/\"},{\"@type\":\"ListItem\",\"position\":2,\"name\":\"Norve\u0161ke gramati\u010dke ve\u017ebe\"}]},{\"@type\":\"WebSite\",\"@id\":\"https:\/\/talkpal.ai\/bs\/#website\",\"url\":\"https:\/\/talkpal.ai\/bs\/\",\"name\":\"Talkpal\",\"description\":\"AI Language Learning\",\"publisher\":{\"@id\":\"https:\/\/talkpal.ai\/bs\/#organization\"},\"alternateName\":\"Talkpal AI\",\"potentialAction\":[{\"@type\":\"SearchAction\",\"target\":{\"@type\":\"EntryPoint\",\"urlTemplate\":\"https:\/\/talkpal.ai\/bs\/?s={search_term_string}\"},\"query-input\":{\"@type\":\"PropertyValueSpecification\",\"valueRequired\":true,\"valueName\":\"search_term_string\"}}],\"inLanguage\":\"bs-BA\"},{\"@type\":\"Organization\",\"@id\":\"https:\/\/talkpal.ai\/bs\/#organization\",\"name\":\"Talkpal, Inc.\",\"alternateName\":\"Talkpal AI\",\"url\":\"https:\/\/talkpal.ai\/bs\/\",\"logo\":{\"@type\":\"ImageObject\",\"inLanguage\":\"bs-BA\",\"@id\":\"https:\/\/talkpal.ai\/bs\/#\/schema\/logo\/image\/\",\"url\":\"https:\/\/talkpal.ai\/wp-content\/uploads\/2024\/03\/Talkpal-Logo-Icon.png\",\"contentUrl\":\"https:\/\/talkpal.ai\/wp-content\/uploads\/2024\/03\/Talkpal-Logo-Icon.png\",\"width\":2880,\"height\":2880,\"caption\":\"Talkpal, Inc.\"},\"image\":{\"@id\":\"https:\/\/talkpal.ai\/bs\/#\/schema\/logo\/image\/\"},\"sameAs\":[\"https:\/\/www.facebook.com\/profile.php?id=100090733639311\",\"https:\/\/x.com\/talkpalai\",\"https:\/\/www.linkedin.com\/company\/talkpal\/\",\"https:\/\/www.youtube.com\/@TalkPal\/\",\"https:\/\/www.tiktok.com\/@talkpal\",\"https:\/\/www.instagram.com\/talkpal_ai\/\",\"https:\/\/www.crunchbase.com\/organization\/talkpal-9cde\",\"https:\/\/www.g2.com\/products\/talkpal-for-business\/\",\"https:\/\/www.trustpilot.com\/review\/talkpal.ai\",\"https:\/\/www.capterra.com\/p\/10006800\/TalkPal\/\"],\"description\":\"Talkpal is a language learning web and mobile education app, powered by the latest AI technologies, that provides engaging experiences to its customers in many different languages to help them improve their language skills. Users can chat about unlimited amount of topics with the app and use other modes to practice their language learning.\",\"email\":\"support@talkpal.ai\",\"legalName\":\"Talkpal, Inc.\",\"foundingDate\":\"2023-04-03\",\"duns\":\"118989042\",\"numberOfEmployees\":{\"@type\":\"QuantitativeValue\",\"minValue\":\"11\",\"maxValue\":\"50\"},\"publishingPrinciples\":\"https:\/\/talkpal.ai\/publishing-principles\/\",\"actionableFeedbackPolicy\":\"https:\/\/talkpal.ai\/actionable-feedback-policy\/\",\"correctionsPolicy\":\"https:\/\/talkpal.ai\/corrections-policy\/\",\"ethicsPolicy\":\"https:\/\/talkpal.ai\/ethics-policy\/\",\"diversityPolicy\":\"https:\/\/talkpal.ai\/diversity-policy\/\",\"diversityStaffingReport\":\"https:\/\/talkpal.ai\/diversity-policy\/\"}]}<\/script>\n<!-- \/ Yoast SEO Premium plugin. -->","yoast_head_json":{"title":"Norve\u0161ke gramati\u010dke ve\u017ebe - Talkpal","description":"Unaprijedite svoje vje\u0161tine uz zanimljive vje\u017ebe iz norve\u0161ke gramatike. Idealno za u\u010denike svih nivoa za efikasno vje\u017ebanje.","robots":{"index":"index","follow":"follow","max-snippet":"max-snippet:-1","max-image-preview":"max-image-preview:large","max-video-preview":"max-video-preview:-1"},"canonical":"https:\/\/talkpal.ai\/bs\/norveske-gramaticke-vezbe\/","og_locale":"bs_BA","og_type":"article","og_title":"Norve\u0161ke gramati\u010dke ve\u017ebe","og_description":"Norve\u0161ke gramati\u010dke teme U\u010denje norve\u0161kog jezika mo\u017ee biti uzbudljivo i nagra\u0111uju\u0107e iskustvo, jer otvara vrata bogatoj kulturnoj istoriji, zadivljuju\u0107im","og_url":"https:\/\/talkpal.ai\/bs\/norveske-gramaticke-vezbe\/","og_site_name":"Talkpal","article_publisher":"https:\/\/www.facebook.com\/profile.php?id=100090733639311","article_modified_time":"2025-12-17T14:39:16+00:00","og_image":[{"width":512,"height":512,"url":"https:\/\/talkpal.ai\/wp-content\/uploads\/2023\/05\/norway.png","type":"image\/png"}],"twitter_card":"summary_large_image","twitter_site":"@talkpalai","twitter_misc":{"Est. reading time":"3 minute"},"schema":{"@context":"https:\/\/schema.org","@graph":[{"@type":"WebPage","@id":"https:\/\/talkpal.ai\/bs\/norveske-gramaticke-vezbe\/","url":"https:\/\/talkpal.ai\/bs\/norveske-gramaticke-vezbe\/","name":"Norve\u0161ke gramati\u010dke ve\u017ebe - Talkpal","isPartOf":{"@id":"https:\/\/talkpal.ai\/bs\/#website"},"primaryImageOfPage":{"@id":"https:\/\/talkpal.ai\/bs\/norveske-gramaticke-vezbe\/#primaryimage"},"image":{"@id":"https:\/\/talkpal.ai\/bs\/norveske-gramaticke-vezbe\/#primaryimage"},"thumbnailUrl":"https:\/\/talkpal.ai\/wp-content\/uploads\/2023\/05\/norway.png","datePublished":"2023-06-27T08:41:59+00:00","dateModified":"2025-12-17T14:39:16+00:00","description":"Unaprijedite svoje vje\u0161tine uz zanimljive vje\u017ebe iz norve\u0161ke gramatike. Idealno za u\u010denike svih nivoa za efikasno vje\u017ebanje.","breadcrumb":{"@id":"https:\/\/talkpal.ai\/bs\/norveske-gramaticke-vezbe\/#breadcrumb"},"inLanguage":"bs-BA","potentialAction":[{"@type":"ReadAction","target":["https:\/\/talkpal.ai\/bs\/norveske-gramaticke-vezbe\/"]}]},{"@type":"ImageObject","inLanguage":"bs-BA","@id":"https:\/\/talkpal.ai\/bs\/norveske-gramaticke-vezbe\/#primaryimage","url":"https:\/\/talkpal.ai\/wp-content\/uploads\/2023\/05\/norway.png","contentUrl":"https:\/\/talkpal.ai\/wp-content\/uploads\/2023\/05\/norway.png","width":512,"height":512},{"@type":"BreadcrumbList","@id":"https:\/\/talkpal.ai\/bs\/norveske-gramaticke-vezbe\/#breadcrumb","itemListElement":[{"@type":"ListItem","position":1,"name":"Homepage","item":"https:\/\/talkpal.ai\/bs\/"},{"@type":"ListItem","position":2,"name":"Norve\u0161ke gramati\u010dke ve\u017ebe"}]},{"@type":"WebSite","@id":"https:\/\/talkpal.ai\/bs\/#website","url":"https:\/\/talkpal.ai\/bs\/","name":"Talkpal","description":"AI Language Learning","publisher":{"@id":"https:\/\/talkpal.ai\/bs\/#organization"},"alternateName":"Talkpal AI","potentialAction":[{"@type":"SearchAction","target":{"@type":"EntryPoint","urlTemplate":"https:\/\/talkpal.ai\/bs\/?s={search_term_string}"},"query-input":{"@type":"PropertyValueSpecification","valueRequired":true,"valueName":"search_term_string"}}],"inLanguage":"bs-BA"},{"@type":"Organization","@id":"https:\/\/talkpal.ai\/bs\/#organization","name":"Talkpal, Inc.","alternateName":"Talkpal AI","url":"https:\/\/talkpal.ai\/bs\/","logo":{"@type":"ImageObject","inLanguage":"bs-BA","@id":"https:\/\/talkpal.ai\/bs\/#\/schema\/logo\/image\/","url":"https:\/\/talkpal.ai\/wp-content\/uploads\/2024\/03\/Talkpal-Logo-Icon.png","contentUrl":"https:\/\/talkpal.ai\/wp-content\/uploads\/2024\/03\/Talkpal-Logo-Icon.png","width":2880,"height":2880,"caption":"Talkpal, Inc."},"image":{"@id":"https:\/\/talkpal.ai\/bs\/#\/schema\/logo\/image\/"},"sameAs":["https:\/\/www.facebook.com\/profile.php?id=100090733639311","https:\/\/x.com\/talkpalai","https:\/\/www.linkedin.com\/company\/talkpal\/","https:\/\/www.youtube.com\/@TalkPal\/","https:\/\/www.tiktok.com\/@talkpal","https:\/\/www.instagram.com\/talkpal_ai\/","https:\/\/www.crunchbase.com\/organization\/talkpal-9cde","https:\/\/www.g2.com\/products\/talkpal-for-business\/","https:\/\/www.trustpilot.com\/review\/talkpal.ai","https:\/\/www.capterra.com\/p\/10006800\/TalkPal\/"],"description":"Talkpal is a language learning web and mobile education app, powered by the latest AI technologies, that provides engaging experiences to its customers in many different languages to help them improve their language skills. Users can chat about unlimited amount of topics with the app and use other modes to practice their language learning.","email":"support@talkpal.ai","legalName":"Talkpal, Inc.","foundingDate":"2023-04-03","duns":"118989042","numberOfEmployees":{"@type":"QuantitativeValue","minValue":"11","maxValue":"50"},"publishingPrinciples":"https:\/\/talkpal.ai\/publishing-principles\/","actionableFeedbackPolicy":"https:\/\/talkpal.ai\/actionable-feedback-policy\/","correctionsPolicy":"https:\/\/talkpal.ai\/corrections-policy\/","ethicsPolicy":"https:\/\/talkpal.ai\/ethics-policy\/","diversityPolicy":"https:\/\/talkpal.ai\/diversity-policy\/","diversityStaffingReport":"https:\/\/talkpal.ai\/diversity-policy\/"}]}},"_links":{"self":[{"href":"https:\/\/talkpal.ai\/bs\/wp-json\/wp\/v2\/pages\/158472","targetHints":{"allow":["GET"]}}],"collection":[{"href":"https:\/\/talkpal.ai\/bs\/wp-json\/wp\/v2\/pages"}],"about":[{"href":"https:\/\/talkpal.ai\/bs\/wp-json\/wp\/v2\/types\/page"}],"author":[{"embeddable":true,"href":"https:\/\/talkpal.ai\/bs\/wp-json\/wp\/v2\/users\/6"}],"replies":[{"embeddable":true,"href":"https:\/\/talkpal.ai\/bs\/wp-json\/wp\/v2\/comments?post=158472"}],"version-history":[{"count":0,"href":"https:\/\/talkpal.ai\/bs\/wp-json\/wp\/v2\/pages\/158472\/revisions"}],"wp:featuredmedia":[{"embeddable":true,"href":"https:\/\/talkpal.ai\/bs\/wp-json\/wp\/v2\/media\/116906"}],"wp:attachment":[{"href":"https:\/\/talkpal.ai\/bs\/wp-json\/wp\/v2\/media?parent=158472"}],"curies":[{"name":"wp","href":"https:\/\/api.w.org\/{rel}","templated":true}]}}