{"id":157899,"date":"2023-06-27T09:07:34","date_gmt":"2023-06-27T09:07:34","guid":{"rendered":"http:\/\/talkpal.ai\/poljska-gramaticka-vjezba\/"},"modified":"2025-12-17T09:55:00","modified_gmt":"2025-12-17T09:55:00","slug":"poljska-gramaticka-vjezba","status":"publish","type":"page","link":"https:\/\/talkpal.ai\/bs\/poljska-gramaticka-vjezba\/","title":{"rendered":"Poljska gramati\u010dka vje\u017eba"},"content":{"rendered":"\r\n\r\n\r\n<section class=\"languageChallengeSection\">\r\n    <div class=\"languageInfoWrapper\">\r\n        \r\n        <h1>Poljska gramati\u010dka vje\u017eba<\/h1>\r\n        <p>Spremni da usavr\u0161ite svoje znanje poljskog jezika? Vje\u017ebanje gramati\u010dkih vje\u017ebi odli\u010dan je na\u010din za savladavanje re\u010deni\u010dne strukture, konjugacija glagola i jedinstvenih obrazaca poljskog jezika. Po\u010dnite raditi na poljskoj gramatici ve\u0107 danas i vidite kako se va\u0161e samopouzdanje i te\u010dnost pobolj\u0161avaju sa svakom vje\u017ebom!\n\n<\/p>\r\n\r\n                            <a class=\"getStartedHidden\" href=\"https:\/\/app.talkpal.ai\/signup?lng=\">Kreni<\/a>\r\n        \r\n    <\/div>\r\n\r\n    <figure>\r\n    <img decoding=\"async\" width=\"768\" height=\"768\" src=\"https:\/\/talkpal.ai\/wp-content\/uploads\/2023\/06\/polish-768x768.png\" class=\"languageImage no-lazy\" alt=\"Practical tips on language learning techniques\" fetchpriority=\"high\" sizes=\"(max-width: 768px) 150px, 768px\" srcset=\"https:\/\/talkpal.ai\/wp-content\/uploads\/2023\/06\/polish-768x768.png 768w, https:\/\/talkpal.ai\/wp-content\/uploads\/2023\/06\/polish-300x300.png 300w\" \/>\r\n    \r\n\r\n    <\/figure>\r\n\r\n            <a class=\"getStartedVisible\" href=\"https:\/\/app.talkpal.ai\/signup?lng=\">Kreni<\/a>\r\n    \r\n<\/section>\r\n\r\n\r\n<!-- <section class=\"grammarSection\">\r\n    <div class=\"grammarLinks\">\r\n            <\/div>\r\n<\/section> -->\r\n\r\n\r\n\r\n\r\n<section class=\"promotionalBanner\">\r\n    <p class=\"promotionalText\">Najefikasniji na\u010din za u\u010denje jezika<\/p>\r\n    <a class=\"promotionalLink\" href=\"https:\/\/app.talkpal.ai\/signup?lng=\">Isprobajte Talkpal besplatno<\/a>\r\n<\/section>\n<div class=\"wp-block-group pageContainerStyle\"><div class=\"wp-block-group__inner-container is-layout-constrained wp-block-group-is-layout-constrained\">\n<h2 class=\"wp-block-heading\" id=\"h-polish-grammar-topics\">Poljska gramatika teme<\/h2>\n\n\n\n<p><a href=\"https:\/\/talkpal.ai\/learn-polish\/\">Poljski<\/a>, zapadnoslavenski jezik, maternji je jezik Poljske i govore ga milioni ljudi \u0161irom svijeta. Sa svojim slo\u017eenim gramati\u010dkim sistemom i jedinstvenim izgovorom, u\u010denje poljskog jezika mo\u017ee biti prili\u010dno izazovno, ali i nagra\u0111uju\u0107e. Da bi se postiglo dobro razumijevanje i savladavanje jezika, bitno je nau\u010diti njegova gramati\u010dka pravila u strukturiranom i logi\u010dnom nizu. U ovom vodi\u010du istra\u017eit \u0107emo glavne gramati\u010dke teme na poljskom jeziku, kao \u0161to su vremena, glagoli, imenice, \u010dlanci, zamjenice, pridjevi, prilozi, uvjeti, prijedlozi i strukture re\u010denica. Prate\u0107i ovu sekvencu, mo\u0107i \u0107ete progresivno graditi svoje znanje poljskog jezika i efikasno komunicirati.<\/p>\n\n\n\n<h3 class=\"wp-block-heading\" id=\"h-1-nouns\">1. imenice:<\/h3>\n\n\n\n<p>Na poljskom jeziku imenice su podijeljene u tri spola: mu\u0161ki, \u017eenski i kauterski. Tako\u0111e imaju sedam slu\u010dajeva: nominativ, genitiv, dativ, akuzativ, instrumental, lokativ i vokativ. U\u010denje sistema roda i slu\u010daja klju\u010dno je za razumijevanje struktura re\u010denica i kori\u0161tenje ispravnih oblika drugih gramati\u010dkih elemenata, kao \u0161to su pridjevi i zamjenice.<\/p>\n\n\n\n<h3 class=\"wp-block-heading\" id=\"h-2-pronouns-determiners\">2. zamjenice\/determinatori:<\/h3>\n\n\n\n<p>Poljske zamenice i determinatori se sla\u017eu sa imenicama u polu, broju i slu\u010daju. Oni uklju\u010duju li\u010dne, posesivne, demonstrativne, ispitiva\u010dke i relativne zamjenice. Ovladavanje upotrebom zamenica i determinatora poma\u017ee u izgradnji slo\u017eenijih re\u010denica i izra\u017eavanju razli\u010ditih odnosa izme\u0111u re\u010di.<\/p>\n\n\n\n<h3 class=\"wp-block-heading\" id=\"h-3-adjectives\">3. pridjevi:<\/h3>\n\n\n\n<p>Pridjevi na poljskom jeziku sla\u017eu se sa imenicama u spolu, broju i slu\u010daju. Oni imaju razli\u010dite oblike zasnovane na ovim faktorima, tako da je u\u010denje obrazaca deklinacije za pridjeve od su\u0161tinskog zna\u010daja za pravilnu upotrebu i razumijevanje opisnih fraza.<\/p>\n\n\n\n<h3 class=\"wp-block-heading\" id=\"h-4-verbs\">4. glagoli:<\/h3>\n\n\n\n<p>Poljski glagolski sistem sastoji se od tri vremena: pro\u0161log, sada\u0161njeg i budu\u0107eg. Glagoli tako\u0111er imaju razli\u010dite oblike zasnovane na aspektima (savr\u0161enim ili nesavr\u0161enim) i konjugacijskim obrascima. U\u010denje osnova konjugacije glagola i aspekta je od su\u0161tinskog zna\u010daja za izra\u017eavanje akcija, doga\u0111aja i stanja u razli\u010ditim vremenskim okvirima.<\/p>\n\n\n\n<h3 class=\"wp-block-heading\" id=\"h-5-tense-comparison\">5. napeto pore\u0111enje:<\/h3>\n\n\n\n<p>Razumevanje razlika i sli\u010dnosti izme\u0111u tri vremena na poljskom jeziku omogu\u0107ava vam da ta\u010dno izrazite vremenske odnose. To uklju\u010duje formiranje i upotrebu jednostavnih, progresivnih i savr\u0161enih progresivnih oblika.<\/p>\n\n\n\n<h3 class=\"wp-block-heading\" id=\"h-6-adverbs\">6. prilozi:<\/h3>\n\n\n\n<p>Prilozi na poljskom jeziku pru\u017eaju dodatne informacije o glagolima, pridjevima ili drugim prilozima. Obi\u010dno ne mijenjaju svoj oblik, \u0161to ih \u010dini relativno lakim za u\u010denje. Poznavanje pravilnog kori\u0161\u0107enja priloga pobolj\u0161ava izra\u017eajnost va\u0161eg jezika.<\/p>\n\n\n\n<h3 class=\"wp-block-heading\" id=\"h-7-prepositions\">7. prijedlozi:<\/h3>\n\n\n\n<p>Poljski prijedlozi ure\u0111uju specifi\u010dne slu\u010dajeve i pokazuju odnose izme\u0111u rije\u010di u re\u010denici. U\u010denje pravilne upotrebe predloga i njihovih odgovaraju\u0107ih slu\u010dajeva od vitalnog je zna\u010daja za izgradnju slo\u017eenijih re\u010denica i izra\u017eavanje razli\u010ditih odnosa izme\u0111u re\u010di.<\/p>\n\n\n\n<h3 class=\"wp-block-heading\" id=\"h-8-conditionals\">8. uslovno:<\/h3>\n\n\n\n<p>Uslovne kazne na poljskom jeziku izra\u017eavaju hipoteti\u010dke situacije i njihove posledice. Obi\u010dno se sastoje od dvije klauzule: uvjet (if-klauzula) i rezultat (glavna klauzula). U\u010denje formiranja i upotrebe uslovljavanja omogu\u0107ava vam da precizno izrazite hipoteti\u010dke situacije i njihove posledice.<\/p>\n\n\n\n<h3 class=\"wp-block-heading\" id=\"h-9-sentences\">9. re\u010denice:<\/h3>\n\n\n\n<p>Da biste efikasno komunicirali na poljskom, neophodno je razumjeti osnovne strukture re\u010denica, uklju\u010duju\u0107i izjavne, upitne, imperativne i uzvi\u010dne re\u010denice. Savladavanje struktura re\u010denica poma\u017ee u izra\u017eavanju misli, postavljanju pitanja, izdavanju nare\u0111enja i preno\u0161enju emocija na poljskom jeziku.<\/p>\n<\/div><\/div>\n\r\n<section class=\"learnNavigationSection\">\r\n            \r\n        <a href=\"https:\/\/talkpal.ai\/bs\/nauci-poljski\/\">\r\n            <div class=\"learnNavigationWrapper\">\r\n                <div class=\"learnNavigationContent\">\r\n                    <img decoding=\"async\" src=\"https:\/\/talkpal.ai\/wp-content\/uploads\/2024\/08\/Polish.jpg\" alt=\"Polish Flag\">\r\n                    <div>\r\n                        <h4>O u\u010denju poljskog<\/h4>\r\n                        <p>Saznaj sve o srpskoj gramatici.<\/p>\r\n                    <\/div>\r\n                <\/div>\r\n            <\/div>\r\n        <\/a>\r\n\r\n        \r\n        <a href=\"https:\/\/talkpal.ai\/bs\/poljska-gramatika\/\">\r\n            <div class=\"learnNavigationWrapper\">\r\n                <div class=\"learnNavigationContent\">\r\n                    <img decoding=\"async\" src=\"https:\/\/talkpal.ai\/wp-content\/uploads\/2024\/08\/Polish.jpg\" alt=\"Polish Flag\">\r\n                    <div>\r\n                        <h4>Poljska gramatika lekcije<\/h4>\r\n                        <p>Poljska gramatika.<\/p>\r\n                    <\/div>\r\n                <\/div>\r\n            <\/div>\r\n        <\/a>\r\n\r\n        \r\n        <a href=\"https:\/\/talkpal.ai\/vocabulary_language\/polish\/\">\r\n            <div class=\"learnNavigationWrapper\">\r\n                <div class=\"learnNavigationContent\">\r\n                    <img decoding=\"async\" src=\"https:\/\/talkpal.ai\/wp-content\/uploads\/2024\/08\/Polish.jpg\" alt=\"Polish Flag\">\r\n                    <div>\r\n                        <h4>Poljski vokabular<\/h4>\r\n                        <p>Pro\u0161irite svoj poljski vokabular.<\/p>\r\n                    <\/div>\r\n                <\/div>\r\n            <\/div>\r\n        <\/a>\r\n\r\n            <\/section>","protected":false},"excerpt":{"rendered":"<p>Poljska gramatika teme Poljski, zapadnoslavenski jezik, maternji je jezik Poljske i govore ga milioni ljudi \u0161irom svijeta. Sa svojim slo\u017eenim gramati\u010dkim sistemom i jedinstvenim izgovorom, u\u010denje poljskog jezika mo\u017ee biti prili\u010dno izazovno, ali i nagra\u0111uju\u0107e. Da bi se postiglo dobro razumijevanje i savladavanje jezika, bitno je nau\u010diti njegova gramati\u010dka pravila u strukturiranom i logi\u010dnom nizu. [&hellip;]<\/p>\n","protected":false},"author":6,"featured_media":117436,"parent":0,"menu_order":0,"comment_status":"closed","ping_status":"closed","template":"LearningContentPage.php","meta":{"_acf_changed":false,"footnotes":""},"class_list":["post-157899","page","type-page","status-publish","has-post-thumbnail","hentry"],"acf":[],"yoast_head":"<!-- This site is optimized with the Yoast SEO Premium plugin v27.2 (Yoast SEO v27.2) - https:\/\/yoast.com\/product\/yoast-seo-premium-wordpress\/ -->\n<title>Poljska gramati\u010dka vje\u017eba - Talkpal<\/title>\n<meta name=\"description\" content=\"Savladajte poljsku gramatiku uz interaktivne vje\u017ebe osmi\u0161ljene za sve nivoe. Vje\u017ebajte i usavr\u0161ite svoje jezi\u010dke vje\u0161tine!\" \/>\n<meta name=\"robots\" content=\"index, follow, max-snippet:-1, max-image-preview:large, max-video-preview:-1\" \/>\n<link rel=\"canonical\" href=\"https:\/\/talkpal.ai\/bs\/poljska-gramaticka-vjezba\/\" \/>\n<meta property=\"og:locale\" content=\"bs_BA\" \/>\n<meta property=\"og:type\" content=\"article\" \/>\n<meta property=\"og:title\" content=\"Poljska gramati\u010dka vje\u017eba\" \/>\n<meta property=\"og:description\" content=\"Poljska gramatika teme Poljski, zapadnoslavenski jezik, maternji je jezik Poljske i govore ga milioni ljudi \u0161irom svijeta. Sa svojim slo\u017eenim gramati\u010dkim\" \/>\n<meta property=\"og:url\" content=\"https:\/\/talkpal.ai\/bs\/poljska-gramaticka-vjezba\/\" \/>\n<meta property=\"og:site_name\" content=\"Talkpal\" \/>\n<meta property=\"article:publisher\" content=\"https:\/\/www.facebook.com\/profile.php?id=100090733639311\" \/>\n<meta property=\"article:modified_time\" content=\"2025-12-17T09:55:00+00:00\" \/>\n<meta property=\"og:image\" content=\"https:\/\/talkpal.ai\/wp-content\/uploads\/2023\/05\/poland.png\" \/>\n\t<meta property=\"og:image:width\" content=\"512\" \/>\n\t<meta property=\"og:image:height\" content=\"512\" \/>\n\t<meta property=\"og:image:type\" content=\"image\/png\" \/>\n<meta name=\"twitter:card\" content=\"summary_large_image\" \/>\n<meta name=\"twitter:site\" content=\"@talkpalai\" \/>\n<meta name=\"twitter:label1\" content=\"Est. reading time\" \/>\n\t<meta name=\"twitter:data1\" content=\"3 minute\" \/>\n<script type=\"application\/ld+json\" class=\"yoast-schema-graph\">{\"@context\":\"https:\/\/schema.org\",\"@graph\":[{\"@type\":\"WebPage\",\"@id\":\"https:\/\/talkpal.ai\/bs\/poljska-gramaticka-vjezba\/\",\"url\":\"https:\/\/talkpal.ai\/bs\/poljska-gramaticka-vjezba\/\",\"name\":\"Poljska gramati\u010dka vje\u017eba - Talkpal\",\"isPartOf\":{\"@id\":\"https:\/\/talkpal.ai\/bs\/#website\"},\"primaryImageOfPage\":{\"@id\":\"https:\/\/talkpal.ai\/bs\/poljska-gramaticka-vjezba\/#primaryimage\"},\"image\":{\"@id\":\"https:\/\/talkpal.ai\/bs\/poljska-gramaticka-vjezba\/#primaryimage\"},\"thumbnailUrl\":\"https:\/\/talkpal.ai\/wp-content\/uploads\/2023\/05\/poland.png\",\"datePublished\":\"2023-06-27T09:07:34+00:00\",\"dateModified\":\"2025-12-17T09:55:00+00:00\",\"description\":\"Savladajte poljsku gramatiku uz interaktivne vje\u017ebe osmi\u0161ljene za sve nivoe. Vje\u017ebajte i usavr\u0161ite svoje jezi\u010dke vje\u0161tine!\",\"breadcrumb\":{\"@id\":\"https:\/\/talkpal.ai\/bs\/poljska-gramaticka-vjezba\/#breadcrumb\"},\"inLanguage\":\"bs-BA\",\"potentialAction\":[{\"@type\":\"ReadAction\",\"target\":[\"https:\/\/talkpal.ai\/bs\/poljska-gramaticka-vjezba\/\"]}]},{\"@type\":\"ImageObject\",\"inLanguage\":\"bs-BA\",\"@id\":\"https:\/\/talkpal.ai\/bs\/poljska-gramaticka-vjezba\/#primaryimage\",\"url\":\"https:\/\/talkpal.ai\/wp-content\/uploads\/2023\/05\/poland.png\",\"contentUrl\":\"https:\/\/talkpal.ai\/wp-content\/uploads\/2023\/05\/poland.png\",\"width\":512,\"height\":512},{\"@type\":\"BreadcrumbList\",\"@id\":\"https:\/\/talkpal.ai\/bs\/poljska-gramaticka-vjezba\/#breadcrumb\",\"itemListElement\":[{\"@type\":\"ListItem\",\"position\":1,\"name\":\"Homepage\",\"item\":\"https:\/\/talkpal.ai\/bs\/\"},{\"@type\":\"ListItem\",\"position\":2,\"name\":\"Poljska gramati\u010dka vje\u017eba\"}]},{\"@type\":\"WebSite\",\"@id\":\"https:\/\/talkpal.ai\/bs\/#website\",\"url\":\"https:\/\/talkpal.ai\/bs\/\",\"name\":\"Talkpal\",\"description\":\"AI Language Learning\",\"publisher\":{\"@id\":\"https:\/\/talkpal.ai\/bs\/#organization\"},\"alternateName\":\"Talkpal AI\",\"potentialAction\":[{\"@type\":\"SearchAction\",\"target\":{\"@type\":\"EntryPoint\",\"urlTemplate\":\"https:\/\/talkpal.ai\/bs\/?s={search_term_string}\"},\"query-input\":{\"@type\":\"PropertyValueSpecification\",\"valueRequired\":true,\"valueName\":\"search_term_string\"}}],\"inLanguage\":\"bs-BA\"},{\"@type\":\"Organization\",\"@id\":\"https:\/\/talkpal.ai\/bs\/#organization\",\"name\":\"Talkpal, Inc.\",\"alternateName\":\"Talkpal AI\",\"url\":\"https:\/\/talkpal.ai\/bs\/\",\"logo\":{\"@type\":\"ImageObject\",\"inLanguage\":\"bs-BA\",\"@id\":\"https:\/\/talkpal.ai\/bs\/#\/schema\/logo\/image\/\",\"url\":\"https:\/\/talkpal.ai\/wp-content\/uploads\/2024\/03\/Talkpal-Logo-Icon.png\",\"contentUrl\":\"https:\/\/talkpal.ai\/wp-content\/uploads\/2024\/03\/Talkpal-Logo-Icon.png\",\"width\":2880,\"height\":2880,\"caption\":\"Talkpal, Inc.\"},\"image\":{\"@id\":\"https:\/\/talkpal.ai\/bs\/#\/schema\/logo\/image\/\"},\"sameAs\":[\"https:\/\/www.facebook.com\/profile.php?id=100090733639311\",\"https:\/\/x.com\/talkpalai\",\"https:\/\/www.linkedin.com\/company\/talkpal\/\",\"https:\/\/www.youtube.com\/@TalkPal\/\",\"https:\/\/www.tiktok.com\/@talkpal\",\"https:\/\/www.instagram.com\/talkpal_ai\/\",\"https:\/\/www.crunchbase.com\/organization\/talkpal-9cde\",\"https:\/\/www.g2.com\/products\/talkpal-for-business\/\",\"https:\/\/www.trustpilot.com\/review\/talkpal.ai\",\"https:\/\/www.capterra.com\/p\/10006800\/TalkPal\/\"],\"description\":\"Talkpal is a language learning web and mobile education app, powered by the latest AI technologies, that provides engaging experiences to its customers in many different languages to help them improve their language skills. Users can chat about unlimited amount of topics with the app and use other modes to practice their language learning.\",\"email\":\"support@talkpal.ai\",\"legalName\":\"Talkpal, Inc.\",\"foundingDate\":\"2023-04-03\",\"duns\":\"118989042\",\"numberOfEmployees\":{\"@type\":\"QuantitativeValue\",\"minValue\":\"11\",\"maxValue\":\"50\"},\"publishingPrinciples\":\"https:\/\/talkpal.ai\/publishing-principles\/\",\"actionableFeedbackPolicy\":\"https:\/\/talkpal.ai\/actionable-feedback-policy\/\",\"correctionsPolicy\":\"https:\/\/talkpal.ai\/corrections-policy\/\",\"ethicsPolicy\":\"https:\/\/talkpal.ai\/ethics-policy\/\",\"diversityPolicy\":\"https:\/\/talkpal.ai\/diversity-policy\/\",\"diversityStaffingReport\":\"https:\/\/talkpal.ai\/diversity-policy\/\"}]}<\/script>\n<!-- \/ Yoast SEO Premium plugin. -->","yoast_head_json":{"title":"Poljska gramati\u010dka vje\u017eba - Talkpal","description":"Savladajte poljsku gramatiku uz interaktivne vje\u017ebe osmi\u0161ljene za sve nivoe. Vje\u017ebajte i usavr\u0161ite svoje jezi\u010dke vje\u0161tine!","robots":{"index":"index","follow":"follow","max-snippet":"max-snippet:-1","max-image-preview":"max-image-preview:large","max-video-preview":"max-video-preview:-1"},"canonical":"https:\/\/talkpal.ai\/bs\/poljska-gramaticka-vjezba\/","og_locale":"bs_BA","og_type":"article","og_title":"Poljska gramati\u010dka vje\u017eba","og_description":"Poljska gramatika teme Poljski, zapadnoslavenski jezik, maternji je jezik Poljske i govore ga milioni ljudi \u0161irom svijeta. Sa svojim slo\u017eenim gramati\u010dkim","og_url":"https:\/\/talkpal.ai\/bs\/poljska-gramaticka-vjezba\/","og_site_name":"Talkpal","article_publisher":"https:\/\/www.facebook.com\/profile.php?id=100090733639311","article_modified_time":"2025-12-17T09:55:00+00:00","og_image":[{"width":512,"height":512,"url":"https:\/\/talkpal.ai\/wp-content\/uploads\/2023\/05\/poland.png","type":"image\/png"}],"twitter_card":"summary_large_image","twitter_site":"@talkpalai","twitter_misc":{"Est. reading time":"3 minute"},"schema":{"@context":"https:\/\/schema.org","@graph":[{"@type":"WebPage","@id":"https:\/\/talkpal.ai\/bs\/poljska-gramaticka-vjezba\/","url":"https:\/\/talkpal.ai\/bs\/poljska-gramaticka-vjezba\/","name":"Poljska gramati\u010dka vje\u017eba - Talkpal","isPartOf":{"@id":"https:\/\/talkpal.ai\/bs\/#website"},"primaryImageOfPage":{"@id":"https:\/\/talkpal.ai\/bs\/poljska-gramaticka-vjezba\/#primaryimage"},"image":{"@id":"https:\/\/talkpal.ai\/bs\/poljska-gramaticka-vjezba\/#primaryimage"},"thumbnailUrl":"https:\/\/talkpal.ai\/wp-content\/uploads\/2023\/05\/poland.png","datePublished":"2023-06-27T09:07:34+00:00","dateModified":"2025-12-17T09:55:00+00:00","description":"Savladajte poljsku gramatiku uz interaktivne vje\u017ebe osmi\u0161ljene za sve nivoe. Vje\u017ebajte i usavr\u0161ite svoje jezi\u010dke vje\u0161tine!","breadcrumb":{"@id":"https:\/\/talkpal.ai\/bs\/poljska-gramaticka-vjezba\/#breadcrumb"},"inLanguage":"bs-BA","potentialAction":[{"@type":"ReadAction","target":["https:\/\/talkpal.ai\/bs\/poljska-gramaticka-vjezba\/"]}]},{"@type":"ImageObject","inLanguage":"bs-BA","@id":"https:\/\/talkpal.ai\/bs\/poljska-gramaticka-vjezba\/#primaryimage","url":"https:\/\/talkpal.ai\/wp-content\/uploads\/2023\/05\/poland.png","contentUrl":"https:\/\/talkpal.ai\/wp-content\/uploads\/2023\/05\/poland.png","width":512,"height":512},{"@type":"BreadcrumbList","@id":"https:\/\/talkpal.ai\/bs\/poljska-gramaticka-vjezba\/#breadcrumb","itemListElement":[{"@type":"ListItem","position":1,"name":"Homepage","item":"https:\/\/talkpal.ai\/bs\/"},{"@type":"ListItem","position":2,"name":"Poljska gramati\u010dka vje\u017eba"}]},{"@type":"WebSite","@id":"https:\/\/talkpal.ai\/bs\/#website","url":"https:\/\/talkpal.ai\/bs\/","name":"Talkpal","description":"AI Language Learning","publisher":{"@id":"https:\/\/talkpal.ai\/bs\/#organization"},"alternateName":"Talkpal AI","potentialAction":[{"@type":"SearchAction","target":{"@type":"EntryPoint","urlTemplate":"https:\/\/talkpal.ai\/bs\/?s={search_term_string}"},"query-input":{"@type":"PropertyValueSpecification","valueRequired":true,"valueName":"search_term_string"}}],"inLanguage":"bs-BA"},{"@type":"Organization","@id":"https:\/\/talkpal.ai\/bs\/#organization","name":"Talkpal, Inc.","alternateName":"Talkpal AI","url":"https:\/\/talkpal.ai\/bs\/","logo":{"@type":"ImageObject","inLanguage":"bs-BA","@id":"https:\/\/talkpal.ai\/bs\/#\/schema\/logo\/image\/","url":"https:\/\/talkpal.ai\/wp-content\/uploads\/2024\/03\/Talkpal-Logo-Icon.png","contentUrl":"https:\/\/talkpal.ai\/wp-content\/uploads\/2024\/03\/Talkpal-Logo-Icon.png","width":2880,"height":2880,"caption":"Talkpal, Inc."},"image":{"@id":"https:\/\/talkpal.ai\/bs\/#\/schema\/logo\/image\/"},"sameAs":["https:\/\/www.facebook.com\/profile.php?id=100090733639311","https:\/\/x.com\/talkpalai","https:\/\/www.linkedin.com\/company\/talkpal\/","https:\/\/www.youtube.com\/@TalkPal\/","https:\/\/www.tiktok.com\/@talkpal","https:\/\/www.instagram.com\/talkpal_ai\/","https:\/\/www.crunchbase.com\/organization\/talkpal-9cde","https:\/\/www.g2.com\/products\/talkpal-for-business\/","https:\/\/www.trustpilot.com\/review\/talkpal.ai","https:\/\/www.capterra.com\/p\/10006800\/TalkPal\/"],"description":"Talkpal is a language learning web and mobile education app, powered by the latest AI technologies, that provides engaging experiences to its customers in many different languages to help them improve their language skills. Users can chat about unlimited amount of topics with the app and use other modes to practice their language learning.","email":"support@talkpal.ai","legalName":"Talkpal, Inc.","foundingDate":"2023-04-03","duns":"118989042","numberOfEmployees":{"@type":"QuantitativeValue","minValue":"11","maxValue":"50"},"publishingPrinciples":"https:\/\/talkpal.ai\/publishing-principles\/","actionableFeedbackPolicy":"https:\/\/talkpal.ai\/actionable-feedback-policy\/","correctionsPolicy":"https:\/\/talkpal.ai\/corrections-policy\/","ethicsPolicy":"https:\/\/talkpal.ai\/ethics-policy\/","diversityPolicy":"https:\/\/talkpal.ai\/diversity-policy\/","diversityStaffingReport":"https:\/\/talkpal.ai\/diversity-policy\/"}]}},"_links":{"self":[{"href":"https:\/\/talkpal.ai\/bs\/wp-json\/wp\/v2\/pages\/157899","targetHints":{"allow":["GET"]}}],"collection":[{"href":"https:\/\/talkpal.ai\/bs\/wp-json\/wp\/v2\/pages"}],"about":[{"href":"https:\/\/talkpal.ai\/bs\/wp-json\/wp\/v2\/types\/page"}],"author":[{"embeddable":true,"href":"https:\/\/talkpal.ai\/bs\/wp-json\/wp\/v2\/users\/6"}],"replies":[{"embeddable":true,"href":"https:\/\/talkpal.ai\/bs\/wp-json\/wp\/v2\/comments?post=157899"}],"version-history":[{"count":0,"href":"https:\/\/talkpal.ai\/bs\/wp-json\/wp\/v2\/pages\/157899\/revisions"}],"wp:featuredmedia":[{"embeddable":true,"href":"https:\/\/talkpal.ai\/bs\/wp-json\/wp\/v2\/media\/117436"}],"wp:attachment":[{"href":"https:\/\/talkpal.ai\/bs\/wp-json\/wp\/v2\/media?parent=157899"}],"curies":[{"name":"wp","href":"https:\/\/api.w.org\/{rel}","templated":true}]}}