{"id":157624,"date":"2023-06-28T09:53:38","date_gmt":"2023-06-28T09:53:38","guid":{"rendered":"http:\/\/talkpal.ai\/rumunske-gramaticke-vezbe\/"},"modified":"2025-12-17T09:58:00","modified_gmt":"2025-12-17T09:58:00","slug":"rumunske-gramaticke-vezbe","status":"publish","type":"page","link":"https:\/\/talkpal.ai\/bs\/rumunske-gramaticke-vezbe\/","title":{"rendered":"Rumunske gramati\u010dke ve\u017ebe"},"content":{"rendered":"\r\n\r\n\r\n<section class=\"languageChallengeSection\">\r\n    <div class=\"languageInfoWrapper\">\r\n        \r\n        <h1>Rumunske gramati\u010dke ve\u017ebe<\/h1>\r\n        <p>\u017delite li pobolj\u0161ati svoje znanje rumunskog jezika? Vje\u017ebanje gramati\u010dkih vje\u017ebi je siguran na\u010din za savladavanje re\u010deni\u010dne strukture, konjugacija glagola i jedinstvenih karakteristika rumunskog jezika. Po\u010dnite raditi na rumunskoj gramatici ve\u0107 danas i gledajte kako vam samopouzdanje i te\u010dnost rastu sa svakom vje\u017ebom!\n\n<\/p>\r\n\r\n                            <a class=\"getStartedHidden\" href=\"https:\/\/app.talkpal.ai\/signup?lng=\">Kreni<\/a>\r\n        \r\n    <\/div>\r\n\r\n    <figure>\r\n    <img decoding=\"async\" width=\"768\" height=\"768\" src=\"https:\/\/talkpal.ai\/wp-content\/uploads\/2023\/06\/romanian-768x768.png\" class=\"languageImage no-lazy\" alt=\"Language learning for intellectual challenge\" fetchpriority=\"high\" sizes=\"(max-width: 768px) 150px, 768px\" srcset=\"https:\/\/talkpal.ai\/wp-content\/uploads\/2023\/06\/romanian-768x768.png 768w, https:\/\/talkpal.ai\/wp-content\/uploads\/2023\/06\/romanian-300x300.png 300w\" \/>\r\n    \r\n\r\n    <\/figure>\r\n\r\n            <a class=\"getStartedVisible\" href=\"https:\/\/app.talkpal.ai\/signup?lng=\">Kreni<\/a>\r\n    \r\n<\/section>\r\n\r\n\r\n<!-- <section class=\"grammarSection\">\r\n    <div class=\"grammarLinks\">\r\n            <\/div>\r\n<\/section> -->\r\n\r\n\r\n\r\n\r\n<section class=\"promotionalBanner\">\r\n    <p class=\"promotionalText\">Najefikasniji na\u010din za u\u010denje jezika<\/p>\r\n    <a class=\"promotionalLink\" href=\"https:\/\/app.talkpal.ai\/signup?lng=\">Isprobajte Talkpal besplatno<\/a>\r\n<\/section>\n<div class=\"wp-block-group pageContainerStyle\"><div class=\"wp-block-group__inner-container is-layout-constrained wp-block-group-is-layout-constrained\">\n<h2 class=\"wp-block-heading\" id=\"h-romanian-grammar-topics\">Rumunske gramati\u010dke teme<\/h2>\n\n\n\n<p>U\u010denje rumunskog jezika je nagra\u0111uju\u0107i poduhvat, koji nudi uvid u bogatu kulturu i istoriju. Iako je <a href=\"https:\/\/talkpal.ai\/romanian-grammar\/\">rumunska gramatika<\/a> slo\u017eena, sistematski pristup mo\u017ee da je u\u010dini upravljivom. Klju\u010d je razumjeti njegovu strukturu i pravila, po\u010dev\u0161i od osnovnih elemenata i postepeno se kre\u0107u\u0107i prema naprednim temama. Ovaj vodi\u010d pru\u017ea optimalan slijed za u\u010denje rumunske gramatike, sa fokusom na vremena, glagole, imenice, \u010dlanke, zamjenice\/determinatore, pridjeve, priloge, uvjete, prijedloge i konstrukciju re\u010denica.<\/p>\n\n\n\n<h3 class=\"wp-block-heading\" id=\"h-1-nouns\">1. imenice:<\/h3>\n\n\n\n<p>Po\u010dnite sa u\u010denjem rumunskih imenica, koje imaju pol i slu\u010dajeve. Upoznavanje sa oblicima imenica poma\u017ee u razumevanju osnova jezika.<\/p>\n\n\n\n<h3 class=\"wp-block-heading\" id=\"h-2-articles\">2. \u010dlanci:<\/h3>\n\n\n\n<p>Dalje, nau\u010dite o \u010dlancima, koji se koriste sa imenicama. <a href=\"https:\/\/talkpal.ai\/learn-romanian\/\">Rumunski<\/a> ima odre\u0111ene i neodre\u0111ene \u010dlanke koji se sla\u017eu sa rodom, brojem i slu\u010dajem imenice.<\/p>\n\n\n\n<h3 class=\"wp-block-heading\" id=\"h-3-adjectives\">3. pridjevi:<\/h3>\n\n\n\n<p>Pridjevi na rumunskom jeziku sla\u017eu se u spolu, broju i slu\u010daju sa imenicom koju mijenjaju. U\u010denje ove teme \u0107e pomo\u0107i u pobolj\u0161anju vokabulara i izgradnje re\u010denica.<\/p>\n\n\n\n<h3 class=\"wp-block-heading\" id=\"h-4-pronouns-determiners\">4. zamjenice\/determinatori:<\/h3>\n\n\n\n<p>Oni zamenjuju ili prate imenice. U\u010denje \u0107e vam pomo\u0107i da izbjegnete ponavljanje i u\u010dinite svoje re\u010denice raznovrsnijim.<\/p>\n\n\n\n<h3 class=\"wp-block-heading\" id=\"h-5-verbs\">5. glagoli:<\/h3>\n\n\n\n<p>Glagoli su u sr\u017ei re\u010denica. Oni ozna\u010davaju akcije ili stanja postojanja. Rumunski glagoli su konjugovani prema raspolo\u017eenju, napetosti, osobi i broju.<\/p>\n\n\n\n<h3 class=\"wp-block-heading\" id=\"h-6-tenses\">6. napetosti:<\/h3>\n\n\n\n<p>Rumunija ima nekoliko vremena da izrazi pro\u0161lost, sada\u0161njost i budu\u0107e akcije. U\u010denje po redu \u2013 sada\u0161njosti, pro\u0161losti i budu\u0107nosti \u2013 pomo\u0107i \u0107e vam da shvatite i izrazite razli\u010dite vremenske okvire.<\/p>\n\n\n\n<h3 class=\"wp-block-heading\" id=\"h-7-tense-comparison\">7. napeto pore\u0111enje:<\/h3>\n\n\n\n<p>Razumevanje kako se razli\u010dita vremena upore\u0111uju i kontrast je klju\u010dno za njihovu pravilnu upotrebu. Ovaj korak \u0107e vam pomo\u0107i da pobolj\u0161ate upotrebu glagola.<\/p>\n\n\n\n<h3 class=\"wp-block-heading\" id=\"h-8-progressive-and-perfect-progressive\">Progresivno i progresivno:<\/h3>\n\n\n\n<p>Ovo su napredniji oblici glagola koji vam omogu\u0107avaju da izrazite teku\u0107e ili zavr\u0161ene radnje.<\/p>\n\n\n\n<h3 class=\"wp-block-heading\" id=\"h-9-adverbs\">9. prilozi:<\/h3>\n\n\n\n<p>Prilozi modifikuju glagole, pridjeve ili druge priloge. Oni dodaju detalje u va\u0161e re\u010denice, omogu\u0107avaju\u0107i vam da izrazite na\u010din, mesto, vreme, u\u010destalost, stepen i jo\u0161 mnogo toga.<\/p>\n\n\n\n<h3 class=\"wp-block-heading\" id=\"h-10-conditionals\">10. uslovno:<\/h3>\n\n\n\n<p>Kondicionali izra\u017eavaju hipoteti\u010dke situacije i njihove mogu\u0107e ishode. Oni su neophodni za izra\u017eavanje kompleksnih ideja.<\/p>\n\n\n\n<h3 class=\"wp-block-heading\" id=\"h-11-prepositions\">11. prijedlozi:<\/h3>\n\n\n\n<p>Predlozi povezuju re\u010di i fraze, pru\u017eaju\u0107i kontekst. Oni ozna\u010davaju lokaciju, pravac, vreme i druge odnose.<\/p>\n\n\n\n<h3 class=\"wp-block-heading\" id=\"h-12-sentences\">12. re\u010denice:<\/h3>\n\n\n\n<p>Kona\u010dno, razumevanje kako se svi ovi elementi spajaju da bi se formirale re\u010denice u\u010dvrsti\u0107e va\u0161e shvatanje rumunske gramatike. Ova zavr\u0161na faza uklju\u010duje u\u010denje o strukturi re\u010denice, vrstama re\u010denica i interpunkciji.<\/p>\n<\/div><\/div>\n\r\n<section class=\"learnNavigationSection\">\r\n            \r\n        <a href=\"https:\/\/talkpal.ai\/bs\/nauci-rumunski\/\">\r\n            <div class=\"learnNavigationWrapper\">\r\n                <div class=\"learnNavigationContent\">\r\n                    <img decoding=\"async\" src=\"https:\/\/talkpal.ai\/wp-content\/uploads\/2024\/08\/Romanian.jpg\" alt=\"Romanian Flag\">\r\n                    <div>\r\n                        <h4>O u\u010denju rumunskog<\/h4>\r\n                        <p>Saznaj sve o rumunskoj gramatici.<\/p>\r\n                    <\/div>\r\n                <\/div>\r\n            <\/div>\r\n        <\/a>\r\n\r\n        \r\n        <a href=\"https:\/\/talkpal.ai\/bs\/rumunska-gramatika\/\">\r\n            <div class=\"learnNavigationWrapper\">\r\n                <div class=\"learnNavigationContent\">\r\n                    <img decoding=\"async\" src=\"https:\/\/talkpal.ai\/wp-content\/uploads\/2024\/08\/Romanian.jpg\" alt=\"Romanian Flag\">\r\n                    <div>\r\n                        <h4>Lekcije rumunske gramatike<\/h4>\r\n                        <p>Praktikuj rumunsku gramatiku.<\/p>\r\n                    <\/div>\r\n                <\/div>\r\n            <\/div>\r\n        <\/a>\r\n\r\n        \r\n        <a href=\"https:\/\/talkpal.ai\/vocabulary_language\/romanian\/\">\r\n            <div class=\"learnNavigationWrapper\">\r\n                <div class=\"learnNavigationContent\">\r\n                    <img decoding=\"async\" src=\"https:\/\/talkpal.ai\/wp-content\/uploads\/2024\/08\/Romanian.jpg\" alt=\"Romanian Flag\">\r\n                    <div>\r\n                        <h4>Rumunski vokabular<\/h4>\r\n                        <p>Pro\u0161irite svoj rumunski vokabular.<\/p>\r\n                    <\/div>\r\n                <\/div>\r\n            <\/div>\r\n        <\/a>\r\n\r\n            <\/section>","protected":false},"excerpt":{"rendered":"<p>Rumunske gramati\u010dke teme U\u010denje rumunskog jezika je nagra\u0111uju\u0107i poduhvat, koji nudi uvid u bogatu kulturu i istoriju. Iako je rumunska gramatika slo\u017eena, sistematski pristup mo\u017ee da je u\u010dini upravljivom. Klju\u010d je razumjeti njegovu strukturu i pravila, po\u010dev\u0161i od osnovnih elemenata i postepeno se kre\u0107u\u0107i prema naprednim temama. Ovaj vodi\u010d pru\u017ea optimalan slijed za u\u010denje rumunske [&hellip;]<\/p>\n","protected":false},"author":6,"featured_media":117739,"parent":0,"menu_order":0,"comment_status":"closed","ping_status":"closed","template":"LearningContentPage.php","meta":{"_acf_changed":false,"footnotes":""},"class_list":["post-157624","page","type-page","status-publish","has-post-thumbnail","hentry"],"acf":[],"yoast_head":"<!-- This site is optimized with the Yoast SEO Premium plugin v27.2 (Yoast SEO v27.2) - https:\/\/yoast.com\/product\/yoast-seo-premium-wordpress\/ -->\n<title>Rumunske gramati\u010dke ve\u017ebe - Talkpal<\/title>\n<meta name=\"description\" content=\"Savladajte rumunsku gramatiku uz pomo\u0107 ciljanih vje\u017ebi. Na\u0161e vje\u017ebe rumunske gramatike \u010dine u\u010denje sistemati\u010dnim i efikasnim.\" \/>\n<meta name=\"robots\" content=\"index, follow, max-snippet:-1, max-image-preview:large, max-video-preview:-1\" \/>\n<link rel=\"canonical\" href=\"https:\/\/talkpal.ai\/bs\/rumunske-gramaticke-vezbe\/\" \/>\n<meta property=\"og:locale\" content=\"bs_BA\" \/>\n<meta property=\"og:type\" content=\"article\" \/>\n<meta property=\"og:title\" content=\"Rumunske gramati\u010dke ve\u017ebe\" \/>\n<meta property=\"og:description\" content=\"Rumunske gramati\u010dke teme U\u010denje rumunskog jezika je nagra\u0111uju\u0107i poduhvat, koji nudi uvid u bogatu kulturu i istoriju. Iako je rumunska gramatika slo\u017eena,\" \/>\n<meta property=\"og:url\" content=\"https:\/\/talkpal.ai\/bs\/rumunske-gramaticke-vezbe\/\" \/>\n<meta property=\"og:site_name\" content=\"Talkpal\" \/>\n<meta property=\"article:publisher\" content=\"https:\/\/www.facebook.com\/profile.php?id=100090733639311\" \/>\n<meta property=\"article:modified_time\" content=\"2025-12-17T09:58:00+00:00\" \/>\n<meta property=\"og:image\" content=\"https:\/\/talkpal.ai\/wp-content\/uploads\/2023\/05\/romania.png\" \/>\n\t<meta property=\"og:image:width\" content=\"512\" \/>\n\t<meta property=\"og:image:height\" content=\"512\" \/>\n\t<meta property=\"og:image:type\" content=\"image\/png\" \/>\n<meta name=\"twitter:card\" content=\"summary_large_image\" \/>\n<meta name=\"twitter:site\" content=\"@talkpalai\" \/>\n<meta name=\"twitter:label1\" content=\"Est. reading time\" \/>\n\t<meta name=\"twitter:data1\" content=\"2 minute\" \/>\n<script type=\"application\/ld+json\" class=\"yoast-schema-graph\">{\"@context\":\"https:\/\/schema.org\",\"@graph\":[{\"@type\":\"WebPage\",\"@id\":\"https:\/\/talkpal.ai\/bs\/rumunske-gramaticke-vezbe\/\",\"url\":\"https:\/\/talkpal.ai\/bs\/rumunske-gramaticke-vezbe\/\",\"name\":\"Rumunske gramati\u010dke ve\u017ebe - Talkpal\",\"isPartOf\":{\"@id\":\"https:\/\/talkpal.ai\/bs\/#website\"},\"primaryImageOfPage\":{\"@id\":\"https:\/\/talkpal.ai\/bs\/rumunske-gramaticke-vezbe\/#primaryimage\"},\"image\":{\"@id\":\"https:\/\/talkpal.ai\/bs\/rumunske-gramaticke-vezbe\/#primaryimage\"},\"thumbnailUrl\":\"https:\/\/talkpal.ai\/wp-content\/uploads\/2023\/05\/romania.png\",\"datePublished\":\"2023-06-28T09:53:38+00:00\",\"dateModified\":\"2025-12-17T09:58:00+00:00\",\"description\":\"Savladajte rumunsku gramatiku uz pomo\u0107 ciljanih vje\u017ebi. Na\u0161e vje\u017ebe rumunske gramatike \u010dine u\u010denje sistemati\u010dnim i efikasnim.\",\"breadcrumb\":{\"@id\":\"https:\/\/talkpal.ai\/bs\/rumunske-gramaticke-vezbe\/#breadcrumb\"},\"inLanguage\":\"bs-BA\",\"potentialAction\":[{\"@type\":\"ReadAction\",\"target\":[\"https:\/\/talkpal.ai\/bs\/rumunske-gramaticke-vezbe\/\"]}]},{\"@type\":\"ImageObject\",\"inLanguage\":\"bs-BA\",\"@id\":\"https:\/\/talkpal.ai\/bs\/rumunske-gramaticke-vezbe\/#primaryimage\",\"url\":\"https:\/\/talkpal.ai\/wp-content\/uploads\/2023\/05\/romania.png\",\"contentUrl\":\"https:\/\/talkpal.ai\/wp-content\/uploads\/2023\/05\/romania.png\",\"width\":512,\"height\":512},{\"@type\":\"BreadcrumbList\",\"@id\":\"https:\/\/talkpal.ai\/bs\/rumunske-gramaticke-vezbe\/#breadcrumb\",\"itemListElement\":[{\"@type\":\"ListItem\",\"position\":1,\"name\":\"Homepage\",\"item\":\"https:\/\/talkpal.ai\/bs\/\"},{\"@type\":\"ListItem\",\"position\":2,\"name\":\"Rumunske gramati\u010dke ve\u017ebe\"}]},{\"@type\":\"WebSite\",\"@id\":\"https:\/\/talkpal.ai\/bs\/#website\",\"url\":\"https:\/\/talkpal.ai\/bs\/\",\"name\":\"Talkpal\",\"description\":\"AI Language Learning\",\"publisher\":{\"@id\":\"https:\/\/talkpal.ai\/bs\/#organization\"},\"alternateName\":\"Talkpal AI\",\"potentialAction\":[{\"@type\":\"SearchAction\",\"target\":{\"@type\":\"EntryPoint\",\"urlTemplate\":\"https:\/\/talkpal.ai\/bs\/?s={search_term_string}\"},\"query-input\":{\"@type\":\"PropertyValueSpecification\",\"valueRequired\":true,\"valueName\":\"search_term_string\"}}],\"inLanguage\":\"bs-BA\"},{\"@type\":\"Organization\",\"@id\":\"https:\/\/talkpal.ai\/bs\/#organization\",\"name\":\"Talkpal, Inc.\",\"alternateName\":\"Talkpal AI\",\"url\":\"https:\/\/talkpal.ai\/bs\/\",\"logo\":{\"@type\":\"ImageObject\",\"inLanguage\":\"bs-BA\",\"@id\":\"https:\/\/talkpal.ai\/bs\/#\/schema\/logo\/image\/\",\"url\":\"https:\/\/talkpal.ai\/wp-content\/uploads\/2024\/03\/Talkpal-Logo-Icon.png\",\"contentUrl\":\"https:\/\/talkpal.ai\/wp-content\/uploads\/2024\/03\/Talkpal-Logo-Icon.png\",\"width\":2880,\"height\":2880,\"caption\":\"Talkpal, Inc.\"},\"image\":{\"@id\":\"https:\/\/talkpal.ai\/bs\/#\/schema\/logo\/image\/\"},\"sameAs\":[\"https:\/\/www.facebook.com\/profile.php?id=100090733639311\",\"https:\/\/x.com\/talkpalai\",\"https:\/\/www.linkedin.com\/company\/talkpal\/\",\"https:\/\/www.youtube.com\/@TalkPal\/\",\"https:\/\/www.tiktok.com\/@talkpal\",\"https:\/\/www.instagram.com\/talkpal_ai\/\",\"https:\/\/www.crunchbase.com\/organization\/talkpal-9cde\",\"https:\/\/www.g2.com\/products\/talkpal-for-business\/\",\"https:\/\/www.trustpilot.com\/review\/talkpal.ai\",\"https:\/\/www.capterra.com\/p\/10006800\/TalkPal\/\"],\"description\":\"Talkpal is a language learning web and mobile education app, powered by the latest AI technologies, that provides engaging experiences to its customers in many different languages to help them improve their language skills. Users can chat about unlimited amount of topics with the app and use other modes to practice their language learning.\",\"email\":\"support@talkpal.ai\",\"legalName\":\"Talkpal, Inc.\",\"foundingDate\":\"2023-04-03\",\"duns\":\"118989042\",\"numberOfEmployees\":{\"@type\":\"QuantitativeValue\",\"minValue\":\"11\",\"maxValue\":\"50\"},\"publishingPrinciples\":\"https:\/\/talkpal.ai\/publishing-principles\/\",\"actionableFeedbackPolicy\":\"https:\/\/talkpal.ai\/actionable-feedback-policy\/\",\"correctionsPolicy\":\"https:\/\/talkpal.ai\/corrections-policy\/\",\"ethicsPolicy\":\"https:\/\/talkpal.ai\/ethics-policy\/\",\"diversityPolicy\":\"https:\/\/talkpal.ai\/diversity-policy\/\",\"diversityStaffingReport\":\"https:\/\/talkpal.ai\/diversity-policy\/\"}]}<\/script>\n<!-- \/ Yoast SEO Premium plugin. -->","yoast_head_json":{"title":"Rumunske gramati\u010dke ve\u017ebe - Talkpal","description":"Savladajte rumunsku gramatiku uz pomo\u0107 ciljanih vje\u017ebi. Na\u0161e vje\u017ebe rumunske gramatike \u010dine u\u010denje sistemati\u010dnim i efikasnim.","robots":{"index":"index","follow":"follow","max-snippet":"max-snippet:-1","max-image-preview":"max-image-preview:large","max-video-preview":"max-video-preview:-1"},"canonical":"https:\/\/talkpal.ai\/bs\/rumunske-gramaticke-vezbe\/","og_locale":"bs_BA","og_type":"article","og_title":"Rumunske gramati\u010dke ve\u017ebe","og_description":"Rumunske gramati\u010dke teme U\u010denje rumunskog jezika je nagra\u0111uju\u0107i poduhvat, koji nudi uvid u bogatu kulturu i istoriju. Iako je rumunska gramatika slo\u017eena,","og_url":"https:\/\/talkpal.ai\/bs\/rumunske-gramaticke-vezbe\/","og_site_name":"Talkpal","article_publisher":"https:\/\/www.facebook.com\/profile.php?id=100090733639311","article_modified_time":"2025-12-17T09:58:00+00:00","og_image":[{"width":512,"height":512,"url":"https:\/\/talkpal.ai\/wp-content\/uploads\/2023\/05\/romania.png","type":"image\/png"}],"twitter_card":"summary_large_image","twitter_site":"@talkpalai","twitter_misc":{"Est. reading time":"2 minute"},"schema":{"@context":"https:\/\/schema.org","@graph":[{"@type":"WebPage","@id":"https:\/\/talkpal.ai\/bs\/rumunske-gramaticke-vezbe\/","url":"https:\/\/talkpal.ai\/bs\/rumunske-gramaticke-vezbe\/","name":"Rumunske gramati\u010dke ve\u017ebe - Talkpal","isPartOf":{"@id":"https:\/\/talkpal.ai\/bs\/#website"},"primaryImageOfPage":{"@id":"https:\/\/talkpal.ai\/bs\/rumunske-gramaticke-vezbe\/#primaryimage"},"image":{"@id":"https:\/\/talkpal.ai\/bs\/rumunske-gramaticke-vezbe\/#primaryimage"},"thumbnailUrl":"https:\/\/talkpal.ai\/wp-content\/uploads\/2023\/05\/romania.png","datePublished":"2023-06-28T09:53:38+00:00","dateModified":"2025-12-17T09:58:00+00:00","description":"Savladajte rumunsku gramatiku uz pomo\u0107 ciljanih vje\u017ebi. Na\u0161e vje\u017ebe rumunske gramatike \u010dine u\u010denje sistemati\u010dnim i efikasnim.","breadcrumb":{"@id":"https:\/\/talkpal.ai\/bs\/rumunske-gramaticke-vezbe\/#breadcrumb"},"inLanguage":"bs-BA","potentialAction":[{"@type":"ReadAction","target":["https:\/\/talkpal.ai\/bs\/rumunske-gramaticke-vezbe\/"]}]},{"@type":"ImageObject","inLanguage":"bs-BA","@id":"https:\/\/talkpal.ai\/bs\/rumunske-gramaticke-vezbe\/#primaryimage","url":"https:\/\/talkpal.ai\/wp-content\/uploads\/2023\/05\/romania.png","contentUrl":"https:\/\/talkpal.ai\/wp-content\/uploads\/2023\/05\/romania.png","width":512,"height":512},{"@type":"BreadcrumbList","@id":"https:\/\/talkpal.ai\/bs\/rumunske-gramaticke-vezbe\/#breadcrumb","itemListElement":[{"@type":"ListItem","position":1,"name":"Homepage","item":"https:\/\/talkpal.ai\/bs\/"},{"@type":"ListItem","position":2,"name":"Rumunske gramati\u010dke ve\u017ebe"}]},{"@type":"WebSite","@id":"https:\/\/talkpal.ai\/bs\/#website","url":"https:\/\/talkpal.ai\/bs\/","name":"Talkpal","description":"AI Language Learning","publisher":{"@id":"https:\/\/talkpal.ai\/bs\/#organization"},"alternateName":"Talkpal AI","potentialAction":[{"@type":"SearchAction","target":{"@type":"EntryPoint","urlTemplate":"https:\/\/talkpal.ai\/bs\/?s={search_term_string}"},"query-input":{"@type":"PropertyValueSpecification","valueRequired":true,"valueName":"search_term_string"}}],"inLanguage":"bs-BA"},{"@type":"Organization","@id":"https:\/\/talkpal.ai\/bs\/#organization","name":"Talkpal, Inc.","alternateName":"Talkpal AI","url":"https:\/\/talkpal.ai\/bs\/","logo":{"@type":"ImageObject","inLanguage":"bs-BA","@id":"https:\/\/talkpal.ai\/bs\/#\/schema\/logo\/image\/","url":"https:\/\/talkpal.ai\/wp-content\/uploads\/2024\/03\/Talkpal-Logo-Icon.png","contentUrl":"https:\/\/talkpal.ai\/wp-content\/uploads\/2024\/03\/Talkpal-Logo-Icon.png","width":2880,"height":2880,"caption":"Talkpal, Inc."},"image":{"@id":"https:\/\/talkpal.ai\/bs\/#\/schema\/logo\/image\/"},"sameAs":["https:\/\/www.facebook.com\/profile.php?id=100090733639311","https:\/\/x.com\/talkpalai","https:\/\/www.linkedin.com\/company\/talkpal\/","https:\/\/www.youtube.com\/@TalkPal\/","https:\/\/www.tiktok.com\/@talkpal","https:\/\/www.instagram.com\/talkpal_ai\/","https:\/\/www.crunchbase.com\/organization\/talkpal-9cde","https:\/\/www.g2.com\/products\/talkpal-for-business\/","https:\/\/www.trustpilot.com\/review\/talkpal.ai","https:\/\/www.capterra.com\/p\/10006800\/TalkPal\/"],"description":"Talkpal is a language learning web and mobile education app, powered by the latest AI technologies, that provides engaging experiences to its customers in many different languages to help them improve their language skills. Users can chat about unlimited amount of topics with the app and use other modes to practice their language learning.","email":"support@talkpal.ai","legalName":"Talkpal, Inc.","foundingDate":"2023-04-03","duns":"118989042","numberOfEmployees":{"@type":"QuantitativeValue","minValue":"11","maxValue":"50"},"publishingPrinciples":"https:\/\/talkpal.ai\/publishing-principles\/","actionableFeedbackPolicy":"https:\/\/talkpal.ai\/actionable-feedback-policy\/","correctionsPolicy":"https:\/\/talkpal.ai\/corrections-policy\/","ethicsPolicy":"https:\/\/talkpal.ai\/ethics-policy\/","diversityPolicy":"https:\/\/talkpal.ai\/diversity-policy\/","diversityStaffingReport":"https:\/\/talkpal.ai\/diversity-policy\/"}]}},"_links":{"self":[{"href":"https:\/\/talkpal.ai\/bs\/wp-json\/wp\/v2\/pages\/157624","targetHints":{"allow":["GET"]}}],"collection":[{"href":"https:\/\/talkpal.ai\/bs\/wp-json\/wp\/v2\/pages"}],"about":[{"href":"https:\/\/talkpal.ai\/bs\/wp-json\/wp\/v2\/types\/page"}],"author":[{"embeddable":true,"href":"https:\/\/talkpal.ai\/bs\/wp-json\/wp\/v2\/users\/6"}],"replies":[{"embeddable":true,"href":"https:\/\/talkpal.ai\/bs\/wp-json\/wp\/v2\/comments?post=157624"}],"version-history":[{"count":0,"href":"https:\/\/talkpal.ai\/bs\/wp-json\/wp\/v2\/pages\/157624\/revisions"}],"wp:featuredmedia":[{"embeddable":true,"href":"https:\/\/talkpal.ai\/bs\/wp-json\/wp\/v2\/media\/117739"}],"wp:attachment":[{"href":"https:\/\/talkpal.ai\/bs\/wp-json\/wp\/v2\/media?parent=157624"}],"curies":[{"name":"wp","href":"https:\/\/api.w.org\/{rel}","templated":true}]}}