{"id":156681,"date":"2023-06-28T14:00:55","date_gmt":"2023-06-28T14:00:55","guid":{"rendered":"http:\/\/talkpal.ai\/svahili-gramaticke-vezbe\/"},"modified":"2025-12-17T10:00:05","modified_gmt":"2025-12-17T10:00:05","slug":"svahili-gramaticke-vezbe","status":"publish","type":"page","link":"https:\/\/talkpal.ai\/bs\/svahili-gramaticke-vezbe\/","title":{"rendered":"svahili gramati\u010dke ve\u017ebe"},"content":{"rendered":"\r\n\r\n\r\n<section class=\"languageChallengeSection\">\r\n    <div class=\"languageInfoWrapper\">\r\n        \r\n        <h1>svahili gramati\u010dke ve\u017ebe<\/h1>\r\n        <p>Spremni da usavr\u0161ite svoje znanje svahilija? Fokusirane gramati\u010dke vje\u017ebe su savr\u0161en na\u010din za razumijevanje re\u010deni\u010dne strukture, glagolskih obrazaca i bitnih oblika rije\u010di. Uronite u vje\u017ebu <a href=\"https:\/\/talkpal.ai\/learn-swahili\/\">svahili<\/a> gramatike kako biste izgradili samopouzdanje, pro\u0161irili vokabular i u\u010dinili da svaki razgovor te\u010de prirodnije. Po\u010dnite vje\u017ebati ve\u0107 danas i vidite koliko brzo \u0107e se va\u0161 svahili pobolj\u0161ati!<\/p>\r\n\r\n                            <a class=\"getStartedHidden\" href=\"https:\/\/app.talkpal.ai\/signup?lng=\">Kreni<\/a>\r\n        \r\n    <\/div>\r\n\r\n    <figure>\r\n    <img decoding=\"async\" width=\"768\" height=\"768\" src=\"https:\/\/talkpal.ai\/wp-content\/uploads\/2023\/06\/Swahili-768x768.png\" class=\"languageImage no-lazy\" alt=\"Secrets to master language learning\" fetchpriority=\"high\" sizes=\"(max-width: 768px) 150px, 768px\" srcset=\"https:\/\/talkpal.ai\/wp-content\/uploads\/2023\/06\/Swahili-768x768.png 768w, https:\/\/talkpal.ai\/wp-content\/uploads\/2023\/06\/Swahili-300x300.png 300w\" \/>\r\n    \r\n\r\n    <\/figure>\r\n\r\n            <a class=\"getStartedVisible\" href=\"https:\/\/app.talkpal.ai\/signup?lng=\">Kreni<\/a>\r\n    \r\n<\/section>\r\n\r\n\r\n<!-- <section class=\"grammarSection\">\r\n    <div class=\"grammarLinks\">\r\n            <\/div>\r\n<\/section> -->\r\n\r\n\r\n\r\n\r\n<section class=\"promotionalBanner\">\r\n    <p class=\"promotionalText\">Najefikasniji na\u010din za u\u010denje jezika<\/p>\r\n    <a class=\"promotionalLink\" href=\"https:\/\/app.talkpal.ai\/signup?lng=\">Isprobajte Talkpal besplatno<\/a>\r\n<\/section>\n<div class=\"wp-block-group pageContainerStyle\"><div class=\"wp-block-group__inner-container is-layout-constrained wp-block-group-is-layout-constrained\">\n<h2 class=\"wp-block-heading\" id=\"h-swahili-grammar-topics\">svahili gramatika topics<\/h2>\n\n\n\n<p>U\u010denje svahilija je uzbudljivo putovanje na jedan od najrasprostranjenijih jezika u Africi. To je bantu jezik, koji se prvenstveno govori u isto\u010dnoj Africi, sa oko 50-100 miliona govornika \u0161irom sveta. <a href=\"https:\/\/talkpal.ai\/swahili-grammar\/\">Gramatika svahilija<\/a> je prepoznatljiva i nudi fascinantnu perspektivu jezi\u010dke strukture. Da biste efikasno nau\u010dili svahili, klju\u010dno je slijediti strukturirani pristup, fokusiraju\u0107i se na klju\u010dne gramati\u010dke teme kao \u0161to su vremena, glagoli, imenice, \u010dlanci, zamjenice\/determinatori, pridjevi, prilozi, prilozi, uslovi, prijedlozi i konstrukcija re\u010denica. Svaka od ovih komponenti je sastavni deo razumevanja i savladavanja jezika.<\/p>\n\n\n\n<h3 class=\"wp-block-heading\" id=\"h-1-nouns\">1. imenice:<\/h3>\n\n\n\n<p>Po\u010dni sa u\u010denjem svahili imenica. U svahiliju, imenice se klasifikuju prema klasama imenica, \u0161to uti\u010de na oblik prideva, zamenica i glagola koji se odnose na njih. Razumevanje ovih \u010dasova imenica je osnova za u\u010denje drugih aspekata svahili gramatike.<\/p>\n\n\n\n<h3 class=\"wp-block-heading\" id=\"h-2-articles\">2. \u010dlanci:<\/h3>\n\n\n\n<p>Kada se odlu\u010dite za imenice, pre\u0111ite na \u010dlanke. U svahiliju ne postoje odre\u0111eni ili neodre\u0111eni \u010dlanovi poput \u201ca\u201d, \u201can\u201d ili \u201cthe\u201d. Me\u0111utim, sistem imenskih klasa igra sli\u010dnu ulogu, pa je va\u017eno ovladati njime.<\/p>\n\n\n\n<h3 class=\"wp-block-heading\" id=\"h-3-pronouns-determiners\">3. zamjenice\/determinatori:<\/h3>\n\n\n\n<p>Zamjenice i determinatori u svahili mijenjaju se na osnovu imenice klase imenice na koju se odnose. U\u010denje ovih promjena pomo\u0107i \u0107e u konstrukciji kompletnih re\u010denica.<\/p>\n\n\n\n<h3 class=\"wp-block-heading\" id=\"h-4-adjectives\">4. pridjevi:<\/h3>\n\n\n\n<p>Svahili pridjevi se sla\u017eu sa imenicom koju opisuju. To zna\u010di da pridjev mijenja svoj oblik kako bi odgovarao klasi imenice. Razumijevanje ovoga \u0107e pobolj\u0161ati va\u0161u konstrukciju re\u010denica.<\/p>\n\n\n\n<h3 class=\"wp-block-heading\" id=\"h-5-verbs\">5. glagoli:<\/h3>\n\n\n\n<p>Svahili glagoli su od su\u0161tinskog zna\u010daja za izra\u017eavanje akcija i stanja. Oni tako\u0111e nose napete, aspekte i informacije o raspolo\u017eenju. Poznavanje pravila konjugacije glagola je od su\u0161tinskog zna\u010daja za efikasnu komunikaciju.<\/p>\n\n\n\n<h3 class=\"wp-block-heading\" id=\"h-6-tenses\">6. napetosti:<\/h3>\n\n\n\n<p>Razumevanje vremena je klju\u010dno za komunikaciju doga\u0111aja koji se de\u0161avaju u razli\u010dito vreme. Svahili ima razli\u010dita vremena za pro\u0161lost, sada\u0161njost i budu\u0107e doga\u0111aje.<\/p>\n\n\n\n<h3 class=\"wp-block-heading\" id=\"h-7-tense-comparison\">7. napeto pore\u0111enje:<\/h3>\n\n\n\n<p>Nakon razumevanja osnovnih vremena, potrebno je da nau\u010dite kako da ih uporedite. Ovo \u0107e vam pomo\u0107i da izrazite kompleksne misli i situacije.<\/p>\n\n\n\n<h3 class=\"wp-block-heading\" id=\"h-8-progressive-and-perfect-progressive\">Progresivno i progresivno:<\/h3>\n\n\n\n<p>Ovi aspekti vremena izra\u017eavaju teku\u0107e akcije ili akcije koje su zavr\u0161ene. Razumijevanje ovih \u0107e obogatiti va\u0161e mogu\u0107nosti izra\u017eavanja na svahiliju.<\/p>\n\n\n\n<h3 class=\"wp-block-heading\" id=\"h-9-adverbs\">9. prilozi:<\/h3>\n\n\n\n<p>Prilozi mijenjaju glagole, pridjeve i druge priloge. Oni pru\u017eaju dodatne informacije o akcijama, kvalitetima ili drugim okolnostima.<\/p>\n\n\n\n<h3 class=\"wp-block-heading\" id=\"h-10-conditionals\">10. uslovno:<\/h3>\n\n\n\n<p>Kondicionali izra\u017eavaju hipoteti\u010dke situacije ili zavisnosti izme\u0111u doga\u0111aja. Korisni su za naprednu komunikaciju na svahiliju.<\/p>\n\n\n\n<h3 class=\"wp-block-heading\" id=\"h-11-prepositions\">11. prijedlozi:<\/h3>\n\n\n\n<p>Predlozi \u0107e vam omogu\u0107iti da izrazite odnose izme\u0111u razli\u010ditih delova re\u010denice, kao \u0161to su lokacija, pravac, vreme, uzrok itd.<\/p>\n\n\n\n<h3 class=\"wp-block-heading\" id=\"h-12-sentences\">12. re\u010denice:<\/h3>\n\n\n\n<p>Kona\u010dno, razumevanje kako konstruisati re\u010denice koriste\u0107i sve nau\u010dene delove govora je kulminacija va\u0161eg svahili u\u010denja putovanja. Uklju\u010duje aran\u017eiranje rije\u010di i fraza za stvaranje potpunih misli.<\/p>\n<\/div><\/div>\n\r\n<section class=\"learnNavigationSection\">\r\n            \r\n        <a href=\"https:\/\/talkpal.ai\/bs\/nauci-svahili\/\">\r\n            <div class=\"learnNavigationWrapper\">\r\n                <div class=\"learnNavigationContent\">\r\n                    <img decoding=\"async\" src=\"https:\/\/talkpal.ai\/wp-content\/uploads\/2024\/08\/Swahili.jpg\" alt=\"Kenya and Tanzania Flags\">\r\n                    <div>\r\n                        <h4>O u\u010denju svahili<\/h4>\r\n                        <p>Saznaj sve o svahili gramatici.<\/p>\r\n                    <\/div>\r\n                <\/div>\r\n            <\/div>\r\n        <\/a>\r\n\r\n        \r\n        <a href=\"https:\/\/talkpal.ai\/bs\/svahili-gramatika\/\">\r\n            <div class=\"learnNavigationWrapper\">\r\n                <div class=\"learnNavigationContent\">\r\n                    <img decoding=\"async\" src=\"https:\/\/talkpal.ai\/wp-content\/uploads\/2024\/08\/Swahili.jpg\" alt=\"Kenya and Tanzania Flags\">\r\n                    <div>\r\n                        <h4>Svahili gramatika lekcije<\/h4>\r\n                        <p>Vje\u017ebaj svahili gramatiku.<\/p>\r\n                    <\/div>\r\n                <\/div>\r\n            <\/div>\r\n        <\/a>\r\n\r\n        \r\n        <a href=\"https:\/\/talkpal.ai\/vocabulary_language\/swahili\/\">\r\n            <div class=\"learnNavigationWrapper\">\r\n                <div class=\"learnNavigationContent\">\r\n                    <img decoding=\"async\" src=\"https:\/\/talkpal.ai\/wp-content\/uploads\/2024\/08\/Swahili.jpg\" alt=\"Kenya and Tanzania Flags\">\r\n                    <div>\r\n                        <h4>Svahili vokabular<\/h4>\r\n                        <p>Pro\u0161irite svoj vokabular na svahili.<\/p>\r\n                    <\/div>\r\n                <\/div>\r\n            <\/div>\r\n        <\/a>\r\n\r\n            <\/section>","protected":false},"excerpt":{"rendered":"<p>svahili gramatika topics U\u010denje svahilija je uzbudljivo putovanje na jedan od najrasprostranjenijih jezika u Africi. To je bantu jezik, koji se prvenstveno govori u isto\u010dnoj Africi, sa oko 50-100 miliona govornika \u0161irom sveta. Gramatika svahilija je prepoznatljiva i nudi fascinantnu perspektivu jezi\u010dke strukture. Da biste efikasno nau\u010dili svahili, klju\u010dno je slijediti strukturirani pristup, fokusiraju\u0107i se [&hellip;]<\/p>\n","protected":false},"author":6,"featured_media":119452,"parent":0,"menu_order":0,"comment_status":"closed","ping_status":"closed","template":"LearningContentPage.php","meta":{"_acf_changed":false,"footnotes":""},"class_list":["post-156681","page","type-page","status-publish","has-post-thumbnail","hentry"],"acf":[],"yoast_head":"<!-- This site is optimized with the Yoast SEO Premium plugin v27.2 (Yoast SEO v27.2) - https:\/\/yoast.com\/product\/yoast-seo-premium-wordpress\/ -->\n<title>svahili gramati\u010dke ve\u017ebe - Talkpal<\/title>\n<meta name=\"description\" content=\"Istra\u017eite zanimljive vje\u017ebe iz svahili gramatike kako biste unaprijedili svoje jezi\u010dke vje\u0161tine i pobolj\u0161ali svoje razumijevanje svahilija.\" \/>\n<meta name=\"robots\" content=\"index, follow, max-snippet:-1, max-image-preview:large, max-video-preview:-1\" \/>\n<link rel=\"canonical\" href=\"https:\/\/talkpal.ai\/bs\/svahili-gramaticke-vezbe\/\" \/>\n<meta property=\"og:locale\" content=\"bs_BA\" \/>\n<meta property=\"og:type\" content=\"article\" \/>\n<meta property=\"og:title\" content=\"svahili gramati\u010dke ve\u017ebe\" \/>\n<meta property=\"og:description\" content=\"svahili gramatika topics U\u010denje svahilija je uzbudljivo putovanje na jedan od najrasprostranjenijih jezika u Africi. To je bantu jezik, koji se\" \/>\n<meta property=\"og:url\" content=\"https:\/\/talkpal.ai\/bs\/svahili-gramaticke-vezbe\/\" \/>\n<meta property=\"og:site_name\" content=\"Talkpal\" \/>\n<meta property=\"article:publisher\" content=\"https:\/\/www.facebook.com\/profile.php?id=100090733639311\" \/>\n<meta property=\"article:modified_time\" content=\"2025-12-17T10:00:05+00:00\" \/>\n<meta property=\"og:image\" content=\"https:\/\/talkpal.ai\/wp-content\/uploads\/2023\/05\/Swahili-tanzania.png\" \/>\n\t<meta property=\"og:image:width\" content=\"512\" \/>\n\t<meta property=\"og:image:height\" content=\"512\" \/>\n\t<meta property=\"og:image:type\" content=\"image\/png\" \/>\n<meta name=\"twitter:card\" content=\"summary_large_image\" \/>\n<meta name=\"twitter:site\" content=\"@talkpalai\" \/>\n<meta name=\"twitter:label1\" content=\"Est. reading time\" \/>\n\t<meta name=\"twitter:data1\" content=\"2 minute\" \/>\n<script type=\"application\/ld+json\" class=\"yoast-schema-graph\">{\"@context\":\"https:\/\/schema.org\",\"@graph\":[{\"@type\":\"WebPage\",\"@id\":\"https:\/\/talkpal.ai\/bs\/svahili-gramaticke-vezbe\/\",\"url\":\"https:\/\/talkpal.ai\/bs\/svahili-gramaticke-vezbe\/\",\"name\":\"svahili gramati\u010dke ve\u017ebe - Talkpal\",\"isPartOf\":{\"@id\":\"https:\/\/talkpal.ai\/bs\/#website\"},\"primaryImageOfPage\":{\"@id\":\"https:\/\/talkpal.ai\/bs\/svahili-gramaticke-vezbe\/#primaryimage\"},\"image\":{\"@id\":\"https:\/\/talkpal.ai\/bs\/svahili-gramaticke-vezbe\/#primaryimage\"},\"thumbnailUrl\":\"https:\/\/talkpal.ai\/wp-content\/uploads\/2023\/05\/Swahili-tanzania.png\",\"datePublished\":\"2023-06-28T14:00:55+00:00\",\"dateModified\":\"2025-12-17T10:00:05+00:00\",\"description\":\"Istra\u017eite zanimljive vje\u017ebe iz svahili gramatike kako biste unaprijedili svoje jezi\u010dke vje\u0161tine i pobolj\u0161ali svoje razumijevanje svahilija.\",\"breadcrumb\":{\"@id\":\"https:\/\/talkpal.ai\/bs\/svahili-gramaticke-vezbe\/#breadcrumb\"},\"inLanguage\":\"bs-BA\",\"potentialAction\":[{\"@type\":\"ReadAction\",\"target\":[\"https:\/\/talkpal.ai\/bs\/svahili-gramaticke-vezbe\/\"]}]},{\"@type\":\"ImageObject\",\"inLanguage\":\"bs-BA\",\"@id\":\"https:\/\/talkpal.ai\/bs\/svahili-gramaticke-vezbe\/#primaryimage\",\"url\":\"https:\/\/talkpal.ai\/wp-content\/uploads\/2023\/05\/Swahili-tanzania.png\",\"contentUrl\":\"https:\/\/talkpal.ai\/wp-content\/uploads\/2023\/05\/Swahili-tanzania.png\",\"width\":512,\"height\":512},{\"@type\":\"BreadcrumbList\",\"@id\":\"https:\/\/talkpal.ai\/bs\/svahili-gramaticke-vezbe\/#breadcrumb\",\"itemListElement\":[{\"@type\":\"ListItem\",\"position\":1,\"name\":\"Homepage\",\"item\":\"https:\/\/talkpal.ai\/bs\/\"},{\"@type\":\"ListItem\",\"position\":2,\"name\":\"svahili gramati\u010dke ve\u017ebe\"}]},{\"@type\":\"WebSite\",\"@id\":\"https:\/\/talkpal.ai\/bs\/#website\",\"url\":\"https:\/\/talkpal.ai\/bs\/\",\"name\":\"Talkpal\",\"description\":\"AI Language Learning\",\"publisher\":{\"@id\":\"https:\/\/talkpal.ai\/bs\/#organization\"},\"alternateName\":\"Talkpal AI\",\"potentialAction\":[{\"@type\":\"SearchAction\",\"target\":{\"@type\":\"EntryPoint\",\"urlTemplate\":\"https:\/\/talkpal.ai\/bs\/?s={search_term_string}\"},\"query-input\":{\"@type\":\"PropertyValueSpecification\",\"valueRequired\":true,\"valueName\":\"search_term_string\"}}],\"inLanguage\":\"bs-BA\"},{\"@type\":\"Organization\",\"@id\":\"https:\/\/talkpal.ai\/bs\/#organization\",\"name\":\"Talkpal, Inc.\",\"alternateName\":\"Talkpal AI\",\"url\":\"https:\/\/talkpal.ai\/bs\/\",\"logo\":{\"@type\":\"ImageObject\",\"inLanguage\":\"bs-BA\",\"@id\":\"https:\/\/talkpal.ai\/bs\/#\/schema\/logo\/image\/\",\"url\":\"https:\/\/talkpal.ai\/wp-content\/uploads\/2024\/03\/Talkpal-Logo-Icon.png\",\"contentUrl\":\"https:\/\/talkpal.ai\/wp-content\/uploads\/2024\/03\/Talkpal-Logo-Icon.png\",\"width\":2880,\"height\":2880,\"caption\":\"Talkpal, Inc.\"},\"image\":{\"@id\":\"https:\/\/talkpal.ai\/bs\/#\/schema\/logo\/image\/\"},\"sameAs\":[\"https:\/\/www.facebook.com\/profile.php?id=100090733639311\",\"https:\/\/x.com\/talkpalai\",\"https:\/\/www.linkedin.com\/company\/talkpal\/\",\"https:\/\/www.youtube.com\/@TalkPal\/\",\"https:\/\/www.tiktok.com\/@talkpal\",\"https:\/\/www.instagram.com\/talkpal_ai\/\",\"https:\/\/www.crunchbase.com\/organization\/talkpal-9cde\",\"https:\/\/www.g2.com\/products\/talkpal-for-business\/\",\"https:\/\/www.trustpilot.com\/review\/talkpal.ai\",\"https:\/\/www.capterra.com\/p\/10006800\/TalkPal\/\"],\"description\":\"Talkpal is a language learning web and mobile education app, powered by the latest AI technologies, that provides engaging experiences to its customers in many different languages to help them improve their language skills. Users can chat about unlimited amount of topics with the app and use other modes to practice their language learning.\",\"email\":\"support@talkpal.ai\",\"legalName\":\"Talkpal, Inc.\",\"foundingDate\":\"2023-04-03\",\"duns\":\"118989042\",\"numberOfEmployees\":{\"@type\":\"QuantitativeValue\",\"minValue\":\"11\",\"maxValue\":\"50\"},\"publishingPrinciples\":\"https:\/\/talkpal.ai\/publishing-principles\/\",\"actionableFeedbackPolicy\":\"https:\/\/talkpal.ai\/actionable-feedback-policy\/\",\"correctionsPolicy\":\"https:\/\/talkpal.ai\/corrections-policy\/\",\"ethicsPolicy\":\"https:\/\/talkpal.ai\/ethics-policy\/\",\"diversityPolicy\":\"https:\/\/talkpal.ai\/diversity-policy\/\",\"diversityStaffingReport\":\"https:\/\/talkpal.ai\/diversity-policy\/\"}]}<\/script>\n<!-- \/ Yoast SEO Premium plugin. -->","yoast_head_json":{"title":"svahili gramati\u010dke ve\u017ebe - Talkpal","description":"Istra\u017eite zanimljive vje\u017ebe iz svahili gramatike kako biste unaprijedili svoje jezi\u010dke vje\u0161tine i pobolj\u0161ali svoje razumijevanje svahilija.","robots":{"index":"index","follow":"follow","max-snippet":"max-snippet:-1","max-image-preview":"max-image-preview:large","max-video-preview":"max-video-preview:-1"},"canonical":"https:\/\/talkpal.ai\/bs\/svahili-gramaticke-vezbe\/","og_locale":"bs_BA","og_type":"article","og_title":"svahili gramati\u010dke ve\u017ebe","og_description":"svahili gramatika topics U\u010denje svahilija je uzbudljivo putovanje na jedan od najrasprostranjenijih jezika u Africi. To je bantu jezik, koji se","og_url":"https:\/\/talkpal.ai\/bs\/svahili-gramaticke-vezbe\/","og_site_name":"Talkpal","article_publisher":"https:\/\/www.facebook.com\/profile.php?id=100090733639311","article_modified_time":"2025-12-17T10:00:05+00:00","og_image":[{"width":512,"height":512,"url":"https:\/\/talkpal.ai\/wp-content\/uploads\/2023\/05\/Swahili-tanzania.png","type":"image\/png"}],"twitter_card":"summary_large_image","twitter_site":"@talkpalai","twitter_misc":{"Est. reading time":"2 minute"},"schema":{"@context":"https:\/\/schema.org","@graph":[{"@type":"WebPage","@id":"https:\/\/talkpal.ai\/bs\/svahili-gramaticke-vezbe\/","url":"https:\/\/talkpal.ai\/bs\/svahili-gramaticke-vezbe\/","name":"svahili gramati\u010dke ve\u017ebe - Talkpal","isPartOf":{"@id":"https:\/\/talkpal.ai\/bs\/#website"},"primaryImageOfPage":{"@id":"https:\/\/talkpal.ai\/bs\/svahili-gramaticke-vezbe\/#primaryimage"},"image":{"@id":"https:\/\/talkpal.ai\/bs\/svahili-gramaticke-vezbe\/#primaryimage"},"thumbnailUrl":"https:\/\/talkpal.ai\/wp-content\/uploads\/2023\/05\/Swahili-tanzania.png","datePublished":"2023-06-28T14:00:55+00:00","dateModified":"2025-12-17T10:00:05+00:00","description":"Istra\u017eite zanimljive vje\u017ebe iz svahili gramatike kako biste unaprijedili svoje jezi\u010dke vje\u0161tine i pobolj\u0161ali svoje razumijevanje svahilija.","breadcrumb":{"@id":"https:\/\/talkpal.ai\/bs\/svahili-gramaticke-vezbe\/#breadcrumb"},"inLanguage":"bs-BA","potentialAction":[{"@type":"ReadAction","target":["https:\/\/talkpal.ai\/bs\/svahili-gramaticke-vezbe\/"]}]},{"@type":"ImageObject","inLanguage":"bs-BA","@id":"https:\/\/talkpal.ai\/bs\/svahili-gramaticke-vezbe\/#primaryimage","url":"https:\/\/talkpal.ai\/wp-content\/uploads\/2023\/05\/Swahili-tanzania.png","contentUrl":"https:\/\/talkpal.ai\/wp-content\/uploads\/2023\/05\/Swahili-tanzania.png","width":512,"height":512},{"@type":"BreadcrumbList","@id":"https:\/\/talkpal.ai\/bs\/svahili-gramaticke-vezbe\/#breadcrumb","itemListElement":[{"@type":"ListItem","position":1,"name":"Homepage","item":"https:\/\/talkpal.ai\/bs\/"},{"@type":"ListItem","position":2,"name":"svahili gramati\u010dke ve\u017ebe"}]},{"@type":"WebSite","@id":"https:\/\/talkpal.ai\/bs\/#website","url":"https:\/\/talkpal.ai\/bs\/","name":"Talkpal","description":"AI Language Learning","publisher":{"@id":"https:\/\/talkpal.ai\/bs\/#organization"},"alternateName":"Talkpal AI","potentialAction":[{"@type":"SearchAction","target":{"@type":"EntryPoint","urlTemplate":"https:\/\/talkpal.ai\/bs\/?s={search_term_string}"},"query-input":{"@type":"PropertyValueSpecification","valueRequired":true,"valueName":"search_term_string"}}],"inLanguage":"bs-BA"},{"@type":"Organization","@id":"https:\/\/talkpal.ai\/bs\/#organization","name":"Talkpal, Inc.","alternateName":"Talkpal AI","url":"https:\/\/talkpal.ai\/bs\/","logo":{"@type":"ImageObject","inLanguage":"bs-BA","@id":"https:\/\/talkpal.ai\/bs\/#\/schema\/logo\/image\/","url":"https:\/\/talkpal.ai\/wp-content\/uploads\/2024\/03\/Talkpal-Logo-Icon.png","contentUrl":"https:\/\/talkpal.ai\/wp-content\/uploads\/2024\/03\/Talkpal-Logo-Icon.png","width":2880,"height":2880,"caption":"Talkpal, Inc."},"image":{"@id":"https:\/\/talkpal.ai\/bs\/#\/schema\/logo\/image\/"},"sameAs":["https:\/\/www.facebook.com\/profile.php?id=100090733639311","https:\/\/x.com\/talkpalai","https:\/\/www.linkedin.com\/company\/talkpal\/","https:\/\/www.youtube.com\/@TalkPal\/","https:\/\/www.tiktok.com\/@talkpal","https:\/\/www.instagram.com\/talkpal_ai\/","https:\/\/www.crunchbase.com\/organization\/talkpal-9cde","https:\/\/www.g2.com\/products\/talkpal-for-business\/","https:\/\/www.trustpilot.com\/review\/talkpal.ai","https:\/\/www.capterra.com\/p\/10006800\/TalkPal\/"],"description":"Talkpal is a language learning web and mobile education app, powered by the latest AI technologies, that provides engaging experiences to its customers in many different languages to help them improve their language skills. Users can chat about unlimited amount of topics with the app and use other modes to practice their language learning.","email":"support@talkpal.ai","legalName":"Talkpal, Inc.","foundingDate":"2023-04-03","duns":"118989042","numberOfEmployees":{"@type":"QuantitativeValue","minValue":"11","maxValue":"50"},"publishingPrinciples":"https:\/\/talkpal.ai\/publishing-principles\/","actionableFeedbackPolicy":"https:\/\/talkpal.ai\/actionable-feedback-policy\/","correctionsPolicy":"https:\/\/talkpal.ai\/corrections-policy\/","ethicsPolicy":"https:\/\/talkpal.ai\/ethics-policy\/","diversityPolicy":"https:\/\/talkpal.ai\/diversity-policy\/","diversityStaffingReport":"https:\/\/talkpal.ai\/diversity-policy\/"}]}},"_links":{"self":[{"href":"https:\/\/talkpal.ai\/bs\/wp-json\/wp\/v2\/pages\/156681","targetHints":{"allow":["GET"]}}],"collection":[{"href":"https:\/\/talkpal.ai\/bs\/wp-json\/wp\/v2\/pages"}],"about":[{"href":"https:\/\/talkpal.ai\/bs\/wp-json\/wp\/v2\/types\/page"}],"author":[{"embeddable":true,"href":"https:\/\/talkpal.ai\/bs\/wp-json\/wp\/v2\/users\/6"}],"replies":[{"embeddable":true,"href":"https:\/\/talkpal.ai\/bs\/wp-json\/wp\/v2\/comments?post=156681"}],"version-history":[{"count":0,"href":"https:\/\/talkpal.ai\/bs\/wp-json\/wp\/v2\/pages\/156681\/revisions"}],"wp:featuredmedia":[{"embeddable":true,"href":"https:\/\/talkpal.ai\/bs\/wp-json\/wp\/v2\/media\/119452"}],"wp:attachment":[{"href":"https:\/\/talkpal.ai\/bs\/wp-json\/wp\/v2\/media?parent=156681"}],"curies":[{"name":"wp","href":"https:\/\/api.w.org\/{rel}","templated":true}]}}