{"id":154925,"date":"2023-07-05T11:05:37","date_gmt":"2023-07-05T11:05:37","guid":{"rendered":"http:\/\/talkpal.ai\/vijetnamske-gramaticke-vjezbe\/"},"modified":"2025-12-17T14:56:56","modified_gmt":"2025-12-17T14:56:56","slug":"vijetnamske-gramaticke-vjezbe","status":"publish","type":"page","link":"https:\/\/talkpal.ai\/bs\/vijetnamske-gramaticke-vjezbe\/","title":{"rendered":"vijetnamske gramati\u010dke vje\u017ebe"},"content":{"rendered":"\r\n\r\n\r\n<section class=\"languageChallengeSection\">\r\n    <div class=\"languageInfoWrapper\">\r\n        \r\n        <h1>vijetnamske gramati\u010dke vje\u017ebe<\/h1>\r\n        <p>Hajde da se malo zabavimo sa slova\u010dkom gramatikom! Ove jednostavne vje\u017ebe \u0107e vam pomo\u0107i da se naviknete na na\u010din na koji jezik funkcioni\u0161e i pove\u0107at \u0107e va\u0161e samopouzdanje dok u\u010dite. Spremni? Hajde da po\u010dnemo!<\/p>\r\n\r\n                            <a class=\"getStartedHidden\" href=\"https:\/\/app.talkpal.ai\/signup?lng=\">Kreni<\/a>\r\n        \r\n    <\/div>\r\n\r\n    <figure>\r\n    <img decoding=\"async\" width=\"768\" height=\"768\" src=\"https:\/\/talkpal.ai\/wp-content\/uploads\/2023\/06\/vietnamese-768x768.png\" class=\"languageImage no-lazy\" alt=\"Language learning for extensive cultural knowledge\" fetchpriority=\"high\" sizes=\"(max-width: 768px) 150px, 768px\" srcset=\"https:\/\/talkpal.ai\/wp-content\/uploads\/2023\/06\/vietnamese-768x768.png 768w, https:\/\/talkpal.ai\/wp-content\/uploads\/2023\/06\/vietnamese-300x300.png 300w\" \/>\r\n    \r\n\r\n    <\/figure>\r\n\r\n            <a class=\"getStartedVisible\" href=\"https:\/\/app.talkpal.ai\/signup?lng=\">Kreni<\/a>\r\n    \r\n<\/section>\r\n\r\n\r\n<!-- <section class=\"grammarSection\">\r\n    <div class=\"grammarLinks\">\r\n            <\/div>\r\n<\/section> -->\r\n\r\n\r\n\r\n\r\n<section class=\"promotionalBanner\">\r\n    <p class=\"promotionalText\">Najefikasniji na\u010din za u\u010denje jezika<\/p>\r\n    <a class=\"promotionalLink\" href=\"https:\/\/app.talkpal.ai\/signup?lng=\">Isprobajte Talkpal besplatno<\/a>\r\n<\/section>\n<div class=\"wp-block-group pageContainerStyle\"><div class=\"wp-block-group__inner-container is-layout-constrained wp-block-group-is-layout-constrained\">\n<h2 class=\"wp-block-heading\" id=\"h-vietnamese-grammar-topics\">vijetnamska gramatika topics<\/h2>\n\n\n\n<p>U\u010denje novog jezika mo\u017ee da bude uzbudljiv i izazovan poduhvat. Razumijevanje vijetnamske gramatike je klju\u010d za otklju\u010davanje ovog fascinantnog jezika. Ovde \u0107emo diskutovati i grupisati va\u017ene teme u redosledu u kojem bi idealno trebalo da budu nau\u010dene, omogu\u0107avaju\u0107i postepeno nagomilavanje slo\u017eenosti. Ovaj vodi\u010d \u0107e pokriti sve, od osnovnih elemenata kao \u0161to su imenice i glagoli do slo\u017eenijih struktura kao \u0161to su vremena i uslovi.<\/p>\n\n\n\n<h3 class=\"wp-block-heading\" id=\"h-1-nouns\">1. imenice:<\/h3>\n\n\n\n<p>Po\u010dnite sa osnovama u\u010denja vijetnamskih imenica. To su imena ljudi, mjesta, stvari ili ideja. Vijetnamske imenice nemaju spol, \u0161to ih \u010dini jednostavnijim nego na nekim drugim jezicima.<\/p>\n\n\n\n<h3 class=\"wp-block-heading\" id=\"h-2-pronouns-determiners\">2. zamjenice\/determinatori:<\/h3>\n\n\n\n<p>Kada se ugodite sa imenicama, pre\u0111ite na zamjenice i odrednice. Ove re\u010di zamenjuju ili menjaju imenice, poma\u017eu\u0107i da re\u010denice budu sa\u017eetije i da se izbegne ponavljanje.<\/p>\n\n\n\n<h3 class=\"wp-block-heading\" id=\"h-3-verbs\">3. glagoli:<\/h3>\n\n\n\n<p>Glagoli se koriste za opisivanje akcija ili stanja postojanja. U vijetnamskom jeziku glagoli ne mijenjaju svoj oblik prema predmetu ili napetosti, \u0161to ih \u010dini manje kompliciranim nego u nekim drugim jezicima.<\/p>\n\n\n\n<h3 class=\"wp-block-heading\" id=\"h-4-adjectives\">4. pridjevi:<\/h3>\n\n\n\n<p>Pridjevi za u\u010denje omogu\u0107it \u0107e vam da detaljnije opi\u0161ete imenice. Na vijetnamskom, pridjevi slijede imenicu koju mijenjaju, <a href=\"https:\/\/talkpal.ai\/locations\/language-courses-in-koja\/\">koja<\/a> se razlikuje od engleskog.<\/p>\n\n\n\n<h3 class=\"wp-block-heading\" id=\"h-5-articles\">5. \u010dlanci:<\/h3>\n\n\n\n<p>Vijetnamci nemaju \u010dlanke na isti na\u010din kao <a href=\"https:\/\/talkpal.ai\/learn-english-with-ai\/\">engleski<\/a>. Me\u0111utim, jo\u0161 uvijek je va\u017eno razumjeti kako ukazati na odre\u0111enost ili neodre\u0111enost imenice.<\/p>\n\n\n\n<h3 class=\"wp-block-heading\" id=\"h-6-adverbs\">6. prilozi:<\/h3>\n\n\n\n<p>Prilozi se koriste za modifikovanje glagola, prideva ili drugih priloga. Oni mogu pru\u017eiti informacije o na\u010dinu, mjestu, vremenu, frekvenciji, stepenu i drugima.<\/p>\n\n\n\n<h3 class=\"wp-block-heading\" id=\"h-7-prepositions\">7. prijedlozi:<\/h3>\n\n\n\n<p>To su rije\u010di koje pokazuju odnos imenice ili zamjenice prema drugoj rije\u010di u re\u010denici. Oni mogu ukazivati na lokaciju, pravac, vrijeme, uzrok i druge odnose.<\/p>\n\n\n\n<h3 class=\"wp-block-heading\" id=\"h-8-tenses\">8. napetosti:<\/h3>\n\n\n\n<p>Vijetnamci nemaju vremena u tradicionalnom smislu. Umesto toga, koristi re\u010di i kontekst da ozna\u010di vreme kada se radnja odvija.<\/p>\n\n\n\n<h3 class=\"wp-block-heading\" id=\"h-9-tense-comparison\">9. napeto pore\u0111enje:<\/h3>\n\n\n\n<p>Razumevanje kako se upore\u0111uju vremena u Vijetnamu je od su\u0161tinskog zna\u010daja. To uklju\u010duje u\u010denje odre\u0111enih rije\u010di i struktura koje se koriste za ozna\u010davanje promjena u vremenu.<\/p>\n\n\n\n<h3 class=\"wp-block-heading\" id=\"h-10-progressive\">10. progresivno:<\/h3>\n\n\n\n<p>Progresivni aspekt u Vijetnamu koristi se za ozna\u010davanje teku\u0107ih akcija. To se mo\u017ee odnositi na pro\u0161lost, sada\u0161njost ili budu\u0107nost.<\/p>\n\n\n\n<h3 class=\"wp-block-heading\" id=\"h-11-perfect-progressive\">11. savr\u0161eni progresivni:<\/h3>\n\n\n\n<p>Ovo vreme se koristi za izra\u017eavanje akcija koje su trajale u pro\u0161losti i imaju neke veze sa sada\u0161njo\u0161\u0107u.<\/p>\n\n\n\n<h3 class=\"wp-block-heading\" id=\"h-12-conditionals\">12. uslovno:<\/h3>\n\n\n\n<p>Kondicionali su re\u010denice koje izra\u017eavaju hipoteti\u010dke situacije i posljedice koje ih slijede.<\/p>\n\n\n\n<h3 class=\"wp-block-heading\" id=\"h-13-sentences\">13. re\u010denice:<\/h3>\n\n\n\n<p>Jednom kada shvatite sve ove elemente, mo\u017eete po\u010deti da formirate kompletne re\u010denice na vijetnamskom. To uklju\u010duje razumijevanje osnovne strukture re\u010denice, koja je tipi\u010dno subjekt-glagol-objekt.<\/p>\n<\/div><\/div>\n\r\n<section class=\"learnNavigationSection\">\r\n            \r\n        <a href=\"https:\/\/talkpal.ai\/bs\/nauci-vijetnamski\/\">\r\n            <div class=\"learnNavigationWrapper\">\r\n                <div class=\"learnNavigationContent\">\r\n                    <img decoding=\"async\" src=\"https:\/\/talkpal.ai\/wp-content\/uploads\/2024\/08\/Vietnamese.jpg\" alt=\"Vietnamise Flag\">\r\n                    <div>\r\n                        <h4>O u\u010denju vijetnamskog<\/h4>\r\n                        <p>Saznaj sve o vijetnamskoj gramatici.<\/p>\r\n                    <\/div>\r\n                <\/div>\r\n            <\/div>\r\n        <\/a>\r\n\r\n        \r\n        <a href=\"https:\/\/talkpal.ai\/bs\/vijetnamska-gramatika\/\">\r\n            <div class=\"learnNavigationWrapper\">\r\n                <div class=\"learnNavigationContent\">\r\n                    <img decoding=\"async\" src=\"https:\/\/talkpal.ai\/wp-content\/uploads\/2024\/08\/Vietnamese.jpg\" alt=\"Vietnamise Flag\">\r\n                    <div>\r\n                        <h4>Vijetnamske gramatike<\/h4>\r\n                        <p>Vje\u017ebaj vijetnamsku gramatiku.<\/p>\r\n                    <\/div>\r\n                <\/div>\r\n            <\/div>\r\n        <\/a>\r\n\r\n        \r\n        <a href=\"https:\/\/talkpal.ai\/vocabulary_language\/vietnamese\/\">\r\n            <div class=\"learnNavigationWrapper\">\r\n                <div class=\"learnNavigationContent\">\r\n                    <img decoding=\"async\" src=\"https:\/\/talkpal.ai\/wp-content\/uploads\/2024\/08\/Vietnamese.jpg\" alt=\"Vietnamise Flag\">\r\n                    <div>\r\n                        <h4>Vijetnamski vokabular<\/h4>\r\n                        <p>Pro\u0161irite svoj vijetnamski vokabular.<\/p>\r\n                    <\/div>\r\n                <\/div>\r\n            <\/div>\r\n        <\/a>\r\n\r\n            <\/section>","protected":false},"excerpt":{"rendered":"<p>vijetnamska gramatika topics U\u010denje novog jezika mo\u017ee da bude uzbudljiv i izazovan poduhvat. Razumijevanje vijetnamske gramatike je klju\u010d za otklju\u010davanje ovog fascinantnog jezika. Ovde \u0107emo diskutovati i grupisati va\u017ene teme u redosledu u kojem bi idealno trebalo da budu nau\u010dene, omogu\u0107avaju\u0107i postepeno nagomilavanje slo\u017eenosti. Ovaj vodi\u010d \u0107e pokriti sve, od osnovnih elemenata kao \u0161to su [&hellip;]<\/p>\n","protected":false},"author":6,"featured_media":120518,"parent":0,"menu_order":0,"comment_status":"closed","ping_status":"closed","template":"LearningContentPage.php","meta":{"_acf_changed":false,"footnotes":""},"class_list":["post-154925","page","type-page","status-publish","has-post-thumbnail","hentry"],"acf":[],"yoast_head":"<!-- This site is optimized with the Yoast SEO Premium plugin v27.2 (Yoast SEO v27.2) - https:\/\/yoast.com\/product\/yoast-seo-premium-wordpress\/ -->\n<title>vijetnamske gramati\u010dke vje\u017ebe - Talkpal<\/title>\n<meta name=\"description\" content=\"Otkrijte tajne vijetnamskog jezika uz na\u0161e vijetnamske gramati\u010dke vje\u017ebe osmi\u0161ljene za postepeno u\u010denje.\" \/>\n<meta name=\"robots\" content=\"index, follow, max-snippet:-1, max-image-preview:large, max-video-preview:-1\" \/>\n<link rel=\"canonical\" href=\"https:\/\/talkpal.ai\/bs\/vijetnamske-gramaticke-vjezbe\/\" \/>\n<meta property=\"og:locale\" content=\"bs_BA\" \/>\n<meta property=\"og:type\" content=\"article\" \/>\n<meta property=\"og:title\" content=\"vijetnamske gramati\u010dke vje\u017ebe\" \/>\n<meta property=\"og:description\" content=\"vijetnamska gramatika topics U\u010denje novog jezika mo\u017ee da bude uzbudljiv i izazovan poduhvat. Razumijevanje vijetnamske gramatike je klju\u010d za otklju\u010davanje\" \/>\n<meta property=\"og:url\" content=\"https:\/\/talkpal.ai\/bs\/vijetnamske-gramaticke-vjezbe\/\" \/>\n<meta property=\"og:site_name\" content=\"Talkpal\" \/>\n<meta property=\"article:publisher\" content=\"https:\/\/www.facebook.com\/profile.php?id=100090733639311\" \/>\n<meta property=\"article:modified_time\" content=\"2025-12-17T14:56:56+00:00\" \/>\n<meta property=\"og:image\" content=\"https:\/\/talkpal.ai\/wp-content\/uploads\/2023\/05\/vietnam.png\" \/>\n\t<meta property=\"og:image:width\" content=\"512\" \/>\n\t<meta property=\"og:image:height\" content=\"512\" \/>\n\t<meta property=\"og:image:type\" content=\"image\/png\" \/>\n<meta name=\"twitter:card\" content=\"summary_large_image\" \/>\n<meta name=\"twitter:site\" content=\"@talkpalai\" \/>\n<meta name=\"twitter:label1\" content=\"Est. reading time\" \/>\n\t<meta name=\"twitter:data1\" content=\"2 minute\" \/>\n<script type=\"application\/ld+json\" class=\"yoast-schema-graph\">{\"@context\":\"https:\/\/schema.org\",\"@graph\":[{\"@type\":\"WebPage\",\"@id\":\"https:\/\/talkpal.ai\/bs\/vijetnamske-gramaticke-vjezbe\/\",\"url\":\"https:\/\/talkpal.ai\/bs\/vijetnamske-gramaticke-vjezbe\/\",\"name\":\"vijetnamske gramati\u010dke vje\u017ebe - Talkpal\",\"isPartOf\":{\"@id\":\"https:\/\/talkpal.ai\/bs\/#website\"},\"primaryImageOfPage\":{\"@id\":\"https:\/\/talkpal.ai\/bs\/vijetnamske-gramaticke-vjezbe\/#primaryimage\"},\"image\":{\"@id\":\"https:\/\/talkpal.ai\/bs\/vijetnamske-gramaticke-vjezbe\/#primaryimage\"},\"thumbnailUrl\":\"https:\/\/talkpal.ai\/wp-content\/uploads\/2023\/05\/vietnam.png\",\"datePublished\":\"2023-07-05T11:05:37+00:00\",\"dateModified\":\"2025-12-17T14:56:56+00:00\",\"description\":\"Otkrijte tajne vijetnamskog jezika uz na\u0161e vijetnamske gramati\u010dke vje\u017ebe osmi\u0161ljene za postepeno u\u010denje.\",\"breadcrumb\":{\"@id\":\"https:\/\/talkpal.ai\/bs\/vijetnamske-gramaticke-vjezbe\/#breadcrumb\"},\"inLanguage\":\"bs-BA\",\"potentialAction\":[{\"@type\":\"ReadAction\",\"target\":[\"https:\/\/talkpal.ai\/bs\/vijetnamske-gramaticke-vjezbe\/\"]}]},{\"@type\":\"ImageObject\",\"inLanguage\":\"bs-BA\",\"@id\":\"https:\/\/talkpal.ai\/bs\/vijetnamske-gramaticke-vjezbe\/#primaryimage\",\"url\":\"https:\/\/talkpal.ai\/wp-content\/uploads\/2023\/05\/vietnam.png\",\"contentUrl\":\"https:\/\/talkpal.ai\/wp-content\/uploads\/2023\/05\/vietnam.png\",\"width\":512,\"height\":512},{\"@type\":\"BreadcrumbList\",\"@id\":\"https:\/\/talkpal.ai\/bs\/vijetnamske-gramaticke-vjezbe\/#breadcrumb\",\"itemListElement\":[{\"@type\":\"ListItem\",\"position\":1,\"name\":\"Homepage\",\"item\":\"https:\/\/talkpal.ai\/bs\/\"},{\"@type\":\"ListItem\",\"position\":2,\"name\":\"vijetnamske gramati\u010dke vje\u017ebe\"}]},{\"@type\":\"WebSite\",\"@id\":\"https:\/\/talkpal.ai\/bs\/#website\",\"url\":\"https:\/\/talkpal.ai\/bs\/\",\"name\":\"Talkpal\",\"description\":\"AI Language Learning\",\"publisher\":{\"@id\":\"https:\/\/talkpal.ai\/bs\/#organization\"},\"alternateName\":\"Talkpal AI\",\"potentialAction\":[{\"@type\":\"SearchAction\",\"target\":{\"@type\":\"EntryPoint\",\"urlTemplate\":\"https:\/\/talkpal.ai\/bs\/?s={search_term_string}\"},\"query-input\":{\"@type\":\"PropertyValueSpecification\",\"valueRequired\":true,\"valueName\":\"search_term_string\"}}],\"inLanguage\":\"bs-BA\"},{\"@type\":\"Organization\",\"@id\":\"https:\/\/talkpal.ai\/bs\/#organization\",\"name\":\"Talkpal, Inc.\",\"alternateName\":\"Talkpal AI\",\"url\":\"https:\/\/talkpal.ai\/bs\/\",\"logo\":{\"@type\":\"ImageObject\",\"inLanguage\":\"bs-BA\",\"@id\":\"https:\/\/talkpal.ai\/bs\/#\/schema\/logo\/image\/\",\"url\":\"https:\/\/talkpal.ai\/wp-content\/uploads\/2024\/03\/Talkpal-Logo-Icon.png\",\"contentUrl\":\"https:\/\/talkpal.ai\/wp-content\/uploads\/2024\/03\/Talkpal-Logo-Icon.png\",\"width\":2880,\"height\":2880,\"caption\":\"Talkpal, Inc.\"},\"image\":{\"@id\":\"https:\/\/talkpal.ai\/bs\/#\/schema\/logo\/image\/\"},\"sameAs\":[\"https:\/\/www.facebook.com\/profile.php?id=100090733639311\",\"https:\/\/x.com\/talkpalai\",\"https:\/\/www.linkedin.com\/company\/talkpal\/\",\"https:\/\/www.youtube.com\/@TalkPal\/\",\"https:\/\/www.tiktok.com\/@talkpal\",\"https:\/\/www.instagram.com\/talkpal_ai\/\",\"https:\/\/www.crunchbase.com\/organization\/talkpal-9cde\",\"https:\/\/www.g2.com\/products\/talkpal-for-business\/\",\"https:\/\/www.trustpilot.com\/review\/talkpal.ai\",\"https:\/\/www.capterra.com\/p\/10006800\/TalkPal\/\"],\"description\":\"Talkpal is a language learning web and mobile education app, powered by the latest AI technologies, that provides engaging experiences to its customers in many different languages to help them improve their language skills. Users can chat about unlimited amount of topics with the app and use other modes to practice their language learning.\",\"email\":\"support@talkpal.ai\",\"legalName\":\"Talkpal, Inc.\",\"foundingDate\":\"2023-04-03\",\"duns\":\"118989042\",\"numberOfEmployees\":{\"@type\":\"QuantitativeValue\",\"minValue\":\"11\",\"maxValue\":\"50\"},\"publishingPrinciples\":\"https:\/\/talkpal.ai\/publishing-principles\/\",\"actionableFeedbackPolicy\":\"https:\/\/talkpal.ai\/actionable-feedback-policy\/\",\"correctionsPolicy\":\"https:\/\/talkpal.ai\/corrections-policy\/\",\"ethicsPolicy\":\"https:\/\/talkpal.ai\/ethics-policy\/\",\"diversityPolicy\":\"https:\/\/talkpal.ai\/diversity-policy\/\",\"diversityStaffingReport\":\"https:\/\/talkpal.ai\/diversity-policy\/\"}]}<\/script>\n<!-- \/ Yoast SEO Premium plugin. -->","yoast_head_json":{"title":"vijetnamske gramati\u010dke vje\u017ebe - Talkpal","description":"Otkrijte tajne vijetnamskog jezika uz na\u0161e vijetnamske gramati\u010dke vje\u017ebe osmi\u0161ljene za postepeno u\u010denje.","robots":{"index":"index","follow":"follow","max-snippet":"max-snippet:-1","max-image-preview":"max-image-preview:large","max-video-preview":"max-video-preview:-1"},"canonical":"https:\/\/talkpal.ai\/bs\/vijetnamske-gramaticke-vjezbe\/","og_locale":"bs_BA","og_type":"article","og_title":"vijetnamske gramati\u010dke vje\u017ebe","og_description":"vijetnamska gramatika topics U\u010denje novog jezika mo\u017ee da bude uzbudljiv i izazovan poduhvat. Razumijevanje vijetnamske gramatike je klju\u010d za otklju\u010davanje","og_url":"https:\/\/talkpal.ai\/bs\/vijetnamske-gramaticke-vjezbe\/","og_site_name":"Talkpal","article_publisher":"https:\/\/www.facebook.com\/profile.php?id=100090733639311","article_modified_time":"2025-12-17T14:56:56+00:00","og_image":[{"width":512,"height":512,"url":"https:\/\/talkpal.ai\/wp-content\/uploads\/2023\/05\/vietnam.png","type":"image\/png"}],"twitter_card":"summary_large_image","twitter_site":"@talkpalai","twitter_misc":{"Est. reading time":"2 minute"},"schema":{"@context":"https:\/\/schema.org","@graph":[{"@type":"WebPage","@id":"https:\/\/talkpal.ai\/bs\/vijetnamske-gramaticke-vjezbe\/","url":"https:\/\/talkpal.ai\/bs\/vijetnamske-gramaticke-vjezbe\/","name":"vijetnamske gramati\u010dke vje\u017ebe - Talkpal","isPartOf":{"@id":"https:\/\/talkpal.ai\/bs\/#website"},"primaryImageOfPage":{"@id":"https:\/\/talkpal.ai\/bs\/vijetnamske-gramaticke-vjezbe\/#primaryimage"},"image":{"@id":"https:\/\/talkpal.ai\/bs\/vijetnamske-gramaticke-vjezbe\/#primaryimage"},"thumbnailUrl":"https:\/\/talkpal.ai\/wp-content\/uploads\/2023\/05\/vietnam.png","datePublished":"2023-07-05T11:05:37+00:00","dateModified":"2025-12-17T14:56:56+00:00","description":"Otkrijte tajne vijetnamskog jezika uz na\u0161e vijetnamske gramati\u010dke vje\u017ebe osmi\u0161ljene za postepeno u\u010denje.","breadcrumb":{"@id":"https:\/\/talkpal.ai\/bs\/vijetnamske-gramaticke-vjezbe\/#breadcrumb"},"inLanguage":"bs-BA","potentialAction":[{"@type":"ReadAction","target":["https:\/\/talkpal.ai\/bs\/vijetnamske-gramaticke-vjezbe\/"]}]},{"@type":"ImageObject","inLanguage":"bs-BA","@id":"https:\/\/talkpal.ai\/bs\/vijetnamske-gramaticke-vjezbe\/#primaryimage","url":"https:\/\/talkpal.ai\/wp-content\/uploads\/2023\/05\/vietnam.png","contentUrl":"https:\/\/talkpal.ai\/wp-content\/uploads\/2023\/05\/vietnam.png","width":512,"height":512},{"@type":"BreadcrumbList","@id":"https:\/\/talkpal.ai\/bs\/vijetnamske-gramaticke-vjezbe\/#breadcrumb","itemListElement":[{"@type":"ListItem","position":1,"name":"Homepage","item":"https:\/\/talkpal.ai\/bs\/"},{"@type":"ListItem","position":2,"name":"vijetnamske gramati\u010dke vje\u017ebe"}]},{"@type":"WebSite","@id":"https:\/\/talkpal.ai\/bs\/#website","url":"https:\/\/talkpal.ai\/bs\/","name":"Talkpal","description":"AI Language Learning","publisher":{"@id":"https:\/\/talkpal.ai\/bs\/#organization"},"alternateName":"Talkpal AI","potentialAction":[{"@type":"SearchAction","target":{"@type":"EntryPoint","urlTemplate":"https:\/\/talkpal.ai\/bs\/?s={search_term_string}"},"query-input":{"@type":"PropertyValueSpecification","valueRequired":true,"valueName":"search_term_string"}}],"inLanguage":"bs-BA"},{"@type":"Organization","@id":"https:\/\/talkpal.ai\/bs\/#organization","name":"Talkpal, Inc.","alternateName":"Talkpal AI","url":"https:\/\/talkpal.ai\/bs\/","logo":{"@type":"ImageObject","inLanguage":"bs-BA","@id":"https:\/\/talkpal.ai\/bs\/#\/schema\/logo\/image\/","url":"https:\/\/talkpal.ai\/wp-content\/uploads\/2024\/03\/Talkpal-Logo-Icon.png","contentUrl":"https:\/\/talkpal.ai\/wp-content\/uploads\/2024\/03\/Talkpal-Logo-Icon.png","width":2880,"height":2880,"caption":"Talkpal, Inc."},"image":{"@id":"https:\/\/talkpal.ai\/bs\/#\/schema\/logo\/image\/"},"sameAs":["https:\/\/www.facebook.com\/profile.php?id=100090733639311","https:\/\/x.com\/talkpalai","https:\/\/www.linkedin.com\/company\/talkpal\/","https:\/\/www.youtube.com\/@TalkPal\/","https:\/\/www.tiktok.com\/@talkpal","https:\/\/www.instagram.com\/talkpal_ai\/","https:\/\/www.crunchbase.com\/organization\/talkpal-9cde","https:\/\/www.g2.com\/products\/talkpal-for-business\/","https:\/\/www.trustpilot.com\/review\/talkpal.ai","https:\/\/www.capterra.com\/p\/10006800\/TalkPal\/"],"description":"Talkpal is a language learning web and mobile education app, powered by the latest AI technologies, that provides engaging experiences to its customers in many different languages to help them improve their language skills. Users can chat about unlimited amount of topics with the app and use other modes to practice their language learning.","email":"support@talkpal.ai","legalName":"Talkpal, Inc.","foundingDate":"2023-04-03","duns":"118989042","numberOfEmployees":{"@type":"QuantitativeValue","minValue":"11","maxValue":"50"},"publishingPrinciples":"https:\/\/talkpal.ai\/publishing-principles\/","actionableFeedbackPolicy":"https:\/\/talkpal.ai\/actionable-feedback-policy\/","correctionsPolicy":"https:\/\/talkpal.ai\/corrections-policy\/","ethicsPolicy":"https:\/\/talkpal.ai\/ethics-policy\/","diversityPolicy":"https:\/\/talkpal.ai\/diversity-policy\/","diversityStaffingReport":"https:\/\/talkpal.ai\/diversity-policy\/"}]}},"_links":{"self":[{"href":"https:\/\/talkpal.ai\/bs\/wp-json\/wp\/v2\/pages\/154925","targetHints":{"allow":["GET"]}}],"collection":[{"href":"https:\/\/talkpal.ai\/bs\/wp-json\/wp\/v2\/pages"}],"about":[{"href":"https:\/\/talkpal.ai\/bs\/wp-json\/wp\/v2\/types\/page"}],"author":[{"embeddable":true,"href":"https:\/\/talkpal.ai\/bs\/wp-json\/wp\/v2\/users\/6"}],"replies":[{"embeddable":true,"href":"https:\/\/talkpal.ai\/bs\/wp-json\/wp\/v2\/comments?post=154925"}],"version-history":[{"count":0,"href":"https:\/\/talkpal.ai\/bs\/wp-json\/wp\/v2\/pages\/154925\/revisions"}],"wp:featuredmedia":[{"embeddable":true,"href":"https:\/\/talkpal.ai\/bs\/wp-json\/wp\/v2\/media\/120518"}],"wp:attachment":[{"href":"https:\/\/talkpal.ai\/bs\/wp-json\/wp\/v2\/media?parent=154925"}],"curies":[{"name":"wp","href":"https:\/\/api.w.org\/{rel}","templated":true}]}}