{"id":153797,"date":"2023-05-14T14:25:05","date_gmt":"2023-05-14T14:25:05","guid":{"rendered":"http:\/\/talkpal.ai\/svahili-gramatika\/"},"modified":"2025-12-13T15:55:14","modified_gmt":"2025-12-13T15:55:14","slug":"svahili-gramatika","status":"publish","type":"page","link":"https:\/\/talkpal.ai\/bs\/svahili-gramatika\/","title":{"rendered":"svahili gramatika"},"content":{"rendered":"\r\n\r\n\r\n<section class=\"languageChallengeSection\">\r\n    <div class=\"languageInfoWrapper\">\r\n        \r\n        <h1>svahili gramatika<\/h1>\r\n        <p>Otkrijte tajne <a href=\"https:\/\/talkpal.ai\/learn-swahili\/\">svahili<\/a> gramatike i pobolj\u0161ajte svoje jezi\u010dke vje\u0161tine uz zanimljive lekcije i primjere iz stvarnog \u017eivota. Udubite se u osnove re\u010deni\u010dne strukture, glagolskih obrazaca i osnovnih gramati\u010dkih pravila. Vje\u017ebajte ono \u0161to nau\u010dite uz interaktivne vje\u017ebe osmi\u0161ljene da u\u010dvrste va\u0161e razumijevanje. Po\u010dnite savladavati gramatiku svahilija ve\u0107 danas i komunicirajte samouvjerenije!<\/p>\r\n\r\n                            <a class=\"getStartedHidden\" href=\"https:\/\/app.talkpal.ai\/signup?lng=\">Kreni<\/a>\r\n        \r\n    <\/div>\r\n\r\n    <figure>\r\n    <img decoding=\"async\" width=\"768\" height=\"768\" src=\"https:\/\/talkpal.ai\/wp-content\/uploads\/2023\/06\/Swahili-768x768.png\" class=\"languageImage no-lazy\" alt=\"Secrets to master language learning\" fetchpriority=\"high\" sizes=\"(max-width: 768px) 150px, 768px\" srcset=\"https:\/\/talkpal.ai\/wp-content\/uploads\/2023\/06\/Swahili-768x768.png 768w, https:\/\/talkpal.ai\/wp-content\/uploads\/2023\/06\/Swahili-300x300.png 300w\" \/>\r\n    \r\n\r\n    <\/figure>\r\n\r\n            <a class=\"getStartedVisible\" href=\"https:\/\/app.talkpal.ai\/signup?lng=\">Kreni<\/a>\r\n    \r\n<\/section>\r\n<section class=\"promotionalBanner\">\r\n    <p class=\"promotionalText\">Najefikasniji na\u010din za u\u010denje jezika<\/p>\r\n    <a class=\"promotionalLink\" href=\"https:\/\/app.talkpal.ai\/signup?lng=\">Isprobajte Talkpal besplatno<\/a>\r\n<\/section>\n<div class=\"wp-block-group pageContainerStyle\"><div class=\"wp-block-group__inner-container is-layout-constrained wp-block-group-is-layout-constrained\">\n<h2 class=\"wp-block-heading\" id=\"h-swahili-grammar-demystifying-the-linguistic-adventure\">Svahili gramatika: demistifikacija jezi\u010dke avanture<\/h2>\n\n\n\n<p><a href=\"https:\/\/talkpal.ai\/swahili-grammar\/\">Svahili gramatika<\/a> \u2013 privla\u010dna, ali zagonetna, fluidna, ali intrigantna, \u017eivahna, ali fascinantna. Dok krenete na svoje jezi\u010dko putovanje u svahili jezik, mo\u017eda \u0107ete nai\u0107i na me\u0161avinu fascinacije i neizvesnosti. Ne brinite, fanatici na drugom jeziku! Mi smo tu da vam pomognemo da se kre\u0107ete ovim uzbudljivim jezi\u010dkim vodama!<\/p>\n\n\n\n<p>U ovom \u010dlanku \u0107emo pru\u017eiti sveobuhvatan pregled svahili gramatike, istra\u017euju\u0107i klju\u010dne komponente, nude\u0107i obja\u0161njenja i primjere i pojednostavljuju\u0107i zamr\u0161enosti. Dakle, hajde da oslobodimo magiju svahili jezika i otkrijmo misterije njegove gramatike!<\/p>\n\n\n\n<h3 class=\"wp-block-heading\" id=\"h-1-noun-classes-from-people-to-abstract-ideas\">\u010casovi imenica: od ljudi do apstraktnih ideja<\/h3>\n\n\n\n<p>Svahili <a href=\"https:\/\/talkpal.ai\/sq\/gramatika\/\">gramatika<\/a> se vrti oko prepoznatljivog, ali su\u0161tinskog sistema klasifikacije imenica. Imenice su organizovane u razli\u010dite klase na osnovu njihovog zna\u010denja ili karakteristika, a svaka klasa ima specifi\u010dan prefiks. Iako ovo mo\u017ee izgledati zastra\u0161uju\u0107e, klju\u010dno je u formiranju sporazuma izme\u0111u imenica, pridjeva i glagola.<\/p>\n\n\n\n<p>Da biste pojednostavili ovaj proces, po\u010dnite sa fokusiranjem na naj\u010de\u0161\u0107e imenice klase:<\/p>\n\n\n\n<p><strong>\u2013 Klasa 1: Ljudi (npr. mtu \u2013 osoba)<\/strong><\/p>\n\n\n\n<p><strong>\u2013 Klasa 2: Mno\u017eine imenica klase 1 (npr. watu \u2013 ljudi)<\/strong><\/p>\n\n\n\n<p><strong>\u2013 Klasa 3: Drve\u0107e, biljke i apstraktne imenice (npr. mti \u2013 drvo)<\/strong><\/p>\n\n\n\n<p><strong>\u2013 Klasa 4: Ne\u017eivi predmeti i apstraktne imenice (npr. kiti \u2013 stolica)<\/strong><\/p>\n\n\n\n<p>Zapamtite, praksa \u010dini savr\u0161enim, a razumevanje \u010dasova imenica vremenom \u0107e postati lak\u0161e!<\/p>\n\n\n\n<h3 class=\"wp-block-heading\" id=\"h-2-adjectives-from-basic-to-intricate-agreement\">Pridjevi: od osnovnog do zamr\u0161enog sporazuma<\/h3>\n\n\n\n<p>Pridjevi u svahiliju sla\u017eu se sa klasom imenice i brojem koji mijenjaju. Kao rezultat toga, pridjevi imaju vi\u0161e prefiksa koji odgovaraju razli\u010ditim klasama imenica. Dobra vest je da mnogi pridjevi dijele istu korijensku rije\u010d, \u0161to ih \u010dini upravljivijim.<\/p>\n\n\n\n<p>Na primjer, korijen &#8220;-refu&#8221; zna\u010di &#8220;dugo&#8221;. U zavisnosti od svoje imeni\u010dke klase, mo\u017ee se pojaviti kao \u201cmrefu\u201d (klasa 1), \u201cwazuri\u201d (klasa 2), \u201cjurefu\u201d (klasa 3), itd. Sa praksom, hvatanje u ko\u0161tac sa pridjev-imenicom sporazum \u0107e biti povjetarac!<\/p>\n\n\n\n<h3 class=\"wp-block-heading\" id=\"h-3-verbs-tense-subject-and-object\">Glagoli: napetost, subjekt i objekt<\/h3>\n\n\n\n<p>Svahili glagoli su kao efikasni no\u017eevi \u0161vajcarske vojske, kompaktno prenose napetost, subjekt i objekat, sve u jednom urednom paketu. Vremena nastaju pri\u010dvr\u0161\u0107ivanjem napetih markera na korijen glagola, dok subjekt i objektni markeri izra\u017eavaju ko je uklju\u010den u akciju.<\/p>\n\n\n\n<p>Na primjer, korijen \u201c-soma\u201d zna\u010di \u201c\u010ditati\u201d. Dodavanjem raznih prefiksa i sufiksa mo\u017eete stvoriti brojne varijacije: \u201canasoma\u201d (on\/ona \u010dita), \u201calisoma\u201d (on\/ona je \u010ditao) ili \u201catasoma\u201d (on\/ona \u0107e \u010ditati).<\/p>\n\n\n\n<h3 class=\"wp-block-heading\" id=\"h-4-word-order-subject-verb-object-for-clarity\">Redoslijed rije\u010di: predmet-glagol-objekt za jasno\u0107u<\/h3>\n\n\n\n<p>Svahili sledi jednostavan, ali jasan redosled re\u010di Subject-Verb-Object (SVO), sli\u010dan engleskom, \u0161to \u010dini konstrukciju re\u010denica manje zastra\u0161uju\u0107om. Na primjer, \u201cMwanafunzi anasoma kitabu\u201d direktno se prevodi kao \u201cU\u010denik (subjekt) \u010dita (glagol) knjigu (objekat)\u201d.<\/p>\n\n\n\n<h3 class=\"wp-block-heading\" id=\"h-5-embrace-the-challenges-practice-is-key\">Prihvatanje izazova: Praksa je klju\u010dna<\/h3>\n\n\n\n<p>Ronjenje u svahili gramatiku mo\u017ee se u po\u010detku osje\u0107ati malo pretjerano. Me\u0111utim, imajte na umu da su strpljenje, praksa i upornost tajna uspeha. Uklju\u010dite se u jezik kroz \u010ditanje, pisanje, slu\u0161anje i govor kako biste pobolj\u0161ali svoje razumevanje i samopouzdanje.<\/p>\n\n\n\n<p>Dakle, jeste li spremni istra\u017eiti \u010duda svahili gramatike? Prigrlite njegove zamr\u0161enosti, u\u017eivajte u nijansama, i zapamtite da sa predano\u0161\u0107u i entuzijazmom mo\u017eete otklju\u010dati pravu ljepotu svahili jezika. Bahati njema! (Sretno!)<\/p>\n<\/div><\/div>\n\r\n<section class=\"learnNavigationSection\">\r\n            \r\n        <a href=\"https:\/\/talkpal.ai\/bs\/nauci-svahili\/\">\r\n            <div class=\"learnNavigationWrapper\">\r\n                <div class=\"learnNavigationContent\">\r\n                    <img decoding=\"async\" src=\"https:\/\/talkpal.ai\/wp-content\/uploads\/2024\/08\/Swahili.jpg\" alt=\"Kenya and Tanzania Flags\">\r\n                    <div>\r\n                        <h4>O u\u010denju svahili<\/h4>\r\n                        <p>Saznaj sve o svahili gramatici.<\/p>\r\n                    <\/div>\r\n                <\/div>\r\n            <\/div>\r\n        <\/a>\r\n\r\n        \r\n        <a href=\"https:\/\/talkpal.ai\/bs\/svahili-gramaticke-vezbe\/\">\r\n            <div class=\"learnNavigationWrapper\">\r\n                <div class=\"learnNavigationContent\">\r\n                    <img decoding=\"async\" src=\"https:\/\/talkpal.ai\/wp-content\/uploads\/2024\/08\/Swahili.jpg\" alt=\"Kenya and Tanzania Flags\">\r\n                    <div>\r\n                        <h4>Svahili gramati\u010dka vje\u017eba<\/h4>\r\n                        <p>Vje\u017ebaj svahili gramatiku.<\/p>\r\n                    <\/div>\r\n                <\/div>\r\n            <\/div>\r\n        <\/a>\r\n\r\n        \r\n        <a href=\"https:\/\/talkpal.ai\/vocabulary_language\/swahili\/\">\r\n            <div class=\"learnNavigationWrapper\">\r\n                <div class=\"learnNavigationContent\">\r\n                    <img decoding=\"async\" src=\"https:\/\/talkpal.ai\/wp-content\/uploads\/2024\/08\/Swahili.jpg\" alt=\"Kenya and Tanzania Flags\">\r\n                    <div>\r\n                        <h4>Svahili vokabular<\/h4>\r\n                        <p>Pro\u0161irite svoj vokabular na svahili.<\/p>\r\n                    <\/div>\r\n                <\/div>\r\n            <\/div>\r\n        <\/a>\r\n\r\n            <\/section>","protected":false},"excerpt":{"rendered":"<p>Svahili gramatika: demistifikacija jezi\u010dke avanture Svahili gramatika \u2013 privla\u010dna, ali zagonetna, fluidna, ali intrigantna, \u017eivahna, ali fascinantna. Dok krenete na svoje jezi\u010dko putovanje u svahili jezik, mo\u017eda \u0107ete nai\u0107i na me\u0161avinu fascinacije i neizvesnosti. Ne brinite, fanatici na drugom jeziku! Mi smo tu da vam pomognemo da se kre\u0107ete ovim uzbudljivim jezi\u010dkim vodama! U ovom [&hellip;]<\/p>\n","protected":false},"author":1,"featured_media":119452,"parent":0,"menu_order":0,"comment_status":"closed","ping_status":"closed","template":"LearningContentPage.php","meta":{"_acf_changed":false,"footnotes":""},"class_list":["post-153797","page","type-page","status-publish","has-post-thumbnail","hentry"],"acf":[],"yoast_head":"<!-- This site is optimized with the Yoast SEO Premium plugin v27.2 (Yoast SEO v27.2) - https:\/\/yoast.com\/product\/yoast-seo-premium-wordpress\/ -->\n<title>svahili gramatika - Talkpal<\/title>\n<meta name=\"description\" content=\"Otkrijte tajne svahili gramatike uz na\u0161 sveobuhvatni vodi\u010d! Otkrijte njegove jedinstvene vrste imenica i klju\u010dne komponente.\" \/>\n<meta name=\"robots\" content=\"index, follow, max-snippet:-1, max-image-preview:large, max-video-preview:-1\" \/>\n<link rel=\"canonical\" href=\"https:\/\/talkpal.ai\/bs\/svahili-gramatika\/\" \/>\n<meta property=\"og:locale\" content=\"bs_BA\" \/>\n<meta property=\"og:type\" content=\"article\" \/>\n<meta property=\"og:title\" content=\"svahili gramatika\" \/>\n<meta property=\"og:description\" content=\"Svahili gramatika: demistifikacija jezi\u010dke avanture Svahili gramatika \u2013 privla\u010dna, ali zagonetna, fluidna, ali intrigantna, \u017eivahna, ali fascinantna. Dok\" \/>\n<meta property=\"og:url\" content=\"https:\/\/talkpal.ai\/bs\/svahili-gramatika\/\" \/>\n<meta property=\"og:site_name\" content=\"Talkpal\" \/>\n<meta property=\"article:publisher\" content=\"https:\/\/www.facebook.com\/profile.php?id=100090733639311\" \/>\n<meta property=\"article:modified_time\" content=\"2025-12-13T15:55:14+00:00\" \/>\n<meta property=\"og:image\" content=\"https:\/\/talkpal.ai\/wp-content\/uploads\/2023\/05\/Swahili-tanzania.png\" \/>\n\t<meta property=\"og:image:width\" content=\"512\" \/>\n\t<meta property=\"og:image:height\" content=\"512\" \/>\n\t<meta property=\"og:image:type\" content=\"image\/png\" \/>\n<meta name=\"twitter:card\" content=\"summary_large_image\" \/>\n<meta name=\"twitter:site\" content=\"@talkpalai\" \/>\n<meta name=\"twitter:label1\" content=\"Est. reading time\" \/>\n\t<meta name=\"twitter:data1\" content=\"3 minute\" \/>\n<script type=\"application\/ld+json\" class=\"yoast-schema-graph\">{\"@context\":\"https:\/\/schema.org\",\"@graph\":[{\"@type\":\"WebPage\",\"@id\":\"https:\/\/talkpal.ai\/bs\/svahili-gramatika\/\",\"url\":\"https:\/\/talkpal.ai\/bs\/svahili-gramatika\/\",\"name\":\"svahili gramatika - Talkpal\",\"isPartOf\":{\"@id\":\"https:\/\/talkpal.ai\/bs\/#website\"},\"primaryImageOfPage\":{\"@id\":\"https:\/\/talkpal.ai\/bs\/svahili-gramatika\/#primaryimage\"},\"image\":{\"@id\":\"https:\/\/talkpal.ai\/bs\/svahili-gramatika\/#primaryimage\"},\"thumbnailUrl\":\"https:\/\/talkpal.ai\/wp-content\/uploads\/2023\/05\/Swahili-tanzania.png\",\"datePublished\":\"2023-05-14T14:25:05+00:00\",\"dateModified\":\"2025-12-13T15:55:14+00:00\",\"description\":\"Otkrijte tajne svahili gramatike uz na\u0161 sveobuhvatni vodi\u010d! Otkrijte njegove jedinstvene vrste imenica i klju\u010dne komponente.\",\"breadcrumb\":{\"@id\":\"https:\/\/talkpal.ai\/bs\/svahili-gramatika\/#breadcrumb\"},\"inLanguage\":\"bs-BA\",\"potentialAction\":[{\"@type\":\"ReadAction\",\"target\":[\"https:\/\/talkpal.ai\/bs\/svahili-gramatika\/\"]}]},{\"@type\":\"ImageObject\",\"inLanguage\":\"bs-BA\",\"@id\":\"https:\/\/talkpal.ai\/bs\/svahili-gramatika\/#primaryimage\",\"url\":\"https:\/\/talkpal.ai\/wp-content\/uploads\/2023\/05\/Swahili-tanzania.png\",\"contentUrl\":\"https:\/\/talkpal.ai\/wp-content\/uploads\/2023\/05\/Swahili-tanzania.png\",\"width\":512,\"height\":512},{\"@type\":\"BreadcrumbList\",\"@id\":\"https:\/\/talkpal.ai\/bs\/svahili-gramatika\/#breadcrumb\",\"itemListElement\":[{\"@type\":\"ListItem\",\"position\":1,\"name\":\"Homepage\",\"item\":\"https:\/\/talkpal.ai\/bs\/\"},{\"@type\":\"ListItem\",\"position\":2,\"name\":\"svahili gramatika\"}]},{\"@type\":\"WebSite\",\"@id\":\"https:\/\/talkpal.ai\/bs\/#website\",\"url\":\"https:\/\/talkpal.ai\/bs\/\",\"name\":\"Talkpal\",\"description\":\"AI Language Learning\",\"publisher\":{\"@id\":\"https:\/\/talkpal.ai\/bs\/#organization\"},\"alternateName\":\"Talkpal AI\",\"potentialAction\":[{\"@type\":\"SearchAction\",\"target\":{\"@type\":\"EntryPoint\",\"urlTemplate\":\"https:\/\/talkpal.ai\/bs\/?s={search_term_string}\"},\"query-input\":{\"@type\":\"PropertyValueSpecification\",\"valueRequired\":true,\"valueName\":\"search_term_string\"}}],\"inLanguage\":\"bs-BA\"},{\"@type\":\"Organization\",\"@id\":\"https:\/\/talkpal.ai\/bs\/#organization\",\"name\":\"Talkpal, Inc.\",\"alternateName\":\"Talkpal AI\",\"url\":\"https:\/\/talkpal.ai\/bs\/\",\"logo\":{\"@type\":\"ImageObject\",\"inLanguage\":\"bs-BA\",\"@id\":\"https:\/\/talkpal.ai\/bs\/#\/schema\/logo\/image\/\",\"url\":\"https:\/\/talkpal.ai\/wp-content\/uploads\/2024\/03\/Talkpal-Logo-Icon.png\",\"contentUrl\":\"https:\/\/talkpal.ai\/wp-content\/uploads\/2024\/03\/Talkpal-Logo-Icon.png\",\"width\":2880,\"height\":2880,\"caption\":\"Talkpal, Inc.\"},\"image\":{\"@id\":\"https:\/\/talkpal.ai\/bs\/#\/schema\/logo\/image\/\"},\"sameAs\":[\"https:\/\/www.facebook.com\/profile.php?id=100090733639311\",\"https:\/\/x.com\/talkpalai\",\"https:\/\/www.linkedin.com\/company\/talkpal\/\",\"https:\/\/www.youtube.com\/@TalkPal\/\",\"https:\/\/www.tiktok.com\/@talkpal\",\"https:\/\/www.instagram.com\/talkpal_ai\/\",\"https:\/\/www.crunchbase.com\/organization\/talkpal-9cde\",\"https:\/\/www.g2.com\/products\/talkpal-for-business\/\",\"https:\/\/www.trustpilot.com\/review\/talkpal.ai\",\"https:\/\/www.capterra.com\/p\/10006800\/TalkPal\/\"],\"description\":\"Talkpal is a language learning web and mobile education app, powered by the latest AI technologies, that provides engaging experiences to its customers in many different languages to help them improve their language skills. Users can chat about unlimited amount of topics with the app and use other modes to practice their language learning.\",\"email\":\"support@talkpal.ai\",\"legalName\":\"Talkpal, Inc.\",\"foundingDate\":\"2023-04-03\",\"duns\":\"118989042\",\"numberOfEmployees\":{\"@type\":\"QuantitativeValue\",\"minValue\":\"11\",\"maxValue\":\"50\"},\"publishingPrinciples\":\"https:\/\/talkpal.ai\/publishing-principles\/\",\"actionableFeedbackPolicy\":\"https:\/\/talkpal.ai\/actionable-feedback-policy\/\",\"correctionsPolicy\":\"https:\/\/talkpal.ai\/corrections-policy\/\",\"ethicsPolicy\":\"https:\/\/talkpal.ai\/ethics-policy\/\",\"diversityPolicy\":\"https:\/\/talkpal.ai\/diversity-policy\/\",\"diversityStaffingReport\":\"https:\/\/talkpal.ai\/diversity-policy\/\"}]}<\/script>\n<!-- \/ Yoast SEO Premium plugin. -->","yoast_head_json":{"title":"svahili gramatika - Talkpal","description":"Otkrijte tajne svahili gramatike uz na\u0161 sveobuhvatni vodi\u010d! Otkrijte njegove jedinstvene vrste imenica i klju\u010dne komponente.","robots":{"index":"index","follow":"follow","max-snippet":"max-snippet:-1","max-image-preview":"max-image-preview:large","max-video-preview":"max-video-preview:-1"},"canonical":"https:\/\/talkpal.ai\/bs\/svahili-gramatika\/","og_locale":"bs_BA","og_type":"article","og_title":"svahili gramatika","og_description":"Svahili gramatika: demistifikacija jezi\u010dke avanture Svahili gramatika \u2013 privla\u010dna, ali zagonetna, fluidna, ali intrigantna, \u017eivahna, ali fascinantna. Dok","og_url":"https:\/\/talkpal.ai\/bs\/svahili-gramatika\/","og_site_name":"Talkpal","article_publisher":"https:\/\/www.facebook.com\/profile.php?id=100090733639311","article_modified_time":"2025-12-13T15:55:14+00:00","og_image":[{"width":512,"height":512,"url":"https:\/\/talkpal.ai\/wp-content\/uploads\/2023\/05\/Swahili-tanzania.png","type":"image\/png"}],"twitter_card":"summary_large_image","twitter_site":"@talkpalai","twitter_misc":{"Est. reading time":"3 minute"},"schema":{"@context":"https:\/\/schema.org","@graph":[{"@type":"WebPage","@id":"https:\/\/talkpal.ai\/bs\/svahili-gramatika\/","url":"https:\/\/talkpal.ai\/bs\/svahili-gramatika\/","name":"svahili gramatika - Talkpal","isPartOf":{"@id":"https:\/\/talkpal.ai\/bs\/#website"},"primaryImageOfPage":{"@id":"https:\/\/talkpal.ai\/bs\/svahili-gramatika\/#primaryimage"},"image":{"@id":"https:\/\/talkpal.ai\/bs\/svahili-gramatika\/#primaryimage"},"thumbnailUrl":"https:\/\/talkpal.ai\/wp-content\/uploads\/2023\/05\/Swahili-tanzania.png","datePublished":"2023-05-14T14:25:05+00:00","dateModified":"2025-12-13T15:55:14+00:00","description":"Otkrijte tajne svahili gramatike uz na\u0161 sveobuhvatni vodi\u010d! Otkrijte njegove jedinstvene vrste imenica i klju\u010dne komponente.","breadcrumb":{"@id":"https:\/\/talkpal.ai\/bs\/svahili-gramatika\/#breadcrumb"},"inLanguage":"bs-BA","potentialAction":[{"@type":"ReadAction","target":["https:\/\/talkpal.ai\/bs\/svahili-gramatika\/"]}]},{"@type":"ImageObject","inLanguage":"bs-BA","@id":"https:\/\/talkpal.ai\/bs\/svahili-gramatika\/#primaryimage","url":"https:\/\/talkpal.ai\/wp-content\/uploads\/2023\/05\/Swahili-tanzania.png","contentUrl":"https:\/\/talkpal.ai\/wp-content\/uploads\/2023\/05\/Swahili-tanzania.png","width":512,"height":512},{"@type":"BreadcrumbList","@id":"https:\/\/talkpal.ai\/bs\/svahili-gramatika\/#breadcrumb","itemListElement":[{"@type":"ListItem","position":1,"name":"Homepage","item":"https:\/\/talkpal.ai\/bs\/"},{"@type":"ListItem","position":2,"name":"svahili gramatika"}]},{"@type":"WebSite","@id":"https:\/\/talkpal.ai\/bs\/#website","url":"https:\/\/talkpal.ai\/bs\/","name":"Talkpal","description":"AI Language Learning","publisher":{"@id":"https:\/\/talkpal.ai\/bs\/#organization"},"alternateName":"Talkpal AI","potentialAction":[{"@type":"SearchAction","target":{"@type":"EntryPoint","urlTemplate":"https:\/\/talkpal.ai\/bs\/?s={search_term_string}"},"query-input":{"@type":"PropertyValueSpecification","valueRequired":true,"valueName":"search_term_string"}}],"inLanguage":"bs-BA"},{"@type":"Organization","@id":"https:\/\/talkpal.ai\/bs\/#organization","name":"Talkpal, Inc.","alternateName":"Talkpal AI","url":"https:\/\/talkpal.ai\/bs\/","logo":{"@type":"ImageObject","inLanguage":"bs-BA","@id":"https:\/\/talkpal.ai\/bs\/#\/schema\/logo\/image\/","url":"https:\/\/talkpal.ai\/wp-content\/uploads\/2024\/03\/Talkpal-Logo-Icon.png","contentUrl":"https:\/\/talkpal.ai\/wp-content\/uploads\/2024\/03\/Talkpal-Logo-Icon.png","width":2880,"height":2880,"caption":"Talkpal, Inc."},"image":{"@id":"https:\/\/talkpal.ai\/bs\/#\/schema\/logo\/image\/"},"sameAs":["https:\/\/www.facebook.com\/profile.php?id=100090733639311","https:\/\/x.com\/talkpalai","https:\/\/www.linkedin.com\/company\/talkpal\/","https:\/\/www.youtube.com\/@TalkPal\/","https:\/\/www.tiktok.com\/@talkpal","https:\/\/www.instagram.com\/talkpal_ai\/","https:\/\/www.crunchbase.com\/organization\/talkpal-9cde","https:\/\/www.g2.com\/products\/talkpal-for-business\/","https:\/\/www.trustpilot.com\/review\/talkpal.ai","https:\/\/www.capterra.com\/p\/10006800\/TalkPal\/"],"description":"Talkpal is a language learning web and mobile education app, powered by the latest AI technologies, that provides engaging experiences to its customers in many different languages to help them improve their language skills. Users can chat about unlimited amount of topics with the app and use other modes to practice their language learning.","email":"support@talkpal.ai","legalName":"Talkpal, Inc.","foundingDate":"2023-04-03","duns":"118989042","numberOfEmployees":{"@type":"QuantitativeValue","minValue":"11","maxValue":"50"},"publishingPrinciples":"https:\/\/talkpal.ai\/publishing-principles\/","actionableFeedbackPolicy":"https:\/\/talkpal.ai\/actionable-feedback-policy\/","correctionsPolicy":"https:\/\/talkpal.ai\/corrections-policy\/","ethicsPolicy":"https:\/\/talkpal.ai\/ethics-policy\/","diversityPolicy":"https:\/\/talkpal.ai\/diversity-policy\/","diversityStaffingReport":"https:\/\/talkpal.ai\/diversity-policy\/"}]}},"_links":{"self":[{"href":"https:\/\/talkpal.ai\/bs\/wp-json\/wp\/v2\/pages\/153797","targetHints":{"allow":["GET"]}}],"collection":[{"href":"https:\/\/talkpal.ai\/bs\/wp-json\/wp\/v2\/pages"}],"about":[{"href":"https:\/\/talkpal.ai\/bs\/wp-json\/wp\/v2\/types\/page"}],"author":[{"embeddable":true,"href":"https:\/\/talkpal.ai\/bs\/wp-json\/wp\/v2\/users\/1"}],"replies":[{"embeddable":true,"href":"https:\/\/talkpal.ai\/bs\/wp-json\/wp\/v2\/comments?post=153797"}],"version-history":[{"count":0,"href":"https:\/\/talkpal.ai\/bs\/wp-json\/wp\/v2\/pages\/153797\/revisions"}],"wp:featuredmedia":[{"embeddable":true,"href":"https:\/\/talkpal.ai\/bs\/wp-json\/wp\/v2\/media\/119452"}],"wp:attachment":[{"href":"https:\/\/talkpal.ai\/bs\/wp-json\/wp\/v2\/media?parent=153797"}],"curies":[{"name":"wp","href":"https:\/\/api.w.org\/{rel}","templated":true}]}}