{"id":153498,"date":"2023-05-14T14:24:42","date_gmt":"2023-05-14T14:24:42","guid":{"rendered":"http:\/\/talkpal.ai\/tajlandska-gramatika\/"},"modified":"2025-12-13T15:49:32","modified_gmt":"2025-12-13T15:49:32","slug":"tajlandska-gramatika","status":"publish","type":"page","link":"https:\/\/talkpal.ai\/bs\/tajlandska-gramatika\/","title":{"rendered":"tajlandska gramatika"},"content":{"rendered":"\r\n\r\n\r\n<section class=\"languageChallengeSection\">\r\n    <div class=\"languageInfoWrapper\">\r\n        \r\n        <h1>tajlandska gramatika<\/h1>\r\n        <p>Nau\u010dite tajlandsku gramatiku i do\u017eivite ljepotu jezika koji je istovremeno logi\u010dan i ekspresivan. Zapo\u010dnite svoje putovanje i otvorite vrata fascinantnom na\u010dinu razmi\u0161ljanja i govora!<\/p>\r\n\r\n                            <a class=\"getStartedHidden\" href=\"https:\/\/app.talkpal.ai\/signup?lng=\">Kreni<\/a>\r\n        \r\n    <\/div>\r\n\r\n    <figure>\r\n    <img decoding=\"async\" width=\"768\" height=\"768\" src=\"https:\/\/talkpal.ai\/wp-content\/uploads\/2023\/06\/thai-768x768.png\" class=\"languageImage no-lazy\" alt=\"Language learning for improved thought process\" fetchpriority=\"high\" sizes=\"(max-width: 768px) 150px, 768px\" srcset=\"https:\/\/talkpal.ai\/wp-content\/uploads\/2023\/06\/thai-768x768.png 768w, https:\/\/talkpal.ai\/wp-content\/uploads\/2023\/06\/thai-300x300.png 300w\" \/>\r\n    \r\n\r\n    <\/figure>\r\n\r\n            <a class=\"getStartedVisible\" href=\"https:\/\/app.talkpal.ai\/signup?lng=\">Kreni<\/a>\r\n    \r\n<\/section>\r\n<section class=\"promotionalBanner\">\r\n    <p class=\"promotionalText\">Najefikasniji na\u010din za u\u010denje jezika<\/p>\r\n    <a class=\"promotionalLink\" href=\"https:\/\/app.talkpal.ai\/signup?lng=\">Isprobajte Talkpal besplatno<\/a>\r\n<\/section>\n<div class=\"wp-block-group pageContainerStyle\"><div class=\"wp-block-group__inner-container is-layout-constrained wp-block-group-is-layout-constrained\">\n<h2 class=\"wp-block-heading\" id=\"h-thai-grammar-exploring-a-unique-linguistic-world\">Tajlandska gramatika: istra\u017eivanje jedinstvenog lingvisti\u010dkog svijeta<\/h2>\n\n\n\n<p><a href=\"https:\/\/talkpal.ai\/thai-grammar\/\">Tajlandska gramatika<\/a> \u2013 naizgled zagonetna, egzoti\u010dna i zadivljuju\u0107a. Kada krenete na put ka u\u010denju tajlandskog jezika, verovatno \u0107ete se neo\u010dekivano zaneti njegovom gramatikom. Ne bojte se, moji dragi lingvisti\u010dki istra\u017eiva\u010di! Mi smo tu da ponudimo smernice i podr\u0161ku u ovoj neverovatnoj avanturi!<\/p>\n\n\n\n<p>U ovom \u010dlanku istra\u017eujemo osnovne aspekte tajlandske gramatike, razbijamo klju\u010dne koncepte, obja\u0161njavamo pravila, pa \u010dak i pojednostavljujemo slo\u017eenost. Pridru\u017eite nam se dok podi\u017eemo veo na tajlandsku gramatiku i zapalimo va\u0161u strast za ovim predivno jedinstvenim jezikom!<\/p>\n\n\n\n<h3 class=\"wp-block-heading\" id=\"h-1-nouns-no-plurals-no-genders-no-worries\">1. imenice: bez mno\u017eine, bez spola, bez brige!<\/h3>\n\n\n\n<p>Lepota tajlandske gramatike le\u017ei u njenoj jednostavnosti kada je re\u010d o imenicama. Tajlandske imenice nemaju rodne ili mno\u017einske oblike, \u0161to ih \u010dini jednostavnim za upotrebu i razumevanje. Da biste ozna\u010dili mno\u017einu, jednostavno dodajte rije\u010d o koli\u010dini kao \u0161to je &#8220;mnogo&#8221; (\u0e21\u0e32\u0e01, m\u00e2ak) ili &#8220;neki&#8221; (\u0e1a\u0e49\u0e32\u0e07, b\u00e2ang) ili ponovite imenicu da biste naglasili zna\u010denje mno\u017eine.<\/p>\n\n\n\n<h3 class=\"wp-block-heading\" id=\"h-2-pronouns-choose-wisely-based-on-politeness\">2. zamjenice: Mudro odaberite na temelju u\u010dtivosti<\/h3>\n\n\n\n<p>Odabir odgovaraju\u0107e zamjenice je od su\u0161tinskog zna\u010daja u tajlandskoj gramatici kako bi se pokazalo po\u0161tovanje i poniznost. Tajlandske zamjenice variraju ovisno o spolu, dobi i odnosu govornika i slu\u0161atelja. Na primjer, \u201c\u0e09\u0e31\u0e19\u201d (ch\u0103n) je uobi\u010dajena neformalna zamjenica u prvom licu, dok \u201c\u0e1c\u0e21\u201d (p\u014fm) mu\u0161karci \u010desto koriste u formalnijim situacijama.<\/p>\n\n\n\n<p>Da biste pogrije\u0161ili na strani ljubaznosti, koristite \u201c\u0e04\u0e38\u0e13\u201d (kun) za \u201cvi\u201d i \u201c\u0e40\u0e02\u0e32\u201d (k\u0103o) za \u201con\/ona\/oni\u201d.<\/p>\n\n\n\n<h3 class=\"wp-block-heading\" id=\"h-3-verbs-no-conjugation-or-tenses-only-particles\">3. glagoli: nema konjugacije ili napetosti, samo \u010destice<\/h3>\n\n\n\n<p>U tajlandskoj gramatici, glagoli ostaju nepromijenjeni bez obzira na napetost, raspolo\u017eenje ili temu. Umjesto toga, <a href=\"https:\/\/talkpal.ai\/learn-thai\/\">tajlandski<\/a> se oslanja na jednostavne rije\u010di poznate kao \u010destice kako bi ukazali na napetost ili stav re\u010denice. Ove \u010destice su postavljene na kraju re\u010denice.<\/p>\n\n\n\n<p>Na primjer, \u010destica \u201c\u0e41\u0e25\u0e49\u0e27\u201d (l\u00e1ew) ozna\u010dava pro\u0161lo vrijeme ili zavr\u0161enu radnju, a \u201c\u0e01\u0e33\u0e25\u0e31\u0e07\u201d (gam-lang) se koristi za radnje u toku. Stoga, \u201c\u0e40\u0e02\u0e32\u0e01\u0e34\u0e19\u201d (k\u0103o gin) zna\u010di \u201con\/ona jede\u201d, dok \u201c\u0e40\u0e02\u0e32\u0e01\u0e34\u0e19\u0e41\u0e25\u0e49\u0e27\u201d (k\u0103o gin l\u00e1ew) zna\u010di \u201con\/ona jeo\u201d.<\/p>\n\n\n\n<h3 class=\"wp-block-heading\" id=\"h-4-sentence-structure-clear-and-straightforward\">Struktura re\u010denice: jasna i jasna<\/h3>\n\n\n\n<p>Tajlandska <a href=\"https:\/\/talkpal.ai\/sq\/gramatika\/\">gramatika<\/a> slijedi strukturu re\u010denice Subject-Verb-Object (SVO), sli\u010dnu engleskom, <a href=\"https:\/\/talkpal.ai\/locations\/language-courses-in-koja\/\">koja<\/a> pojednostavljuje razumijevanje za govornike engleskog jezika. Glavno pravilo je da pridjevi, prilozi i druge opisne rije\u010di slijede imenicu ili glagol koji opisuju.<\/p>\n\n\n\n<p>Na primjer, \u201c\u0e1c\u0e21\u0e0a\u0e2d\u0e1a\u0e2b\u0e19\u0e31\u0e07\u0e2a\u0e37\u0e2d\u0e19\u0e35\u0e49\u201d (p\u014fm ch\u00e2wp n\u0103ng s\u011bu n\u00e9e) prevodi se kao \u201cJa (subjekt) volim (glagol) ovu knjigu (objekat).\u201d<\/p>\n\n\n\n<h3 class=\"wp-block-heading\" id=\"h-5-immerse-yourself-in-thai-practice-makes-perfect\">5. uronite u Tajland: Praksa \u010dini savr\u0161enim<\/h3>\n\n\n\n<p>Razumevanje i savladavanje tajlandske gramatike u po\u010detku mo\u017ee izgledati izazovno, ali klju\u010d je upornost i dosledna praksa. Uklju\u010dite sva svoja \u010dula uranjanjem u jezik, \u010ditanjem, pisanjem, slu\u0161anjem i razgovorom sa izvornim govornicima. \u0160to ste vi\u0161e izlo\u017eeni tajlandskoj gramatici, to \u0107e se vi\u0161e ovi egzoti\u010dni koncepti osje\u0107ati poznatim i ugodnim.<\/p>\n\n\n\n<p>Dakle, jeste li spremni zaroniti u fascinantan svijet tajlandske gramatike? Prihvatite izazov i jedinstvene karakteristike tajlandske gramatike i, sa vremenom, posve\u0107eno\u0161\u0107u i ose\u0107ajem za avanturu, mo\u017eete otklju\u010dati zadivljuju\u0107u lepotu tajlandskog jezika.<\/p>\n<\/div><\/div>\n\r\n<section class=\"learnNavigationSection\">\r\n            \r\n        <a href=\"https:\/\/talkpal.ai\/bs\/nauci-tajlandski\/\">\r\n            <div class=\"learnNavigationWrapper\">\r\n                <div class=\"learnNavigationContent\">\r\n                    <img decoding=\"async\" src=\"https:\/\/talkpal.ai\/wp-content\/uploads\/2024\/08\/Thai.jpg\" alt=\"Thai Flag\">\r\n                    <div>\r\n                        <h4>O u\u010denju tajlandskog<\/h4>\r\n                        <p>Saznaj sve o tajlandskoj gramatici.<\/p>\r\n                    <\/div>\r\n                <\/div>\r\n            <\/div>\r\n        <\/a>\r\n\r\n        \r\n        <a href=\"https:\/\/talkpal.ai\/bs\/tajlandske-gramaticke-vjezbe\/\">\r\n            <div class=\"learnNavigationWrapper\">\r\n                <div class=\"learnNavigationContent\">\r\n                    <img decoding=\"async\" src=\"https:\/\/talkpal.ai\/wp-content\/uploads\/2024\/08\/Thai.jpg\" alt=\"Thai Flag\">\r\n                    <div>\r\n                        <h4>Vje\u017eba iz tajlandske gramatike<\/h4>\r\n                        <p>Vje\u017ebaj tajlandsku gramatiku.<\/p>\r\n                    <\/div>\r\n                <\/div>\r\n            <\/div>\r\n        <\/a>\r\n\r\n        \r\n        <a href=\"https:\/\/talkpal.ai\/vocabulary_language\/thai\/\">\r\n            <div class=\"learnNavigationWrapper\">\r\n                <div class=\"learnNavigationContent\">\r\n                    <img decoding=\"async\" src=\"https:\/\/talkpal.ai\/wp-content\/uploads\/2024\/08\/Thai.jpg\" alt=\"Thai Flag\">\r\n                    <div>\r\n                        <h4>Thai Vocabulary<\/h4>\r\n                        <p>Pro\u0161irite svoj tajlandski vokabular.<\/p>\r\n                    <\/div>\r\n                <\/div>\r\n            <\/div>\r\n        <\/a>\r\n\r\n            <\/section>","protected":false},"excerpt":{"rendered":"<p>Tajlandska gramatika: istra\u017eivanje jedinstvenog lingvisti\u010dkog svijeta Tajlandska gramatika \u2013 naizgled zagonetna, egzoti\u010dna i zadivljuju\u0107a. Kada krenete na put ka u\u010denju tajlandskog jezika, verovatno \u0107ete se neo\u010dekivano zaneti njegovom gramatikom. Ne bojte se, moji dragi lingvisti\u010dki istra\u017eiva\u010di! Mi smo tu da ponudimo smernice i podr\u0161ku u ovoj neverovatnoj avanturi! U ovom \u010dlanku istra\u017eujemo osnovne aspekte tajlandske [&hellip;]<\/p>\n","protected":false},"author":1,"featured_media":153504,"parent":0,"menu_order":0,"comment_status":"closed","ping_status":"closed","template":"LearningContentPage.php","meta":{"_acf_changed":false,"footnotes":""},"class_list":["post-153498","page","type-page","status-publish","has-post-thumbnail","hentry"],"acf":[],"yoast_head":"<!-- This site is optimized with the Yoast SEO Premium plugin v27.2 (Yoast SEO v27.2) - https:\/\/yoast.com\/product\/yoast-seo-premium-wordpress\/ -->\n<title>tajlandska gramatika - Talkpal<\/title>\n<meta name=\"description\" content=\"Istra\u017eite fascinantan svijet tajlandske gramatike. Otkrijte njegovu jednostavnost i jedinstvene karakteristike koje u\u010denje \u010dine ugodnim.\" \/>\n<meta name=\"robots\" content=\"index, follow, max-snippet:-1, max-image-preview:large, max-video-preview:-1\" \/>\n<link rel=\"canonical\" href=\"https:\/\/talkpal.ai\/bs\/tajlandska-gramatika\/\" \/>\n<meta property=\"og:locale\" content=\"bs_BA\" \/>\n<meta property=\"og:type\" content=\"article\" \/>\n<meta property=\"og:title\" content=\"tajlandska gramatika\" \/>\n<meta property=\"og:description\" content=\"Tajlandska gramatika: istra\u017eivanje jedinstvenog lingvisti\u010dkog svijeta Tajlandska gramatika \u2013 naizgled zagonetna, egzoti\u010dna i zadivljuju\u0107a. Kada krenete na\" \/>\n<meta property=\"og:url\" content=\"https:\/\/talkpal.ai\/bs\/tajlandska-gramatika\/\" \/>\n<meta property=\"og:site_name\" content=\"Talkpal\" \/>\n<meta property=\"article:publisher\" content=\"https:\/\/www.facebook.com\/profile.php?id=100090733639311\" \/>\n<meta property=\"article:modified_time\" content=\"2025-12-13T15:49:32+00:00\" \/>\n<meta property=\"og:image\" content=\"https:\/\/talkpal.ai\/wp-content\/uploads\/2023\/05\/thailand.png\" \/>\n\t<meta property=\"og:image:width\" content=\"512\" \/>\n\t<meta property=\"og:image:height\" content=\"512\" \/>\n\t<meta property=\"og:image:type\" content=\"image\/png\" \/>\n<meta name=\"twitter:card\" content=\"summary_large_image\" \/>\n<meta name=\"twitter:site\" content=\"@talkpalai\" \/>\n<meta name=\"twitter:label1\" content=\"Est. reading time\" \/>\n\t<meta name=\"twitter:data1\" content=\"3 minute\" \/>\n<script type=\"application\/ld+json\" class=\"yoast-schema-graph\">{\"@context\":\"https:\/\/schema.org\",\"@graph\":[{\"@type\":\"WebPage\",\"@id\":\"https:\/\/talkpal.ai\/bs\/tajlandska-gramatika\/\",\"url\":\"https:\/\/talkpal.ai\/bs\/tajlandska-gramatika\/\",\"name\":\"tajlandska gramatika - Talkpal\",\"isPartOf\":{\"@id\":\"https:\/\/talkpal.ai\/bs\/#website\"},\"primaryImageOfPage\":{\"@id\":\"https:\/\/talkpal.ai\/bs\/tajlandska-gramatika\/#primaryimage\"},\"image\":{\"@id\":\"https:\/\/talkpal.ai\/bs\/tajlandska-gramatika\/#primaryimage\"},\"thumbnailUrl\":\"https:\/\/talkpal.ai\/wp-content\/uploads\/2023\/05\/thailand.png\",\"datePublished\":\"2023-05-14T14:24:42+00:00\",\"dateModified\":\"2025-12-13T15:49:32+00:00\",\"description\":\"Istra\u017eite fascinantan svijet tajlandske gramatike. Otkrijte njegovu jednostavnost i jedinstvene karakteristike koje u\u010denje \u010dine ugodnim.\",\"breadcrumb\":{\"@id\":\"https:\/\/talkpal.ai\/bs\/tajlandska-gramatika\/#breadcrumb\"},\"inLanguage\":\"bs-BA\",\"potentialAction\":[{\"@type\":\"ReadAction\",\"target\":[\"https:\/\/talkpal.ai\/bs\/tajlandska-gramatika\/\"]}]},{\"@type\":\"ImageObject\",\"inLanguage\":\"bs-BA\",\"@id\":\"https:\/\/talkpal.ai\/bs\/tajlandska-gramatika\/#primaryimage\",\"url\":\"https:\/\/talkpal.ai\/wp-content\/uploads\/2023\/05\/thailand.png\",\"contentUrl\":\"https:\/\/talkpal.ai\/wp-content\/uploads\/2023\/05\/thailand.png\",\"width\":512,\"height\":512},{\"@type\":\"BreadcrumbList\",\"@id\":\"https:\/\/talkpal.ai\/bs\/tajlandska-gramatika\/#breadcrumb\",\"itemListElement\":[{\"@type\":\"ListItem\",\"position\":1,\"name\":\"Homepage\",\"item\":\"https:\/\/talkpal.ai\/bs\/\"},{\"@type\":\"ListItem\",\"position\":2,\"name\":\"tajlandska gramatika\"}]},{\"@type\":\"WebSite\",\"@id\":\"https:\/\/talkpal.ai\/bs\/#website\",\"url\":\"https:\/\/talkpal.ai\/bs\/\",\"name\":\"Talkpal\",\"description\":\"AI Language Learning\",\"publisher\":{\"@id\":\"https:\/\/talkpal.ai\/bs\/#organization\"},\"alternateName\":\"Talkpal AI\",\"potentialAction\":[{\"@type\":\"SearchAction\",\"target\":{\"@type\":\"EntryPoint\",\"urlTemplate\":\"https:\/\/talkpal.ai\/bs\/?s={search_term_string}\"},\"query-input\":{\"@type\":\"PropertyValueSpecification\",\"valueRequired\":true,\"valueName\":\"search_term_string\"}}],\"inLanguage\":\"bs-BA\"},{\"@type\":\"Organization\",\"@id\":\"https:\/\/talkpal.ai\/bs\/#organization\",\"name\":\"Talkpal, Inc.\",\"alternateName\":\"Talkpal AI\",\"url\":\"https:\/\/talkpal.ai\/bs\/\",\"logo\":{\"@type\":\"ImageObject\",\"inLanguage\":\"bs-BA\",\"@id\":\"https:\/\/talkpal.ai\/bs\/#\/schema\/logo\/image\/\",\"url\":\"https:\/\/talkpal.ai\/wp-content\/uploads\/2024\/03\/Talkpal-Logo-Icon.png\",\"contentUrl\":\"https:\/\/talkpal.ai\/wp-content\/uploads\/2024\/03\/Talkpal-Logo-Icon.png\",\"width\":2880,\"height\":2880,\"caption\":\"Talkpal, Inc.\"},\"image\":{\"@id\":\"https:\/\/talkpal.ai\/bs\/#\/schema\/logo\/image\/\"},\"sameAs\":[\"https:\/\/www.facebook.com\/profile.php?id=100090733639311\",\"https:\/\/x.com\/talkpalai\",\"https:\/\/www.linkedin.com\/company\/talkpal\/\",\"https:\/\/www.youtube.com\/@TalkPal\/\",\"https:\/\/www.tiktok.com\/@talkpal\",\"https:\/\/www.instagram.com\/talkpal_ai\/\",\"https:\/\/www.crunchbase.com\/organization\/talkpal-9cde\",\"https:\/\/www.g2.com\/products\/talkpal-for-business\/\",\"https:\/\/www.trustpilot.com\/review\/talkpal.ai\",\"https:\/\/www.capterra.com\/p\/10006800\/TalkPal\/\"],\"description\":\"Talkpal is a language learning web and mobile education app, powered by the latest AI technologies, that provides engaging experiences to its customers in many different languages to help them improve their language skills. Users can chat about unlimited amount of topics with the app and use other modes to practice their language learning.\",\"email\":\"support@talkpal.ai\",\"legalName\":\"Talkpal, Inc.\",\"foundingDate\":\"2023-04-03\",\"duns\":\"118989042\",\"numberOfEmployees\":{\"@type\":\"QuantitativeValue\",\"minValue\":\"11\",\"maxValue\":\"50\"},\"publishingPrinciples\":\"https:\/\/talkpal.ai\/publishing-principles\/\",\"actionableFeedbackPolicy\":\"https:\/\/talkpal.ai\/actionable-feedback-policy\/\",\"correctionsPolicy\":\"https:\/\/talkpal.ai\/corrections-policy\/\",\"ethicsPolicy\":\"https:\/\/talkpal.ai\/ethics-policy\/\",\"diversityPolicy\":\"https:\/\/talkpal.ai\/diversity-policy\/\",\"diversityStaffingReport\":\"https:\/\/talkpal.ai\/diversity-policy\/\"}]}<\/script>\n<!-- \/ Yoast SEO Premium plugin. -->","yoast_head_json":{"title":"tajlandska gramatika - Talkpal","description":"Istra\u017eite fascinantan svijet tajlandske gramatike. Otkrijte njegovu jednostavnost i jedinstvene karakteristike koje u\u010denje \u010dine ugodnim.","robots":{"index":"index","follow":"follow","max-snippet":"max-snippet:-1","max-image-preview":"max-image-preview:large","max-video-preview":"max-video-preview:-1"},"canonical":"https:\/\/talkpal.ai\/bs\/tajlandska-gramatika\/","og_locale":"bs_BA","og_type":"article","og_title":"tajlandska gramatika","og_description":"Tajlandska gramatika: istra\u017eivanje jedinstvenog lingvisti\u010dkog svijeta Tajlandska gramatika \u2013 naizgled zagonetna, egzoti\u010dna i zadivljuju\u0107a. Kada krenete na","og_url":"https:\/\/talkpal.ai\/bs\/tajlandska-gramatika\/","og_site_name":"Talkpal","article_publisher":"https:\/\/www.facebook.com\/profile.php?id=100090733639311","article_modified_time":"2025-12-13T15:49:32+00:00","og_image":[{"width":512,"height":512,"url":"https:\/\/talkpal.ai\/wp-content\/uploads\/2023\/05\/thailand.png","type":"image\/png"}],"twitter_card":"summary_large_image","twitter_site":"@talkpalai","twitter_misc":{"Est. reading time":"3 minute"},"schema":{"@context":"https:\/\/schema.org","@graph":[{"@type":"WebPage","@id":"https:\/\/talkpal.ai\/bs\/tajlandska-gramatika\/","url":"https:\/\/talkpal.ai\/bs\/tajlandska-gramatika\/","name":"tajlandska gramatika - Talkpal","isPartOf":{"@id":"https:\/\/talkpal.ai\/bs\/#website"},"primaryImageOfPage":{"@id":"https:\/\/talkpal.ai\/bs\/tajlandska-gramatika\/#primaryimage"},"image":{"@id":"https:\/\/talkpal.ai\/bs\/tajlandska-gramatika\/#primaryimage"},"thumbnailUrl":"https:\/\/talkpal.ai\/wp-content\/uploads\/2023\/05\/thailand.png","datePublished":"2023-05-14T14:24:42+00:00","dateModified":"2025-12-13T15:49:32+00:00","description":"Istra\u017eite fascinantan svijet tajlandske gramatike. Otkrijte njegovu jednostavnost i jedinstvene karakteristike koje u\u010denje \u010dine ugodnim.","breadcrumb":{"@id":"https:\/\/talkpal.ai\/bs\/tajlandska-gramatika\/#breadcrumb"},"inLanguage":"bs-BA","potentialAction":[{"@type":"ReadAction","target":["https:\/\/talkpal.ai\/bs\/tajlandska-gramatika\/"]}]},{"@type":"ImageObject","inLanguage":"bs-BA","@id":"https:\/\/talkpal.ai\/bs\/tajlandska-gramatika\/#primaryimage","url":"https:\/\/talkpal.ai\/wp-content\/uploads\/2023\/05\/thailand.png","contentUrl":"https:\/\/talkpal.ai\/wp-content\/uploads\/2023\/05\/thailand.png","width":512,"height":512},{"@type":"BreadcrumbList","@id":"https:\/\/talkpal.ai\/bs\/tajlandska-gramatika\/#breadcrumb","itemListElement":[{"@type":"ListItem","position":1,"name":"Homepage","item":"https:\/\/talkpal.ai\/bs\/"},{"@type":"ListItem","position":2,"name":"tajlandska gramatika"}]},{"@type":"WebSite","@id":"https:\/\/talkpal.ai\/bs\/#website","url":"https:\/\/talkpal.ai\/bs\/","name":"Talkpal","description":"AI Language Learning","publisher":{"@id":"https:\/\/talkpal.ai\/bs\/#organization"},"alternateName":"Talkpal AI","potentialAction":[{"@type":"SearchAction","target":{"@type":"EntryPoint","urlTemplate":"https:\/\/talkpal.ai\/bs\/?s={search_term_string}"},"query-input":{"@type":"PropertyValueSpecification","valueRequired":true,"valueName":"search_term_string"}}],"inLanguage":"bs-BA"},{"@type":"Organization","@id":"https:\/\/talkpal.ai\/bs\/#organization","name":"Talkpal, Inc.","alternateName":"Talkpal AI","url":"https:\/\/talkpal.ai\/bs\/","logo":{"@type":"ImageObject","inLanguage":"bs-BA","@id":"https:\/\/talkpal.ai\/bs\/#\/schema\/logo\/image\/","url":"https:\/\/talkpal.ai\/wp-content\/uploads\/2024\/03\/Talkpal-Logo-Icon.png","contentUrl":"https:\/\/talkpal.ai\/wp-content\/uploads\/2024\/03\/Talkpal-Logo-Icon.png","width":2880,"height":2880,"caption":"Talkpal, Inc."},"image":{"@id":"https:\/\/talkpal.ai\/bs\/#\/schema\/logo\/image\/"},"sameAs":["https:\/\/www.facebook.com\/profile.php?id=100090733639311","https:\/\/x.com\/talkpalai","https:\/\/www.linkedin.com\/company\/talkpal\/","https:\/\/www.youtube.com\/@TalkPal\/","https:\/\/www.tiktok.com\/@talkpal","https:\/\/www.instagram.com\/talkpal_ai\/","https:\/\/www.crunchbase.com\/organization\/talkpal-9cde","https:\/\/www.g2.com\/products\/talkpal-for-business\/","https:\/\/www.trustpilot.com\/review\/talkpal.ai","https:\/\/www.capterra.com\/p\/10006800\/TalkPal\/"],"description":"Talkpal is a language learning web and mobile education app, powered by the latest AI technologies, that provides engaging experiences to its customers in many different languages to help them improve their language skills. Users can chat about unlimited amount of topics with the app and use other modes to practice their language learning.","email":"support@talkpal.ai","legalName":"Talkpal, Inc.","foundingDate":"2023-04-03","duns":"118989042","numberOfEmployees":{"@type":"QuantitativeValue","minValue":"11","maxValue":"50"},"publishingPrinciples":"https:\/\/talkpal.ai\/publishing-principles\/","actionableFeedbackPolicy":"https:\/\/talkpal.ai\/actionable-feedback-policy\/","correctionsPolicy":"https:\/\/talkpal.ai\/corrections-policy\/","ethicsPolicy":"https:\/\/talkpal.ai\/ethics-policy\/","diversityPolicy":"https:\/\/talkpal.ai\/diversity-policy\/","diversityStaffingReport":"https:\/\/talkpal.ai\/diversity-policy\/"}]}},"_links":{"self":[{"href":"https:\/\/talkpal.ai\/bs\/wp-json\/wp\/v2\/pages\/153498","targetHints":{"allow":["GET"]}}],"collection":[{"href":"https:\/\/talkpal.ai\/bs\/wp-json\/wp\/v2\/pages"}],"about":[{"href":"https:\/\/talkpal.ai\/bs\/wp-json\/wp\/v2\/types\/page"}],"author":[{"embeddable":true,"href":"https:\/\/talkpal.ai\/bs\/wp-json\/wp\/v2\/users\/1"}],"replies":[{"embeddable":true,"href":"https:\/\/talkpal.ai\/bs\/wp-json\/wp\/v2\/comments?post=153498"}],"version-history":[{"count":0,"href":"https:\/\/talkpal.ai\/bs\/wp-json\/wp\/v2\/pages\/153498\/revisions"}],"wp:featuredmedia":[{"embeddable":true,"href":"https:\/\/talkpal.ai\/bs\/wp-json\/wp\/v2\/media\/153504"}],"wp:attachment":[{"href":"https:\/\/talkpal.ai\/bs\/wp-json\/wp\/v2\/media?parent=153498"}],"curies":[{"name":"wp","href":"https:\/\/api.w.org\/{rel}","templated":true}]}}