{"id":152912,"date":"2023-05-14T14:23:21","date_gmt":"2023-05-14T14:23:21","guid":{"rendered":"http:\/\/talkpal.ai\/tagalog-gramatika\/"},"modified":"2025-12-17T15:40:00","modified_gmt":"2025-12-17T15:40:00","slug":"tagalog-gramatika","status":"publish","type":"page","link":"https:\/\/talkpal.ai\/bs\/tagalog-gramatika\/","title":{"rendered":"Tagalog gramatika"},"content":{"rendered":"\r\n\r\n\r\n<section class=\"languageChallengeSection\">\r\n    <div class=\"languageInfoWrapper\">\r\n        \r\n        <h1>Tagalog gramatika<\/h1>\r\n        <p>Uzbu\u0111eni ste \u0161to \u0107ete nau\u010diti <a href=\"https:\/\/talkpal.ai\/learn-tagalog\/\">tagalog<\/a>? Istra\u017eite tagalo\u0161ku gramatiku, gdje jedinstveni glagolski fokusni sistemi, fleksibilan redoslijed re\u010denica i korisne \u010destice stvaraju jezik koji je izra\u017eajan koliko i zanimljiv. Zapo\u010dnite svoje putovanje sada &#8211; savladavanje tagalo\u0161ke gramatike osna\u017eit \u0107e vas da komunicirate samouvjereno i uronite u \u017eivahnu kulturu Filipina!<\/p>\r\n\r\n                            <a class=\"getStartedHidden\" href=\"https:\/\/app.talkpal.ai\/signup?lng=\">Kreni<\/a>\r\n        \r\n    <\/div>\r\n\r\n    <figure>\r\n    <img decoding=\"async\" width=\"768\" height=\"768\" src=\"https:\/\/talkpal.ai\/wp-content\/uploads\/2023\/06\/tagalog-768x768.png\" class=\"languageImage no-lazy\" alt=\"Overcoming challenges in language learning\" fetchpriority=\"high\" sizes=\"(max-width: 768px) 150px, 768px\" srcset=\"https:\/\/talkpal.ai\/wp-content\/uploads\/2023\/06\/tagalog-768x768.png 768w, https:\/\/talkpal.ai\/wp-content\/uploads\/2023\/06\/tagalog-300x300.png 300w\" \/>\r\n    \r\n\r\n    <\/figure>\r\n\r\n            <a class=\"getStartedVisible\" href=\"https:\/\/app.talkpal.ai\/signup?lng=\">Kreni<\/a>\r\n    \r\n<\/section>\r\n<section class=\"promotionalBanner\">\r\n    <p class=\"promotionalText\">Najefikasniji na\u010din za u\u010denje jezika<\/p>\r\n    <a class=\"promotionalLink\" href=\"https:\/\/app.talkpal.ai\/signup?lng=\">Isprobajte Talkpal besplatno<\/a>\r\n<\/section>\n<div class=\"wp-block-group pageContainerStyle\"><div class=\"wp-block-group__inner-container is-layout-constrained wp-block-group-is-layout-constrained\">\n<h1 class=\"wp-block-heading\" id=\"h-tagalog-grammar-get-to-know-the-heart-of-filipino-language\">Tagalog gramatika: Upoznaj srce filipinskog jezika<\/h1>\n\n\n\n<p>Tagalog, osnova za nacionalni jezik Filipina, govore milioni ljudi \u0161irom sveta. Da biste nau\u010dili Tagalog, prvo morate razumjeti njegovu zamr\u0161enu i fascinantnu gramatiku. U ovom \u010dlanku \u0107emo istra\u017eiti su\u0161tinske aspekte tagalog gramatike, poma\u017eu\u0107i vam da cenite ovaj prelepi jezik na konverzacijski i prijateljski na\u010din.<\/p>\n\n\n\n<h3 class=\"wp-block-heading\" id=\"h-1-nouns-genderless-countable-and-uncountable\">1. imenice \u2013 bez roda, prebrojive i neprebrojive<\/h3>\n\n\n\n<p>U tagalogu, imenice (pangngalan) nisu kategorizirane po spolu, \u0161to olak\u0161ava upravljanje od nekih drugih jezika. Uobi\u010dajene imenice se odnose na ljude, \u017eivotinje, mjesta, stvari ili ideje, sa odgovaraju\u0107im imenicama koje ozna\u010davaju specifi\u010dna imena. Nai\u0107i \u0107ete na prebrojive (tahanan, \u0161to zna\u010di \u201cku\u0107a\u201d) i na nebrojive imenice (tubig, \u0161to zna\u010di \u201cvoda\u201d). Imenice se tako\u0111er mogu pretvoriti u oblike mno\u017eine dodavanjem specifi\u010dnih oznaka poput \u201cmga\u201d.<\/p>\n\n\n\n<h3 class=\"wp-block-heading\" id=\"h-2-adjectives-describing-with-flair\">2. pridjevi \u2013 opisivanje s talentom<\/h3>\n\n\n\n<p>Pridjevi (pang-uri) pru\u017eaju vi\u0161e informacija o imenicama, s nekoliko na\u010dina kori\u0161tenja pridjeva u tagalogu. Pore\u0111enje imenica ostvaruje se preko pridjeva kori\u0161tenjem markera \u201cmas\u201d i \u201cpinaka\u201d za stvaranje komparativnih i superlativnih stupnjeva. Na primjer, \u201cmaganda\u201d zna\u010di \u201clijepa\u201d, dok \u201cmas maganda\u201d zna\u010di \u201cljep\u0161a\u201d, a \u201cpinakamaganda\u201d zna\u010di \u201cnajljep\u0161a\u201d.<\/p>\n\n\n\n<h3 class=\"wp-block-heading\" id=\"h-3-pronouns-keeping-it-personal\">3. zamjenice \u2013 Odr\u017eavanje osobnog<\/h3>\n\n\n\n<p><a href=\"https:\/\/talkpal.ai\/tagalog-grammar\/\">Tagalog gramatika<\/a> se sastoji od li\u010dnih, posesivnih, demonstrativnih, ispitiva\u010dkih i relativnih zamenica. Li\u010dne zamenice dolaze u tri slu\u010daja: nominativ (koji ukazuje na subjekt), genitiv (koji ukazuje na posedovanje) i akuzativ (koji ukazuje na objekat). Pokazne zamjenice, poput \u201cito\u201d (ovo) i \u201ciyan\u201d (<a href=\"https:\/\/talkpal.ai\/locations\/language-courses-in-ono\/\">ono<\/a>), koriste se za ukazivanje na odre\u0111ene stvari, dok se upitne zamjenice koriste za postavljanje pitanja.<\/p>\n\n\n\n<h3 class=\"wp-block-heading\" id=\"h-4-verbs-conjugation-and-focus\">4. glagoli \u2013 konjugacija i fokus<\/h3>\n\n\n\n<p>Tagalog glagoli (pandiwa) igraju vitalnu ulogu u konstrukciji re\u010denica, a njihova konjugacija je razli\u010dita. Umjesto napetih promjena, konjugacije glagola u Tagalogu uklju\u010duju promjene aspekta. Postoje tri glagolska aspekta: dovr\u0161en (svr\u0161ten), nedovr\u0161en (nesvr\u0161etak) i kontempirani (budu\u0107nost).  <\/p>\n\n\n\n<p>\u0160tavi\u0161e, Tagalog ima jedinstveni sistem fokusa koji se odnosi na glagole. U ovom sistemu, oblik glagola se menja u zavisnosti od toga na koji deo re\u010denice je fokusiran, kao \u0161to su objekat, subjekat ili pravac radnje. Klju\u010dni markeri poput \u201eum-\u201c, \u201emag-\u201c i \u201e-in\u201c poma\u017eu u preno\u0161enju razli\u010ditih nijansi unutar re\u010denica.<\/p>\n\n\n\n<h3 class=\"wp-block-heading\" id=\"h-5-embracing-the-journey\">b) Prihvatanje putovanja<\/h3>\n\n\n\n<p>U\u010denje tagalog gramatike zahteva vreme, trud i dodir strpljenja. Me\u0111utim, njegova jedinstvenost, nekada savladana, pru\u017ea nenadma\u0161an uvid u filipinsku kulturu i nasle\u0111e. Budite otvorenog uma, dosljedno vje\u017ebajte i ne bojte se pogrije\u0161iti dok govorite.<\/p>\n\n\n\n<p>Dok dublje uranjate u nijanse gramatike tagaloga, odvojite vrijeme da u\u017eivate u \u017eivahnosti i bogatstvu koje nudi. U\u017eivajte u razumevanju slo\u017eenosti koje \u010dine ovaj jezik zaista izuzetnim. Maligayang pag-aaral\u2014sretno u\u010denje!<\/p>\n<\/div><\/div>\n\r\n<section class=\"learnNavigationSection\">\r\n            \r\n        <a href=\"https:\/\/talkpal.ai\/bs\/nauci-tagalog\/\">\r\n            <div class=\"learnNavigationWrapper\">\r\n                <div class=\"learnNavigationContent\">\r\n                    <img decoding=\"async\" src=\"https:\/\/talkpal.ai\/wp-content\/uploads\/2024\/08\/Tagalog.jpg\" alt=\"Philippines Flag\">\r\n                    <div>\r\n                        <h4>O u\u010denju tagaloga<\/h4>\r\n                        <p>Saznaj sve o tagalog gramatici.<\/p>\r\n                    <\/div>\r\n                <\/div>\r\n            <\/div>\r\n        <\/a>\r\n\r\n        \r\n        <a href=\"https:\/\/talkpal.ai\/bs\/tagalog-gramaticke-vezbe\/\">\r\n            <div class=\"learnNavigationWrapper\">\r\n                <div class=\"learnNavigationContent\">\r\n                    <img decoding=\"async\" src=\"https:\/\/talkpal.ai\/wp-content\/uploads\/2024\/08\/Tagalog.jpg\" alt=\"Philippines Flag\">\r\n                    <div>\r\n                        <h4>Tagalog Grammar Exercise<\/h4>\r\n                        <p>Vje\u017ebaj Tagalog gramatiku.<\/p>\r\n                    <\/div>\r\n                <\/div>\r\n            <\/div>\r\n        <\/a>\r\n\r\n        \r\n        <a href=\"https:\/\/talkpal.ai\/vocabulary_language\/tagalog\/\">\r\n            <div class=\"learnNavigationWrapper\">\r\n                <div class=\"learnNavigationContent\">\r\n                    <img decoding=\"async\" src=\"https:\/\/talkpal.ai\/wp-content\/uploads\/2024\/08\/Tagalog.jpg\" alt=\"Philippines Flag\">\r\n                    <div>\r\n                        <h4>Tagalog Vocabulary<\/h4>\r\n                        <p>Pro\u0161irite svoj tagalo\u0161ki vokabular.<\/p>\r\n                    <\/div>\r\n                <\/div>\r\n            <\/div>\r\n        <\/a>\r\n\r\n            <\/section>","protected":false},"excerpt":{"rendered":"<p>Tagalog gramatika: Upoznaj srce filipinskog jezika Tagalog, osnova za nacionalni jezik Filipina, govore milioni ljudi \u0161irom sveta. Da biste nau\u010dili Tagalog, prvo morate razumjeti njegovu zamr\u0161enu i fascinantnu gramatiku. U ovom \u010dlanku \u0107emo istra\u017eiti su\u0161tinske aspekte tagalog gramatike, poma\u017eu\u0107i vam da cenite ovaj prelepi jezik na konverzacijski i prijateljski na\u010din. 1. imenice \u2013 bez roda, [&hellip;]<\/p>\n","protected":false},"author":1,"featured_media":120022,"parent":0,"menu_order":0,"comment_status":"closed","ping_status":"closed","template":"LearningContentPage.php","meta":{"_acf_changed":false,"footnotes":""},"class_list":["post-152912","page","type-page","status-publish","has-post-thumbnail","hentry"],"acf":[],"yoast_head":"<!-- This site is optimized with the Yoast SEO Premium plugin v27.2 (Yoast SEO v27.2) - https:\/\/yoast.com\/product\/yoast-seo-premium-wordpress\/ -->\n<title>Tagalog gramatika - Talkpal<\/title>\n<meta name=\"description\" content=\"Istra\u017eite osnove gramatike tagaloga i nau\u010dite kako cijeniti ovaj prekrasan jezik na jednostavan i prijateljski na\u010din.\" \/>\n<meta name=\"robots\" content=\"index, follow, max-snippet:-1, max-image-preview:large, max-video-preview:-1\" \/>\n<link rel=\"canonical\" href=\"https:\/\/talkpal.ai\/bs\/tagalog-gramatika\/\" \/>\n<meta property=\"og:locale\" content=\"bs_BA\" \/>\n<meta property=\"og:type\" content=\"article\" \/>\n<meta property=\"og:title\" content=\"Tagalog gramatika\" \/>\n<meta property=\"og:description\" content=\"Tagalog gramatika: Upoznaj srce filipinskog jezika Tagalog, osnova za nacionalni jezik Filipina, govore milioni ljudi \u0161irom sveta. Da biste nau\u010dili\" \/>\n<meta property=\"og:url\" content=\"https:\/\/talkpal.ai\/bs\/tagalog-gramatika\/\" \/>\n<meta property=\"og:site_name\" content=\"Talkpal\" \/>\n<meta property=\"article:publisher\" content=\"https:\/\/www.facebook.com\/profile.php?id=100090733639311\" \/>\n<meta property=\"article:modified_time\" content=\"2025-12-17T15:40:00+00:00\" \/>\n<meta property=\"og:image\" content=\"https:\/\/talkpal.ai\/wp-content\/uploads\/2023\/05\/Tagalog-philippines.png\" \/>\n\t<meta property=\"og:image:width\" content=\"512\" \/>\n\t<meta property=\"og:image:height\" content=\"512\" \/>\n\t<meta property=\"og:image:type\" content=\"image\/png\" \/>\n<meta name=\"twitter:card\" content=\"summary_large_image\" \/>\n<meta name=\"twitter:site\" content=\"@talkpalai\" \/>\n<meta name=\"twitter:label1\" content=\"Est. reading time\" \/>\n\t<meta name=\"twitter:data1\" content=\"2 minute\" \/>\n<script type=\"application\/ld+json\" class=\"yoast-schema-graph\">{\"@context\":\"https:\/\/schema.org\",\"@graph\":[{\"@type\":\"WebPage\",\"@id\":\"https:\/\/talkpal.ai\/bs\/tagalog-gramatika\/\",\"url\":\"https:\/\/talkpal.ai\/bs\/tagalog-gramatika\/\",\"name\":\"Tagalog gramatika - Talkpal\",\"isPartOf\":{\"@id\":\"https:\/\/talkpal.ai\/bs\/#website\"},\"primaryImageOfPage\":{\"@id\":\"https:\/\/talkpal.ai\/bs\/tagalog-gramatika\/#primaryimage\"},\"image\":{\"@id\":\"https:\/\/talkpal.ai\/bs\/tagalog-gramatika\/#primaryimage\"},\"thumbnailUrl\":\"https:\/\/talkpal.ai\/wp-content\/uploads\/2023\/05\/Tagalog-philippines.png\",\"datePublished\":\"2023-05-14T14:23:21+00:00\",\"dateModified\":\"2025-12-17T15:40:00+00:00\",\"description\":\"Istra\u017eite osnove gramatike tagaloga i nau\u010dite kako cijeniti ovaj prekrasan jezik na jednostavan i prijateljski na\u010din.\",\"breadcrumb\":{\"@id\":\"https:\/\/talkpal.ai\/bs\/tagalog-gramatika\/#breadcrumb\"},\"inLanguage\":\"bs-BA\",\"potentialAction\":[{\"@type\":\"ReadAction\",\"target\":[\"https:\/\/talkpal.ai\/bs\/tagalog-gramatika\/\"]}]},{\"@type\":\"ImageObject\",\"inLanguage\":\"bs-BA\",\"@id\":\"https:\/\/talkpal.ai\/bs\/tagalog-gramatika\/#primaryimage\",\"url\":\"https:\/\/talkpal.ai\/wp-content\/uploads\/2023\/05\/Tagalog-philippines.png\",\"contentUrl\":\"https:\/\/talkpal.ai\/wp-content\/uploads\/2023\/05\/Tagalog-philippines.png\",\"width\":512,\"height\":512},{\"@type\":\"BreadcrumbList\",\"@id\":\"https:\/\/talkpal.ai\/bs\/tagalog-gramatika\/#breadcrumb\",\"itemListElement\":[{\"@type\":\"ListItem\",\"position\":1,\"name\":\"Homepage\",\"item\":\"https:\/\/talkpal.ai\/bs\/\"},{\"@type\":\"ListItem\",\"position\":2,\"name\":\"Tagalog gramatika\"}]},{\"@type\":\"WebSite\",\"@id\":\"https:\/\/talkpal.ai\/bs\/#website\",\"url\":\"https:\/\/talkpal.ai\/bs\/\",\"name\":\"Talkpal\",\"description\":\"AI Language Learning\",\"publisher\":{\"@id\":\"https:\/\/talkpal.ai\/bs\/#organization\"},\"alternateName\":\"Talkpal AI\",\"potentialAction\":[{\"@type\":\"SearchAction\",\"target\":{\"@type\":\"EntryPoint\",\"urlTemplate\":\"https:\/\/talkpal.ai\/bs\/?s={search_term_string}\"},\"query-input\":{\"@type\":\"PropertyValueSpecification\",\"valueRequired\":true,\"valueName\":\"search_term_string\"}}],\"inLanguage\":\"bs-BA\"},{\"@type\":\"Organization\",\"@id\":\"https:\/\/talkpal.ai\/bs\/#organization\",\"name\":\"Talkpal, Inc.\",\"alternateName\":\"Talkpal AI\",\"url\":\"https:\/\/talkpal.ai\/bs\/\",\"logo\":{\"@type\":\"ImageObject\",\"inLanguage\":\"bs-BA\",\"@id\":\"https:\/\/talkpal.ai\/bs\/#\/schema\/logo\/image\/\",\"url\":\"https:\/\/talkpal.ai\/wp-content\/uploads\/2024\/03\/Talkpal-Logo-Icon.png\",\"contentUrl\":\"https:\/\/talkpal.ai\/wp-content\/uploads\/2024\/03\/Talkpal-Logo-Icon.png\",\"width\":2880,\"height\":2880,\"caption\":\"Talkpal, Inc.\"},\"image\":{\"@id\":\"https:\/\/talkpal.ai\/bs\/#\/schema\/logo\/image\/\"},\"sameAs\":[\"https:\/\/www.facebook.com\/profile.php?id=100090733639311\",\"https:\/\/x.com\/talkpalai\",\"https:\/\/www.linkedin.com\/company\/talkpal\/\",\"https:\/\/www.youtube.com\/@TalkPal\/\",\"https:\/\/www.tiktok.com\/@talkpal\",\"https:\/\/www.instagram.com\/talkpal_ai\/\",\"https:\/\/www.crunchbase.com\/organization\/talkpal-9cde\",\"https:\/\/www.g2.com\/products\/talkpal-for-business\/\",\"https:\/\/www.trustpilot.com\/review\/talkpal.ai\",\"https:\/\/www.capterra.com\/p\/10006800\/TalkPal\/\"],\"description\":\"Talkpal is a language learning web and mobile education app, powered by the latest AI technologies, that provides engaging experiences to its customers in many different languages to help them improve their language skills. Users can chat about unlimited amount of topics with the app and use other modes to practice their language learning.\",\"email\":\"support@talkpal.ai\",\"legalName\":\"Talkpal, Inc.\",\"foundingDate\":\"2023-04-03\",\"duns\":\"118989042\",\"numberOfEmployees\":{\"@type\":\"QuantitativeValue\",\"minValue\":\"11\",\"maxValue\":\"50\"},\"publishingPrinciples\":\"https:\/\/talkpal.ai\/publishing-principles\/\",\"actionableFeedbackPolicy\":\"https:\/\/talkpal.ai\/actionable-feedback-policy\/\",\"correctionsPolicy\":\"https:\/\/talkpal.ai\/corrections-policy\/\",\"ethicsPolicy\":\"https:\/\/talkpal.ai\/ethics-policy\/\",\"diversityPolicy\":\"https:\/\/talkpal.ai\/diversity-policy\/\",\"diversityStaffingReport\":\"https:\/\/talkpal.ai\/diversity-policy\/\"}]}<\/script>\n<!-- \/ Yoast SEO Premium plugin. -->","yoast_head_json":{"title":"Tagalog gramatika - Talkpal","description":"Istra\u017eite osnove gramatike tagaloga i nau\u010dite kako cijeniti ovaj prekrasan jezik na jednostavan i prijateljski na\u010din.","robots":{"index":"index","follow":"follow","max-snippet":"max-snippet:-1","max-image-preview":"max-image-preview:large","max-video-preview":"max-video-preview:-1"},"canonical":"https:\/\/talkpal.ai\/bs\/tagalog-gramatika\/","og_locale":"bs_BA","og_type":"article","og_title":"Tagalog gramatika","og_description":"Tagalog gramatika: Upoznaj srce filipinskog jezika Tagalog, osnova za nacionalni jezik Filipina, govore milioni ljudi \u0161irom sveta. Da biste nau\u010dili","og_url":"https:\/\/talkpal.ai\/bs\/tagalog-gramatika\/","og_site_name":"Talkpal","article_publisher":"https:\/\/www.facebook.com\/profile.php?id=100090733639311","article_modified_time":"2025-12-17T15:40:00+00:00","og_image":[{"width":512,"height":512,"url":"https:\/\/talkpal.ai\/wp-content\/uploads\/2023\/05\/Tagalog-philippines.png","type":"image\/png"}],"twitter_card":"summary_large_image","twitter_site":"@talkpalai","twitter_misc":{"Est. reading time":"2 minute"},"schema":{"@context":"https:\/\/schema.org","@graph":[{"@type":"WebPage","@id":"https:\/\/talkpal.ai\/bs\/tagalog-gramatika\/","url":"https:\/\/talkpal.ai\/bs\/tagalog-gramatika\/","name":"Tagalog gramatika - Talkpal","isPartOf":{"@id":"https:\/\/talkpal.ai\/bs\/#website"},"primaryImageOfPage":{"@id":"https:\/\/talkpal.ai\/bs\/tagalog-gramatika\/#primaryimage"},"image":{"@id":"https:\/\/talkpal.ai\/bs\/tagalog-gramatika\/#primaryimage"},"thumbnailUrl":"https:\/\/talkpal.ai\/wp-content\/uploads\/2023\/05\/Tagalog-philippines.png","datePublished":"2023-05-14T14:23:21+00:00","dateModified":"2025-12-17T15:40:00+00:00","description":"Istra\u017eite osnove gramatike tagaloga i nau\u010dite kako cijeniti ovaj prekrasan jezik na jednostavan i prijateljski na\u010din.","breadcrumb":{"@id":"https:\/\/talkpal.ai\/bs\/tagalog-gramatika\/#breadcrumb"},"inLanguage":"bs-BA","potentialAction":[{"@type":"ReadAction","target":["https:\/\/talkpal.ai\/bs\/tagalog-gramatika\/"]}]},{"@type":"ImageObject","inLanguage":"bs-BA","@id":"https:\/\/talkpal.ai\/bs\/tagalog-gramatika\/#primaryimage","url":"https:\/\/talkpal.ai\/wp-content\/uploads\/2023\/05\/Tagalog-philippines.png","contentUrl":"https:\/\/talkpal.ai\/wp-content\/uploads\/2023\/05\/Tagalog-philippines.png","width":512,"height":512},{"@type":"BreadcrumbList","@id":"https:\/\/talkpal.ai\/bs\/tagalog-gramatika\/#breadcrumb","itemListElement":[{"@type":"ListItem","position":1,"name":"Homepage","item":"https:\/\/talkpal.ai\/bs\/"},{"@type":"ListItem","position":2,"name":"Tagalog gramatika"}]},{"@type":"WebSite","@id":"https:\/\/talkpal.ai\/bs\/#website","url":"https:\/\/talkpal.ai\/bs\/","name":"Talkpal","description":"AI Language Learning","publisher":{"@id":"https:\/\/talkpal.ai\/bs\/#organization"},"alternateName":"Talkpal AI","potentialAction":[{"@type":"SearchAction","target":{"@type":"EntryPoint","urlTemplate":"https:\/\/talkpal.ai\/bs\/?s={search_term_string}"},"query-input":{"@type":"PropertyValueSpecification","valueRequired":true,"valueName":"search_term_string"}}],"inLanguage":"bs-BA"},{"@type":"Organization","@id":"https:\/\/talkpal.ai\/bs\/#organization","name":"Talkpal, Inc.","alternateName":"Talkpal AI","url":"https:\/\/talkpal.ai\/bs\/","logo":{"@type":"ImageObject","inLanguage":"bs-BA","@id":"https:\/\/talkpal.ai\/bs\/#\/schema\/logo\/image\/","url":"https:\/\/talkpal.ai\/wp-content\/uploads\/2024\/03\/Talkpal-Logo-Icon.png","contentUrl":"https:\/\/talkpal.ai\/wp-content\/uploads\/2024\/03\/Talkpal-Logo-Icon.png","width":2880,"height":2880,"caption":"Talkpal, Inc."},"image":{"@id":"https:\/\/talkpal.ai\/bs\/#\/schema\/logo\/image\/"},"sameAs":["https:\/\/www.facebook.com\/profile.php?id=100090733639311","https:\/\/x.com\/talkpalai","https:\/\/www.linkedin.com\/company\/talkpal\/","https:\/\/www.youtube.com\/@TalkPal\/","https:\/\/www.tiktok.com\/@talkpal","https:\/\/www.instagram.com\/talkpal_ai\/","https:\/\/www.crunchbase.com\/organization\/talkpal-9cde","https:\/\/www.g2.com\/products\/talkpal-for-business\/","https:\/\/www.trustpilot.com\/review\/talkpal.ai","https:\/\/www.capterra.com\/p\/10006800\/TalkPal\/"],"description":"Talkpal is a language learning web and mobile education app, powered by the latest AI technologies, that provides engaging experiences to its customers in many different languages to help them improve their language skills. Users can chat about unlimited amount of topics with the app and use other modes to practice their language learning.","email":"support@talkpal.ai","legalName":"Talkpal, Inc.","foundingDate":"2023-04-03","duns":"118989042","numberOfEmployees":{"@type":"QuantitativeValue","minValue":"11","maxValue":"50"},"publishingPrinciples":"https:\/\/talkpal.ai\/publishing-principles\/","actionableFeedbackPolicy":"https:\/\/talkpal.ai\/actionable-feedback-policy\/","correctionsPolicy":"https:\/\/talkpal.ai\/corrections-policy\/","ethicsPolicy":"https:\/\/talkpal.ai\/ethics-policy\/","diversityPolicy":"https:\/\/talkpal.ai\/diversity-policy\/","diversityStaffingReport":"https:\/\/talkpal.ai\/diversity-policy\/"}]}},"_links":{"self":[{"href":"https:\/\/talkpal.ai\/bs\/wp-json\/wp\/v2\/pages\/152912","targetHints":{"allow":["GET"]}}],"collection":[{"href":"https:\/\/talkpal.ai\/bs\/wp-json\/wp\/v2\/pages"}],"about":[{"href":"https:\/\/talkpal.ai\/bs\/wp-json\/wp\/v2\/types\/page"}],"author":[{"embeddable":true,"href":"https:\/\/talkpal.ai\/bs\/wp-json\/wp\/v2\/users\/1"}],"replies":[{"embeddable":true,"href":"https:\/\/talkpal.ai\/bs\/wp-json\/wp\/v2\/comments?post=152912"}],"version-history":[{"count":0,"href":"https:\/\/talkpal.ai\/bs\/wp-json\/wp\/v2\/pages\/152912\/revisions"}],"wp:featuredmedia":[{"embeddable":true,"href":"https:\/\/talkpal.ai\/bs\/wp-json\/wp\/v2\/media\/120022"}],"wp:attachment":[{"href":"https:\/\/talkpal.ai\/bs\/wp-json\/wp\/v2\/media?parent=152912"}],"curies":[{"name":"wp","href":"https:\/\/api.w.org\/{rel}","templated":true}]}}