{"id":152594,"date":"2023-05-14T14:23:00","date_gmt":"2023-05-14T14:23:00","guid":{"rendered":"http:\/\/talkpal.ai\/vijetnamska-gramatika\/"},"modified":"2025-12-12T10:56:44","modified_gmt":"2025-12-12T10:56:44","slug":"vijetnamska-gramatika","status":"publish","type":"page","link":"https:\/\/talkpal.ai\/bs\/vijetnamska-gramatika\/","title":{"rendered":"vijetnamska gramatika"},"content":{"rendered":"\r\n\r\n\r\n<section class=\"languageChallengeSection\">\r\n    <div class=\"languageInfoWrapper\">\r\n        \r\n        <h1>vijetnamska gramatika<\/h1>\r\n        <p><a href=\"https:\/\/talkpal.ai\/vietnamese-grammar\/\">Vijetnamska gramatika<\/a> je poznata po svojoj jednostavnosti i logi\u010dkoj strukturi, \u0161to je \u010dini pristupa\u010dnom za nove u\u010denike. S romaniziranom abecedom, bez konjugacija glagola i minimalnom upotrebom mno\u017eine, u\u010denici se mogu brzo usredoto\u010diti na izgradnju vokabulara i vje\u0161tina konverzacije. Istra\u017eivanje vijetnamskog jezika nije samo u\u010denje jezika &#8211; ono tako\u0111er otvara prozor u bogatu kulturu i historiju zemlje.<\/p>\r\n\r\n                            <a class=\"getStartedHidden\" href=\"https:\/\/app.talkpal.ai\/signup?lng=\">Kreni<\/a>\r\n        \r\n    <\/div>\r\n\r\n    <figure>\r\n    <img decoding=\"async\" width=\"768\" height=\"768\" src=\"https:\/\/talkpal.ai\/wp-content\/uploads\/2023\/06\/vietnamese-768x768.png\" class=\"languageImage no-lazy\" alt=\"Language learning for extensive cultural knowledge\" fetchpriority=\"high\" sizes=\"(max-width: 768px) 150px, 768px\" srcset=\"https:\/\/talkpal.ai\/wp-content\/uploads\/2023\/06\/vietnamese-768x768.png 768w, https:\/\/talkpal.ai\/wp-content\/uploads\/2023\/06\/vietnamese-300x300.png 300w\" \/>\r\n    \r\n\r\n    <\/figure>\r\n\r\n            <a class=\"getStartedVisible\" href=\"https:\/\/app.talkpal.ai\/signup?lng=\">Kreni<\/a>\r\n    \r\n<\/section>\r\n<section class=\"promotionalBanner\">\r\n    <p class=\"promotionalText\">Najefikasniji na\u010din za u\u010denje jezika<\/p>\r\n    <a class=\"promotionalLink\" href=\"https:\/\/app.talkpal.ai\/signup?lng=\">Isprobajte Talkpal besplatno<\/a>\r\n<\/section>\n<div class=\"wp-block-group pageContainerStyle\"><div class=\"wp-block-group__inner-container is-layout-constrained wp-block-group-is-layout-constrained\">\n<h2 class=\"wp-block-heading\" id=\"h-the-intricacies-of-vietnamese-grammar-an-engaging-exploration\">Zamr\u0161enost vijetnamske gramatike: anga\u017eovano istra\u017eivanje<\/h2>\n\n\n\n<p><a href=\"https:\/\/talkpal.ai\/hr\/ucite-vijetnamski\/\">Vijetnamski jezik<\/a>, sa svojim dubokim istorijskim korenima i jedinstvenom kulturnom pozadinom, nudi primamljivu avanturu kako za lingviste, tako i za u\u010denike jezika. Iako se vijetnamska gramatika u po\u010detku mo\u017ee pojaviti kao izazov, njena jednostavna logika i doslednost utiru put uzbudljivom iskustvu u\u010denja. Dakle, pripremite se za intrigantno lingvisti\u010dko putovanje dok ulazimo u osobenosti vijetnamske gramatike.<\/p>\n\n\n\n<h3 class=\"wp-block-heading\" id=\"h-1-the-alphabet-a-gift-from-the-past\">Abeceda: poklon iz pro\u0161losti<\/h3>\n\n\n\n<p>Vijetnamska abeceda, <a href=\"https:\/\/talkpal.ai\/locations\/language-courses-in-koja\/\">koja<\/a> se sastoji od 29 slova, poti\u010de uglavnom iz latini\u010dnog pisma, sa portugalskim i francuskim po\u010decima. Zahvaljuju\u0107i Qu\u1ed1c Ng\u1eef pismu, prelazak na romanizovano pismo u\u010dinio je alfabet poznatim i lako dostupnim govornicima drugih latinskih jezika. Ovo omogu\u0107ava glatku ulaznu ta\u010dku za po\u010detnike da se fokusiraju na jedinstvene zvukove i izgovor jezika.<\/p>\n\n\n\n<h3 class=\"wp-block-heading\" id=\"h-2-tones-vietnamese-s-musical-notation\">2. Tonovi: Vijetnamski muzi\u010dki zapis<\/h3>\n\n\n\n<p><a href=\"https:\/\/talkpal.ai\/learn-vietnamese\/\">Vijetnamski<\/a> jezik je tonski jezik koji sadr\u017ei \u0161est prepoznatljivih tonova koji mijenjaju zna\u010denje rije\u010di kori\u0161tenjem razli\u010ditih dijakriti\u010dkih oznaka. Sticanje majstorstva nad tim tonovima mo\u017ee biti izazov, ali dodaje muzikalnost i nijanse jeziku \u0161to ga \u010dini jo\u0161 o\u010daravaju\u0107im. Strpljenje i praksa u\u010dini\u0107e ga savr\u0161enim, omogu\u0107avaju\u0107i vam da u potpunosti cenite melodi\u010dnu lepotu Vijetnamaca.<\/p>\n\n\n\n<h3 class=\"wp-block-heading\" id=\"h-3-word-order-unraveling-the-vietnamese-sentence-structure\">Redoslijed rije\u010di: razotkrivanje vijetnamske strukture re\u010denice<\/h3>\n\n\n\n<p>Sre\u0107om, <a href=\"https:\/\/talkpal.ai\/learn-vietnamese\/\">vijetnamski<\/a> redoslijed rije\u010di je prili\u010dno jednostavan, prate\u0107i poznati Subject-Verb-Object (SVO) format. Ova pristupa\u010dna struktura olak\u0161ava govornicima engleskog jezika da formiraju re\u010denice na vijetnamskom jeziku, a da ne do\u017eive veliki pomak u lingvistici. Uzmite primjer \u201cT\u00f4i y\u00eau Vi\u1ec7t Nam!\u201d (Volim Vijetnam!), gdje oba jezika dijele paralelne konstrukcije.<\/p>\n\n\n\n<h3 class=\"wp-block-heading\" id=\"h-4-no-more-plural-nouns-or-verb-conjugations\">Nema vi\u0161e imenica mno\u017eine ili konjugacija glagola<\/h3>\n\n\n\n<p>U vijetnamskom, imenice ne mijenjaju svoj oblik kako bi ukazale na pluralnost, a glagoli ostaju dosljedni bez obzira na napetost ili temu. Iako ovo u po\u010detku mo\u017ee izgledati zbunjuju\u0107e, zna\u010dajno pojednostavljuje u\u010denje gramati\u010dkih pravila. Umesto toga, kontekst i upotreba dodatnih re\u010di poja\u0161njavaju zna\u010denje re\u010denice. Zato, udahni uzdah olak\u0161anja dok se opra\u0161ta\u0161 od muke konjugacije.<\/p>\n\n\n\n<h3 class=\"wp-block-heading\" id=\"h-5-immerse-yourself-in-the-vietnamese-mindset\">Uronite u vijetnamski mentalni sklop<\/h3>\n\n\n\n<p>U\u010denje vijetnamskog nije samo savladavanje njegove gramatike \u2013 ve\u0107 i prihvatanje kulturnih, istorijskih i dru\u0161tvenih konteksta koji su oblikovali jezik. Sudjelujte s izvornim govornicima, istra\u017eite vijetnamsku knji\u017eevnost i umjetnost i poku\u0161ajte se povezati s vrijednostima i obi\u010dajima nacije. Ovaj holisti\u010dki pristup ne samo da \u0107e pobolj\u0161ati va\u0161e jezi\u010dke ve\u0161tine, ve\u0107 i produbiti va\u0161e razumevanje vi\u0161estruke lepote Vijetnama.<\/p>\n\n\n\n<h3 class=\"wp-block-heading\" id=\"h-in-conclusion-relish-the-charm-of-vietnamese-grammar\">Zaklju\u010dak: U\u017eivajte u \u0161armu vijetnamske gramatike<\/h3>\n\n\n\n<p>Iako vijetnamska gramatika mo\u017ee izgledati zbunjuju\u0107e na povr\u0161ini, njena fascinantna struktura i inherentna jednostavnost pozivaju u\u010denike da krenu na nagra\u0111ivano lingvisti\u010dko putovanje. Dok dubite u svijet vijetnamskog, zadivi\u0107ete se eleganciji i ljepoti njegove gramatike i bogate kulturne tapiserije koja je oblikovala jezik tokom stolje\u0107a. Dakle, samo napred i istra\u017eite \u010duda vijetnamske gramatike dok se kre\u0107ete kroz lingvisti\u010dki pejza\u017e ovog o\u010daravaju\u0107eg jezika.<\/p>\n<\/div><\/div>\n\r\n<section class=\"learnNavigationSection\">\r\n            \r\n        <a href=\"https:\/\/talkpal.ai\/bs\/nauci-vijetnamski\/\">\r\n            <div class=\"learnNavigationWrapper\">\r\n                <div class=\"learnNavigationContent\">\r\n                    <img decoding=\"async\" src=\"https:\/\/talkpal.ai\/wp-content\/uploads\/2024\/08\/Vietnamese.jpg\" alt=\"Vietnamise Flag\">\r\n                    <div>\r\n                        <h4>O u\u010denju vijetnamskog<\/h4>\r\n                        <p>Saznaj sve o vijetnamskoj gramatici.<\/p>\r\n                    <\/div>\r\n                <\/div>\r\n            <\/div>\r\n        <\/a>\r\n\r\n        \r\n        <a href=\"https:\/\/talkpal.ai\/bs\/vijetnamske-gramaticke-vjezbe\/\">\r\n            <div class=\"learnNavigationWrapper\">\r\n                <div class=\"learnNavigationContent\">\r\n                    <img decoding=\"async\" src=\"https:\/\/talkpal.ai\/wp-content\/uploads\/2024\/08\/Vietnamese.jpg\" alt=\"Vietnamise Flag\">\r\n                    <div>\r\n                        <h4>Vijetnamska gramati\u010dka vje\u017eba<\/h4>\r\n                        <p>Vje\u017ebaj vijetnamsku gramatiku.<\/p>\r\n                    <\/div>\r\n                <\/div>\r\n            <\/div>\r\n        <\/a>\r\n\r\n        \r\n        <a href=\"https:\/\/talkpal.ai\/vocabulary_language\/vietnamese\/\">\r\n            <div class=\"learnNavigationWrapper\">\r\n                <div class=\"learnNavigationContent\">\r\n                    <img decoding=\"async\" src=\"https:\/\/talkpal.ai\/wp-content\/uploads\/2024\/08\/Vietnamese.jpg\" alt=\"Vietnamise Flag\">\r\n                    <div>\r\n                        <h4>Vijetnamski vokabular<\/h4>\r\n                        <p>Pro\u0161irite svoj vijetnamski vokabular.<\/p>\r\n                    <\/div>\r\n                <\/div>\r\n            <\/div>\r\n        <\/a>\r\n\r\n            <\/section>","protected":false},"excerpt":{"rendered":"<p>Zamr\u0161enost vijetnamske gramatike: anga\u017eovano istra\u017eivanje Vijetnamski jezik, sa svojim dubokim istorijskim korenima i jedinstvenom kulturnom pozadinom, nudi primamljivu avanturu kako za lingviste, tako i za u\u010denike jezika. Iako se vijetnamska gramatika u po\u010detku mo\u017ee pojaviti kao izazov, njena jednostavna logika i doslednost utiru put uzbudljivom iskustvu u\u010denja. Dakle, pripremite se za intrigantno lingvisti\u010dko putovanje dok [&hellip;]<\/p>\n","protected":false},"author":1,"featured_media":120518,"parent":0,"menu_order":0,"comment_status":"closed","ping_status":"closed","template":"LearningContentPage.php","meta":{"_acf_changed":false,"footnotes":""},"class_list":["post-152594","page","type-page","status-publish","has-post-thumbnail","hentry"],"acf":[],"yoast_head":"<!-- This site is optimized with the Yoast SEO Premium plugin v27.2 (Yoast SEO v27.2) - https:\/\/yoast.com\/product\/yoast-seo-premium-wordpress\/ -->\n<title>vijetnamska gramatika - Talkpal<\/title>\n<meta name=\"description\" content=\"Istra\u017eite fascinantne aspekte vijetnamske gramatike i otkrijte radosti u\u010denja ovog jedinstvenog jezika.\" \/>\n<meta name=\"robots\" content=\"index, follow, max-snippet:-1, max-image-preview:large, max-video-preview:-1\" \/>\n<link rel=\"canonical\" href=\"https:\/\/talkpal.ai\/bs\/vijetnamska-gramatika\/\" \/>\n<meta property=\"og:locale\" content=\"bs_BA\" \/>\n<meta property=\"og:type\" content=\"article\" \/>\n<meta property=\"og:title\" content=\"vijetnamska gramatika\" \/>\n<meta property=\"og:description\" content=\"Zamr\u0161enost vijetnamske gramatike: anga\u017eovano istra\u017eivanje Vijetnamski jezik, sa svojim dubokim istorijskim korenima i jedinstvenom kulturnom pozadinom,\" \/>\n<meta property=\"og:url\" content=\"https:\/\/talkpal.ai\/bs\/vijetnamska-gramatika\/\" \/>\n<meta property=\"og:site_name\" content=\"Talkpal\" \/>\n<meta property=\"article:publisher\" content=\"https:\/\/www.facebook.com\/profile.php?id=100090733639311\" \/>\n<meta property=\"article:modified_time\" content=\"2025-12-12T10:56:44+00:00\" \/>\n<meta property=\"og:image\" content=\"https:\/\/talkpal.ai\/wp-content\/uploads\/2023\/05\/vietnam.png\" \/>\n\t<meta property=\"og:image:width\" content=\"512\" \/>\n\t<meta property=\"og:image:height\" content=\"512\" \/>\n\t<meta property=\"og:image:type\" content=\"image\/png\" \/>\n<meta name=\"twitter:card\" content=\"summary_large_image\" \/>\n<meta name=\"twitter:site\" content=\"@talkpalai\" \/>\n<meta name=\"twitter:label1\" content=\"Est. reading time\" \/>\n\t<meta name=\"twitter:data1\" content=\"3 minute\" \/>\n<script type=\"application\/ld+json\" class=\"yoast-schema-graph\">{\"@context\":\"https:\/\/schema.org\",\"@graph\":[{\"@type\":\"WebPage\",\"@id\":\"https:\/\/talkpal.ai\/bs\/vijetnamska-gramatika\/\",\"url\":\"https:\/\/talkpal.ai\/bs\/vijetnamska-gramatika\/\",\"name\":\"vijetnamska gramatika - Talkpal\",\"isPartOf\":{\"@id\":\"https:\/\/talkpal.ai\/bs\/#website\"},\"primaryImageOfPage\":{\"@id\":\"https:\/\/talkpal.ai\/bs\/vijetnamska-gramatika\/#primaryimage\"},\"image\":{\"@id\":\"https:\/\/talkpal.ai\/bs\/vijetnamska-gramatika\/#primaryimage\"},\"thumbnailUrl\":\"https:\/\/talkpal.ai\/wp-content\/uploads\/2023\/05\/vietnam.png\",\"datePublished\":\"2023-05-14T14:23:00+00:00\",\"dateModified\":\"2025-12-12T10:56:44+00:00\",\"description\":\"Istra\u017eite fascinantne aspekte vijetnamske gramatike i otkrijte radosti u\u010denja ovog jedinstvenog jezika.\",\"breadcrumb\":{\"@id\":\"https:\/\/talkpal.ai\/bs\/vijetnamska-gramatika\/#breadcrumb\"},\"inLanguage\":\"bs-BA\",\"potentialAction\":[{\"@type\":\"ReadAction\",\"target\":[\"https:\/\/talkpal.ai\/bs\/vijetnamska-gramatika\/\"]}]},{\"@type\":\"ImageObject\",\"inLanguage\":\"bs-BA\",\"@id\":\"https:\/\/talkpal.ai\/bs\/vijetnamska-gramatika\/#primaryimage\",\"url\":\"https:\/\/talkpal.ai\/wp-content\/uploads\/2023\/05\/vietnam.png\",\"contentUrl\":\"https:\/\/talkpal.ai\/wp-content\/uploads\/2023\/05\/vietnam.png\",\"width\":512,\"height\":512},{\"@type\":\"BreadcrumbList\",\"@id\":\"https:\/\/talkpal.ai\/bs\/vijetnamska-gramatika\/#breadcrumb\",\"itemListElement\":[{\"@type\":\"ListItem\",\"position\":1,\"name\":\"Homepage\",\"item\":\"https:\/\/talkpal.ai\/bs\/\"},{\"@type\":\"ListItem\",\"position\":2,\"name\":\"vijetnamska gramatika\"}]},{\"@type\":\"WebSite\",\"@id\":\"https:\/\/talkpal.ai\/bs\/#website\",\"url\":\"https:\/\/talkpal.ai\/bs\/\",\"name\":\"Talkpal\",\"description\":\"AI Language Learning\",\"publisher\":{\"@id\":\"https:\/\/talkpal.ai\/bs\/#organization\"},\"alternateName\":\"Talkpal AI\",\"potentialAction\":[{\"@type\":\"SearchAction\",\"target\":{\"@type\":\"EntryPoint\",\"urlTemplate\":\"https:\/\/talkpal.ai\/bs\/?s={search_term_string}\"},\"query-input\":{\"@type\":\"PropertyValueSpecification\",\"valueRequired\":true,\"valueName\":\"search_term_string\"}}],\"inLanguage\":\"bs-BA\"},{\"@type\":\"Organization\",\"@id\":\"https:\/\/talkpal.ai\/bs\/#organization\",\"name\":\"Talkpal, Inc.\",\"alternateName\":\"Talkpal AI\",\"url\":\"https:\/\/talkpal.ai\/bs\/\",\"logo\":{\"@type\":\"ImageObject\",\"inLanguage\":\"bs-BA\",\"@id\":\"https:\/\/talkpal.ai\/bs\/#\/schema\/logo\/image\/\",\"url\":\"https:\/\/talkpal.ai\/wp-content\/uploads\/2024\/03\/Talkpal-Logo-Icon.png\",\"contentUrl\":\"https:\/\/talkpal.ai\/wp-content\/uploads\/2024\/03\/Talkpal-Logo-Icon.png\",\"width\":2880,\"height\":2880,\"caption\":\"Talkpal, Inc.\"},\"image\":{\"@id\":\"https:\/\/talkpal.ai\/bs\/#\/schema\/logo\/image\/\"},\"sameAs\":[\"https:\/\/www.facebook.com\/profile.php?id=100090733639311\",\"https:\/\/x.com\/talkpalai\",\"https:\/\/www.linkedin.com\/company\/talkpal\/\",\"https:\/\/www.youtube.com\/@TalkPal\/\",\"https:\/\/www.tiktok.com\/@talkpal\",\"https:\/\/www.instagram.com\/talkpal_ai\/\",\"https:\/\/www.crunchbase.com\/organization\/talkpal-9cde\",\"https:\/\/www.g2.com\/products\/talkpal-for-business\/\",\"https:\/\/www.trustpilot.com\/review\/talkpal.ai\",\"https:\/\/www.capterra.com\/p\/10006800\/TalkPal\/\"],\"description\":\"Talkpal is a language learning web and mobile education app, powered by the latest AI technologies, that provides engaging experiences to its customers in many different languages to help them improve their language skills. Users can chat about unlimited amount of topics with the app and use other modes to practice their language learning.\",\"email\":\"support@talkpal.ai\",\"legalName\":\"Talkpal, Inc.\",\"foundingDate\":\"2023-04-03\",\"duns\":\"118989042\",\"numberOfEmployees\":{\"@type\":\"QuantitativeValue\",\"minValue\":\"11\",\"maxValue\":\"50\"},\"publishingPrinciples\":\"https:\/\/talkpal.ai\/publishing-principles\/\",\"actionableFeedbackPolicy\":\"https:\/\/talkpal.ai\/actionable-feedback-policy\/\",\"correctionsPolicy\":\"https:\/\/talkpal.ai\/corrections-policy\/\",\"ethicsPolicy\":\"https:\/\/talkpal.ai\/ethics-policy\/\",\"diversityPolicy\":\"https:\/\/talkpal.ai\/diversity-policy\/\",\"diversityStaffingReport\":\"https:\/\/talkpal.ai\/diversity-policy\/\"}]}<\/script>\n<!-- \/ Yoast SEO Premium plugin. -->","yoast_head_json":{"title":"vijetnamska gramatika - Talkpal","description":"Istra\u017eite fascinantne aspekte vijetnamske gramatike i otkrijte radosti u\u010denja ovog jedinstvenog jezika.","robots":{"index":"index","follow":"follow","max-snippet":"max-snippet:-1","max-image-preview":"max-image-preview:large","max-video-preview":"max-video-preview:-1"},"canonical":"https:\/\/talkpal.ai\/bs\/vijetnamska-gramatika\/","og_locale":"bs_BA","og_type":"article","og_title":"vijetnamska gramatika","og_description":"Zamr\u0161enost vijetnamske gramatike: anga\u017eovano istra\u017eivanje Vijetnamski jezik, sa svojim dubokim istorijskim korenima i jedinstvenom kulturnom pozadinom,","og_url":"https:\/\/talkpal.ai\/bs\/vijetnamska-gramatika\/","og_site_name":"Talkpal","article_publisher":"https:\/\/www.facebook.com\/profile.php?id=100090733639311","article_modified_time":"2025-12-12T10:56:44+00:00","og_image":[{"width":512,"height":512,"url":"https:\/\/talkpal.ai\/wp-content\/uploads\/2023\/05\/vietnam.png","type":"image\/png"}],"twitter_card":"summary_large_image","twitter_site":"@talkpalai","twitter_misc":{"Est. reading time":"3 minute"},"schema":{"@context":"https:\/\/schema.org","@graph":[{"@type":"WebPage","@id":"https:\/\/talkpal.ai\/bs\/vijetnamska-gramatika\/","url":"https:\/\/talkpal.ai\/bs\/vijetnamska-gramatika\/","name":"vijetnamska gramatika - Talkpal","isPartOf":{"@id":"https:\/\/talkpal.ai\/bs\/#website"},"primaryImageOfPage":{"@id":"https:\/\/talkpal.ai\/bs\/vijetnamska-gramatika\/#primaryimage"},"image":{"@id":"https:\/\/talkpal.ai\/bs\/vijetnamska-gramatika\/#primaryimage"},"thumbnailUrl":"https:\/\/talkpal.ai\/wp-content\/uploads\/2023\/05\/vietnam.png","datePublished":"2023-05-14T14:23:00+00:00","dateModified":"2025-12-12T10:56:44+00:00","description":"Istra\u017eite fascinantne aspekte vijetnamske gramatike i otkrijte radosti u\u010denja ovog jedinstvenog jezika.","breadcrumb":{"@id":"https:\/\/talkpal.ai\/bs\/vijetnamska-gramatika\/#breadcrumb"},"inLanguage":"bs-BA","potentialAction":[{"@type":"ReadAction","target":["https:\/\/talkpal.ai\/bs\/vijetnamska-gramatika\/"]}]},{"@type":"ImageObject","inLanguage":"bs-BA","@id":"https:\/\/talkpal.ai\/bs\/vijetnamska-gramatika\/#primaryimage","url":"https:\/\/talkpal.ai\/wp-content\/uploads\/2023\/05\/vietnam.png","contentUrl":"https:\/\/talkpal.ai\/wp-content\/uploads\/2023\/05\/vietnam.png","width":512,"height":512},{"@type":"BreadcrumbList","@id":"https:\/\/talkpal.ai\/bs\/vijetnamska-gramatika\/#breadcrumb","itemListElement":[{"@type":"ListItem","position":1,"name":"Homepage","item":"https:\/\/talkpal.ai\/bs\/"},{"@type":"ListItem","position":2,"name":"vijetnamska gramatika"}]},{"@type":"WebSite","@id":"https:\/\/talkpal.ai\/bs\/#website","url":"https:\/\/talkpal.ai\/bs\/","name":"Talkpal","description":"AI Language Learning","publisher":{"@id":"https:\/\/talkpal.ai\/bs\/#organization"},"alternateName":"Talkpal AI","potentialAction":[{"@type":"SearchAction","target":{"@type":"EntryPoint","urlTemplate":"https:\/\/talkpal.ai\/bs\/?s={search_term_string}"},"query-input":{"@type":"PropertyValueSpecification","valueRequired":true,"valueName":"search_term_string"}}],"inLanguage":"bs-BA"},{"@type":"Organization","@id":"https:\/\/talkpal.ai\/bs\/#organization","name":"Talkpal, Inc.","alternateName":"Talkpal AI","url":"https:\/\/talkpal.ai\/bs\/","logo":{"@type":"ImageObject","inLanguage":"bs-BA","@id":"https:\/\/talkpal.ai\/bs\/#\/schema\/logo\/image\/","url":"https:\/\/talkpal.ai\/wp-content\/uploads\/2024\/03\/Talkpal-Logo-Icon.png","contentUrl":"https:\/\/talkpal.ai\/wp-content\/uploads\/2024\/03\/Talkpal-Logo-Icon.png","width":2880,"height":2880,"caption":"Talkpal, Inc."},"image":{"@id":"https:\/\/talkpal.ai\/bs\/#\/schema\/logo\/image\/"},"sameAs":["https:\/\/www.facebook.com\/profile.php?id=100090733639311","https:\/\/x.com\/talkpalai","https:\/\/www.linkedin.com\/company\/talkpal\/","https:\/\/www.youtube.com\/@TalkPal\/","https:\/\/www.tiktok.com\/@talkpal","https:\/\/www.instagram.com\/talkpal_ai\/","https:\/\/www.crunchbase.com\/organization\/talkpal-9cde","https:\/\/www.g2.com\/products\/talkpal-for-business\/","https:\/\/www.trustpilot.com\/review\/talkpal.ai","https:\/\/www.capterra.com\/p\/10006800\/TalkPal\/"],"description":"Talkpal is a language learning web and mobile education app, powered by the latest AI technologies, that provides engaging experiences to its customers in many different languages to help them improve their language skills. Users can chat about unlimited amount of topics with the app and use other modes to practice their language learning.","email":"support@talkpal.ai","legalName":"Talkpal, Inc.","foundingDate":"2023-04-03","duns":"118989042","numberOfEmployees":{"@type":"QuantitativeValue","minValue":"11","maxValue":"50"},"publishingPrinciples":"https:\/\/talkpal.ai\/publishing-principles\/","actionableFeedbackPolicy":"https:\/\/talkpal.ai\/actionable-feedback-policy\/","correctionsPolicy":"https:\/\/talkpal.ai\/corrections-policy\/","ethicsPolicy":"https:\/\/talkpal.ai\/ethics-policy\/","diversityPolicy":"https:\/\/talkpal.ai\/diversity-policy\/","diversityStaffingReport":"https:\/\/talkpal.ai\/diversity-policy\/"}]}},"_links":{"self":[{"href":"https:\/\/talkpal.ai\/bs\/wp-json\/wp\/v2\/pages\/152594","targetHints":{"allow":["GET"]}}],"collection":[{"href":"https:\/\/talkpal.ai\/bs\/wp-json\/wp\/v2\/pages"}],"about":[{"href":"https:\/\/talkpal.ai\/bs\/wp-json\/wp\/v2\/types\/page"}],"author":[{"embeddable":true,"href":"https:\/\/talkpal.ai\/bs\/wp-json\/wp\/v2\/users\/1"}],"replies":[{"embeddable":true,"href":"https:\/\/talkpal.ai\/bs\/wp-json\/wp\/v2\/comments?post=152594"}],"version-history":[{"count":0,"href":"https:\/\/talkpal.ai\/bs\/wp-json\/wp\/v2\/pages\/152594\/revisions"}],"wp:featuredmedia":[{"embeddable":true,"href":"https:\/\/talkpal.ai\/bs\/wp-json\/wp\/v2\/media\/120518"}],"wp:attachment":[{"href":"https:\/\/talkpal.ai\/bs\/wp-json\/wp\/v2\/media?parent=152594"}],"curies":[{"name":"wp","href":"https:\/\/api.w.org\/{rel}","templated":true}]}}