{"id":152296,"date":"2023-05-14T14:22:39","date_gmt":"2023-05-14T14:22:39","guid":{"rendered":"http:\/\/talkpal.ai\/urdu-gramatika\/"},"modified":"2025-12-11T16:27:43","modified_gmt":"2025-12-11T16:27:43","slug":"urdu-gramatika","status":"publish","type":"page","link":"https:\/\/talkpal.ai\/bs\/urdu-gramatika\/","title":{"rendered":"urdu gramatika"},"content":{"rendered":"\r\n\r\n\r\n<section class=\"languageChallengeSection\">\r\n    <div class=\"languageInfoWrapper\">\r\n        \r\n        <h1>urdu gramatika<\/h1>\r\n        <p>Zainteresovani ste za u\u010denje <a href=\"https:\/\/talkpal.ai\/learn-urdu\/\">urdu<\/a> jezika? Zaronite u gramatiku <a href=\"https:\/\/talkpal.ai\/learn-urdu\/\">urdu<\/a> jezika, gdje elegantno pismo, imenice odre\u0111ene rodom i ekspresivni glagolski oblici stvaraju jezik koji je istovremeno i poetski i prakti\u010dan. Zapo\u010dnite svoje putovanje na urdu jeziku ve\u0107 danas \u2013 savladavanje gramatike otvorit \u0107e vam nove puteve komunikacije i duboko vas povezati s bogatim knji\u017eevnim i kulturnim tradicijama Ju\u017ene Azije!<\/p>\r\n\r\n                            <a class=\"getStartedHidden\" href=\"https:\/\/app.talkpal.ai\/signup?lng=\">Kreni<\/a>\r\n        \r\n    <\/div>\r\n\r\n    <figure>\r\n    <img decoding=\"async\" width=\"768\" height=\"768\" src=\"https:\/\/talkpal.ai\/wp-content\/uploads\/2023\/06\/urdu-768x768.png\" class=\"languageImage no-lazy\" alt=\"Language learning for global understanding\" fetchpriority=\"high\" sizes=\"(max-width: 768px) 150px, 768px\" srcset=\"https:\/\/talkpal.ai\/wp-content\/uploads\/2023\/06\/urdu-768x768.png 768w, https:\/\/talkpal.ai\/wp-content\/uploads\/2023\/06\/urdu-300x300.png 300w\" \/>\r\n    \r\n\r\n    <\/figure>\r\n\r\n            <a class=\"getStartedVisible\" href=\"https:\/\/app.talkpal.ai\/signup?lng=\">Kreni<\/a>\r\n    \r\n<\/section>\r\n<section class=\"promotionalBanner\">\r\n    <p class=\"promotionalText\">Najefikasniji na\u010din za u\u010denje jezika<\/p>\r\n    <a class=\"promotionalLink\" href=\"https:\/\/app.talkpal.ai\/signup?lng=\">Isprobajte Talkpal besplatno<\/a>\r\n<\/section>\n<div class=\"wp-block-group pageContainerStyle\"><div class=\"wp-block-group__inner-container is-layout-constrained wp-block-group-is-layout-constrained\">\n<h2 class=\"wp-block-heading\" id=\"h-urdu-grammar-exploring-the-beauty-and-intricacies-of-the-indo-aryan-language\">Urdu gramatika: istra\u017eivanje ljepote i zamr\u0161enosti indoarijskog jezika<\/h2>\n\n\n\n<p>Ljubitelji jezika i znati\u017eeljni u\u010denici, jeste li spremni zaroniti u fascinantan svijet urdu gramatike? Urdu, indoarijski jezik, je nacionalni jezik Pakistana i jedan od zvani\u010dnih jezika Indije. Sa oko 70 miliona govornika \u0161irom sveta, urdu nije samo bogat i izra\u017eajni jezik, ve\u0107 i most ka \u017eivahnoj kulturi i istoriji. U ovom \u010dlanku \u0107emo pro\u0107i kroz jedinstvene aspekte urdu gramatike i otkriti po \u010demu se ona razlikuje od drugih jezika.<\/p>\n\n\n\n<h3 class=\"wp-block-heading\" id=\"h-script-and-pronunciation-the-elegant-nastaliq\">Scenarij i izgovor: Elegantni Nastaliq<\/h3>\n\n\n\n<p>Urdu pismo je zasnovano na persijsko-arapskom Nastaliq stilu, koji se pi\u0161e i \u010dita s desna na levo. Sastoji se od 38 slova sa dodatnim dijakriti\u010dkim oznakama za samoglasnike i izgovor, Nastaliq pismo je elegantno i fluidno. U\u010denje pisma i savladavanje izgovora urdu zvukova bit \u0107e va\u0161 prvi korak ka razumijevanju gramatike jezika.<\/p>\n\n\n\n<h3 class=\"wp-block-heading\" id=\"h-nouns-and-pronouns-exploring-gender-number-and-case\">Imenice i zamjenice: istra\u017eivanje spola, broja i slu\u010daja<\/h3>\n\n\n\n<p>Urdu imenice se klasifikuju prema polu (mu\u0161kom ili \u017eenskom), broju (jednina ili mno\u017eina) i slu\u010daju (direktno ili koso). Jezik nema \u010dlanke (poput &#8216;a&#8217; ili &#8216;the&#8217;), umjesto toga se oslanja na kontekst da prenese odre\u0111enost. Urdu zamjenice tako\u0111er slijede razlike u spolu, broju i slu\u010daju i imaju razli\u010dite oblike u\u010dtivosti i bliskosti.<\/p>\n\n\n\n<h3 class=\"wp-block-heading\" id=\"h-postpositions-and-cases-urdu-s-unique-approach-to-indicating-relationships\">Postpozicije i slu\u010dajevi: Urdu jedinstven pristup ozna\u010davanju odnosa<\/h3>\n\n\n\n<p>Umjesto prijedloga, urdu koristi postpozicije \u2013 rije\u010di koje dolaze nakon imenica kojima vladaju. Ova posebna karakteristika se mo\u017ee videti u celom jeziku i zna\u010dajno uti\u010de na oznake slu\u010daja. Dva pade\u017ea na urdu, direktni i kosi, koriste se u kombinaciji sa postpozicijama kako bi se ozna\u010dili odnosi izme\u0111u rije\u010di.<\/p>\n\n\n\n<h3 class=\"wp-block-heading\" id=\"h-harnessing-the-power-of-verbs-tense-aspect-and-moods\">Mo\u0107 glagola: napetost, aspekt i raspolo\u017eenje<\/h3>\n\n\n\n<p>Urdu glagoli su fascinantni svojim razli\u010ditim rasponom vremena (pro\u0161lih, sada\u0161njih i budu\u0107ih), aspektima (savr\u0161enim, nesavr\u0161enim i uobi\u010dajenim) i raspolo\u017eenjima (indikativnim, imperativnim i konjuktivnim). Jezik tako\u0111er \u0161iroko koristi pomo\u0107ne glagole za formiranje slo\u017eenih vremena, izra\u017eavaju\u0107i nijanse u vremenu i zavr\u0161etku radnji.<\/p>\n\n\n\n<p>Glagoli se sla\u017eu i sa svojim subjektima u pogledu pola i broja, \u0161to dodatno dodaje slojeve slo\u017eenosti i bogatstva urdu gramatici.<\/p>\n\n\n\n<h3 class=\"wp-block-heading\" id=\"h-adjectives-adverbs-and-more-adding-color-to-your-language\">Pridjevi, prilozi i jo\u0161 mnogo toga: dodavanje boje u svoj jezik<\/h3>\n\n\n\n<p>Pridjevi urdu obi\u010dno slijede imenice koje mijenjaju i sla\u017eu se s njima u pogledu spola i broja. Pridjevi se mogu poja\u010dati pomo\u0107u komparativnih i superlativa, dodaju\u0107i dubinu opisima. Prilozi urdu, izvedeni iz pridjeva ili postoje samostalno, tako\u0111er igraju vitalnu ulogu u jeziku, pru\u017eaju\u0107i informacije o vremenu, na\u010dinu, mjestu i stepenu.<\/p>\n\n\n\n<p><a href=\"https:\/\/talkpal.ai\/urdu-grammar\/\">Urdu gramatika<\/a> se mo\u017ee pohvaliti mno\u0161tvom veznika, interjekcija, \u010destica i jo\u0161 mnogo toga, poma\u017eu\u0107i vam da izgradite bogate, smislene i izra\u017eajne re\u010denice.<\/p>\n\n\n\n<h3 class=\"wp-block-heading\" id=\"h-embracing-the-world-of-urdu-grammar\">Prihvatanje sveta urdu gramatike<\/h3>\n\n\n\n<p>Urdu <a href=\"https:\/\/talkpal.ai\/sq\/gramatika\/\">gramatika<\/a> se u po\u010detku mo\u017ee \u010diniti slo\u017eenom, ali dok se uronite u njene zamr\u0161enosti, vidjet \u0107ete da je jezik prepun ljepote i izraza. U\u010denje urdu jezika ne samo da \u0107e pobolj\u0161ati va\u0161e razumevanje indoarijske porodice jezika, ve\u0107 \u0107e vam pomo\u0107i da se pove\u017eete sa o\u010daravaju\u0107om kulturom, knji\u017eevno\u0161\u0107u i istorijom.<\/p>\n\n\n\n<p>Dakle, za\u0161to ne krenuti na uzbudljivo putovanje u\u010denja urdu gramatike? Sa predano\u0161\u0107u i radoznalo\u0161\u0107u, uskoro \u0107ete se na\u0107i u razgovoru sa izvornim govornicima, razmenjuju\u0107i ideje i pri\u010de na ovom mo\u0107nom jeziku. Sretno u\u010denje!<\/p>\n<\/div><\/div>\n\r\n<section class=\"learnNavigationSection\">\r\n            \r\n        <a href=\"https:\/\/talkpal.ai\/bs\/nauci-urdu\/\">\r\n            <div class=\"learnNavigationWrapper\">\r\n                <div class=\"learnNavigationContent\">\r\n                    <img decoding=\"async\" src=\"https:\/\/talkpal.ai\/wp-content\/uploads\/2024\/08\/Urdu.jpg\" alt=\"Pakistani Flag\">\r\n                    <div>\r\n                        <h4>O u\u010denju urdu<\/h4>\r\n                        <p>Saznaj sve o urdu gramatici.<\/p>\r\n                    <\/div>\r\n                <\/div>\r\n            <\/div>\r\n        <\/a>\r\n\r\n        \r\n        <a href=\"https:\/\/talkpal.ai\/bs\/urdu-gramatike-vjezbe\/\">\r\n            <div class=\"learnNavigationWrapper\">\r\n                <div class=\"learnNavigationContent\">\r\n                    <img decoding=\"async\" src=\"https:\/\/talkpal.ai\/wp-content\/uploads\/2024\/08\/Urdu.jpg\" alt=\"Pakistani Flag\">\r\n                    <div>\r\n                        <h4>Urdu gramati\u010dka vje\u017eba<\/h4>\r\n                        <p>Urdu gramatika.<\/p>\r\n                    <\/div>\r\n                <\/div>\r\n            <\/div>\r\n        <\/a>\r\n\r\n        \r\n        <a href=\"https:\/\/talkpal.ai\/vocabulary_language\/urdu\/\">\r\n            <div class=\"learnNavigationWrapper\">\r\n                <div class=\"learnNavigationContent\">\r\n                    <img decoding=\"async\" src=\"https:\/\/talkpal.ai\/wp-content\/uploads\/2024\/08\/Urdu.jpg\" alt=\"Pakistani Flag\">\r\n                    <div>\r\n                        <h4>Urdu vokabular<\/h4>\r\n                        <p>Pro\u0161irite svoj urdu vokabular.<\/p>\r\n                    <\/div>\r\n                <\/div>\r\n            <\/div>\r\n        <\/a>\r\n\r\n            <\/section>","protected":false},"excerpt":{"rendered":"<p>Urdu gramatika: istra\u017eivanje ljepote i zamr\u0161enosti indoarijskog jezika Ljubitelji jezika i znati\u017eeljni u\u010denici, jeste li spremni zaroniti u fascinantan svijet urdu gramatike? Urdu, indoarijski jezik, je nacionalni jezik Pakistana i jedan od zvani\u010dnih jezika Indije. Sa oko 70 miliona govornika \u0161irom sveta, urdu nije samo bogat i izra\u017eajni jezik, ve\u0107 i most ka \u017eivahnoj kulturi [&hellip;]<\/p>\n","protected":false},"author":1,"featured_media":121248,"parent":0,"menu_order":0,"comment_status":"closed","ping_status":"closed","template":"LearningContentPage.php","meta":{"_acf_changed":false,"footnotes":""},"class_list":["post-152296","page","type-page","status-publish","has-post-thumbnail","hentry"],"acf":[],"yoast_head":"<!-- This site is optimized with the Yoast SEO Premium plugin v27.2 (Yoast SEO v27.2) - https:\/\/yoast.com\/product\/yoast-seo-premium-wordpress\/ -->\n<title>urdu gramatika - Talkpal<\/title>\n<meta name=\"description\" content=\"Otkrijte ljepotu urdu gramatike. Istra\u017eite njegove jedinstvene aspekte, pismo i kako se povezuje s kulturom i historijom.\" \/>\n<meta name=\"robots\" content=\"index, follow, max-snippet:-1, max-image-preview:large, max-video-preview:-1\" \/>\n<link rel=\"canonical\" href=\"https:\/\/talkpal.ai\/bs\/urdu-gramatika\/\" \/>\n<meta property=\"og:locale\" content=\"bs_BA\" \/>\n<meta property=\"og:type\" content=\"article\" \/>\n<meta property=\"og:title\" content=\"urdu gramatika\" \/>\n<meta property=\"og:description\" content=\"Urdu gramatika: istra\u017eivanje ljepote i zamr\u0161enosti indoarijskog jezika Ljubitelji jezika i znati\u017eeljni u\u010denici, jeste li spremni zaroniti u fascinantan\" \/>\n<meta property=\"og:url\" content=\"https:\/\/talkpal.ai\/bs\/urdu-gramatika\/\" \/>\n<meta property=\"og:site_name\" content=\"Talkpal\" \/>\n<meta property=\"article:publisher\" content=\"https:\/\/www.facebook.com\/profile.php?id=100090733639311\" \/>\n<meta property=\"article:modified_time\" content=\"2025-12-11T16:27:43+00:00\" \/>\n<meta property=\"og:image\" content=\"https:\/\/talkpal.ai\/wp-content\/uploads\/2023\/05\/Urdu-pakistan.png\" \/>\n\t<meta property=\"og:image:width\" content=\"512\" \/>\n\t<meta property=\"og:image:height\" content=\"512\" \/>\n\t<meta property=\"og:image:type\" content=\"image\/png\" \/>\n<meta name=\"twitter:card\" content=\"summary_large_image\" \/>\n<meta name=\"twitter:site\" content=\"@talkpalai\" \/>\n<meta name=\"twitter:label1\" content=\"Est. reading time\" \/>\n\t<meta name=\"twitter:data1\" content=\"3 minute\" \/>\n<script type=\"application\/ld+json\" class=\"yoast-schema-graph\">{\"@context\":\"https:\/\/schema.org\",\"@graph\":[{\"@type\":\"WebPage\",\"@id\":\"https:\/\/talkpal.ai\/bs\/urdu-gramatika\/\",\"url\":\"https:\/\/talkpal.ai\/bs\/urdu-gramatika\/\",\"name\":\"urdu gramatika - Talkpal\",\"isPartOf\":{\"@id\":\"https:\/\/talkpal.ai\/bs\/#website\"},\"primaryImageOfPage\":{\"@id\":\"https:\/\/talkpal.ai\/bs\/urdu-gramatika\/#primaryimage\"},\"image\":{\"@id\":\"https:\/\/talkpal.ai\/bs\/urdu-gramatika\/#primaryimage\"},\"thumbnailUrl\":\"https:\/\/talkpal.ai\/wp-content\/uploads\/2023\/05\/Urdu-pakistan.png\",\"datePublished\":\"2023-05-14T14:22:39+00:00\",\"dateModified\":\"2025-12-11T16:27:43+00:00\",\"description\":\"Otkrijte ljepotu urdu gramatike. Istra\u017eite njegove jedinstvene aspekte, pismo i kako se povezuje s kulturom i historijom.\",\"breadcrumb\":{\"@id\":\"https:\/\/talkpal.ai\/bs\/urdu-gramatika\/#breadcrumb\"},\"inLanguage\":\"bs-BA\",\"potentialAction\":[{\"@type\":\"ReadAction\",\"target\":[\"https:\/\/talkpal.ai\/bs\/urdu-gramatika\/\"]}]},{\"@type\":\"ImageObject\",\"inLanguage\":\"bs-BA\",\"@id\":\"https:\/\/talkpal.ai\/bs\/urdu-gramatika\/#primaryimage\",\"url\":\"https:\/\/talkpal.ai\/wp-content\/uploads\/2023\/05\/Urdu-pakistan.png\",\"contentUrl\":\"https:\/\/talkpal.ai\/wp-content\/uploads\/2023\/05\/Urdu-pakistan.png\",\"width\":512,\"height\":512},{\"@type\":\"BreadcrumbList\",\"@id\":\"https:\/\/talkpal.ai\/bs\/urdu-gramatika\/#breadcrumb\",\"itemListElement\":[{\"@type\":\"ListItem\",\"position\":1,\"name\":\"Homepage\",\"item\":\"https:\/\/talkpal.ai\/bs\/\"},{\"@type\":\"ListItem\",\"position\":2,\"name\":\"urdu gramatika\"}]},{\"@type\":\"WebSite\",\"@id\":\"https:\/\/talkpal.ai\/bs\/#website\",\"url\":\"https:\/\/talkpal.ai\/bs\/\",\"name\":\"Talkpal\",\"description\":\"AI Language Learning\",\"publisher\":{\"@id\":\"https:\/\/talkpal.ai\/bs\/#organization\"},\"alternateName\":\"Talkpal AI\",\"potentialAction\":[{\"@type\":\"SearchAction\",\"target\":{\"@type\":\"EntryPoint\",\"urlTemplate\":\"https:\/\/talkpal.ai\/bs\/?s={search_term_string}\"},\"query-input\":{\"@type\":\"PropertyValueSpecification\",\"valueRequired\":true,\"valueName\":\"search_term_string\"}}],\"inLanguage\":\"bs-BA\"},{\"@type\":\"Organization\",\"@id\":\"https:\/\/talkpal.ai\/bs\/#organization\",\"name\":\"Talkpal, Inc.\",\"alternateName\":\"Talkpal AI\",\"url\":\"https:\/\/talkpal.ai\/bs\/\",\"logo\":{\"@type\":\"ImageObject\",\"inLanguage\":\"bs-BA\",\"@id\":\"https:\/\/talkpal.ai\/bs\/#\/schema\/logo\/image\/\",\"url\":\"https:\/\/talkpal.ai\/wp-content\/uploads\/2024\/03\/Talkpal-Logo-Icon.png\",\"contentUrl\":\"https:\/\/talkpal.ai\/wp-content\/uploads\/2024\/03\/Talkpal-Logo-Icon.png\",\"width\":2880,\"height\":2880,\"caption\":\"Talkpal, Inc.\"},\"image\":{\"@id\":\"https:\/\/talkpal.ai\/bs\/#\/schema\/logo\/image\/\"},\"sameAs\":[\"https:\/\/www.facebook.com\/profile.php?id=100090733639311\",\"https:\/\/x.com\/talkpalai\",\"https:\/\/www.linkedin.com\/company\/talkpal\/\",\"https:\/\/www.youtube.com\/@TalkPal\/\",\"https:\/\/www.tiktok.com\/@talkpal\",\"https:\/\/www.instagram.com\/talkpal_ai\/\",\"https:\/\/www.crunchbase.com\/organization\/talkpal-9cde\",\"https:\/\/www.g2.com\/products\/talkpal-for-business\/\",\"https:\/\/www.trustpilot.com\/review\/talkpal.ai\",\"https:\/\/www.capterra.com\/p\/10006800\/TalkPal\/\"],\"description\":\"Talkpal is a language learning web and mobile education app, powered by the latest AI technologies, that provides engaging experiences to its customers in many different languages to help them improve their language skills. Users can chat about unlimited amount of topics with the app and use other modes to practice their language learning.\",\"email\":\"support@talkpal.ai\",\"legalName\":\"Talkpal, Inc.\",\"foundingDate\":\"2023-04-03\",\"duns\":\"118989042\",\"numberOfEmployees\":{\"@type\":\"QuantitativeValue\",\"minValue\":\"11\",\"maxValue\":\"50\"},\"publishingPrinciples\":\"https:\/\/talkpal.ai\/publishing-principles\/\",\"actionableFeedbackPolicy\":\"https:\/\/talkpal.ai\/actionable-feedback-policy\/\",\"correctionsPolicy\":\"https:\/\/talkpal.ai\/corrections-policy\/\",\"ethicsPolicy\":\"https:\/\/talkpal.ai\/ethics-policy\/\",\"diversityPolicy\":\"https:\/\/talkpal.ai\/diversity-policy\/\",\"diversityStaffingReport\":\"https:\/\/talkpal.ai\/diversity-policy\/\"}]}<\/script>\n<!-- \/ Yoast SEO Premium plugin. -->","yoast_head_json":{"title":"urdu gramatika - Talkpal","description":"Otkrijte ljepotu urdu gramatike. Istra\u017eite njegove jedinstvene aspekte, pismo i kako se povezuje s kulturom i historijom.","robots":{"index":"index","follow":"follow","max-snippet":"max-snippet:-1","max-image-preview":"max-image-preview:large","max-video-preview":"max-video-preview:-1"},"canonical":"https:\/\/talkpal.ai\/bs\/urdu-gramatika\/","og_locale":"bs_BA","og_type":"article","og_title":"urdu gramatika","og_description":"Urdu gramatika: istra\u017eivanje ljepote i zamr\u0161enosti indoarijskog jezika Ljubitelji jezika i znati\u017eeljni u\u010denici, jeste li spremni zaroniti u fascinantan","og_url":"https:\/\/talkpal.ai\/bs\/urdu-gramatika\/","og_site_name":"Talkpal","article_publisher":"https:\/\/www.facebook.com\/profile.php?id=100090733639311","article_modified_time":"2025-12-11T16:27:43+00:00","og_image":[{"width":512,"height":512,"url":"https:\/\/talkpal.ai\/wp-content\/uploads\/2023\/05\/Urdu-pakistan.png","type":"image\/png"}],"twitter_card":"summary_large_image","twitter_site":"@talkpalai","twitter_misc":{"Est. reading time":"3 minute"},"schema":{"@context":"https:\/\/schema.org","@graph":[{"@type":"WebPage","@id":"https:\/\/talkpal.ai\/bs\/urdu-gramatika\/","url":"https:\/\/talkpal.ai\/bs\/urdu-gramatika\/","name":"urdu gramatika - Talkpal","isPartOf":{"@id":"https:\/\/talkpal.ai\/bs\/#website"},"primaryImageOfPage":{"@id":"https:\/\/talkpal.ai\/bs\/urdu-gramatika\/#primaryimage"},"image":{"@id":"https:\/\/talkpal.ai\/bs\/urdu-gramatika\/#primaryimage"},"thumbnailUrl":"https:\/\/talkpal.ai\/wp-content\/uploads\/2023\/05\/Urdu-pakistan.png","datePublished":"2023-05-14T14:22:39+00:00","dateModified":"2025-12-11T16:27:43+00:00","description":"Otkrijte ljepotu urdu gramatike. Istra\u017eite njegove jedinstvene aspekte, pismo i kako se povezuje s kulturom i historijom.","breadcrumb":{"@id":"https:\/\/talkpal.ai\/bs\/urdu-gramatika\/#breadcrumb"},"inLanguage":"bs-BA","potentialAction":[{"@type":"ReadAction","target":["https:\/\/talkpal.ai\/bs\/urdu-gramatika\/"]}]},{"@type":"ImageObject","inLanguage":"bs-BA","@id":"https:\/\/talkpal.ai\/bs\/urdu-gramatika\/#primaryimage","url":"https:\/\/talkpal.ai\/wp-content\/uploads\/2023\/05\/Urdu-pakistan.png","contentUrl":"https:\/\/talkpal.ai\/wp-content\/uploads\/2023\/05\/Urdu-pakistan.png","width":512,"height":512},{"@type":"BreadcrumbList","@id":"https:\/\/talkpal.ai\/bs\/urdu-gramatika\/#breadcrumb","itemListElement":[{"@type":"ListItem","position":1,"name":"Homepage","item":"https:\/\/talkpal.ai\/bs\/"},{"@type":"ListItem","position":2,"name":"urdu gramatika"}]},{"@type":"WebSite","@id":"https:\/\/talkpal.ai\/bs\/#website","url":"https:\/\/talkpal.ai\/bs\/","name":"Talkpal","description":"AI Language Learning","publisher":{"@id":"https:\/\/talkpal.ai\/bs\/#organization"},"alternateName":"Talkpal AI","potentialAction":[{"@type":"SearchAction","target":{"@type":"EntryPoint","urlTemplate":"https:\/\/talkpal.ai\/bs\/?s={search_term_string}"},"query-input":{"@type":"PropertyValueSpecification","valueRequired":true,"valueName":"search_term_string"}}],"inLanguage":"bs-BA"},{"@type":"Organization","@id":"https:\/\/talkpal.ai\/bs\/#organization","name":"Talkpal, Inc.","alternateName":"Talkpal AI","url":"https:\/\/talkpal.ai\/bs\/","logo":{"@type":"ImageObject","inLanguage":"bs-BA","@id":"https:\/\/talkpal.ai\/bs\/#\/schema\/logo\/image\/","url":"https:\/\/talkpal.ai\/wp-content\/uploads\/2024\/03\/Talkpal-Logo-Icon.png","contentUrl":"https:\/\/talkpal.ai\/wp-content\/uploads\/2024\/03\/Talkpal-Logo-Icon.png","width":2880,"height":2880,"caption":"Talkpal, Inc."},"image":{"@id":"https:\/\/talkpal.ai\/bs\/#\/schema\/logo\/image\/"},"sameAs":["https:\/\/www.facebook.com\/profile.php?id=100090733639311","https:\/\/x.com\/talkpalai","https:\/\/www.linkedin.com\/company\/talkpal\/","https:\/\/www.youtube.com\/@TalkPal\/","https:\/\/www.tiktok.com\/@talkpal","https:\/\/www.instagram.com\/talkpal_ai\/","https:\/\/www.crunchbase.com\/organization\/talkpal-9cde","https:\/\/www.g2.com\/products\/talkpal-for-business\/","https:\/\/www.trustpilot.com\/review\/talkpal.ai","https:\/\/www.capterra.com\/p\/10006800\/TalkPal\/"],"description":"Talkpal is a language learning web and mobile education app, powered by the latest AI technologies, that provides engaging experiences to its customers in many different languages to help them improve their language skills. Users can chat about unlimited amount of topics with the app and use other modes to practice their language learning.","email":"support@talkpal.ai","legalName":"Talkpal, Inc.","foundingDate":"2023-04-03","duns":"118989042","numberOfEmployees":{"@type":"QuantitativeValue","minValue":"11","maxValue":"50"},"publishingPrinciples":"https:\/\/talkpal.ai\/publishing-principles\/","actionableFeedbackPolicy":"https:\/\/talkpal.ai\/actionable-feedback-policy\/","correctionsPolicy":"https:\/\/talkpal.ai\/corrections-policy\/","ethicsPolicy":"https:\/\/talkpal.ai\/ethics-policy\/","diversityPolicy":"https:\/\/talkpal.ai\/diversity-policy\/","diversityStaffingReport":"https:\/\/talkpal.ai\/diversity-policy\/"}]}},"_links":{"self":[{"href":"https:\/\/talkpal.ai\/bs\/wp-json\/wp\/v2\/pages\/152296","targetHints":{"allow":["GET"]}}],"collection":[{"href":"https:\/\/talkpal.ai\/bs\/wp-json\/wp\/v2\/pages"}],"about":[{"href":"https:\/\/talkpal.ai\/bs\/wp-json\/wp\/v2\/types\/page"}],"author":[{"embeddable":true,"href":"https:\/\/talkpal.ai\/bs\/wp-json\/wp\/v2\/users\/1"}],"replies":[{"embeddable":true,"href":"https:\/\/talkpal.ai\/bs\/wp-json\/wp\/v2\/comments?post=152296"}],"version-history":[{"count":0,"href":"https:\/\/talkpal.ai\/bs\/wp-json\/wp\/v2\/pages\/152296\/revisions"}],"wp:featuredmedia":[{"embeddable":true,"href":"https:\/\/talkpal.ai\/bs\/wp-json\/wp\/v2\/media\/121248"}],"wp:attachment":[{"href":"https:\/\/talkpal.ai\/bs\/wp-json\/wp\/v2\/media?parent=152296"}],"curies":[{"name":"wp","href":"https:\/\/api.w.org\/{rel}","templated":true}]}}