{"id":151006,"date":"2023-05-14T14:20:10","date_gmt":"2023-05-14T14:20:10","guid":{"rendered":"http:\/\/talkpal.ai\/slovenska-gramatika\/"},"modified":"2025-12-12T11:08:27","modified_gmt":"2025-12-12T11:08:27","slug":"slovenska-gramatika","status":"publish","type":"page","link":"https:\/\/talkpal.ai\/bs\/slovenska-gramatika\/","title":{"rendered":"slovenska gramatika"},"content":{"rendered":"\r\n\r\n\r\n<section class=\"languageChallengeSection\">\r\n    <div class=\"languageInfoWrapper\">\r\n        \r\n        <h1>slovenska gramatika<\/h1>\r\n        <p>Otkrijte prepoznatljiv \u0161arm slovena\u010dkog jezika savladavanjem njegovih osnovnih gramati\u010dkih pravila. Sa solidnim poznavanjem slovena\u010dke gramatike, mo\u0107i \u0107ete se povezati sa izvornim govornicima i bolje cijeniti bogato kulturno naslije\u0111e zemlje. Po\u010dnite u\u010diti slovensku gramatiku ve\u0107 danas i napravite prvi korak ka te\u010dnom govoru!<\/p>\r\n\r\n                            <a class=\"getStartedHidden\" href=\"https:\/\/app.talkpal.ai\/signup?lng=\">Kreni<\/a>\r\n        \r\n    <\/div>\r\n\r\n    <figure>\r\n    <img decoding=\"async\" width=\"768\" height=\"768\" src=\"https:\/\/talkpal.ai\/wp-content\/uploads\/2023\/06\/slovenian-768x768.png\" class=\"languageImage no-lazy\" alt=\"Language learning for broader perspectives\" fetchpriority=\"high\" sizes=\"(max-width: 768px) 150px, 768px\" srcset=\"https:\/\/talkpal.ai\/wp-content\/uploads\/2023\/06\/slovenian-768x768.png 768w, https:\/\/talkpal.ai\/wp-content\/uploads\/2023\/06\/slovenian-300x300.png 300w\" \/>\r\n    \r\n\r\n    <\/figure>\r\n\r\n            <a class=\"getStartedVisible\" href=\"https:\/\/app.talkpal.ai\/signup?lng=\">Kreni<\/a>\r\n    \r\n<\/section>\r\n<section class=\"promotionalBanner\">\r\n    <p class=\"promotionalText\">Najefikasniji na\u010din za u\u010denje jezika<\/p>\r\n    <a class=\"promotionalLink\" href=\"https:\/\/app.talkpal.ai\/signup?lng=\">Isprobajte Talkpal besplatno<\/a>\r\n<\/section>\n<div class=\"wp-block-group pageContainerStyle\"><div class=\"wp-block-group__inner-container is-layout-constrained wp-block-group-is-layout-constrained\">\n<h1 class=\"wp-block-heading\" id=\"h-slovenian-grammar-a-short-introduction-for-language-lovers\">Slovenska gramatika: kratki uvod za ljubitelje jezika<\/h1>\n\n\n\n<p>Jeste li spremni zaroniti u o\u010daravaju\u0107i svijet slovena\u010dkog, zadivljuju\u0107eg slavenskog jezika? O\u010dekuje vas poslastica! Ovaj kratki vodi\u010d pru\u017ei\u0107e vam uvid u slovena\u010dku gramatiku, <a href=\"https:\/\/talkpal.ai\/locations\/language-courses-in-koja\/\">koja<\/a> je od su\u0161tinskog zna\u010daja za razumevanje i savladavanje ovog o\u010daravaju\u0107eg jezika. Dakle, krenimo u ovu jezi\u010dku avanturu i istra\u017eimo zamr\u0161enosti slovena\u010dke gramatike korak po korak.<\/p>\n\n\n\n<p><a href=\"https:\/\/talkpal.ai\/learn-slovenian\/\">Slovenski<\/a>, tako\u0111er poznat kao slovena\u010dki, govori prete\u017eno u Sloveniji oko 2,5 miliona ljudi. Kao ju\u017enoslavenski jezik, dijeli nekoliko zna\u010dajki sa svojim bliskim ro\u0111acima, kao \u0161to su <a href=\"https:\/\/talkpal.ai\/learn-serbian\/\">srpski<\/a>, <a href=\"https:\/\/talkpal.ai\/learn-croatian\/\">hrvatski<\/a> i <a href=\"https:\/\/talkpal.ai\/learn-bulgarian\/\">bugarski<\/a>. Me\u0111utim, Slovenac se mo\u017ee pohvaliti svojim jedinstvenim obrtima i talentom.<\/p>\n\n\n\n<p>Bez daljeg odlaganja, hajde da se udubimo u klju\u010dne aspekte slovena\u010dke gramatike:<\/p>\n\n\n\n<h3 class=\"wp-block-heading\" id=\"h-1-nouns-and-cases\">1. imenice i slu\u010dajevi:<\/h3>\n\n\n\n<p>Slovenske imenice dolaze u tri spola \u2013 mu\u0161ki, \u017eenski i kauterski. Svaka imenica se mo\u017ee koristiti u jednom od \u0161est slovena\u010dkih slu\u010dajeva: nominativ, genitiv, dativ, akuzativ, lokativ i instrumental. Ovi slu\u010dajevi izra\u017eavaju razli\u010dite gramati\u010dke funkcije ili odnose izme\u0111u rije\u010di, pa je klju\u010dno nau\u010diti njihovu pravilnu upotrebu u kontekstu.<\/p>\n\n\n\n<h3 class=\"wp-block-heading\" id=\"h-2-articles\">2. \u010dlanci:<\/h3>\n\n\n\n<p>Evo dobrih vijesti \u2013 slovena\u010dki ne koristi \u010dlanke poput \u201cthe\u201d ili \u201ca\u201d! Umjesto toga, zna\u010denje se prenosi kori\u0161tenjem slu\u010dajeva i redoslijedom rije\u010di. Ovo bi moglo malo olak\u0161ati va\u0161e iskustvo u\u010denja slovena\u010dkog, posebno ako niste navikli na jezike sa slo\u017eenim sistemima \u010dlanaka.<\/p>\n\n\n\n<h3 class=\"wp-block-heading\" id=\"h-3-adjectives\">3. pridjevi:<\/h3>\n\n\n\n<p>Ba\u0161 kao i imenice, pridjevi na slovenskom jeziku sla\u017eu se u spolu, broju i slu\u010daju s imenicom koju mijenjaju. Ovo \u010dini upotrebu prideva malo komplikovanijom nego na engleskom, ali ne bojte se \u2013 sa ve\u017ebanjem \u0107ete savladati slovena\u010dke prideve za kratko vreme!<\/p>\n\n\n\n<h3 class=\"wp-block-heading\" id=\"h-4-verbs\">4. glagoli:<\/h3>\n\n\n\n<p>Slovena\u010dki jezik ima troslojni glagolski sistem: tri grupe konjugacije u zavisnosti od osnove glagola koja se zavr\u0161ava u infinitivom obliku. Slovenski glagoli tako\u0111er imaju razli\u010dita vremena i raspolo\u017eenja, uklju\u010duju\u0107i jedinstveni dvostruki oblik, koji se koristi kada se odnosi na dva subjekta ili objekte. Budite spremni da provedete neko vreme u\u010de\u0107i i ve\u017ebaju\u0107i slovena\u010dke konjugacije glagola kako biste stekli poverenje u svoje jezi\u010dke ve\u0161tine.<\/p>\n\n\n\n<h3 class=\"wp-block-heading\" id=\"h-5-word-order\">5. redoslijed rije\u010di:<\/h3>\n\n\n\n<p>Slovenski op\u0107enito slijedi redoslijed rije\u010di subjekt-glagol-objekt (SVO), koji bi trebao biti poznat govornicima engleskog. Me\u0111utim, jezik u\u017eiva odre\u0111eni stepen fleksibilnosti, \u0161to vam omogu\u0107ava da naglasite odre\u0111ene delove re\u010denice tako \u0161to \u0107ete promeniti redosled re\u010di. Va\u017eno je pravilno koristiti pade\u017ee kako biste izbjegli zabunu i prenijeli namjeravano zna\u010denje.<\/p>\n\n\n\n<h3 class=\"wp-block-heading\" id=\"h-6-pronouns-and-prepositions\">6. zamjenice i prijedlozi:<\/h3>\n\n\n\n<p>Slovena\u010dke zamenice, kao i drugi elementi jezika, uti\u010du pol, broj i slu\u010daj. Dolaze u razli\u010ditim oblicima, kao \u0161to su li\u010dni, posesivni, demonstrativni i refleksivni. Upoznavanje sa slovena\u010dkim predlozima tako\u0111e \u0107e vam pomo\u0107i da pove\u017eete re\u010di i fraze kako biste kreirali slo\u017eenije re\u010denice.<\/p>\n\n\n\n<p>Dakle, sada imate osnovno razumijevanje slovena\u010dke gramatike! Imajte na umu da poznavanje bilo kog jezika zahteva posve\u0107enost i praksu. Prihvatite izazove i nemojte se ustru\u010davati u\u010diti iz svojih gre\u0161aka. Zapamtite, u\u010denje novog jezika je uzbudljivo putovanje ispunjeno nezaboravnim iskustvima i nagra\u0111ivanim otkri\u0107ima. Sre\u010dno!<\/p>\n<\/div><\/div>\n\r\n<section class=\"learnNavigationSection\">\r\n            \r\n        <a href=\"https:\/\/talkpal.ai\/bs\/nauci-slovenski\/\">\r\n            <div class=\"learnNavigationWrapper\">\r\n                <div class=\"learnNavigationContent\">\r\n                    <img decoding=\"async\" src=\"https:\/\/talkpal.ai\/wp-content\/uploads\/2024\/08\/Slovenian.jpg\" alt=\"Slovenian Flag\">\r\n                    <div>\r\n                        <h4>O slovenskom u\u010denju<\/h4>\r\n                        <p>Saznaj sve o slovena\u010dkoj gramatici.<\/p>\r\n                    <\/div>\r\n                <\/div>\r\n            <\/div>\r\n        <\/a>\r\n\r\n        \r\n        <a href=\"https:\/\/talkpal.ai\/bs\/slovenske-gramaticke-vjezbe\/\">\r\n            <div class=\"learnNavigationWrapper\">\r\n                <div class=\"learnNavigationContent\">\r\n                    <img decoding=\"async\" src=\"https:\/\/talkpal.ai\/wp-content\/uploads\/2024\/08\/Slovenian.jpg\" alt=\"Slovenian Flag\">\r\n                    <div>\r\n                        <h4>Vje\u017eba iz slovenske gramatike<\/h4>\r\n                        <p>Slovena\u010dka gramatika.<\/p>\r\n                    <\/div>\r\n                <\/div>\r\n            <\/div>\r\n        <\/a>\r\n\r\n        \r\n        <a href=\"https:\/\/talkpal.ai\/vocabulary_language\/slovenian\/\">\r\n            <div class=\"learnNavigationWrapper\">\r\n                <div class=\"learnNavigationContent\">\r\n                    <img decoding=\"async\" src=\"https:\/\/talkpal.ai\/wp-content\/uploads\/2024\/08\/Slovenian.jpg\" alt=\"Slovenian Flag\">\r\n                    <div>\r\n                        <h4>Slovenski vokabular<\/h4>\r\n                        <p>Pro\u0161irite svoj slovena\u010dki vokabular.<\/p>\r\n                    <\/div>\r\n                <\/div>\r\n            <\/div>\r\n        <\/a>\r\n\r\n            <\/section>","protected":false},"excerpt":{"rendered":"<p>Slovenska gramatika: kratki uvod za ljubitelje jezika Jeste li spremni zaroniti u o\u010daravaju\u0107i svijet slovena\u010dkog, zadivljuju\u0107eg slavenskog jezika? O\u010dekuje vas poslastica! Ovaj kratki vodi\u010d pru\u017ei\u0107e vam uvid u slovena\u010dku gramatiku, koja je od su\u0161tinskog zna\u010daja za razumevanje i savladavanje ovog o\u010daravaju\u0107eg jezika. Dakle, krenimo u ovu jezi\u010dku avanturu i istra\u017eimo zamr\u0161enosti slovena\u010dke gramatike korak po [&hellip;]<\/p>\n","protected":false},"author":1,"featured_media":119895,"parent":0,"menu_order":0,"comment_status":"closed","ping_status":"closed","template":"LearningContentPage.php","meta":{"_acf_changed":false,"footnotes":""},"class_list":["post-151006","page","type-page","status-publish","has-post-thumbnail","hentry"],"acf":[],"yoast_head":"<!-- This site is optimized with the Yoast SEO Premium plugin v27.2 (Yoast SEO v27.2) - https:\/\/yoast.com\/product\/yoast-seo-premium-wordpress\/ -->\n<title>slovenska gramatika - Talkpal<\/title>\n<meta name=\"description\" content=\"Istra\u017eite zamr\u0161enosti slovena\u010dke gramatike za bolje jezi\u010dke vje\u0161tine i razumijevanje. Savladajte gramatiku ve\u0107 danas.\" \/>\n<meta name=\"robots\" content=\"index, follow, max-snippet:-1, max-image-preview:large, max-video-preview:-1\" \/>\n<link rel=\"canonical\" href=\"https:\/\/talkpal.ai\/bs\/slovenska-gramatika\/\" \/>\n<meta property=\"og:locale\" content=\"bs_BA\" \/>\n<meta property=\"og:type\" content=\"article\" \/>\n<meta property=\"og:title\" content=\"slovenska gramatika\" \/>\n<meta property=\"og:description\" content=\"Slovenska gramatika: kratki uvod za ljubitelje jezika Jeste li spremni zaroniti u o\u010daravaju\u0107i svijet slovena\u010dkog, zadivljuju\u0107eg slavenskog jezika? O\u010dekuje\" \/>\n<meta property=\"og:url\" content=\"https:\/\/talkpal.ai\/bs\/slovenska-gramatika\/\" \/>\n<meta property=\"og:site_name\" content=\"Talkpal\" \/>\n<meta property=\"article:publisher\" content=\"https:\/\/www.facebook.com\/profile.php?id=100090733639311\" \/>\n<meta property=\"article:modified_time\" content=\"2025-12-12T11:08:27+00:00\" \/>\n<meta property=\"og:image\" content=\"https:\/\/talkpal.ai\/wp-content\/uploads\/2023\/05\/slovenia.png\" \/>\n\t<meta property=\"og:image:width\" content=\"512\" \/>\n\t<meta property=\"og:image:height\" content=\"512\" \/>\n\t<meta property=\"og:image:type\" content=\"image\/png\" \/>\n<meta name=\"twitter:card\" content=\"summary_large_image\" \/>\n<meta name=\"twitter:site\" content=\"@talkpalai\" \/>\n<meta name=\"twitter:label1\" content=\"Est. reading time\" \/>\n\t<meta name=\"twitter:data1\" content=\"3 minute\" \/>\n<script type=\"application\/ld+json\" class=\"yoast-schema-graph\">{\"@context\":\"https:\/\/schema.org\",\"@graph\":[{\"@type\":\"WebPage\",\"@id\":\"https:\/\/talkpal.ai\/bs\/slovenska-gramatika\/\",\"url\":\"https:\/\/talkpal.ai\/bs\/slovenska-gramatika\/\",\"name\":\"slovenska gramatika - Talkpal\",\"isPartOf\":{\"@id\":\"https:\/\/talkpal.ai\/bs\/#website\"},\"primaryImageOfPage\":{\"@id\":\"https:\/\/talkpal.ai\/bs\/slovenska-gramatika\/#primaryimage\"},\"image\":{\"@id\":\"https:\/\/talkpal.ai\/bs\/slovenska-gramatika\/#primaryimage\"},\"thumbnailUrl\":\"https:\/\/talkpal.ai\/wp-content\/uploads\/2023\/05\/slovenia.png\",\"datePublished\":\"2023-05-14T14:20:10+00:00\",\"dateModified\":\"2025-12-12T11:08:27+00:00\",\"description\":\"Istra\u017eite zamr\u0161enosti slovena\u010dke gramatike za bolje jezi\u010dke vje\u0161tine i razumijevanje. Savladajte gramatiku ve\u0107 danas.\",\"breadcrumb\":{\"@id\":\"https:\/\/talkpal.ai\/bs\/slovenska-gramatika\/#breadcrumb\"},\"inLanguage\":\"bs-BA\",\"potentialAction\":[{\"@type\":\"ReadAction\",\"target\":[\"https:\/\/talkpal.ai\/bs\/slovenska-gramatika\/\"]}]},{\"@type\":\"ImageObject\",\"inLanguage\":\"bs-BA\",\"@id\":\"https:\/\/talkpal.ai\/bs\/slovenska-gramatika\/#primaryimage\",\"url\":\"https:\/\/talkpal.ai\/wp-content\/uploads\/2023\/05\/slovenia.png\",\"contentUrl\":\"https:\/\/talkpal.ai\/wp-content\/uploads\/2023\/05\/slovenia.png\",\"width\":512,\"height\":512},{\"@type\":\"BreadcrumbList\",\"@id\":\"https:\/\/talkpal.ai\/bs\/slovenska-gramatika\/#breadcrumb\",\"itemListElement\":[{\"@type\":\"ListItem\",\"position\":1,\"name\":\"Homepage\",\"item\":\"https:\/\/talkpal.ai\/bs\/\"},{\"@type\":\"ListItem\",\"position\":2,\"name\":\"slovenska gramatika\"}]},{\"@type\":\"WebSite\",\"@id\":\"https:\/\/talkpal.ai\/bs\/#website\",\"url\":\"https:\/\/talkpal.ai\/bs\/\",\"name\":\"Talkpal\",\"description\":\"AI Language Learning\",\"publisher\":{\"@id\":\"https:\/\/talkpal.ai\/bs\/#organization\"},\"alternateName\":\"Talkpal AI\",\"potentialAction\":[{\"@type\":\"SearchAction\",\"target\":{\"@type\":\"EntryPoint\",\"urlTemplate\":\"https:\/\/talkpal.ai\/bs\/?s={search_term_string}\"},\"query-input\":{\"@type\":\"PropertyValueSpecification\",\"valueRequired\":true,\"valueName\":\"search_term_string\"}}],\"inLanguage\":\"bs-BA\"},{\"@type\":\"Organization\",\"@id\":\"https:\/\/talkpal.ai\/bs\/#organization\",\"name\":\"Talkpal, Inc.\",\"alternateName\":\"Talkpal AI\",\"url\":\"https:\/\/talkpal.ai\/bs\/\",\"logo\":{\"@type\":\"ImageObject\",\"inLanguage\":\"bs-BA\",\"@id\":\"https:\/\/talkpal.ai\/bs\/#\/schema\/logo\/image\/\",\"url\":\"https:\/\/talkpal.ai\/wp-content\/uploads\/2024\/03\/Talkpal-Logo-Icon.png\",\"contentUrl\":\"https:\/\/talkpal.ai\/wp-content\/uploads\/2024\/03\/Talkpal-Logo-Icon.png\",\"width\":2880,\"height\":2880,\"caption\":\"Talkpal, Inc.\"},\"image\":{\"@id\":\"https:\/\/talkpal.ai\/bs\/#\/schema\/logo\/image\/\"},\"sameAs\":[\"https:\/\/www.facebook.com\/profile.php?id=100090733639311\",\"https:\/\/x.com\/talkpalai\",\"https:\/\/www.linkedin.com\/company\/talkpal\/\",\"https:\/\/www.youtube.com\/@TalkPal\/\",\"https:\/\/www.tiktok.com\/@talkpal\",\"https:\/\/www.instagram.com\/talkpal_ai\/\",\"https:\/\/www.crunchbase.com\/organization\/talkpal-9cde\",\"https:\/\/www.g2.com\/products\/talkpal-for-business\/\",\"https:\/\/www.trustpilot.com\/review\/talkpal.ai\",\"https:\/\/www.capterra.com\/p\/10006800\/TalkPal\/\"],\"description\":\"Talkpal is a language learning web and mobile education app, powered by the latest AI technologies, that provides engaging experiences to its customers in many different languages to help them improve their language skills. Users can chat about unlimited amount of topics with the app and use other modes to practice their language learning.\",\"email\":\"support@talkpal.ai\",\"legalName\":\"Talkpal, Inc.\",\"foundingDate\":\"2023-04-03\",\"duns\":\"118989042\",\"numberOfEmployees\":{\"@type\":\"QuantitativeValue\",\"minValue\":\"11\",\"maxValue\":\"50\"},\"publishingPrinciples\":\"https:\/\/talkpal.ai\/publishing-principles\/\",\"actionableFeedbackPolicy\":\"https:\/\/talkpal.ai\/actionable-feedback-policy\/\",\"correctionsPolicy\":\"https:\/\/talkpal.ai\/corrections-policy\/\",\"ethicsPolicy\":\"https:\/\/talkpal.ai\/ethics-policy\/\",\"diversityPolicy\":\"https:\/\/talkpal.ai\/diversity-policy\/\",\"diversityStaffingReport\":\"https:\/\/talkpal.ai\/diversity-policy\/\"}]}<\/script>\n<!-- \/ Yoast SEO Premium plugin. -->","yoast_head_json":{"title":"slovenska gramatika - Talkpal","description":"Istra\u017eite zamr\u0161enosti slovena\u010dke gramatike za bolje jezi\u010dke vje\u0161tine i razumijevanje. Savladajte gramatiku ve\u0107 danas.","robots":{"index":"index","follow":"follow","max-snippet":"max-snippet:-1","max-image-preview":"max-image-preview:large","max-video-preview":"max-video-preview:-1"},"canonical":"https:\/\/talkpal.ai\/bs\/slovenska-gramatika\/","og_locale":"bs_BA","og_type":"article","og_title":"slovenska gramatika","og_description":"Slovenska gramatika: kratki uvod za ljubitelje jezika Jeste li spremni zaroniti u o\u010daravaju\u0107i svijet slovena\u010dkog, zadivljuju\u0107eg slavenskog jezika? O\u010dekuje","og_url":"https:\/\/talkpal.ai\/bs\/slovenska-gramatika\/","og_site_name":"Talkpal","article_publisher":"https:\/\/www.facebook.com\/profile.php?id=100090733639311","article_modified_time":"2025-12-12T11:08:27+00:00","og_image":[{"width":512,"height":512,"url":"https:\/\/talkpal.ai\/wp-content\/uploads\/2023\/05\/slovenia.png","type":"image\/png"}],"twitter_card":"summary_large_image","twitter_site":"@talkpalai","twitter_misc":{"Est. reading time":"3 minute"},"schema":{"@context":"https:\/\/schema.org","@graph":[{"@type":"WebPage","@id":"https:\/\/talkpal.ai\/bs\/slovenska-gramatika\/","url":"https:\/\/talkpal.ai\/bs\/slovenska-gramatika\/","name":"slovenska gramatika - Talkpal","isPartOf":{"@id":"https:\/\/talkpal.ai\/bs\/#website"},"primaryImageOfPage":{"@id":"https:\/\/talkpal.ai\/bs\/slovenska-gramatika\/#primaryimage"},"image":{"@id":"https:\/\/talkpal.ai\/bs\/slovenska-gramatika\/#primaryimage"},"thumbnailUrl":"https:\/\/talkpal.ai\/wp-content\/uploads\/2023\/05\/slovenia.png","datePublished":"2023-05-14T14:20:10+00:00","dateModified":"2025-12-12T11:08:27+00:00","description":"Istra\u017eite zamr\u0161enosti slovena\u010dke gramatike za bolje jezi\u010dke vje\u0161tine i razumijevanje. Savladajte gramatiku ve\u0107 danas.","breadcrumb":{"@id":"https:\/\/talkpal.ai\/bs\/slovenska-gramatika\/#breadcrumb"},"inLanguage":"bs-BA","potentialAction":[{"@type":"ReadAction","target":["https:\/\/talkpal.ai\/bs\/slovenska-gramatika\/"]}]},{"@type":"ImageObject","inLanguage":"bs-BA","@id":"https:\/\/talkpal.ai\/bs\/slovenska-gramatika\/#primaryimage","url":"https:\/\/talkpal.ai\/wp-content\/uploads\/2023\/05\/slovenia.png","contentUrl":"https:\/\/talkpal.ai\/wp-content\/uploads\/2023\/05\/slovenia.png","width":512,"height":512},{"@type":"BreadcrumbList","@id":"https:\/\/talkpal.ai\/bs\/slovenska-gramatika\/#breadcrumb","itemListElement":[{"@type":"ListItem","position":1,"name":"Homepage","item":"https:\/\/talkpal.ai\/bs\/"},{"@type":"ListItem","position":2,"name":"slovenska gramatika"}]},{"@type":"WebSite","@id":"https:\/\/talkpal.ai\/bs\/#website","url":"https:\/\/talkpal.ai\/bs\/","name":"Talkpal","description":"AI Language Learning","publisher":{"@id":"https:\/\/talkpal.ai\/bs\/#organization"},"alternateName":"Talkpal AI","potentialAction":[{"@type":"SearchAction","target":{"@type":"EntryPoint","urlTemplate":"https:\/\/talkpal.ai\/bs\/?s={search_term_string}"},"query-input":{"@type":"PropertyValueSpecification","valueRequired":true,"valueName":"search_term_string"}}],"inLanguage":"bs-BA"},{"@type":"Organization","@id":"https:\/\/talkpal.ai\/bs\/#organization","name":"Talkpal, Inc.","alternateName":"Talkpal AI","url":"https:\/\/talkpal.ai\/bs\/","logo":{"@type":"ImageObject","inLanguage":"bs-BA","@id":"https:\/\/talkpal.ai\/bs\/#\/schema\/logo\/image\/","url":"https:\/\/talkpal.ai\/wp-content\/uploads\/2024\/03\/Talkpal-Logo-Icon.png","contentUrl":"https:\/\/talkpal.ai\/wp-content\/uploads\/2024\/03\/Talkpal-Logo-Icon.png","width":2880,"height":2880,"caption":"Talkpal, Inc."},"image":{"@id":"https:\/\/talkpal.ai\/bs\/#\/schema\/logo\/image\/"},"sameAs":["https:\/\/www.facebook.com\/profile.php?id=100090733639311","https:\/\/x.com\/talkpalai","https:\/\/www.linkedin.com\/company\/talkpal\/","https:\/\/www.youtube.com\/@TalkPal\/","https:\/\/www.tiktok.com\/@talkpal","https:\/\/www.instagram.com\/talkpal_ai\/","https:\/\/www.crunchbase.com\/organization\/talkpal-9cde","https:\/\/www.g2.com\/products\/talkpal-for-business\/","https:\/\/www.trustpilot.com\/review\/talkpal.ai","https:\/\/www.capterra.com\/p\/10006800\/TalkPal\/"],"description":"Talkpal is a language learning web and mobile education app, powered by the latest AI technologies, that provides engaging experiences to its customers in many different languages to help them improve their language skills. Users can chat about unlimited amount of topics with the app and use other modes to practice their language learning.","email":"support@talkpal.ai","legalName":"Talkpal, Inc.","foundingDate":"2023-04-03","duns":"118989042","numberOfEmployees":{"@type":"QuantitativeValue","minValue":"11","maxValue":"50"},"publishingPrinciples":"https:\/\/talkpal.ai\/publishing-principles\/","actionableFeedbackPolicy":"https:\/\/talkpal.ai\/actionable-feedback-policy\/","correctionsPolicy":"https:\/\/talkpal.ai\/corrections-policy\/","ethicsPolicy":"https:\/\/talkpal.ai\/ethics-policy\/","diversityPolicy":"https:\/\/talkpal.ai\/diversity-policy\/","diversityStaffingReport":"https:\/\/talkpal.ai\/diversity-policy\/"}]}},"_links":{"self":[{"href":"https:\/\/talkpal.ai\/bs\/wp-json\/wp\/v2\/pages\/151006","targetHints":{"allow":["GET"]}}],"collection":[{"href":"https:\/\/talkpal.ai\/bs\/wp-json\/wp\/v2\/pages"}],"about":[{"href":"https:\/\/talkpal.ai\/bs\/wp-json\/wp\/v2\/types\/page"}],"author":[{"embeddable":true,"href":"https:\/\/talkpal.ai\/bs\/wp-json\/wp\/v2\/users\/1"}],"replies":[{"embeddable":true,"href":"https:\/\/talkpal.ai\/bs\/wp-json\/wp\/v2\/comments?post=151006"}],"version-history":[{"count":0,"href":"https:\/\/talkpal.ai\/bs\/wp-json\/wp\/v2\/pages\/151006\/revisions"}],"wp:featuredmedia":[{"embeddable":true,"href":"https:\/\/talkpal.ai\/bs\/wp-json\/wp\/v2\/media\/119895"}],"wp:attachment":[{"href":"https:\/\/talkpal.ai\/bs\/wp-json\/wp\/v2\/media?parent=151006"}],"curies":[{"name":"wp","href":"https:\/\/api.w.org\/{rel}","templated":true}]}}