{"id":149836,"date":"2023-05-14T14:19:26","date_gmt":"2023-05-14T14:19:26","guid":{"rendered":"http:\/\/talkpal.ai\/srpska-gramatika\/"},"modified":"2025-12-17T15:37:58","modified_gmt":"2025-12-17T15:37:58","slug":"srpska-gramatika","status":"publish","type":"page","link":"https:\/\/talkpal.ai\/bs\/srpska-gramatika\/","title":{"rendered":"Srpska gramatika"},"content":{"rendered":"\r\n\r\n\r\n<section class=\"languageChallengeSection\">\r\n    <div class=\"languageInfoWrapper\">\r\n        \r\n        <h1>Srpska gramatika<\/h1>\r\n        <p>Zapo\u010dnite svoju avanturu s ruskim jezikom i otvorite vrata bogatoj kulturi i historiji. Savladavanje ruske gramatike i vokabulara \u0107e pobolj\u0161ati va\u0161e mogu\u0107nosti putovanja, karijere i komunikacije. Po\u010dnite u\u010diti ruski ve\u0107 danas i napravite prvi korak ka te\u010dnom govoru!\n\n<\/p>\r\n\r\n                            <a class=\"getStartedHidden\" href=\"https:\/\/app.talkpal.ai\/signup?lng=\">Kreni<\/a>\r\n        \r\n    <\/div>\r\n\r\n    <figure>\r\n    <img decoding=\"async\" width=\"768\" height=\"768\" src=\"https:\/\/talkpal.ai\/wp-content\/uploads\/2023\/06\/serbian-768x768.png\" class=\"languageImage no-lazy\" alt=\"Fast-track to fluency with language learning\" fetchpriority=\"high\" sizes=\"(max-width: 768px) 150px, 768px\" srcset=\"https:\/\/talkpal.ai\/wp-content\/uploads\/2023\/06\/serbian-768x768.png 768w, https:\/\/talkpal.ai\/wp-content\/uploads\/2023\/06\/serbian-300x300.png 300w\" \/>\r\n    \r\n\r\n    <\/figure>\r\n\r\n            <a class=\"getStartedVisible\" href=\"https:\/\/app.talkpal.ai\/signup?lng=\">Kreni<\/a>\r\n    \r\n<\/section>\r\n<section class=\"promotionalBanner\">\r\n    <p class=\"promotionalText\">Najefikasniji na\u010din za u\u010denje jezika<\/p>\r\n    <a class=\"promotionalLink\" href=\"https:\/\/app.talkpal.ai\/signup?lng=\">Isprobajte Talkpal besplatno<\/a>\r\n<\/section>\n<div class=\"wp-block-group pageContainerStyle\"><div class=\"wp-block-group__inner-container is-layout-constrained wp-block-group-is-layout-constrained\">\n<h1 class=\"wp-block-heading\" id=\"h-serbian-grammar-unraveling-the-intricacies-of-the-south-slavic-language\">Srpska gramatika: razotkrivanje zamr\u0161enosti ju\u017enoslovenskog jezika<\/h1>\n\n\n\n<p>Pozivanje svih jezi\u010dkih entuzijasta i balkanskih ljubitelja! <a href=\"https:\/\/talkpal.ai\/culture\/what-is-the-difference-between-da-li-and-je-li-in-forming-questions\/\">Da li<\/a> ste ikada razmi\u0161ljali o ronjenju u svet srpske gramatike? <a href=\"https:\/\/talkpal.ai\/learn-serbian\/\">srpski<\/a>, juznoslavenski jezik , sluzbeni je jezik srbije i jedan od sluzbenih jezika bosne i hercegovine . Sa oko 9 miliona izvornih govornika, ovaj intrigantni jezik deli sli\u010dnosti sa hrvatskim, bosanskim i crnogorskim, ali se mo\u017ee pohvaliti prepoznatljivim karakteristikama koje ga izdvajaju. U ovom \u010dlanku \u0107emo istra\u017eiti fascinantne aspekte srpske gramatike.<\/p>\n\n\n\n<h3 class=\"wp-block-heading\" id=\"h-the-dual-alphabet-cyrillic-and-latin\">Dvostruka abeceda: \u0107irilica i latinica<\/h3>\n\n\n\n<p>Jedna od prvih stvari koje \u0107ete primetiti kod srpskog je upotreba dva pisma: \u0107irilice i latinice. Srpsku \u0107irilicu, sa 30 slova, standardizovao je lingvista Vuk Karad\u017ei\u0107 1818. godine i zvani\u010dno je pismo zemlje. Me\u0111utim, latinica, <a href=\"https:\/\/talkpal.ai\/locations\/language-courses-in-koja\/\">koja<\/a> se tako\u0111er sastoji od 30 slova, \u0161iroko se koristi, posebno za digitalnu komunikaciju i neformalni kontekst. Upotreba dva alfabeta daje srpskom jedinstven, svestran karakter.<\/p>\n\n\n\n<h3 class=\"wp-block-heading\" id=\"h-the-building-blocks-nouns-pronouns-and-cases\">Gra\u0111evinski blokovi: imenice, zamjenice i slu\u010dajevi<\/h3>\n\n\n\n<p>Kao i drugi slavenski jezici, <a href=\"https:\/\/talkpal.ai\/sq\/gramatika-serbe\/\">srpska gramatika<\/a> se vrti oko inflekcija, gdje rije\u010di mijenjaju svoje zavr\u0161etke prema svojoj gramati\u010dkoj funkciji. Ovo je najo\u010diglednije u imenicama, zamenicama i pridjevima. Srbin ima sedam slu\u010dajeva:<\/p>\n\n\n\n<p><strong>1. Nominativ \u2013 ozna\u010dava subjekat re\u010denice<\/strong><\/p>\n\n\n\n<p><strong>2. Genitiv \u2013 pokazuje posjedovanje, predmet negacije ili partitivno zna\u010denje<\/strong><\/p>\n\n\n\n<p><strong>3. Dativ \u2013 ozna\u010dava indirektni objekat<\/strong><\/p>\n\n\n\n<p><strong>4. Akuzativ \u2013 ozna\u010dava direktni objekat<\/strong><\/p>\n\n\n\n<p><strong>5. Vokativ \u2013 koristi se za obra\u0107anje ili pozivanje nekoga<\/strong><\/p>\n\n\n\n<p><strong>6. Instrumental \u2013 izra\u017eava sredstvo ili metod radnje<\/strong><\/p>\n\n\n\n<p><strong>7. Lokativ \u2013 odre\u0111uje lokaciju ili objekat odre\u0111enih prijedloga<\/strong><\/p>\n\n\n\n<p>Srpske imenice imaju tri roda (mu\u0161ki, \u017eenski i kauterski) i dva broja (jednina i mno\u017eina). Konkretni zavr\u0161etci za svaki rod i broj razlikuju se ovisno o pade\u017eu, tako da je bitno zapamtiti ove zavr\u0161etke kako biste konstruirali gramati\u010dki precizne re\u010denice.<\/p>\n\n\n\n<h3 class=\"wp-block-heading\" id=\"h-get-moving-with-verbs-tenses-aspects-and-moods\">Kretanje sa glagolima: napetosti, aspekti i raspolo\u017eenja<\/h3>\n\n\n\n<p><a href=\"https:\/\/talkpal.ai\/learn-serbian\/\">Srpski<\/a> glagoli pokazuju fascinantnu slo\u017eenost sa svojim vremenom (pro\u0161lim, sada\u0161njim i budu\u0107im), aspektima (savr\u0161enim i nesavr\u0161enim) i raspolo\u017eenjima (indikativnim, imperativnim i uslovnim). Aspekt igra zna\u010dajnu ulogu u srpskim glagolima, jer prenosi <a href=\"https:\/\/talkpal.ai\/culture\/what-is-the-difference-between-da-li-and-je-li-in-forming-questions\/\">da li<\/a> se radnja posmatra kao zavr\u0161ena (savr\u0161ena) ili teku\u0107a (nesavr\u0161ena). Mnogi glagoli dolaze u parovima koji ukazuju na razli\u010dite aspekte, \u010desto kori\u0161tenjem specifi\u010dnih prefiksa ili sufiksa.<\/p>\n\n\n\n<h3 class=\"wp-block-heading\" id=\"h-adjectives-adverbs-and-all-that-jazz\">Pridjevi, prilozi i sav taj jazz<\/h3>\n\n\n\n<p>Srpski pridjevi se sla\u017eu sa imenicama koje mijenjaju u pogledu spola, broja i slu\u010daja. Oni tako\u0111e imaju komparativne i superlativne oblike za izra\u017eavanje razli\u010ditih stepena kvaliteta. Osim toga, prilozi su \u010desto izvedeni iz pridjeva i prenose razli\u010dita zna\u010denja kao \u0161to su vrijeme, na\u010din, mjesto i stepen.<\/p>\n\n\n\n<p><a href=\"https:\/\/talkpal.ai\/sk\/naucte-sa-srbsky\/\">Srpski jezik<\/a> se tako\u0111e mo\u017ee pohvaliti nizom veznika, predloga, brojeva i \u010destica koje doprinose lepoti jezika i poma\u017eu u stvaranju slo\u017eenih, smislenih re\u010denica.<\/p>\n\n\n\n<h3 class=\"wp-block-heading\" id=\"h-embracing-the-world-of-serbian-grammar\">Prihvatanje sveta srpske gramatike<\/h3>\n\n\n\n<p><a href=\"https:\/\/talkpal.ai\/sq\/gramatika-serbe\/\">Srpska gramatika<\/a> mo\u017ee izgledati neodoljivo na prvi pogled. Me\u0111utim, kako dublje ulazite u njegov bogat krajolik pade\u017ea, aspekata i jezi\u010dkih hira, otkrit \u0107ete \u017eivahan i izra\u017eajan jezik. U\u010denje srpskog jezika ne samo da \u0107e vam izo\u0161triti razumevanje porodice slovenskih jezika, ve\u0107 \u0107e vam pomo\u0107i da se pove\u017eete sa zadivljuju\u0107om istorijom i kulturom.<\/p>\n\n\n\n<p>Pa za\u0161to <a href=\"https:\/\/talkpal.ai\/locations\/language-courses-in-onda\/\">onda<\/a> ne bi prihvatili izazov daljeg istra\u017eivanja srpske gramatike? Sa uporno\u0161\u0107u i stra\u0161\u0107u, mo\u017eda \u0107ete se jednog dana na\u0107i u \u0161etnji ulicama Beograda, upu\u0161taju\u0107i se u \u017eivahne razgovore sa me\u0161tanima na njihovom maternjem jeziku. Sretno u\u010denje!<\/p>\n<\/div><\/div>\n\r\n<section class=\"learnNavigationSection\">\r\n            \r\n        <a href=\"https:\/\/talkpal.ai\/bs\/nauci-srpski\/\">\r\n            <div class=\"learnNavigationWrapper\">\r\n                <div class=\"learnNavigationContent\">\r\n                    <img decoding=\"async\" src=\"https:\/\/talkpal.ai\/wp-content\/uploads\/2024\/08\/Serbian.jpg\" alt=\"Serbian Flag\">\r\n                    <div>\r\n                        <h4>O u\u010denju Srbije<\/h4>\r\n                        <p>Saznajte sve o srpskoj gramatici.<\/p>\r\n                    <\/div>\r\n                <\/div>\r\n            <\/div>\r\n        <\/a>\r\n\r\n        \r\n        <a href=\"https:\/\/talkpal.ai\/bs\/srpske-gramaticke-vezbe\/\">\r\n            <div class=\"learnNavigationWrapper\">\r\n                <div class=\"learnNavigationContent\">\r\n                    <img decoding=\"async\" src=\"https:\/\/talkpal.ai\/wp-content\/uploads\/2024\/08\/Serbian.jpg\" alt=\"Serbian Flag\">\r\n                    <div>\r\n                        <h4>Srpska gramati\u010dka ve\u017eba<\/h4>\r\n                        <p>Praktikuj srpsku gramatiku.<\/p>\r\n                    <\/div>\r\n                <\/div>\r\n            <\/div>\r\n        <\/a>\r\n\r\n        \r\n        <a href=\"https:\/\/talkpal.ai\/vocabulary_language\/serbian\/\">\r\n            <div class=\"learnNavigationWrapper\">\r\n                <div class=\"learnNavigationContent\">\r\n                    <img decoding=\"async\" src=\"https:\/\/talkpal.ai\/wp-content\/uploads\/2024\/08\/Serbian.jpg\" alt=\"Serbian Flag\">\r\n                    <div>\r\n                        <h4>Srpski vokabular<\/h4>\r\n                        <p>Pro\u0161irite svoj srpski re\u010dnik.<\/p>\r\n                    <\/div>\r\n                <\/div>\r\n            <\/div>\r\n        <\/a>\r\n\r\n            <\/section>","protected":false},"excerpt":{"rendered":"<p>Srpska gramatika: razotkrivanje zamr\u0161enosti ju\u017enoslovenskog jezika Pozivanje svih jezi\u010dkih entuzijasta i balkanskih ljubitelja! Da li ste ikada razmi\u0161ljali o ronjenju u svet srpske gramatike? srpski, juznoslavenski jezik , sluzbeni je jezik srbije i jedan od sluzbenih jezika bosne i hercegovine . Sa oko 9 miliona izvornih govornika, ovaj intrigantni jezik deli sli\u010dnosti sa hrvatskim, bosanskim [&hellip;]<\/p>\n","protected":false},"author":1,"featured_media":118055,"parent":0,"menu_order":0,"comment_status":"closed","ping_status":"closed","template":"LearningContentPage.php","meta":{"_acf_changed":false,"footnotes":""},"class_list":["post-149836","page","type-page","status-publish","has-post-thumbnail","hentry"],"acf":[],"yoast_head":"<!-- This site is optimized with the Yoast SEO Premium plugin v27.2 (Yoast SEO v27.2) - https:\/\/yoast.com\/product\/yoast-seo-premium-wordpress\/ -->\n<title>Srpska gramatika - Talkpal<\/title>\n<meta name=\"description\" content=\"Istra\u017eite zamr\u0161enosti srpske gramatike i otkrijte jedinstvene karakteristike koje ga razlikuju od drugih balkanskih jezika.\" \/>\n<meta name=\"robots\" content=\"index, follow, max-snippet:-1, max-image-preview:large, max-video-preview:-1\" \/>\n<link rel=\"canonical\" href=\"https:\/\/talkpal.ai\/bs\/srpska-gramatika\/\" \/>\n<meta property=\"og:locale\" content=\"bs_BA\" \/>\n<meta property=\"og:type\" content=\"article\" \/>\n<meta property=\"og:title\" content=\"Srpska gramatika\" \/>\n<meta property=\"og:description\" content=\"Srpska gramatika: razotkrivanje zamr\u0161enosti ju\u017enoslovenskog jezika Pozivanje svih jezi\u010dkih entuzijasta i balkanskih ljubitelja! Da li ste ikada\" \/>\n<meta property=\"og:url\" content=\"https:\/\/talkpal.ai\/bs\/srpska-gramatika\/\" \/>\n<meta property=\"og:site_name\" content=\"Talkpal\" \/>\n<meta property=\"article:publisher\" content=\"https:\/\/www.facebook.com\/profile.php?id=100090733639311\" \/>\n<meta property=\"article:modified_time\" content=\"2025-12-17T15:37:58+00:00\" \/>\n<meta property=\"og:image\" content=\"https:\/\/talkpal.ai\/wp-content\/uploads\/2023\/05\/serbia.png\" \/>\n\t<meta property=\"og:image:width\" content=\"512\" \/>\n\t<meta property=\"og:image:height\" content=\"512\" \/>\n\t<meta property=\"og:image:type\" content=\"image\/png\" \/>\n<meta name=\"twitter:card\" content=\"summary_large_image\" \/>\n<meta name=\"twitter:site\" content=\"@talkpalai\" \/>\n<meta name=\"twitter:label1\" content=\"Est. reading time\" \/>\n\t<meta name=\"twitter:data1\" content=\"3 minute\" \/>\n<script type=\"application\/ld+json\" class=\"yoast-schema-graph\">{\"@context\":\"https:\/\/schema.org\",\"@graph\":[{\"@type\":\"WebPage\",\"@id\":\"https:\/\/talkpal.ai\/bs\/srpska-gramatika\/\",\"url\":\"https:\/\/talkpal.ai\/bs\/srpska-gramatika\/\",\"name\":\"Srpska gramatika - Talkpal\",\"isPartOf\":{\"@id\":\"https:\/\/talkpal.ai\/bs\/#website\"},\"primaryImageOfPage\":{\"@id\":\"https:\/\/talkpal.ai\/bs\/srpska-gramatika\/#primaryimage\"},\"image\":{\"@id\":\"https:\/\/talkpal.ai\/bs\/srpska-gramatika\/#primaryimage\"},\"thumbnailUrl\":\"https:\/\/talkpal.ai\/wp-content\/uploads\/2023\/05\/serbia.png\",\"datePublished\":\"2023-05-14T14:19:26+00:00\",\"dateModified\":\"2025-12-17T15:37:58+00:00\",\"description\":\"Istra\u017eite zamr\u0161enosti srpske gramatike i otkrijte jedinstvene karakteristike koje ga razlikuju od drugih balkanskih jezika.\",\"breadcrumb\":{\"@id\":\"https:\/\/talkpal.ai\/bs\/srpska-gramatika\/#breadcrumb\"},\"inLanguage\":\"bs-BA\",\"potentialAction\":[{\"@type\":\"ReadAction\",\"target\":[\"https:\/\/talkpal.ai\/bs\/srpska-gramatika\/\"]}]},{\"@type\":\"ImageObject\",\"inLanguage\":\"bs-BA\",\"@id\":\"https:\/\/talkpal.ai\/bs\/srpska-gramatika\/#primaryimage\",\"url\":\"https:\/\/talkpal.ai\/wp-content\/uploads\/2023\/05\/serbia.png\",\"contentUrl\":\"https:\/\/talkpal.ai\/wp-content\/uploads\/2023\/05\/serbia.png\",\"width\":512,\"height\":512},{\"@type\":\"BreadcrumbList\",\"@id\":\"https:\/\/talkpal.ai\/bs\/srpska-gramatika\/#breadcrumb\",\"itemListElement\":[{\"@type\":\"ListItem\",\"position\":1,\"name\":\"Homepage\",\"item\":\"https:\/\/talkpal.ai\/bs\/\"},{\"@type\":\"ListItem\",\"position\":2,\"name\":\"Srpska gramatika\"}]},{\"@type\":\"WebSite\",\"@id\":\"https:\/\/talkpal.ai\/bs\/#website\",\"url\":\"https:\/\/talkpal.ai\/bs\/\",\"name\":\"Talkpal\",\"description\":\"AI Language Learning\",\"publisher\":{\"@id\":\"https:\/\/talkpal.ai\/bs\/#organization\"},\"alternateName\":\"Talkpal AI\",\"potentialAction\":[{\"@type\":\"SearchAction\",\"target\":{\"@type\":\"EntryPoint\",\"urlTemplate\":\"https:\/\/talkpal.ai\/bs\/?s={search_term_string}\"},\"query-input\":{\"@type\":\"PropertyValueSpecification\",\"valueRequired\":true,\"valueName\":\"search_term_string\"}}],\"inLanguage\":\"bs-BA\"},{\"@type\":\"Organization\",\"@id\":\"https:\/\/talkpal.ai\/bs\/#organization\",\"name\":\"Talkpal, Inc.\",\"alternateName\":\"Talkpal AI\",\"url\":\"https:\/\/talkpal.ai\/bs\/\",\"logo\":{\"@type\":\"ImageObject\",\"inLanguage\":\"bs-BA\",\"@id\":\"https:\/\/talkpal.ai\/bs\/#\/schema\/logo\/image\/\",\"url\":\"https:\/\/talkpal.ai\/wp-content\/uploads\/2024\/03\/Talkpal-Logo-Icon.png\",\"contentUrl\":\"https:\/\/talkpal.ai\/wp-content\/uploads\/2024\/03\/Talkpal-Logo-Icon.png\",\"width\":2880,\"height\":2880,\"caption\":\"Talkpal, Inc.\"},\"image\":{\"@id\":\"https:\/\/talkpal.ai\/bs\/#\/schema\/logo\/image\/\"},\"sameAs\":[\"https:\/\/www.facebook.com\/profile.php?id=100090733639311\",\"https:\/\/x.com\/talkpalai\",\"https:\/\/www.linkedin.com\/company\/talkpal\/\",\"https:\/\/www.youtube.com\/@TalkPal\/\",\"https:\/\/www.tiktok.com\/@talkpal\",\"https:\/\/www.instagram.com\/talkpal_ai\/\",\"https:\/\/www.crunchbase.com\/organization\/talkpal-9cde\",\"https:\/\/www.g2.com\/products\/talkpal-for-business\/\",\"https:\/\/www.trustpilot.com\/review\/talkpal.ai\",\"https:\/\/www.capterra.com\/p\/10006800\/TalkPal\/\"],\"description\":\"Talkpal is a language learning web and mobile education app, powered by the latest AI technologies, that provides engaging experiences to its customers in many different languages to help them improve their language skills. Users can chat about unlimited amount of topics with the app and use other modes to practice their language learning.\",\"email\":\"support@talkpal.ai\",\"legalName\":\"Talkpal, Inc.\",\"foundingDate\":\"2023-04-03\",\"duns\":\"118989042\",\"numberOfEmployees\":{\"@type\":\"QuantitativeValue\",\"minValue\":\"11\",\"maxValue\":\"50\"},\"publishingPrinciples\":\"https:\/\/talkpal.ai\/publishing-principles\/\",\"actionableFeedbackPolicy\":\"https:\/\/talkpal.ai\/actionable-feedback-policy\/\",\"correctionsPolicy\":\"https:\/\/talkpal.ai\/corrections-policy\/\",\"ethicsPolicy\":\"https:\/\/talkpal.ai\/ethics-policy\/\",\"diversityPolicy\":\"https:\/\/talkpal.ai\/diversity-policy\/\",\"diversityStaffingReport\":\"https:\/\/talkpal.ai\/diversity-policy\/\"}]}<\/script>\n<!-- \/ Yoast SEO Premium plugin. -->","yoast_head_json":{"title":"Srpska gramatika - Talkpal","description":"Istra\u017eite zamr\u0161enosti srpske gramatike i otkrijte jedinstvene karakteristike koje ga razlikuju od drugih balkanskih jezika.","robots":{"index":"index","follow":"follow","max-snippet":"max-snippet:-1","max-image-preview":"max-image-preview:large","max-video-preview":"max-video-preview:-1"},"canonical":"https:\/\/talkpal.ai\/bs\/srpska-gramatika\/","og_locale":"bs_BA","og_type":"article","og_title":"Srpska gramatika","og_description":"Srpska gramatika: razotkrivanje zamr\u0161enosti ju\u017enoslovenskog jezika Pozivanje svih jezi\u010dkih entuzijasta i balkanskih ljubitelja! Da li ste ikada","og_url":"https:\/\/talkpal.ai\/bs\/srpska-gramatika\/","og_site_name":"Talkpal","article_publisher":"https:\/\/www.facebook.com\/profile.php?id=100090733639311","article_modified_time":"2025-12-17T15:37:58+00:00","og_image":[{"width":512,"height":512,"url":"https:\/\/talkpal.ai\/wp-content\/uploads\/2023\/05\/serbia.png","type":"image\/png"}],"twitter_card":"summary_large_image","twitter_site":"@talkpalai","twitter_misc":{"Est. reading time":"3 minute"},"schema":{"@context":"https:\/\/schema.org","@graph":[{"@type":"WebPage","@id":"https:\/\/talkpal.ai\/bs\/srpska-gramatika\/","url":"https:\/\/talkpal.ai\/bs\/srpska-gramatika\/","name":"Srpska gramatika - Talkpal","isPartOf":{"@id":"https:\/\/talkpal.ai\/bs\/#website"},"primaryImageOfPage":{"@id":"https:\/\/talkpal.ai\/bs\/srpska-gramatika\/#primaryimage"},"image":{"@id":"https:\/\/talkpal.ai\/bs\/srpska-gramatika\/#primaryimage"},"thumbnailUrl":"https:\/\/talkpal.ai\/wp-content\/uploads\/2023\/05\/serbia.png","datePublished":"2023-05-14T14:19:26+00:00","dateModified":"2025-12-17T15:37:58+00:00","description":"Istra\u017eite zamr\u0161enosti srpske gramatike i otkrijte jedinstvene karakteristike koje ga razlikuju od drugih balkanskih jezika.","breadcrumb":{"@id":"https:\/\/talkpal.ai\/bs\/srpska-gramatika\/#breadcrumb"},"inLanguage":"bs-BA","potentialAction":[{"@type":"ReadAction","target":["https:\/\/talkpal.ai\/bs\/srpska-gramatika\/"]}]},{"@type":"ImageObject","inLanguage":"bs-BA","@id":"https:\/\/talkpal.ai\/bs\/srpska-gramatika\/#primaryimage","url":"https:\/\/talkpal.ai\/wp-content\/uploads\/2023\/05\/serbia.png","contentUrl":"https:\/\/talkpal.ai\/wp-content\/uploads\/2023\/05\/serbia.png","width":512,"height":512},{"@type":"BreadcrumbList","@id":"https:\/\/talkpal.ai\/bs\/srpska-gramatika\/#breadcrumb","itemListElement":[{"@type":"ListItem","position":1,"name":"Homepage","item":"https:\/\/talkpal.ai\/bs\/"},{"@type":"ListItem","position":2,"name":"Srpska gramatika"}]},{"@type":"WebSite","@id":"https:\/\/talkpal.ai\/bs\/#website","url":"https:\/\/talkpal.ai\/bs\/","name":"Talkpal","description":"AI Language Learning","publisher":{"@id":"https:\/\/talkpal.ai\/bs\/#organization"},"alternateName":"Talkpal AI","potentialAction":[{"@type":"SearchAction","target":{"@type":"EntryPoint","urlTemplate":"https:\/\/talkpal.ai\/bs\/?s={search_term_string}"},"query-input":{"@type":"PropertyValueSpecification","valueRequired":true,"valueName":"search_term_string"}}],"inLanguage":"bs-BA"},{"@type":"Organization","@id":"https:\/\/talkpal.ai\/bs\/#organization","name":"Talkpal, Inc.","alternateName":"Talkpal AI","url":"https:\/\/talkpal.ai\/bs\/","logo":{"@type":"ImageObject","inLanguage":"bs-BA","@id":"https:\/\/talkpal.ai\/bs\/#\/schema\/logo\/image\/","url":"https:\/\/talkpal.ai\/wp-content\/uploads\/2024\/03\/Talkpal-Logo-Icon.png","contentUrl":"https:\/\/talkpal.ai\/wp-content\/uploads\/2024\/03\/Talkpal-Logo-Icon.png","width":2880,"height":2880,"caption":"Talkpal, Inc."},"image":{"@id":"https:\/\/talkpal.ai\/bs\/#\/schema\/logo\/image\/"},"sameAs":["https:\/\/www.facebook.com\/profile.php?id=100090733639311","https:\/\/x.com\/talkpalai","https:\/\/www.linkedin.com\/company\/talkpal\/","https:\/\/www.youtube.com\/@TalkPal\/","https:\/\/www.tiktok.com\/@talkpal","https:\/\/www.instagram.com\/talkpal_ai\/","https:\/\/www.crunchbase.com\/organization\/talkpal-9cde","https:\/\/www.g2.com\/products\/talkpal-for-business\/","https:\/\/www.trustpilot.com\/review\/talkpal.ai","https:\/\/www.capterra.com\/p\/10006800\/TalkPal\/"],"description":"Talkpal is a language learning web and mobile education app, powered by the latest AI technologies, that provides engaging experiences to its customers in many different languages to help them improve their language skills. Users can chat about unlimited amount of topics with the app and use other modes to practice their language learning.","email":"support@talkpal.ai","legalName":"Talkpal, Inc.","foundingDate":"2023-04-03","duns":"118989042","numberOfEmployees":{"@type":"QuantitativeValue","minValue":"11","maxValue":"50"},"publishingPrinciples":"https:\/\/talkpal.ai\/publishing-principles\/","actionableFeedbackPolicy":"https:\/\/talkpal.ai\/actionable-feedback-policy\/","correctionsPolicy":"https:\/\/talkpal.ai\/corrections-policy\/","ethicsPolicy":"https:\/\/talkpal.ai\/ethics-policy\/","diversityPolicy":"https:\/\/talkpal.ai\/diversity-policy\/","diversityStaffingReport":"https:\/\/talkpal.ai\/diversity-policy\/"}]}},"_links":{"self":[{"href":"https:\/\/talkpal.ai\/bs\/wp-json\/wp\/v2\/pages\/149836","targetHints":{"allow":["GET"]}}],"collection":[{"href":"https:\/\/talkpal.ai\/bs\/wp-json\/wp\/v2\/pages"}],"about":[{"href":"https:\/\/talkpal.ai\/bs\/wp-json\/wp\/v2\/types\/page"}],"author":[{"embeddable":true,"href":"https:\/\/talkpal.ai\/bs\/wp-json\/wp\/v2\/users\/1"}],"replies":[{"embeddable":true,"href":"https:\/\/talkpal.ai\/bs\/wp-json\/wp\/v2\/comments?post=149836"}],"version-history":[{"count":0,"href":"https:\/\/talkpal.ai\/bs\/wp-json\/wp\/v2\/pages\/149836\/revisions"}],"wp:featuredmedia":[{"embeddable":true,"href":"https:\/\/talkpal.ai\/bs\/wp-json\/wp\/v2\/media\/118055"}],"wp:attachment":[{"href":"https:\/\/talkpal.ai\/bs\/wp-json\/wp\/v2\/media?parent=149836"}],"curies":[{"name":"wp","href":"https:\/\/api.w.org\/{rel}","templated":true}]}}