{"id":149075,"date":"2023-05-14T14:18:46","date_gmt":"2023-05-14T14:18:46","guid":{"rendered":"http:\/\/talkpal.ai\/poljska-gramatika\/"},"modified":"2025-12-17T17:35:10","modified_gmt":"2025-12-17T17:35:10","slug":"poljska-gramatika","status":"publish","type":"page","link":"https:\/\/talkpal.ai\/bs\/poljska-gramatika\/","title":{"rendered":"Poljska gramatika"},"content":{"rendered":"\r\n\r\n\r\n<section class=\"languageChallengeSection\">\r\n    <div class=\"languageInfoWrapper\">\r\n        \r\n        <h1>Poljska gramatika<\/h1>\r\n        <p>Zaronite u fascinantan svijet poljske gramatike i otkrijte osnove jednog od najrasprostranjenijih jezika u srednjoj Evropi. Savladavanjem osnovnih pravila, efikasnije \u0107ete komunicirati i ste\u0107i dublje razumijevanje poljske kulture. Po\u010dnite u\u010diti poljsku gramatiku ve\u0107 danas i napravite prvi korak ka te\u010dnom govoru!<\/p>\r\n\r\n                            <a class=\"getStartedHidden\" href=\"https:\/\/app.talkpal.ai\/signup?lng=\">Kreni<\/a>\r\n        \r\n    <\/div>\r\n\r\n    <figure>\r\n    <img decoding=\"async\" width=\"768\" height=\"768\" src=\"https:\/\/talkpal.ai\/wp-content\/uploads\/2023\/06\/polish-768x768.png\" class=\"languageImage no-lazy\" alt=\"Practical tips on language learning techniques\" fetchpriority=\"high\" sizes=\"(max-width: 768px) 150px, 768px\" srcset=\"https:\/\/talkpal.ai\/wp-content\/uploads\/2023\/06\/polish-768x768.png 768w, https:\/\/talkpal.ai\/wp-content\/uploads\/2023\/06\/polish-300x300.png 300w\" \/>\r\n    \r\n\r\n    <\/figure>\r\n\r\n            <a class=\"getStartedVisible\" href=\"https:\/\/app.talkpal.ai\/signup?lng=\">Kreni<\/a>\r\n    \r\n<\/section>\r\n<section class=\"promotionalBanner\">\r\n    <p class=\"promotionalText\">Najefikasniji na\u010din za u\u010denje jezika<\/p>\r\n    <a class=\"promotionalLink\" href=\"https:\/\/app.talkpal.ai\/signup?lng=\">Isprobajte Talkpal besplatno<\/a>\r\n<\/section>\n<div class=\"wp-block-group pageContainerStyle\"><div class=\"wp-block-group__inner-container is-layout-constrained wp-block-group-is-layout-constrained\">\n<h2 class=\"wp-block-heading\" id=\"h-breaking-down-the-puzzle-of-polish-grammar\">Brisanje zagonetke poljske gramatike<\/h2>\n\n\n\n<p><a href=\"https:\/\/talkpal.ai\/learn-polish\/\">Poljski<\/a>, <a href=\"https:\/\/talkpal.ai\/hr\/ucenje-slovenskog-jezika\/\">slovenski jezik<\/a>, istovremeno je izazovan i nagra\u0111ivan za u\u010denike jezika koji tra\u017ee jedinstvenu jezi\u010dku avanturu. Dok ronite na poljskom, otkri\u0107ete fascinantnu istoriju i kulturu <a href=\"https:\/\/talkpal.ai\/locations\/language-courses-in-koja\/\">koja<\/a> upotpunjuje bogatstvo samog jezika. Iako se <a href=\"https:\/\/talkpal.ai\/polish-grammar\/\">poljska gramatika<\/a> mo\u017ee \u010diniti zamr\u0161enom, dekonstrukcija u upravljive elemente \u010dini proces u\u010denja dostupnijim. Ovaj \u010dlanak ima za cilj da vas upozna sa zadivljuju\u0107im svetom poljske gramatike i pru\u017ei smernice o tome kako da se izborite sa njenom slo\u017eeno\u0161\u0107u.<\/p>\n\n\n\n<h3 class=\"wp-block-heading\" id=\"h-1-noun-gender-and-cases\">1. imenica spol i slu\u010dajevi<\/h3>\n\n\n\n<p>Poljske imenice imaju gramati\u010dki rod \u2013 mu\u0161ki, \u017eenski i srednji rod \u2013 koji uti\u010du na oblike prideva, zamenica i glagola koji ih prate. Poljska ima sedam gramati\u010dkih slu\u010dajeva: nominativ, genitiv, dativ, akuzativ, instrumental, lokativ i vokativ. Upoznavanje sa rodnim i slu\u010dajnim sistemom je od klju\u010dnog zna\u010daja za razumevanje i izgradnju ta\u010dnih poljskih re\u010denica.<\/p>\n\n\n\n<h3 class=\"wp-block-heading\" id=\"h-2-verb-conjugation-person-tense-and-aspect\">Konjugacija glagola: osoba, napetost i aspekt<\/h3>\n\n\n\n<p>Poljski glagoli moraju biti konjugirani prema vremenu, aspektu i osobi (prvi, drugi ili tre\u0107i). Postoje tri glavna vremena: sada\u0161njost, pro\u0161lost i budu\u0107nost. Pored toga, poljski glagoli imaju dva aspekta: savr\u0161eni (za zavr\u0161ene radnje) i nesavr\u0161eni (za teku\u0107e ili uobi\u010dajeno izvo\u0111ene radnje). Savladavanje ovih pravila konjugacije zna\u010dajno \u0107e pobolj\u0161ati va\u0161e verbalne komunikacijske vje\u0161tine na poljskom jeziku.<\/p>\n\n\n\n<h3 class=\"wp-block-heading\" id=\"h-3-adjectives-agreement-and-placement\">Pridjevi: Sporazum i smje\u0161taj<\/h3>\n\n\n\n<p>Poljski pridjevi moraju se slo\u017eiti s imenicom koju mijenjaju u vezi spola, broja i slu\u010daja. Pridjevi obi\u010dno prethode imenici, pru\u017eaju\u0107i su\u0161tinski opisni kontekst za re\u010denicu.<\/p>\n\n\n\n<p>Primjeri:<\/p>\n\n\n\n<p>\u2013 czerwona sukienka (crvena haljina)<\/p>\n\n\n\n<p>\u2013 pi\u0119kny ogr\u00f3d (prekrasan vrt)<\/p>\n\n\n\n<h3 class=\"wp-block-heading\" id=\"h-4-pronouns-types-and-uses\">Zamjenice: vrste i upotreba<\/h3>\n\n\n\n<p>Poljske zamjenice dolaze u razli\u010ditim oblicima, uklju\u010duju\u0107i li\u010dne, posesivne, refleksivne, demonstrativne i upitne zamjenice. Razumevanje kako i kada koristiti ove zamenice u\u010dini\u0107e va\u0161u poljsku gramatiku preciznijom i pobolj\u0161ati va\u0161e ukupne jezi\u010dke ve\u0161tine.<\/p>\n\n\n\n<h3 class=\"wp-block-heading\" id=\"h-5-negation-conveying-the-opposite\">5. negacija: preno\u0161enje suprotnog<\/h3>\n\n\n\n<p>U poljskoj gramatici negacija se posti\u017ee dodavanjem rije\u010di \u201cnie\u201d ispred glagola, prideva, priloga ili zamjenica. Me\u0111utim, posebna pravila primjenjuju se za negiranje re\u010denica imenicama, \u0161to mo\u017ee zahtijevati dodatni prijedlog ili druga\u010diji oblik imenice. Prepoznavanje ovih obrazaca negacije pomo\u0107i \u0107e vam da jasno prenesete svoje nameravano zna\u010denje na poljskom.<\/p>\n\n\n\n<h3 class=\"wp-block-heading\" id=\"h-6-engage-with-the-language\">b) Povezivanje sa jezikom<\/h3>\n\n\n\n<p>Najefikasniji na\u010din da shvatite i internalizujete poljsku gramatiku je da se redovno anga\u017eujete sa jezikom. Od \u010ditanja poljske knji\u017eevnosti, gledanja poljskih filmova ili aktivnog razgovora sa izvornim govornicima, uranjanje u razli\u010dite kontekste \u0107e oja\u010dati va\u0161e razumevanje gramatike dok \u0161irite svoj re\u010dnik.<\/p>\n\n\n\n<h3 class=\"wp-block-heading\" id=\"h-conclusion\">Zaklju\u010dak<\/h3>\n\n\n\n<p>Iako poljska gramatika mo\u017ee izgledati zamr\u0161eno, dosledno ve\u017ebanje i re\u0161avanje <a href=\"https:\/\/talkpal.ai\/talkpal-new-years-discount\/\">nje<\/a> korak po korak pomo\u0107i \u0107e vam da postanete ve\u0161ti u ovom jedinstvenom jeziku. Prigrlite izazov dok zapo\u010dinjete svoje putovanje na poljskom jeziku, a uskoro \u0107ete se na\u0107i samouvjereno dekodiraju\u0107i zamr\u0161enosti njegove gramatike. Sretno sa u\u010denjem, i u\u017eivajte u istra\u017eivanju slojeva poljske gramatike!<\/p>\n<\/div><\/div>\n\r\n<section class=\"learnNavigationSection\">\r\n            \r\n        <a href=\"https:\/\/talkpal.ai\/bs\/nauci-poljski\/\">\r\n            <div class=\"learnNavigationWrapper\">\r\n                <div class=\"learnNavigationContent\">\r\n                    <img decoding=\"async\" src=\"https:\/\/talkpal.ai\/wp-content\/uploads\/2024\/08\/Polish.jpg\" alt=\"Polish Flag\">\r\n                    <div>\r\n                        <h4>O u\u010denju poljskog<\/h4>\r\n                        <p>Saznaj sve o srpskoj gramatici.<\/p>\r\n                    <\/div>\r\n                <\/div>\r\n            <\/div>\r\n        <\/a>\r\n\r\n        \r\n        <a href=\"https:\/\/talkpal.ai\/bs\/poljska-gramaticka-vjezba\/\">\r\n            <div class=\"learnNavigationWrapper\">\r\n                <div class=\"learnNavigationContent\">\r\n                    <img decoding=\"async\" src=\"https:\/\/talkpal.ai\/wp-content\/uploads\/2024\/08\/Polish.jpg\" alt=\"Polish Flag\">\r\n                    <div>\r\n                        <h4>Vje\u017eba poljske gramatike<\/h4>\r\n                        <p>Poljska gramatika.<\/p>\r\n                    <\/div>\r\n                <\/div>\r\n            <\/div>\r\n        <\/a>\r\n\r\n        \r\n        <a href=\"https:\/\/talkpal.ai\/vocabulary_language\/polish\/\">\r\n            <div class=\"learnNavigationWrapper\">\r\n                <div class=\"learnNavigationContent\">\r\n                    <img decoding=\"async\" src=\"https:\/\/talkpal.ai\/wp-content\/uploads\/2024\/08\/Polish.jpg\" alt=\"Polish Flag\">\r\n                    <div>\r\n                        <h4>Poljski vokabular<\/h4>\r\n                        <p>Pro\u0161irite svoj poljski vokabular.<\/p>\r\n                    <\/div>\r\n                <\/div>\r\n            <\/div>\r\n        <\/a>\r\n\r\n            <\/section>","protected":false},"excerpt":{"rendered":"<p>Brisanje zagonetke poljske gramatike Poljski, slovenski jezik, istovremeno je izazovan i nagra\u0111ivan za u\u010denike jezika koji tra\u017ee jedinstvenu jezi\u010dku avanturu. Dok ronite na poljskom, otkri\u0107ete fascinantnu istoriju i kulturu koja upotpunjuje bogatstvo samog jezika. Iako se poljska gramatika mo\u017ee \u010diniti zamr\u0161enom, dekonstrukcija u upravljive elemente \u010dini proces u\u010denja dostupnijim. Ovaj \u010dlanak ima za cilj da [&hellip;]<\/p>\n","protected":false},"author":1,"featured_media":117436,"parent":0,"menu_order":0,"comment_status":"closed","ping_status":"closed","template":"LearningContentPage.php","meta":{"_acf_changed":false,"footnotes":""},"class_list":["post-149075","page","type-page","status-publish","has-post-thumbnail","hentry"],"acf":[],"yoast_head":"<!-- This site is optimized with the Yoast SEO Premium plugin v27.2 (Yoast SEO v27.2) - https:\/\/yoast.com\/product\/yoast-seo-premium-wordpress\/ -->\n<title>Poljska gramatika - Talkpal<\/title>\n<meta name=\"description\" content=\"Savladajte poljsku gramatiku uz interaktivne vje\u017ebe osmi\u0161ljene za sve nivoe u\u010denja. Unapredite svoje znanje poljskog jezika!\" \/>\n<meta name=\"robots\" content=\"index, follow, max-snippet:-1, max-image-preview:large, max-video-preview:-1\" \/>\n<link rel=\"canonical\" href=\"https:\/\/talkpal.ai\/bs\/poljska-gramatika\/\" \/>\n<meta property=\"og:locale\" content=\"bs_BA\" \/>\n<meta property=\"og:type\" content=\"article\" \/>\n<meta property=\"og:title\" content=\"Poljska gramatika\" \/>\n<meta property=\"og:description\" content=\"Brisanje zagonetke poljske gramatike Poljski, slovenski jezik, istovremeno je izazovan i nagra\u0111ivan za u\u010denike jezika koji tra\u017ee jedinstvenu jezi\u010dku\" \/>\n<meta property=\"og:url\" content=\"https:\/\/talkpal.ai\/bs\/poljska-gramatika\/\" \/>\n<meta property=\"og:site_name\" content=\"Talkpal\" \/>\n<meta property=\"article:publisher\" content=\"https:\/\/www.facebook.com\/profile.php?id=100090733639311\" \/>\n<meta property=\"article:modified_time\" content=\"2025-12-17T17:35:10+00:00\" \/>\n<meta property=\"og:image\" content=\"https:\/\/talkpal.ai\/wp-content\/uploads\/2023\/05\/poland.png\" \/>\n\t<meta property=\"og:image:width\" content=\"512\" \/>\n\t<meta property=\"og:image:height\" content=\"512\" \/>\n\t<meta property=\"og:image:type\" content=\"image\/png\" \/>\n<meta name=\"twitter:card\" content=\"summary_large_image\" \/>\n<meta name=\"twitter:site\" content=\"@talkpalai\" \/>\n<meta name=\"twitter:label1\" content=\"Est. reading time\" \/>\n\t<meta name=\"twitter:data1\" content=\"3 minute\" \/>\n<script type=\"application\/ld+json\" class=\"yoast-schema-graph\">{\"@context\":\"https:\/\/schema.org\",\"@graph\":[{\"@type\":\"WebPage\",\"@id\":\"https:\/\/talkpal.ai\/bs\/poljska-gramatika\/\",\"url\":\"https:\/\/talkpal.ai\/bs\/poljska-gramatika\/\",\"name\":\"Poljska gramatika - Talkpal\",\"isPartOf\":{\"@id\":\"https:\/\/talkpal.ai\/bs\/#website\"},\"primaryImageOfPage\":{\"@id\":\"https:\/\/talkpal.ai\/bs\/poljska-gramatika\/#primaryimage\"},\"image\":{\"@id\":\"https:\/\/talkpal.ai\/bs\/poljska-gramatika\/#primaryimage\"},\"thumbnailUrl\":\"https:\/\/talkpal.ai\/wp-content\/uploads\/2023\/05\/poland.png\",\"datePublished\":\"2023-05-14T14:18:46+00:00\",\"dateModified\":\"2025-12-17T17:35:10+00:00\",\"description\":\"Savladajte poljsku gramatiku uz interaktivne vje\u017ebe osmi\u0161ljene za sve nivoe u\u010denja. Unapredite svoje znanje poljskog jezika!\",\"breadcrumb\":{\"@id\":\"https:\/\/talkpal.ai\/bs\/poljska-gramatika\/#breadcrumb\"},\"inLanguage\":\"bs-BA\",\"potentialAction\":[{\"@type\":\"ReadAction\",\"target\":[\"https:\/\/talkpal.ai\/bs\/poljska-gramatika\/\"]}]},{\"@type\":\"ImageObject\",\"inLanguage\":\"bs-BA\",\"@id\":\"https:\/\/talkpal.ai\/bs\/poljska-gramatika\/#primaryimage\",\"url\":\"https:\/\/talkpal.ai\/wp-content\/uploads\/2023\/05\/poland.png\",\"contentUrl\":\"https:\/\/talkpal.ai\/wp-content\/uploads\/2023\/05\/poland.png\",\"width\":512,\"height\":512},{\"@type\":\"BreadcrumbList\",\"@id\":\"https:\/\/talkpal.ai\/bs\/poljska-gramatika\/#breadcrumb\",\"itemListElement\":[{\"@type\":\"ListItem\",\"position\":1,\"name\":\"Homepage\",\"item\":\"https:\/\/talkpal.ai\/bs\/\"},{\"@type\":\"ListItem\",\"position\":2,\"name\":\"Poljska gramatika\"}]},{\"@type\":\"WebSite\",\"@id\":\"https:\/\/talkpal.ai\/bs\/#website\",\"url\":\"https:\/\/talkpal.ai\/bs\/\",\"name\":\"Talkpal\",\"description\":\"AI Language Learning\",\"publisher\":{\"@id\":\"https:\/\/talkpal.ai\/bs\/#organization\"},\"alternateName\":\"Talkpal AI\",\"potentialAction\":[{\"@type\":\"SearchAction\",\"target\":{\"@type\":\"EntryPoint\",\"urlTemplate\":\"https:\/\/talkpal.ai\/bs\/?s={search_term_string}\"},\"query-input\":{\"@type\":\"PropertyValueSpecification\",\"valueRequired\":true,\"valueName\":\"search_term_string\"}}],\"inLanguage\":\"bs-BA\"},{\"@type\":\"Organization\",\"@id\":\"https:\/\/talkpal.ai\/bs\/#organization\",\"name\":\"Talkpal, Inc.\",\"alternateName\":\"Talkpal AI\",\"url\":\"https:\/\/talkpal.ai\/bs\/\",\"logo\":{\"@type\":\"ImageObject\",\"inLanguage\":\"bs-BA\",\"@id\":\"https:\/\/talkpal.ai\/bs\/#\/schema\/logo\/image\/\",\"url\":\"https:\/\/talkpal.ai\/wp-content\/uploads\/2024\/03\/Talkpal-Logo-Icon.png\",\"contentUrl\":\"https:\/\/talkpal.ai\/wp-content\/uploads\/2024\/03\/Talkpal-Logo-Icon.png\",\"width\":2880,\"height\":2880,\"caption\":\"Talkpal, Inc.\"},\"image\":{\"@id\":\"https:\/\/talkpal.ai\/bs\/#\/schema\/logo\/image\/\"},\"sameAs\":[\"https:\/\/www.facebook.com\/profile.php?id=100090733639311\",\"https:\/\/x.com\/talkpalai\",\"https:\/\/www.linkedin.com\/company\/talkpal\/\",\"https:\/\/www.youtube.com\/@TalkPal\/\",\"https:\/\/www.tiktok.com\/@talkpal\",\"https:\/\/www.instagram.com\/talkpal_ai\/\",\"https:\/\/www.crunchbase.com\/organization\/talkpal-9cde\",\"https:\/\/www.g2.com\/products\/talkpal-for-business\/\",\"https:\/\/www.trustpilot.com\/review\/talkpal.ai\",\"https:\/\/www.capterra.com\/p\/10006800\/TalkPal\/\"],\"description\":\"Talkpal is a language learning web and mobile education app, powered by the latest AI technologies, that provides engaging experiences to its customers in many different languages to help them improve their language skills. Users can chat about unlimited amount of topics with the app and use other modes to practice their language learning.\",\"email\":\"support@talkpal.ai\",\"legalName\":\"Talkpal, Inc.\",\"foundingDate\":\"2023-04-03\",\"duns\":\"118989042\",\"numberOfEmployees\":{\"@type\":\"QuantitativeValue\",\"minValue\":\"11\",\"maxValue\":\"50\"},\"publishingPrinciples\":\"https:\/\/talkpal.ai\/publishing-principles\/\",\"actionableFeedbackPolicy\":\"https:\/\/talkpal.ai\/actionable-feedback-policy\/\",\"correctionsPolicy\":\"https:\/\/talkpal.ai\/corrections-policy\/\",\"ethicsPolicy\":\"https:\/\/talkpal.ai\/ethics-policy\/\",\"diversityPolicy\":\"https:\/\/talkpal.ai\/diversity-policy\/\",\"diversityStaffingReport\":\"https:\/\/talkpal.ai\/diversity-policy\/\"}]}<\/script>\n<!-- \/ Yoast SEO Premium plugin. -->","yoast_head_json":{"title":"Poljska gramatika - Talkpal","description":"Savladajte poljsku gramatiku uz interaktivne vje\u017ebe osmi\u0161ljene za sve nivoe u\u010denja. Unapredite svoje znanje poljskog jezika!","robots":{"index":"index","follow":"follow","max-snippet":"max-snippet:-1","max-image-preview":"max-image-preview:large","max-video-preview":"max-video-preview:-1"},"canonical":"https:\/\/talkpal.ai\/bs\/poljska-gramatika\/","og_locale":"bs_BA","og_type":"article","og_title":"Poljska gramatika","og_description":"Brisanje zagonetke poljske gramatike Poljski, slovenski jezik, istovremeno je izazovan i nagra\u0111ivan za u\u010denike jezika koji tra\u017ee jedinstvenu jezi\u010dku","og_url":"https:\/\/talkpal.ai\/bs\/poljska-gramatika\/","og_site_name":"Talkpal","article_publisher":"https:\/\/www.facebook.com\/profile.php?id=100090733639311","article_modified_time":"2025-12-17T17:35:10+00:00","og_image":[{"width":512,"height":512,"url":"https:\/\/talkpal.ai\/wp-content\/uploads\/2023\/05\/poland.png","type":"image\/png"}],"twitter_card":"summary_large_image","twitter_site":"@talkpalai","twitter_misc":{"Est. reading time":"3 minute"},"schema":{"@context":"https:\/\/schema.org","@graph":[{"@type":"WebPage","@id":"https:\/\/talkpal.ai\/bs\/poljska-gramatika\/","url":"https:\/\/talkpal.ai\/bs\/poljska-gramatika\/","name":"Poljska gramatika - Talkpal","isPartOf":{"@id":"https:\/\/talkpal.ai\/bs\/#website"},"primaryImageOfPage":{"@id":"https:\/\/talkpal.ai\/bs\/poljska-gramatika\/#primaryimage"},"image":{"@id":"https:\/\/talkpal.ai\/bs\/poljska-gramatika\/#primaryimage"},"thumbnailUrl":"https:\/\/talkpal.ai\/wp-content\/uploads\/2023\/05\/poland.png","datePublished":"2023-05-14T14:18:46+00:00","dateModified":"2025-12-17T17:35:10+00:00","description":"Savladajte poljsku gramatiku uz interaktivne vje\u017ebe osmi\u0161ljene za sve nivoe u\u010denja. Unapredite svoje znanje poljskog jezika!","breadcrumb":{"@id":"https:\/\/talkpal.ai\/bs\/poljska-gramatika\/#breadcrumb"},"inLanguage":"bs-BA","potentialAction":[{"@type":"ReadAction","target":["https:\/\/talkpal.ai\/bs\/poljska-gramatika\/"]}]},{"@type":"ImageObject","inLanguage":"bs-BA","@id":"https:\/\/talkpal.ai\/bs\/poljska-gramatika\/#primaryimage","url":"https:\/\/talkpal.ai\/wp-content\/uploads\/2023\/05\/poland.png","contentUrl":"https:\/\/talkpal.ai\/wp-content\/uploads\/2023\/05\/poland.png","width":512,"height":512},{"@type":"BreadcrumbList","@id":"https:\/\/talkpal.ai\/bs\/poljska-gramatika\/#breadcrumb","itemListElement":[{"@type":"ListItem","position":1,"name":"Homepage","item":"https:\/\/talkpal.ai\/bs\/"},{"@type":"ListItem","position":2,"name":"Poljska gramatika"}]},{"@type":"WebSite","@id":"https:\/\/talkpal.ai\/bs\/#website","url":"https:\/\/talkpal.ai\/bs\/","name":"Talkpal","description":"AI Language Learning","publisher":{"@id":"https:\/\/talkpal.ai\/bs\/#organization"},"alternateName":"Talkpal AI","potentialAction":[{"@type":"SearchAction","target":{"@type":"EntryPoint","urlTemplate":"https:\/\/talkpal.ai\/bs\/?s={search_term_string}"},"query-input":{"@type":"PropertyValueSpecification","valueRequired":true,"valueName":"search_term_string"}}],"inLanguage":"bs-BA"},{"@type":"Organization","@id":"https:\/\/talkpal.ai\/bs\/#organization","name":"Talkpal, Inc.","alternateName":"Talkpal AI","url":"https:\/\/talkpal.ai\/bs\/","logo":{"@type":"ImageObject","inLanguage":"bs-BA","@id":"https:\/\/talkpal.ai\/bs\/#\/schema\/logo\/image\/","url":"https:\/\/talkpal.ai\/wp-content\/uploads\/2024\/03\/Talkpal-Logo-Icon.png","contentUrl":"https:\/\/talkpal.ai\/wp-content\/uploads\/2024\/03\/Talkpal-Logo-Icon.png","width":2880,"height":2880,"caption":"Talkpal, Inc."},"image":{"@id":"https:\/\/talkpal.ai\/bs\/#\/schema\/logo\/image\/"},"sameAs":["https:\/\/www.facebook.com\/profile.php?id=100090733639311","https:\/\/x.com\/talkpalai","https:\/\/www.linkedin.com\/company\/talkpal\/","https:\/\/www.youtube.com\/@TalkPal\/","https:\/\/www.tiktok.com\/@talkpal","https:\/\/www.instagram.com\/talkpal_ai\/","https:\/\/www.crunchbase.com\/organization\/talkpal-9cde","https:\/\/www.g2.com\/products\/talkpal-for-business\/","https:\/\/www.trustpilot.com\/review\/talkpal.ai","https:\/\/www.capterra.com\/p\/10006800\/TalkPal\/"],"description":"Talkpal is a language learning web and mobile education app, powered by the latest AI technologies, that provides engaging experiences to its customers in many different languages to help them improve their language skills. Users can chat about unlimited amount of topics with the app and use other modes to practice their language learning.","email":"support@talkpal.ai","legalName":"Talkpal, Inc.","foundingDate":"2023-04-03","duns":"118989042","numberOfEmployees":{"@type":"QuantitativeValue","minValue":"11","maxValue":"50"},"publishingPrinciples":"https:\/\/talkpal.ai\/publishing-principles\/","actionableFeedbackPolicy":"https:\/\/talkpal.ai\/actionable-feedback-policy\/","correctionsPolicy":"https:\/\/talkpal.ai\/corrections-policy\/","ethicsPolicy":"https:\/\/talkpal.ai\/ethics-policy\/","diversityPolicy":"https:\/\/talkpal.ai\/diversity-policy\/","diversityStaffingReport":"https:\/\/talkpal.ai\/diversity-policy\/"}]}},"_links":{"self":[{"href":"https:\/\/talkpal.ai\/bs\/wp-json\/wp\/v2\/pages\/149075","targetHints":{"allow":["GET"]}}],"collection":[{"href":"https:\/\/talkpal.ai\/bs\/wp-json\/wp\/v2\/pages"}],"about":[{"href":"https:\/\/talkpal.ai\/bs\/wp-json\/wp\/v2\/types\/page"}],"author":[{"embeddable":true,"href":"https:\/\/talkpal.ai\/bs\/wp-json\/wp\/v2\/users\/1"}],"replies":[{"embeddable":true,"href":"https:\/\/talkpal.ai\/bs\/wp-json\/wp\/v2\/comments?post=149075"}],"version-history":[{"count":0,"href":"https:\/\/talkpal.ai\/bs\/wp-json\/wp\/v2\/pages\/149075\/revisions"}],"wp:featuredmedia":[{"embeddable":true,"href":"https:\/\/talkpal.ai\/bs\/wp-json\/wp\/v2\/media\/117436"}],"wp:attachment":[{"href":"https:\/\/talkpal.ai\/bs\/wp-json\/wp\/v2\/media?parent=149075"}],"curies":[{"name":"wp","href":"https:\/\/api.w.org\/{rel}","templated":true}]}}