{"id":148736,"date":"2023-05-14T14:18:22","date_gmt":"2023-05-14T14:18:22","guid":{"rendered":"http:\/\/talkpal.ai\/perzijska-gramatika\/"},"modified":"2025-12-12T10:32:56","modified_gmt":"2025-12-12T10:32:56","slug":"perzijska-gramatika","status":"publish","type":"page","link":"https:\/\/talkpal.ai\/bs\/perzijska-gramatika\/","title":{"rendered":"perzijska gramatika"},"content":{"rendered":"\r\n\r\n\r\n<section class=\"languageChallengeSection\">\r\n    <div class=\"languageInfoWrapper\">\r\n        \r\n        <h1>perzijska gramatika<\/h1>\r\n        <p>Zanima vas <a href=\"https:\/\/talkpal.ai\/learn-persian\/\">perzijski<\/a> jezik? Istra\u017eite perzijsku gramatiku, poznatu po svojoj jednostavnosti \u2013 bez imenica, s jednostavnim konjugacijama glagola i fleksibilnom re\u010deni\u010dnom strukturom, \u0161to je \u010dini osvje\u017eavaju\u0107e pristupa\u010dnom. Zapo\u010dnite svoju perzijsku avanturu ve\u0107 danas \u2013 savladavanje gramatike \u0107e vam otvoriti nove mogu\u0107nosti za komunikaciju i uroniti vas u bogatu poeziju i kulturu Irana i \u0161ire!<\/p>\r\n\r\n                            <a class=\"getStartedHidden\" href=\"https:\/\/app.talkpal.ai\/signup?lng=\">Kreni<\/a>\r\n        \r\n    <\/div>\r\n\r\n    <figure>\r\n    <img decoding=\"async\" width=\"768\" height=\"768\" src=\"https:\/\/talkpal.ai\/wp-content\/uploads\/2023\/06\/persian-768x768.png\" class=\"languageImage no-lazy\" alt=\"Language learning to comprehend global news\" fetchpriority=\"high\" sizes=\"(max-width: 768px) 150px, 768px\" srcset=\"https:\/\/talkpal.ai\/wp-content\/uploads\/2023\/06\/persian-768x768.png 768w, https:\/\/talkpal.ai\/wp-content\/uploads\/2023\/06\/persian-300x300.png 300w\" \/>\r\n    \r\n\r\n    <\/figure>\r\n\r\n            <a class=\"getStartedVisible\" href=\"https:\/\/app.talkpal.ai\/signup?lng=\">Kreni<\/a>\r\n    \r\n<\/section>\r\n<section class=\"promotionalBanner\">\r\n    <p class=\"promotionalText\">Najefikasniji na\u010din za u\u010denje jezika<\/p>\r\n    <a class=\"promotionalLink\" href=\"https:\/\/app.talkpal.ai\/signup?lng=\">Isprobajte Talkpal besplatno<\/a>\r\n<\/section>\n<div class=\"wp-block-group pageContainerStyle\"><div class=\"wp-block-group__inner-container is-layout-constrained wp-block-group-is-layout-constrained\">\n<h2 class=\"wp-block-heading\" id=\"h-mastering-persian-grammar-your-ultimate-guide\">Perzijska gramatika: Va\u0161 ultimativni vodi\u010d<\/h2>\n\n\n\n<p>Salam, jezi\u010dki entuzijasti! <a href=\"https:\/\/talkpal.ai\/culture\/what-is-the-difference-between-da-li-and-je-li-in-forming-questions\/\">Da li<\/a> ste spremni da krenete na put u svet persijske gramatike? Do\u0161li ste na pravo mjesto. Ispunjen lako razumljivim informacijama i konverzacijskim tonom, ovaj \u010dlanak \u0107e vas voditi kroz zadivljuju\u0107e carstvo persijske gramatike. Uskoro \u0107ete mo\u0107i da konstrui\u0161ete re\u010denice i da se uklju\u010dite u smislene razgovore sa izvornim govornicima. Dakle, po\u010dnimo otkrivati \u200b\u200btajne perzijske gramatike!<\/p>\n\n\n\n<p><strong>Ali prvo, za\u0161to perzijska gramatika?<\/strong><\/p>\n\n\n\n<p>Ako u\u010dite perzijski, \u010dvrsta osnova u gramatici je neophodna za te\u010dno govorenje, \u010ditanje i pisanje. Iako <a href=\"https:\/\/talkpal.ai\/persian-grammar\/\">perzijska gramatika<\/a> u po\u010detku mo\u017ee izgledati slo\u017eeno, ona postaje pristupa\u010dnija kada je podijelite na manje, upravljivije segmente. Dakle, krenimo na va\u0161em putu ka savladavanju perzijske gramatike!<\/p>\n\n\n\n<h3 class=\"wp-block-heading\" id=\"h-1-nouns-gender-and-number\">1. imenice, spol i broj<\/h3>\n\n\n\n<p>U perzijskom, imenice nemaju rod \u2013 \u0161to ga \u010dini jednostavnijim od mnogih drugih jezika. Oblik jednine imenica ostaje isti, dok oblik mno\u017eine obi\u010dno zavr\u0161ava na \u201c-\u0647\u0627\u201d ili \u201c-\u0627\u0646\u201d. Na primjer:<\/p>\n\n\n\n<p>\u2013 \u06a9\u062a\u0627\u0628 (ket\u0101b \u2013 knjiga)<\/p>\n\n\n\n<p>\u2013 \u06a9\u062a\u0627\u0628\u200c\u0647\u0627 (ket\u0101b-h\u0101 \u2013 knjige)<\/p>\n\n\n\n<h3 class=\"wp-block-heading\" id=\"h-2-adjectives-agreement-and-definite-articles\">Pridjevi, sporazumi i odre\u0111eni \u010dlanci<\/h3>\n\n\n\n<p>Pridjevi na perzijskom obi\u010dno slijede imenicu koju modificiraju i ne moraju se slagati u rodu ili broju. Na primjer:<\/p>\n\n\n\n<p><strong>\u2013 \u062e\u0627\u0646\u0647 \u0628\u0632\u0631\u06af (kh\u0101ne bozorg \u2013 velika ku\u0107a)<\/strong><\/p>\n\n\n\n<p><strong>\u2013 \u0645\u0646\u0632\u0644 \u06a9\u0648\u0686\u06a9 (manzel ku\u010dak \u2013 mala ku\u0107a)<\/strong><\/p>\n\n\n\n<p>U perzijskom nema odre\u0111enog \u010dlana, ali se neodre\u0111eni \u010dlan dodaje kao sufiks \u201c-\u06cc\u201d (i) za rije\u010di u jednini.<\/p>\n\n\n\n<h3 class=\"wp-block-heading\" id=\"h-3-verbs-tense-and-conjugation\">3. Glagoli, vrijeme i konjugacija<\/h3>\n\n\n\n<p>Persijski glagoli igraju klju\u010dnu ulogu u gramatici i od su\u0161tinskog su zna\u010daja za izgradnju re\u010denica. Svaki glagol ima korijen koji se kombinira s razli\u010ditim prefiksima i sufiksima kako bi ukazao na napetost i slaganje s subjektom.<\/p>\n\n\n\n<p>Da vam damo kratak pregled, razgovarajmo o regularnim glagolima u sada\u0161njem vremenu:<\/p>\n\n\n\n<p><strong>\u2013 \u0645\u0646 \u0645\u06cc\u200c\u062e\u0648\u0627\u0646\u0645 (man mikh\u0101nam \u2013 \u010ditam)<\/strong><\/p>\n\n\n\n<p><strong>\u2013 \u062a\u0648 \u0645\u06cc\u200c\u062e\u0648\u0627\u0646\u06cc (mikh\u0101ni \u2013 \u010dita\u0161, neformalno)<\/strong><\/p>\n\n\n\n<p><strong>\u2013 \u0627\u0648 \u0645\u06cc\u200c\u062e\u0648\u0627\u0646\u062f (u mikh\u0101nad \u2013 on\/ona \u010dita)<\/strong><\/p>\n\n\n\n<p>Zapamtite, ovo je samo po\u010detak! Nai\u0107i \u0107ete na razna druga vremena, nepravilne glagole i zamr\u0161enosti dok dublje zaronite u perzijsku gramatiku.<\/p>\n\n\n\n<h3 class=\"wp-block-heading\" id=\"h-4-pronouns-prepositions-and-more\">4. zamjenice, prijedlozi, i jo\u0161 mnogo toga!<\/h3>\n\n\n\n<p><a href=\"https:\/\/talkpal.ai\/persian-grammar\/\">Perzijska gramatika<\/a> obuhvata druge komponente kao \u0161to su zamjenice (\u0645\u0646, \u062a\u0648, \u0627\u0648, itd.), prijedlozi (\u0628\u0647, \u0627\u0632, \u062f\u0631, itd.) i idiomatski izrazi. Ovladavanje svakim elementom korak po korak klju\u010dno je za postizanje sveobuhvatnog te\u010dnog vladanja perzijskim.<\/p>\n\n\n\n<p>U zaklju\u010dku, ne postoji pre\u010dica za savladavanje perzijske gramatike. Zahtijeva upornost, vje\u017ebu i strpljenje. Me\u0111utim, kada shvatite njegove zamr\u0161enosti, bi\u0107ete dobro opremljeni da cijenite nijanse razgovora na perzijskom, istra\u017euju\u0107i bogatu kulturu i istoriju regiona u kojima se govori perzijski, i produbljuju\u0107i svoju ljubav prema jeziku. \u0645\u0648\u0641\u0642 \u0628\u0627\u0634\u06cc\u062f (movaffagh b\u0101shid \u2013 sretno)!<\/p>\n<\/div><\/div>\n\r\n<section class=\"learnNavigationSection\">\r\n            \r\n        <a href=\"https:\/\/talkpal.ai\/bs\/nauci-perzijski\/\">\r\n            <div class=\"learnNavigationWrapper\">\r\n                <div class=\"learnNavigationContent\">\r\n                    <img decoding=\"async\" src=\"https:\/\/talkpal.ai\/wp-content\/uploads\/2024\/08\/Persian.jpg\" alt=\"Persian Flag\">\r\n                    <div>\r\n                        <h4>O u\u010denju perzijskog<\/h4>\r\n                        <p>Saznaj sve o perzijskoj gramatici.<\/p>\r\n                    <\/div>\r\n                <\/div>\r\n            <\/div>\r\n        <\/a>\r\n\r\n        \r\n        <a href=\"https:\/\/talkpal.ai\/bs\/persijske-gramaticke-vezbe\/\">\r\n            <div class=\"learnNavigationWrapper\">\r\n                <div class=\"learnNavigationContent\">\r\n                    <img decoding=\"async\" src=\"https:\/\/talkpal.ai\/wp-content\/uploads\/2024\/08\/Persian.jpg\" alt=\"Persian Flag\">\r\n                    <div>\r\n                        <h4>Vje\u017eba perzijske gramatike<\/h4>\r\n                        <p>Praktikuj perzijsku gramatiku.<\/p>\r\n                    <\/div>\r\n                <\/div>\r\n            <\/div>\r\n        <\/a>\r\n\r\n        \r\n        <a href=\"https:\/\/talkpal.ai\/vocabulary_language\/persian\/\">\r\n            <div class=\"learnNavigationWrapper\">\r\n                <div class=\"learnNavigationContent\">\r\n                    <img decoding=\"async\" src=\"https:\/\/talkpal.ai\/wp-content\/uploads\/2024\/08\/Persian.jpg\" alt=\"Persian Flag\">\r\n                    <div>\r\n                        <h4>perzijski vokabular<\/h4>\r\n                        <p>Pro\u0161irite svoj perzijski vokabular.<\/p>\r\n                    <\/div>\r\n                <\/div>\r\n            <\/div>\r\n        <\/a>\r\n\r\n            <\/section>","protected":false},"excerpt":{"rendered":"<p>Perzijska gramatika: Va\u0161 ultimativni vodi\u010d Salam, jezi\u010dki entuzijasti! Da li ste spremni da krenete na put u svet persijske gramatike? Do\u0161li ste na pravo mjesto. Ispunjen lako razumljivim informacijama i konverzacijskim tonom, ovaj \u010dlanak \u0107e vas voditi kroz zadivljuju\u0107e carstvo persijske gramatike. Uskoro \u0107ete mo\u0107i da konstrui\u0161ete re\u010denice i da se uklju\u010dite u smislene razgovore [&hellip;]<\/p>\n","protected":false},"author":1,"featured_media":117176,"parent":0,"menu_order":0,"comment_status":"closed","ping_status":"closed","template":"LearningContentPage.php","meta":{"_acf_changed":false,"footnotes":""},"class_list":["post-148736","page","type-page","status-publish","has-post-thumbnail","hentry"],"acf":[],"yoast_head":"<!-- This site is optimized with the Yoast SEO Premium plugin v27.2 (Yoast SEO v27.2) - https:\/\/yoast.com\/product\/yoast-seo-premium-wordpress\/ -->\n<title>perzijska gramatika - Talkpal<\/title>\n<meta name=\"description\" content=\"Istra\u017eite zamr\u0161enosti perzijske gramatike kako biste pobolj\u0161ali svoje razumijevanje i te\u010dnost u perzijskom jeziku.\" \/>\n<meta name=\"robots\" content=\"index, follow, max-snippet:-1, max-image-preview:large, max-video-preview:-1\" \/>\n<link rel=\"canonical\" href=\"https:\/\/talkpal.ai\/bs\/perzijska-gramatika\/\" \/>\n<meta property=\"og:locale\" content=\"bs_BA\" \/>\n<meta property=\"og:type\" content=\"article\" \/>\n<meta property=\"og:title\" content=\"perzijska gramatika\" \/>\n<meta property=\"og:description\" content=\"Perzijska gramatika: Va\u0161 ultimativni vodi\u010d Salam, jezi\u010dki entuzijasti! Da li ste spremni da krenete na put u svet persijske gramatike? Do\u0161li ste na pravo\" \/>\n<meta property=\"og:url\" content=\"https:\/\/talkpal.ai\/bs\/perzijska-gramatika\/\" \/>\n<meta property=\"og:site_name\" content=\"Talkpal\" \/>\n<meta property=\"article:publisher\" content=\"https:\/\/www.facebook.com\/profile.php?id=100090733639311\" \/>\n<meta property=\"article:modified_time\" content=\"2025-12-12T10:32:56+00:00\" \/>\n<meta property=\"og:image\" content=\"https:\/\/talkpal.ai\/wp-content\/uploads\/2023\/05\/Persian-iran.png\" \/>\n\t<meta property=\"og:image:width\" content=\"512\" \/>\n\t<meta property=\"og:image:height\" content=\"512\" \/>\n\t<meta property=\"og:image:type\" content=\"image\/png\" \/>\n<meta name=\"twitter:card\" content=\"summary_large_image\" \/>\n<meta name=\"twitter:site\" content=\"@talkpalai\" \/>\n<meta name=\"twitter:label1\" content=\"Est. reading time\" \/>\n\t<meta name=\"twitter:data1\" content=\"2 minute\" \/>\n<script type=\"application\/ld+json\" class=\"yoast-schema-graph\">{\"@context\":\"https:\/\/schema.org\",\"@graph\":[{\"@type\":\"WebPage\",\"@id\":\"https:\/\/talkpal.ai\/bs\/perzijska-gramatika\/\",\"url\":\"https:\/\/talkpal.ai\/bs\/perzijska-gramatika\/\",\"name\":\"perzijska gramatika - Talkpal\",\"isPartOf\":{\"@id\":\"https:\/\/talkpal.ai\/bs\/#website\"},\"primaryImageOfPage\":{\"@id\":\"https:\/\/talkpal.ai\/bs\/perzijska-gramatika\/#primaryimage\"},\"image\":{\"@id\":\"https:\/\/talkpal.ai\/bs\/perzijska-gramatika\/#primaryimage\"},\"thumbnailUrl\":\"https:\/\/talkpal.ai\/wp-content\/uploads\/2023\/05\/Persian-iran.png\",\"datePublished\":\"2023-05-14T14:18:22+00:00\",\"dateModified\":\"2025-12-12T10:32:56+00:00\",\"description\":\"Istra\u017eite zamr\u0161enosti perzijske gramatike kako biste pobolj\u0161ali svoje razumijevanje i te\u010dnost u perzijskom jeziku.\",\"breadcrumb\":{\"@id\":\"https:\/\/talkpal.ai\/bs\/perzijska-gramatika\/#breadcrumb\"},\"inLanguage\":\"bs-BA\",\"potentialAction\":[{\"@type\":\"ReadAction\",\"target\":[\"https:\/\/talkpal.ai\/bs\/perzijska-gramatika\/\"]}]},{\"@type\":\"ImageObject\",\"inLanguage\":\"bs-BA\",\"@id\":\"https:\/\/talkpal.ai\/bs\/perzijska-gramatika\/#primaryimage\",\"url\":\"https:\/\/talkpal.ai\/wp-content\/uploads\/2023\/05\/Persian-iran.png\",\"contentUrl\":\"https:\/\/talkpal.ai\/wp-content\/uploads\/2023\/05\/Persian-iran.png\",\"width\":512,\"height\":512},{\"@type\":\"BreadcrumbList\",\"@id\":\"https:\/\/talkpal.ai\/bs\/perzijska-gramatika\/#breadcrumb\",\"itemListElement\":[{\"@type\":\"ListItem\",\"position\":1,\"name\":\"Homepage\",\"item\":\"https:\/\/talkpal.ai\/bs\/\"},{\"@type\":\"ListItem\",\"position\":2,\"name\":\"perzijska gramatika\"}]},{\"@type\":\"WebSite\",\"@id\":\"https:\/\/talkpal.ai\/bs\/#website\",\"url\":\"https:\/\/talkpal.ai\/bs\/\",\"name\":\"Talkpal\",\"description\":\"AI Language Learning\",\"publisher\":{\"@id\":\"https:\/\/talkpal.ai\/bs\/#organization\"},\"alternateName\":\"Talkpal AI\",\"potentialAction\":[{\"@type\":\"SearchAction\",\"target\":{\"@type\":\"EntryPoint\",\"urlTemplate\":\"https:\/\/talkpal.ai\/bs\/?s={search_term_string}\"},\"query-input\":{\"@type\":\"PropertyValueSpecification\",\"valueRequired\":true,\"valueName\":\"search_term_string\"}}],\"inLanguage\":\"bs-BA\"},{\"@type\":\"Organization\",\"@id\":\"https:\/\/talkpal.ai\/bs\/#organization\",\"name\":\"Talkpal, Inc.\",\"alternateName\":\"Talkpal AI\",\"url\":\"https:\/\/talkpal.ai\/bs\/\",\"logo\":{\"@type\":\"ImageObject\",\"inLanguage\":\"bs-BA\",\"@id\":\"https:\/\/talkpal.ai\/bs\/#\/schema\/logo\/image\/\",\"url\":\"https:\/\/talkpal.ai\/wp-content\/uploads\/2024\/03\/Talkpal-Logo-Icon.png\",\"contentUrl\":\"https:\/\/talkpal.ai\/wp-content\/uploads\/2024\/03\/Talkpal-Logo-Icon.png\",\"width\":2880,\"height\":2880,\"caption\":\"Talkpal, Inc.\"},\"image\":{\"@id\":\"https:\/\/talkpal.ai\/bs\/#\/schema\/logo\/image\/\"},\"sameAs\":[\"https:\/\/www.facebook.com\/profile.php?id=100090733639311\",\"https:\/\/x.com\/talkpalai\",\"https:\/\/www.linkedin.com\/company\/talkpal\/\",\"https:\/\/www.youtube.com\/@TalkPal\/\",\"https:\/\/www.tiktok.com\/@talkpal\",\"https:\/\/www.instagram.com\/talkpal_ai\/\",\"https:\/\/www.crunchbase.com\/organization\/talkpal-9cde\",\"https:\/\/www.g2.com\/products\/talkpal-for-business\/\",\"https:\/\/www.trustpilot.com\/review\/talkpal.ai\",\"https:\/\/www.capterra.com\/p\/10006800\/TalkPal\/\"],\"description\":\"Talkpal is a language learning web and mobile education app, powered by the latest AI technologies, that provides engaging experiences to its customers in many different languages to help them improve their language skills. Users can chat about unlimited amount of topics with the app and use other modes to practice their language learning.\",\"email\":\"support@talkpal.ai\",\"legalName\":\"Talkpal, Inc.\",\"foundingDate\":\"2023-04-03\",\"duns\":\"118989042\",\"numberOfEmployees\":{\"@type\":\"QuantitativeValue\",\"minValue\":\"11\",\"maxValue\":\"50\"},\"publishingPrinciples\":\"https:\/\/talkpal.ai\/publishing-principles\/\",\"actionableFeedbackPolicy\":\"https:\/\/talkpal.ai\/actionable-feedback-policy\/\",\"correctionsPolicy\":\"https:\/\/talkpal.ai\/corrections-policy\/\",\"ethicsPolicy\":\"https:\/\/talkpal.ai\/ethics-policy\/\",\"diversityPolicy\":\"https:\/\/talkpal.ai\/diversity-policy\/\",\"diversityStaffingReport\":\"https:\/\/talkpal.ai\/diversity-policy\/\"}]}<\/script>\n<!-- \/ Yoast SEO Premium plugin. -->","yoast_head_json":{"title":"perzijska gramatika - Talkpal","description":"Istra\u017eite zamr\u0161enosti perzijske gramatike kako biste pobolj\u0161ali svoje razumijevanje i te\u010dnost u perzijskom jeziku.","robots":{"index":"index","follow":"follow","max-snippet":"max-snippet:-1","max-image-preview":"max-image-preview:large","max-video-preview":"max-video-preview:-1"},"canonical":"https:\/\/talkpal.ai\/bs\/perzijska-gramatika\/","og_locale":"bs_BA","og_type":"article","og_title":"perzijska gramatika","og_description":"Perzijska gramatika: Va\u0161 ultimativni vodi\u010d Salam, jezi\u010dki entuzijasti! Da li ste spremni da krenete na put u svet persijske gramatike? Do\u0161li ste na pravo","og_url":"https:\/\/talkpal.ai\/bs\/perzijska-gramatika\/","og_site_name":"Talkpal","article_publisher":"https:\/\/www.facebook.com\/profile.php?id=100090733639311","article_modified_time":"2025-12-12T10:32:56+00:00","og_image":[{"width":512,"height":512,"url":"https:\/\/talkpal.ai\/wp-content\/uploads\/2023\/05\/Persian-iran.png","type":"image\/png"}],"twitter_card":"summary_large_image","twitter_site":"@talkpalai","twitter_misc":{"Est. reading time":"2 minute"},"schema":{"@context":"https:\/\/schema.org","@graph":[{"@type":"WebPage","@id":"https:\/\/talkpal.ai\/bs\/perzijska-gramatika\/","url":"https:\/\/talkpal.ai\/bs\/perzijska-gramatika\/","name":"perzijska gramatika - Talkpal","isPartOf":{"@id":"https:\/\/talkpal.ai\/bs\/#website"},"primaryImageOfPage":{"@id":"https:\/\/talkpal.ai\/bs\/perzijska-gramatika\/#primaryimage"},"image":{"@id":"https:\/\/talkpal.ai\/bs\/perzijska-gramatika\/#primaryimage"},"thumbnailUrl":"https:\/\/talkpal.ai\/wp-content\/uploads\/2023\/05\/Persian-iran.png","datePublished":"2023-05-14T14:18:22+00:00","dateModified":"2025-12-12T10:32:56+00:00","description":"Istra\u017eite zamr\u0161enosti perzijske gramatike kako biste pobolj\u0161ali svoje razumijevanje i te\u010dnost u perzijskom jeziku.","breadcrumb":{"@id":"https:\/\/talkpal.ai\/bs\/perzijska-gramatika\/#breadcrumb"},"inLanguage":"bs-BA","potentialAction":[{"@type":"ReadAction","target":["https:\/\/talkpal.ai\/bs\/perzijska-gramatika\/"]}]},{"@type":"ImageObject","inLanguage":"bs-BA","@id":"https:\/\/talkpal.ai\/bs\/perzijska-gramatika\/#primaryimage","url":"https:\/\/talkpal.ai\/wp-content\/uploads\/2023\/05\/Persian-iran.png","contentUrl":"https:\/\/talkpal.ai\/wp-content\/uploads\/2023\/05\/Persian-iran.png","width":512,"height":512},{"@type":"BreadcrumbList","@id":"https:\/\/talkpal.ai\/bs\/perzijska-gramatika\/#breadcrumb","itemListElement":[{"@type":"ListItem","position":1,"name":"Homepage","item":"https:\/\/talkpal.ai\/bs\/"},{"@type":"ListItem","position":2,"name":"perzijska gramatika"}]},{"@type":"WebSite","@id":"https:\/\/talkpal.ai\/bs\/#website","url":"https:\/\/talkpal.ai\/bs\/","name":"Talkpal","description":"AI Language Learning","publisher":{"@id":"https:\/\/talkpal.ai\/bs\/#organization"},"alternateName":"Talkpal AI","potentialAction":[{"@type":"SearchAction","target":{"@type":"EntryPoint","urlTemplate":"https:\/\/talkpal.ai\/bs\/?s={search_term_string}"},"query-input":{"@type":"PropertyValueSpecification","valueRequired":true,"valueName":"search_term_string"}}],"inLanguage":"bs-BA"},{"@type":"Organization","@id":"https:\/\/talkpal.ai\/bs\/#organization","name":"Talkpal, Inc.","alternateName":"Talkpal AI","url":"https:\/\/talkpal.ai\/bs\/","logo":{"@type":"ImageObject","inLanguage":"bs-BA","@id":"https:\/\/talkpal.ai\/bs\/#\/schema\/logo\/image\/","url":"https:\/\/talkpal.ai\/wp-content\/uploads\/2024\/03\/Talkpal-Logo-Icon.png","contentUrl":"https:\/\/talkpal.ai\/wp-content\/uploads\/2024\/03\/Talkpal-Logo-Icon.png","width":2880,"height":2880,"caption":"Talkpal, Inc."},"image":{"@id":"https:\/\/talkpal.ai\/bs\/#\/schema\/logo\/image\/"},"sameAs":["https:\/\/www.facebook.com\/profile.php?id=100090733639311","https:\/\/x.com\/talkpalai","https:\/\/www.linkedin.com\/company\/talkpal\/","https:\/\/www.youtube.com\/@TalkPal\/","https:\/\/www.tiktok.com\/@talkpal","https:\/\/www.instagram.com\/talkpal_ai\/","https:\/\/www.crunchbase.com\/organization\/talkpal-9cde","https:\/\/www.g2.com\/products\/talkpal-for-business\/","https:\/\/www.trustpilot.com\/review\/talkpal.ai","https:\/\/www.capterra.com\/p\/10006800\/TalkPal\/"],"description":"Talkpal is a language learning web and mobile education app, powered by the latest AI technologies, that provides engaging experiences to its customers in many different languages to help them improve their language skills. Users can chat about unlimited amount of topics with the app and use other modes to practice their language learning.","email":"support@talkpal.ai","legalName":"Talkpal, Inc.","foundingDate":"2023-04-03","duns":"118989042","numberOfEmployees":{"@type":"QuantitativeValue","minValue":"11","maxValue":"50"},"publishingPrinciples":"https:\/\/talkpal.ai\/publishing-principles\/","actionableFeedbackPolicy":"https:\/\/talkpal.ai\/actionable-feedback-policy\/","correctionsPolicy":"https:\/\/talkpal.ai\/corrections-policy\/","ethicsPolicy":"https:\/\/talkpal.ai\/ethics-policy\/","diversityPolicy":"https:\/\/talkpal.ai\/diversity-policy\/","diversityStaffingReport":"https:\/\/talkpal.ai\/diversity-policy\/"}]}},"_links":{"self":[{"href":"https:\/\/talkpal.ai\/bs\/wp-json\/wp\/v2\/pages\/148736","targetHints":{"allow":["GET"]}}],"collection":[{"href":"https:\/\/talkpal.ai\/bs\/wp-json\/wp\/v2\/pages"}],"about":[{"href":"https:\/\/talkpal.ai\/bs\/wp-json\/wp\/v2\/types\/page"}],"author":[{"embeddable":true,"href":"https:\/\/talkpal.ai\/bs\/wp-json\/wp\/v2\/users\/1"}],"replies":[{"embeddable":true,"href":"https:\/\/talkpal.ai\/bs\/wp-json\/wp\/v2\/comments?post=148736"}],"version-history":[{"count":0,"href":"https:\/\/talkpal.ai\/bs\/wp-json\/wp\/v2\/pages\/148736\/revisions"}],"wp:featuredmedia":[{"embeddable":true,"href":"https:\/\/talkpal.ai\/bs\/wp-json\/wp\/v2\/media\/117176"}],"wp:attachment":[{"href":"https:\/\/talkpal.ai\/bs\/wp-json\/wp\/v2\/media?parent=148736"}],"curies":[{"name":"wp","href":"https:\/\/api.w.org\/{rel}","templated":true}]}}