{"id":148418,"date":"2023-05-14T14:13:06","date_gmt":"2023-05-14T14:13:06","guid":{"rendered":"http:\/\/talkpal.ai\/norveska-gramatika\/"},"modified":"2025-12-17T17:37:01","modified_gmt":"2025-12-17T17:37:01","slug":"norveska-gramatika","status":"publish","type":"page","link":"https:\/\/talkpal.ai\/bs\/norveska-gramatika\/","title":{"rendered":"norveska gramatika"},"content":{"rendered":"\r\n\r\n\r\n<section class=\"languageChallengeSection\">\r\n    <div class=\"languageInfoWrapper\">\r\n        \r\n        <h1>norveska gramatika<\/h1>\r\n        <p>Otkrijte osnove norve\u0161ke gramatike i otklju\u010dajte sposobnost samopouzdane komunikacije na jednom od najljep\u0161ih skandinavskih jezika. Razumijevanje norve\u0161ke gramatike otvorit \u0107e vrata novim kulturnim iskustvima i smislenim razgovorima. Po\u010dnite u\u010diti norve\u0161ku gramatiku ve\u0107 danas i napravite prvi korak ka te\u010dnom govoru!<\/p>\r\n\r\n                            <a class=\"getStartedHidden\" href=\"https:\/\/app.talkpal.ai\/signup?lng=\">Kreni<\/a>\r\n        \r\n    <\/div>\r\n\r\n    <figure>\r\n    <img decoding=\"async\" width=\"768\" height=\"768\" src=\"https:\/\/talkpal.ai\/wp-content\/uploads\/2023\/06\/norwegian-768x768.png\" class=\"languageImage no-lazy\" alt=\"Language learning for extensive vocabulary\" fetchpriority=\"high\" sizes=\"(max-width: 768px) 150px, 768px\" srcset=\"https:\/\/talkpal.ai\/wp-content\/uploads\/2023\/06\/norwegian-768x768.png 768w, https:\/\/talkpal.ai\/wp-content\/uploads\/2023\/06\/norwegian-300x300.png 300w\" \/>\r\n    \r\n\r\n    <\/figure>\r\n\r\n            <a class=\"getStartedVisible\" href=\"https:\/\/app.talkpal.ai\/signup?lng=\">Kreni<\/a>\r\n    \r\n<\/section>\r\n<section class=\"promotionalBanner\">\r\n    <p class=\"promotionalText\">Najefikasniji na\u010din za u\u010denje jezika<\/p>\r\n    <a class=\"promotionalLink\" href=\"https:\/\/app.talkpal.ai\/signup?lng=\">Isprobajte Talkpal besplatno<\/a>\r\n<\/section>\n<div class=\"wp-block-group pageContainerStyle\"><div class=\"wp-block-group__inner-container is-layout-constrained wp-block-group-is-layout-constrained\">\n<h2 class=\"wp-block-heading\" id=\"h-dive-into-norwegian-grammar-a-comprehensive-guide\">Zaronite u norve\u0161ku gramatiku: sveobuhvatan vodi\u010d<\/h2>\n\n\n\n<p>Norve\u017eanin, fascinantan i izra\u017eajni jezik, nudi jedinstvenu priliku za u\u010denike jezika da istra\u017ee bogato kulturno i istorijsko nasle\u0111e Norve\u0161ke. Dobra vest je da <a href=\"https:\/\/talkpal.ai\/norwegian-grammar\/\">norve\u0161ka gramatika<\/a> deli neke sli\u010dnosti sa engleskim, \u0161to ga \u010dini pristupa\u010dnim jezikom za u\u010denje. Ovaj \u010dlanak \u0107e vas voditi kroz su\u0161tinske aspekte norve\u0161ke gramatike, osiguravaju\u0107i da izgradite sna\u017enu osnovu i razumete jezik sa poverenjem.<\/p>\n\n\n\n<h3 class=\"wp-block-heading\" id=\"h-1-embracing-norwegian-nouns-and-articles\">1. prihvatanje norve\u0161kih imenica i \u010dlanaka<\/h3>\n\n\n\n<p>Norve\u0161ke imenice, kao i njihove engleske kolege, predstavljaju ljude, mjesta, stvari ili ideje. Klasificiraju se u tri spola: mu\u0161ki, \u017eenski i kauterski. Rod je kriti\u010dan u odre\u0111ivanju zavr\u0161etaka imenice i \u010dlanova s \u200b\u200bkojima treba biti uparen.<\/p>\n\n\n\n<p>U norve\u0161kom jeziku postoje dvije vrste \u010dlanaka: definitivni i neodre\u0111eni. Odre\u0111eni \u010dlanci se pojavljuju kao sufiksi na kraju imenica, dok su neodre\u0111eni \u010dlanci zasebne rije\u010di koje prethode imenicama. \u010clanci se moraju slo\u017eiti sa imenicama u spolu i broju.<\/p>\n\n\n\n<p><strong>\u2013 Odre\u0111eni \u010dlanovi: -en (mu\u0161ki), -a (\u017eenski), -et (srednji)<\/strong><\/p>\n\n\n\n<p><strong>\u2013 Neodre\u0111eni \u010dlanovi: en (mu\u0161ki), ei (\u017eenski), et (srednji)<\/strong><\/p>\n\n\n\n<h3 class=\"wp-block-heading\" id=\"h-2-mastering-norwegian-verbs-conjugation-and-tenses\">Norve\u0161ki glagoli: konjugacija i napetost<\/h3>\n\n\n\n<p><a href=\"https:\/\/talkpal.ai\/learn-norwegian\/\">Norve\u0161ki<\/a> glagoli su relativno jednostavni za u\u010denje, jer imaju manje konjugacija od mnogih drugih jezika. Glagoli su konjugirani prema napetosti i raspolo\u017eenju. Norve\u0161ki glagoli su prvenstveno podijeljeni u \u010detiri grupe, svaka sa svojim obrascem konjugacije. Me\u0111utim, dobra vest je da, za razliku od mnogih drugih jezika, norve\u0161ki glagoli ne menjaju svoj oblik na osnovu teme ili broja.<\/p>\n\n\n\n<p>Norve\u0161ki ima manje napetosti od engleskog, sa samo tri vremena: sada\u0161njim vremenom, pro\u0161lim vremenom i pro\u0161lim savr\u0161enim vremenom. Sada\u0161nje vrijeme se koristi za izra\u017eavanje sada\u0161njih i budu\u0107ih doga\u0111aja, dok pro\u0161lo vrijeme ozna\u010dava zavr\u0161ene radnje, a pro\u0161lo savr\u0161eno vrijeme ukazuje na iskustvo ili stanja <a href=\"https:\/\/talkpal.ai\/locations\/language-courses-in-koja\/\">koja<\/a> su se dogodila prije odre\u0111ene ta\u010dke u pro\u0161losti.<\/p>\n\n\n\n<h3 class=\"wp-block-heading\" id=\"h-3-expressing-yourself-with-norwegian-adjectives-and-adverbs\">3. izra\u017eavanje sa norve\u0161kim pridjevima i prilozima<\/h3>\n\n\n\n<p>Kori\u0161\u0107enje prideva efikasno pobolj\u0161ava va\u0161u sposobnost da se izrazite na norve\u0161kom jeziku. Pridjevi opisuju kvalitete ili karakteristike imenica i moraju se slo\u017eiti s imenicama u spolu i broju. U norve\u0161kom jeziku, pridjevi obi\u010dno dolaze prije imenice koju opisuju.<\/p>\n\n\n\n<p>Prilozi na norve\u0161kom jeziku modifikuju glagole, pridjeve ili druge priloge. Oni prenose informacije o tome kako, kada, gde i u kojoj meri se radnja de\u0161ava. Za razliku od pridjeva, prilozi ostaju isti bez obzira na spol ili broj imenica koje se opisuju.<\/p>\n\n\n\n<h3 class=\"wp-block-heading\" id=\"h-4-constructing-sentences-with-norwegian-pronouns-and-word-order\">4. izgradnja re\u010denica s norve\u0161kim zamjenicama i redoslijedom rije\u010di<\/h3>\n\n\n\n<p>Norve\u0161ke zamjenice zamjenjuju imenice i obi\u010dno se sla\u017eu sa imenicom koju predstavljaju u spolu, broju i slu\u010daju. Postoje razli\u010dite vrste zamjenica u norve\u0161kom jeziku, uklju\u010duju\u0107i li\u010dne, posesivne, demonstrativne, refleksivne, relativne i upitne zamjenice.<\/p>\n\n\n\n<p>Norve\u0161ka struktura re\u010denice slijedi redoslijed predmeta-glagol-objekt (SVO), sli\u010dan engleskom. Me\u0111utim, tako\u0111er koristi pravilo glagol-sekunda (V2) u kojem glagol obi\u010dno zauzima drugu poziciju u glavnim klauzulama. Razumevanje i praktikovanje norve\u0161kog <a href=\"https:\/\/talkpal.ai\/locations\/learn-english-in-reda\/\">reda<\/a> re\u010di je od su\u0161tinskog zna\u010daja za postizanje te\u010dnosti u jeziku.<\/p>\n\n\n\n<h3 class=\"wp-block-heading\" id=\"h-conclusion\">Zaklju\u010dak<\/h3>\n\n\n\n<p>Postizanje te\u010dnog znanja norve\u0161ke gramatike zahtijeva posve\u0107enost, praksu i otvoren um za istra\u017eivanje jedinstvenih karakteristika jezika. Bilo da ste zainteresovani da uronite u norve\u0161ku kulturu ili ste zainteresovani za u\u010denje novog jezika, savladavanje norve\u0161ke gramatike postavlja temelj za uspe\u0161nu komunikaciju. Dok zaronite u norve\u0161ke imenice, glagole, pridjeve i redoslijed rije\u010di, sjetite se u\u017eivati u procesu i njegovati bogata jezi\u010dka iskustva koja vas \u010dekaju. Lykke do!<\/p>\n<\/div><\/div>\n\r\n<section class=\"learnNavigationSection\">\r\n            \r\n        <a href=\"https:\/\/talkpal.ai\/bs\/nauci-norveski\/\">\r\n            <div class=\"learnNavigationWrapper\">\r\n                <div class=\"learnNavigationContent\">\r\n                    <img decoding=\"async\" src=\"https:\/\/talkpal.ai\/wp-content\/uploads\/2024\/08\/Norwegian.jpg\" alt=\"Norwegian Flag\">\r\n                    <div>\r\n                        <h4>O u\u010denju norve\u0161kog<\/h4>\r\n                        <p>Saznaj sve o norve\u0161koj gramatici.<\/p>\r\n                    <\/div>\r\n                <\/div>\r\n            <\/div>\r\n        <\/a>\r\n\r\n        \r\n        <a href=\"https:\/\/talkpal.ai\/bs\/norveske-gramaticke-vezbe\/\">\r\n            <div class=\"learnNavigationWrapper\">\r\n                <div class=\"learnNavigationContent\">\r\n                    <img decoding=\"async\" src=\"https:\/\/talkpal.ai\/wp-content\/uploads\/2024\/08\/Norwegian.jpg\" alt=\"Norwegian Flag\">\r\n                    <div>\r\n                        <h4>Vje\u017eba iz norve\u0161ke gramatike<\/h4>\r\n                        <p>Norve\u0161ka gramatika.<\/p>\r\n                    <\/div>\r\n                <\/div>\r\n            <\/div>\r\n        <\/a>\r\n\r\n        \r\n        <a href=\"https:\/\/talkpal.ai\/vocabulary_language\/norwegian\/\">\r\n            <div class=\"learnNavigationWrapper\">\r\n                <div class=\"learnNavigationContent\">\r\n                    <img decoding=\"async\" src=\"https:\/\/talkpal.ai\/wp-content\/uploads\/2024\/08\/Norwegian.jpg\" alt=\"Norwegian Flag\">\r\n                    <div>\r\n                        <h4>Norwegian Vocabulary<\/h4>\r\n                        <p>Pro\u0161irite svoj norve\u0161ki vokabular.<\/p>\r\n                    <\/div>\r\n                <\/div>\r\n            <\/div>\r\n        <\/a>\r\n\r\n            <\/section>","protected":false},"excerpt":{"rendered":"<p>Zaronite u norve\u0161ku gramatiku: sveobuhvatan vodi\u010d Norve\u017eanin, fascinantan i izra\u017eajni jezik, nudi jedinstvenu priliku za u\u010denike jezika da istra\u017ee bogato kulturno i istorijsko nasle\u0111e Norve\u0161ke. Dobra vest je da norve\u0161ka gramatika deli neke sli\u010dnosti sa engleskim, \u0161to ga \u010dini pristupa\u010dnim jezikom za u\u010denje. Ovaj \u010dlanak \u0107e vas voditi kroz su\u0161tinske aspekte norve\u0161ke gramatike, osiguravaju\u0107i da [&hellip;]<\/p>\n","protected":false},"author":1,"featured_media":116906,"parent":0,"menu_order":0,"comment_status":"closed","ping_status":"closed","template":"LearningContentPage.php","meta":{"_acf_changed":false,"footnotes":""},"class_list":["post-148418","page","type-page","status-publish","has-post-thumbnail","hentry"],"acf":[],"yoast_head":"<!-- This site is optimized with the Yoast SEO Premium plugin v27.2 (Yoast SEO v27.2) - https:\/\/yoast.com\/product\/yoast-seo-premium-wordpress\/ -->\n<title>norveska gramatika - Talkpal<\/title>\n<meta name=\"description\" content=\"Istra\u017eite zamr\u0161enosti norve\u0161ke gramatike i podignite svoje jezi\u010dke vje\u0161tine na vi\u0161i nivo.\" \/>\n<meta name=\"robots\" content=\"index, follow, max-snippet:-1, max-image-preview:large, max-video-preview:-1\" \/>\n<link rel=\"canonical\" href=\"https:\/\/talkpal.ai\/bs\/norveska-gramatika\/\" \/>\n<meta property=\"og:locale\" content=\"bs_BA\" \/>\n<meta property=\"og:type\" content=\"article\" \/>\n<meta property=\"og:title\" content=\"norveska gramatika\" \/>\n<meta property=\"og:description\" content=\"Zaronite u norve\u0161ku gramatiku: sveobuhvatan vodi\u010d Norve\u017eanin, fascinantan i izra\u017eajni jezik, nudi jedinstvenu priliku za u\u010denike jezika da istra\u017ee bogato\" \/>\n<meta property=\"og:url\" content=\"https:\/\/talkpal.ai\/bs\/norveska-gramatika\/\" \/>\n<meta property=\"og:site_name\" content=\"Talkpal\" \/>\n<meta property=\"article:publisher\" content=\"https:\/\/www.facebook.com\/profile.php?id=100090733639311\" \/>\n<meta property=\"article:modified_time\" content=\"2025-12-17T17:37:01+00:00\" \/>\n<meta property=\"og:image\" content=\"https:\/\/talkpal.ai\/wp-content\/uploads\/2023\/05\/norway.png\" \/>\n\t<meta property=\"og:image:width\" content=\"512\" \/>\n\t<meta property=\"og:image:height\" content=\"512\" \/>\n\t<meta property=\"og:image:type\" content=\"image\/png\" \/>\n<meta name=\"twitter:card\" content=\"summary_large_image\" \/>\n<meta name=\"twitter:site\" content=\"@talkpalai\" \/>\n<meta name=\"twitter:label1\" content=\"Est. reading time\" \/>\n\t<meta name=\"twitter:data1\" content=\"3 minute\" \/>\n<script type=\"application\/ld+json\" class=\"yoast-schema-graph\">{\"@context\":\"https:\/\/schema.org\",\"@graph\":[{\"@type\":\"WebPage\",\"@id\":\"https:\/\/talkpal.ai\/bs\/norveska-gramatika\/\",\"url\":\"https:\/\/talkpal.ai\/bs\/norveska-gramatika\/\",\"name\":\"norveska gramatika - Talkpal\",\"isPartOf\":{\"@id\":\"https:\/\/talkpal.ai\/bs\/#website\"},\"primaryImageOfPage\":{\"@id\":\"https:\/\/talkpal.ai\/bs\/norveska-gramatika\/#primaryimage\"},\"image\":{\"@id\":\"https:\/\/talkpal.ai\/bs\/norveska-gramatika\/#primaryimage\"},\"thumbnailUrl\":\"https:\/\/talkpal.ai\/wp-content\/uploads\/2023\/05\/norway.png\",\"datePublished\":\"2023-05-14T14:13:06+00:00\",\"dateModified\":\"2025-12-17T17:37:01+00:00\",\"description\":\"Istra\u017eite zamr\u0161enosti norve\u0161ke gramatike i podignite svoje jezi\u010dke vje\u0161tine na vi\u0161i nivo.\",\"breadcrumb\":{\"@id\":\"https:\/\/talkpal.ai\/bs\/norveska-gramatika\/#breadcrumb\"},\"inLanguage\":\"bs-BA\",\"potentialAction\":[{\"@type\":\"ReadAction\",\"target\":[\"https:\/\/talkpal.ai\/bs\/norveska-gramatika\/\"]}]},{\"@type\":\"ImageObject\",\"inLanguage\":\"bs-BA\",\"@id\":\"https:\/\/talkpal.ai\/bs\/norveska-gramatika\/#primaryimage\",\"url\":\"https:\/\/talkpal.ai\/wp-content\/uploads\/2023\/05\/norway.png\",\"contentUrl\":\"https:\/\/talkpal.ai\/wp-content\/uploads\/2023\/05\/norway.png\",\"width\":512,\"height\":512},{\"@type\":\"BreadcrumbList\",\"@id\":\"https:\/\/talkpal.ai\/bs\/norveska-gramatika\/#breadcrumb\",\"itemListElement\":[{\"@type\":\"ListItem\",\"position\":1,\"name\":\"Homepage\",\"item\":\"https:\/\/talkpal.ai\/bs\/\"},{\"@type\":\"ListItem\",\"position\":2,\"name\":\"norveska gramatika\"}]},{\"@type\":\"WebSite\",\"@id\":\"https:\/\/talkpal.ai\/bs\/#website\",\"url\":\"https:\/\/talkpal.ai\/bs\/\",\"name\":\"Talkpal\",\"description\":\"AI Language Learning\",\"publisher\":{\"@id\":\"https:\/\/talkpal.ai\/bs\/#organization\"},\"alternateName\":\"Talkpal AI\",\"potentialAction\":[{\"@type\":\"SearchAction\",\"target\":{\"@type\":\"EntryPoint\",\"urlTemplate\":\"https:\/\/talkpal.ai\/bs\/?s={search_term_string}\"},\"query-input\":{\"@type\":\"PropertyValueSpecification\",\"valueRequired\":true,\"valueName\":\"search_term_string\"}}],\"inLanguage\":\"bs-BA\"},{\"@type\":\"Organization\",\"@id\":\"https:\/\/talkpal.ai\/bs\/#organization\",\"name\":\"Talkpal, Inc.\",\"alternateName\":\"Talkpal AI\",\"url\":\"https:\/\/talkpal.ai\/bs\/\",\"logo\":{\"@type\":\"ImageObject\",\"inLanguage\":\"bs-BA\",\"@id\":\"https:\/\/talkpal.ai\/bs\/#\/schema\/logo\/image\/\",\"url\":\"https:\/\/talkpal.ai\/wp-content\/uploads\/2024\/03\/Talkpal-Logo-Icon.png\",\"contentUrl\":\"https:\/\/talkpal.ai\/wp-content\/uploads\/2024\/03\/Talkpal-Logo-Icon.png\",\"width\":2880,\"height\":2880,\"caption\":\"Talkpal, Inc.\"},\"image\":{\"@id\":\"https:\/\/talkpal.ai\/bs\/#\/schema\/logo\/image\/\"},\"sameAs\":[\"https:\/\/www.facebook.com\/profile.php?id=100090733639311\",\"https:\/\/x.com\/talkpalai\",\"https:\/\/www.linkedin.com\/company\/talkpal\/\",\"https:\/\/www.youtube.com\/@TalkPal\/\",\"https:\/\/www.tiktok.com\/@talkpal\",\"https:\/\/www.instagram.com\/talkpal_ai\/\",\"https:\/\/www.crunchbase.com\/organization\/talkpal-9cde\",\"https:\/\/www.g2.com\/products\/talkpal-for-business\/\",\"https:\/\/www.trustpilot.com\/review\/talkpal.ai\",\"https:\/\/www.capterra.com\/p\/10006800\/TalkPal\/\"],\"description\":\"Talkpal is a language learning web and mobile education app, powered by the latest AI technologies, that provides engaging experiences to its customers in many different languages to help them improve their language skills. Users can chat about unlimited amount of topics with the app and use other modes to practice their language learning.\",\"email\":\"support@talkpal.ai\",\"legalName\":\"Talkpal, Inc.\",\"foundingDate\":\"2023-04-03\",\"duns\":\"118989042\",\"numberOfEmployees\":{\"@type\":\"QuantitativeValue\",\"minValue\":\"11\",\"maxValue\":\"50\"},\"publishingPrinciples\":\"https:\/\/talkpal.ai\/publishing-principles\/\",\"actionableFeedbackPolicy\":\"https:\/\/talkpal.ai\/actionable-feedback-policy\/\",\"correctionsPolicy\":\"https:\/\/talkpal.ai\/corrections-policy\/\",\"ethicsPolicy\":\"https:\/\/talkpal.ai\/ethics-policy\/\",\"diversityPolicy\":\"https:\/\/talkpal.ai\/diversity-policy\/\",\"diversityStaffingReport\":\"https:\/\/talkpal.ai\/diversity-policy\/\"}]}<\/script>\n<!-- \/ Yoast SEO Premium plugin. -->","yoast_head_json":{"title":"norveska gramatika - Talkpal","description":"Istra\u017eite zamr\u0161enosti norve\u0161ke gramatike i podignite svoje jezi\u010dke vje\u0161tine na vi\u0161i nivo.","robots":{"index":"index","follow":"follow","max-snippet":"max-snippet:-1","max-image-preview":"max-image-preview:large","max-video-preview":"max-video-preview:-1"},"canonical":"https:\/\/talkpal.ai\/bs\/norveska-gramatika\/","og_locale":"bs_BA","og_type":"article","og_title":"norveska gramatika","og_description":"Zaronite u norve\u0161ku gramatiku: sveobuhvatan vodi\u010d Norve\u017eanin, fascinantan i izra\u017eajni jezik, nudi jedinstvenu priliku za u\u010denike jezika da istra\u017ee bogato","og_url":"https:\/\/talkpal.ai\/bs\/norveska-gramatika\/","og_site_name":"Talkpal","article_publisher":"https:\/\/www.facebook.com\/profile.php?id=100090733639311","article_modified_time":"2025-12-17T17:37:01+00:00","og_image":[{"width":512,"height":512,"url":"https:\/\/talkpal.ai\/wp-content\/uploads\/2023\/05\/norway.png","type":"image\/png"}],"twitter_card":"summary_large_image","twitter_site":"@talkpalai","twitter_misc":{"Est. reading time":"3 minute"},"schema":{"@context":"https:\/\/schema.org","@graph":[{"@type":"WebPage","@id":"https:\/\/talkpal.ai\/bs\/norveska-gramatika\/","url":"https:\/\/talkpal.ai\/bs\/norveska-gramatika\/","name":"norveska gramatika - Talkpal","isPartOf":{"@id":"https:\/\/talkpal.ai\/bs\/#website"},"primaryImageOfPage":{"@id":"https:\/\/talkpal.ai\/bs\/norveska-gramatika\/#primaryimage"},"image":{"@id":"https:\/\/talkpal.ai\/bs\/norveska-gramatika\/#primaryimage"},"thumbnailUrl":"https:\/\/talkpal.ai\/wp-content\/uploads\/2023\/05\/norway.png","datePublished":"2023-05-14T14:13:06+00:00","dateModified":"2025-12-17T17:37:01+00:00","description":"Istra\u017eite zamr\u0161enosti norve\u0161ke gramatike i podignite svoje jezi\u010dke vje\u0161tine na vi\u0161i nivo.","breadcrumb":{"@id":"https:\/\/talkpal.ai\/bs\/norveska-gramatika\/#breadcrumb"},"inLanguage":"bs-BA","potentialAction":[{"@type":"ReadAction","target":["https:\/\/talkpal.ai\/bs\/norveska-gramatika\/"]}]},{"@type":"ImageObject","inLanguage":"bs-BA","@id":"https:\/\/talkpal.ai\/bs\/norveska-gramatika\/#primaryimage","url":"https:\/\/talkpal.ai\/wp-content\/uploads\/2023\/05\/norway.png","contentUrl":"https:\/\/talkpal.ai\/wp-content\/uploads\/2023\/05\/norway.png","width":512,"height":512},{"@type":"BreadcrumbList","@id":"https:\/\/talkpal.ai\/bs\/norveska-gramatika\/#breadcrumb","itemListElement":[{"@type":"ListItem","position":1,"name":"Homepage","item":"https:\/\/talkpal.ai\/bs\/"},{"@type":"ListItem","position":2,"name":"norveska gramatika"}]},{"@type":"WebSite","@id":"https:\/\/talkpal.ai\/bs\/#website","url":"https:\/\/talkpal.ai\/bs\/","name":"Talkpal","description":"AI Language Learning","publisher":{"@id":"https:\/\/talkpal.ai\/bs\/#organization"},"alternateName":"Talkpal AI","potentialAction":[{"@type":"SearchAction","target":{"@type":"EntryPoint","urlTemplate":"https:\/\/talkpal.ai\/bs\/?s={search_term_string}"},"query-input":{"@type":"PropertyValueSpecification","valueRequired":true,"valueName":"search_term_string"}}],"inLanguage":"bs-BA"},{"@type":"Organization","@id":"https:\/\/talkpal.ai\/bs\/#organization","name":"Talkpal, Inc.","alternateName":"Talkpal AI","url":"https:\/\/talkpal.ai\/bs\/","logo":{"@type":"ImageObject","inLanguage":"bs-BA","@id":"https:\/\/talkpal.ai\/bs\/#\/schema\/logo\/image\/","url":"https:\/\/talkpal.ai\/wp-content\/uploads\/2024\/03\/Talkpal-Logo-Icon.png","contentUrl":"https:\/\/talkpal.ai\/wp-content\/uploads\/2024\/03\/Talkpal-Logo-Icon.png","width":2880,"height":2880,"caption":"Talkpal, Inc."},"image":{"@id":"https:\/\/talkpal.ai\/bs\/#\/schema\/logo\/image\/"},"sameAs":["https:\/\/www.facebook.com\/profile.php?id=100090733639311","https:\/\/x.com\/talkpalai","https:\/\/www.linkedin.com\/company\/talkpal\/","https:\/\/www.youtube.com\/@TalkPal\/","https:\/\/www.tiktok.com\/@talkpal","https:\/\/www.instagram.com\/talkpal_ai\/","https:\/\/www.crunchbase.com\/organization\/talkpal-9cde","https:\/\/www.g2.com\/products\/talkpal-for-business\/","https:\/\/www.trustpilot.com\/review\/talkpal.ai","https:\/\/www.capterra.com\/p\/10006800\/TalkPal\/"],"description":"Talkpal is a language learning web and mobile education app, powered by the latest AI technologies, that provides engaging experiences to its customers in many different languages to help them improve their language skills. Users can chat about unlimited amount of topics with the app and use other modes to practice their language learning.","email":"support@talkpal.ai","legalName":"Talkpal, Inc.","foundingDate":"2023-04-03","duns":"118989042","numberOfEmployees":{"@type":"QuantitativeValue","minValue":"11","maxValue":"50"},"publishingPrinciples":"https:\/\/talkpal.ai\/publishing-principles\/","actionableFeedbackPolicy":"https:\/\/talkpal.ai\/actionable-feedback-policy\/","correctionsPolicy":"https:\/\/talkpal.ai\/corrections-policy\/","ethicsPolicy":"https:\/\/talkpal.ai\/ethics-policy\/","diversityPolicy":"https:\/\/talkpal.ai\/diversity-policy\/","diversityStaffingReport":"https:\/\/talkpal.ai\/diversity-policy\/"}]}},"_links":{"self":[{"href":"https:\/\/talkpal.ai\/bs\/wp-json\/wp\/v2\/pages\/148418","targetHints":{"allow":["GET"]}}],"collection":[{"href":"https:\/\/talkpal.ai\/bs\/wp-json\/wp\/v2\/pages"}],"about":[{"href":"https:\/\/talkpal.ai\/bs\/wp-json\/wp\/v2\/types\/page"}],"author":[{"embeddable":true,"href":"https:\/\/talkpal.ai\/bs\/wp-json\/wp\/v2\/users\/1"}],"replies":[{"embeddable":true,"href":"https:\/\/talkpal.ai\/bs\/wp-json\/wp\/v2\/comments?post=148418"}],"version-history":[{"count":0,"href":"https:\/\/talkpal.ai\/bs\/wp-json\/wp\/v2\/pages\/148418\/revisions"}],"wp:featuredmedia":[{"embeddable":true,"href":"https:\/\/talkpal.ai\/bs\/wp-json\/wp\/v2\/media\/116906"}],"wp:attachment":[{"href":"https:\/\/talkpal.ai\/bs\/wp-json\/wp\/v2\/media?parent=148418"}],"curies":[{"name":"wp","href":"https:\/\/api.w.org\/{rel}","templated":true}]}}