{"id":148125,"date":"2023-05-14T14:12:45","date_gmt":"2023-05-14T14:12:45","guid":{"rendered":"http:\/\/talkpal.ai\/nepalska-gramatika\/"},"modified":"2025-12-17T17:01:06","modified_gmt":"2025-12-17T17:01:06","slug":"nepalska-gramatika","status":"publish","type":"page","link":"https:\/\/talkpal.ai\/bs\/nepalska-gramatika\/","title":{"rendered":"Nepalska gramatika"},"content":{"rendered":"\r\n\r\n\r\n<section class=\"languageChallengeSection\">\r\n    <div class=\"languageInfoWrapper\">\r\n        \r\n        <h1>Nepalska gramatika<\/h1>\r\n        <p>Zanima vas <a href=\"https:\/\/talkpal.ai\/learn-nepali\/\">nepalski<\/a>? Otkrijte nepalsku gramatiku, koja sadr\u017ei imenice prilago\u0111ene rodu, postpozicije i fleksibilnu re\u010deni\u010dnu strukturu koja jezik \u010dini i ekspresivnim i zanimljivim. Po\u010dnite u\u010diti ve\u0107 danas \u2014 savladavanje nepalske gramatike \u0107e vam omogu\u0107iti smislene razgovore i povezati vas s razli\u010ditim kulturama i tradicijama Nepala!<\/p>\r\n\r\n                            <a class=\"getStartedHidden\" href=\"https:\/\/app.talkpal.ai\/signup?lng=\">Kreni<\/a>\r\n        \r\n    <\/div>\r\n\r\n    <figure>\r\n    <img decoding=\"async\" width=\"768\" height=\"768\" src=\"https:\/\/talkpal.ai\/wp-content\/uploads\/2023\/06\/nepali-768x768.png\" class=\"languageImage no-lazy\" alt=\"Practical language learning for real-life application\" fetchpriority=\"high\" sizes=\"(max-width: 768px) 150px, 768px\" srcset=\"https:\/\/talkpal.ai\/wp-content\/uploads\/2023\/06\/nepali-768x768.png 768w, https:\/\/talkpal.ai\/wp-content\/uploads\/2023\/06\/nepali-300x300.png 300w\" \/>\r\n    \r\n\r\n    <\/figure>\r\n\r\n            <a class=\"getStartedVisible\" href=\"https:\/\/app.talkpal.ai\/signup?lng=\">Kreni<\/a>\r\n    \r\n<\/section>\r\n<section class=\"promotionalBanner\">\r\n    <p class=\"promotionalText\">Najefikasniji na\u010din za u\u010denje jezika<\/p>\r\n    <a class=\"promotionalLink\" href=\"https:\/\/app.talkpal.ai\/signup?lng=\">Isprobajte Talkpal besplatno<\/a>\r\n<\/section>\n<div class=\"wp-block-group pageContainerStyle\"><div class=\"wp-block-group__inner-container is-layout-constrained wp-block-group-is-layout-constrained\">\n<h2 class=\"wp-block-heading\" id=\"h-delving-into-the-richness-of-nepali-grammar-an-insightful-guide\">Uranjanje u bogatstvo nepalske gramatike: pronicljiv vodi\u010d<\/h2>\n\n\n\n<p>Nepalski, indoarijski jezik kojim govori vi\u0161e od 25 miliona ljudi u Nepalu i susjednim regijama, divan je jezik koji pokazuje kulturno bogatstvo i jezi\u010dku raznolikost Ju\u017ene Azije. Da bi se efikasno komuniciralo u Nepalu i istinski cenila njegova lepota, <a href=\"https:\/\/talkpal.ai\/locations\/language-courses-in-mora\/\">mora<\/a> se razumeti njegova <a href=\"https:\/\/talkpal.ai\/sq\/gramatika\/\">gramatika<\/a>. U ovom \u010dlanku \u0107emo dati pregled bitnih aspekata nepalske gramatike i ponuditi prakti\u010dne savete koji \u0107e vam pomo\u0107i da savladate ovaj fascinantan jezik.<\/p>\n\n\n\n<h3 class=\"wp-block-heading\" id=\"h-key-aspects-of-nepali-grammar\">Glavni \u010dlanak: Nepalska gramatika<\/h3>\n\n\n\n<p><a href=\"https:\/\/talkpal.ai\/nepali-grammar\/\">Nepalska gramatika<\/a> u po\u010detku mo\u017ee izgledati izazovno, ali s vremenom i praksom, mo\u017eete je savladati. Evo nekoliko osnovnih komponenti nepalske gramatike za upoznavanje:<\/p>\n\n\n\n<p>1. imenice: Nepalske imenice nemaju gramati\u010dki rod, \u0161to u\u010denicima olak\u0161ava jer nema potrebe za pam\u0107enjem spola svake <strong>imenice.<\/strong> Me\u0111utim, imenice su inflektirane za broj (jednina i mno\u017eina) i slu\u010daj (nominativ, genitiv, dativ itd.).<\/p>\n\n\n\n<p>Zamjenice: Li\u010dne <strong>zamjenice<\/strong> u Nepalu imaju tri oblika: subjektivni, objektivni i posesivni. Oni se sla\u017eu sa imenicom na koju se odnose u smislu broja, ali ne i spola. Postoje i razli\u010dite zamjenice i oblici konjugacije glagola na osnovu nivoa formalnosti (u\u010dtivog, poznatog ili intimnog).<\/p>\n\n\n\n<p><strong>Glagoli: Nepalski glagoli<\/strong> su inflektirani za napetost (sada\u0161njost, pro\u0161lost i budu\u0107nost), raspolo\u017eenje (indikativno, imperativno ili konjuktivno) i aspekt (kontinuirani, savr\u0161eni ili jednostavni). Postoje i razli\u010diti obrasci konjugacije glagola u zavisnosti od nivoa formalnosti subjekta.<\/p>\n\n\n\n<p><strong>Pridjevi i prilozi: Pridjevi<\/strong> u Nepalu obi\u010dno slijede imenicu koju mijenjaju i sla\u017eu se u broju i slu\u010daju. Prilozi se mogu koristiti za pru\u017eanje dodatnih informacija i generalno ne menjaju svoj oblik.<\/p>\n\n\n\n<p><strong>Struktura re\u010denice:<\/strong> Tipi\u010dna struktura re\u010denice Nepala slijedi redoslijed subjekt-objekt-glagol (SOV). Me\u0111utim, redosled re\u010di mo\u017ee biti fleksibilan, u zavisnosti od naglaska i konteksta.<\/p>\n\n\n\n<h3 class=\"wp-block-heading\" id=\"h-tips-for-learning-nepali-grammar\">Savjeti za u\u010denje nepalske gramatike:<\/h3>\n\n\n\n<p>Evo nekoliko efikasnih strategija kako bi va\u0161 nepalski put u\u010denja gramatike bio lak\u0161i:<\/p>\n\n\n\n<p><strong>Po\u010dnite sa osnovama:<\/strong> Fokusirajte se na u\u010denje osnova nepalske gramatike, kao \u0161to su slu\u010dajevi imenica, zamenice i konjugacija glagola. Kako se va\u0161e razumevanje pove\u0107ava, postepeno uklju\u010dite slo\u017eenije strukture i pravila.<\/p>\n\n\n\n<p><strong>Redovno ve\u017ebajte:<\/strong> Doslednost je kriti\u010dna kada u\u010dite <a href=\"https:\/\/talkpal.ai\/sl\/najvecje-napake-ki-se-jim-je-treba-izogniti-pri-ucenju-novega-jezika\/\">novi jezik<\/a>. Dodijelite odre\u0111ena vremena svakog dana ili sedmice za vje\u017ebanje gramati\u010dkih vje\u017ebi, \u010ditanja i pisanja u Nepalu.<\/p>\n\n\n\n<p><strong>Koristite izvorne resurse:<\/strong> uronite u autenti\u010dne nepalske materijale, kao \u0161to su knji\u017eevnost, novinske \u010dlanke i podcasti. Ovo ne samo da \u045be vam pomo\u045bi da razumete nepalsku gramatiku u kontekstu, ve\u045b i da poboljshate svo\u0458e ukupne \u0458ezichke veshtine.<\/p>\n\n\n\n<p><strong>Pove\u017eite se<\/strong> sa izvornim govornicima: Uklju\u010divanje u razgovore sa izvornim nepalskim govornicima omogu\u0107ava vam da praktikujete gramatiku u stvarnim situacijama i dobijate vredne <a href=\"https:\/\/talkpal.ai\/contact\/\">povratne informacije<\/a>. Razmislite o pridru\u017eivanju grupama za razmjenu jezika ili forumima na mre\u017ei kako biste se povezali sa pojedincima koji govore nepalski jezik.<\/p>\n\n\n\n<p><strong>Budite strpljivi i uporni:<\/strong> Zapamtite da u\u010denje novog jezika zahteva vreme, istrajnost i strpljenje. Prihvatite izazove i proslavite svoj napredak tokom puta.<\/p>\n\n\n\n<h3 class=\"wp-block-heading\" id=\"h-conclusion\">Zaklju\u010dak:<\/h3>\n\n\n\n<p>Nepalska gramatika, sa svojim jedinstvenim karakteristikama i vezama sa indoarijskom jezi\u010dkom porodicom, nudi fascinantno lingvisti\u010dko putovanje. Razumijevanjem njegovih klju\u010dnih aspekata i slijede\u0107i na\u0161e prakti\u010dne savjete, otvorit \u0107ete put ka jezi\u010dkom poznavanju i ste\u0107i dublje uva\u017eavanje nepalskog jezika. Dakle, krenite naprijed s entuzijazmom i znati\u017eeljom, i prigrlite jezi\u010dko blago Nepala!<\/p>\n<\/div><\/div>\n\r\n<section class=\"learnNavigationSection\">\r\n            \r\n        <a href=\"https:\/\/talkpal.ai\/bs\/nauci-nepalski\/\">\r\n            <div class=\"learnNavigationWrapper\">\r\n                <div class=\"learnNavigationContent\">\r\n                    <img decoding=\"async\" src=\"https:\/\/talkpal.ai\/wp-content\/uploads\/2024\/08\/Nepali.jpg\" alt=\"Nepali Flag\">\r\n                    <div>\r\n                        <h4>O nepalskom u\u010denju<\/h4>\r\n                        <p>Saznaj sve o nepalskoj gramatici.<\/p>\r\n                    <\/div>\r\n                <\/div>\r\n            <\/div>\r\n        <\/a>\r\n\r\n        \r\n        <a href=\"https:\/\/talkpal.ai\/bs\/nepalske-gramaticke-vezbe\/\">\r\n            <div class=\"learnNavigationWrapper\">\r\n                <div class=\"learnNavigationContent\">\r\n                    <img decoding=\"async\" src=\"https:\/\/talkpal.ai\/wp-content\/uploads\/2024\/08\/Nepali.jpg\" alt=\"Nepali Flag\">\r\n                    <div>\r\n                        <h4>Nepalska gramati\u010dka vje\u017eba<\/h4>\r\n                        <p>Vje\u017ebaj nepalsku gramatiku.<\/p>\r\n                    <\/div>\r\n                <\/div>\r\n            <\/div>\r\n        <\/a>\r\n\r\n        \r\n        <a href=\"https:\/\/talkpal.ai\/vocabulary_language\/nepali\/\">\r\n            <div class=\"learnNavigationWrapper\">\r\n                <div class=\"learnNavigationContent\">\r\n                    <img decoding=\"async\" src=\"https:\/\/talkpal.ai\/wp-content\/uploads\/2024\/08\/Nepali.jpg\" alt=\"Nepali Flag\">\r\n                    <div>\r\n                        <h4>Nepalski vokabular<\/h4>\r\n                        <p>Pro\u0161irite svoj nepalski vokabular.<\/p>\r\n                    <\/div>\r\n                <\/div>\r\n            <\/div>\r\n        <\/a>\r\n\r\n            <\/section>","protected":false},"excerpt":{"rendered":"<p>Uranjanje u bogatstvo nepalske gramatike: pronicljiv vodi\u010d Nepalski, indoarijski jezik kojim govori vi\u0161e od 25 miliona ljudi u Nepalu i susjednim regijama, divan je jezik koji pokazuje kulturno bogatstvo i jezi\u010dku raznolikost Ju\u017ene Azije. Da bi se efikasno komuniciralo u Nepalu i istinski cenila njegova lepota, mora se razumeti njegova gramatika. U ovom \u010dlanku \u0107emo [&hellip;]<\/p>\n","protected":false},"author":1,"featured_media":148133,"parent":0,"menu_order":0,"comment_status":"closed","ping_status":"closed","template":"LearningContentPage.php","meta":{"_acf_changed":false,"footnotes":""},"class_list":["post-148125","page","type-page","status-publish","has-post-thumbnail","hentry"],"acf":[],"yoast_head":"<!-- This site is optimized with the Yoast SEO Premium plugin v27.2 (Yoast SEO v27.2) - https:\/\/yoast.com\/product\/yoast-seo-premium-wordpress\/ -->\n<title>Nepalska gramatika - Talkpal<\/title>\n<meta name=\"description\" content=\"Istra\u017eite nepalsku gramatiku i pobolj\u0161ajte svoje razumijevanje jezika jasnim i konciznim obja\u0161njenjima.\" \/>\n<meta name=\"robots\" content=\"index, follow, max-snippet:-1, max-image-preview:large, max-video-preview:-1\" \/>\n<link rel=\"canonical\" href=\"https:\/\/talkpal.ai\/bs\/nepalska-gramatika\/\" \/>\n<meta property=\"og:locale\" content=\"bs_BA\" \/>\n<meta property=\"og:type\" content=\"article\" \/>\n<meta property=\"og:title\" content=\"Nepalska gramatika\" \/>\n<meta property=\"og:description\" content=\"Uranjanje u bogatstvo nepalske gramatike: pronicljiv vodi\u010d Nepalski, indoarijski jezik kojim govori vi\u0161e od 25 miliona ljudi u Nepalu i susjednim\" \/>\n<meta property=\"og:url\" content=\"https:\/\/talkpal.ai\/bs\/nepalska-gramatika\/\" \/>\n<meta property=\"og:site_name\" content=\"Talkpal\" \/>\n<meta property=\"article:publisher\" content=\"https:\/\/www.facebook.com\/profile.php?id=100090733639311\" \/>\n<meta property=\"article:modified_time\" content=\"2025-12-17T17:01:06+00:00\" \/>\n<meta property=\"og:image\" content=\"https:\/\/talkpal.ai\/wp-content\/uploads\/2023\/05\/nepal.png\" \/>\n\t<meta property=\"og:image:width\" content=\"512\" \/>\n\t<meta property=\"og:image:height\" content=\"512\" \/>\n\t<meta property=\"og:image:type\" content=\"image\/png\" \/>\n<meta name=\"twitter:card\" content=\"summary_large_image\" \/>\n<meta name=\"twitter:site\" content=\"@talkpalai\" \/>\n<meta name=\"twitter:label1\" content=\"Est. reading time\" \/>\n\t<meta name=\"twitter:data1\" content=\"3 minute\" \/>\n<script type=\"application\/ld+json\" class=\"yoast-schema-graph\">{\"@context\":\"https:\/\/schema.org\",\"@graph\":[{\"@type\":\"WebPage\",\"@id\":\"https:\/\/talkpal.ai\/bs\/nepalska-gramatika\/\",\"url\":\"https:\/\/talkpal.ai\/bs\/nepalska-gramatika\/\",\"name\":\"Nepalska gramatika - Talkpal\",\"isPartOf\":{\"@id\":\"https:\/\/talkpal.ai\/bs\/#website\"},\"primaryImageOfPage\":{\"@id\":\"https:\/\/talkpal.ai\/bs\/nepalska-gramatika\/#primaryimage\"},\"image\":{\"@id\":\"https:\/\/talkpal.ai\/bs\/nepalska-gramatika\/#primaryimage\"},\"thumbnailUrl\":\"https:\/\/talkpal.ai\/wp-content\/uploads\/2023\/05\/nepal.png\",\"datePublished\":\"2023-05-14T14:12:45+00:00\",\"dateModified\":\"2025-12-17T17:01:06+00:00\",\"description\":\"Istra\u017eite nepalsku gramatiku i pobolj\u0161ajte svoje razumijevanje jezika jasnim i konciznim obja\u0161njenjima.\",\"breadcrumb\":{\"@id\":\"https:\/\/talkpal.ai\/bs\/nepalska-gramatika\/#breadcrumb\"},\"inLanguage\":\"bs-BA\",\"potentialAction\":[{\"@type\":\"ReadAction\",\"target\":[\"https:\/\/talkpal.ai\/bs\/nepalska-gramatika\/\"]}]},{\"@type\":\"ImageObject\",\"inLanguage\":\"bs-BA\",\"@id\":\"https:\/\/talkpal.ai\/bs\/nepalska-gramatika\/#primaryimage\",\"url\":\"https:\/\/talkpal.ai\/wp-content\/uploads\/2023\/05\/nepal.png\",\"contentUrl\":\"https:\/\/talkpal.ai\/wp-content\/uploads\/2023\/05\/nepal.png\",\"width\":512,\"height\":512},{\"@type\":\"BreadcrumbList\",\"@id\":\"https:\/\/talkpal.ai\/bs\/nepalska-gramatika\/#breadcrumb\",\"itemListElement\":[{\"@type\":\"ListItem\",\"position\":1,\"name\":\"Homepage\",\"item\":\"https:\/\/talkpal.ai\/bs\/\"},{\"@type\":\"ListItem\",\"position\":2,\"name\":\"Nepalska gramatika\"}]},{\"@type\":\"WebSite\",\"@id\":\"https:\/\/talkpal.ai\/bs\/#website\",\"url\":\"https:\/\/talkpal.ai\/bs\/\",\"name\":\"Talkpal\",\"description\":\"AI Language Learning\",\"publisher\":{\"@id\":\"https:\/\/talkpal.ai\/bs\/#organization\"},\"alternateName\":\"Talkpal AI\",\"potentialAction\":[{\"@type\":\"SearchAction\",\"target\":{\"@type\":\"EntryPoint\",\"urlTemplate\":\"https:\/\/talkpal.ai\/bs\/?s={search_term_string}\"},\"query-input\":{\"@type\":\"PropertyValueSpecification\",\"valueRequired\":true,\"valueName\":\"search_term_string\"}}],\"inLanguage\":\"bs-BA\"},{\"@type\":\"Organization\",\"@id\":\"https:\/\/talkpal.ai\/bs\/#organization\",\"name\":\"Talkpal, Inc.\",\"alternateName\":\"Talkpal AI\",\"url\":\"https:\/\/talkpal.ai\/bs\/\",\"logo\":{\"@type\":\"ImageObject\",\"inLanguage\":\"bs-BA\",\"@id\":\"https:\/\/talkpal.ai\/bs\/#\/schema\/logo\/image\/\",\"url\":\"https:\/\/talkpal.ai\/wp-content\/uploads\/2024\/03\/Talkpal-Logo-Icon.png\",\"contentUrl\":\"https:\/\/talkpal.ai\/wp-content\/uploads\/2024\/03\/Talkpal-Logo-Icon.png\",\"width\":2880,\"height\":2880,\"caption\":\"Talkpal, Inc.\"},\"image\":{\"@id\":\"https:\/\/talkpal.ai\/bs\/#\/schema\/logo\/image\/\"},\"sameAs\":[\"https:\/\/www.facebook.com\/profile.php?id=100090733639311\",\"https:\/\/x.com\/talkpalai\",\"https:\/\/www.linkedin.com\/company\/talkpal\/\",\"https:\/\/www.youtube.com\/@TalkPal\/\",\"https:\/\/www.tiktok.com\/@talkpal\",\"https:\/\/www.instagram.com\/talkpal_ai\/\",\"https:\/\/www.crunchbase.com\/organization\/talkpal-9cde\",\"https:\/\/www.g2.com\/products\/talkpal-for-business\/\",\"https:\/\/www.trustpilot.com\/review\/talkpal.ai\",\"https:\/\/www.capterra.com\/p\/10006800\/TalkPal\/\"],\"description\":\"Talkpal is a language learning web and mobile education app, powered by the latest AI technologies, that provides engaging experiences to its customers in many different languages to help them improve their language skills. Users can chat about unlimited amount of topics with the app and use other modes to practice their language learning.\",\"email\":\"support@talkpal.ai\",\"legalName\":\"Talkpal, Inc.\",\"foundingDate\":\"2023-04-03\",\"duns\":\"118989042\",\"numberOfEmployees\":{\"@type\":\"QuantitativeValue\",\"minValue\":\"11\",\"maxValue\":\"50\"},\"publishingPrinciples\":\"https:\/\/talkpal.ai\/publishing-principles\/\",\"actionableFeedbackPolicy\":\"https:\/\/talkpal.ai\/actionable-feedback-policy\/\",\"correctionsPolicy\":\"https:\/\/talkpal.ai\/corrections-policy\/\",\"ethicsPolicy\":\"https:\/\/talkpal.ai\/ethics-policy\/\",\"diversityPolicy\":\"https:\/\/talkpal.ai\/diversity-policy\/\",\"diversityStaffingReport\":\"https:\/\/talkpal.ai\/diversity-policy\/\"}]}<\/script>\n<!-- \/ Yoast SEO Premium plugin. -->","yoast_head_json":{"title":"Nepalska gramatika - Talkpal","description":"Istra\u017eite nepalsku gramatiku i pobolj\u0161ajte svoje razumijevanje jezika jasnim i konciznim obja\u0161njenjima.","robots":{"index":"index","follow":"follow","max-snippet":"max-snippet:-1","max-image-preview":"max-image-preview:large","max-video-preview":"max-video-preview:-1"},"canonical":"https:\/\/talkpal.ai\/bs\/nepalska-gramatika\/","og_locale":"bs_BA","og_type":"article","og_title":"Nepalska gramatika","og_description":"Uranjanje u bogatstvo nepalske gramatike: pronicljiv vodi\u010d Nepalski, indoarijski jezik kojim govori vi\u0161e od 25 miliona ljudi u Nepalu i susjednim","og_url":"https:\/\/talkpal.ai\/bs\/nepalska-gramatika\/","og_site_name":"Talkpal","article_publisher":"https:\/\/www.facebook.com\/profile.php?id=100090733639311","article_modified_time":"2025-12-17T17:01:06+00:00","og_image":[{"width":512,"height":512,"url":"https:\/\/talkpal.ai\/wp-content\/uploads\/2023\/05\/nepal.png","type":"image\/png"}],"twitter_card":"summary_large_image","twitter_site":"@talkpalai","twitter_misc":{"Est. reading time":"3 minute"},"schema":{"@context":"https:\/\/schema.org","@graph":[{"@type":"WebPage","@id":"https:\/\/talkpal.ai\/bs\/nepalska-gramatika\/","url":"https:\/\/talkpal.ai\/bs\/nepalska-gramatika\/","name":"Nepalska gramatika - Talkpal","isPartOf":{"@id":"https:\/\/talkpal.ai\/bs\/#website"},"primaryImageOfPage":{"@id":"https:\/\/talkpal.ai\/bs\/nepalska-gramatika\/#primaryimage"},"image":{"@id":"https:\/\/talkpal.ai\/bs\/nepalska-gramatika\/#primaryimage"},"thumbnailUrl":"https:\/\/talkpal.ai\/wp-content\/uploads\/2023\/05\/nepal.png","datePublished":"2023-05-14T14:12:45+00:00","dateModified":"2025-12-17T17:01:06+00:00","description":"Istra\u017eite nepalsku gramatiku i pobolj\u0161ajte svoje razumijevanje jezika jasnim i konciznim obja\u0161njenjima.","breadcrumb":{"@id":"https:\/\/talkpal.ai\/bs\/nepalska-gramatika\/#breadcrumb"},"inLanguage":"bs-BA","potentialAction":[{"@type":"ReadAction","target":["https:\/\/talkpal.ai\/bs\/nepalska-gramatika\/"]}]},{"@type":"ImageObject","inLanguage":"bs-BA","@id":"https:\/\/talkpal.ai\/bs\/nepalska-gramatika\/#primaryimage","url":"https:\/\/talkpal.ai\/wp-content\/uploads\/2023\/05\/nepal.png","contentUrl":"https:\/\/talkpal.ai\/wp-content\/uploads\/2023\/05\/nepal.png","width":512,"height":512},{"@type":"BreadcrumbList","@id":"https:\/\/talkpal.ai\/bs\/nepalska-gramatika\/#breadcrumb","itemListElement":[{"@type":"ListItem","position":1,"name":"Homepage","item":"https:\/\/talkpal.ai\/bs\/"},{"@type":"ListItem","position":2,"name":"Nepalska gramatika"}]},{"@type":"WebSite","@id":"https:\/\/talkpal.ai\/bs\/#website","url":"https:\/\/talkpal.ai\/bs\/","name":"Talkpal","description":"AI Language Learning","publisher":{"@id":"https:\/\/talkpal.ai\/bs\/#organization"},"alternateName":"Talkpal AI","potentialAction":[{"@type":"SearchAction","target":{"@type":"EntryPoint","urlTemplate":"https:\/\/talkpal.ai\/bs\/?s={search_term_string}"},"query-input":{"@type":"PropertyValueSpecification","valueRequired":true,"valueName":"search_term_string"}}],"inLanguage":"bs-BA"},{"@type":"Organization","@id":"https:\/\/talkpal.ai\/bs\/#organization","name":"Talkpal, Inc.","alternateName":"Talkpal AI","url":"https:\/\/talkpal.ai\/bs\/","logo":{"@type":"ImageObject","inLanguage":"bs-BA","@id":"https:\/\/talkpal.ai\/bs\/#\/schema\/logo\/image\/","url":"https:\/\/talkpal.ai\/wp-content\/uploads\/2024\/03\/Talkpal-Logo-Icon.png","contentUrl":"https:\/\/talkpal.ai\/wp-content\/uploads\/2024\/03\/Talkpal-Logo-Icon.png","width":2880,"height":2880,"caption":"Talkpal, Inc."},"image":{"@id":"https:\/\/talkpal.ai\/bs\/#\/schema\/logo\/image\/"},"sameAs":["https:\/\/www.facebook.com\/profile.php?id=100090733639311","https:\/\/x.com\/talkpalai","https:\/\/www.linkedin.com\/company\/talkpal\/","https:\/\/www.youtube.com\/@TalkPal\/","https:\/\/www.tiktok.com\/@talkpal","https:\/\/www.instagram.com\/talkpal_ai\/","https:\/\/www.crunchbase.com\/organization\/talkpal-9cde","https:\/\/www.g2.com\/products\/talkpal-for-business\/","https:\/\/www.trustpilot.com\/review\/talkpal.ai","https:\/\/www.capterra.com\/p\/10006800\/TalkPal\/"],"description":"Talkpal is a language learning web and mobile education app, powered by the latest AI technologies, that provides engaging experiences to its customers in many different languages to help them improve their language skills. Users can chat about unlimited amount of topics with the app and use other modes to practice their language learning.","email":"support@talkpal.ai","legalName":"Talkpal, Inc.","foundingDate":"2023-04-03","duns":"118989042","numberOfEmployees":{"@type":"QuantitativeValue","minValue":"11","maxValue":"50"},"publishingPrinciples":"https:\/\/talkpal.ai\/publishing-principles\/","actionableFeedbackPolicy":"https:\/\/talkpal.ai\/actionable-feedback-policy\/","correctionsPolicy":"https:\/\/talkpal.ai\/corrections-policy\/","ethicsPolicy":"https:\/\/talkpal.ai\/ethics-policy\/","diversityPolicy":"https:\/\/talkpal.ai\/diversity-policy\/","diversityStaffingReport":"https:\/\/talkpal.ai\/diversity-policy\/"}]}},"_links":{"self":[{"href":"https:\/\/talkpal.ai\/bs\/wp-json\/wp\/v2\/pages\/148125","targetHints":{"allow":["GET"]}}],"collection":[{"href":"https:\/\/talkpal.ai\/bs\/wp-json\/wp\/v2\/pages"}],"about":[{"href":"https:\/\/talkpal.ai\/bs\/wp-json\/wp\/v2\/types\/page"}],"author":[{"embeddable":true,"href":"https:\/\/talkpal.ai\/bs\/wp-json\/wp\/v2\/users\/1"}],"replies":[{"embeddable":true,"href":"https:\/\/talkpal.ai\/bs\/wp-json\/wp\/v2\/comments?post=148125"}],"version-history":[{"count":0,"href":"https:\/\/talkpal.ai\/bs\/wp-json\/wp\/v2\/pages\/148125\/revisions"}],"wp:featuredmedia":[{"embeddable":true,"href":"https:\/\/talkpal.ai\/bs\/wp-json\/wp\/v2\/media\/148133"}],"wp:attachment":[{"href":"https:\/\/talkpal.ai\/bs\/wp-json\/wp\/v2\/media?parent=148125"}],"curies":[{"name":"wp","href":"https:\/\/api.w.org\/{rel}","templated":true}]}}