{"id":147794,"date":"2023-05-14T14:12:25","date_gmt":"2023-05-14T14:12:25","guid":{"rendered":"http:\/\/talkpal.ai\/maori-gramatika\/"},"modified":"2025-12-17T16:45:13","modified_gmt":"2025-12-17T16:45:13","slug":"maori-gramatika","status":"publish","type":"page","link":"https:\/\/talkpal.ai\/bs\/maori-gramatika\/","title":{"rendered":"Maori gramatika"},"content":{"rendered":"\r\n\r\n\r\n<section class=\"languageChallengeSection\">\r\n    <div class=\"languageInfoWrapper\">\r\n        \r\n        <h1>Maori gramatika<\/h1>\r\n        <p>\u017delite li u\u010diti maorski? Istra\u017eite maorsku gramatiku, poznatu po svojoj jednostavnosti, upotrebi \u010dlanova i va\u017enoj ulozi \u010destica u oblikovanju zna\u010denja. Po\u010dnite danas &#8211; savladavanje maorske gramatike pomo\u0107i \u0107e vam da se dublje pove\u017eete s bogatim naslije\u0111em jezika i \u017eivopisnom kulturom Aotearoa Novog Zelanda!<\/p>\r\n\r\n                            <a class=\"getStartedHidden\" href=\"https:\/\/app.talkpal.ai\/signup?lng=\">Kreni<\/a>\r\n        \r\n    <\/div>\r\n\r\n    <figure>\r\n    <img decoding=\"async\" width=\"768\" height=\"768\" src=\"https:\/\/talkpal.ai\/wp-content\/uploads\/2023\/06\/maori-768x768.png\" class=\"languageImage no-lazy\" alt=\"Language learning for social and professional settings\" fetchpriority=\"high\" sizes=\"(max-width: 768px) 150px, 768px\" srcset=\"https:\/\/talkpal.ai\/wp-content\/uploads\/2023\/06\/maori-768x768.png 768w, https:\/\/talkpal.ai\/wp-content\/uploads\/2023\/06\/maori-300x300.png 300w\" \/>\r\n    \r\n\r\n    <\/figure>\r\n\r\n            <a class=\"getStartedVisible\" href=\"https:\/\/app.talkpal.ai\/signup?lng=\">Kreni<\/a>\r\n    \r\n<\/section>\r\n<section class=\"promotionalBanner\">\r\n    <p class=\"promotionalText\">Najefikasniji na\u010din za u\u010denje jezika<\/p>\r\n    <a class=\"promotionalLink\" href=\"https:\/\/app.talkpal.ai\/signup?lng=\">Isprobajte Talkpal besplatno<\/a>\r\n<\/section>\n<div class=\"wp-block-group pageContainerStyle\"><div class=\"wp-block-group__inner-container is-layout-constrained wp-block-group-is-layout-constrained\">\n<h2 class=\"wp-block-heading\" id=\"h-maori-grammar-your-ticket-to-a-vibrant-bicultural-world\">Maori Grammar: Va\u0161a karta za \u017eivahni bikulturni svijet<\/h2>\n\n\n\n<p><a href=\"https:\/\/talkpal.ai\/culture\/how-do-you-say-lets-go-in-maori\/\">Kia ora<\/a>! Dobrodo\u0161li u \u010darobni svijet maorskog jezika. Kao autohtoni jezik Novog Zelanda, <a href=\"https:\/\/talkpal.ai\/learn-maori\/\">Maori<\/a> ili te reo Maori nudi vam jedinstvenu priliku da se pove\u017eete sa drevnom kulturom i njenom \u017eivom zajednicom govornika. Kao i svaki jezik, <a href=\"https:\/\/talkpal.ai\/maori-grammar\/\">maorska gramatika<\/a> mo\u017ee izgledati izazovna, ali ne brinite! Ovaj vodi\u010d prilago\u0111en po\u010detnicima pojednostavi\u0107e osnovne komponente Maori gramatike za vizuelno privla\u010dno i informativno putovanje.<\/p>\n\n\n\n<h3 class=\"wp-block-heading\" id=\"h-1-starting-with-the-basics-maori-alphabet-and-pronunciation\">Po\u010detna Oznake \u010clanci ozna\u010deni sa: maorski alfabet i izgovor<\/h3>\n\n\n\n<p>Maori koristi modifikovano latini\u010dno pismo, koje se sastoji od samo 15 slova: pet samoglasnika (a, e, i, o i vi) i deset suglasnika (h, k, m, n, p, r, t, w, ng i wh). Upoznajte se sa ovim slovima i njihovim razli\u010ditim izgovorima, jer ona postavljaju temelje za sve naredne Maori gramati\u010dko u\u010denje.<\/p>\n\n\n\n<h3 class=\"wp-block-heading\" id=\"h-2-exploring-maori-sentence-structure\">2. istra\u017eivanje maorske strukture re\u010denice<\/h3>\n\n\n\n<p>U svojoj sr\u017ei, <a href=\"https:\/\/talkpal.ai\/maori-grammar\/\">Maori gramatika<\/a> slijedi jednostavnu subjekt-glagol (-objekt) strukturu, sa glagolom koji obi\u010dno prethodi subjektu. Najjasniji na\u010din da razumete ovu strukturu je da je vidite u akciji:<\/p>\n\n\n\n<p><strong>Engleski: Dete se igra.<\/strong><\/p>\n\n\n\n<p><strong>Maori: Kei te t\u0101karo te tamaiti.<\/strong><\/p>\n\n\n\n<p>Na maorskom jeziku glagolsko vrijeme je nazna\u010deno kombinacijom \u010destica ili dodavanjem indikatora vremena u re\u010denicu.<\/p>\n\n\n\n<h3 class=\"wp-block-heading\" id=\"h-3-demystifying-particles-building-blocks-of-maori-grammar\">Demystifying Particles: Building Blocks of Maori Grammar<\/h3>\n\n\n\n<p>\u010cestice igraju klju\u010dnu ulogu u Maori gramatici, povezuju\u0107i rije\u010di i fraze zajedno kako bi stvorile koherentne i izra\u017eajne re\u010denice. Kao po\u010detnik, fokusirajte se na razumijevanje nekoliko bitnih \u010destica:<\/p>\n\n\n\n<p><strong>\u2013 Kia: koristi se za naredbe, \u017eelje i za ozna\u010davanje svrhe radnje.<\/strong><\/p>\n\n\n\n<p><strong>\u2013 Kei: koristi se za formiranje kontinuiranog vremena.<\/strong><\/p>\n\n\n\n<p><strong>\u2013 Ko: koristi se za ozna\u010davanje subjekta re\u010denice.<\/strong><\/p>\n\n\n\n<h3 class=\"wp-block-heading\" id=\"h-4-getting-to-know-maori-pronouns\">Upoznavanje sa maorskim zamjenicama<\/h3>\n\n\n\n<p>Zamenice u Maorima zamenjuju imenice i poma\u017eu da va\u0161i razgovori budu prirodni i te\u010dni. Kao po\u010detnik, fokusirajte se na razumevanje li\u010dnih i posesivnih zamenica:<\/p>\n\n\n\n<p>Li\u010dne zamjenice: ahau (I), koe (vi, jednina), ia (on\/ona), t\u0101ua (mi, uklju\u010duju\u0107i osobu <a href=\"https:\/\/talkpal.ai\/locations\/language-courses-in-koja\/\">koja<\/a> se obra\u0107a), m\u0101ua (mi, isklju\u010duju\u0107i osobu kojoj se obra\u0107a), koutou (vi, mno\u017eina), r\u0101tau (oni)<\/p>\n\n\n\n<p>Posesivne zamjenice: taku\/t\u014dku (moj), t\u014du (va\u0161, jednina), t\u014dna (njegova\/ona), t\u014d t\u0101ua (na\u0161a, uklju\u010duju\u0107i govornika i slu\u0161aoca), t\u014d m\u0101ua (na\u0161a, govornik i neko drugi), t\u014d koutou (va\u0161a, mno\u017eina), t\u014d r\u0101tau (njihova)<\/p>\n\n\n\n<h3 class=\"wp-block-heading\" id=\"h-5-navigating-maori-nouns-and-adjectives\">5. navigacija maorskim imenicama i pridjevima<\/h3>\n\n\n\n<p>Maori imenice i pridjevi slijede jednostavna gramati\u010dka pravila, \u0161to po\u010detnicima olak\u0161ava razumijevanje. Pridjevi obi\u010dno prate imenicu koju opisuju, a mno\u017eina imenica jednostavno uklju\u010duje dodavanje \u010destice, \u201cng\u0101\u201d ispred imenice. Na primjer:<\/p>\n\n\n\n<p><strong>Te whare nui \u2013 \u201cvelika ku\u0107a\u201d<\/strong><\/p>\n\n\n\n<p><strong>Ng\u0101 tamariki \u2013 \u201cdjeca\u201d<\/strong><\/p>\n\n\n\n<p>Eto ga! Napravili ste prve korake ka savladavanju maorske gramatike i obogatili svoje putovanje maorskim jezikom i kulturom. Zapamtite da su praksa, upornost i uranjanje od su\u0161tinskog zna\u010daja za uspeh, pa se uklju\u010dite sa izvornim govornicima, istra\u017eite maorske tekstove i oja\u010dajte svoju jezi\u010dku osnovu. Kia kaha! (Go strong!)<\/p>\n<\/div><\/div>\n\r\n<section class=\"learnNavigationSection\">\r\n            \r\n        <a href=\"https:\/\/talkpal.ai\/bs\/nauci-maori\/\">\r\n            <div class=\"learnNavigationWrapper\">\r\n                <div class=\"learnNavigationContent\">\r\n                    <img decoding=\"async\" src=\"https:\/\/talkpal.ai\/wp-content\/uploads\/2024\/08\/Maori.jpg\" alt=\"New Zealand Flag\">\r\n                    <div>\r\n                        <h4>Lekcije maorske gramatike<\/h4>\r\n                        <p>Saznajte sve o gramatici Maora.<\/p>\r\n                    <\/div>\r\n                <\/div>\r\n            <\/div>\r\n        <\/a>\r\n\r\n        \r\n        <a href=\"https:\/\/talkpal.ai\/bs\/maori-gramaticke-vezbe\/\">\r\n            <div class=\"learnNavigationWrapper\">\r\n                <div class=\"learnNavigationContent\">\r\n                    <img decoding=\"async\" src=\"https:\/\/talkpal.ai\/wp-content\/uploads\/2024\/08\/Maori.jpg\" alt=\"New Zealand Flag\">\r\n                    <div>\r\n                        <h4>Vje\u017eba iz maorske gramatike<\/h4>\r\n                        <p>Vje\u017ebajte gramatiku Maora.<\/p>\r\n                    <\/div>\r\n                <\/div>\r\n            <\/div>\r\n        <\/a>\r\n\r\n        \r\n        <a href=\"https:\/\/talkpal.ai\/vocabulary_language\/maori\/\">\r\n            <div class=\"learnNavigationWrapper\">\r\n                <div class=\"learnNavigationContent\">\r\n                    <img decoding=\"async\" src=\"https:\/\/talkpal.ai\/wp-content\/uploads\/2024\/08\/Maori.jpg\" alt=\"New Zealand Flag\">\r\n                    <div>\r\n                        <h4>Maorski vokabular<\/h4>\r\n                        <p>Pro\u0161irite svoj maorski vokabular.<\/p>\r\n                    <\/div>\r\n                <\/div>\r\n            <\/div>\r\n        <\/a>\r\n\r\n            <\/section>","protected":false},"excerpt":{"rendered":"<p>Maori Grammar: Va\u0161a karta za \u017eivahni bikulturni svijet Kia ora! Dobrodo\u0161li u \u010darobni svijet maorskog jezika. Kao autohtoni jezik Novog Zelanda, Maori ili te reo Maori nudi vam jedinstvenu priliku da se pove\u017eete sa drevnom kulturom i njenom \u017eivom zajednicom govornika. Kao i svaki jezik, maorska gramatika mo\u017ee izgledati izazovna, ali ne brinite! Ovaj vodi\u010d [&hellip;]<\/p>\n","protected":false},"author":1,"featured_media":147799,"parent":0,"menu_order":0,"comment_status":"closed","ping_status":"closed","template":"LearningContentPage.php","meta":{"_acf_changed":false,"footnotes":""},"class_list":["post-147794","page","type-page","status-publish","has-post-thumbnail","hentry"],"acf":[],"yoast_head":"<!-- This site is optimized with the Yoast SEO Premium plugin v27.2 (Yoast SEO v27.2) - https:\/\/yoast.com\/product\/yoast-seo-premium-wordpress\/ -->\n<title>Maori gramatika - Talkpal<\/title>\n<meta name=\"description\" content=\"Istra\u017eite osnove maorske gramatike uz na\u0161 vodi\u010d prilago\u0111en po\u010detnicima. Otkrijte 15 slova i osnovna pravila maorskog jezika te reo.\" \/>\n<meta name=\"robots\" content=\"index, follow, max-snippet:-1, max-image-preview:large, max-video-preview:-1\" \/>\n<link rel=\"canonical\" href=\"https:\/\/talkpal.ai\/bs\/maori-gramatika\/\" \/>\n<meta property=\"og:locale\" content=\"bs_BA\" \/>\n<meta property=\"og:type\" content=\"article\" \/>\n<meta property=\"og:title\" content=\"Maori gramatika\" \/>\n<meta property=\"og:description\" content=\"Maori Grammar: Va\u0161a karta za \u017eivahni bikulturni svijet Kia ora! Dobrodo\u0161li u \u010darobni svijet maorskog jezika. Kao autohtoni jezik Novog Zelanda, Maori ili\" \/>\n<meta property=\"og:url\" content=\"https:\/\/talkpal.ai\/bs\/maori-gramatika\/\" \/>\n<meta property=\"og:site_name\" content=\"Talkpal\" \/>\n<meta property=\"article:publisher\" content=\"https:\/\/www.facebook.com\/profile.php?id=100090733639311\" \/>\n<meta property=\"article:modified_time\" content=\"2025-12-17T16:45:13+00:00\" \/>\n<meta property=\"og:image\" content=\"https:\/\/talkpal.ai\/wp-content\/uploads\/2023\/05\/Maori-new-zealand.png\" \/>\n\t<meta property=\"og:image:width\" content=\"512\" \/>\n\t<meta property=\"og:image:height\" content=\"512\" \/>\n\t<meta property=\"og:image:type\" content=\"image\/png\" \/>\n<meta name=\"twitter:card\" content=\"summary_large_image\" \/>\n<meta name=\"twitter:site\" content=\"@talkpalai\" \/>\n<meta name=\"twitter:label1\" content=\"Est. reading time\" \/>\n\t<meta name=\"twitter:data1\" content=\"2 minute\" \/>\n<script type=\"application\/ld+json\" class=\"yoast-schema-graph\">{\"@context\":\"https:\/\/schema.org\",\"@graph\":[{\"@type\":\"WebPage\",\"@id\":\"https:\/\/talkpal.ai\/bs\/maori-gramatika\/\",\"url\":\"https:\/\/talkpal.ai\/bs\/maori-gramatika\/\",\"name\":\"Maori gramatika - Talkpal\",\"isPartOf\":{\"@id\":\"https:\/\/talkpal.ai\/bs\/#website\"},\"primaryImageOfPage\":{\"@id\":\"https:\/\/talkpal.ai\/bs\/maori-gramatika\/#primaryimage\"},\"image\":{\"@id\":\"https:\/\/talkpal.ai\/bs\/maori-gramatika\/#primaryimage\"},\"thumbnailUrl\":\"https:\/\/talkpal.ai\/wp-content\/uploads\/2023\/05\/Maori-new-zealand.png\",\"datePublished\":\"2023-05-14T14:12:25+00:00\",\"dateModified\":\"2025-12-17T16:45:13+00:00\",\"description\":\"Istra\u017eite osnove maorske gramatike uz na\u0161 vodi\u010d prilago\u0111en po\u010detnicima. Otkrijte 15 slova i osnovna pravila maorskog jezika te reo.\",\"breadcrumb\":{\"@id\":\"https:\/\/talkpal.ai\/bs\/maori-gramatika\/#breadcrumb\"},\"inLanguage\":\"bs-BA\",\"potentialAction\":[{\"@type\":\"ReadAction\",\"target\":[\"https:\/\/talkpal.ai\/bs\/maori-gramatika\/\"]}]},{\"@type\":\"ImageObject\",\"inLanguage\":\"bs-BA\",\"@id\":\"https:\/\/talkpal.ai\/bs\/maori-gramatika\/#primaryimage\",\"url\":\"https:\/\/talkpal.ai\/wp-content\/uploads\/2023\/05\/Maori-new-zealand.png\",\"contentUrl\":\"https:\/\/talkpal.ai\/wp-content\/uploads\/2023\/05\/Maori-new-zealand.png\",\"width\":512,\"height\":512},{\"@type\":\"BreadcrumbList\",\"@id\":\"https:\/\/talkpal.ai\/bs\/maori-gramatika\/#breadcrumb\",\"itemListElement\":[{\"@type\":\"ListItem\",\"position\":1,\"name\":\"Homepage\",\"item\":\"https:\/\/talkpal.ai\/bs\/\"},{\"@type\":\"ListItem\",\"position\":2,\"name\":\"Maori gramatika\"}]},{\"@type\":\"WebSite\",\"@id\":\"https:\/\/talkpal.ai\/bs\/#website\",\"url\":\"https:\/\/talkpal.ai\/bs\/\",\"name\":\"Talkpal\",\"description\":\"AI Language Learning\",\"publisher\":{\"@id\":\"https:\/\/talkpal.ai\/bs\/#organization\"},\"alternateName\":\"Talkpal AI\",\"potentialAction\":[{\"@type\":\"SearchAction\",\"target\":{\"@type\":\"EntryPoint\",\"urlTemplate\":\"https:\/\/talkpal.ai\/bs\/?s={search_term_string}\"},\"query-input\":{\"@type\":\"PropertyValueSpecification\",\"valueRequired\":true,\"valueName\":\"search_term_string\"}}],\"inLanguage\":\"bs-BA\"},{\"@type\":\"Organization\",\"@id\":\"https:\/\/talkpal.ai\/bs\/#organization\",\"name\":\"Talkpal, Inc.\",\"alternateName\":\"Talkpal AI\",\"url\":\"https:\/\/talkpal.ai\/bs\/\",\"logo\":{\"@type\":\"ImageObject\",\"inLanguage\":\"bs-BA\",\"@id\":\"https:\/\/talkpal.ai\/bs\/#\/schema\/logo\/image\/\",\"url\":\"https:\/\/talkpal.ai\/wp-content\/uploads\/2024\/03\/Talkpal-Logo-Icon.png\",\"contentUrl\":\"https:\/\/talkpal.ai\/wp-content\/uploads\/2024\/03\/Talkpal-Logo-Icon.png\",\"width\":2880,\"height\":2880,\"caption\":\"Talkpal, Inc.\"},\"image\":{\"@id\":\"https:\/\/talkpal.ai\/bs\/#\/schema\/logo\/image\/\"},\"sameAs\":[\"https:\/\/www.facebook.com\/profile.php?id=100090733639311\",\"https:\/\/x.com\/talkpalai\",\"https:\/\/www.linkedin.com\/company\/talkpal\/\",\"https:\/\/www.youtube.com\/@TalkPal\/\",\"https:\/\/www.tiktok.com\/@talkpal\",\"https:\/\/www.instagram.com\/talkpal_ai\/\",\"https:\/\/www.crunchbase.com\/organization\/talkpal-9cde\",\"https:\/\/www.g2.com\/products\/talkpal-for-business\/\",\"https:\/\/www.trustpilot.com\/review\/talkpal.ai\",\"https:\/\/www.capterra.com\/p\/10006800\/TalkPal\/\"],\"description\":\"Talkpal is a language learning web and mobile education app, powered by the latest AI technologies, that provides engaging experiences to its customers in many different languages to help them improve their language skills. Users can chat about unlimited amount of topics with the app and use other modes to practice their language learning.\",\"email\":\"support@talkpal.ai\",\"legalName\":\"Talkpal, Inc.\",\"foundingDate\":\"2023-04-03\",\"duns\":\"118989042\",\"numberOfEmployees\":{\"@type\":\"QuantitativeValue\",\"minValue\":\"11\",\"maxValue\":\"50\"},\"publishingPrinciples\":\"https:\/\/talkpal.ai\/publishing-principles\/\",\"actionableFeedbackPolicy\":\"https:\/\/talkpal.ai\/actionable-feedback-policy\/\",\"correctionsPolicy\":\"https:\/\/talkpal.ai\/corrections-policy\/\",\"ethicsPolicy\":\"https:\/\/talkpal.ai\/ethics-policy\/\",\"diversityPolicy\":\"https:\/\/talkpal.ai\/diversity-policy\/\",\"diversityStaffingReport\":\"https:\/\/talkpal.ai\/diversity-policy\/\"}]}<\/script>\n<!-- \/ Yoast SEO Premium plugin. -->","yoast_head_json":{"title":"Maori gramatika - Talkpal","description":"Istra\u017eite osnove maorske gramatike uz na\u0161 vodi\u010d prilago\u0111en po\u010detnicima. Otkrijte 15 slova i osnovna pravila maorskog jezika te reo.","robots":{"index":"index","follow":"follow","max-snippet":"max-snippet:-1","max-image-preview":"max-image-preview:large","max-video-preview":"max-video-preview:-1"},"canonical":"https:\/\/talkpal.ai\/bs\/maori-gramatika\/","og_locale":"bs_BA","og_type":"article","og_title":"Maori gramatika","og_description":"Maori Grammar: Va\u0161a karta za \u017eivahni bikulturni svijet Kia ora! Dobrodo\u0161li u \u010darobni svijet maorskog jezika. Kao autohtoni jezik Novog Zelanda, Maori ili","og_url":"https:\/\/talkpal.ai\/bs\/maori-gramatika\/","og_site_name":"Talkpal","article_publisher":"https:\/\/www.facebook.com\/profile.php?id=100090733639311","article_modified_time":"2025-12-17T16:45:13+00:00","og_image":[{"width":512,"height":512,"url":"https:\/\/talkpal.ai\/wp-content\/uploads\/2023\/05\/Maori-new-zealand.png","type":"image\/png"}],"twitter_card":"summary_large_image","twitter_site":"@talkpalai","twitter_misc":{"Est. reading time":"2 minute"},"schema":{"@context":"https:\/\/schema.org","@graph":[{"@type":"WebPage","@id":"https:\/\/talkpal.ai\/bs\/maori-gramatika\/","url":"https:\/\/talkpal.ai\/bs\/maori-gramatika\/","name":"Maori gramatika - Talkpal","isPartOf":{"@id":"https:\/\/talkpal.ai\/bs\/#website"},"primaryImageOfPage":{"@id":"https:\/\/talkpal.ai\/bs\/maori-gramatika\/#primaryimage"},"image":{"@id":"https:\/\/talkpal.ai\/bs\/maori-gramatika\/#primaryimage"},"thumbnailUrl":"https:\/\/talkpal.ai\/wp-content\/uploads\/2023\/05\/Maori-new-zealand.png","datePublished":"2023-05-14T14:12:25+00:00","dateModified":"2025-12-17T16:45:13+00:00","description":"Istra\u017eite osnove maorske gramatike uz na\u0161 vodi\u010d prilago\u0111en po\u010detnicima. Otkrijte 15 slova i osnovna pravila maorskog jezika te reo.","breadcrumb":{"@id":"https:\/\/talkpal.ai\/bs\/maori-gramatika\/#breadcrumb"},"inLanguage":"bs-BA","potentialAction":[{"@type":"ReadAction","target":["https:\/\/talkpal.ai\/bs\/maori-gramatika\/"]}]},{"@type":"ImageObject","inLanguage":"bs-BA","@id":"https:\/\/talkpal.ai\/bs\/maori-gramatika\/#primaryimage","url":"https:\/\/talkpal.ai\/wp-content\/uploads\/2023\/05\/Maori-new-zealand.png","contentUrl":"https:\/\/talkpal.ai\/wp-content\/uploads\/2023\/05\/Maori-new-zealand.png","width":512,"height":512},{"@type":"BreadcrumbList","@id":"https:\/\/talkpal.ai\/bs\/maori-gramatika\/#breadcrumb","itemListElement":[{"@type":"ListItem","position":1,"name":"Homepage","item":"https:\/\/talkpal.ai\/bs\/"},{"@type":"ListItem","position":2,"name":"Maori gramatika"}]},{"@type":"WebSite","@id":"https:\/\/talkpal.ai\/bs\/#website","url":"https:\/\/talkpal.ai\/bs\/","name":"Talkpal","description":"AI Language Learning","publisher":{"@id":"https:\/\/talkpal.ai\/bs\/#organization"},"alternateName":"Talkpal AI","potentialAction":[{"@type":"SearchAction","target":{"@type":"EntryPoint","urlTemplate":"https:\/\/talkpal.ai\/bs\/?s={search_term_string}"},"query-input":{"@type":"PropertyValueSpecification","valueRequired":true,"valueName":"search_term_string"}}],"inLanguage":"bs-BA"},{"@type":"Organization","@id":"https:\/\/talkpal.ai\/bs\/#organization","name":"Talkpal, Inc.","alternateName":"Talkpal AI","url":"https:\/\/talkpal.ai\/bs\/","logo":{"@type":"ImageObject","inLanguage":"bs-BA","@id":"https:\/\/talkpal.ai\/bs\/#\/schema\/logo\/image\/","url":"https:\/\/talkpal.ai\/wp-content\/uploads\/2024\/03\/Talkpal-Logo-Icon.png","contentUrl":"https:\/\/talkpal.ai\/wp-content\/uploads\/2024\/03\/Talkpal-Logo-Icon.png","width":2880,"height":2880,"caption":"Talkpal, Inc."},"image":{"@id":"https:\/\/talkpal.ai\/bs\/#\/schema\/logo\/image\/"},"sameAs":["https:\/\/www.facebook.com\/profile.php?id=100090733639311","https:\/\/x.com\/talkpalai","https:\/\/www.linkedin.com\/company\/talkpal\/","https:\/\/www.youtube.com\/@TalkPal\/","https:\/\/www.tiktok.com\/@talkpal","https:\/\/www.instagram.com\/talkpal_ai\/","https:\/\/www.crunchbase.com\/organization\/talkpal-9cde","https:\/\/www.g2.com\/products\/talkpal-for-business\/","https:\/\/www.trustpilot.com\/review\/talkpal.ai","https:\/\/www.capterra.com\/p\/10006800\/TalkPal\/"],"description":"Talkpal is a language learning web and mobile education app, powered by the latest AI technologies, that provides engaging experiences to its customers in many different languages to help them improve their language skills. Users can chat about unlimited amount of topics with the app and use other modes to practice their language learning.","email":"support@talkpal.ai","legalName":"Talkpal, Inc.","foundingDate":"2023-04-03","duns":"118989042","numberOfEmployees":{"@type":"QuantitativeValue","minValue":"11","maxValue":"50"},"publishingPrinciples":"https:\/\/talkpal.ai\/publishing-principles\/","actionableFeedbackPolicy":"https:\/\/talkpal.ai\/actionable-feedback-policy\/","correctionsPolicy":"https:\/\/talkpal.ai\/corrections-policy\/","ethicsPolicy":"https:\/\/talkpal.ai\/ethics-policy\/","diversityPolicy":"https:\/\/talkpal.ai\/diversity-policy\/","diversityStaffingReport":"https:\/\/talkpal.ai\/diversity-policy\/"}]}},"_links":{"self":[{"href":"https:\/\/talkpal.ai\/bs\/wp-json\/wp\/v2\/pages\/147794","targetHints":{"allow":["GET"]}}],"collection":[{"href":"https:\/\/talkpal.ai\/bs\/wp-json\/wp\/v2\/pages"}],"about":[{"href":"https:\/\/talkpal.ai\/bs\/wp-json\/wp\/v2\/types\/page"}],"author":[{"embeddable":true,"href":"https:\/\/talkpal.ai\/bs\/wp-json\/wp\/v2\/users\/1"}],"replies":[{"embeddable":true,"href":"https:\/\/talkpal.ai\/bs\/wp-json\/wp\/v2\/comments?post=147794"}],"version-history":[{"count":0,"href":"https:\/\/talkpal.ai\/bs\/wp-json\/wp\/v2\/pages\/147794\/revisions"}],"wp:featuredmedia":[{"embeddable":true,"href":"https:\/\/talkpal.ai\/bs\/wp-json\/wp\/v2\/media\/147799"}],"wp:attachment":[{"href":"https:\/\/talkpal.ai\/bs\/wp-json\/wp\/v2\/media?parent=147794"}],"curies":[{"name":"wp","href":"https:\/\/api.w.org\/{rel}","templated":true}]}}