{"id":147524,"date":"2023-05-14T14:12:07","date_gmt":"2023-05-14T14:12:07","guid":{"rendered":"http:\/\/talkpal.ai\/marathi-gramatika\/"},"modified":"2025-12-12T10:38:42","modified_gmt":"2025-12-12T10:38:42","slug":"marathi-gramatika","status":"publish","type":"page","link":"https:\/\/talkpal.ai\/bs\/marathi-gramatika\/","title":{"rendered":"Marathi gramatika"},"content":{"rendered":"\r\n\r\n\r\n<section class=\"languageChallengeSection\">\r\n    <div class=\"languageInfoWrapper\">\r\n        \r\n        <h1>Marathi gramatika<\/h1>\r\n        <p>Zanima vas marati? Zakora\u010dite u gramatiku <a href=\"https:\/\/talkpal.ai\/learn-marathi\/\">marathi<\/a> jezika, gdje imenice odre\u0111ene rodom, fleksibilna re\u010deni\u010dna struktura i ekspresivne konjugacije glagola stvaraju \u017eivahan i dinami\u010dan jezik. Zapo\u010dnite svoje putovanje u\u010denja ve\u0107 danas \u2014 savladavanje gramatike marathi jezika pomo\u0107i \u0107e vam da komunicirate s povjerenjem i pove\u017eete se s bogatim tradicijama i kulturom Maharashtre!<\/p>\r\n\r\n                            <a class=\"getStartedHidden\" href=\"https:\/\/app.talkpal.ai\/signup?lng=\">Kreni<\/a>\r\n        \r\n    <\/div>\r\n\r\n    <figure>\r\n    <img decoding=\"async\" width=\"768\" height=\"768\" src=\"https:\/\/talkpal.ai\/wp-content\/uploads\/2023\/06\/marathi-768x768.png\" class=\"languageImage no-lazy\" alt=\"Fun ways to make language learning interesting\" fetchpriority=\"high\" sizes=\"(max-width: 768px) 150px, 768px\" srcset=\"https:\/\/talkpal.ai\/wp-content\/uploads\/2023\/06\/marathi-768x768.png 768w, https:\/\/talkpal.ai\/wp-content\/uploads\/2023\/06\/marathi-300x300.png 300w\" \/>\r\n    \r\n\r\n    <\/figure>\r\n\r\n            <a class=\"getStartedVisible\" href=\"https:\/\/app.talkpal.ai\/signup?lng=\">Kreni<\/a>\r\n    \r\n<\/section>\r\n<section class=\"promotionalBanner\">\r\n    <p class=\"promotionalText\">Najefikasniji na\u010din za u\u010denje jezika<\/p>\r\n    <a class=\"promotionalLink\" href=\"https:\/\/app.talkpal.ai\/signup?lng=\">Isprobajte Talkpal besplatno<\/a>\r\n<\/section>\n<div class=\"wp-block-group pageContainerStyle\"><div class=\"wp-block-group__inner-container is-layout-constrained wp-block-group-is-layout-constrained\">\n<h2 class=\"wp-block-heading\" id=\"h-the-allure-of-marathi-grammar-unfolding-its-mysteries-and-intricacies\">Marathi gramatika: otkrivanje njenih misterija i zamr\u0161enosti<\/h2>\n\n\n\n<p>Sje\u0107ate li se zbunjuju\u0107eg putovanja u\u010denja engleske gramatike, natovarenog slo\u017eenim pravilima, izuzecima i zamr\u0161enom terminologijom? Ako sada razmi\u0161ljate o u\u010denju Marathi jezika, pripremite se za jednako zanosno istra\u017eivanje gramatike Marathija.<\/p>\n\n\n\n<p>Marathi, indoarijski jezik koji se prete\u017eno govori u indijskoj dr\u017eavi Maharashtra, mo\u017ee se pohvaliti bogatom tradicijom i jedinstvenim jezi\u010dkim karakteristikama. Dok ronite u misti\u010dnost Marathi gramatike, otkri\u0107ete fascinantnu interakciju njenih alfabeta, zamr\u0161enih pravila i o\u010daravaju\u0107e fonetike. Dakle, hajde da zajedno razotkrijemo privla\u010dnost gramatike Marathi, jedno po malo pravilo.<\/p>\n\n\n\n<p>Jedna od najupe\u010datljivijih karakteristika <strong>Marathi gramatike<\/strong> je njena \u0161iroka upotreba infleksija imenica. Ove infleksije \u010desto poma\u017eu u preno\u0161enju klju\u010dnih gramati\u010dkih elemenata, kao \u0161to su broj, pol i slu\u010daj. Marathi ima tri spola \u2013 mu\u0161ki, \u017eenski i kauterski \u2013 a svaki rod posjeduje svoj prepoznatljivi skup obrazaca inflekcije. Nadalje, jezik ima dva broja \u2013 jednina i mno\u017eina \u2013 koji poma\u017eu u izra\u017eavanju koli\u010dine imenice.<\/p>\n\n\n\n<p>Jo\u0161 jedna <strong>jedinstvena osobina Marathi gramatike<\/strong> je na\u010din na koji glagoli konjugiraju, ovisno o napetosti. Kada konjugirate glagole na maratskom jeziku, morate uzeti u obzir ne samo glagolsko vrijeme ve\u0107 i rod i broj subjekta. Oblici glagola Marathi uklju\u010duju sada\u0161nje vrijeme, pro\u0161lo vrijeme i budu\u0107e vrijeme, zajedno sa imperativima i konjuktivima. Ove opse\u017ene konjugacije dodaju dubinu i dinami\u010dnost Marathiju, \u0161to ga \u010dini zaista zadivljuju\u0107im jezikom za istra\u017eivanje.<\/p>\n\n\n\n<p>Marathi jezik je tako\u0111er poznat po svojoj <strong>raznolikosti zamjenica<\/strong>. Marathi ima brojne li\u010dne, demonstrativne, ispitiva\u010dke i refleksivne zamjenice, od kojih svaka dolazi sa svojim obrascima deklinacije. Ovo u po\u010detku mo\u017ee izgledati zastra\u0161uju\u0107e, ali kako dublje zalazite u jezik, cijenit \u0107ete neusporedivu preciznost koju nudi Marathi <a href=\"https:\/\/talkpal.ai\/sq\/gramatika\/\">gramatika<\/a>.<\/p>\n\n\n\n<p>Jo\u0161 jedan intrigantan aspekt marathi gramatike le\u017ei u njenom <strong>rasporedu rije\u010di u re\u010denici<\/strong>. Redoslijed rije\u010di u Marathiju op\u0107enito slijedi strukturu subjekt-objekt-glagol (SOV), sli\u010dnu drugim indoarskim jezicima. Ova struktura obi\u010dno stavlja glagol na kraj re\u010denice, \u0161to se u po\u010detku mo\u017ee pokazati izazovnim za govornike engleskog jezika.<\/p>\n\n\n\n<p>Zaroniv\u0161i u <strong>Marathi fonetiku<\/strong>, nai\u0107i \u0107ete na o\u010daravaju\u0107i raspon zvukova, izra\u017eenih kroz 16 samoglasnika (swar) i 36 suglasnika (vyanjan). Devanagari pismo, koje koristi marathi, dodaje sloj \u0161arma ovom ve\u0107 o\u010daravaju\u0107em jeziku.  <\/p>\n\n\n\n<p>U\u010denje marathi gramatike, sa svojim bezbroj pravila i slo\u017eenosti, u po\u010detku mo\u017ee nesumnjivo biti zastra\u0161uju\u0107i zadatak. Me\u0111utim, ovaj izazov je i <a href=\"https:\/\/talkpal.ai\/locations\/language-courses-in-ono\/\">ono<\/a> \u0161to ga \u010dini izuzetno stimulativnim i zadovoljavaju\u0107im. Dok uronite u o\u010daravaju\u0107i svet marathi gramatike, otkri\u0107ete ne samo funkcionisanje jezika, ve\u0107 \u0107ete i ste\u0107i dublje razumevanje kulture, istorije i mudrosti koju on oli\u010dava.<\/p>\n\n\n\n<p>Dakle, za\u0161to se ne upustite u ovu jezi\u010dku avanturu da istra\u017eite primamljive dubine marathi gramatike i otkrijete njene bezbrojne misterije i nijanse koje \u010dekaju da budu savladane? Radost u\u010denja i u\u017eitak razumijevanja suptilnosti Marathi gramatike udaljeni su samo nekoliko trenutaka!<\/p>\n<\/div><\/div>\n\r\n<section class=\"learnNavigationSection\">\r\n            \r\n        <a href=\"https:\/\/talkpal.ai\/bs\/nauci-marathi\/\">\r\n            <div class=\"learnNavigationWrapper\">\r\n                <div class=\"learnNavigationContent\">\r\n                    <img decoding=\"async\" src=\"https:\/\/talkpal.ai\/wp-content\/uploads\/2023\/05\/Marathi-india.png\" alt=\"TalkPal Marathi Flag\">\r\n                    <div>\r\n                        <h4>O u\u010denju marathi<\/h4>\r\n                        <p>Saznaj sve o Marathi gramatici.<\/p>\r\n                    <\/div>\r\n                <\/div>\r\n            <\/div>\r\n        <\/a>\r\n\r\n        \r\n        <a href=\"https:\/\/talkpal.ai\/bs\/marathi-gramaticke-vezbe\/\">\r\n            <div class=\"learnNavigationWrapper\">\r\n                <div class=\"learnNavigationContent\">\r\n                    <img decoding=\"async\" src=\"https:\/\/talkpal.ai\/wp-content\/uploads\/2023\/05\/Marathi-india.png\" alt=\"TalkPal Marathi Flag\">\r\n                    <div>\r\n                        <h4>Gramati\u010dka vje\u017eba marathi<\/h4>\r\n                        <p>Vje\u017ebaj Marathi gramatiku.<\/p>\r\n                    <\/div>\r\n                <\/div>\r\n            <\/div>\r\n        <\/a>\r\n\r\n        \r\n        <a href=\"https:\/\/talkpal.ai\/vocabulary_language\/marathi\/\">\r\n            <div class=\"learnNavigationWrapper\">\r\n                <div class=\"learnNavigationContent\">\r\n                    <img decoding=\"async\" src=\"https:\/\/talkpal.ai\/wp-content\/uploads\/2023\/05\/Marathi-india.png\" alt=\"TalkPal Marathi Flag\">\r\n                    <div>\r\n                        <h4>Marathi Vocabulary<\/h4>\r\n                        <p>Pro\u0161irite svoj vokabular Marathi.<\/p>\r\n                    <\/div>\r\n                <\/div>\r\n            <\/div>\r\n        <\/a>\r\n\r\n            <\/section>","protected":false},"excerpt":{"rendered":"<p>Marathi gramatika: otkrivanje njenih misterija i zamr\u0161enosti Sje\u0107ate li se zbunjuju\u0107eg putovanja u\u010denja engleske gramatike, natovarenog slo\u017eenim pravilima, izuzecima i zamr\u0161enom terminologijom? Ako sada razmi\u0161ljate o u\u010denju Marathi jezika, pripremite se za jednako zanosno istra\u017eivanje gramatike Marathija. Marathi, indoarijski jezik koji se prete\u017eno govori u indijskoj dr\u017eavi Maharashtra, mo\u017ee se pohvaliti bogatom tradicijom i jedinstvenim [&hellip;]<\/p>\n","protected":false},"author":1,"featured_media":116409,"parent":0,"menu_order":0,"comment_status":"closed","ping_status":"closed","template":"LearningContentPage.php","meta":{"_acf_changed":false,"footnotes":""},"class_list":["post-147524","page","type-page","status-publish","has-post-thumbnail","hentry"],"acf":[],"yoast_head":"<!-- This site is optimized with the Yoast SEO Premium plugin v27.2 (Yoast SEO v27.2) - https:\/\/yoast.com\/product\/yoast-seo-premium-wordpress\/ -->\n<title>Marathi gramatika - Talkpal<\/title>\n<meta name=\"description\" content=\"Istra\u017eite fascinantan svijet gramatike marathi jezika i otkrijte njegova jedinstvena pravila, fonetiku i infleksije dok u\u010dite jezik.\" \/>\n<meta name=\"robots\" content=\"index, follow, max-snippet:-1, max-image-preview:large, max-video-preview:-1\" \/>\n<link rel=\"canonical\" href=\"https:\/\/talkpal.ai\/bs\/marathi-gramatika\/\" \/>\n<meta property=\"og:locale\" content=\"bs_BA\" \/>\n<meta property=\"og:type\" content=\"article\" \/>\n<meta property=\"og:title\" content=\"Marathi gramatika\" \/>\n<meta property=\"og:description\" content=\"Marathi gramatika: otkrivanje njenih misterija i zamr\u0161enosti Sje\u0107ate li se zbunjuju\u0107eg putovanja u\u010denja engleske gramatike, natovarenog slo\u017eenim\" \/>\n<meta property=\"og:url\" content=\"https:\/\/talkpal.ai\/bs\/marathi-gramatika\/\" \/>\n<meta property=\"og:site_name\" content=\"Talkpal\" \/>\n<meta property=\"article:publisher\" content=\"https:\/\/www.facebook.com\/profile.php?id=100090733639311\" \/>\n<meta property=\"article:modified_time\" content=\"2025-12-12T10:38:42+00:00\" \/>\n<meta property=\"og:image\" content=\"https:\/\/talkpal.ai\/wp-content\/uploads\/2023\/05\/Marathi-india.png\" \/>\n\t<meta property=\"og:image:width\" content=\"512\" \/>\n\t<meta property=\"og:image:height\" content=\"512\" \/>\n\t<meta property=\"og:image:type\" content=\"image\/png\" \/>\n<meta name=\"twitter:card\" content=\"summary_large_image\" \/>\n<meta name=\"twitter:site\" content=\"@talkpalai\" \/>\n<meta name=\"twitter:label1\" content=\"Est. reading time\" \/>\n\t<meta name=\"twitter:data1\" content=\"3 minute\" \/>\n<script type=\"application\/ld+json\" class=\"yoast-schema-graph\">{\"@context\":\"https:\/\/schema.org\",\"@graph\":[{\"@type\":\"WebPage\",\"@id\":\"https:\/\/talkpal.ai\/bs\/marathi-gramatika\/\",\"url\":\"https:\/\/talkpal.ai\/bs\/marathi-gramatika\/\",\"name\":\"Marathi gramatika - Talkpal\",\"isPartOf\":{\"@id\":\"https:\/\/talkpal.ai\/bs\/#website\"},\"primaryImageOfPage\":{\"@id\":\"https:\/\/talkpal.ai\/bs\/marathi-gramatika\/#primaryimage\"},\"image\":{\"@id\":\"https:\/\/talkpal.ai\/bs\/marathi-gramatika\/#primaryimage\"},\"thumbnailUrl\":\"https:\/\/talkpal.ai\/wp-content\/uploads\/2023\/05\/Marathi-india.png\",\"datePublished\":\"2023-05-14T14:12:07+00:00\",\"dateModified\":\"2025-12-12T10:38:42+00:00\",\"description\":\"Istra\u017eite fascinantan svijet gramatike marathi jezika i otkrijte njegova jedinstvena pravila, fonetiku i infleksije dok u\u010dite jezik.\",\"breadcrumb\":{\"@id\":\"https:\/\/talkpal.ai\/bs\/marathi-gramatika\/#breadcrumb\"},\"inLanguage\":\"bs-BA\",\"potentialAction\":[{\"@type\":\"ReadAction\",\"target\":[\"https:\/\/talkpal.ai\/bs\/marathi-gramatika\/\"]}]},{\"@type\":\"ImageObject\",\"inLanguage\":\"bs-BA\",\"@id\":\"https:\/\/talkpal.ai\/bs\/marathi-gramatika\/#primaryimage\",\"url\":\"https:\/\/talkpal.ai\/wp-content\/uploads\/2023\/05\/Marathi-india.png\",\"contentUrl\":\"https:\/\/talkpal.ai\/wp-content\/uploads\/2023\/05\/Marathi-india.png\",\"width\":512,\"height\":512},{\"@type\":\"BreadcrumbList\",\"@id\":\"https:\/\/talkpal.ai\/bs\/marathi-gramatika\/#breadcrumb\",\"itemListElement\":[{\"@type\":\"ListItem\",\"position\":1,\"name\":\"Homepage\",\"item\":\"https:\/\/talkpal.ai\/bs\/\"},{\"@type\":\"ListItem\",\"position\":2,\"name\":\"Marathi gramatika\"}]},{\"@type\":\"WebSite\",\"@id\":\"https:\/\/talkpal.ai\/bs\/#website\",\"url\":\"https:\/\/talkpal.ai\/bs\/\",\"name\":\"Talkpal\",\"description\":\"AI Language Learning\",\"publisher\":{\"@id\":\"https:\/\/talkpal.ai\/bs\/#organization\"},\"alternateName\":\"Talkpal AI\",\"potentialAction\":[{\"@type\":\"SearchAction\",\"target\":{\"@type\":\"EntryPoint\",\"urlTemplate\":\"https:\/\/talkpal.ai\/bs\/?s={search_term_string}\"},\"query-input\":{\"@type\":\"PropertyValueSpecification\",\"valueRequired\":true,\"valueName\":\"search_term_string\"}}],\"inLanguage\":\"bs-BA\"},{\"@type\":\"Organization\",\"@id\":\"https:\/\/talkpal.ai\/bs\/#organization\",\"name\":\"Talkpal, Inc.\",\"alternateName\":\"Talkpal AI\",\"url\":\"https:\/\/talkpal.ai\/bs\/\",\"logo\":{\"@type\":\"ImageObject\",\"inLanguage\":\"bs-BA\",\"@id\":\"https:\/\/talkpal.ai\/bs\/#\/schema\/logo\/image\/\",\"url\":\"https:\/\/talkpal.ai\/wp-content\/uploads\/2024\/03\/Talkpal-Logo-Icon.png\",\"contentUrl\":\"https:\/\/talkpal.ai\/wp-content\/uploads\/2024\/03\/Talkpal-Logo-Icon.png\",\"width\":2880,\"height\":2880,\"caption\":\"Talkpal, Inc.\"},\"image\":{\"@id\":\"https:\/\/talkpal.ai\/bs\/#\/schema\/logo\/image\/\"},\"sameAs\":[\"https:\/\/www.facebook.com\/profile.php?id=100090733639311\",\"https:\/\/x.com\/talkpalai\",\"https:\/\/www.linkedin.com\/company\/talkpal\/\",\"https:\/\/www.youtube.com\/@TalkPal\/\",\"https:\/\/www.tiktok.com\/@talkpal\",\"https:\/\/www.instagram.com\/talkpal_ai\/\",\"https:\/\/www.crunchbase.com\/organization\/talkpal-9cde\",\"https:\/\/www.g2.com\/products\/talkpal-for-business\/\",\"https:\/\/www.trustpilot.com\/review\/talkpal.ai\",\"https:\/\/www.capterra.com\/p\/10006800\/TalkPal\/\"],\"description\":\"Talkpal is a language learning web and mobile education app, powered by the latest AI technologies, that provides engaging experiences to its customers in many different languages to help them improve their language skills. Users can chat about unlimited amount of topics with the app and use other modes to practice their language learning.\",\"email\":\"support@talkpal.ai\",\"legalName\":\"Talkpal, Inc.\",\"foundingDate\":\"2023-04-03\",\"duns\":\"118989042\",\"numberOfEmployees\":{\"@type\":\"QuantitativeValue\",\"minValue\":\"11\",\"maxValue\":\"50\"},\"publishingPrinciples\":\"https:\/\/talkpal.ai\/publishing-principles\/\",\"actionableFeedbackPolicy\":\"https:\/\/talkpal.ai\/actionable-feedback-policy\/\",\"correctionsPolicy\":\"https:\/\/talkpal.ai\/corrections-policy\/\",\"ethicsPolicy\":\"https:\/\/talkpal.ai\/ethics-policy\/\",\"diversityPolicy\":\"https:\/\/talkpal.ai\/diversity-policy\/\",\"diversityStaffingReport\":\"https:\/\/talkpal.ai\/diversity-policy\/\"}]}<\/script>\n<!-- \/ Yoast SEO Premium plugin. -->","yoast_head_json":{"title":"Marathi gramatika - Talkpal","description":"Istra\u017eite fascinantan svijet gramatike marathi jezika i otkrijte njegova jedinstvena pravila, fonetiku i infleksije dok u\u010dite jezik.","robots":{"index":"index","follow":"follow","max-snippet":"max-snippet:-1","max-image-preview":"max-image-preview:large","max-video-preview":"max-video-preview:-1"},"canonical":"https:\/\/talkpal.ai\/bs\/marathi-gramatika\/","og_locale":"bs_BA","og_type":"article","og_title":"Marathi gramatika","og_description":"Marathi gramatika: otkrivanje njenih misterija i zamr\u0161enosti Sje\u0107ate li se zbunjuju\u0107eg putovanja u\u010denja engleske gramatike, natovarenog slo\u017eenim","og_url":"https:\/\/talkpal.ai\/bs\/marathi-gramatika\/","og_site_name":"Talkpal","article_publisher":"https:\/\/www.facebook.com\/profile.php?id=100090733639311","article_modified_time":"2025-12-12T10:38:42+00:00","og_image":[{"width":512,"height":512,"url":"https:\/\/talkpal.ai\/wp-content\/uploads\/2023\/05\/Marathi-india.png","type":"image\/png"}],"twitter_card":"summary_large_image","twitter_site":"@talkpalai","twitter_misc":{"Est. reading time":"3 minute"},"schema":{"@context":"https:\/\/schema.org","@graph":[{"@type":"WebPage","@id":"https:\/\/talkpal.ai\/bs\/marathi-gramatika\/","url":"https:\/\/talkpal.ai\/bs\/marathi-gramatika\/","name":"Marathi gramatika - Talkpal","isPartOf":{"@id":"https:\/\/talkpal.ai\/bs\/#website"},"primaryImageOfPage":{"@id":"https:\/\/talkpal.ai\/bs\/marathi-gramatika\/#primaryimage"},"image":{"@id":"https:\/\/talkpal.ai\/bs\/marathi-gramatika\/#primaryimage"},"thumbnailUrl":"https:\/\/talkpal.ai\/wp-content\/uploads\/2023\/05\/Marathi-india.png","datePublished":"2023-05-14T14:12:07+00:00","dateModified":"2025-12-12T10:38:42+00:00","description":"Istra\u017eite fascinantan svijet gramatike marathi jezika i otkrijte njegova jedinstvena pravila, fonetiku i infleksije dok u\u010dite jezik.","breadcrumb":{"@id":"https:\/\/talkpal.ai\/bs\/marathi-gramatika\/#breadcrumb"},"inLanguage":"bs-BA","potentialAction":[{"@type":"ReadAction","target":["https:\/\/talkpal.ai\/bs\/marathi-gramatika\/"]}]},{"@type":"ImageObject","inLanguage":"bs-BA","@id":"https:\/\/talkpal.ai\/bs\/marathi-gramatika\/#primaryimage","url":"https:\/\/talkpal.ai\/wp-content\/uploads\/2023\/05\/Marathi-india.png","contentUrl":"https:\/\/talkpal.ai\/wp-content\/uploads\/2023\/05\/Marathi-india.png","width":512,"height":512},{"@type":"BreadcrumbList","@id":"https:\/\/talkpal.ai\/bs\/marathi-gramatika\/#breadcrumb","itemListElement":[{"@type":"ListItem","position":1,"name":"Homepage","item":"https:\/\/talkpal.ai\/bs\/"},{"@type":"ListItem","position":2,"name":"Marathi gramatika"}]},{"@type":"WebSite","@id":"https:\/\/talkpal.ai\/bs\/#website","url":"https:\/\/talkpal.ai\/bs\/","name":"Talkpal","description":"AI Language Learning","publisher":{"@id":"https:\/\/talkpal.ai\/bs\/#organization"},"alternateName":"Talkpal AI","potentialAction":[{"@type":"SearchAction","target":{"@type":"EntryPoint","urlTemplate":"https:\/\/talkpal.ai\/bs\/?s={search_term_string}"},"query-input":{"@type":"PropertyValueSpecification","valueRequired":true,"valueName":"search_term_string"}}],"inLanguage":"bs-BA"},{"@type":"Organization","@id":"https:\/\/talkpal.ai\/bs\/#organization","name":"Talkpal, Inc.","alternateName":"Talkpal AI","url":"https:\/\/talkpal.ai\/bs\/","logo":{"@type":"ImageObject","inLanguage":"bs-BA","@id":"https:\/\/talkpal.ai\/bs\/#\/schema\/logo\/image\/","url":"https:\/\/talkpal.ai\/wp-content\/uploads\/2024\/03\/Talkpal-Logo-Icon.png","contentUrl":"https:\/\/talkpal.ai\/wp-content\/uploads\/2024\/03\/Talkpal-Logo-Icon.png","width":2880,"height":2880,"caption":"Talkpal, Inc."},"image":{"@id":"https:\/\/talkpal.ai\/bs\/#\/schema\/logo\/image\/"},"sameAs":["https:\/\/www.facebook.com\/profile.php?id=100090733639311","https:\/\/x.com\/talkpalai","https:\/\/www.linkedin.com\/company\/talkpal\/","https:\/\/www.youtube.com\/@TalkPal\/","https:\/\/www.tiktok.com\/@talkpal","https:\/\/www.instagram.com\/talkpal_ai\/","https:\/\/www.crunchbase.com\/organization\/talkpal-9cde","https:\/\/www.g2.com\/products\/talkpal-for-business\/","https:\/\/www.trustpilot.com\/review\/talkpal.ai","https:\/\/www.capterra.com\/p\/10006800\/TalkPal\/"],"description":"Talkpal is a language learning web and mobile education app, powered by the latest AI technologies, that provides engaging experiences to its customers in many different languages to help them improve their language skills. Users can chat about unlimited amount of topics with the app and use other modes to practice their language learning.","email":"support@talkpal.ai","legalName":"Talkpal, Inc.","foundingDate":"2023-04-03","duns":"118989042","numberOfEmployees":{"@type":"QuantitativeValue","minValue":"11","maxValue":"50"},"publishingPrinciples":"https:\/\/talkpal.ai\/publishing-principles\/","actionableFeedbackPolicy":"https:\/\/talkpal.ai\/actionable-feedback-policy\/","correctionsPolicy":"https:\/\/talkpal.ai\/corrections-policy\/","ethicsPolicy":"https:\/\/talkpal.ai\/ethics-policy\/","diversityPolicy":"https:\/\/talkpal.ai\/diversity-policy\/","diversityStaffingReport":"https:\/\/talkpal.ai\/diversity-policy\/"}]}},"_links":{"self":[{"href":"https:\/\/talkpal.ai\/bs\/wp-json\/wp\/v2\/pages\/147524","targetHints":{"allow":["GET"]}}],"collection":[{"href":"https:\/\/talkpal.ai\/bs\/wp-json\/wp\/v2\/pages"}],"about":[{"href":"https:\/\/talkpal.ai\/bs\/wp-json\/wp\/v2\/types\/page"}],"author":[{"embeddable":true,"href":"https:\/\/talkpal.ai\/bs\/wp-json\/wp\/v2\/users\/1"}],"replies":[{"embeddable":true,"href":"https:\/\/talkpal.ai\/bs\/wp-json\/wp\/v2\/comments?post=147524"}],"version-history":[{"count":0,"href":"https:\/\/talkpal.ai\/bs\/wp-json\/wp\/v2\/pages\/147524\/revisions"}],"wp:featuredmedia":[{"embeddable":true,"href":"https:\/\/talkpal.ai\/bs\/wp-json\/wp\/v2\/media\/116409"}],"wp:attachment":[{"href":"https:\/\/talkpal.ai\/bs\/wp-json\/wp\/v2\/media?parent=147524"}],"curies":[{"name":"wp","href":"https:\/\/api.w.org\/{rel}","templated":true}]}}