{"id":1474513,"date":"2025-11-11T15:33:17","date_gmt":"2025-11-11T15:33:17","guid":{"rendered":"https:\/\/talkpal.ai\/baskijska-gramatika\/"},"modified":"2025-12-30T15:34:50","modified_gmt":"2025-12-30T15:34:50","slug":"baskijska-gramatika","status":"publish","type":"page","link":"https:\/\/talkpal.ai\/bs\/baskijska-gramatika\/","title":{"rendered":"Baskijska gramatika"},"content":{"rendered":"\r\n\r\n\r\n<section class=\"languageChallengeSection\">\r\n    <div class=\"languageInfoWrapper\">\r\n        \r\n        <h1>Baskijska gramatika<\/h1>\r\n        <p>Baskijska <a href=\"https:\/\/talkpal.ai\/sq\/gramatika\/\">gramatika<\/a> se mo\u017ee \u010diniti izazovnom u po\u010detku, ali njene jedinstvene karakteristike \u010dine u\u010denje jezika korisnim iskustvom. Istra\u017euju\u0107i njegovu abecedu, mutacije i gramati\u010dka pravila, ste\u0107i \u0107ete uvid u bogatu jezi\u010dku tradiciju. Zapo\u010dnite svoje putovanje i otkrijte ljepotu Baskije!<\/p>\r\n\r\n                            <a class=\"getStartedHidden\" href=\"https:\/\/app.talkpal.ai\/signup?lng=\">Kreni<\/a>\r\n        \r\n    <\/div>\r\n\r\n    <figure>\r\n    <img decoding=\"async\" width=\"768\" height=\"768\" src=\"https:\/\/talkpal.ai\/wp-content\/uploads\/2023\/06\/welsh-768x768.png\" class=\"languageImage no-lazy\" alt=\"Language learning for better cognitive abilities\" fetchpriority=\"high\" sizes=\"(max-width: 768px) 150px, 768px\" srcset=\"https:\/\/talkpal.ai\/wp-content\/uploads\/2023\/06\/welsh-768x768.png 768w, https:\/\/talkpal.ai\/wp-content\/uploads\/2023\/06\/welsh-300x300.png 300w\" \/>\r\n    \r\n\r\n    <\/figure>\r\n\r\n            <a class=\"getStartedVisible\" href=\"https:\/\/app.talkpal.ai\/signup?lng=\">Kreni<\/a>\r\n    \r\n<\/section><section class=\"promotionalBanner\">\r\n    <p class=\"promotionalText\">Najefikasniji na\u010din za u\u010denje jezika<\/p>\r\n    <a class=\"promotionalLink\" href=\"https:\/\/app.talkpal.ai\/signup?lng=\">Isprobajte Talkpal besplatno<\/a>\r\n<\/section>\n<div class=\"wp-block-group pageContainerStyle\"><div class=\"wp-block-group__inner-container is-layout-constrained wp-block-group-is-layout-constrained\">\n<h2 class=\"wp-block-heading\" id=\"h-navigating-the-intricacies-of-basque-grammar\">Navigacija kroz zamr\u0161enost baskijski gramatike<\/h2>\n\n\n\n<p><a href=\"https:\/\/talkpal.ai\/bs\/naucite-baskijski\/\">Baskijski,<\/a> izolirani jezik sa bogatom historijom i kulturnim zna\u010dajem, nudi uzbudljivo lingvisti\u010dko iskustvo za one \u017eeljne da istra\u017ee njegov jedinstveni gramati\u010dki sistem. Dok se upu\u0161tate u carstvo baskijskog, ne samo da \u0107ete obogatiti svoj lingvisti\u010dki repertoar, ve\u0107 \u0107ete i prigrliti fascinantno kulturno putovanje. Iako se baskijska gramatika mo\u017ee \u010diniti kompliciranom u po\u010detku, ra\u0161\u010dlanjivanje na osnovne komponente \u010dini u\u010denje jezika pristupa\u010dnijim. U ovom \u010dlanku \u0107emo istra\u017eiti zadivljuju\u0107i svijet baskijske gramatike i dati savjete o tome kako savladati njegovu slo\u017eenost.<\/p>\n\n\n\n<h3 class=\"wp-block-heading\" id=\"h-1-basque-alphabet-and-phonetics\">1. Baskijska abeceda i fonetika<\/h3>\n\n\n\n<p>Baskijska abeceda u standardnom baskijskom jeziku sastoji se od 27 slova. Karakteristi\u010dne karakteristike uklju\u010duju digrafe &#8220;tx&#8221;, &#8220;tz&#8221; i &#8220;ts&#8221;, koji predstavljaju jedinstvene zvukove, slovo &#8220;x&#8221; koje se izgovara kao <a href=\"https:\/\/talkpal.ai\/learn-english-with-ai\/\">engleski<\/a> &#8220;sh&#8221; i kontrast izme\u0111u jednog &#8220;r&#8221; i dvostrukog &#8220;rr&#8221;. Neka slova kao \u0161to su &#8220;c&#8221;, &#8220;q&#8221;, &#8220;v&#8221;, &#8220;w&#8221; i &#8220;y&#8221; pojavljuju se uglavnom u posu\u0111enicama. Da biste nau\u010dili baskijsku gramatiku, klju\u010dno je upoznati se sa ovim sistemom pisanja vje\u017ebaju\u0107i \u010ditanje i pisanje na baskijskom jeziku.<\/p>\n\n\n\n<h3 class=\"wp-block-heading\" id=\"h-2-case-suffixes-and-ergativity-a-core-basque-feature\">2. Sufiksi pade\u017ea i ergativnost: osnovna baskijska karakteristika<\/h3>\n\n\n\n<p>Jedan od najupe\u010datljivijih aspekata baskijske gramatike je njeno ergativno-apsolutno poravnanje i bogat sistem pade\u017enih sufiksa. Imenice i pune imenske fraze imaju zavr\u0161etke koji ozna\u010davaju njihovu ulogu u re\u010denici, kao \u0161to su apsolut (\u010desto nula, ili -a\/-ak sa odre\u0111enim \u010dlanom), ergativ (-k ili -ek), dativ (-ri ili -ei), genitiv (-ren), inessiv (-n), alativ (-ra), ablativ (-tik), instrumental (-z) i komitativ (-ekin). Razumijevanje kada i kako se ovi zavr\u0161eci koriste, i da se ve\u017eu za posljednju rije\u010d imenske fraze, je od vitalnog zna\u010daja za ta\u010dnu komunikaciju na baskijskom jeziku.<\/p>\n\n\n\n<h3 class=\"wp-block-heading\" id=\"h-3-nouns-and-pronouns-gender-and-cases\">3. imenice i zamjenice: spol i slu\u010dajevi<\/h3>\n\n\n\n<p>Baskijske imenice nemaju gramati\u010dki rod, \u0161to pojednostavljuje slaganje, ali su u interakciji sa opse\u017enim sistemom pade\u017ea i odre\u0111enosti. Broj i odre\u0111enost se obi\u010dno izra\u017eavaju sufiksima \u010dlanova -a (definitivna jednina) i -ak (definitivna mno\u017eina ili ergativna jednina). Zamjenice u baskijskom jeziku uklju\u010duju li\u010dne (ni, hi, zu, zuek, gu, bera, haiek), posvojne (nire, zure, bere, gure, zuen, haien), refleksivne (bere burua), pokazne (hau, hori, hura) i upitne (nor, zer, zein) zamjenice. Upoznavanje s ovim zamjenicama i njihovim oblicima u pade\u017eima zna\u010dajno \u0107e pobolj\u0161ati va\u0161e razumijevanje baskjske gramatike.<\/p>\n\n\n\n<h3 class=\"wp-block-heading\" id=\"h-4-verbs-structure-and-conjugation\">Glagoli: struktura i konjugacija<\/h3>\n\n\n\n<p><a href=\"https:\/\/talkpal.ai\/learn-basque\/\">Baskijski<\/a> glagoli se u velikoj mjeri oslanjaju na pomo\u0107ne glagole i pokazuju saglasnost sa subjektom, a \u010desto i sa direktnim i indirektnim objektima. Mnoga vremena su perifrasti\u010dna i izgra\u0111ena sa participima i pomo\u0107nim glagolima izan i edun, dok ograni\u010deni skup glagola tako\u0111er ima sinteti\u010dke oblike. Osnovna vremena u baskijskom jeziku su sada\u0161njost, pro\u0161lost i budu\u0107nost, sa dodatnim elementima kao \u0161to su kondicionalno i imperativno raspolo\u017eenje. U\u010denje kako funkcionira pomo\u0107na selekcija, zajedno sa osnovnim obrascima konjugacije, pobolj\u0161at \u0107e va\u0161u sposobnost da efikasno komunicirate na baskijskom.<\/p>\n\n\n\n<h3 class=\"wp-block-heading\" id=\"h-5-adjectives-agreement-and-placement\">Pridjevi: Sporazum i smje\u0161taj<\/h3>\n\n\n\n<p>U baskijskoj gramatici, pridjevi obi\u010dno slijede imenicu koju modificiraju. Sami pridjevi se ne mijenjaju za broj ili rod, ali determinator i sufiks pade\u017ea za cijelu imensku frazu pojavljuju se na zavr\u0161nom elementu, \u010desto pridjevu. Komparativi i superlativi se obi\u010dno formiraju sa -ago i -en ili -ena, koji su bitni za u\u010denje prirodnije komunikacije.<\/p>\n\n\n\n<p><strong>Primjeri:<\/strong><\/p>\n\n\n\n<p><strong>\u2013 Ume txikiak (mala djeca)<\/strong><\/p>\n\n\n\n<p><strong>&#8211; Maitasun Handi (Velika ljubav)<\/strong><\/p>\n\n\n\n<h3 class=\"wp-block-heading\" id=\"h-6-engaging-with-the-language\">b) Povezivanje sa jezikom<\/h3>\n\n\n\n<p>Najefikasniji na\u010din da se u potpunosti razumije i internalizira baskijska gramatika je dosljedno bavljenje jezikom. \u010citaju\u0107i baskijsku knji\u017eevnost, gledaju\u0107i baskjske filmove ili televizijske serije, slu\u0161aju\u0107i <a href=\"https:\/\/talkpal.ai\/learn-basque\/\">baskijski<\/a> radio i aktivno komuniciraju\u0107i sa izvornim govornicima, oja\u010dat \u0107ete svoje razumijevanje gramatike dok pro\u0161irujete svoj vokabular.<\/p>\n\n\n\n<h3 class=\"wp-block-heading\" id=\"h-conclusion\">Zaklju\u010dak<\/h3>\n\n\n\n<p>Iako se baskijska gramatika mo\u017ee \u010diniti zamr\u0161enom, mo\u017eete postati vje\u0161ti u ovom prekrasnom jeziku uz predanost, praksu i entuzijazam. Fokusiraju\u0107i se na osnovna pravila i bave\u0107i se jezikom u razli\u010ditim kontekstima, brzo \u0107ete pobolj\u0161ati <a href=\"https:\/\/talkpal.ai\/bs\/gramatika\/\">svoje baskijske gramati\u010dke vje\u0161tine<\/a>. Zorte na (sretno) sa svojim baskijskim jezi\u010dnim putovanjem, i u\u017eivajte u otkrivanju zagonetnog, ali zadivljuju\u0107eg svijeta baskijski gramatike!<\/p>\n<\/div><\/div>\n\r\n<section class=\"learnNavigationSection\">\r\n            \r\n        <a href=\"https:\/\/talkpal.ai\/bs\/naucite-baskijski\/\">\r\n            <div class=\"learnNavigationWrapper\">\r\n                <div class=\"learnNavigationContent\">\r\n                    <img decoding=\"async\" src=\"https:\/\/talkpal.ai\/wp-content\/uploads\/2025\/11\/Basque.png\" alt=\"Basque Flag\">\r\n                    <div>\r\n                        <h4>O baskijskom u\u010denju<\/h4>\r\n                        <p>Saznajte sve o baskijskoj gramatici.<\/p>\r\n                    <\/div>\r\n                <\/div>\r\n            <\/div>\r\n        <\/a>\r\n\r\n        \r\n        <a href=\"https:\/\/talkpal.ai\/bs\/baskijske-gramaticke-vjezbe\/\">\r\n            <div class=\"learnNavigationWrapper\">\r\n                <div class=\"learnNavigationContent\">\r\n                    <img decoding=\"async\" src=\"https:\/\/talkpal.ai\/wp-content\/uploads\/2025\/11\/Basque.png\" alt=\"Basque Flag\">\r\n                    <div>\r\n                        <h4>Baskijska gramati\u010dka vje\u017eba<\/h4>\r\n                        <p>Vje\u017ebajte baskijsku gramatiku.<\/p>\r\n                    <\/div>\r\n                <\/div>\r\n            <\/div>\r\n        <\/a>\r\n\r\n            <\/section>\n<p><\/p>\n","protected":false},"excerpt":{"rendered":"<p>Navigacija kroz zamr\u0161enost baskijski gramatike Baskijski, izolirani jezik sa bogatom historijom i kulturnim zna\u010dajem, nudi uzbudljivo lingvisti\u010dko iskustvo za one \u017eeljne da istra\u017ee njegov jedinstveni gramati\u010dki sistem. Dok se upu\u0161tate u carstvo baskijskog, ne samo da \u0107ete obogatiti svoj lingvisti\u010dki repertoar, ve\u0107 \u0107ete i prigrliti fascinantno kulturno putovanje. Iako se baskijska gramatika mo\u017ee \u010diniti kompliciranom [&hellip;]<\/p>\n","protected":false},"author":20,"featured_media":0,"parent":0,"menu_order":0,"comment_status":"closed","ping_status":"closed","template":"LearningContentPage.php","meta":{"_acf_changed":false,"footnotes":""},"class_list":["post-1474513","page","type-page","status-publish","hentry"],"acf":[],"yoast_head":"<!-- This site is optimized with the Yoast SEO Premium plugin v27.2 (Yoast SEO v27.2) - https:\/\/yoast.com\/product\/yoast-seo-premium-wordpress\/ -->\n<title>Baskijska gramatika - Talkpal<\/title>\n<meta name=\"description\" content=\"Savladajte baskijsku gramatiku uz ovaj vodi\u010d koji pokriva abecedu, fonetiku, pade\u017ene sufikse i pravila konjugacije glagola.\" \/>\n<meta name=\"robots\" content=\"index, follow, max-snippet:-1, max-image-preview:large, max-video-preview:-1\" \/>\n<link rel=\"canonical\" href=\"https:\/\/talkpal.ai\/bs\/baskijska-gramatika\/\" \/>\n<meta property=\"og:locale\" content=\"bs_BA\" \/>\n<meta property=\"og:type\" content=\"article\" \/>\n<meta property=\"og:title\" content=\"Baskijska gramatika\" \/>\n<meta property=\"og:description\" content=\"Navigacija kroz zamr\u0161enost baskijski gramatike Baskijski, izolirani jezik sa bogatom historijom i kulturnim zna\u010dajem, nudi uzbudljivo lingvisti\u010dko\" \/>\n<meta property=\"og:url\" content=\"https:\/\/talkpal.ai\/bs\/baskijska-gramatika\/\" \/>\n<meta property=\"og:site_name\" content=\"Talkpal\" \/>\n<meta property=\"article:publisher\" content=\"https:\/\/www.facebook.com\/profile.php?id=100090733639311\" \/>\n<meta property=\"article:modified_time\" content=\"2025-12-30T15:34:50+00:00\" \/>\n<meta property=\"og:image\" content=\"https:\/\/talkpal.ai\/wp-content\/uploads\/2025\/02\/Progress-tab-16_9.png\" \/>\n\t<meta property=\"og:image:width\" content=\"2880\" \/>\n\t<meta property=\"og:image:height\" content=\"1620\" \/>\n\t<meta property=\"og:image:type\" content=\"image\/png\" \/>\n<meta name=\"twitter:card\" content=\"summary_large_image\" \/>\n<meta name=\"twitter:site\" content=\"@talkpalai\" \/>\n<meta name=\"twitter:label1\" content=\"Est. reading time\" \/>\n\t<meta name=\"twitter:data1\" content=\"3 minute\" \/>\n<script type=\"application\/ld+json\" class=\"yoast-schema-graph\">{\"@context\":\"https:\/\/schema.org\",\"@graph\":[{\"@type\":\"WebPage\",\"@id\":\"https:\/\/talkpal.ai\/bs\/baskijska-gramatika\/\",\"url\":\"https:\/\/talkpal.ai\/bs\/baskijska-gramatika\/\",\"name\":\"Baskijska gramatika - Talkpal\",\"isPartOf\":{\"@id\":\"https:\/\/talkpal.ai\/bs\/#website\"},\"datePublished\":\"2025-11-11T15:33:17+00:00\",\"dateModified\":\"2025-12-30T15:34:50+00:00\",\"description\":\"Savladajte baskijsku gramatiku uz ovaj vodi\u010d koji pokriva abecedu, fonetiku, pade\u017ene sufikse i pravila konjugacije glagola.\",\"breadcrumb\":{\"@id\":\"https:\/\/talkpal.ai\/bs\/baskijska-gramatika\/#breadcrumb\"},\"inLanguage\":\"bs-BA\",\"potentialAction\":[{\"@type\":\"ReadAction\",\"target\":[\"https:\/\/talkpal.ai\/bs\/baskijska-gramatika\/\"]}]},{\"@type\":\"BreadcrumbList\",\"@id\":\"https:\/\/talkpal.ai\/bs\/baskijska-gramatika\/#breadcrumb\",\"itemListElement\":[{\"@type\":\"ListItem\",\"position\":1,\"name\":\"Homepage\",\"item\":\"https:\/\/talkpal.ai\/bs\/\"},{\"@type\":\"ListItem\",\"position\":2,\"name\":\"Baskijska gramatika\"}]},{\"@type\":\"WebSite\",\"@id\":\"https:\/\/talkpal.ai\/bs\/#website\",\"url\":\"https:\/\/talkpal.ai\/bs\/\",\"name\":\"Talkpal\",\"description\":\"AI Language Learning\",\"publisher\":{\"@id\":\"https:\/\/talkpal.ai\/bs\/#organization\"},\"alternateName\":\"Talkpal AI\",\"potentialAction\":[{\"@type\":\"SearchAction\",\"target\":{\"@type\":\"EntryPoint\",\"urlTemplate\":\"https:\/\/talkpal.ai\/bs\/?s={search_term_string}\"},\"query-input\":{\"@type\":\"PropertyValueSpecification\",\"valueRequired\":true,\"valueName\":\"search_term_string\"}}],\"inLanguage\":\"bs-BA\"},{\"@type\":\"Organization\",\"@id\":\"https:\/\/talkpal.ai\/bs\/#organization\",\"name\":\"Talkpal, Inc.\",\"alternateName\":\"Talkpal AI\",\"url\":\"https:\/\/talkpal.ai\/bs\/\",\"logo\":{\"@type\":\"ImageObject\",\"inLanguage\":\"bs-BA\",\"@id\":\"https:\/\/talkpal.ai\/bs\/#\/schema\/logo\/image\/\",\"url\":\"https:\/\/talkpal.ai\/wp-content\/uploads\/2024\/03\/Talkpal-Logo-Icon.png\",\"contentUrl\":\"https:\/\/talkpal.ai\/wp-content\/uploads\/2024\/03\/Talkpal-Logo-Icon.png\",\"width\":2880,\"height\":2880,\"caption\":\"Talkpal, Inc.\"},\"image\":{\"@id\":\"https:\/\/talkpal.ai\/bs\/#\/schema\/logo\/image\/\"},\"sameAs\":[\"https:\/\/www.facebook.com\/profile.php?id=100090733639311\",\"https:\/\/x.com\/talkpalai\",\"https:\/\/www.linkedin.com\/company\/talkpal\/\",\"https:\/\/www.youtube.com\/@TalkPal\/\",\"https:\/\/www.tiktok.com\/@talkpal\",\"https:\/\/www.instagram.com\/talkpal_ai\/\",\"https:\/\/www.crunchbase.com\/organization\/talkpal-9cde\",\"https:\/\/www.g2.com\/products\/talkpal-for-business\/\",\"https:\/\/www.trustpilot.com\/review\/talkpal.ai\",\"https:\/\/www.capterra.com\/p\/10006800\/TalkPal\/\"],\"description\":\"Talkpal is a language learning web and mobile education app, powered by the latest AI technologies, that provides engaging experiences to its customers in many different languages to help them improve their language skills. Users can chat about unlimited amount of topics with the app and use other modes to practice their language learning.\",\"email\":\"support@talkpal.ai\",\"legalName\":\"Talkpal, Inc.\",\"foundingDate\":\"2023-04-03\",\"duns\":\"118989042\",\"numberOfEmployees\":{\"@type\":\"QuantitativeValue\",\"minValue\":\"11\",\"maxValue\":\"50\"},\"publishingPrinciples\":\"https:\/\/talkpal.ai\/publishing-principles\/\",\"actionableFeedbackPolicy\":\"https:\/\/talkpal.ai\/actionable-feedback-policy\/\",\"correctionsPolicy\":\"https:\/\/talkpal.ai\/corrections-policy\/\",\"ethicsPolicy\":\"https:\/\/talkpal.ai\/ethics-policy\/\",\"diversityPolicy\":\"https:\/\/talkpal.ai\/diversity-policy\/\",\"diversityStaffingReport\":\"https:\/\/talkpal.ai\/diversity-policy\/\"}]}<\/script>\n<!-- \/ Yoast SEO Premium plugin. -->","yoast_head_json":{"title":"Baskijska gramatika - Talkpal","description":"Savladajte baskijsku gramatiku uz ovaj vodi\u010d koji pokriva abecedu, fonetiku, pade\u017ene sufikse i pravila konjugacije glagola.","robots":{"index":"index","follow":"follow","max-snippet":"max-snippet:-1","max-image-preview":"max-image-preview:large","max-video-preview":"max-video-preview:-1"},"canonical":"https:\/\/talkpal.ai\/bs\/baskijska-gramatika\/","og_locale":"bs_BA","og_type":"article","og_title":"Baskijska gramatika","og_description":"Navigacija kroz zamr\u0161enost baskijski gramatike Baskijski, izolirani jezik sa bogatom historijom i kulturnim zna\u010dajem, nudi uzbudljivo lingvisti\u010dko","og_url":"https:\/\/talkpal.ai\/bs\/baskijska-gramatika\/","og_site_name":"Talkpal","article_publisher":"https:\/\/www.facebook.com\/profile.php?id=100090733639311","article_modified_time":"2025-12-30T15:34:50+00:00","og_image":[{"width":2880,"height":1620,"url":"https:\/\/talkpal.ai\/wp-content\/uploads\/2025\/02\/Progress-tab-16_9.png","type":"image\/png"}],"twitter_card":"summary_large_image","twitter_site":"@talkpalai","twitter_misc":{"Est. reading time":"3 minute"},"schema":{"@context":"https:\/\/schema.org","@graph":[{"@type":"WebPage","@id":"https:\/\/talkpal.ai\/bs\/baskijska-gramatika\/","url":"https:\/\/talkpal.ai\/bs\/baskijska-gramatika\/","name":"Baskijska gramatika - Talkpal","isPartOf":{"@id":"https:\/\/talkpal.ai\/bs\/#website"},"datePublished":"2025-11-11T15:33:17+00:00","dateModified":"2025-12-30T15:34:50+00:00","description":"Savladajte baskijsku gramatiku uz ovaj vodi\u010d koji pokriva abecedu, fonetiku, pade\u017ene sufikse i pravila konjugacije glagola.","breadcrumb":{"@id":"https:\/\/talkpal.ai\/bs\/baskijska-gramatika\/#breadcrumb"},"inLanguage":"bs-BA","potentialAction":[{"@type":"ReadAction","target":["https:\/\/talkpal.ai\/bs\/baskijska-gramatika\/"]}]},{"@type":"BreadcrumbList","@id":"https:\/\/talkpal.ai\/bs\/baskijska-gramatika\/#breadcrumb","itemListElement":[{"@type":"ListItem","position":1,"name":"Homepage","item":"https:\/\/talkpal.ai\/bs\/"},{"@type":"ListItem","position":2,"name":"Baskijska gramatika"}]},{"@type":"WebSite","@id":"https:\/\/talkpal.ai\/bs\/#website","url":"https:\/\/talkpal.ai\/bs\/","name":"Talkpal","description":"AI Language Learning","publisher":{"@id":"https:\/\/talkpal.ai\/bs\/#organization"},"alternateName":"Talkpal AI","potentialAction":[{"@type":"SearchAction","target":{"@type":"EntryPoint","urlTemplate":"https:\/\/talkpal.ai\/bs\/?s={search_term_string}"},"query-input":{"@type":"PropertyValueSpecification","valueRequired":true,"valueName":"search_term_string"}}],"inLanguage":"bs-BA"},{"@type":"Organization","@id":"https:\/\/talkpal.ai\/bs\/#organization","name":"Talkpal, Inc.","alternateName":"Talkpal AI","url":"https:\/\/talkpal.ai\/bs\/","logo":{"@type":"ImageObject","inLanguage":"bs-BA","@id":"https:\/\/talkpal.ai\/bs\/#\/schema\/logo\/image\/","url":"https:\/\/talkpal.ai\/wp-content\/uploads\/2024\/03\/Talkpal-Logo-Icon.png","contentUrl":"https:\/\/talkpal.ai\/wp-content\/uploads\/2024\/03\/Talkpal-Logo-Icon.png","width":2880,"height":2880,"caption":"Talkpal, Inc."},"image":{"@id":"https:\/\/talkpal.ai\/bs\/#\/schema\/logo\/image\/"},"sameAs":["https:\/\/www.facebook.com\/profile.php?id=100090733639311","https:\/\/x.com\/talkpalai","https:\/\/www.linkedin.com\/company\/talkpal\/","https:\/\/www.youtube.com\/@TalkPal\/","https:\/\/www.tiktok.com\/@talkpal","https:\/\/www.instagram.com\/talkpal_ai\/","https:\/\/www.crunchbase.com\/organization\/talkpal-9cde","https:\/\/www.g2.com\/products\/talkpal-for-business\/","https:\/\/www.trustpilot.com\/review\/talkpal.ai","https:\/\/www.capterra.com\/p\/10006800\/TalkPal\/"],"description":"Talkpal is a language learning web and mobile education app, powered by the latest AI technologies, that provides engaging experiences to its customers in many different languages to help them improve their language skills. Users can chat about unlimited amount of topics with the app and use other modes to practice their language learning.","email":"support@talkpal.ai","legalName":"Talkpal, Inc.","foundingDate":"2023-04-03","duns":"118989042","numberOfEmployees":{"@type":"QuantitativeValue","minValue":"11","maxValue":"50"},"publishingPrinciples":"https:\/\/talkpal.ai\/publishing-principles\/","actionableFeedbackPolicy":"https:\/\/talkpal.ai\/actionable-feedback-policy\/","correctionsPolicy":"https:\/\/talkpal.ai\/corrections-policy\/","ethicsPolicy":"https:\/\/talkpal.ai\/ethics-policy\/","diversityPolicy":"https:\/\/talkpal.ai\/diversity-policy\/","diversityStaffingReport":"https:\/\/talkpal.ai\/diversity-policy\/"}]}},"_links":{"self":[{"href":"https:\/\/talkpal.ai\/bs\/wp-json\/wp\/v2\/pages\/1474513","targetHints":{"allow":["GET"]}}],"collection":[{"href":"https:\/\/talkpal.ai\/bs\/wp-json\/wp\/v2\/pages"}],"about":[{"href":"https:\/\/talkpal.ai\/bs\/wp-json\/wp\/v2\/types\/page"}],"author":[{"embeddable":true,"href":"https:\/\/talkpal.ai\/bs\/wp-json\/wp\/v2\/users\/20"}],"replies":[{"embeddable":true,"href":"https:\/\/talkpal.ai\/bs\/wp-json\/wp\/v2\/comments?post=1474513"}],"version-history":[{"count":0,"href":"https:\/\/talkpal.ai\/bs\/wp-json\/wp\/v2\/pages\/1474513\/revisions"}],"wp:attachment":[{"href":"https:\/\/talkpal.ai\/bs\/wp-json\/wp\/v2\/media?parent=1474513"}],"curies":[{"name":"wp","href":"https:\/\/api.w.org\/{rel}","templated":true}]}}