{"id":1474444,"date":"2025-11-12T17:34:19","date_gmt":"2025-11-12T17:34:19","guid":{"rendered":"https:\/\/talkpal.ai\/zulu-gramatika\/"},"modified":"2025-12-30T13:30:25","modified_gmt":"2025-12-30T13:30:25","slug":"zulu-gramatika","status":"publish","type":"page","link":"https:\/\/talkpal.ai\/bs\/zulu-gramatika\/","title":{"rendered":"Zulu gramatika"},"content":{"rendered":"\r\n\r\n\r\n<section class=\"languageChallengeSection\">\r\n    <div class=\"languageInfoWrapper\">\r\n        \r\n        <h1>Zulu gramatika<\/h1>\r\n        <p><a href=\"https:\/\/talkpal.ai\/learn-zulu\/\">Zulu<\/a> <a href=\"https:\/\/talkpal.ai\/sq\/gramatika\/\">gramatika<\/a> se u po\u010detku mo\u017ee \u010diniti izazovnom, ali njene jedinstvene karakteristike \u010dine u\u010denje jezika korisnim iskustvom. Istra\u017euju\u0107i njegovu abecedu, mutacije i gramati\u010dka pravila, ste\u0107i \u0107ete uvid u bogatu jezi\u010dku tradiciju. Zapo\u010dnite svoje putovanje i otkrijte ljepotu Zulua!<\/p>\r\n\r\n                            <a class=\"getStartedHidden\" href=\"https:\/\/app.talkpal.ai\/signup?lng=\">Kreni<\/a>\r\n        \r\n    <\/div>\r\n\r\n    <figure>\r\n    <img decoding=\"async\" width=\"768\" height=\"768\" src=\"https:\/\/talkpal.ai\/wp-content\/uploads\/2023\/06\/welsh-768x768.png\" class=\"languageImage no-lazy\" alt=\"Language learning for better cognitive abilities\" fetchpriority=\"high\" sizes=\"(max-width: 768px) 150px, 768px\" srcset=\"https:\/\/talkpal.ai\/wp-content\/uploads\/2023\/06\/welsh-768x768.png 768w, https:\/\/talkpal.ai\/wp-content\/uploads\/2023\/06\/welsh-300x300.png 300w\" \/>\r\n    \r\n\r\n    <\/figure>\r\n\r\n            <a class=\"getStartedVisible\" href=\"https:\/\/app.talkpal.ai\/signup?lng=\">Kreni<\/a>\r\n    \r\n<\/section><section class=\"promotionalBanner\">\r\n    <p class=\"promotionalText\">Najefikasniji na\u010din za u\u010denje jezika<\/p>\r\n    <a class=\"promotionalLink\" href=\"https:\/\/app.talkpal.ai\/signup?lng=\">Isprobajte Talkpal besplatno<\/a>\r\n<\/section>\n<div class=\"wp-block-group pageContainerStyle\"><div class=\"wp-block-group__inner-container is-layout-constrained wp-block-group-is-layout-constrained\">\n<h2 class=\"wp-block-heading\" id=\"h-navigating-the-intricacies-of-zulu-grammar\">Navigacija kroz zamr\u0161enost Zulu gramatike<\/h2>\n\n\n\n<p><a href=\"https:\/\/talkpal.ai\/bs\/nauci-zulu\/\">Zulu<\/a>, ju\u017eni bantu jezik grupe Nguni sa bogatom historijom i kulturnim zna\u010dajem, nudi uzbudljivo lingvisti\u010dko iskustvo za one \u017eeljne da istra\u017ee njegov jedinstveni gramati\u010dki sistem. Dok se upu\u0161tate u carstvo Zulua, ne samo da \u0107ete obogatiti svoj lingvisti\u010dki repertoar, ve\u0107 \u0107ete i prigrliti fascinantno kulturno putovanje. Iako se <a href=\"https:\/\/talkpal.ai\/zulu-grammar\/\">Zulu gramatika<\/a> mo\u017ee \u010diniti kompliciranom u po\u010detku, ra\u0161\u010dlanjivanje na osnovne komponente \u010dini u\u010denje jezika pristupa\u010dnijim. U ovom \u010dlanku \u0107emo istra\u017eiti zadivljuju\u0107i svijet Zulu gramatike i pru\u017eiti savjete o tome kako savladati njegovu slo\u017eenost.<\/p>\n\n\n\n<h3 class=\"wp-block-heading\" id=\"h-1-zulu-alphabet-and-phonetics\">1. Zulu abeceda i fonetika<\/h3>\n\n\n\n<p>Zulu sistem pisanja koristi latinicu i predstavlja prepoznatljive zvukove, uklju\u010duju\u0107i klik suglasnike napisane kao c, q i x, kao i aspirirane suglasnike napisane digrafima kao \u0161to su ph, th i kh. Zulu ima pet samoglasni\u010dkih slova (a, e, i, o, u) i tonski je jezik, gdje visina mo\u017ee razlikovati zna\u010denje, iako ton nije ozna\u010den u standardnom pravopisu. Da biste nau\u010dili Zulu gramatiku, klju\u010dno je da se upoznate sa ovim zvu\u010dnim sistemom vje\u017ebaju\u0107i \u010ditanje, slu\u0161anje i govor na Zulu.<\/p>\n\n\n\n<h3 class=\"wp-block-heading\" id=\"h-2-noun-classes-and-concords-a-distinctive-zulu-feature\">2. Klase imenica i sloge: prepoznatljiva karakteristika Zulu<\/h3>\n\n\n\n<p>Jedan od najupe\u010datljivijih aspekata Zulu gramatike je njen opse\u017ean sistem klasa imenica, od kojih je svaka ozna\u010dena specifi\u010dnim prefiksom i uparena sa mre\u017eom sloga. Klase imenica pokre\u0107u slaganje u re\u010denici, uti\u010du\u0107i na oznake subjekta, oznake objekata, pridjeve, posvojne, pokaziva\u010de i srodnike. Razumijevanje kada i kako se ove sloge pojavljuju je od vitalnog zna\u010daja za ta\u010dnu komunikaciju u Zuluu.<\/p>\n\n\n\n<h3 class=\"wp-block-heading\" id=\"h-3-nouns-and-pronouns-noun-classes-and-agreement\">3. Imenice i zamjenice: klase imenica i slaganje<\/h3>\n\n\n\n<p>Zulu imenice pripadaju imenskim klasama, a ne gramati\u010dkom rodu, a njihovi oblici mno\u017eine su odre\u0111eni klasnim parovima (naprimjer, umuntu, abantu). Zamjenice u Zulu jeziku uklju\u010duju nezavisne oblike (mina, wena, yena, thina, nina, bona), posvojne oblike izgra\u0111ene sa posvojnim osnovama kao \u0161to su -ami, -akho, -akhe koje se sla\u017eu sa imenskom klasom (incwadi yami, izincwadi zami), refleksivno ozna\u010davanje na glagolima (zi-), pokazne znakove koji se sla\u017eu sa imenskom klasom (lo, laba, le, lezi) i upitnike (ubani, ini, kuphi, nini, kanjani). Upoznavanje sa ovim oblicima i njihovim obrascima slaganja zna\u010dajno \u0107e pobolj\u0161ati va\u0161e razumijevanje Zulu gramatike.<\/p>\n\n\n\n<h3 class=\"wp-block-heading\" id=\"h-4-verbs-structure-and-conjugation\">Glagoli: struktura i konjugacija<\/h3>\n\n\n\n<p>Zulu glagoli slijede bogatu aglutinativnu strukturu <a href=\"https:\/\/talkpal.ai\/locations\/language-courses-in-koja\/\">koja<\/a> kodira subjekt, objekt, vrijeme, aspekt, raspolo\u017eenje i polaritet. Osnovna vremena uklju\u010duju sada\u0161njost (ngiyabona ili ngibona), pro\u0161lost (perfekt -ile, ngibonile) i budu\u0107nost sa zo- (ngizobona), sa dodatnim raspolo\u017eenjima kao \u0161to su <a href=\"https:\/\/talkpal.ai\/ja\/grammar_exercises\/konjunktiv-%e3%83%89%e3%82%a4%e3%83%84%e6%96%87%e6%b3%95%e3%81%ae%e6%bc%94%e7%bf%92\/\">konjunktiv<\/a> (zavr\u0161ni -e) i <a href=\"https:\/\/talkpal.ai\/ja\/grammar_exercises\/imperatif-%e3%83%95%e3%83%a9%e3%83%b3%e3%82%b9%e3%81%ae%e6%96%87%e6%b3%95%e3%81%ae%e3%81%9f%e3%82%81%e3%81%ae%e6%bc%94%e7%bf%92\/\">imperativ<\/a> (hamba, hambani). Negacija je obi\u010dno ozna\u010dena sa a- i zavr\u0161nim -i (angiboni, akaboni). U\u010denje predlo\u0161ka glagola i uobi\u010dajenih ekstenzija (uzro\u010dno -isa, aplikativno -ela, recipro\u010dno -ana, pasivno -wa) pobolj\u0161at \u0107e va\u0161u sposobnost efikasne komunikacije u Zulu.<\/p>\n\n\n\n<h3 class=\"wp-block-heading\" id=\"h-5-adjectives-agreement-and-placement\">Pridjevi: Sporazum i smje\u0161taj<\/h3>\n\n\n\n<p>U Zulu gramatici, pridjevi obi\u010dno slijede imenicu koju modificiraju i sla\u017eu se sa klasom imenice koriste\u0107i pridjevsku slogu. Zulu ima ograni\u010den skup pravih pridjevskih osnova (kao \u0161to su -khulu veliki, -ncane mali, -mnyama taman, -de visok), a mnoga opisna zna\u010denja su izra\u017eena relativnim konstrukcijama. Komparativi i superlativi se obi\u010dno formiraju perifrasti\u010dno, na primjer koriste\u0107i kakhulu (vrlo) i upore\u0111uju\u0107i sa ukwedlula ili ngaphezu kuka za &#8220;vi\u0161e od&#8221;.<\/p>\n\n\n\n<p><strong>Primjeri:<\/strong><\/p>\n\n\n\n<p><strong>\u2013 Uthando Olukhulu (Velika ljubav)<\/strong><\/p>\n\n\n\n<p><strong>&#8211; izingane ezincane (mala djeca)<\/strong><\/p>\n\n\n\n<h3 class=\"wp-block-heading\" id=\"h-6-engaging-with-the-language\">b) Povezivanje sa jezikom<\/h3>\n\n\n\n<p>Najefikasniji na\u010din da se u potpunosti razumije i internalizira Zulu gramatika je dosljedno bavljenje jezikom. \u010citaju\u0107i Zulu knji\u017eevnost, gledaju\u0107i Zulu filmove ili televizijske serije, slu\u0161aju\u0107i radio i muziku na Zulu, i aktivno komuniciraju\u0107i sa izvornim govornicima, oja\u010dat \u0107ete svoje razumijevanje gramatike dok \u0107ete pro\u0161iriti svoj vokabular.<\/p>\n\n\n\n<h3 class=\"wp-block-heading\" id=\"h-conclusion\">Zaklju\u010dak<\/h3>\n\n\n\n<p>Iako se Zulu gramatika mo\u017ee \u010diniti zamr\u0161enom, mo\u017eete postati vje\u0161ti u ovom prekrasnom jeziku uz predanost, praksu i entuzijazam. Fokusiraju\u0107i se na osnovna pravila i anga\u017eiraju\u0107i se s jezikom u razli\u010ditim kontekstima, brzo \u0107ete pobolj\u0161ati <a href=\"https:\/\/talkpal.ai\/bs\/gramatika\/\">svoje Zulu gramati\u010dke vje\u0161tine<\/a>. Inhlanhla enhle (sretno) sa svojim Zulu jezi\u010dnim putovanjem, i u\u017eivajte u otkrivanju zagonetnog, ali zadivljuju\u0107eg svijeta Zulu gramatike!<\/p>\n<\/div><\/div>\n\r\n<section class=\"learnNavigationSection\">\r\n            \r\n        <a href=\"https:\/\/talkpal.ai\/bs\/nauci-zulu\/\">\r\n            <div class=\"learnNavigationWrapper\">\r\n                <div class=\"learnNavigationContent\">\r\n                    <img decoding=\"async\" src=\"https:\/\/talkpal.ai\/wp-content\/uploads\/2025\/11\/Zulu.png\" alt=\"South African Flag\">\r\n                    <div>\r\n                        <h4>O Zulu Learningu<\/h4>\r\n                        <p>Saznajte sve o Zulu gramatici.<\/p>\r\n                    <\/div>\r\n                <\/div>\r\n            <\/div>\r\n        <\/a>\r\n\r\n        \r\n        <a href=\"https:\/\/talkpal.ai\/bs\/zulu-gramaticke-vjezbe\/\">\r\n            <div class=\"learnNavigationWrapper\">\r\n                <div class=\"learnNavigationContent\">\r\n                    <img decoding=\"async\" src=\"https:\/\/talkpal.ai\/wp-content\/uploads\/2025\/11\/Zulu.png\" alt=\"South African Flag\">\r\n                    <div>\r\n                        <h4>Zulu gramati\u010dka vje\u017eba<\/h4>\r\n                        <p>Vje\u017ebajte Zulu gramatiku.<\/p>\r\n                    <\/div>\r\n                <\/div>\r\n            <\/div>\r\n        <\/a>\r\n\r\n            <\/section>","protected":false},"excerpt":{"rendered":"<p>Navigacija kroz zamr\u0161enost Zulu gramatike Zulu, ju\u017eni bantu jezik grupe Nguni sa bogatom historijom i kulturnim zna\u010dajem, nudi uzbudljivo lingvisti\u010dko iskustvo za one \u017eeljne da istra\u017ee njegov jedinstveni gramati\u010dki sistem. Dok se upu\u0161tate u carstvo Zulua, ne samo da \u0107ete obogatiti svoj lingvisti\u010dki repertoar, ve\u0107 \u0107ete i prigrliti fascinantno kulturno putovanje. Iako se Zulu gramatika [&hellip;]<\/p>\n","protected":false},"author":20,"featured_media":0,"parent":0,"menu_order":0,"comment_status":"closed","ping_status":"closed","template":"LearningContentPage.php","meta":{"_acf_changed":false,"footnotes":""},"class_list":["post-1474444","page","type-page","status-publish","hentry"],"acf":[],"yoast_head":"<!-- This site is optimized with the Yoast SEO Premium plugin v27.2 (Yoast SEO v27.2) - https:\/\/yoast.com\/product\/yoast-seo-premium-wordpress\/ -->\n<title>Zulu gramatika - Talkpal<\/title>\n<meta name=\"description\" content=\"Savladajte slo\u017eenosti zulu gramatike uz na\u0161 sveobuhvatni vodi\u010d zasnovan na vje\u0161ta\u010dkoj inteligenciji, dizajniran za brzo i efikasno u\u010denje jezika.\" \/>\n<meta name=\"robots\" content=\"index, follow, max-snippet:-1, max-image-preview:large, max-video-preview:-1\" \/>\n<link rel=\"canonical\" href=\"https:\/\/talkpal.ai\/bs\/zulu-gramatika\/\" \/>\n<meta property=\"og:locale\" content=\"bs_BA\" \/>\n<meta property=\"og:type\" content=\"article\" \/>\n<meta property=\"og:title\" content=\"Zulu gramatika\" \/>\n<meta property=\"og:description\" content=\"Navigacija kroz zamr\u0161enost Zulu gramatike Zulu, ju\u017eni bantu jezik grupe Nguni sa bogatom historijom i kulturnim zna\u010dajem, nudi uzbudljivo lingvisti\u010dko\" \/>\n<meta property=\"og:url\" content=\"https:\/\/talkpal.ai\/bs\/zulu-gramatika\/\" \/>\n<meta property=\"og:site_name\" content=\"Talkpal\" \/>\n<meta property=\"article:publisher\" content=\"https:\/\/www.facebook.com\/profile.php?id=100090733639311\" \/>\n<meta property=\"article:modified_time\" content=\"2025-12-30T13:30:25+00:00\" \/>\n<meta property=\"og:image\" content=\"https:\/\/talkpal.ai\/wp-content\/uploads\/2025\/02\/Progress-tab-16_9.png\" \/>\n\t<meta property=\"og:image:width\" content=\"2880\" \/>\n\t<meta property=\"og:image:height\" content=\"1620\" \/>\n\t<meta property=\"og:image:type\" content=\"image\/png\" \/>\n<meta name=\"twitter:card\" content=\"summary_large_image\" \/>\n<meta name=\"twitter:site\" content=\"@talkpalai\" \/>\n<meta name=\"twitter:label1\" content=\"Est. reading time\" \/>\n\t<meta name=\"twitter:data1\" content=\"4 minute\" \/>\n<script type=\"application\/ld+json\" class=\"yoast-schema-graph\">{\"@context\":\"https:\/\/schema.org\",\"@graph\":[{\"@type\":\"WebPage\",\"@id\":\"https:\/\/talkpal.ai\/bs\/zulu-gramatika\/\",\"url\":\"https:\/\/talkpal.ai\/bs\/zulu-gramatika\/\",\"name\":\"Zulu gramatika - Talkpal\",\"isPartOf\":{\"@id\":\"https:\/\/talkpal.ai\/bs\/#website\"},\"datePublished\":\"2025-11-12T17:34:19+00:00\",\"dateModified\":\"2025-12-30T13:30:25+00:00\",\"description\":\"Savladajte slo\u017eenosti zulu gramatike uz na\u0161 sveobuhvatni vodi\u010d zasnovan na vje\u0161ta\u010dkoj inteligenciji, dizajniran za brzo i efikasno u\u010denje jezika.\",\"breadcrumb\":{\"@id\":\"https:\/\/talkpal.ai\/bs\/zulu-gramatika\/#breadcrumb\"},\"inLanguage\":\"bs-BA\",\"potentialAction\":[{\"@type\":\"ReadAction\",\"target\":[\"https:\/\/talkpal.ai\/bs\/zulu-gramatika\/\"]}]},{\"@type\":\"BreadcrumbList\",\"@id\":\"https:\/\/talkpal.ai\/bs\/zulu-gramatika\/#breadcrumb\",\"itemListElement\":[{\"@type\":\"ListItem\",\"position\":1,\"name\":\"Homepage\",\"item\":\"https:\/\/talkpal.ai\/bs\/\"},{\"@type\":\"ListItem\",\"position\":2,\"name\":\"Zulu gramatika\"}]},{\"@type\":\"WebSite\",\"@id\":\"https:\/\/talkpal.ai\/bs\/#website\",\"url\":\"https:\/\/talkpal.ai\/bs\/\",\"name\":\"Talkpal\",\"description\":\"AI Language Learning\",\"publisher\":{\"@id\":\"https:\/\/talkpal.ai\/bs\/#organization\"},\"alternateName\":\"Talkpal AI\",\"potentialAction\":[{\"@type\":\"SearchAction\",\"target\":{\"@type\":\"EntryPoint\",\"urlTemplate\":\"https:\/\/talkpal.ai\/bs\/?s={search_term_string}\"},\"query-input\":{\"@type\":\"PropertyValueSpecification\",\"valueRequired\":true,\"valueName\":\"search_term_string\"}}],\"inLanguage\":\"bs-BA\"},{\"@type\":\"Organization\",\"@id\":\"https:\/\/talkpal.ai\/bs\/#organization\",\"name\":\"Talkpal, Inc.\",\"alternateName\":\"Talkpal AI\",\"url\":\"https:\/\/talkpal.ai\/bs\/\",\"logo\":{\"@type\":\"ImageObject\",\"inLanguage\":\"bs-BA\",\"@id\":\"https:\/\/talkpal.ai\/bs\/#\/schema\/logo\/image\/\",\"url\":\"https:\/\/talkpal.ai\/wp-content\/uploads\/2024\/03\/Talkpal-Logo-Icon.png\",\"contentUrl\":\"https:\/\/talkpal.ai\/wp-content\/uploads\/2024\/03\/Talkpal-Logo-Icon.png\",\"width\":2880,\"height\":2880,\"caption\":\"Talkpal, Inc.\"},\"image\":{\"@id\":\"https:\/\/talkpal.ai\/bs\/#\/schema\/logo\/image\/\"},\"sameAs\":[\"https:\/\/www.facebook.com\/profile.php?id=100090733639311\",\"https:\/\/x.com\/talkpalai\",\"https:\/\/www.linkedin.com\/company\/talkpal\/\",\"https:\/\/www.youtube.com\/@TalkPal\/\",\"https:\/\/www.tiktok.com\/@talkpal\",\"https:\/\/www.instagram.com\/talkpal_ai\/\",\"https:\/\/www.crunchbase.com\/organization\/talkpal-9cde\",\"https:\/\/www.g2.com\/products\/talkpal-for-business\/\",\"https:\/\/www.trustpilot.com\/review\/talkpal.ai\",\"https:\/\/www.capterra.com\/p\/10006800\/TalkPal\/\"],\"description\":\"Talkpal is a language learning web and mobile education app, powered by the latest AI technologies, that provides engaging experiences to its customers in many different languages to help them improve their language skills. Users can chat about unlimited amount of topics with the app and use other modes to practice their language learning.\",\"email\":\"support@talkpal.ai\",\"legalName\":\"Talkpal, Inc.\",\"foundingDate\":\"2023-04-03\",\"duns\":\"118989042\",\"numberOfEmployees\":{\"@type\":\"QuantitativeValue\",\"minValue\":\"11\",\"maxValue\":\"50\"},\"publishingPrinciples\":\"https:\/\/talkpal.ai\/publishing-principles\/\",\"actionableFeedbackPolicy\":\"https:\/\/talkpal.ai\/actionable-feedback-policy\/\",\"correctionsPolicy\":\"https:\/\/talkpal.ai\/corrections-policy\/\",\"ethicsPolicy\":\"https:\/\/talkpal.ai\/ethics-policy\/\",\"diversityPolicy\":\"https:\/\/talkpal.ai\/diversity-policy\/\",\"diversityStaffingReport\":\"https:\/\/talkpal.ai\/diversity-policy\/\"}]}<\/script>\n<!-- \/ Yoast SEO Premium plugin. -->","yoast_head_json":{"title":"Zulu gramatika - Talkpal","description":"Savladajte slo\u017eenosti zulu gramatike uz na\u0161 sveobuhvatni vodi\u010d zasnovan na vje\u0161ta\u010dkoj inteligenciji, dizajniran za brzo i efikasno u\u010denje jezika.","robots":{"index":"index","follow":"follow","max-snippet":"max-snippet:-1","max-image-preview":"max-image-preview:large","max-video-preview":"max-video-preview:-1"},"canonical":"https:\/\/talkpal.ai\/bs\/zulu-gramatika\/","og_locale":"bs_BA","og_type":"article","og_title":"Zulu gramatika","og_description":"Navigacija kroz zamr\u0161enost Zulu gramatike Zulu, ju\u017eni bantu jezik grupe Nguni sa bogatom historijom i kulturnim zna\u010dajem, nudi uzbudljivo lingvisti\u010dko","og_url":"https:\/\/talkpal.ai\/bs\/zulu-gramatika\/","og_site_name":"Talkpal","article_publisher":"https:\/\/www.facebook.com\/profile.php?id=100090733639311","article_modified_time":"2025-12-30T13:30:25+00:00","og_image":[{"width":2880,"height":1620,"url":"https:\/\/talkpal.ai\/wp-content\/uploads\/2025\/02\/Progress-tab-16_9.png","type":"image\/png"}],"twitter_card":"summary_large_image","twitter_site":"@talkpalai","twitter_misc":{"Est. reading time":"4 minute"},"schema":{"@context":"https:\/\/schema.org","@graph":[{"@type":"WebPage","@id":"https:\/\/talkpal.ai\/bs\/zulu-gramatika\/","url":"https:\/\/talkpal.ai\/bs\/zulu-gramatika\/","name":"Zulu gramatika - Talkpal","isPartOf":{"@id":"https:\/\/talkpal.ai\/bs\/#website"},"datePublished":"2025-11-12T17:34:19+00:00","dateModified":"2025-12-30T13:30:25+00:00","description":"Savladajte slo\u017eenosti zulu gramatike uz na\u0161 sveobuhvatni vodi\u010d zasnovan na vje\u0161ta\u010dkoj inteligenciji, dizajniran za brzo i efikasno u\u010denje jezika.","breadcrumb":{"@id":"https:\/\/talkpal.ai\/bs\/zulu-gramatika\/#breadcrumb"},"inLanguage":"bs-BA","potentialAction":[{"@type":"ReadAction","target":["https:\/\/talkpal.ai\/bs\/zulu-gramatika\/"]}]},{"@type":"BreadcrumbList","@id":"https:\/\/talkpal.ai\/bs\/zulu-gramatika\/#breadcrumb","itemListElement":[{"@type":"ListItem","position":1,"name":"Homepage","item":"https:\/\/talkpal.ai\/bs\/"},{"@type":"ListItem","position":2,"name":"Zulu gramatika"}]},{"@type":"WebSite","@id":"https:\/\/talkpal.ai\/bs\/#website","url":"https:\/\/talkpal.ai\/bs\/","name":"Talkpal","description":"AI Language Learning","publisher":{"@id":"https:\/\/talkpal.ai\/bs\/#organization"},"alternateName":"Talkpal AI","potentialAction":[{"@type":"SearchAction","target":{"@type":"EntryPoint","urlTemplate":"https:\/\/talkpal.ai\/bs\/?s={search_term_string}"},"query-input":{"@type":"PropertyValueSpecification","valueRequired":true,"valueName":"search_term_string"}}],"inLanguage":"bs-BA"},{"@type":"Organization","@id":"https:\/\/talkpal.ai\/bs\/#organization","name":"Talkpal, Inc.","alternateName":"Talkpal AI","url":"https:\/\/talkpal.ai\/bs\/","logo":{"@type":"ImageObject","inLanguage":"bs-BA","@id":"https:\/\/talkpal.ai\/bs\/#\/schema\/logo\/image\/","url":"https:\/\/talkpal.ai\/wp-content\/uploads\/2024\/03\/Talkpal-Logo-Icon.png","contentUrl":"https:\/\/talkpal.ai\/wp-content\/uploads\/2024\/03\/Talkpal-Logo-Icon.png","width":2880,"height":2880,"caption":"Talkpal, Inc."},"image":{"@id":"https:\/\/talkpal.ai\/bs\/#\/schema\/logo\/image\/"},"sameAs":["https:\/\/www.facebook.com\/profile.php?id=100090733639311","https:\/\/x.com\/talkpalai","https:\/\/www.linkedin.com\/company\/talkpal\/","https:\/\/www.youtube.com\/@TalkPal\/","https:\/\/www.tiktok.com\/@talkpal","https:\/\/www.instagram.com\/talkpal_ai\/","https:\/\/www.crunchbase.com\/organization\/talkpal-9cde","https:\/\/www.g2.com\/products\/talkpal-for-business\/","https:\/\/www.trustpilot.com\/review\/talkpal.ai","https:\/\/www.capterra.com\/p\/10006800\/TalkPal\/"],"description":"Talkpal is a language learning web and mobile education app, powered by the latest AI technologies, that provides engaging experiences to its customers in many different languages to help them improve their language skills. Users can chat about unlimited amount of topics with the app and use other modes to practice their language learning.","email":"support@talkpal.ai","legalName":"Talkpal, Inc.","foundingDate":"2023-04-03","duns":"118989042","numberOfEmployees":{"@type":"QuantitativeValue","minValue":"11","maxValue":"50"},"publishingPrinciples":"https:\/\/talkpal.ai\/publishing-principles\/","actionableFeedbackPolicy":"https:\/\/talkpal.ai\/actionable-feedback-policy\/","correctionsPolicy":"https:\/\/talkpal.ai\/corrections-policy\/","ethicsPolicy":"https:\/\/talkpal.ai\/ethics-policy\/","diversityPolicy":"https:\/\/talkpal.ai\/diversity-policy\/","diversityStaffingReport":"https:\/\/talkpal.ai\/diversity-policy\/"}]}},"_links":{"self":[{"href":"https:\/\/talkpal.ai\/bs\/wp-json\/wp\/v2\/pages\/1474444","targetHints":{"allow":["GET"]}}],"collection":[{"href":"https:\/\/talkpal.ai\/bs\/wp-json\/wp\/v2\/pages"}],"about":[{"href":"https:\/\/talkpal.ai\/bs\/wp-json\/wp\/v2\/types\/page"}],"author":[{"embeddable":true,"href":"https:\/\/talkpal.ai\/bs\/wp-json\/wp\/v2\/users\/20"}],"replies":[{"embeddable":true,"href":"https:\/\/talkpal.ai\/bs\/wp-json\/wp\/v2\/comments?post=1474444"}],"version-history":[{"count":0,"href":"https:\/\/talkpal.ai\/bs\/wp-json\/wp\/v2\/pages\/1474444\/revisions"}],"wp:attachment":[{"href":"https:\/\/talkpal.ai\/bs\/wp-json\/wp\/v2\/media?parent=1474444"}],"curies":[{"name":"wp","href":"https:\/\/api.w.org\/{rel}","templated":true}]}}