{"id":1474402,"date":"2025-11-12T17:23:13","date_gmt":"2025-11-12T17:23:13","guid":{"rendered":"https:\/\/talkpal.ai\/uzbekistanska-gramatika\/"},"modified":"2025-12-30T13:34:34","modified_gmt":"2025-12-30T13:34:34","slug":"uzbekistanska-gramatika","status":"publish","type":"page","link":"https:\/\/talkpal.ai\/bs\/uzbekistanska-gramatika\/","title":{"rendered":"Uzbekistanska gramatika"},"content":{"rendered":"\r\n\r\n\r\n<section class=\"languageChallengeSection\">\r\n    <div class=\"languageInfoWrapper\">\r\n        \r\n        <h1>Uzbekistanska gramatika<\/h1>\r\n        <p>Uzbekistanska <a href=\"https:\/\/talkpal.ai\/sq\/gramatika\/\">gramatika<\/a> mo\u017ee izgledati izazovno u po\u010detku, ali njene jedinstvene karakteristike \u010dine u\u010denje jezika korisnim iskustvom. Istra\u017euju\u0107i njegovu abecedu, mutacije i gramati\u010dka pravila, ste\u0107i \u0107ete uvid u bogatu jezi\u010dku tradiciju. Zapo\u010dnite svoje putovanje i otkrijte ljepote Uzbekistana!<\/p>\r\n\r\n                            <a class=\"getStartedHidden\" href=\"https:\/\/app.talkpal.ai\/signup?lng=\">Kreni<\/a>\r\n        \r\n    <\/div>\r\n\r\n    <figure>\r\n    <img decoding=\"async\" width=\"768\" height=\"768\" src=\"https:\/\/talkpal.ai\/wp-content\/uploads\/2023\/06\/welsh-768x768.png\" class=\"languageImage no-lazy\" alt=\"Language learning for better cognitive abilities\" fetchpriority=\"high\" sizes=\"(max-width: 768px) 150px, 768px\" srcset=\"https:\/\/talkpal.ai\/wp-content\/uploads\/2023\/06\/welsh-768x768.png 768w, https:\/\/talkpal.ai\/wp-content\/uploads\/2023\/06\/welsh-300x300.png 300w\" \/>\r\n    \r\n\r\n    <\/figure>\r\n\r\n            <a class=\"getStartedVisible\" href=\"https:\/\/app.talkpal.ai\/signup?lng=\">Kreni<\/a>\r\n    \r\n<\/section><section class=\"promotionalBanner\">\r\n    <p class=\"promotionalText\">Najefikasniji na\u010din za u\u010denje jezika<\/p>\r\n    <a class=\"promotionalLink\" href=\"https:\/\/app.talkpal.ai\/signup?lng=\">Isprobajte Talkpal besplatno<\/a>\r\n<\/section>\n<div class=\"wp-block-group pageContainerStyle\"><div class=\"wp-block-group__inner-container is-layout-constrained wp-block-group-is-layout-constrained\">\n<h2 class=\"wp-block-heading\" id=\"h-navigating-the-intricacies-of-uzbek-grammar\">Navigacija kroz zamr\u0161enost uzbekistanske gramatike<\/h2>\n\n\n\n<p><a href=\"https:\/\/talkpal.ai\/bs\/naucite-uzbecki\/\">Uzbe\u010dki<\/a>, <a href=\"https:\/\/talkpal.ai\/hr\/ucenje-turskog-jezika\/\">turski jezik<\/a> sa bogatom historijom i kulturnim zna\u010dajem, nudi uzbudljivo lingvisti\u010dko iskustvo za one \u017eeljne da istra\u017ee njegov jedinstveni gramati\u010dki sistem. Dok se upu\u0161tate u carstvo uzbekistanskog jezika, ne samo da \u0107ete obogatiti svoj lingvisti\u010dki repertoar, ve\u0107 \u0107ete i prigrliti fascinantno kulturno putovanje. Iako se uzbekistanska gramatika u po\u010detku mo\u017ee \u010diniti kompliciranom, ra\u0161\u010dlanjivanje na osnovne komponente \u010dini u\u010denje jezika pristupa\u010dnijim. U ovom \u0107emo \u010dlanku istra\u017eiti zadivljuju\u0107i svijet uzbekistanske gramatike i dati savjete o tome kako savladati njegovu slo\u017eenost.<\/p>\n\n\n\n<h3 class=\"wp-block-heading\" id=\"h-1-uzbek-alphabet-and-phonetics\">1. Uzbekistanska abeceda i fonetika<\/h3>\n\n\n\n<p>Uzbekistanska latini\u010dna abeceda se sastoji od 29 slova, uklju\u010duju\u0107i i karakteristi\u010dna slova kao \u0161to su O\u02bb, G\u02bb i digrafi Sh, Ch i Ng. Tako\u0111er sadr\u017ei slova kao \u0161to su Q i X sa zvukovima nepoznatim mnogim u\u010denicima. Da biste nau\u010dili uzbekistansku gramatiku, klju\u010dno je upoznati se sa ovim sistemom pisanja vje\u017ebaju\u0107i \u010ditanje i pisanje na uzbekistanskom jeziku.<\/p>\n\n\n\n<h3 class=\"wp-block-heading\" id=\"h-2-agglutination-a-peculiar-uzbek-feature\">2. Aglutinacija: Neobi\u010dna uzbekistanska karakteristika<\/h3>\n\n\n\n<p>Jedan od najupe\u010datljivijih aspekata uzbekistanske gramatike je aglutinacija, gdje se rije\u010di grade dodavanjem lanaca sufiksa. Mnogi sufiksi imaju varijante koje zavise od okolnih zvukova, kao \u0161to su -ga\/-ka\/-qa i -da\/-ta, a tampon suglasnici kao \u0161to su -y- i -n- izgleda da olak\u0161avaju izgovor. Razumijevanje kada i kako se ovi sufiksi pri\u010dvr\u0161\u0107uju je od vitalnog zna\u010daja za ta\u010dnu komunikaciju na uzbekistanskom jeziku.<\/p>\n\n\n\n<h3 class=\"wp-block-heading\" id=\"h-3-nouns-and-pronouns-gender-and-cases\">3. imenice i zamjenice: spol i slu\u010dajevi<\/h3>\n\n\n\n<p>Uzbekistanske imenice nemaju gramati\u010dki rod, a mno\u017eina se obi\u010dno formira sa -lar. <a href=\"https:\/\/talkpal.ai\/learn-uzbek\/\">Uzbe\u010dki<\/a> koristi bogat pade\u017eni sistem obilje\u017een sufiksima, uklju\u010duju\u0107i genitiv -ning, dativ -ga, akuzativ -ni, lokativ -da i ablativ -dan, sa komitativom koji se \u010desto izra\u017eava sa bilan. Zamjenice uklju\u010duju li\u010dne zamjenice (men, sen, u, biz, siz, ular), posvojne oblike izra\u017eene sufiksima (-im, -ing, -i, itd.) i pokazne i upitne zamjenice kao \u0161to su bu, shu, o'sha, kim i nima. Upoznavanje sa ovim zamjenicama i njihovim oblicima zna\u010dajno \u0107e pobolj\u0161ati va\u0161e razumijevanje uzbekistanske gramatike.<\/p>\n\n\n\n<h3 class=\"wp-block-heading\" id=\"h-4-verbs-structure-and-conjugation\">Glagoli: struktura i konjugacija<\/h3>\n\n\n\n<p><a href=\"https:\/\/talkpal.ai\/learn-uzbek\/\">Uzbekistanski<\/a> glagoli konjugiraju se kroz sufikse za vrijeme, aspekt, raspolo\u017eenje i uljudnost, a subjektne zamjenice se \u010desto odbacuju. Jezgra vremena i aspekti uklju\u010duju sada\u0161nji habitualni -adi, sada\u0161nji kontinuirani -yapti, pro\u0161li -di, i budu\u0107nost ili namjera sa -moqchi. Raspolo\u017eenja uklju\u010duju kondicionalne -sa i imperativne oblike, sa negacijom koju formira -ma. Ovladavanje konjugacijom glagola i uobi\u010dajenim pomo\u0107nim izrazima kao \u0161to je bo'lmoq pobolj\u0161at \u0107e va\u0161u sposobnost efikasne komunikacije na uzbekistanskom jeziku.<\/p>\n\n\n\n<h3 class=\"wp-block-heading\" id=\"h-5-adjectives-agreement-and-placement\">Pridjevi: Sporazum i smje\u0161taj<\/h3>\n\n\n\n<p>U uzbekistanskoj gramatici, pridjevi obi\u010dno prethode imenici koju modificiraju i ne sla\u017eu se u broju ili pade\u017eu sa imenicom. Komparativi i superlativi se obi\u010dno formiraju sa -roq i eng. U\u010denje ovih obrazaca je bitno za prirodniju komunikaciju.<\/p>\n\n\n\n<p><strong>Primjeri:<\/strong><\/p>\n\n\n\n<p><strong>\u2013 Katta Muhabbat (Velika ljubav)<\/strong><\/p>\n\n\n\n<p><strong>\u2013 Kichik Bolalar (mala djeca)<\/strong><\/p>\n\n\n\n<h3 class=\"wp-block-heading\" id=\"h-6-engaging-with-the-language\">b) Povezivanje sa jezikom<\/h3>\n\n\n\n<p>Najefikasniji na\u010din da se u potpunosti razumije i internalizira uzbekistanska gramatika je dosljedno bavljenje jezikom. \u010citaju\u0107i uzbekistansku knji\u017eevnost, gledaju\u0107i uzbekistanske filmove ili televizijske serije, i aktivno komuniciraju\u0107i sa izvornim govornicima, oja\u010dat \u0107ete svoje razumijevanje gramatike dok pro\u0161irujete svoj vokabular.<\/p>\n\n\n\n<h3 class=\"wp-block-heading\" id=\"h-conclusion\">Zaklju\u010dak<\/h3>\n\n\n\n<p>Iako se uzbekistanska gramatika mo\u017ee \u010diniti zamr\u0161enom, mo\u017eete postati vje\u0161ti u ovom prekrasnom jeziku uz predanost, praksu i entuzijazam. Fokusiraju\u0107i se na osnovna pravila i anga\u017eiraju\u0107i se sa jezikom u razli\u010ditim kontekstima, brzo \u0107ete pobolj\u0161ati <a href=\"https:\/\/talkpal.ai\/bs\/gramatika\/\">svoje uzbekistanske gramati\u010dke vje\u0161tine<\/a>. Omad (sretno) sa svojim uzbekistanskim jezi\u010dnim putovanjem, i u\u017eivajte u razotkrivanju zagonetnog, ali zadivljuju\u0107eg svijeta uzbekistanske gramatike!<\/p>\n<\/div><\/div>\n\r\n<section class=\"learnNavigationSection\">\r\n            \r\n        <a href=\"https:\/\/talkpal.ai\/bs\/naucite-uzbecki\/\">\r\n            <div class=\"learnNavigationWrapper\">\r\n                <div class=\"learnNavigationContent\">\r\n                    <img decoding=\"async\" src=\"https:\/\/talkpal.ai\/wp-content\/uploads\/2025\/11\/Uzbek.png\" alt=\"Uzbek Flag\">\r\n                    <div>\r\n                        <h4>O uzbekistanskom u\u010denju<\/h4>\r\n                        <p>Saznajte sve o uzbekistanskoj gramatici.<\/p>\r\n                    <\/div>\r\n                <\/div>\r\n            <\/div>\r\n        <\/a>\r\n\r\n        \r\n        <a href=\"https:\/\/talkpal.ai\/bs\/uzbekistanske-gramaticke-vjezbe\/\">\r\n            <div class=\"learnNavigationWrapper\">\r\n                <div class=\"learnNavigationContent\">\r\n                    <img decoding=\"async\" src=\"https:\/\/talkpal.ai\/wp-content\/uploads\/2025\/11\/Uzbek.png\" alt=\"Uzbek Flag\">\r\n                    <div>\r\n                        <h4>Uzbekistanska gramati\u010dka vje\u017eba<\/h4>\r\n                        <p>Vje\u017ebajte uzbekistansku gramatiku.<\/p>\r\n                    <\/div>\r\n                <\/div>\r\n            <\/div>\r\n        <\/a>\r\n\r\n            <\/section>","protected":false},"excerpt":{"rendered":"<p>Navigacija kroz zamr\u0161enost uzbekistanske gramatike Uzbe\u010dki, turski jezik sa bogatom historijom i kulturnim zna\u010dajem, nudi uzbudljivo lingvisti\u010dko iskustvo za one \u017eeljne da istra\u017ee njegov jedinstveni gramati\u010dki sistem. Dok se upu\u0161tate u carstvo uzbekistanskog jezika, ne samo da \u0107ete obogatiti svoj lingvisti\u010dki repertoar, ve\u0107 \u0107ete i prigrliti fascinantno kulturno putovanje. Iako se uzbekistanska gramatika u po\u010detku [&hellip;]<\/p>\n","protected":false},"author":20,"featured_media":0,"parent":0,"menu_order":0,"comment_status":"closed","ping_status":"closed","template":"LearningContentPage.php","meta":{"_acf_changed":false,"footnotes":""},"class_list":["post-1474402","page","type-page","status-publish","hentry"],"acf":[],"yoast_head":"<!-- This site is optimized with the Yoast SEO Premium plugin v27.2 (Yoast SEO v27.2) - https:\/\/yoast.com\/product\/yoast-seo-premium-wordpress\/ -->\n<title>Uzbekistanska gramatika - Talkpal<\/title>\n<meta name=\"description\" content=\"Savladajte osnove uzbekistanske gramatike, uklju\u010duju\u0107i abecedu, fonetiku i konjugaciju glagola, uz pomo\u0107 na\u0161eg sveobuhvatnog vodi\u010da.\" \/>\n<meta name=\"robots\" content=\"index, follow, max-snippet:-1, max-image-preview:large, max-video-preview:-1\" \/>\n<link rel=\"canonical\" href=\"https:\/\/talkpal.ai\/bs\/uzbekistanska-gramatika\/\" \/>\n<meta property=\"og:locale\" content=\"bs_BA\" \/>\n<meta property=\"og:type\" content=\"article\" \/>\n<meta property=\"og:title\" content=\"Uzbekistanska gramatika\" \/>\n<meta property=\"og:description\" content=\"Navigacija kroz zamr\u0161enost uzbekistanske gramatike Uzbe\u010dki, turski jezik sa bogatom historijom i kulturnim zna\u010dajem, nudi uzbudljivo lingvisti\u010dko iskustvo\" \/>\n<meta property=\"og:url\" content=\"https:\/\/talkpal.ai\/bs\/uzbekistanska-gramatika\/\" \/>\n<meta property=\"og:site_name\" content=\"Talkpal\" \/>\n<meta property=\"article:publisher\" content=\"https:\/\/www.facebook.com\/profile.php?id=100090733639311\" \/>\n<meta property=\"article:modified_time\" content=\"2025-12-30T13:34:34+00:00\" \/>\n<meta property=\"og:image\" content=\"https:\/\/talkpal.ai\/wp-content\/uploads\/2025\/02\/Progress-tab-16_9.png\" \/>\n\t<meta property=\"og:image:width\" content=\"2880\" \/>\n\t<meta property=\"og:image:height\" content=\"1620\" \/>\n\t<meta property=\"og:image:type\" content=\"image\/png\" \/>\n<meta name=\"twitter:card\" content=\"summary_large_image\" \/>\n<meta name=\"twitter:site\" content=\"@talkpalai\" \/>\n<meta name=\"twitter:label1\" content=\"Est. reading time\" \/>\n\t<meta name=\"twitter:data1\" content=\"3 minute\" \/>\n<script type=\"application\/ld+json\" class=\"yoast-schema-graph\">{\"@context\":\"https:\/\/schema.org\",\"@graph\":[{\"@type\":\"WebPage\",\"@id\":\"https:\/\/talkpal.ai\/bs\/uzbekistanska-gramatika\/\",\"url\":\"https:\/\/talkpal.ai\/bs\/uzbekistanska-gramatika\/\",\"name\":\"Uzbekistanska gramatika - Talkpal\",\"isPartOf\":{\"@id\":\"https:\/\/talkpal.ai\/bs\/#website\"},\"datePublished\":\"2025-11-12T17:23:13+00:00\",\"dateModified\":\"2025-12-30T13:34:34+00:00\",\"description\":\"Savladajte osnove uzbekistanske gramatike, uklju\u010duju\u0107i abecedu, fonetiku i konjugaciju glagola, uz pomo\u0107 na\u0161eg sveobuhvatnog vodi\u010da.\",\"breadcrumb\":{\"@id\":\"https:\/\/talkpal.ai\/bs\/uzbekistanska-gramatika\/#breadcrumb\"},\"inLanguage\":\"bs-BA\",\"potentialAction\":[{\"@type\":\"ReadAction\",\"target\":[\"https:\/\/talkpal.ai\/bs\/uzbekistanska-gramatika\/\"]}]},{\"@type\":\"BreadcrumbList\",\"@id\":\"https:\/\/talkpal.ai\/bs\/uzbekistanska-gramatika\/#breadcrumb\",\"itemListElement\":[{\"@type\":\"ListItem\",\"position\":1,\"name\":\"Homepage\",\"item\":\"https:\/\/talkpal.ai\/bs\/\"},{\"@type\":\"ListItem\",\"position\":2,\"name\":\"Uzbekistanska gramatika\"}]},{\"@type\":\"WebSite\",\"@id\":\"https:\/\/talkpal.ai\/bs\/#website\",\"url\":\"https:\/\/talkpal.ai\/bs\/\",\"name\":\"Talkpal\",\"description\":\"AI Language Learning\",\"publisher\":{\"@id\":\"https:\/\/talkpal.ai\/bs\/#organization\"},\"alternateName\":\"Talkpal AI\",\"potentialAction\":[{\"@type\":\"SearchAction\",\"target\":{\"@type\":\"EntryPoint\",\"urlTemplate\":\"https:\/\/talkpal.ai\/bs\/?s={search_term_string}\"},\"query-input\":{\"@type\":\"PropertyValueSpecification\",\"valueRequired\":true,\"valueName\":\"search_term_string\"}}],\"inLanguage\":\"bs-BA\"},{\"@type\":\"Organization\",\"@id\":\"https:\/\/talkpal.ai\/bs\/#organization\",\"name\":\"Talkpal, Inc.\",\"alternateName\":\"Talkpal AI\",\"url\":\"https:\/\/talkpal.ai\/bs\/\",\"logo\":{\"@type\":\"ImageObject\",\"inLanguage\":\"bs-BA\",\"@id\":\"https:\/\/talkpal.ai\/bs\/#\/schema\/logo\/image\/\",\"url\":\"https:\/\/talkpal.ai\/wp-content\/uploads\/2024\/03\/Talkpal-Logo-Icon.png\",\"contentUrl\":\"https:\/\/talkpal.ai\/wp-content\/uploads\/2024\/03\/Talkpal-Logo-Icon.png\",\"width\":2880,\"height\":2880,\"caption\":\"Talkpal, Inc.\"},\"image\":{\"@id\":\"https:\/\/talkpal.ai\/bs\/#\/schema\/logo\/image\/\"},\"sameAs\":[\"https:\/\/www.facebook.com\/profile.php?id=100090733639311\",\"https:\/\/x.com\/talkpalai\",\"https:\/\/www.linkedin.com\/company\/talkpal\/\",\"https:\/\/www.youtube.com\/@TalkPal\/\",\"https:\/\/www.tiktok.com\/@talkpal\",\"https:\/\/www.instagram.com\/talkpal_ai\/\",\"https:\/\/www.crunchbase.com\/organization\/talkpal-9cde\",\"https:\/\/www.g2.com\/products\/talkpal-for-business\/\",\"https:\/\/www.trustpilot.com\/review\/talkpal.ai\",\"https:\/\/www.capterra.com\/p\/10006800\/TalkPal\/\"],\"description\":\"Talkpal is a language learning web and mobile education app, powered by the latest AI technologies, that provides engaging experiences to its customers in many different languages to help them improve their language skills. Users can chat about unlimited amount of topics with the app and use other modes to practice their language learning.\",\"email\":\"support@talkpal.ai\",\"legalName\":\"Talkpal, Inc.\",\"foundingDate\":\"2023-04-03\",\"duns\":\"118989042\",\"numberOfEmployees\":{\"@type\":\"QuantitativeValue\",\"minValue\":\"11\",\"maxValue\":\"50\"},\"publishingPrinciples\":\"https:\/\/talkpal.ai\/publishing-principles\/\",\"actionableFeedbackPolicy\":\"https:\/\/talkpal.ai\/actionable-feedback-policy\/\",\"correctionsPolicy\":\"https:\/\/talkpal.ai\/corrections-policy\/\",\"ethicsPolicy\":\"https:\/\/talkpal.ai\/ethics-policy\/\",\"diversityPolicy\":\"https:\/\/talkpal.ai\/diversity-policy\/\",\"diversityStaffingReport\":\"https:\/\/talkpal.ai\/diversity-policy\/\"}]}<\/script>\n<!-- \/ Yoast SEO Premium plugin. -->","yoast_head_json":{"title":"Uzbekistanska gramatika - Talkpal","description":"Savladajte osnove uzbekistanske gramatike, uklju\u010duju\u0107i abecedu, fonetiku i konjugaciju glagola, uz pomo\u0107 na\u0161eg sveobuhvatnog vodi\u010da.","robots":{"index":"index","follow":"follow","max-snippet":"max-snippet:-1","max-image-preview":"max-image-preview:large","max-video-preview":"max-video-preview:-1"},"canonical":"https:\/\/talkpal.ai\/bs\/uzbekistanska-gramatika\/","og_locale":"bs_BA","og_type":"article","og_title":"Uzbekistanska gramatika","og_description":"Navigacija kroz zamr\u0161enost uzbekistanske gramatike Uzbe\u010dki, turski jezik sa bogatom historijom i kulturnim zna\u010dajem, nudi uzbudljivo lingvisti\u010dko iskustvo","og_url":"https:\/\/talkpal.ai\/bs\/uzbekistanska-gramatika\/","og_site_name":"Talkpal","article_publisher":"https:\/\/www.facebook.com\/profile.php?id=100090733639311","article_modified_time":"2025-12-30T13:34:34+00:00","og_image":[{"width":2880,"height":1620,"url":"https:\/\/talkpal.ai\/wp-content\/uploads\/2025\/02\/Progress-tab-16_9.png","type":"image\/png"}],"twitter_card":"summary_large_image","twitter_site":"@talkpalai","twitter_misc":{"Est. reading time":"3 minute"},"schema":{"@context":"https:\/\/schema.org","@graph":[{"@type":"WebPage","@id":"https:\/\/talkpal.ai\/bs\/uzbekistanska-gramatika\/","url":"https:\/\/talkpal.ai\/bs\/uzbekistanska-gramatika\/","name":"Uzbekistanska gramatika - Talkpal","isPartOf":{"@id":"https:\/\/talkpal.ai\/bs\/#website"},"datePublished":"2025-11-12T17:23:13+00:00","dateModified":"2025-12-30T13:34:34+00:00","description":"Savladajte osnove uzbekistanske gramatike, uklju\u010duju\u0107i abecedu, fonetiku i konjugaciju glagola, uz pomo\u0107 na\u0161eg sveobuhvatnog vodi\u010da.","breadcrumb":{"@id":"https:\/\/talkpal.ai\/bs\/uzbekistanska-gramatika\/#breadcrumb"},"inLanguage":"bs-BA","potentialAction":[{"@type":"ReadAction","target":["https:\/\/talkpal.ai\/bs\/uzbekistanska-gramatika\/"]}]},{"@type":"BreadcrumbList","@id":"https:\/\/talkpal.ai\/bs\/uzbekistanska-gramatika\/#breadcrumb","itemListElement":[{"@type":"ListItem","position":1,"name":"Homepage","item":"https:\/\/talkpal.ai\/bs\/"},{"@type":"ListItem","position":2,"name":"Uzbekistanska gramatika"}]},{"@type":"WebSite","@id":"https:\/\/talkpal.ai\/bs\/#website","url":"https:\/\/talkpal.ai\/bs\/","name":"Talkpal","description":"AI Language Learning","publisher":{"@id":"https:\/\/talkpal.ai\/bs\/#organization"},"alternateName":"Talkpal AI","potentialAction":[{"@type":"SearchAction","target":{"@type":"EntryPoint","urlTemplate":"https:\/\/talkpal.ai\/bs\/?s={search_term_string}"},"query-input":{"@type":"PropertyValueSpecification","valueRequired":true,"valueName":"search_term_string"}}],"inLanguage":"bs-BA"},{"@type":"Organization","@id":"https:\/\/talkpal.ai\/bs\/#organization","name":"Talkpal, Inc.","alternateName":"Talkpal AI","url":"https:\/\/talkpal.ai\/bs\/","logo":{"@type":"ImageObject","inLanguage":"bs-BA","@id":"https:\/\/talkpal.ai\/bs\/#\/schema\/logo\/image\/","url":"https:\/\/talkpal.ai\/wp-content\/uploads\/2024\/03\/Talkpal-Logo-Icon.png","contentUrl":"https:\/\/talkpal.ai\/wp-content\/uploads\/2024\/03\/Talkpal-Logo-Icon.png","width":2880,"height":2880,"caption":"Talkpal, Inc."},"image":{"@id":"https:\/\/talkpal.ai\/bs\/#\/schema\/logo\/image\/"},"sameAs":["https:\/\/www.facebook.com\/profile.php?id=100090733639311","https:\/\/x.com\/talkpalai","https:\/\/www.linkedin.com\/company\/talkpal\/","https:\/\/www.youtube.com\/@TalkPal\/","https:\/\/www.tiktok.com\/@talkpal","https:\/\/www.instagram.com\/talkpal_ai\/","https:\/\/www.crunchbase.com\/organization\/talkpal-9cde","https:\/\/www.g2.com\/products\/talkpal-for-business\/","https:\/\/www.trustpilot.com\/review\/talkpal.ai","https:\/\/www.capterra.com\/p\/10006800\/TalkPal\/"],"description":"Talkpal is a language learning web and mobile education app, powered by the latest AI technologies, that provides engaging experiences to its customers in many different languages to help them improve their language skills. Users can chat about unlimited amount of topics with the app and use other modes to practice their language learning.","email":"support@talkpal.ai","legalName":"Talkpal, Inc.","foundingDate":"2023-04-03","duns":"118989042","numberOfEmployees":{"@type":"QuantitativeValue","minValue":"11","maxValue":"50"},"publishingPrinciples":"https:\/\/talkpal.ai\/publishing-principles\/","actionableFeedbackPolicy":"https:\/\/talkpal.ai\/actionable-feedback-policy\/","correctionsPolicy":"https:\/\/talkpal.ai\/corrections-policy\/","ethicsPolicy":"https:\/\/talkpal.ai\/ethics-policy\/","diversityPolicy":"https:\/\/talkpal.ai\/diversity-policy\/","diversityStaffingReport":"https:\/\/talkpal.ai\/diversity-policy\/"}]}},"_links":{"self":[{"href":"https:\/\/talkpal.ai\/bs\/wp-json\/wp\/v2\/pages\/1474402","targetHints":{"allow":["GET"]}}],"collection":[{"href":"https:\/\/talkpal.ai\/bs\/wp-json\/wp\/v2\/pages"}],"about":[{"href":"https:\/\/talkpal.ai\/bs\/wp-json\/wp\/v2\/types\/page"}],"author":[{"embeddable":true,"href":"https:\/\/talkpal.ai\/bs\/wp-json\/wp\/v2\/users\/20"}],"replies":[{"embeddable":true,"href":"https:\/\/talkpal.ai\/bs\/wp-json\/wp\/v2\/comments?post=1474402"}],"version-history":[{"count":0,"href":"https:\/\/talkpal.ai\/bs\/wp-json\/wp\/v2\/pages\/1474402\/revisions"}],"wp:attachment":[{"href":"https:\/\/talkpal.ai\/bs\/wp-json\/wp\/v2\/media?parent=1474402"}],"curies":[{"name":"wp","href":"https:\/\/api.w.org\/{rel}","templated":true}]}}