{"id":1474238,"date":"2025-11-12T16:33:49","date_gmt":"2025-11-12T16:33:49","guid":{"rendered":"https:\/\/talkpal.ai\/pandzapske-gramaticke-vjezbe\/"},"modified":"2025-12-30T11:21:21","modified_gmt":"2025-12-30T11:21:21","slug":"pandzapske-gramaticke-vjezbe","status":"publish","type":"page","link":"https:\/\/talkpal.ai\/bs\/pandzapske-gramaticke-vjezbe\/","title":{"rendered":"Pand\u017eapske gramati\u010dke vje\u017ebe"},"content":{"rendered":"\r\n\r\n\r\n<section class=\"languageChallengeSection\">\r\n    <div class=\"languageInfoWrapper\">\r\n        \r\n        <h1>Pand\u017eapske gramati\u010dke vje\u017ebe<\/h1>\r\n        <p>Jeste li spremni zaroniti u pand\u017eapsku gramatiku? Vje\u017ebanje nekoliko osnova pomo\u0107i \u0107e vam da se osje\u0107ate ugodno s ovim jedinstvenim i prekrasnim jezikom. Isprobajte ove vje\u017ebe kako biste izgradili samopouzdanje i zabavili se usput!<\/p>\r\n\r\n                            <a class=\"getStartedHidden\" href=\"https:\/\/app.talkpal.ai\/signup?lng=\">Kreni<\/a>\r\n        \r\n    <\/div>\r\n\r\n    <figure>\r\n    <img decoding=\"async\" width=\"768\" height=\"768\" src=\"https:\/\/talkpal.ai\/wp-content\/uploads\/2023\/06\/welsh-768x768.png\" class=\"languageImage no-lazy\" alt=\"Language learning for better cognitive abilities\" fetchpriority=\"high\" sizes=\"(max-width: 768px) 150px, 768px\" srcset=\"https:\/\/talkpal.ai\/wp-content\/uploads\/2023\/06\/welsh-768x768.png 768w, https:\/\/talkpal.ai\/wp-content\/uploads\/2023\/06\/welsh-300x300.png 300w\" \/>\r\n    \r\n\r\n    <\/figure>\r\n\r\n            <a class=\"getStartedVisible\" href=\"https:\/\/app.talkpal.ai\/signup?lng=\">Kreni<\/a>\r\n    \r\n<\/section><section class=\"promotionalBanner\">\r\n    <p class=\"promotionalText\">Najefikasniji na\u010din za u\u010denje jezika<\/p>\r\n    <a class=\"promotionalLink\" href=\"https:\/\/app.talkpal.ai\/signup?lng=\">Isprobajte Talkpal besplatno<\/a>\r\n<\/section>\n<div class=\"wp-block-group pageContainerStyle\"><div class=\"wp-block-group__inner-container is-layout-constrained wp-block-group-is-layout-constrained\">\n<h2 class=\"wp-block-heading\" id=\"h-punjabi-grammar-topics\">Teme pand\u017eapske gramatike<\/h2>\n\n\n\n<p><a href=\"https:\/\/talkpal.ai\/bs\/najvece-greske-koje-treba-izbjegavati-prilikom-ucenja-novog-jezika\/\">U\u010denje novog jezika<\/a> mo\u017ee biti izazovan, ali koristan poduhvat. <a href=\"https:\/\/talkpal.ai\/learn-punjabi\/\">Pand\u017eabi<\/a>, indoarijevski jezik koji se uglavnom govori u regiji Punjab i u dijasporskim zajednicama, nije izuzetak. Sa svojim jedinstvenim karakteristikama i strukturama, <a href=\"https:\/\/talkpal.ai\/bs\/talkpal-za-obrazovanje\/\">u\u010denje<\/a> pand\u017eapskog zahtijeva sistematski pristup razumijevanju njegove gramatike. Ovaj vodi\u010d ocrtava klju\u010dna podru\u010dja <a href=\"https:\/\/talkpal.ai\/bs\/pandzapska-gramatika\/\">pand\u017eapske gramatike <\/a>u logi\u010dnom slijedu za <a href=\"https:\/\/talkpal.ai\/bs\/talkpal-za-obrazovanje\/\">u\u010denje jezika<\/a>, po\u010dev\u0161i od osnova kao \u0161to su imenice i \u010dlanovi, i napreduju\u0107i do slo\u017eenijih podru\u010dja kao \u0161to su vremena i konstrukcija re\u010denica.<\/p>\n\n\n\n<h3 class=\"wp-block-heading\" id=\"h-1-nouns\">1. imenice:<\/h3>\n\n\n\n<p><a href=\"https:\/\/talkpal.ai\/ko\/ai-%ec%96%b8%ec%96%b4-%ea%b5%90%ec%82%ac\/\">Zapo\u010dnite<\/a> svoje putovanje pand\u017eapskim jezikom u\u010denjem imenica. To uklju\u010duje razumijevanje razli\u010ditih kategorija imenica, kao \u0161to su uobi\u010dajene i vlastite imenice, njihov rod (mu\u0161ki i \u017eenski) i njihovi oblici mno\u017eine.<\/p>\n\n\n\n<h3 class=\"wp-block-heading\" id=\"h-2-articles\">2. \u010dlanci:<\/h3>\n\n\n\n<p>\u010clanci na pand\u017eapskom jeziku se ne koriste na na\u010din na koji se koriste na <a href=\"https:\/\/talkpal.ai\/ai-english-speaking-practice\/\">engleskom<\/a>. <a href=\"https:\/\/talkpal.ai\/learn-punjabi\/\">Pand\u017eapski<\/a> nema odre\u0111ene ili neodre\u0111ene \u010dlanove; Definitivnost se izra\u017eava kroz kontekst ili pokaziva\u010de, a broj\u010dani ik mo\u017ee funkcionirati kao neodre\u0111eni \u010dlan u nekim kontekstima.<\/p>\n\n\n\n<h3 class=\"wp-block-heading\" id=\"h-3-adjectives\">3. pridjevi:<\/h3>\n\n\n\n<p>Pridjevi u pand\u017eapskom obi\u010dno prethode svojim imenicama i sla\u017eu se sa imenicom u rodu, broju i pade\u017eu. Tako\u0111er \u0107ete morati nau\u010diti kako se njihovi zavr\u0161eci mijenjaju i kako formirati komparative i superlative koriste\u0107i rije\u010di kao \u0161to su hor i sabh ton.<\/p>\n\n\n\n<h3 class=\"wp-block-heading\" id=\"h-4-pronouns-determiners\">4. zamjenice\/determinatori:<\/h3>\n\n\n\n<p>Zamjenice i determinatori su bitni u pand\u017eapskom; oni zamjenjuju imenice i pru\u017eaju informacije o koli\u010dini, posjedovanju i jo\u0161 mnogo toga. Nau\u010dite direktne i kose oblike koji se koriste sa postpozicijama, kao i demonstrative kao \u0161to su eh i oh i posvojne kao \u0161to su mera i tera za efikasnu komunikaciju.<\/p>\n\n\n\n<h3 class=\"wp-block-heading\" id=\"h-5-verbs\">5. glagoli:<\/h3>\n\n\n\n<p>Pand\u017eapski glagoli imaju razli\u010dite oblike u zavisnosti od vremena, aspekta, raspolo\u017eenja i glasa, a blisko sara\u0111uju sa pomo\u0107nim glagolom hona. Po\u010dnite sa sada\u0161njim habitualnim oblicima i postepeno istra\u017eujte svr\u0161ene i budu\u0107e oblike.<\/p>\n\n\n\n<h3 class=\"wp-block-heading\" id=\"h-6-tenses\">6. napetosti:<\/h3>\n\n\n\n<p>Nakon savladavanja glagolskih oblika, zaronite dublje u pand\u017eapska vremena. To uklju\u010duje razumijevanje kako se sada\u0161nje, pro\u0161lo i budu\u0107e vrijeme izra\u017eavaju kroz aspektne participe sa pomo\u0107nim ili kroz sinteti\u010dke budu\u0107e oblike, i kako se koriste u razli\u010ditim kontekstima.<\/p>\n\n\n\n<h3 class=\"wp-block-heading\" id=\"h-7-tense-comparison\">7. napeto pore\u0111enje:<\/h3>\n\n\n\n<p>Upore\u0111ivanje vremena na pand\u017eapskom poma\u017ee u razumijevanju slijeda doga\u0111aja. Upore\u0111ivanje <a href=\"https:\/\/talkpal.ai\/locations\/learn-english-in-istog\/\">istog<\/a> glagola u razli\u010ditim vremenima i aspektima omogu\u0107it \u0107e bolje razumijevanje obrazaca slaganja i upotrebe.<\/p>\n\n\n\n<h3 class=\"wp-block-heading\" id=\"h-8-progressive\">8. progresivno:<\/h3>\n\n\n\n<p>Progresivno u pand\u017eapskom se koristi za izra\u017eavanje teku\u0107ih akcija. Formira se upotrebom progresivnog participa reha, rahi ili rahe sa odgovaraju\u0107im oblikom glagola biti.<\/p>\n\n\n\n<h3 class=\"wp-block-heading\" id=\"h-9-perfect-progressive\">9. savr\u0161eno progresivno:<\/h3>\n\n\n\n<p>Ovo se koristi za izra\u017eavanje radnji koje su bile u toku do odre\u0111ene ta\u010dke. U pand\u017eapskom jeziku, formira se sa progresivnim participom reha, rahi ili rahe zajedno sa savr\u0161enim ili pro\u0161lim oblikom glagola biti.<\/p>\n\n\n\n<h3 class=\"wp-block-heading\" id=\"h-10-conditionals\">10. uslovno:<\/h3>\n\n\n\n<p>Kondicionali izra\u017eavaju hipoteti\u010dke situacije i njihove mogu\u0107e ishode. Oni su va\u017ean dio pand\u017eapske gramatike i \u010desto koriste strukture sa je i tada\u0161njim re\u010denicama, zajedno sa odgovaraju\u0107im glagolskim oblicima ili modalima, kako bi dodali nijanse va\u0161im jezi\u010dnim vje\u0161tinama.<\/p>\n\n\n\n<h3 class=\"wp-block-heading\" id=\"h-11-adverbs\">11. prilozi:<\/h3>\n\n\n\n<p>Prilozi na pand\u017eapskom modificiraju glagole, pridjeve ili druge priloge. Oni pru\u017eaju informacije o na\u010dinu, mjestu, vremenu, stepenu i jo\u0161 mnogo toga, i neophodni su za precizno izra\u017eavanje.<\/p>\n\n\n\n<h3 class=\"wp-block-heading\" id=\"h-12-prepositions\">12. prijedlozi:<\/h3>\n\n\n\n<p>Pand\u017eapski koristi postpozicije, a ne prijedloge; oni slijede imenicu i \u010desto zahtijevaju imenicu u kosom pade\u017eu. Oni izra\u017eavaju odnose vremena, mjesta, pravca i jo\u0161 mnogo toga.<\/p>\n\n\n\n<h3 class=\"wp-block-heading\" id=\"h-13-sentences\">13. re\u010denice:<\/h3>\n\n\n\n<p>Na kraju, praksa konstruisanja re\u010denica. To \u0107e uklju\u010divati kori\u0161tenje svih prethodno nau\u010denih gramati\u010dkih ta\u010daka u kontekstu, obi\u010dno sa subjektom, objektom, glagolskim redoslijedom rije\u010di i postpozicijama, \u010dime se osigurava sveobuhvatno razumijevanje pand\u017eapskog jezika.<\/p>\n<\/div><\/div>\n\r\n<section class=\"learnNavigationSection\">\r\n            \r\n        <a href=\"https:\/\/talkpal.ai\/bs\/naucite-pandzapski\/\">\r\n            <div class=\"learnNavigationWrapper\">\r\n                <div class=\"learnNavigationContent\">\r\n                    <img decoding=\"async\" src=\"https:\/\/talkpal.ai\/wp-content\/uploads\/2025\/11\/Punjabi.png\" alt=\"Indian Simplified Flag\">\r\n                    <div>\r\n                        <h4>O u\u010denju pand\u017eapskog jezika<\/h4>\r\n                        <p>Saznajte sve o pand\u017eapskoj gramatici.<\/p>\r\n                    <\/div>\r\n                <\/div>\r\n            <\/div>\r\n        <\/a>\r\n\r\n        \r\n        <a href=\"https:\/\/talkpal.ai\/bs\/pandzapska-gramatika\/\">\r\n            <div class=\"learnNavigationWrapper\">\r\n                <div class=\"learnNavigationContent\">\r\n                    <img decoding=\"async\" src=\"https:\/\/talkpal.ai\/wp-content\/uploads\/2025\/11\/Punjabi.png\" alt=\"Indian Simplified Flag\">\r\n                    <div>\r\n                        <h4>Punjabi Grammar Lessons<\/h4>\r\n                        <p>Vje\u017ebajte pand\u017eapsku gramatiku.<\/p>\r\n                    <\/div>\r\n                <\/div>\r\n            <\/div>\r\n        <\/a>\r\n\r\n            <\/section>","protected":false},"excerpt":{"rendered":"<p>Teme pand\u017eapske gramatike U\u010denje novog jezika mo\u017ee biti izazovan, ali koristan poduhvat. Pand\u017eabi, indoarijevski jezik koji se uglavnom govori u regiji Punjab i u dijasporskim zajednicama, nije izuzetak. Sa svojim jedinstvenim karakteristikama i strukturama, u\u010denje pand\u017eapskog zahtijeva sistematski pristup razumijevanju njegove gramatike. Ovaj vodi\u010d ocrtava klju\u010dna podru\u010dja pand\u017eapske gramatike u logi\u010dnom slijedu za u\u010denje jezika, [&hellip;]<\/p>\n","protected":false},"author":20,"featured_media":0,"parent":0,"menu_order":0,"comment_status":"closed","ping_status":"closed","template":"LearningContentPage.php","meta":{"_acf_changed":false,"footnotes":""},"class_list":["post-1474238","page","type-page","status-publish","hentry"],"acf":[],"yoast_head":"<!-- This site is optimized with the Yoast SEO Premium plugin v27.2 (Yoast SEO v27.2) - https:\/\/yoast.com\/product\/yoast-seo-premium-wordpress\/ -->\n<title>Pand\u017eapske gramati\u010dke vje\u017ebe - Talkpal<\/title>\n<meta name=\"description\" content=\"Savladajte gramatiku pand\u017eapskog jezika uz interaktivne vje\u017ebe osmi\u0161ljene da pobolj\u0161aju va\u0161u te\u010dnost i samopouzdanje u jeziku.\" \/>\n<meta name=\"robots\" content=\"index, follow, max-snippet:-1, max-image-preview:large, max-video-preview:-1\" \/>\n<link rel=\"canonical\" href=\"https:\/\/talkpal.ai\/bs\/pandzapske-gramaticke-vjezbe\/\" \/>\n<meta property=\"og:locale\" content=\"bs_BA\" \/>\n<meta property=\"og:type\" content=\"article\" \/>\n<meta property=\"og:title\" content=\"Pand\u017eapske gramati\u010dke vje\u017ebe\" \/>\n<meta property=\"og:description\" content=\"Teme pand\u017eapske gramatike U\u010denje novog jezika mo\u017ee biti izazovan, ali koristan poduhvat. Pand\u017eabi, indoarijevski jezik koji se uglavnom govori u regiji\" \/>\n<meta property=\"og:url\" content=\"https:\/\/talkpal.ai\/bs\/pandzapske-gramaticke-vjezbe\/\" \/>\n<meta property=\"og:site_name\" content=\"Talkpal\" \/>\n<meta property=\"article:publisher\" content=\"https:\/\/www.facebook.com\/profile.php?id=100090733639311\" \/>\n<meta property=\"article:modified_time\" content=\"2025-12-30T11:21:21+00:00\" \/>\n<meta property=\"og:image\" content=\"https:\/\/talkpal.ai\/wp-content\/uploads\/2025\/02\/Progress-tab-16_9.png\" \/>\n\t<meta property=\"og:image:width\" content=\"2880\" \/>\n\t<meta property=\"og:image:height\" content=\"1620\" \/>\n\t<meta property=\"og:image:type\" content=\"image\/png\" \/>\n<meta name=\"twitter:card\" content=\"summary_large_image\" \/>\n<meta name=\"twitter:site\" content=\"@talkpalai\" \/>\n<meta name=\"twitter:label1\" content=\"Est. reading time\" \/>\n\t<meta name=\"twitter:data1\" content=\"3 minute\" \/>\n<script type=\"application\/ld+json\" class=\"yoast-schema-graph\">{\"@context\":\"https:\/\/schema.org\",\"@graph\":[{\"@type\":\"WebPage\",\"@id\":\"https:\/\/talkpal.ai\/bs\/pandzapske-gramaticke-vjezbe\/\",\"url\":\"https:\/\/talkpal.ai\/bs\/pandzapske-gramaticke-vjezbe\/\",\"name\":\"Pand\u017eapske gramati\u010dke vje\u017ebe - Talkpal\",\"isPartOf\":{\"@id\":\"https:\/\/talkpal.ai\/bs\/#website\"},\"datePublished\":\"2025-11-12T16:33:49+00:00\",\"dateModified\":\"2025-12-30T11:21:21+00:00\",\"description\":\"Savladajte gramatiku pand\u017eapskog jezika uz interaktivne vje\u017ebe osmi\u0161ljene da pobolj\u0161aju va\u0161u te\u010dnost i samopouzdanje u jeziku.\",\"breadcrumb\":{\"@id\":\"https:\/\/talkpal.ai\/bs\/pandzapske-gramaticke-vjezbe\/#breadcrumb\"},\"inLanguage\":\"bs-BA\",\"potentialAction\":[{\"@type\":\"ReadAction\",\"target\":[\"https:\/\/talkpal.ai\/bs\/pandzapske-gramaticke-vjezbe\/\"]}]},{\"@type\":\"BreadcrumbList\",\"@id\":\"https:\/\/talkpal.ai\/bs\/pandzapske-gramaticke-vjezbe\/#breadcrumb\",\"itemListElement\":[{\"@type\":\"ListItem\",\"position\":1,\"name\":\"Homepage\",\"item\":\"https:\/\/talkpal.ai\/bs\/\"},{\"@type\":\"ListItem\",\"position\":2,\"name\":\"Pand\u017eapske gramati\u010dke vje\u017ebe\"}]},{\"@type\":\"WebSite\",\"@id\":\"https:\/\/talkpal.ai\/bs\/#website\",\"url\":\"https:\/\/talkpal.ai\/bs\/\",\"name\":\"Talkpal\",\"description\":\"AI Language Learning\",\"publisher\":{\"@id\":\"https:\/\/talkpal.ai\/bs\/#organization\"},\"alternateName\":\"Talkpal AI\",\"potentialAction\":[{\"@type\":\"SearchAction\",\"target\":{\"@type\":\"EntryPoint\",\"urlTemplate\":\"https:\/\/talkpal.ai\/bs\/?s={search_term_string}\"},\"query-input\":{\"@type\":\"PropertyValueSpecification\",\"valueRequired\":true,\"valueName\":\"search_term_string\"}}],\"inLanguage\":\"bs-BA\"},{\"@type\":\"Organization\",\"@id\":\"https:\/\/talkpal.ai\/bs\/#organization\",\"name\":\"Talkpal, Inc.\",\"alternateName\":\"Talkpal AI\",\"url\":\"https:\/\/talkpal.ai\/bs\/\",\"logo\":{\"@type\":\"ImageObject\",\"inLanguage\":\"bs-BA\",\"@id\":\"https:\/\/talkpal.ai\/bs\/#\/schema\/logo\/image\/\",\"url\":\"https:\/\/talkpal.ai\/wp-content\/uploads\/2024\/03\/Talkpal-Logo-Icon.png\",\"contentUrl\":\"https:\/\/talkpal.ai\/wp-content\/uploads\/2024\/03\/Talkpal-Logo-Icon.png\",\"width\":2880,\"height\":2880,\"caption\":\"Talkpal, Inc.\"},\"image\":{\"@id\":\"https:\/\/talkpal.ai\/bs\/#\/schema\/logo\/image\/\"},\"sameAs\":[\"https:\/\/www.facebook.com\/profile.php?id=100090733639311\",\"https:\/\/x.com\/talkpalai\",\"https:\/\/www.linkedin.com\/company\/talkpal\/\",\"https:\/\/www.youtube.com\/@TalkPal\/\",\"https:\/\/www.tiktok.com\/@talkpal\",\"https:\/\/www.instagram.com\/talkpal_ai\/\",\"https:\/\/www.crunchbase.com\/organization\/talkpal-9cde\",\"https:\/\/www.g2.com\/products\/talkpal-for-business\/\",\"https:\/\/www.trustpilot.com\/review\/talkpal.ai\",\"https:\/\/www.capterra.com\/p\/10006800\/TalkPal\/\"],\"description\":\"Talkpal is a language learning web and mobile education app, powered by the latest AI technologies, that provides engaging experiences to its customers in many different languages to help them improve their language skills. Users can chat about unlimited amount of topics with the app and use other modes to practice their language learning.\",\"email\":\"support@talkpal.ai\",\"legalName\":\"Talkpal, Inc.\",\"foundingDate\":\"2023-04-03\",\"duns\":\"118989042\",\"numberOfEmployees\":{\"@type\":\"QuantitativeValue\",\"minValue\":\"11\",\"maxValue\":\"50\"},\"publishingPrinciples\":\"https:\/\/talkpal.ai\/publishing-principles\/\",\"actionableFeedbackPolicy\":\"https:\/\/talkpal.ai\/actionable-feedback-policy\/\",\"correctionsPolicy\":\"https:\/\/talkpal.ai\/corrections-policy\/\",\"ethicsPolicy\":\"https:\/\/talkpal.ai\/ethics-policy\/\",\"diversityPolicy\":\"https:\/\/talkpal.ai\/diversity-policy\/\",\"diversityStaffingReport\":\"https:\/\/talkpal.ai\/diversity-policy\/\"}]}<\/script>\n<!-- \/ Yoast SEO Premium plugin. -->","yoast_head_json":{"title":"Pand\u017eapske gramati\u010dke vje\u017ebe - Talkpal","description":"Savladajte gramatiku pand\u017eapskog jezika uz interaktivne vje\u017ebe osmi\u0161ljene da pobolj\u0161aju va\u0161u te\u010dnost i samopouzdanje u jeziku.","robots":{"index":"index","follow":"follow","max-snippet":"max-snippet:-1","max-image-preview":"max-image-preview:large","max-video-preview":"max-video-preview:-1"},"canonical":"https:\/\/talkpal.ai\/bs\/pandzapske-gramaticke-vjezbe\/","og_locale":"bs_BA","og_type":"article","og_title":"Pand\u017eapske gramati\u010dke vje\u017ebe","og_description":"Teme pand\u017eapske gramatike U\u010denje novog jezika mo\u017ee biti izazovan, ali koristan poduhvat. Pand\u017eabi, indoarijevski jezik koji se uglavnom govori u regiji","og_url":"https:\/\/talkpal.ai\/bs\/pandzapske-gramaticke-vjezbe\/","og_site_name":"Talkpal","article_publisher":"https:\/\/www.facebook.com\/profile.php?id=100090733639311","article_modified_time":"2025-12-30T11:21:21+00:00","og_image":[{"width":2880,"height":1620,"url":"https:\/\/talkpal.ai\/wp-content\/uploads\/2025\/02\/Progress-tab-16_9.png","type":"image\/png"}],"twitter_card":"summary_large_image","twitter_site":"@talkpalai","twitter_misc":{"Est. reading time":"3 minute"},"schema":{"@context":"https:\/\/schema.org","@graph":[{"@type":"WebPage","@id":"https:\/\/talkpal.ai\/bs\/pandzapske-gramaticke-vjezbe\/","url":"https:\/\/talkpal.ai\/bs\/pandzapske-gramaticke-vjezbe\/","name":"Pand\u017eapske gramati\u010dke vje\u017ebe - Talkpal","isPartOf":{"@id":"https:\/\/talkpal.ai\/bs\/#website"},"datePublished":"2025-11-12T16:33:49+00:00","dateModified":"2025-12-30T11:21:21+00:00","description":"Savladajte gramatiku pand\u017eapskog jezika uz interaktivne vje\u017ebe osmi\u0161ljene da pobolj\u0161aju va\u0161u te\u010dnost i samopouzdanje u jeziku.","breadcrumb":{"@id":"https:\/\/talkpal.ai\/bs\/pandzapske-gramaticke-vjezbe\/#breadcrumb"},"inLanguage":"bs-BA","potentialAction":[{"@type":"ReadAction","target":["https:\/\/talkpal.ai\/bs\/pandzapske-gramaticke-vjezbe\/"]}]},{"@type":"BreadcrumbList","@id":"https:\/\/talkpal.ai\/bs\/pandzapske-gramaticke-vjezbe\/#breadcrumb","itemListElement":[{"@type":"ListItem","position":1,"name":"Homepage","item":"https:\/\/talkpal.ai\/bs\/"},{"@type":"ListItem","position":2,"name":"Pand\u017eapske gramati\u010dke vje\u017ebe"}]},{"@type":"WebSite","@id":"https:\/\/talkpal.ai\/bs\/#website","url":"https:\/\/talkpal.ai\/bs\/","name":"Talkpal","description":"AI Language Learning","publisher":{"@id":"https:\/\/talkpal.ai\/bs\/#organization"},"alternateName":"Talkpal AI","potentialAction":[{"@type":"SearchAction","target":{"@type":"EntryPoint","urlTemplate":"https:\/\/talkpal.ai\/bs\/?s={search_term_string}"},"query-input":{"@type":"PropertyValueSpecification","valueRequired":true,"valueName":"search_term_string"}}],"inLanguage":"bs-BA"},{"@type":"Organization","@id":"https:\/\/talkpal.ai\/bs\/#organization","name":"Talkpal, Inc.","alternateName":"Talkpal AI","url":"https:\/\/talkpal.ai\/bs\/","logo":{"@type":"ImageObject","inLanguage":"bs-BA","@id":"https:\/\/talkpal.ai\/bs\/#\/schema\/logo\/image\/","url":"https:\/\/talkpal.ai\/wp-content\/uploads\/2024\/03\/Talkpal-Logo-Icon.png","contentUrl":"https:\/\/talkpal.ai\/wp-content\/uploads\/2024\/03\/Talkpal-Logo-Icon.png","width":2880,"height":2880,"caption":"Talkpal, Inc."},"image":{"@id":"https:\/\/talkpal.ai\/bs\/#\/schema\/logo\/image\/"},"sameAs":["https:\/\/www.facebook.com\/profile.php?id=100090733639311","https:\/\/x.com\/talkpalai","https:\/\/www.linkedin.com\/company\/talkpal\/","https:\/\/www.youtube.com\/@TalkPal\/","https:\/\/www.tiktok.com\/@talkpal","https:\/\/www.instagram.com\/talkpal_ai\/","https:\/\/www.crunchbase.com\/organization\/talkpal-9cde","https:\/\/www.g2.com\/products\/talkpal-for-business\/","https:\/\/www.trustpilot.com\/review\/talkpal.ai","https:\/\/www.capterra.com\/p\/10006800\/TalkPal\/"],"description":"Talkpal is a language learning web and mobile education app, powered by the latest AI technologies, that provides engaging experiences to its customers in many different languages to help them improve their language skills. Users can chat about unlimited amount of topics with the app and use other modes to practice their language learning.","email":"support@talkpal.ai","legalName":"Talkpal, Inc.","foundingDate":"2023-04-03","duns":"118989042","numberOfEmployees":{"@type":"QuantitativeValue","minValue":"11","maxValue":"50"},"publishingPrinciples":"https:\/\/talkpal.ai\/publishing-principles\/","actionableFeedbackPolicy":"https:\/\/talkpal.ai\/actionable-feedback-policy\/","correctionsPolicy":"https:\/\/talkpal.ai\/corrections-policy\/","ethicsPolicy":"https:\/\/talkpal.ai\/ethics-policy\/","diversityPolicy":"https:\/\/talkpal.ai\/diversity-policy\/","diversityStaffingReport":"https:\/\/talkpal.ai\/diversity-policy\/"}]}},"_links":{"self":[{"href":"https:\/\/talkpal.ai\/bs\/wp-json\/wp\/v2\/pages\/1474238","targetHints":{"allow":["GET"]}}],"collection":[{"href":"https:\/\/talkpal.ai\/bs\/wp-json\/wp\/v2\/pages"}],"about":[{"href":"https:\/\/talkpal.ai\/bs\/wp-json\/wp\/v2\/types\/page"}],"author":[{"embeddable":true,"href":"https:\/\/talkpal.ai\/bs\/wp-json\/wp\/v2\/users\/20"}],"replies":[{"embeddable":true,"href":"https:\/\/talkpal.ai\/bs\/wp-json\/wp\/v2\/comments?post=1474238"}],"version-history":[{"count":0,"href":"https:\/\/talkpal.ai\/bs\/wp-json\/wp\/v2\/pages\/1474238\/revisions"}],"wp:attachment":[{"href":"https:\/\/talkpal.ai\/bs\/wp-json\/wp\/v2\/media?parent=1474238"}],"curies":[{"name":"wp","href":"https:\/\/api.w.org\/{rel}","templated":true}]}}