{"id":1474194,"date":"2025-11-12T16:22:22","date_gmt":"2025-11-12T16:22:22","guid":{"rendered":"https:\/\/talkpal.ai\/pastunske-gramaticke-vjezbe\/"},"modified":"2025-12-30T11:39:25","modified_gmt":"2025-12-30T11:39:25","slug":"pastunske-gramaticke-vjezbe","status":"publish","type":"page","link":"https:\/\/talkpal.ai\/bs\/pastunske-gramaticke-vjezbe\/","title":{"rendered":"Pa\u0161tunske gramati\u010dke vje\u017ebe"},"content":{"rendered":"\r\n\r\n\r\n<section class=\"languageChallengeSection\">\r\n    <div class=\"languageInfoWrapper\">\r\n        \r\n        <h1>Pa\u0161tunske gramati\u010dke vje\u017ebe<\/h1>\r\n        <p>Jeste li spremni zaroniti u pa\u0161tunsku gramatiku? Vje\u017ebanje nekoliko osnova pomo\u0107i \u0107e vam da se osje\u0107ate ugodno s ovim jedinstvenim i prekrasnim jezikom. Isprobajte ove vje\u017ebe kako biste izgradili samopouzdanje i zabavili se usput!<\/p>\r\n\r\n                            <a class=\"getStartedHidden\" href=\"https:\/\/app.talkpal.ai\/signup?lng=\">Kreni<\/a>\r\n        \r\n    <\/div>\r\n\r\n    <figure>\r\n    <img decoding=\"async\" width=\"768\" height=\"768\" src=\"https:\/\/talkpal.ai\/wp-content\/uploads\/2023\/06\/welsh-768x768.png\" class=\"languageImage no-lazy\" alt=\"Language learning for better cognitive abilities\" fetchpriority=\"high\" sizes=\"(max-width: 768px) 150px, 768px\" srcset=\"https:\/\/talkpal.ai\/wp-content\/uploads\/2023\/06\/welsh-768x768.png 768w, https:\/\/talkpal.ai\/wp-content\/uploads\/2023\/06\/welsh-300x300.png 300w\" \/>\r\n    \r\n\r\n    <\/figure>\r\n\r\n            <a class=\"getStartedVisible\" href=\"https:\/\/app.talkpal.ai\/signup?lng=\">Kreni<\/a>\r\n    \r\n<\/section><section class=\"promotionalBanner\">\r\n    <p class=\"promotionalText\">Najefikasniji na\u010din za u\u010denje jezika<\/p>\r\n    <a class=\"promotionalLink\" href=\"https:\/\/app.talkpal.ai\/signup?lng=\">Isprobajte Talkpal besplatno<\/a>\r\n<\/section>\n<div class=\"wp-block-group pageContainerStyle\"><div class=\"wp-block-group__inner-container is-layout-constrained wp-block-group-is-layout-constrained\">\n<h2 class=\"wp-block-heading\" id=\"h-pashto-grammar-topics\">Teme iz pa\u0161tunske gramatike<\/h2>\n\n\n\n<p><a href=\"https:\/\/talkpal.ai\/bs\/najvece-greske-koje-treba-izbjegavati-prilikom-ucenja-novog-jezika\/\">U\u010denje novog jezika<\/a> mo\u017ee biti izazovan, ali koristan poduhvat. Pa\u0161tun, isto\u010dnoiranski jezik koji se uglavnom govori u Afganistanu i Pakistanu, nije izuzetak. Sa svojim jedinstvenim karakteristikama i strukturama, <a href=\"https:\/\/talkpal.ai\/bs\/talkpal-za-obrazovanje\/\">u\u010denje<\/a> pa\u0161tunskog jezika zahtijeva sistematski pristup razumijevanju njegove gramatike. Ovaj vodi\u010d ocrtava klju\u010dna podru\u010dja <a href=\"https:\/\/talkpal.ai\/bs\/pastunska-gramatika\/\">pa\u0161tunske gramatike<\/a> u logi\u010dnom slijedu za <a href=\"https:\/\/talkpal.ai\/bs\/talkpal-za-obrazovanje\/\">u\u010denje jezika<\/a>, po\u010dev\u0161i od osnova kao \u0161to su imenice i \u010dlanovi, i napreduju\u0107i do slo\u017eenijih podru\u010dja kao \u0161to su vremena i konstrukcija re\u010denica.<\/p>\n\n\n\n<h3 class=\"wp-block-heading\" id=\"h-1-nouns\">1. imenice:<\/h3>\n\n\n\n<p><a href=\"https:\/\/talkpal.ai\/ko\/ai-%ec%96%b8%ec%96%b4-%ea%b5%90%ec%82%ac\/\">Zapo\u010dnite<\/a> svoje putovanje pa\u0161tunskim jezikom u\u010denjem imenica. To uklju\u010duje razumijevanje razli\u010ditih kategorija imenica, kao \u0161to su uobi\u010dajene i vlastite imenice, njihov gramati\u010dki rod i njihovi oblici mno\u017eine.<\/p>\n\n\n\n<h3 class=\"wp-block-heading\" id=\"h-2-articles\">2. \u010dlanci:<\/h3>\n\n\n\n<p>\u010clanci na pa\u0161tunskom jeziku funkcioniraju druga\u010dije nego na <a href=\"https:\/\/talkpal.ai\/ai-english-speaking-practice\/\">engleskom<\/a>. <a href=\"https:\/\/talkpal.ai\/hr\/naucite-pastunski\/\">Pa\u0161tunski jezik<\/a> nema odre\u0111eni \u010dlan, a neodre\u0111enost je \u010desto neozna\u010dena ili prikazana brojem &#8220;skretanje&#8221; \u0161to zna\u010di &#8220;a&#8221;. Nau\u010dite kako se odre\u0111enost izra\u017eava kroz kontekst, pokaziva\u010de i redoslijed rije\u010di.<\/p>\n\n\n\n<h3 class=\"wp-block-heading\" id=\"h-3-adjectives\">3. pridjevi:<\/h3>\n\n\n\n<p>Pridjevi u pa\u0161tunskom jeziku obi\u010dno prethode njihovim imenicama. Tako\u0111er \u0107ete morati nau\u010diti o linkerskom zvuku &#8220;-e&#8221; koji se koristi izme\u0111u imenica i modifikatora u mnogim kontekstima, i kako formirati komparative i superlative, obi\u010dno sa &#8220;tar&#8221; i &#8220;tar tulo&#8221;.<\/p>\n\n\n\n<h3 class=\"wp-block-heading\" id=\"h-4-pronouns-determiners\">4. zamjenice\/determinatori:<\/h3>\n\n\n\n<p>Zamjenice i odrednice su bitne u pa\u0161tunskom jeziku; zamjenjuju imenice i pru\u017eaju informacije o osobi, broju, spolu, posjedovanju i koli\u010dini. Pa\u0161tunske zamjenice imaju direktne i kose oblike, a posjedovanje se \u010desto ozna\u010dava \u010desticom &#8220;da&#8221; ili pronominalnim klitikama.<\/p>\n\n\n\n<h3 class=\"wp-block-heading\" id=\"h-5-verbs\">5. glagoli:<\/h3>\n\n\n\n<p><a href=\"https:\/\/talkpal.ai\/learn-pashto\/\">Pa\u0161tunski<\/a> glagoli imaju razli\u010dite oblike u zavisnosti od vremena, aspekta, raspolo\u017eenja, glasa, osobe i broja. Mnogi glagoli su slo\u017eeni, \u010desto koriste &#8220;kol&#8221; do ili &#8220;kedal&#8221; be done. Po\u010dnite sa sada\u0161njim vremenom i imperativom i postepeno istra\u017eujte pro\u0161lo i budu\u0107e vrijeme.<\/p>\n\n\n\n<h3 class=\"wp-block-heading\" id=\"h-6-tenses\">6. napetosti:<\/h3>\n\n\n\n<p>Nakon savladavanja glagolskih oblika, zaronite dublje u pa\u0161tunsko vrijeme i sistem aspekta. To uklju\u010duje razumijevanje sada\u0161njosti, pro\u0161losti i budu\u0107nosti, kao i kontrast izme\u0111u nesavr\u0161enih i savr\u0161enih aspekata i kako se oni koriste u razli\u010ditim kontekstima.<\/p>\n\n\n\n<h3 class=\"wp-block-heading\" id=\"h-7-tense-comparison\">7. napeto pore\u0111enje:<\/h3>\n\n\n\n<p>Upore\u0111ivanje vremena na pa\u0161tunskom poma\u017ee u razumijevanju aspekta i slijeda doga\u0111aja. Upore\u0111ivanje <a href=\"https:\/\/talkpal.ai\/locations\/learn-english-in-istog\/\">istog<\/a> glagola u razli\u010ditim vremenima, posebno perfektivno naspram nesvr\u0161enog pro\u0161log vremena, omogu\u0107it \u0107e bolje razumijevanje pa\u0161tunskog jezika.<\/p>\n\n\n\n<h3 class=\"wp-block-heading\" id=\"h-8-progressive\">8. progresivno:<\/h3>\n\n\n\n<p>Progresivni aspekt u pa\u0161tunskom jeziku \u010desto se izra\u017eava jednostavnim sada\u0161njim dijelom, posebno slo\u017eenim glagolima kao \u0161to je &#8220;kar kol&#8221;. Tako\u0111er se mo\u017ee eksplicitno u\u010diniti kori\u0161tenjem participijalnih pridjeva kao \u0161to je &#8220;rawan&#8221; koji idu zajedno sa glagolom &#8220;biti&#8221;.<\/p>\n\n\n\n<h3 class=\"wp-block-heading\" id=\"h-9-perfect-progressive\">9. savr\u0161eno progresivno:<\/h3>\n\n\n\n<p>Ovo zna\u010denje se obi\u010dno izra\u017eava vremenskim izrazima i aspektnim konstrukcijama, na primjer &#8220;keghegi &#8230; che + sada\u0161njost&#8221; doga\u0111a se da &#8230;, ili kombiniranjem participijalnih oblika s pro\u0161lim oblicima &#8220;biti&#8221;, ovisno o glagolu i kontekstu.<\/p>\n\n\n\n<h3 class=\"wp-block-heading\" id=\"h-10-conditionals\">10. uslovno:<\/h3>\n\n\n\n<p>Kondicionali izra\u017eavaju hipoteti\u010dke situacije i njihove mogu\u0107e ishode. Na pa\u0161tunskom jeziku, koristite &#8220;ka&#8221; za ako. Stvarni uslovi \u010desto koriste sada\u0161nje ili budu\u0107e oblike, dok hipoteti\u010dki ili kontra\u010dinjeni\u010dni uslovi koriste pro\u0161le oblike i mogu uklju\u010divati \u010desticu &#8220;ba&#8221; za izra\u017eavanje bi.<\/p>\n\n\n\n<h3 class=\"wp-block-heading\" id=\"h-11-adverbs\">11. prilozi:<\/h3>\n\n\n\n<p>Prilozi u pa\u0161tunskom modificiraju glagole, pridjeve ili druge priloge. Oni pru\u017eaju informacije o na\u010dinu, mjestu, vremenu, stepenu i jo\u0161 mnogo toga, a \u010desto se formiraju od pridjeva ili se izra\u017eavaju prijedlozima.<\/p>\n\n\n\n<h3 class=\"wp-block-heading\" id=\"h-12-prepositions\">12. prijedlozi:<\/h3>\n\n\n\n<p>Predlozi povezuju re\u010di i fraze. U pa\u0161tunskom jeziku, uobi\u010dajeni prijedlozi uklju\u010duju &#8220;pa&#8221;, &#8220;la&#8221;, &#8220;tar&#8221;, &#8220;par&#8221; i &#8220;da&#8221;. Oni izra\u017eavaju odnose vremena, mjesta, smjera, izvora, posjedovanja i jo\u0161 mnogo toga, i mogu zahtijevati kose oblike zamjenica.<\/p>\n\n\n\n<h3 class=\"wp-block-heading\" id=\"h-13-sentences\">13. re\u010denice:<\/h3>\n\n\n\n<p>Na kraju, praksa konstruisanja re\u010denica. Pa\u0161tunski obi\u010dno slijedi redoslijed glagola subjekta objekta, sa glagolom \u010desto na kraju. To \u0107e uklju\u010divati kori\u0161tenje svih prethodno nau\u010denih gramati\u010dkih ta\u010daka u kontekstu, \u010dime \u0107e se osigurati sveobuhvatno razumijevanje pa\u0161tunskog jezika.<\/p>\n<\/div><\/div>\n\r\n<section class=\"learnNavigationSection\">\r\n            \r\n        <a href=\"https:\/\/talkpal.ai\/bs\/naucite-pastunski\/\">\r\n            <div class=\"learnNavigationWrapper\">\r\n                <div class=\"learnNavigationContent\">\r\n                    <img decoding=\"async\" src=\"https:\/\/talkpal.ai\/wp-content\/uploads\/2025\/11\/Pashto.png\" alt=\"Afghan Flag\">\r\n                    <div>\r\n                        <h4>O u\u010denju pa\u0161tunskog jezika<\/h4>\r\n                        <p>Saznajte sve o pa\u0161tunskoj gramatici.<\/p>\r\n                    <\/div>\r\n                <\/div>\r\n            <\/div>\r\n        <\/a>\r\n\r\n        \r\n        <a href=\"https:\/\/talkpal.ai\/bs\/pastunska-gramatika\/\">\r\n            <div class=\"learnNavigationWrapper\">\r\n                <div class=\"learnNavigationContent\">\r\n                    <img decoding=\"async\" src=\"https:\/\/talkpal.ai\/wp-content\/uploads\/2025\/11\/Pashto.png\" alt=\"Afghan Flag\">\r\n                    <div>\r\n                        <h4>Lekcije iz pa\u0161tunske gramatike<\/h4>\r\n                        <p>Vje\u017ebajte pa\u0161tunsku gramatiku.<\/p>\r\n                    <\/div>\r\n                <\/div>\r\n            <\/div>\r\n        <\/a>\r\n\r\n            <\/section>","protected":false},"excerpt":{"rendered":"<p>Teme iz pa\u0161tunske gramatike U\u010denje novog jezika mo\u017ee biti izazovan, ali koristan poduhvat. Pa\u0161tun, isto\u010dnoiranski jezik koji se uglavnom govori u Afganistanu i Pakistanu, nije izuzetak. Sa svojim jedinstvenim karakteristikama i strukturama, u\u010denje pa\u0161tunskog jezika zahtijeva sistematski pristup razumijevanju njegove gramatike. Ovaj vodi\u010d ocrtava klju\u010dna podru\u010dja pa\u0161tunske gramatike u logi\u010dnom slijedu za u\u010denje jezika, po\u010dev\u0161i [&hellip;]<\/p>\n","protected":false},"author":20,"featured_media":0,"parent":0,"menu_order":0,"comment_status":"closed","ping_status":"closed","template":"LearningContentPage.php","meta":{"_acf_changed":false,"footnotes":""},"class_list":["post-1474194","page","type-page","status-publish","hentry"],"acf":[],"yoast_head":"<!-- This site is optimized with the Yoast SEO Premium plugin v27.2 (Yoast SEO v27.2) - https:\/\/yoast.com\/product\/yoast-seo-premium-wordpress\/ -->\n<title>Pa\u0161tunske gramati\u010dke vje\u017ebe - Talkpal<\/title>\n<meta name=\"description\" content=\"Savladajte pa\u0161tunsku gramatiku uz sveobuhvatne vje\u017ebe koje obuhvataju imenice, glagole, vremena i re\u010deni\u010dnu strukturu za efikasno u\u010denje jezika.\" \/>\n<meta name=\"robots\" content=\"index, follow, max-snippet:-1, max-image-preview:large, max-video-preview:-1\" \/>\n<link rel=\"canonical\" href=\"https:\/\/talkpal.ai\/bs\/pastunske-gramaticke-vjezbe\/\" \/>\n<meta property=\"og:locale\" content=\"bs_BA\" \/>\n<meta property=\"og:type\" content=\"article\" \/>\n<meta property=\"og:title\" content=\"Pa\u0161tunske gramati\u010dke vje\u017ebe\" \/>\n<meta property=\"og:description\" content=\"Teme iz pa\u0161tunske gramatike U\u010denje novog jezika mo\u017ee biti izazovan, ali koristan poduhvat. Pa\u0161tun, isto\u010dnoiranski jezik koji se uglavnom govori u\" \/>\n<meta property=\"og:url\" content=\"https:\/\/talkpal.ai\/bs\/pastunske-gramaticke-vjezbe\/\" \/>\n<meta property=\"og:site_name\" content=\"Talkpal\" \/>\n<meta property=\"article:publisher\" content=\"https:\/\/www.facebook.com\/profile.php?id=100090733639311\" \/>\n<meta property=\"article:modified_time\" content=\"2025-12-30T11:39:25+00:00\" \/>\n<meta property=\"og:image\" content=\"https:\/\/talkpal.ai\/wp-content\/uploads\/2025\/02\/Progress-tab-16_9.png\" \/>\n\t<meta property=\"og:image:width\" content=\"2880\" \/>\n\t<meta property=\"og:image:height\" content=\"1620\" \/>\n\t<meta property=\"og:image:type\" content=\"image\/png\" \/>\n<meta name=\"twitter:card\" content=\"summary_large_image\" \/>\n<meta name=\"twitter:site\" content=\"@talkpalai\" \/>\n<meta name=\"twitter:label1\" content=\"Est. reading time\" \/>\n\t<meta name=\"twitter:data1\" content=\"3 minute\" \/>\n<script type=\"application\/ld+json\" class=\"yoast-schema-graph\">{\"@context\":\"https:\/\/schema.org\",\"@graph\":[{\"@type\":\"WebPage\",\"@id\":\"https:\/\/talkpal.ai\/bs\/pastunske-gramaticke-vjezbe\/\",\"url\":\"https:\/\/talkpal.ai\/bs\/pastunske-gramaticke-vjezbe\/\",\"name\":\"Pa\u0161tunske gramati\u010dke vje\u017ebe - Talkpal\",\"isPartOf\":{\"@id\":\"https:\/\/talkpal.ai\/bs\/#website\"},\"datePublished\":\"2025-11-12T16:22:22+00:00\",\"dateModified\":\"2025-12-30T11:39:25+00:00\",\"description\":\"Savladajte pa\u0161tunsku gramatiku uz sveobuhvatne vje\u017ebe koje obuhvataju imenice, glagole, vremena i re\u010deni\u010dnu strukturu za efikasno u\u010denje jezika.\",\"breadcrumb\":{\"@id\":\"https:\/\/talkpal.ai\/bs\/pastunske-gramaticke-vjezbe\/#breadcrumb\"},\"inLanguage\":\"bs-BA\",\"potentialAction\":[{\"@type\":\"ReadAction\",\"target\":[\"https:\/\/talkpal.ai\/bs\/pastunske-gramaticke-vjezbe\/\"]}]},{\"@type\":\"BreadcrumbList\",\"@id\":\"https:\/\/talkpal.ai\/bs\/pastunske-gramaticke-vjezbe\/#breadcrumb\",\"itemListElement\":[{\"@type\":\"ListItem\",\"position\":1,\"name\":\"Homepage\",\"item\":\"https:\/\/talkpal.ai\/bs\/\"},{\"@type\":\"ListItem\",\"position\":2,\"name\":\"Pa\u0161tunske gramati\u010dke vje\u017ebe\"}]},{\"@type\":\"WebSite\",\"@id\":\"https:\/\/talkpal.ai\/bs\/#website\",\"url\":\"https:\/\/talkpal.ai\/bs\/\",\"name\":\"Talkpal\",\"description\":\"AI Language Learning\",\"publisher\":{\"@id\":\"https:\/\/talkpal.ai\/bs\/#organization\"},\"alternateName\":\"Talkpal AI\",\"potentialAction\":[{\"@type\":\"SearchAction\",\"target\":{\"@type\":\"EntryPoint\",\"urlTemplate\":\"https:\/\/talkpal.ai\/bs\/?s={search_term_string}\"},\"query-input\":{\"@type\":\"PropertyValueSpecification\",\"valueRequired\":true,\"valueName\":\"search_term_string\"}}],\"inLanguage\":\"bs-BA\"},{\"@type\":\"Organization\",\"@id\":\"https:\/\/talkpal.ai\/bs\/#organization\",\"name\":\"Talkpal, Inc.\",\"alternateName\":\"Talkpal AI\",\"url\":\"https:\/\/talkpal.ai\/bs\/\",\"logo\":{\"@type\":\"ImageObject\",\"inLanguage\":\"bs-BA\",\"@id\":\"https:\/\/talkpal.ai\/bs\/#\/schema\/logo\/image\/\",\"url\":\"https:\/\/talkpal.ai\/wp-content\/uploads\/2024\/03\/Talkpal-Logo-Icon.png\",\"contentUrl\":\"https:\/\/talkpal.ai\/wp-content\/uploads\/2024\/03\/Talkpal-Logo-Icon.png\",\"width\":2880,\"height\":2880,\"caption\":\"Talkpal, Inc.\"},\"image\":{\"@id\":\"https:\/\/talkpal.ai\/bs\/#\/schema\/logo\/image\/\"},\"sameAs\":[\"https:\/\/www.facebook.com\/profile.php?id=100090733639311\",\"https:\/\/x.com\/talkpalai\",\"https:\/\/www.linkedin.com\/company\/talkpal\/\",\"https:\/\/www.youtube.com\/@TalkPal\/\",\"https:\/\/www.tiktok.com\/@talkpal\",\"https:\/\/www.instagram.com\/talkpal_ai\/\",\"https:\/\/www.crunchbase.com\/organization\/talkpal-9cde\",\"https:\/\/www.g2.com\/products\/talkpal-for-business\/\",\"https:\/\/www.trustpilot.com\/review\/talkpal.ai\",\"https:\/\/www.capterra.com\/p\/10006800\/TalkPal\/\"],\"description\":\"Talkpal is a language learning web and mobile education app, powered by the latest AI technologies, that provides engaging experiences to its customers in many different languages to help them improve their language skills. Users can chat about unlimited amount of topics with the app and use other modes to practice their language learning.\",\"email\":\"support@talkpal.ai\",\"legalName\":\"Talkpal, Inc.\",\"foundingDate\":\"2023-04-03\",\"duns\":\"118989042\",\"numberOfEmployees\":{\"@type\":\"QuantitativeValue\",\"minValue\":\"11\",\"maxValue\":\"50\"},\"publishingPrinciples\":\"https:\/\/talkpal.ai\/publishing-principles\/\",\"actionableFeedbackPolicy\":\"https:\/\/talkpal.ai\/actionable-feedback-policy\/\",\"correctionsPolicy\":\"https:\/\/talkpal.ai\/corrections-policy\/\",\"ethicsPolicy\":\"https:\/\/talkpal.ai\/ethics-policy\/\",\"diversityPolicy\":\"https:\/\/talkpal.ai\/diversity-policy\/\",\"diversityStaffingReport\":\"https:\/\/talkpal.ai\/diversity-policy\/\"}]}<\/script>\n<!-- \/ Yoast SEO Premium plugin. -->","yoast_head_json":{"title":"Pa\u0161tunske gramati\u010dke vje\u017ebe - Talkpal","description":"Savladajte pa\u0161tunsku gramatiku uz sveobuhvatne vje\u017ebe koje obuhvataju imenice, glagole, vremena i re\u010deni\u010dnu strukturu za efikasno u\u010denje jezika.","robots":{"index":"index","follow":"follow","max-snippet":"max-snippet:-1","max-image-preview":"max-image-preview:large","max-video-preview":"max-video-preview:-1"},"canonical":"https:\/\/talkpal.ai\/bs\/pastunske-gramaticke-vjezbe\/","og_locale":"bs_BA","og_type":"article","og_title":"Pa\u0161tunske gramati\u010dke vje\u017ebe","og_description":"Teme iz pa\u0161tunske gramatike U\u010denje novog jezika mo\u017ee biti izazovan, ali koristan poduhvat. Pa\u0161tun, isto\u010dnoiranski jezik koji se uglavnom govori u","og_url":"https:\/\/talkpal.ai\/bs\/pastunske-gramaticke-vjezbe\/","og_site_name":"Talkpal","article_publisher":"https:\/\/www.facebook.com\/profile.php?id=100090733639311","article_modified_time":"2025-12-30T11:39:25+00:00","og_image":[{"width":2880,"height":1620,"url":"https:\/\/talkpal.ai\/wp-content\/uploads\/2025\/02\/Progress-tab-16_9.png","type":"image\/png"}],"twitter_card":"summary_large_image","twitter_site":"@talkpalai","twitter_misc":{"Est. reading time":"3 minute"},"schema":{"@context":"https:\/\/schema.org","@graph":[{"@type":"WebPage","@id":"https:\/\/talkpal.ai\/bs\/pastunske-gramaticke-vjezbe\/","url":"https:\/\/talkpal.ai\/bs\/pastunske-gramaticke-vjezbe\/","name":"Pa\u0161tunske gramati\u010dke vje\u017ebe - Talkpal","isPartOf":{"@id":"https:\/\/talkpal.ai\/bs\/#website"},"datePublished":"2025-11-12T16:22:22+00:00","dateModified":"2025-12-30T11:39:25+00:00","description":"Savladajte pa\u0161tunsku gramatiku uz sveobuhvatne vje\u017ebe koje obuhvataju imenice, glagole, vremena i re\u010deni\u010dnu strukturu za efikasno u\u010denje jezika.","breadcrumb":{"@id":"https:\/\/talkpal.ai\/bs\/pastunske-gramaticke-vjezbe\/#breadcrumb"},"inLanguage":"bs-BA","potentialAction":[{"@type":"ReadAction","target":["https:\/\/talkpal.ai\/bs\/pastunske-gramaticke-vjezbe\/"]}]},{"@type":"BreadcrumbList","@id":"https:\/\/talkpal.ai\/bs\/pastunske-gramaticke-vjezbe\/#breadcrumb","itemListElement":[{"@type":"ListItem","position":1,"name":"Homepage","item":"https:\/\/talkpal.ai\/bs\/"},{"@type":"ListItem","position":2,"name":"Pa\u0161tunske gramati\u010dke vje\u017ebe"}]},{"@type":"WebSite","@id":"https:\/\/talkpal.ai\/bs\/#website","url":"https:\/\/talkpal.ai\/bs\/","name":"Talkpal","description":"AI Language Learning","publisher":{"@id":"https:\/\/talkpal.ai\/bs\/#organization"},"alternateName":"Talkpal AI","potentialAction":[{"@type":"SearchAction","target":{"@type":"EntryPoint","urlTemplate":"https:\/\/talkpal.ai\/bs\/?s={search_term_string}"},"query-input":{"@type":"PropertyValueSpecification","valueRequired":true,"valueName":"search_term_string"}}],"inLanguage":"bs-BA"},{"@type":"Organization","@id":"https:\/\/talkpal.ai\/bs\/#organization","name":"Talkpal, Inc.","alternateName":"Talkpal AI","url":"https:\/\/talkpal.ai\/bs\/","logo":{"@type":"ImageObject","inLanguage":"bs-BA","@id":"https:\/\/talkpal.ai\/bs\/#\/schema\/logo\/image\/","url":"https:\/\/talkpal.ai\/wp-content\/uploads\/2024\/03\/Talkpal-Logo-Icon.png","contentUrl":"https:\/\/talkpal.ai\/wp-content\/uploads\/2024\/03\/Talkpal-Logo-Icon.png","width":2880,"height":2880,"caption":"Talkpal, Inc."},"image":{"@id":"https:\/\/talkpal.ai\/bs\/#\/schema\/logo\/image\/"},"sameAs":["https:\/\/www.facebook.com\/profile.php?id=100090733639311","https:\/\/x.com\/talkpalai","https:\/\/www.linkedin.com\/company\/talkpal\/","https:\/\/www.youtube.com\/@TalkPal\/","https:\/\/www.tiktok.com\/@talkpal","https:\/\/www.instagram.com\/talkpal_ai\/","https:\/\/www.crunchbase.com\/organization\/talkpal-9cde","https:\/\/www.g2.com\/products\/talkpal-for-business\/","https:\/\/www.trustpilot.com\/review\/talkpal.ai","https:\/\/www.capterra.com\/p\/10006800\/TalkPal\/"],"description":"Talkpal is a language learning web and mobile education app, powered by the latest AI technologies, that provides engaging experiences to its customers in many different languages to help them improve their language skills. Users can chat about unlimited amount of topics with the app and use other modes to practice their language learning.","email":"support@talkpal.ai","legalName":"Talkpal, Inc.","foundingDate":"2023-04-03","duns":"118989042","numberOfEmployees":{"@type":"QuantitativeValue","minValue":"11","maxValue":"50"},"publishingPrinciples":"https:\/\/talkpal.ai\/publishing-principles\/","actionableFeedbackPolicy":"https:\/\/talkpal.ai\/actionable-feedback-policy\/","correctionsPolicy":"https:\/\/talkpal.ai\/corrections-policy\/","ethicsPolicy":"https:\/\/talkpal.ai\/ethics-policy\/","diversityPolicy":"https:\/\/talkpal.ai\/diversity-policy\/","diversityStaffingReport":"https:\/\/talkpal.ai\/diversity-policy\/"}]}},"_links":{"self":[{"href":"https:\/\/talkpal.ai\/bs\/wp-json\/wp\/v2\/pages\/1474194","targetHints":{"allow":["GET"]}}],"collection":[{"href":"https:\/\/talkpal.ai\/bs\/wp-json\/wp\/v2\/pages"}],"about":[{"href":"https:\/\/talkpal.ai\/bs\/wp-json\/wp\/v2\/types\/page"}],"author":[{"embeddable":true,"href":"https:\/\/talkpal.ai\/bs\/wp-json\/wp\/v2\/users\/20"}],"replies":[{"embeddable":true,"href":"https:\/\/talkpal.ai\/bs\/wp-json\/wp\/v2\/comments?post=1474194"}],"version-history":[{"count":0,"href":"https:\/\/talkpal.ai\/bs\/wp-json\/wp\/v2\/pages\/1474194\/revisions"}],"wp:attachment":[{"href":"https:\/\/talkpal.ai\/bs\/wp-json\/wp\/v2\/media?parent=1474194"}],"curies":[{"name":"wp","href":"https:\/\/api.w.org\/{rel}","templated":true}]}}