{"id":1474186,"date":"2025-11-12T16:20:16","date_gmt":"2025-11-12T16:20:16","guid":{"rendered":"https:\/\/talkpal.ai\/pastunska-gramatika\/"},"modified":"2025-12-30T11:44:38","modified_gmt":"2025-12-30T11:44:38","slug":"pastunska-gramatika","status":"publish","type":"page","link":"https:\/\/talkpal.ai\/bs\/pastunska-gramatika\/","title":{"rendered":"Pa\u0161tunska gramatika"},"content":{"rendered":"\r\n\r\n\r\n<section class=\"languageChallengeSection\">\r\n    <div class=\"languageInfoWrapper\">\r\n        \r\n        <h1>Pa\u0161tunska gramatika<\/h1>\r\n        <p><a href=\"https:\/\/talkpal.ai\/pashto-grammar\/\">Pa\u0161tunska gramatika<\/a> se u po\u010detku mo\u017ee \u010diniti izazovnom, ali njene jedinstvene osobine \u010dine u\u010denje jezika korisnim iskustvom. Istra\u017euju\u0107i njegovu abecedu, mutacije i gramati\u010dka pravila, ste\u0107i \u0107ete uvid u bogatu jezi\u010dku tradiciju. Zapo\u010dnite svoje putovanje i otkrijte ljepotu pa\u0161tunskog!<\/p>\r\n\r\n                            <a class=\"getStartedHidden\" href=\"https:\/\/app.talkpal.ai\/signup?lng=\">Kreni<\/a>\r\n        \r\n    <\/div>\r\n\r\n    <figure>\r\n    <img decoding=\"async\" width=\"768\" height=\"768\" src=\"https:\/\/talkpal.ai\/wp-content\/uploads\/2023\/06\/welsh-768x768.png\" class=\"languageImage no-lazy\" alt=\"Language learning for better cognitive abilities\" fetchpriority=\"high\" sizes=\"(max-width: 768px) 150px, 768px\" srcset=\"https:\/\/talkpal.ai\/wp-content\/uploads\/2023\/06\/welsh-768x768.png 768w, https:\/\/talkpal.ai\/wp-content\/uploads\/2023\/06\/welsh-300x300.png 300w\" \/>\r\n    \r\n\r\n    <\/figure>\r\n\r\n            <a class=\"getStartedVisible\" href=\"https:\/\/app.talkpal.ai\/signup?lng=\">Kreni<\/a>\r\n    \r\n<\/section><section class=\"promotionalBanner\">\r\n    <p class=\"promotionalText\">Najefikasniji na\u010din za u\u010denje jezika<\/p>\r\n    <a class=\"promotionalLink\" href=\"https:\/\/app.talkpal.ai\/signup?lng=\">Isprobajte Talkpal besplatno<\/a>\r\n<\/section>\n<div class=\"wp-block-group pageContainerStyle\"><div class=\"wp-block-group__inner-container is-layout-constrained wp-block-group-is-layout-constrained\">\n<h2 class=\"wp-block-heading\" id=\"h-navigating-the-intricacies-of-pashto-grammar\">Navigacija kroz zamr\u0161enost pa\u0161tunske gramatike<\/h2>\n\n\n\n<p><a href=\"https:\/\/talkpal.ai\/bs\/naucite-pastunski\/\">Pa\u0161tun,<\/a> isto\u010dnoiranski jezik sa bogatom historijom i kulturnim zna\u010dajem \u0161irom Afganistana i Pakistana, nudi uzbudljivo lingvisti\u010dko iskustvo za one \u017eeljne da istra\u017ee njegov jedinstveni gramati\u010dki sistem. Dok se upu\u0161tate u carstvo pa\u0161tona, ne samo da \u0107ete obogatiti svoj lingvisti\u010dki repertoar, ve\u0107 \u0107ete i prigrliti fascinantno kulturno putovanje. Iako se pa\u0161tunska <a href=\"https:\/\/talkpal.ai\/sq\/gramatika\/\">gramatika<\/a> mo\u017ee \u010diniti kompliciranom u po\u010detku, ra\u0161\u010dlanjivanje na osnovne komponente \u010dini u\u010denje jezika pristupa\u010dnijim. U ovom \u010dlanku \u0107emo istra\u017eiti zadivljuju\u0107i svijet <a href=\"https:\/\/talkpal.ai\/hr\/vjezbe-iz-pastunske-gramatike\/\">pa\u0161tunske gramatike<\/a> i dati savjete o tome kako savladati njegovu slo\u017eenost.<\/p>\n\n\n\n<h3 class=\"wp-block-heading\" id=\"h-1-pashto-alphabet-and-phonetics\">1. Pa\u0161tunska abeceda i fonetika<\/h3>\n\n\n\n<p><a href=\"https:\/\/talkpal.ai\/learn-pashto\/\">Pa\u0161tunski<\/a> sistem pisanja je zasnovan na perzijsko-arapskom pismu i uklju\u010duje dodatna slova jedinstvena za pa\u0161tun, kao \u0161to su \u067c, \u0689, \u0693, \u06bc, \u0685, \u0681, \u069a, \u0696 i \u06ab. Da biste nau\u010dili pa\u0161tunsku gramatiku, klju\u010dno je upoznati se sa ovim prepoznatljivim pismom i pa\u0161tunskim zvu\u010dnim sistemom, koji sadr\u017ei retrofleksne i aspirirane suglasnike, kao i karakteristi\u010dne kontraste samoglasnika.<\/p>\n\n\n\n<h3 class=\"wp-block-heading\" id=\"h-2-split-ergativity-a-peculiar-pashto-feature\">2. Split Ergativity: A Peculiar Pashto Feature<\/h3>\n\n\n\n<p>Jedan od najupe\u010datljivijih aspekata pa\u0161tunske gramatike je njena podijeljena ergativnost u mnogim prelaznim re\u010denicama u pro\u0161lom vremenu. U ovim kontekstima, agent se pojavljuje u kosom pade\u017eu i glagol ima tendenciju da se slo\u017ei sa direktnim objektom u rodu i broju, a ne sa agentom. Razumijevanje kada se ovaj obrazac uskla\u0111ivanja primjenjuje i kako sporazum funkcionira je od vitalnog zna\u010daja za ta\u010dnu komunikaciju na pa\u0161tunskom jeziku.<\/p>\n\n\n\n<h3 class=\"wp-block-heading\" id=\"h-3-nouns-and-pronouns-gender-and-cases\">3. imenice i zamjenice: spol i slu\u010dajevi<\/h3>\n\n\n\n<p>Pa\u0161tunske imenice imaju gramati\u010dki rod (mu\u0161ki ili \u017eenski) i slijede nekoliko obrazaca tvorbe mno\u017eine koji se razlikuju ovisno o klasi imenica. Pa\u0161tunski tako\u0111er pravi razliku izme\u0111u direktnih i kosih pade\u017ea, koji uti\u010du na to kako se imenice i zamjenice pona\u0161aju sa postpozicijama i u odre\u0111enim glagolskim konstrukcijama. Zamjenice u pa\u0161tunskom jeziku uklju\u010duju li\u010dne, posvojne, refleksivne, pokazne i upitne oblike, sa nezavisnim i enkliti\u010dnim varijantama. Upoznavanje sa ovim oblicima i njihovim razlikama u pade\u017eima zna\u010dajno \u0107e pobolj\u0161ati va\u0161e razumijevanje pa\u0161tunske gramatike.<\/p>\n\n\n\n<h3 class=\"wp-block-heading\" id=\"h-4-verbs-structure-and-conjugation\">Glagoli: struktura i konjugacija<\/h3>\n\n\n\n<p>Pa\u0161tunski glagoli slijede prepoznatljiv sistem organiziran oko aspekta i vremena, sa slaganjem osoba i brojeva. Jezgra vremena uklju\u010duju sada\u0161njost, pro\u0161lost i budu\u0107nost, a budu\u0107nost se obi\u010dno ozna\u010dava pomo\u0107u \u010destice ba. Pa\u0161tunski tako\u0111er koristi raspolo\u017eenja kao \u0161to su kondicionalni, <a href=\"https:\/\/talkpal.ai\/culture\/what-is-the-konjunktiv-i-and-does-anyone-use-it\/\">konjunktiv i<\/a> <a href=\"https:\/\/talkpal.ai\/ja\/grammar_exercises\/imperatif-%e3%83%95%e3%83%a9%e3%83%b3%e3%82%b9%e3%81%ae%e6%96%87%e6%b3%95%e3%81%ae%e3%81%9f%e3%82%81%e3%81%ae%e6%bc%94%e7%bf%92\/\">imperativ<\/a>, i koristi \u010destice negacije koje se razlikuju izme\u0111u izjava i naredbi. U\u010denje konjugacijskih obrazaca, uklju\u010duju\u0107i svr\u0161ene i nesavr\u0161ene osnove, pobolj\u0161at \u0107e va\u0161u sposobnost da efikasno komunicirate na pa\u0161tunskom jeziku.<\/p>\n\n\n\n<h3 class=\"wp-block-heading\" id=\"h-5-adjectives-agreement-and-placement\">Pridjevi: Sporazum i smje\u0161taj<\/h3>\n\n\n\n<p>U pa\u0161tunskoj gramatici, pridjevi obi\u010dno prethode imenici koju mijenjaju, a mnogi pridjevi ne mijenjaju oblik roda ili broja. Neki pridjevi formiraju komparativna i superlativna zna\u010denja nepravilno ili kroz postavljene izraze, koji su bitni za u\u010denje prirodnije komunikacije.<\/p>\n\n\n\n<p><strong>Primjeri:<\/strong><\/p>\n\n\n\n<p><strong>&#8211; Loy Kor (Velika ku\u0107a)<\/strong><\/p>\n\n\n\n<p><strong>\u2013 kuchni mashuman (mala djeca)<\/strong><\/p>\n\n\n\n<h3 class=\"wp-block-heading\" id=\"h-6-engaging-with-the-language\">b) Povezivanje sa jezikom<\/h3>\n\n\n\n<p>Najefikasniji na\u010din da se u potpunosti razumije i internalizira pa\u0161tunska gramatika je da se dosljedno anga\u017eujete sa jezikom. \u010citaju\u0107i pa\u0161tunsku knji\u017eevnost, gledaju\u0107i pa\u0161tunske filmove ili televizijske serije, slu\u0161aju\u0107i radio i muziku, i aktivno komuniciraju\u0107i sa izvornim govornicima, oja\u010dat \u0107ete svoje razumijevanje gramatike dok pro\u0161irujete svoj vokabular.<\/p>\n\n\n\n<h3 class=\"wp-block-heading\" id=\"h-conclusion\">Zaklju\u010dak<\/h3>\n\n\n\n<p>Iako se pa\u0161tunska gramatika mo\u017ee \u010diniti zamr\u0161enom, mo\u017eete postati vje\u0161ti u ovom prekrasnom jeziku uz predanost, praksu i entuzijazam. Fokusiraju\u0107i se na osnovna pravila i anga\u017eiraju\u0107i se jezikom u razli\u010ditim kontekstima, brzo \u0107ete pobolj\u0161ati <a href=\"https:\/\/talkpal.ai\/bs\/gramatika\/\">svoje vje\u0161tine pa\u0161tunske gramatike<\/a>. Kha bakht (sretno) sa svojim pa\u0161tunskim jezi\u010dnim putovanjem, i u\u017eivajte u razotkrivanju zagonetnog, ali zadivljuju\u0107eg svijeta pa\u0161tunske gramatike!<\/p>\n<\/div><\/div>\n\r\n<section class=\"learnNavigationSection\">\r\n            \r\n        <a href=\"https:\/\/talkpal.ai\/bs\/naucite-pastunski\/\">\r\n            <div class=\"learnNavigationWrapper\">\r\n                <div class=\"learnNavigationContent\">\r\n                    <img decoding=\"async\" src=\"https:\/\/talkpal.ai\/wp-content\/uploads\/2025\/11\/Pashto.png\" alt=\"Afghan Flag\">\r\n                    <div>\r\n                        <h4>O u\u010denju pa\u0161tunskog jezika<\/h4>\r\n                        <p>Saznajte sve o pa\u0161tunskoj gramatici.<\/p>\r\n                    <\/div>\r\n                <\/div>\r\n            <\/div>\r\n        <\/a>\r\n\r\n        \r\n        <a href=\"https:\/\/talkpal.ai\/bs\/pastunske-gramaticke-vjezbe\/\">\r\n            <div class=\"learnNavigationWrapper\">\r\n                <div class=\"learnNavigationContent\">\r\n                    <img decoding=\"async\" src=\"https:\/\/talkpal.ai\/wp-content\/uploads\/2025\/11\/Pashto.png\" alt=\"Afghan Flag\">\r\n                    <div>\r\n                        <h4>Vje\u017eba iz pa\u0161tunske gramatike<\/h4>\r\n                        <p>Vje\u017ebaj pa\u0161tu.<\/p>\r\n                    <\/div>\r\n                <\/div>\r\n            <\/div>\r\n        <\/a>\r\n\r\n            <\/section>","protected":false},"excerpt":{"rendered":"<p>Navigacija kroz zamr\u0161enost pa\u0161tunske gramatike Pa\u0161tun, isto\u010dnoiranski jezik sa bogatom historijom i kulturnim zna\u010dajem \u0161irom Afganistana i Pakistana, nudi uzbudljivo lingvisti\u010dko iskustvo za one \u017eeljne da istra\u017ee njegov jedinstveni gramati\u010dki sistem. Dok se upu\u0161tate u carstvo pa\u0161tona, ne samo da \u0107ete obogatiti svoj lingvisti\u010dki repertoar, ve\u0107 \u0107ete i prigrliti fascinantno kulturno putovanje. Iako se pa\u0161tunska [&hellip;]<\/p>\n","protected":false},"author":20,"featured_media":0,"parent":0,"menu_order":0,"comment_status":"closed","ping_status":"closed","template":"LearningContentPage.php","meta":{"_acf_changed":false,"footnotes":""},"class_list":["post-1474186","page","type-page","status-publish","hentry"],"acf":[],"yoast_head":"<!-- This site is optimized with the Yoast SEO Premium plugin v27.2 (Yoast SEO v27.2) - https:\/\/yoast.com\/product\/yoast-seo-premium-wordpress\/ -->\n<title>Pa\u0161tunska gramatika - Talkpal<\/title>\n<meta name=\"description\" content=\"Savladajte gramatiku pa\u0161tunskog jezika uz ovaj sveobuhvatni vodi\u010d koji pokriva abecedu, fonetiku, razdvojenu ergativnost, imenice, zamjenice, glagole i pridjeve.\" \/>\n<meta name=\"robots\" content=\"index, follow, max-snippet:-1, max-image-preview:large, max-video-preview:-1\" \/>\n<link rel=\"canonical\" href=\"https:\/\/talkpal.ai\/bs\/pastunska-gramatika\/\" \/>\n<meta property=\"og:locale\" content=\"bs_BA\" \/>\n<meta property=\"og:type\" content=\"article\" \/>\n<meta property=\"og:title\" content=\"Pa\u0161tunska gramatika\" \/>\n<meta property=\"og:description\" content=\"Navigacija kroz zamr\u0161enost pa\u0161tunske gramatike Pa\u0161tun, isto\u010dnoiranski jezik sa bogatom historijom i kulturnim zna\u010dajem \u0161irom Afganistana i Pakistana, nudi\" \/>\n<meta property=\"og:url\" content=\"https:\/\/talkpal.ai\/bs\/pastunska-gramatika\/\" \/>\n<meta property=\"og:site_name\" content=\"Talkpal\" \/>\n<meta property=\"article:publisher\" content=\"https:\/\/www.facebook.com\/profile.php?id=100090733639311\" \/>\n<meta property=\"article:modified_time\" content=\"2025-12-30T11:44:38+00:00\" \/>\n<meta property=\"og:image\" content=\"https:\/\/talkpal.ai\/wp-content\/uploads\/2025\/02\/Progress-tab-16_9.png\" \/>\n\t<meta property=\"og:image:width\" content=\"2880\" \/>\n\t<meta property=\"og:image:height\" content=\"1620\" \/>\n\t<meta property=\"og:image:type\" content=\"image\/png\" \/>\n<meta name=\"twitter:card\" content=\"summary_large_image\" \/>\n<meta name=\"twitter:site\" content=\"@talkpalai\" \/>\n<meta name=\"twitter:label1\" content=\"Est. reading time\" \/>\n\t<meta name=\"twitter:data1\" content=\"3 minute\" \/>\n<script type=\"application\/ld+json\" class=\"yoast-schema-graph\">{\"@context\":\"https:\/\/schema.org\",\"@graph\":[{\"@type\":\"WebPage\",\"@id\":\"https:\/\/talkpal.ai\/bs\/pastunska-gramatika\/\",\"url\":\"https:\/\/talkpal.ai\/bs\/pastunska-gramatika\/\",\"name\":\"Pa\u0161tunska gramatika - Talkpal\",\"isPartOf\":{\"@id\":\"https:\/\/talkpal.ai\/bs\/#website\"},\"datePublished\":\"2025-11-12T16:20:16+00:00\",\"dateModified\":\"2025-12-30T11:44:38+00:00\",\"description\":\"Savladajte gramatiku pa\u0161tunskog jezika uz ovaj sveobuhvatni vodi\u010d koji pokriva abecedu, fonetiku, razdvojenu ergativnost, imenice, zamjenice, glagole i pridjeve.\",\"breadcrumb\":{\"@id\":\"https:\/\/talkpal.ai\/bs\/pastunska-gramatika\/#breadcrumb\"},\"inLanguage\":\"bs-BA\",\"potentialAction\":[{\"@type\":\"ReadAction\",\"target\":[\"https:\/\/talkpal.ai\/bs\/pastunska-gramatika\/\"]}]},{\"@type\":\"BreadcrumbList\",\"@id\":\"https:\/\/talkpal.ai\/bs\/pastunska-gramatika\/#breadcrumb\",\"itemListElement\":[{\"@type\":\"ListItem\",\"position\":1,\"name\":\"Homepage\",\"item\":\"https:\/\/talkpal.ai\/bs\/\"},{\"@type\":\"ListItem\",\"position\":2,\"name\":\"Pa\u0161tunska gramatika\"}]},{\"@type\":\"WebSite\",\"@id\":\"https:\/\/talkpal.ai\/bs\/#website\",\"url\":\"https:\/\/talkpal.ai\/bs\/\",\"name\":\"Talkpal\",\"description\":\"AI Language Learning\",\"publisher\":{\"@id\":\"https:\/\/talkpal.ai\/bs\/#organization\"},\"alternateName\":\"Talkpal AI\",\"potentialAction\":[{\"@type\":\"SearchAction\",\"target\":{\"@type\":\"EntryPoint\",\"urlTemplate\":\"https:\/\/talkpal.ai\/bs\/?s={search_term_string}\"},\"query-input\":{\"@type\":\"PropertyValueSpecification\",\"valueRequired\":true,\"valueName\":\"search_term_string\"}}],\"inLanguage\":\"bs-BA\"},{\"@type\":\"Organization\",\"@id\":\"https:\/\/talkpal.ai\/bs\/#organization\",\"name\":\"Talkpal, Inc.\",\"alternateName\":\"Talkpal AI\",\"url\":\"https:\/\/talkpal.ai\/bs\/\",\"logo\":{\"@type\":\"ImageObject\",\"inLanguage\":\"bs-BA\",\"@id\":\"https:\/\/talkpal.ai\/bs\/#\/schema\/logo\/image\/\",\"url\":\"https:\/\/talkpal.ai\/wp-content\/uploads\/2024\/03\/Talkpal-Logo-Icon.png\",\"contentUrl\":\"https:\/\/talkpal.ai\/wp-content\/uploads\/2024\/03\/Talkpal-Logo-Icon.png\",\"width\":2880,\"height\":2880,\"caption\":\"Talkpal, Inc.\"},\"image\":{\"@id\":\"https:\/\/talkpal.ai\/bs\/#\/schema\/logo\/image\/\"},\"sameAs\":[\"https:\/\/www.facebook.com\/profile.php?id=100090733639311\",\"https:\/\/x.com\/talkpalai\",\"https:\/\/www.linkedin.com\/company\/talkpal\/\",\"https:\/\/www.youtube.com\/@TalkPal\/\",\"https:\/\/www.tiktok.com\/@talkpal\",\"https:\/\/www.instagram.com\/talkpal_ai\/\",\"https:\/\/www.crunchbase.com\/organization\/talkpal-9cde\",\"https:\/\/www.g2.com\/products\/talkpal-for-business\/\",\"https:\/\/www.trustpilot.com\/review\/talkpal.ai\",\"https:\/\/www.capterra.com\/p\/10006800\/TalkPal\/\"],\"description\":\"Talkpal is a language learning web and mobile education app, powered by the latest AI technologies, that provides engaging experiences to its customers in many different languages to help them improve their language skills. Users can chat about unlimited amount of topics with the app and use other modes to practice their language learning.\",\"email\":\"support@talkpal.ai\",\"legalName\":\"Talkpal, Inc.\",\"foundingDate\":\"2023-04-03\",\"duns\":\"118989042\",\"numberOfEmployees\":{\"@type\":\"QuantitativeValue\",\"minValue\":\"11\",\"maxValue\":\"50\"},\"publishingPrinciples\":\"https:\/\/talkpal.ai\/publishing-principles\/\",\"actionableFeedbackPolicy\":\"https:\/\/talkpal.ai\/actionable-feedback-policy\/\",\"correctionsPolicy\":\"https:\/\/talkpal.ai\/corrections-policy\/\",\"ethicsPolicy\":\"https:\/\/talkpal.ai\/ethics-policy\/\",\"diversityPolicy\":\"https:\/\/talkpal.ai\/diversity-policy\/\",\"diversityStaffingReport\":\"https:\/\/talkpal.ai\/diversity-policy\/\"}]}<\/script>\n<!-- \/ Yoast SEO Premium plugin. -->","yoast_head_json":{"title":"Pa\u0161tunska gramatika - Talkpal","description":"Savladajte gramatiku pa\u0161tunskog jezika uz ovaj sveobuhvatni vodi\u010d koji pokriva abecedu, fonetiku, razdvojenu ergativnost, imenice, zamjenice, glagole i pridjeve.","robots":{"index":"index","follow":"follow","max-snippet":"max-snippet:-1","max-image-preview":"max-image-preview:large","max-video-preview":"max-video-preview:-1"},"canonical":"https:\/\/talkpal.ai\/bs\/pastunska-gramatika\/","og_locale":"bs_BA","og_type":"article","og_title":"Pa\u0161tunska gramatika","og_description":"Navigacija kroz zamr\u0161enost pa\u0161tunske gramatike Pa\u0161tun, isto\u010dnoiranski jezik sa bogatom historijom i kulturnim zna\u010dajem \u0161irom Afganistana i Pakistana, nudi","og_url":"https:\/\/talkpal.ai\/bs\/pastunska-gramatika\/","og_site_name":"Talkpal","article_publisher":"https:\/\/www.facebook.com\/profile.php?id=100090733639311","article_modified_time":"2025-12-30T11:44:38+00:00","og_image":[{"width":2880,"height":1620,"url":"https:\/\/talkpal.ai\/wp-content\/uploads\/2025\/02\/Progress-tab-16_9.png","type":"image\/png"}],"twitter_card":"summary_large_image","twitter_site":"@talkpalai","twitter_misc":{"Est. reading time":"3 minute"},"schema":{"@context":"https:\/\/schema.org","@graph":[{"@type":"WebPage","@id":"https:\/\/talkpal.ai\/bs\/pastunska-gramatika\/","url":"https:\/\/talkpal.ai\/bs\/pastunska-gramatika\/","name":"Pa\u0161tunska gramatika - Talkpal","isPartOf":{"@id":"https:\/\/talkpal.ai\/bs\/#website"},"datePublished":"2025-11-12T16:20:16+00:00","dateModified":"2025-12-30T11:44:38+00:00","description":"Savladajte gramatiku pa\u0161tunskog jezika uz ovaj sveobuhvatni vodi\u010d koji pokriva abecedu, fonetiku, razdvojenu ergativnost, imenice, zamjenice, glagole i pridjeve.","breadcrumb":{"@id":"https:\/\/talkpal.ai\/bs\/pastunska-gramatika\/#breadcrumb"},"inLanguage":"bs-BA","potentialAction":[{"@type":"ReadAction","target":["https:\/\/talkpal.ai\/bs\/pastunska-gramatika\/"]}]},{"@type":"BreadcrumbList","@id":"https:\/\/talkpal.ai\/bs\/pastunska-gramatika\/#breadcrumb","itemListElement":[{"@type":"ListItem","position":1,"name":"Homepage","item":"https:\/\/talkpal.ai\/bs\/"},{"@type":"ListItem","position":2,"name":"Pa\u0161tunska gramatika"}]},{"@type":"WebSite","@id":"https:\/\/talkpal.ai\/bs\/#website","url":"https:\/\/talkpal.ai\/bs\/","name":"Talkpal","description":"AI Language Learning","publisher":{"@id":"https:\/\/talkpal.ai\/bs\/#organization"},"alternateName":"Talkpal AI","potentialAction":[{"@type":"SearchAction","target":{"@type":"EntryPoint","urlTemplate":"https:\/\/talkpal.ai\/bs\/?s={search_term_string}"},"query-input":{"@type":"PropertyValueSpecification","valueRequired":true,"valueName":"search_term_string"}}],"inLanguage":"bs-BA"},{"@type":"Organization","@id":"https:\/\/talkpal.ai\/bs\/#organization","name":"Talkpal, Inc.","alternateName":"Talkpal AI","url":"https:\/\/talkpal.ai\/bs\/","logo":{"@type":"ImageObject","inLanguage":"bs-BA","@id":"https:\/\/talkpal.ai\/bs\/#\/schema\/logo\/image\/","url":"https:\/\/talkpal.ai\/wp-content\/uploads\/2024\/03\/Talkpal-Logo-Icon.png","contentUrl":"https:\/\/talkpal.ai\/wp-content\/uploads\/2024\/03\/Talkpal-Logo-Icon.png","width":2880,"height":2880,"caption":"Talkpal, Inc."},"image":{"@id":"https:\/\/talkpal.ai\/bs\/#\/schema\/logo\/image\/"},"sameAs":["https:\/\/www.facebook.com\/profile.php?id=100090733639311","https:\/\/x.com\/talkpalai","https:\/\/www.linkedin.com\/company\/talkpal\/","https:\/\/www.youtube.com\/@TalkPal\/","https:\/\/www.tiktok.com\/@talkpal","https:\/\/www.instagram.com\/talkpal_ai\/","https:\/\/www.crunchbase.com\/organization\/talkpal-9cde","https:\/\/www.g2.com\/products\/talkpal-for-business\/","https:\/\/www.trustpilot.com\/review\/talkpal.ai","https:\/\/www.capterra.com\/p\/10006800\/TalkPal\/"],"description":"Talkpal is a language learning web and mobile education app, powered by the latest AI technologies, that provides engaging experiences to its customers in many different languages to help them improve their language skills. Users can chat about unlimited amount of topics with the app and use other modes to practice their language learning.","email":"support@talkpal.ai","legalName":"Talkpal, Inc.","foundingDate":"2023-04-03","duns":"118989042","numberOfEmployees":{"@type":"QuantitativeValue","minValue":"11","maxValue":"50"},"publishingPrinciples":"https:\/\/talkpal.ai\/publishing-principles\/","actionableFeedbackPolicy":"https:\/\/talkpal.ai\/actionable-feedback-policy\/","correctionsPolicy":"https:\/\/talkpal.ai\/corrections-policy\/","ethicsPolicy":"https:\/\/talkpal.ai\/ethics-policy\/","diversityPolicy":"https:\/\/talkpal.ai\/diversity-policy\/","diversityStaffingReport":"https:\/\/talkpal.ai\/diversity-policy\/"}]}},"_links":{"self":[{"href":"https:\/\/talkpal.ai\/bs\/wp-json\/wp\/v2\/pages\/1474186","targetHints":{"allow":["GET"]}}],"collection":[{"href":"https:\/\/talkpal.ai\/bs\/wp-json\/wp\/v2\/pages"}],"about":[{"href":"https:\/\/talkpal.ai\/bs\/wp-json\/wp\/v2\/types\/page"}],"author":[{"embeddable":true,"href":"https:\/\/talkpal.ai\/bs\/wp-json\/wp\/v2\/users\/20"}],"replies":[{"embeddable":true,"href":"https:\/\/talkpal.ai\/bs\/wp-json\/wp\/v2\/comments?post=1474186"}],"version-history":[{"count":0,"href":"https:\/\/talkpal.ai\/bs\/wp-json\/wp\/v2\/pages\/1474186\/revisions"}],"wp:attachment":[{"href":"https:\/\/talkpal.ai\/bs\/wp-json\/wp\/v2\/media?parent=1474186"}],"curies":[{"name":"wp","href":"https:\/\/api.w.org\/{rel}","templated":true}]}}