{"id":1474142,"date":"2025-11-12T12:14:54","date_gmt":"2025-11-12T12:14:54","guid":{"rendered":"https:\/\/talkpal.ai\/laoske-gramaticke-vjezbe\/"},"modified":"2025-12-30T14:07:19","modified_gmt":"2025-12-30T14:07:19","slug":"laoske-gramaticke-vjezbe","status":"publish","type":"page","link":"https:\/\/talkpal.ai\/bs\/laoske-gramaticke-vjezbe\/","title":{"rendered":"Laoske gramati\u010dke vje\u017ebe"},"content":{"rendered":"\r\n\r\n\r\n<section class=\"languageChallengeSection\">\r\n    <div class=\"languageInfoWrapper\">\r\n        \r\n        <h1>Laoske gramati\u010dke vje\u017ebe<\/h1>\r\n        <p>Jeste li spremni zaroniti u laosku gramatiku? Vje\u017ebanje nekoliko osnova pomo\u0107i \u0107e vam da se osje\u0107ate ugodno s ovim jedinstvenim i prekrasnim jezikom. Isprobajte ove vje\u017ebe kako biste izgradili samopouzdanje i zabavili se usput!<\/p>\r\n\r\n                            <a class=\"getStartedHidden\" href=\"https:\/\/app.talkpal.ai\/signup?lng=\">Kreni<\/a>\r\n        \r\n    <\/div>\r\n\r\n    <figure>\r\n    <img decoding=\"async\" width=\"768\" height=\"768\" src=\"https:\/\/talkpal.ai\/wp-content\/uploads\/2023\/06\/welsh-768x768.png\" class=\"languageImage no-lazy\" alt=\"Language learning for better cognitive abilities\" fetchpriority=\"high\" sizes=\"(max-width: 768px) 150px, 768px\" srcset=\"https:\/\/talkpal.ai\/wp-content\/uploads\/2023\/06\/welsh-768x768.png 768w, https:\/\/talkpal.ai\/wp-content\/uploads\/2023\/06\/welsh-300x300.png 300w\" \/>\r\n    \r\n\r\n    <\/figure>\r\n\r\n            <a class=\"getStartedVisible\" href=\"https:\/\/app.talkpal.ai\/signup?lng=\">Kreni<\/a>\r\n    \r\n<\/section><section class=\"promotionalBanner\">\r\n    <p class=\"promotionalText\">Najefikasniji na\u010din za u\u010denje jezika<\/p>\r\n    <a class=\"promotionalLink\" href=\"https:\/\/app.talkpal.ai\/signup?lng=\">Isprobajte Talkpal besplatno<\/a>\r\n<\/section>\n<div class=\"wp-block-group pageContainerStyle\"><div class=\"wp-block-group__inner-container is-layout-constrained wp-block-group-is-layout-constrained\">\n<h2 class=\"wp-block-heading\" id=\"h-lao-grammar-topics\">Laoske gramati\u010dke teme<\/h2>\n\n\n\n<p><a href=\"https:\/\/talkpal.ai\/bs\/najvece-greske-koje-treba-izbjegavati-prilikom-ucenja-novog-jezika\/\">U\u010denje novog jezika<\/a> mo\u017ee biti izazovan, ali koristan poduhvat. <a href=\"https:\/\/talkpal.ai\/learn-lao\/\">Lao<\/a>, Tai-Kadai jezik koji se uglavnom govori u Laosu, nije izuzetak. Sa svojim jedinstvenim karakteristikama i strukturama, <a href=\"https:\/\/talkpal.ai\/bs\/talkpal-za-obrazovanje\/\">u\u010denje<\/a> laoskog jezika zahtijeva sistematski pristup razumijevanju kako je zna\u010denje izgra\u0111eno sa \u010desticama, redoslijedom rije\u010di i klasifikatorima, a ne fleksijom. Ovaj vodi\u010d ocrtava klju\u010dna podru\u010dja <a href=\"https:\/\/talkpal.ai\/bs\/laoska-gramatika\/\">laoske gramatike<\/a> u logi\u010dkom slijedu za <a href=\"https:\/\/talkpal.ai\/bs\/ai-chatbot-za-ucenje-jezika\/\">u\u010denje jezika<\/a>, po\u010dev\u0161i od osnova kao \u0161to su imenice i klasifikatori, i napreduju\u0107i do slo\u017eenijih podru\u010dja kao \u0161to su markeri aspekta i konstrukcija re\u010denice.<\/p>\n\n\n\n<h3 class=\"wp-block-heading\" id=\"h-1-nouns\">1. imenice:<\/h3>\n\n\n\n<p><a href=\"https:\/\/talkpal.ai\/ko\/ai-%ec%96%b8%ec%96%b4-%ea%b5%90%ec%82%ac\/\">Zapo\u010dnite<\/a> svoje putovanje laoskim jezikom u\u010denjem imenica. To uklju\u010duje razumijevanje uobi\u010dajenih i vlastitih imenica, kako se pluralnost prikazuje kroz kontekst, brojeve i rije\u010di kao mnogi, kao i su\u0161tinsku ulogu klasifikatora nakon brojeva i kvantifikatora.<\/p>\n\n\n\n<h3 class=\"wp-block-heading\" id=\"h-2-articles\">2. \u010dlanci:<\/h3>\n\n\n\n<p>Lao ne koristi odre\u0111ene ili neodre\u0111ene \u010dlanove. Umjesto toga, odre\u0111enost i specifi\u010dnost se izra\u017eavaju kroz kontekst, demonstrative kao \u0161to su ovo i <a href=\"https:\/\/talkpal.ai\/locations\/language-courses-in-ono\/\">ono<\/a>, i klasifikatorske konstrukcije.<\/p>\n\n\n\n<h3 class=\"wp-block-heading\" id=\"h-3-adjectives\">3. pridjevi:<\/h3>\n\n\n\n<p>Pridjevi u Laosu obi\u010dno slijede imenice koje mijenjaju. Nau\u010dite kako pridjevi tako\u0111er mogu funkcionirati kao predikati, i kako formirati usporedbe koriste\u0107i markere za vi\u0161e i od, kao i superlative s najvi\u0161e.<\/p>\n\n\n\n<h3 class=\"wp-block-heading\" id=\"h-4-pronouns-determiners\">4. zamjenice\/determinatori:<\/h3>\n\n\n\n<p>Zamjenice i determinatori su bitni u Laosu; Zamjenice se razlikuju po uljudnosti, dobi i dru\u0161tvenom kontekstu. Determinatori uklju\u010duju pokaziva\u010de i kvantifikatore, a posjedovanje se obi\u010dno ozna\u010dava rije\u010dju za izme\u0111u posjednika i imenice.<\/p>\n\n\n\n<h3 class=\"wp-block-heading\" id=\"h-5-verbs\">5. glagoli:<\/h3>\n\n\n\n<p>Laoski glagoli ne mijenjaju oblik za vrijeme, osobu ili broj. Vrijeme, aspekt i raspolo\u017eenje su prikazani \u010desticama i pomo\u0107nim rije\u010dima. Po\u010dnite s osnovnim glagolskim obrascima i nau\u010dite zajedni\u010dke markere za pro\u0161lost, zavr\u0161etak, teku\u0107u akciju i namjeru.<\/p>\n\n\n\n<h3 class=\"wp-block-heading\" id=\"h-6-tenses\">6. napetosti:<\/h3>\n\n\n\n<p>Nakon savladavanja osnovnih glagolskih obrazaca, zaronite dublje u to kako Lao izra\u017eava vrijeme bez fleksijskih vremena. To uklju\u010duje kori\u0161tenje vremenskih rije\u010di i oznaka aspekata za razlikovanje sada\u0161njih situacija, zavr\u0161enih doga\u0111aja i budu\u0107ih ili namjeravanih radnji u razli\u010ditim kontekstima.<\/p>\n\n\n\n<h3 class=\"wp-block-heading\" id=\"h-7-tense-comparison\">7. napeto pore\u0111enje:<\/h3>\n\n\n\n<p>Upore\u0111ivanje vremena i obilje\u017eavanja aspekata u Laosu poma\u017ee u razumijevanju redoslijeda i gledi\u0161ta doga\u0111aja. Uporedite istu re\u010denicu sa razli\u010ditim \u010desticama da vidite kako se zna\u010denje mijenja izme\u0111u zavr\u0161enih, teku\u0107ih, uobi\u010dajenih i prospektivnih \u010ditanja.<\/p>\n\n\n\n<h3 class=\"wp-block-heading\" id=\"h-8-progressive\">8. progresivno:<\/h3>\n\n\n\n<p>Progresivno u Laosu se koristi za izra\u017eavanje teku\u0107ih akcija. Obi\u010dno se formira sa pre-verbalnim markerom za u toku i mo\u017ee biti poja\u010dan sa re\u010denicom-zavr\u0161nim ili post-verbalnim markerom koji ukazuje na trenutno stanje.<\/p>\n\n\n\n<h3 class=\"wp-block-heading\" id=\"h-9-perfect-progressive\">9. savr\u0161eno progresivno:<\/h3>\n\n\n\n<p>Ovo zna\u010denje je izra\u017eeno kombinacijama koje pokazuju trajanje do referentne ta\u010dke. Lao koristi oznake aspekta, vremenske izraze i \u010destice koje ukazuju na ve\u0107 ili do sada da prenesu su radili ve\u0107 neko vrijeme.<\/p>\n\n\n\n<h3 class=\"wp-block-heading\" id=\"h-10-conditionals\">10. uslovno:<\/h3>\n\n\n\n<p>Kondicionali izra\u017eavaju hipoteti\u010dke situacije i njihove mogu\u0107e ishode. Oni se formiraju sa if klauzulom iza koje slijedi klauzula rezultata, \u010desto koriste\u0107i modalne \u010destice da uka\u017ee na vjerovatno\u0107u ili namjeru, a ne na vremenske promjene.<\/p>\n\n\n\n<h3 class=\"wp-block-heading\" id=\"h-11-adverbs\">11. prilozi:<\/h3>\n\n\n\n<p>Prilozi u Laosu mijenjaju glagole, pridjeve ili druge priloge. Obi\u010dno se pojavljuju nakon glagola ili na kraju re\u010denice i pru\u017eaju informacije o na\u010dinu, mjestu, vremenu, stepenu i jo\u0161 mnogo toga.<\/p>\n\n\n\n<h3 class=\"wp-block-heading\" id=\"h-12-prepositions\">12. prijedlozi:<\/h3>\n\n\n\n<p>Predlozi povezuju re\u010di i fraze. U Laosu su mnogi od njih pokriva\u010di koji se javljaju prije imenice ili u serijskim glagolskim konstrukcijama za izra\u017eavanje odnosa vremena, mjesta, smjera i pratnje.<\/p>\n\n\n\n<h3 class=\"wp-block-heading\" id=\"h-13-sentences\">13. re\u010denice:<\/h3>\n\n\n\n<p>Na kraju, praksa konstruisanja re\u010denica. Lao je primarno subjekt glagolski objekt, sa negacijom ispred glagola i upitnih \u010destica ili upitnih rije\u010di u polo\u017eaju. Koristite sve prethodno nau\u010dene gramati\u010dke ta\u010dke u kontekstu, uklju\u010duju\u0107i klasifikatore, oznake aspekata i serijske glagole, kako biste osigurali sveobuhvatno razumijevanje laoskog jezika.<\/p>\n<\/div><\/div>\n\r\n<section class=\"learnNavigationSection\">\r\n            \r\n        <a href=\"https:\/\/talkpal.ai\/bs\/naucite-lao\/\">\r\n            <div class=\"learnNavigationWrapper\">\r\n                <div class=\"learnNavigationContent\">\r\n                    <img decoding=\"async\" src=\"https:\/\/talkpal.ai\/wp-content\/uploads\/2025\/11\/Lao-1.png\" alt=\"Laotian Flag\">\r\n                    <div>\r\n                        <h4>O Lao Learningu<\/h4>\r\n                        <p>Saznajte sve o Laoskoj gramatici.<\/p>\r\n                    <\/div>\r\n                <\/div>\r\n            <\/div>\r\n        <\/a>\r\n\r\n        \r\n        <a href=\"https:\/\/talkpal.ai\/bs\/laoska-gramatika\/\">\r\n            <div class=\"learnNavigationWrapper\">\r\n                <div class=\"learnNavigationContent\">\r\n                    <img decoding=\"async\" src=\"https:\/\/talkpal.ai\/wp-content\/uploads\/2025\/11\/Lao-1.png\" alt=\"Laotian Flag\">\r\n                    <div>\r\n                        <h4>Lekcije iz laoske gramatike<\/h4>\r\n                        <p>Vje\u017ebajte laosku gramatiku.<\/p>\r\n                    <\/div>\r\n                <\/div>\r\n            <\/div>\r\n        <\/a>\r\n\r\n            <\/section>","protected":false},"excerpt":{"rendered":"<p>Laoske gramati\u010dke teme U\u010denje novog jezika mo\u017ee biti izazovan, ali koristan poduhvat. Lao, Tai-Kadai jezik koji se uglavnom govori u Laosu, nije izuzetak. Sa svojim jedinstvenim karakteristikama i strukturama, u\u010denje laoskog jezika zahtijeva sistematski pristup razumijevanju kako je zna\u010denje izgra\u0111eno sa \u010desticama, redoslijedom rije\u010di i klasifikatorima, a ne fleksijom. Ovaj vodi\u010d ocrtava klju\u010dna podru\u010dja laoske [&hellip;]<\/p>\n","protected":false},"author":20,"featured_media":0,"parent":0,"menu_order":0,"comment_status":"closed","ping_status":"closed","template":"LearningContentPage.php","meta":{"_acf_changed":false,"footnotes":""},"class_list":["post-1474142","page","type-page","status-publish","hentry"],"acf":[],"yoast_head":"<!-- This site is optimized with the Yoast SEO Premium plugin v27.2 (Yoast SEO v27.2) - https:\/\/yoast.com\/product\/yoast-seo-premium-wordpress\/ -->\n<title>Laoske gramati\u010dke vje\u017ebe - Talkpal<\/title>\n<meta name=\"description\" content=\"Savladajte gramatiku laoskog jezika uz interaktivne vje\u017ebe osmi\u0161ljene da vam pomognu da izgradite te\u010dnost i samopouzdanje u jeziku.\" \/>\n<meta name=\"robots\" content=\"index, follow, max-snippet:-1, max-image-preview:large, max-video-preview:-1\" \/>\n<link rel=\"canonical\" href=\"https:\/\/talkpal.ai\/bs\/laoske-gramaticke-vjezbe\/\" \/>\n<meta property=\"og:locale\" content=\"bs_BA\" \/>\n<meta property=\"og:type\" content=\"article\" \/>\n<meta property=\"og:title\" content=\"Laoske gramati\u010dke vje\u017ebe\" \/>\n<meta property=\"og:description\" content=\"Laoske gramati\u010dke teme U\u010denje novog jezika mo\u017ee biti izazovan, ali koristan poduhvat. Lao, Tai-Kadai jezik koji se uglavnom govori u Laosu, nije izuzetak.\" \/>\n<meta property=\"og:url\" content=\"https:\/\/talkpal.ai\/bs\/laoske-gramaticke-vjezbe\/\" \/>\n<meta property=\"og:site_name\" content=\"Talkpal\" \/>\n<meta property=\"article:publisher\" content=\"https:\/\/www.facebook.com\/profile.php?id=100090733639311\" \/>\n<meta property=\"article:modified_time\" content=\"2025-12-30T14:07:19+00:00\" \/>\n<meta property=\"og:image\" content=\"https:\/\/talkpal.ai\/wp-content\/uploads\/2025\/02\/Progress-tab-16_9.png\" \/>\n\t<meta property=\"og:image:width\" content=\"2880\" \/>\n\t<meta property=\"og:image:height\" content=\"1620\" \/>\n\t<meta property=\"og:image:type\" content=\"image\/png\" \/>\n<meta name=\"twitter:card\" content=\"summary_large_image\" \/>\n<meta name=\"twitter:site\" content=\"@talkpalai\" \/>\n<meta name=\"twitter:label1\" content=\"Est. reading time\" \/>\n\t<meta name=\"twitter:data1\" content=\"3 minute\" \/>\n<script type=\"application\/ld+json\" class=\"yoast-schema-graph\">{\"@context\":\"https:\/\/schema.org\",\"@graph\":[{\"@type\":\"WebPage\",\"@id\":\"https:\/\/talkpal.ai\/bs\/laoske-gramaticke-vjezbe\/\",\"url\":\"https:\/\/talkpal.ai\/bs\/laoske-gramaticke-vjezbe\/\",\"name\":\"Laoske gramati\u010dke vje\u017ebe - Talkpal\",\"isPartOf\":{\"@id\":\"https:\/\/talkpal.ai\/bs\/#website\"},\"datePublished\":\"2025-11-12T12:14:54+00:00\",\"dateModified\":\"2025-12-30T14:07:19+00:00\",\"description\":\"Savladajte gramatiku laoskog jezika uz interaktivne vje\u017ebe osmi\u0161ljene da vam pomognu da izgradite te\u010dnost i samopouzdanje u jeziku.\",\"breadcrumb\":{\"@id\":\"https:\/\/talkpal.ai\/bs\/laoske-gramaticke-vjezbe\/#breadcrumb\"},\"inLanguage\":\"bs-BA\",\"potentialAction\":[{\"@type\":\"ReadAction\",\"target\":[\"https:\/\/talkpal.ai\/bs\/laoske-gramaticke-vjezbe\/\"]}]},{\"@type\":\"BreadcrumbList\",\"@id\":\"https:\/\/talkpal.ai\/bs\/laoske-gramaticke-vjezbe\/#breadcrumb\",\"itemListElement\":[{\"@type\":\"ListItem\",\"position\":1,\"name\":\"Homepage\",\"item\":\"https:\/\/talkpal.ai\/bs\/\"},{\"@type\":\"ListItem\",\"position\":2,\"name\":\"Laoske gramati\u010dke vje\u017ebe\"}]},{\"@type\":\"WebSite\",\"@id\":\"https:\/\/talkpal.ai\/bs\/#website\",\"url\":\"https:\/\/talkpal.ai\/bs\/\",\"name\":\"Talkpal\",\"description\":\"AI Language Learning\",\"publisher\":{\"@id\":\"https:\/\/talkpal.ai\/bs\/#organization\"},\"alternateName\":\"Talkpal AI\",\"potentialAction\":[{\"@type\":\"SearchAction\",\"target\":{\"@type\":\"EntryPoint\",\"urlTemplate\":\"https:\/\/talkpal.ai\/bs\/?s={search_term_string}\"},\"query-input\":{\"@type\":\"PropertyValueSpecification\",\"valueRequired\":true,\"valueName\":\"search_term_string\"}}],\"inLanguage\":\"bs-BA\"},{\"@type\":\"Organization\",\"@id\":\"https:\/\/talkpal.ai\/bs\/#organization\",\"name\":\"Talkpal, Inc.\",\"alternateName\":\"Talkpal AI\",\"url\":\"https:\/\/talkpal.ai\/bs\/\",\"logo\":{\"@type\":\"ImageObject\",\"inLanguage\":\"bs-BA\",\"@id\":\"https:\/\/talkpal.ai\/bs\/#\/schema\/logo\/image\/\",\"url\":\"https:\/\/talkpal.ai\/wp-content\/uploads\/2024\/03\/Talkpal-Logo-Icon.png\",\"contentUrl\":\"https:\/\/talkpal.ai\/wp-content\/uploads\/2024\/03\/Talkpal-Logo-Icon.png\",\"width\":2880,\"height\":2880,\"caption\":\"Talkpal, Inc.\"},\"image\":{\"@id\":\"https:\/\/talkpal.ai\/bs\/#\/schema\/logo\/image\/\"},\"sameAs\":[\"https:\/\/www.facebook.com\/profile.php?id=100090733639311\",\"https:\/\/x.com\/talkpalai\",\"https:\/\/www.linkedin.com\/company\/talkpal\/\",\"https:\/\/www.youtube.com\/@TalkPal\/\",\"https:\/\/www.tiktok.com\/@talkpal\",\"https:\/\/www.instagram.com\/talkpal_ai\/\",\"https:\/\/www.crunchbase.com\/organization\/talkpal-9cde\",\"https:\/\/www.g2.com\/products\/talkpal-for-business\/\",\"https:\/\/www.trustpilot.com\/review\/talkpal.ai\",\"https:\/\/www.capterra.com\/p\/10006800\/TalkPal\/\"],\"description\":\"Talkpal is a language learning web and mobile education app, powered by the latest AI technologies, that provides engaging experiences to its customers in many different languages to help them improve their language skills. Users can chat about unlimited amount of topics with the app and use other modes to practice their language learning.\",\"email\":\"support@talkpal.ai\",\"legalName\":\"Talkpal, Inc.\",\"foundingDate\":\"2023-04-03\",\"duns\":\"118989042\",\"numberOfEmployees\":{\"@type\":\"QuantitativeValue\",\"minValue\":\"11\",\"maxValue\":\"50\"},\"publishingPrinciples\":\"https:\/\/talkpal.ai\/publishing-principles\/\",\"actionableFeedbackPolicy\":\"https:\/\/talkpal.ai\/actionable-feedback-policy\/\",\"correctionsPolicy\":\"https:\/\/talkpal.ai\/corrections-policy\/\",\"ethicsPolicy\":\"https:\/\/talkpal.ai\/ethics-policy\/\",\"diversityPolicy\":\"https:\/\/talkpal.ai\/diversity-policy\/\",\"diversityStaffingReport\":\"https:\/\/talkpal.ai\/diversity-policy\/\"}]}<\/script>\n<!-- \/ Yoast SEO Premium plugin. -->","yoast_head_json":{"title":"Laoske gramati\u010dke vje\u017ebe - Talkpal","description":"Savladajte gramatiku laoskog jezika uz interaktivne vje\u017ebe osmi\u0161ljene da vam pomognu da izgradite te\u010dnost i samopouzdanje u jeziku.","robots":{"index":"index","follow":"follow","max-snippet":"max-snippet:-1","max-image-preview":"max-image-preview:large","max-video-preview":"max-video-preview:-1"},"canonical":"https:\/\/talkpal.ai\/bs\/laoske-gramaticke-vjezbe\/","og_locale":"bs_BA","og_type":"article","og_title":"Laoske gramati\u010dke vje\u017ebe","og_description":"Laoske gramati\u010dke teme U\u010denje novog jezika mo\u017ee biti izazovan, ali koristan poduhvat. Lao, Tai-Kadai jezik koji se uglavnom govori u Laosu, nije izuzetak.","og_url":"https:\/\/talkpal.ai\/bs\/laoske-gramaticke-vjezbe\/","og_site_name":"Talkpal","article_publisher":"https:\/\/www.facebook.com\/profile.php?id=100090733639311","article_modified_time":"2025-12-30T14:07:19+00:00","og_image":[{"width":2880,"height":1620,"url":"https:\/\/talkpal.ai\/wp-content\/uploads\/2025\/02\/Progress-tab-16_9.png","type":"image\/png"}],"twitter_card":"summary_large_image","twitter_site":"@talkpalai","twitter_misc":{"Est. reading time":"3 minute"},"schema":{"@context":"https:\/\/schema.org","@graph":[{"@type":"WebPage","@id":"https:\/\/talkpal.ai\/bs\/laoske-gramaticke-vjezbe\/","url":"https:\/\/talkpal.ai\/bs\/laoske-gramaticke-vjezbe\/","name":"Laoske gramati\u010dke vje\u017ebe - Talkpal","isPartOf":{"@id":"https:\/\/talkpal.ai\/bs\/#website"},"datePublished":"2025-11-12T12:14:54+00:00","dateModified":"2025-12-30T14:07:19+00:00","description":"Savladajte gramatiku laoskog jezika uz interaktivne vje\u017ebe osmi\u0161ljene da vam pomognu da izgradite te\u010dnost i samopouzdanje u jeziku.","breadcrumb":{"@id":"https:\/\/talkpal.ai\/bs\/laoske-gramaticke-vjezbe\/#breadcrumb"},"inLanguage":"bs-BA","potentialAction":[{"@type":"ReadAction","target":["https:\/\/talkpal.ai\/bs\/laoske-gramaticke-vjezbe\/"]}]},{"@type":"BreadcrumbList","@id":"https:\/\/talkpal.ai\/bs\/laoske-gramaticke-vjezbe\/#breadcrumb","itemListElement":[{"@type":"ListItem","position":1,"name":"Homepage","item":"https:\/\/talkpal.ai\/bs\/"},{"@type":"ListItem","position":2,"name":"Laoske gramati\u010dke vje\u017ebe"}]},{"@type":"WebSite","@id":"https:\/\/talkpal.ai\/bs\/#website","url":"https:\/\/talkpal.ai\/bs\/","name":"Talkpal","description":"AI Language Learning","publisher":{"@id":"https:\/\/talkpal.ai\/bs\/#organization"},"alternateName":"Talkpal AI","potentialAction":[{"@type":"SearchAction","target":{"@type":"EntryPoint","urlTemplate":"https:\/\/talkpal.ai\/bs\/?s={search_term_string}"},"query-input":{"@type":"PropertyValueSpecification","valueRequired":true,"valueName":"search_term_string"}}],"inLanguage":"bs-BA"},{"@type":"Organization","@id":"https:\/\/talkpal.ai\/bs\/#organization","name":"Talkpal, Inc.","alternateName":"Talkpal AI","url":"https:\/\/talkpal.ai\/bs\/","logo":{"@type":"ImageObject","inLanguage":"bs-BA","@id":"https:\/\/talkpal.ai\/bs\/#\/schema\/logo\/image\/","url":"https:\/\/talkpal.ai\/wp-content\/uploads\/2024\/03\/Talkpal-Logo-Icon.png","contentUrl":"https:\/\/talkpal.ai\/wp-content\/uploads\/2024\/03\/Talkpal-Logo-Icon.png","width":2880,"height":2880,"caption":"Talkpal, Inc."},"image":{"@id":"https:\/\/talkpal.ai\/bs\/#\/schema\/logo\/image\/"},"sameAs":["https:\/\/www.facebook.com\/profile.php?id=100090733639311","https:\/\/x.com\/talkpalai","https:\/\/www.linkedin.com\/company\/talkpal\/","https:\/\/www.youtube.com\/@TalkPal\/","https:\/\/www.tiktok.com\/@talkpal","https:\/\/www.instagram.com\/talkpal_ai\/","https:\/\/www.crunchbase.com\/organization\/talkpal-9cde","https:\/\/www.g2.com\/products\/talkpal-for-business\/","https:\/\/www.trustpilot.com\/review\/talkpal.ai","https:\/\/www.capterra.com\/p\/10006800\/TalkPal\/"],"description":"Talkpal is a language learning web and mobile education app, powered by the latest AI technologies, that provides engaging experiences to its customers in many different languages to help them improve their language skills. Users can chat about unlimited amount of topics with the app and use other modes to practice their language learning.","email":"support@talkpal.ai","legalName":"Talkpal, Inc.","foundingDate":"2023-04-03","duns":"118989042","numberOfEmployees":{"@type":"QuantitativeValue","minValue":"11","maxValue":"50"},"publishingPrinciples":"https:\/\/talkpal.ai\/publishing-principles\/","actionableFeedbackPolicy":"https:\/\/talkpal.ai\/actionable-feedback-policy\/","correctionsPolicy":"https:\/\/talkpal.ai\/corrections-policy\/","ethicsPolicy":"https:\/\/talkpal.ai\/ethics-policy\/","diversityPolicy":"https:\/\/talkpal.ai\/diversity-policy\/","diversityStaffingReport":"https:\/\/talkpal.ai\/diversity-policy\/"}]}},"_links":{"self":[{"href":"https:\/\/talkpal.ai\/bs\/wp-json\/wp\/v2\/pages\/1474142","targetHints":{"allow":["GET"]}}],"collection":[{"href":"https:\/\/talkpal.ai\/bs\/wp-json\/wp\/v2\/pages"}],"about":[{"href":"https:\/\/talkpal.ai\/bs\/wp-json\/wp\/v2\/types\/page"}],"author":[{"embeddable":true,"href":"https:\/\/talkpal.ai\/bs\/wp-json\/wp\/v2\/users\/20"}],"replies":[{"embeddable":true,"href":"https:\/\/talkpal.ai\/bs\/wp-json\/wp\/v2\/comments?post=1474142"}],"version-history":[{"count":0,"href":"https:\/\/talkpal.ai\/bs\/wp-json\/wp\/v2\/pages\/1474142\/revisions"}],"wp:attachment":[{"href":"https:\/\/talkpal.ai\/bs\/wp-json\/wp\/v2\/media?parent=1474142"}],"curies":[{"name":"wp","href":"https:\/\/api.w.org\/{rel}","templated":true}]}}