{"id":1474031,"date":"2025-11-12T16:09:11","date_gmt":"2025-11-12T16:09:11","guid":{"rendered":"https:\/\/talkpal.ai\/oriya-gramaticke-vjezbe\/"},"modified":"2025-12-30T11:53:19","modified_gmt":"2025-12-30T11:53:19","slug":"oriya-gramaticke-vjezbe","status":"publish","type":"page","link":"https:\/\/talkpal.ai\/bs\/oriya-gramaticke-vjezbe\/","title":{"rendered":"Vje\u017ebe iz gramatike odijskog jezika"},"content":{"rendered":"\r\n\r\n\r\n<section class=\"languageChallengeSection\">\r\n    <div class=\"languageInfoWrapper\">\r\n        \r\n        <h1>Vje\u017ebe iz gramatike odijskog jezika<\/h1>\r\n        <p>Spremni da zaronite u gramatiku odijskog jezika? Vje\u017ebanje nekoliko osnova pomo\u0107i \u0107e vam da se osje\u0107ate ugodno s ovim jedinstvenim i prekrasnim jezikom. Isprobajte ove vje\u017ebe kako biste izgradili samopouzdanje i zabavili se usput!<\/p>\r\n\r\n                            <a class=\"getStartedHidden\" href=\"https:\/\/app.talkpal.ai\/signup?lng=\">Kreni<\/a>\r\n        \r\n    <\/div>\r\n\r\n    <figure>\r\n    <img decoding=\"async\" width=\"768\" height=\"768\" src=\"https:\/\/talkpal.ai\/wp-content\/uploads\/2023\/06\/welsh-768x768.png\" class=\"languageImage no-lazy\" alt=\"Language learning for better cognitive abilities\" fetchpriority=\"high\" sizes=\"(max-width: 768px) 150px, 768px\" srcset=\"https:\/\/talkpal.ai\/wp-content\/uploads\/2023\/06\/welsh-768x768.png 768w, https:\/\/talkpal.ai\/wp-content\/uploads\/2023\/06\/welsh-300x300.png 300w\" \/>\r\n    \r\n\r\n    <\/figure>\r\n\r\n            <a class=\"getStartedVisible\" href=\"https:\/\/app.talkpal.ai\/signup?lng=\">Kreni<\/a>\r\n    \r\n<\/section><section class=\"promotionalBanner\">\r\n    <p class=\"promotionalText\">Najefikasniji na\u010din za u\u010denje jezika<\/p>\r\n    <a class=\"promotionalLink\" href=\"https:\/\/app.talkpal.ai\/signup?lng=\">Isprobajte Talkpal besplatno<\/a>\r\n<\/section>\n<div class=\"wp-block-group pageContainerStyle\"><div class=\"wp-block-group__inner-container is-layout-constrained wp-block-group-is-layout-constrained\">\n<h2 class=\"wp-block-heading\" id=\"h-odia-grammar-topics\">Teme gramatike odijskog jezika<\/h2>\n\n\n\n<p><a href=\"https:\/\/talkpal.ai\/bs\/najvece-greske-koje-treba-izbjegavati-prilikom-ucenja-novog-jezika\/\">U\u010denje novog jezika<\/a> mo\u017ee biti izazovan, ali koristan poduhvat. <a href=\"https:\/\/talkpal.ai\/learn-odia\/\">Odia<\/a>, indoarijski jezik koji se uglavnom govori u indijskoj dr\u017eavi Odisha, nije izuzetak. Sa svojim osobinama i strukturama, <a href=\"https:\/\/talkpal.ai\/bs\/talkpal-za-obrazovanje\/\">u\u010denje<\/a> odijskog zahtijeva sistematski pristup razumijevanju njegove gramatike. Ovaj vodi\u010d opisuje klju\u010dna podru\u010dja <a href=\"https:\/\/talkpal.ai\/oriya-grammar\/\">odijskog gramatike<\/a> u logi\u010dkom slijedu <a href=\"https:\/\/talkpal.ai\/bs\/talkpal-za-obrazovanje\/\">za u\u010denje jezika<\/a>, po\u010dev\u0161i od osnova poput imenica i \u010dlanova, pa prelaze\u0107i na slo\u017eenije oblasti poput vremena i konstrukcije re\u010denica.<\/p>\n\n\n\n<h3 class=\"wp-block-heading\" id=\"h-1-nouns\">1. imenice:<\/h3>\n\n\n\n<p><a href=\"https:\/\/talkpal.ai\/ko\/ai-%ec%96%b8%ec%96%b4-%ea%b5%90%ec%82%ac\/\">Zapo\u010dnite<\/a> svoje putovanje na odijskom jeziku tako \u0161to \u0107ete nau\u010diti imenice. To uklju\u010duje razumijevanje razli\u010ditih kategorija imenica, kao \u0161to su uobi\u010dajene i vlastite imenice, kao i njihove oblike mno\u017eine. Napomena da <a href=\"https:\/\/talkpal.ai\/learn-odia\/\">odija<\/a> generalno nema gramati\u010dki rod i koristi mno\u017einske markere poput -mane za ljude i -gudika za objekte.<\/p>\n\n\n\n<h3 class=\"wp-block-heading\" id=\"h-2-articles\">2. \u010dlanci:<\/h3>\n\n\n\n<p>Odijski ne koristi odre\u0111ene ili neodre\u0111ene \u010dlanove kao <a href=\"https:\/\/talkpal.ai\/ai-english-speaking-practice\/\">\u0161to to \u010dini engleski.<\/a> Definitivnost se obi\u010dno izra\u017eava kroz kontekst ili pokaziva\u010de kao \u0161to je ovo i <a href=\"https:\/\/talkpal.ai\/locations\/language-courses-in-ono\/\">ono<\/a>, a neodre\u0111enost se mo\u017ee prenijeti brojem jedan kada je to potrebno.<\/p>\n\n\n\n<h3 class=\"wp-block-heading\" id=\"h-3-adjectives\">3. pridjevi:<\/h3>\n\n\n\n<p>Pridjevi u odijskom obi\u010dno prethode imenicama koje mijenjaju. Obi\u010dno ne mijenjaju oblik za broj ili spol. Nau\u010dite kako formirati komparative i superlative, \u010desto koriste\u0107i rije\u010di kao \u0161to su adhika za vi\u0161e, sabuthu za ve\u0107inu, i marker tharu za than.<\/p>\n\n\n\n<h3 class=\"wp-block-heading\" id=\"h-4-pronouns-determiners\">4. zamjenice\/determinatori:<\/h3>\n\n\n\n<p>Zamjenice i determinatori su neophodni u odijskom jeziku; Zamjenjuju imenice i pru\u017eaju informacije o koli\u010dini, posjedovanju i jo\u0161 mnogo toga. Odija ima nivo pristojnosti u zamjenicama drugog lica, a posjedovanje se obi\u010dno ozna\u010dava genitivnom \u010desticom -ra. Demonstrativi i kvantifikatori su u \u0161irokoj upotrebi.<\/p>\n\n\n\n<h3 class=\"wp-block-heading\" id=\"h-5-verbs\">5. glagoli:<\/h3>\n\n\n\n<p>Odijski glagoli imaju razli\u010dite oblike u zavisnosti od vremena, aspekta, na\u010dina i ponekad po\u010dasnog nivoa. Po\u010dnite sa sada\u0161njim oblicima, uklju\u010duju\u0107i uobi\u010dajeni i progresivni, a zatim istra\u017eite pro\u0161lost i budu\u0107nost. Nau\u010dite infinitiv ili glagolske imenske oblike u -iba ili -ba.<\/p>\n\n\n\n<h3 class=\"wp-block-heading\" id=\"h-6-tenses\">6. napetosti:<\/h3>\n\n\n\n<p>Nakon \u0161to savladate glagolske oblike, dublje se posvetite odijskim vremenima i aspektima. Razumjeti razlike izme\u0111u sada\u0161njeg uobi\u010dajenog, sada\u0161njeg progresivnog, pro\u0161log perfektivnog, pro\u0161log progresivnog i budu\u0107eg, i kako se koriste u razli\u010ditim kontekstima.<\/p>\n\n\n\n<h3 class=\"wp-block-heading\" id=\"h-7-tense-comparison\">7. napeto pore\u0111enje:<\/h3>\n\n\n\n<p>Upore\u0111ivanje vremena u odijskom jeziku poma\u017ee u razumijevanju redoslijeda i aspekta doga\u0111aja. Upore\u0111ivanje <a href=\"https:\/\/talkpal.ai\/locations\/learn-english-in-istog\/\">istog<\/a> glagola u uobi\u010dajenim, progresivnim, perfektivnim i budu\u0107im upotrebama \u0107e omogu\u0107iti bolje razumijevanje jezika.<\/p>\n\n\n\n<h3 class=\"wp-block-heading\" id=\"h-8-progressive\">8. progresivno:<\/h3>\n\n\n\n<p>Progresivni aspekt na odijskom jeziku koristi se za izra\u017eavanje teku\u0107ih postupaka. Obi\u010dno se ozna\u010dava sufiksom -uchhi za sada\u0161njost, -uthila za pro\u0161lost i -uthiba za budu\u0107nost, izgra\u0111en na glagolskoj osnovi i pripadaju\u0107im pomo\u0107nim oblicima.<\/p>\n\n\n\n<h3 class=\"wp-block-heading\" id=\"h-9-perfect-progressive\">9. savr\u0161eno progresivno:<\/h3>\n\n\n\n<p>Ovo se koristi za izra\u017eavanje radnji koje su bile u toku do odre\u0111ene ta\u010dke. Na odijskom jeziku, obi\u010dno se prenosi progresivnom konstrukcijom zajedno sa vremenskim izrazima poput dhari ili tharu za ozna\u010davanje trajanja, umjesto posebne kombinacije savr\u0161eno-progresivnog pomo\u0107nog modela.<\/p>\n\n\n\n<h3 class=\"wp-block-heading\" id=\"h-10-conditionals\">10. uslovno:<\/h3>\n\n\n\n<p>Kondicionali izra\u017eavaju hipoteti\u010dke situacije i njihove mogu\u0107e ishode. Odija koristi uslovne markere i rije\u010di poput <a href=\"https:\/\/talkpal.ai\/will-ai-kill-traditional-language-learning\/\">jadi<\/a> ili yadi za ako, a glagolske uslovne oblike u -le da izrazi ove odnose.<\/p>\n\n\n\n<h3 class=\"wp-block-heading\" id=\"h-11-adverbs\">11. prilozi:<\/h3>\n\n\n\n<p>Prilozi u odijskom jeziku modifikuju glagole, pridjeve ili druge priloge. Oni pru\u017eaju informacije o na\u010dinu, mjestu, vremenu, stepenu i jo\u0161 mnogo toga, a pozicionirani su prema naglasku i toku re\u010denice.<\/p>\n\n\n\n<h3 class=\"wp-block-heading\" id=\"h-12-prepositions\">12. prijedlozi:<\/h3>\n\n\n\n<p>Odija prvenstveno koristi postpozicije, koje prate imenice na koje se odnose. Oni povezuju rije\u010di i fraze zajedno i izra\u017eavaju odnose vremena, mjesta, smjera, izvora i svrhe, kao \u0161to su -re in ili at, -ku to, -ru from i pain for.<\/p>\n\n\n\n<h3 class=\"wp-block-heading\" id=\"h-13-sentences\">13. re\u010denice:<\/h3>\n\n\n\n<p>Na kraju, praksa konstruisanja re\u010denica. Odija obi\u010dno slijedi redoslijed glagola sa subjektom i objektom. To \u0107e uklju\u010divati kori\u0161tenje svih prethodno nau\u010denih gramati\u010dkih ta\u010daka u kontekstu, uklju\u010duju\u0107i obrasce slaganja i uobi\u010dajene oblike negacije, \u010dime se osigurava sveobuhvatno razumijevanje odijskog jezika.<\/p>\n<\/div><\/div>\n\r\n<section class=\"learnNavigationSection\">\r\n            \r\n        <a href=\"https:\/\/talkpal.ai\/bs\/nauci-oriyu\/\">\r\n            <div class=\"learnNavigationWrapper\">\r\n                <div class=\"learnNavigationContent\">\r\n                    <img decoding=\"async\" src=\"https:\/\/talkpal.ai\/wp-content\/uploads\/2025\/11\/Oriya.png\" alt=\"Indian Simplified Flag\">\r\n                    <div>\r\n                        <h4>O Odia Learningu<\/h4>\r\n                        <p>Saznajte sve o Odia Gramatici.<\/p>\r\n                    <\/div>\r\n                <\/div>\r\n            <\/div>\r\n        <\/a>\r\n\r\n        \r\n        <a href=\"https:\/\/talkpal.ai\/bs\/oriya-gramatika\/\">\r\n            <div class=\"learnNavigationWrapper\">\r\n                <div class=\"learnNavigationContent\">\r\n                    <img decoding=\"async\" src=\"https:\/\/talkpal.ai\/wp-content\/uploads\/2025\/11\/Oriya.png\" alt=\"Indian Simplified Flag\">\r\n                    <div>\r\n                        <h4>Lekcije gramatike odijskog jezika<\/h4>\r\n                        <p>Vje\u017ebajte gramatiku odijskog jezika.<\/p>\r\n                    <\/div>\r\n                <\/div>\r\n            <\/div>\r\n        <\/a>\r\n\r\n            <\/section>","protected":false},"excerpt":{"rendered":"<p>Teme gramatike odijskog jezika U\u010denje novog jezika mo\u017ee biti izazovan, ali koristan poduhvat. Odia, indoarijski jezik koji se uglavnom govori u indijskoj dr\u017eavi Odisha, nije izuzetak. Sa svojim osobinama i strukturama, u\u010denje odijskog zahtijeva sistematski pristup razumijevanju njegove gramatike. Ovaj vodi\u010d opisuje klju\u010dna podru\u010dja odijskog gramatike u logi\u010dkom slijedu za u\u010denje jezika, po\u010dev\u0161i od osnova [&hellip;]<\/p>\n","protected":false},"author":20,"featured_media":0,"parent":0,"menu_order":0,"comment_status":"closed","ping_status":"closed","template":"LearningContentPage.php","meta":{"_acf_changed":false,"footnotes":""},"class_list":["post-1474031","page","type-page","status-publish","hentry"],"acf":[],"yoast_head":"<!-- This site is optimized with the Yoast SEO Premium plugin v27.2 (Yoast SEO v27.2) - https:\/\/yoast.com\/product\/yoast-seo-premium-wordpress\/ -->\n<title>Vje\u017ebe iz gramatike odijskog jezika - Talkpal<\/title>\n<meta name=\"description\" content=\"Savladajte gramatiku Odia jezika pomo\u0107u interaktivnih vje\u017ebi osmi\u0161ljenih da vam pomognu da efikasno pobolj\u0161ate svoje jezi\u010dke vje\u0161tine i te\u010dnost.\" \/>\n<meta name=\"robots\" content=\"index, follow, max-snippet:-1, max-image-preview:large, max-video-preview:-1\" \/>\n<link rel=\"canonical\" href=\"https:\/\/talkpal.ai\/bs\/oriya-gramaticke-vjezbe\/\" \/>\n<meta property=\"og:locale\" content=\"bs_BA\" \/>\n<meta property=\"og:type\" content=\"article\" \/>\n<meta property=\"og:title\" content=\"Vje\u017ebe iz gramatike odijskog jezika\" \/>\n<meta property=\"og:description\" content=\"Teme gramatike odijskog jezika U\u010denje novog jezika mo\u017ee biti izazovan, ali koristan poduhvat. Odia, indoarijski jezik koji se uglavnom govori u indijskoj\" \/>\n<meta property=\"og:url\" content=\"https:\/\/talkpal.ai\/bs\/oriya-gramaticke-vjezbe\/\" \/>\n<meta property=\"og:site_name\" content=\"Talkpal\" \/>\n<meta property=\"article:publisher\" content=\"https:\/\/www.facebook.com\/profile.php?id=100090733639311\" \/>\n<meta property=\"article:modified_time\" content=\"2025-12-30T11:53:19+00:00\" \/>\n<meta property=\"og:image\" content=\"https:\/\/talkpal.ai\/wp-content\/uploads\/2025\/02\/Progress-tab-16_9.png\" \/>\n\t<meta property=\"og:image:width\" content=\"2880\" \/>\n\t<meta property=\"og:image:height\" content=\"1620\" \/>\n\t<meta property=\"og:image:type\" content=\"image\/png\" \/>\n<meta name=\"twitter:card\" content=\"summary_large_image\" \/>\n<meta name=\"twitter:site\" content=\"@talkpalai\" \/>\n<meta name=\"twitter:label1\" content=\"Est. reading time\" \/>\n\t<meta name=\"twitter:data1\" content=\"3 minute\" \/>\n<script type=\"application\/ld+json\" class=\"yoast-schema-graph\">{\"@context\":\"https:\/\/schema.org\",\"@graph\":[{\"@type\":\"WebPage\",\"@id\":\"https:\/\/talkpal.ai\/bs\/oriya-gramaticke-vjezbe\/\",\"url\":\"https:\/\/talkpal.ai\/bs\/oriya-gramaticke-vjezbe\/\",\"name\":\"Vje\u017ebe iz gramatike odijskog jezika - Talkpal\",\"isPartOf\":{\"@id\":\"https:\/\/talkpal.ai\/bs\/#website\"},\"datePublished\":\"2025-11-12T16:09:11+00:00\",\"dateModified\":\"2025-12-30T11:53:19+00:00\",\"description\":\"Savladajte gramatiku Odia jezika pomo\u0107u interaktivnih vje\u017ebi osmi\u0161ljenih da vam pomognu da efikasno pobolj\u0161ate svoje jezi\u010dke vje\u0161tine i te\u010dnost.\",\"breadcrumb\":{\"@id\":\"https:\/\/talkpal.ai\/bs\/oriya-gramaticke-vjezbe\/#breadcrumb\"},\"inLanguage\":\"bs-BA\",\"potentialAction\":[{\"@type\":\"ReadAction\",\"target\":[\"https:\/\/talkpal.ai\/bs\/oriya-gramaticke-vjezbe\/\"]}]},{\"@type\":\"BreadcrumbList\",\"@id\":\"https:\/\/talkpal.ai\/bs\/oriya-gramaticke-vjezbe\/#breadcrumb\",\"itemListElement\":[{\"@type\":\"ListItem\",\"position\":1,\"name\":\"Homepage\",\"item\":\"https:\/\/talkpal.ai\/bs\/\"},{\"@type\":\"ListItem\",\"position\":2,\"name\":\"Vje\u017ebe iz gramatike odijskog jezika\"}]},{\"@type\":\"WebSite\",\"@id\":\"https:\/\/talkpal.ai\/bs\/#website\",\"url\":\"https:\/\/talkpal.ai\/bs\/\",\"name\":\"Talkpal\",\"description\":\"AI Language Learning\",\"publisher\":{\"@id\":\"https:\/\/talkpal.ai\/bs\/#organization\"},\"alternateName\":\"Talkpal AI\",\"potentialAction\":[{\"@type\":\"SearchAction\",\"target\":{\"@type\":\"EntryPoint\",\"urlTemplate\":\"https:\/\/talkpal.ai\/bs\/?s={search_term_string}\"},\"query-input\":{\"@type\":\"PropertyValueSpecification\",\"valueRequired\":true,\"valueName\":\"search_term_string\"}}],\"inLanguage\":\"bs-BA\"},{\"@type\":\"Organization\",\"@id\":\"https:\/\/talkpal.ai\/bs\/#organization\",\"name\":\"Talkpal, Inc.\",\"alternateName\":\"Talkpal AI\",\"url\":\"https:\/\/talkpal.ai\/bs\/\",\"logo\":{\"@type\":\"ImageObject\",\"inLanguage\":\"bs-BA\",\"@id\":\"https:\/\/talkpal.ai\/bs\/#\/schema\/logo\/image\/\",\"url\":\"https:\/\/talkpal.ai\/wp-content\/uploads\/2024\/03\/Talkpal-Logo-Icon.png\",\"contentUrl\":\"https:\/\/talkpal.ai\/wp-content\/uploads\/2024\/03\/Talkpal-Logo-Icon.png\",\"width\":2880,\"height\":2880,\"caption\":\"Talkpal, Inc.\"},\"image\":{\"@id\":\"https:\/\/talkpal.ai\/bs\/#\/schema\/logo\/image\/\"},\"sameAs\":[\"https:\/\/www.facebook.com\/profile.php?id=100090733639311\",\"https:\/\/x.com\/talkpalai\",\"https:\/\/www.linkedin.com\/company\/talkpal\/\",\"https:\/\/www.youtube.com\/@TalkPal\/\",\"https:\/\/www.tiktok.com\/@talkpal\",\"https:\/\/www.instagram.com\/talkpal_ai\/\",\"https:\/\/www.crunchbase.com\/organization\/talkpal-9cde\",\"https:\/\/www.g2.com\/products\/talkpal-for-business\/\",\"https:\/\/www.trustpilot.com\/review\/talkpal.ai\",\"https:\/\/www.capterra.com\/p\/10006800\/TalkPal\/\"],\"description\":\"Talkpal is a language learning web and mobile education app, powered by the latest AI technologies, that provides engaging experiences to its customers in many different languages to help them improve their language skills. Users can chat about unlimited amount of topics with the app and use other modes to practice their language learning.\",\"email\":\"support@talkpal.ai\",\"legalName\":\"Talkpal, Inc.\",\"foundingDate\":\"2023-04-03\",\"duns\":\"118989042\",\"numberOfEmployees\":{\"@type\":\"QuantitativeValue\",\"minValue\":\"11\",\"maxValue\":\"50\"},\"publishingPrinciples\":\"https:\/\/talkpal.ai\/publishing-principles\/\",\"actionableFeedbackPolicy\":\"https:\/\/talkpal.ai\/actionable-feedback-policy\/\",\"correctionsPolicy\":\"https:\/\/talkpal.ai\/corrections-policy\/\",\"ethicsPolicy\":\"https:\/\/talkpal.ai\/ethics-policy\/\",\"diversityPolicy\":\"https:\/\/talkpal.ai\/diversity-policy\/\",\"diversityStaffingReport\":\"https:\/\/talkpal.ai\/diversity-policy\/\"}]}<\/script>\n<!-- \/ Yoast SEO Premium plugin. -->","yoast_head_json":{"title":"Vje\u017ebe iz gramatike odijskog jezika - Talkpal","description":"Savladajte gramatiku Odia jezika pomo\u0107u interaktivnih vje\u017ebi osmi\u0161ljenih da vam pomognu da efikasno pobolj\u0161ate svoje jezi\u010dke vje\u0161tine i te\u010dnost.","robots":{"index":"index","follow":"follow","max-snippet":"max-snippet:-1","max-image-preview":"max-image-preview:large","max-video-preview":"max-video-preview:-1"},"canonical":"https:\/\/talkpal.ai\/bs\/oriya-gramaticke-vjezbe\/","og_locale":"bs_BA","og_type":"article","og_title":"Vje\u017ebe iz gramatike odijskog jezika","og_description":"Teme gramatike odijskog jezika U\u010denje novog jezika mo\u017ee biti izazovan, ali koristan poduhvat. Odia, indoarijski jezik koji se uglavnom govori u indijskoj","og_url":"https:\/\/talkpal.ai\/bs\/oriya-gramaticke-vjezbe\/","og_site_name":"Talkpal","article_publisher":"https:\/\/www.facebook.com\/profile.php?id=100090733639311","article_modified_time":"2025-12-30T11:53:19+00:00","og_image":[{"width":2880,"height":1620,"url":"https:\/\/talkpal.ai\/wp-content\/uploads\/2025\/02\/Progress-tab-16_9.png","type":"image\/png"}],"twitter_card":"summary_large_image","twitter_site":"@talkpalai","twitter_misc":{"Est. reading time":"3 minute"},"schema":{"@context":"https:\/\/schema.org","@graph":[{"@type":"WebPage","@id":"https:\/\/talkpal.ai\/bs\/oriya-gramaticke-vjezbe\/","url":"https:\/\/talkpal.ai\/bs\/oriya-gramaticke-vjezbe\/","name":"Vje\u017ebe iz gramatike odijskog jezika - Talkpal","isPartOf":{"@id":"https:\/\/talkpal.ai\/bs\/#website"},"datePublished":"2025-11-12T16:09:11+00:00","dateModified":"2025-12-30T11:53:19+00:00","description":"Savladajte gramatiku Odia jezika pomo\u0107u interaktivnih vje\u017ebi osmi\u0161ljenih da vam pomognu da efikasno pobolj\u0161ate svoje jezi\u010dke vje\u0161tine i te\u010dnost.","breadcrumb":{"@id":"https:\/\/talkpal.ai\/bs\/oriya-gramaticke-vjezbe\/#breadcrumb"},"inLanguage":"bs-BA","potentialAction":[{"@type":"ReadAction","target":["https:\/\/talkpal.ai\/bs\/oriya-gramaticke-vjezbe\/"]}]},{"@type":"BreadcrumbList","@id":"https:\/\/talkpal.ai\/bs\/oriya-gramaticke-vjezbe\/#breadcrumb","itemListElement":[{"@type":"ListItem","position":1,"name":"Homepage","item":"https:\/\/talkpal.ai\/bs\/"},{"@type":"ListItem","position":2,"name":"Vje\u017ebe iz gramatike odijskog jezika"}]},{"@type":"WebSite","@id":"https:\/\/talkpal.ai\/bs\/#website","url":"https:\/\/talkpal.ai\/bs\/","name":"Talkpal","description":"AI Language Learning","publisher":{"@id":"https:\/\/talkpal.ai\/bs\/#organization"},"alternateName":"Talkpal AI","potentialAction":[{"@type":"SearchAction","target":{"@type":"EntryPoint","urlTemplate":"https:\/\/talkpal.ai\/bs\/?s={search_term_string}"},"query-input":{"@type":"PropertyValueSpecification","valueRequired":true,"valueName":"search_term_string"}}],"inLanguage":"bs-BA"},{"@type":"Organization","@id":"https:\/\/talkpal.ai\/bs\/#organization","name":"Talkpal, Inc.","alternateName":"Talkpal AI","url":"https:\/\/talkpal.ai\/bs\/","logo":{"@type":"ImageObject","inLanguage":"bs-BA","@id":"https:\/\/talkpal.ai\/bs\/#\/schema\/logo\/image\/","url":"https:\/\/talkpal.ai\/wp-content\/uploads\/2024\/03\/Talkpal-Logo-Icon.png","contentUrl":"https:\/\/talkpal.ai\/wp-content\/uploads\/2024\/03\/Talkpal-Logo-Icon.png","width":2880,"height":2880,"caption":"Talkpal, Inc."},"image":{"@id":"https:\/\/talkpal.ai\/bs\/#\/schema\/logo\/image\/"},"sameAs":["https:\/\/www.facebook.com\/profile.php?id=100090733639311","https:\/\/x.com\/talkpalai","https:\/\/www.linkedin.com\/company\/talkpal\/","https:\/\/www.youtube.com\/@TalkPal\/","https:\/\/www.tiktok.com\/@talkpal","https:\/\/www.instagram.com\/talkpal_ai\/","https:\/\/www.crunchbase.com\/organization\/talkpal-9cde","https:\/\/www.g2.com\/products\/talkpal-for-business\/","https:\/\/www.trustpilot.com\/review\/talkpal.ai","https:\/\/www.capterra.com\/p\/10006800\/TalkPal\/"],"description":"Talkpal is a language learning web and mobile education app, powered by the latest AI technologies, that provides engaging experiences to its customers in many different languages to help them improve their language skills. Users can chat about unlimited amount of topics with the app and use other modes to practice their language learning.","email":"support@talkpal.ai","legalName":"Talkpal, Inc.","foundingDate":"2023-04-03","duns":"118989042","numberOfEmployees":{"@type":"QuantitativeValue","minValue":"11","maxValue":"50"},"publishingPrinciples":"https:\/\/talkpal.ai\/publishing-principles\/","actionableFeedbackPolicy":"https:\/\/talkpal.ai\/actionable-feedback-policy\/","correctionsPolicy":"https:\/\/talkpal.ai\/corrections-policy\/","ethicsPolicy":"https:\/\/talkpal.ai\/ethics-policy\/","diversityPolicy":"https:\/\/talkpal.ai\/diversity-policy\/","diversityStaffingReport":"https:\/\/talkpal.ai\/diversity-policy\/"}]}},"_links":{"self":[{"href":"https:\/\/talkpal.ai\/bs\/wp-json\/wp\/v2\/pages\/1474031","targetHints":{"allow":["GET"]}}],"collection":[{"href":"https:\/\/talkpal.ai\/bs\/wp-json\/wp\/v2\/pages"}],"about":[{"href":"https:\/\/talkpal.ai\/bs\/wp-json\/wp\/v2\/types\/page"}],"author":[{"embeddable":true,"href":"https:\/\/talkpal.ai\/bs\/wp-json\/wp\/v2\/users\/20"}],"replies":[{"embeddable":true,"href":"https:\/\/talkpal.ai\/bs\/wp-json\/wp\/v2\/comments?post=1474031"}],"version-history":[{"count":0,"href":"https:\/\/talkpal.ai\/bs\/wp-json\/wp\/v2\/pages\/1474031\/revisions"}],"wp:attachment":[{"href":"https:\/\/talkpal.ai\/bs\/wp-json\/wp\/v2\/media?parent=1474031"}],"curies":[{"name":"wp","href":"https:\/\/api.w.org\/{rel}","templated":true}]}}