{"id":1474026,"date":"2025-11-12T16:07:26","date_gmt":"2025-11-12T16:07:26","guid":{"rendered":"https:\/\/talkpal.ai\/oriya-gramatika\/"},"modified":"2025-12-30T12:46:02","modified_gmt":"2025-12-30T12:46:02","slug":"oriya-gramatika","status":"publish","type":"page","link":"https:\/\/talkpal.ai\/bs\/oriya-gramatika\/","title":{"rendered":"Odijska gramatika"},"content":{"rendered":"\r\n\r\n\r\n<section class=\"languageChallengeSection\">\r\n    <div class=\"languageInfoWrapper\">\r\n        \r\n        <h1>Odijska gramatika<\/h1>\r\n        <p><a href=\"https:\/\/talkpal.ai\/sq\/gramatika\/\">Gramatika<\/a> odijskog jezika mo\u017ee na po\u010detku djelovati izazovno, ali njene jedinstvene karakteristike \u010dine u\u010denje jezika ispunjavaju\u0107im iskustvom. Istra\u017euju\u0107i njegovu abecedu, mutacije i gramati\u010dka pravila, ste\u0107i \u0107ete uvid u bogatu jezi\u010dku tradiciju. Zapo\u010dnite svoje putovanje i otkrijte ljepotu Odije!<\/p>\r\n\r\n                            <a class=\"getStartedHidden\" href=\"https:\/\/app.talkpal.ai\/signup?lng=\">Kreni<\/a>\r\n        \r\n    <\/div>\r\n\r\n    <figure>\r\n    <img decoding=\"async\" width=\"768\" height=\"768\" src=\"https:\/\/talkpal.ai\/wp-content\/uploads\/2023\/06\/welsh-768x768.png\" class=\"languageImage no-lazy\" alt=\"Language learning for better cognitive abilities\" fetchpriority=\"high\" sizes=\"(max-width: 768px) 150px, 768px\" srcset=\"https:\/\/talkpal.ai\/wp-content\/uploads\/2023\/06\/welsh-768x768.png 768w, https:\/\/talkpal.ai\/wp-content\/uploads\/2023\/06\/welsh-300x300.png 300w\" \/>\r\n    \r\n\r\n    <\/figure>\r\n\r\n            <a class=\"getStartedVisible\" href=\"https:\/\/app.talkpal.ai\/signup?lng=\">Kreni<\/a>\r\n    \r\n<\/section><section class=\"promotionalBanner\">\r\n    <p class=\"promotionalText\">Najefikasniji na\u010din za u\u010denje jezika<\/p>\r\n    <a class=\"promotionalLink\" href=\"https:\/\/app.talkpal.ai\/signup?lng=\">Isprobajte Talkpal besplatno<\/a>\r\n<\/section>\n<div class=\"wp-block-group pageContainerStyle\"><div class=\"wp-block-group__inner-container is-layout-constrained wp-block-group-is-layout-constrained\">\n<h2 class=\"wp-block-heading\" id=\"h-navigating-the-intricacies-of-odia-grammar\">Snala\u017eenje u slo\u017eenostima odijske gramatike<\/h2>\n\n\n\n<p><a href=\"https:\/\/talkpal.ai\/learn-oriya\/\">Odia<\/a>, poznat i kao <a href=\"https:\/\/talkpal.ai\/learn-odia\/\">Odia<\/a>, je indoarijski jezik sa bogatom knji\u017eevnom tradicijom i dubokim kulturnim korijenima u isto\u010dnoj Indiji. Nudi uzbudljivo lingvisti\u010dko iskustvo za u\u010denike \u017eeljne istra\u017eivanja njegovog prepoznatljivog gramati\u010dkog sistema. Dok ulazite u svijet Odije, ne samo da \u0107ete obogatiti svoj jezi\u010dki repertoar, ve\u0107 \u0107ete i prihvatiti fascinantno kulturno putovanje. Iako <a href=\"https:\/\/talkpal.ai\/hr\/oriya-gramatika\/\">odija gramatika<\/a> na prvi pogled mo\u017ee izgledati komplikovano, razbijanje na osnovne komponente \u010dini u\u010denje jezika pristupa\u010dnijim. U ovom \u010dlanku istra\u017eit \u0107emo fascinantan svijet gramatike odijskog jezika i dati savjete kako savladati njene slo\u017eenosti.<\/p>\n\n\n\n<h3 class=\"wp-block-heading\" id=\"h-1-odia-alphabet-and-phonetics\">1. Odijski alfabet i fonetika<\/h3>\n\n\n\n<p>Odijsko pismo je abugida sa 11 samoglasnika i oko 35 suglasnika, zajedno sa dijakriti\u010dkim znakovima i konjunktnim suglasnicima. Uklju\u010duje retrofleksne i aspirirane zvukove koji su karakteristi\u010dni za indoarijevske jezike. Poznavanje pisma, samoglasni\u010dkih znakova i konjunkcijskih klastera je klju\u010dno za savladavanje izgovora i \u010ditanja. Vje\u017ebajte \u010ditanjem i pisanjem na odijskom jeziku kako biste internalizirali podudarnost zvuka i simbola.<\/p>\n\n\n\n<h3 class=\"wp-block-heading\" id=\"h-2-case-markers-and-postpositions-a-distinctive-odia-feature\">2. Oznake pade\u017ea i postpozicije: Prepoznatljiva odijska osobina<\/h3>\n\n\n\n<p>Upe\u010datljiv aspekt odijske gramatike je upotreba pade\u017enih markera i postpozicija umjesto prijedloga. Uobi\u010dajeni markeri uklju\u010duju ku za akuzativne i dativne uloge, ra za genitiv, re za lokativ, ru za ablativ, saha za komitativ, dwara za instrumentalnu ili agentivnu i bol za svrhu. Razumijevanje kako se ovi markeri ve\u017eu za imenice i zamjenice klju\u010dno je za ta\u010dnu komunikaciju na odijskom jeziku.<\/p>\n\n\n\n<h3 class=\"wp-block-heading\" id=\"h-3-nouns-and-pronouns-gender-and-cases\">3. imenice i zamjenice: spol i slu\u010dajevi<\/h3>\n\n\n\n<p>Odia imenice nemaju gramati\u010dki rod, a mno\u017eina varira u zavisnosti od tipa imenice i konteksta. Ljudske i \u017eive imenice \u010desto imaju mno\u017einu sufiksa -mane, dok ne\u017eive imenice mogu koristiti -gudika ili ostati neozna\u010dene kada je mno\u017eina jasna iz konteksta. Zamjenice uklju\u010duju li\u010dne, posvojne, refleksivne, pokazne i upitne skupove, sa po\u010dasnim razlikama: mu I, tume you informal, apana you polite, se he or she, semane they. Posesivi uklju\u010duju <a href=\"https:\/\/talkpal.ai\/locations\/language-courses-in-mora\/\">mora<\/a> my, tora ur, apanangkara your polite, tara his or her. Upoznavanje s ovim oblicima i njihovim varijantama ozna\u010denim malim slovima zna\u010dajno \u0107e pobolj\u0161ati va\u0161e razumijevanje gramatike odija.<\/p>\n\n\n\n<h3 class=\"wp-block-heading\" id=\"h-4-verbs-structure-and-conjugation\">Glagoli: struktura i konjugacija<\/h3>\n\n\n\n<p>Odijski glagoli se savijaju za vrijeme, aspekt, na\u010din i slaganje, pri \u010demu po\u010dasni nivoi uti\u010du na glagolske oblike. Jezgro vremensko-aspektne formacije uklju\u010duju sada\u0161nju progresivnu u -uchi, jednostavnu pro\u0161lost u -ila i budu\u0107nost u -iba, zajedno sa slo\u017eenim konstrukcijama i pomo\u0107nim formacijama. Aktivno se koriste uslovna i imperativna raspolo\u017eenja. U\u010denje obrazaca konjugacije i kako oni djeluju na osobu i pristojnost pobolj\u0161at \u0107e va\u0161u sposobnost efikasne komunikacije na odijskom jeziku.<\/p>\n\n\n\n<h3 class=\"wp-block-heading\" id=\"h-5-adjectives-agreement-and-placement\">Pridjevi: Sporazum i smje\u0161taj<\/h3>\n\n\n\n<p>U odijskoj gramatici, pridjevi obi\u010dno prethode imenici koju mijenjaju i uglavnom se ne mijenjaju zbog broja ili roda. Komparativi i superlativi se obi\u010dno formiraju sa prilozima kao \u0161to su adhika more i sabutharu most, iako tatsama oblici tako\u0111er mogu koristiti sufikse u formalnim registrima. Ovladavanje ovim obrascima poma\u017ee govoru da zvu\u010di prirodno i idiomatski.<\/p>\n\n\n\n<p><strong>Primjeri:<\/strong><\/p>\n\n\n\n<p><strong>\u2013 Bada Prema (Velika ljubav)  <\/strong><\/p>\n\n\n\n<p><strong>\u2013 Chhota pilamane (mala djeca)<\/strong><\/p>\n\n\n\n<h3 class=\"wp-block-heading\" id=\"h-6-engaging-with-the-language\">b) Povezivanje sa jezikom<\/h3>\n\n\n\n<p>Najefikasniji na\u010din da se u potpunosti razumije i usvoji gramatika odijskog jezika je da se dosljedno anga\u017eujete s jezikom. \u010citaju\u0107i odijsku literaturu, gledaju\u0107i odijske filmove ili televizijske serije, prate\u0107i vijesti na odijskom jeziku i aktivno komuniciraju\u0107i sa izvornim govornicima, oja\u010dat \u0107ete svoje razumijevanje gramatike dok istovremeno pro\u0161irujete svoj vokabular.<\/p>\n\n\n\n<h3 class=\"wp-block-heading\" id=\"h-conclusion\">Zaklju\u010dak<\/h3>\n\n\n\n<p>Iako gramatika odijskog jezika mo\u017ee djelovati slo\u017eeno, mo\u017eete postati vje\u0161ti u ovom prelijepom jeziku uz posve\u0107enost, praksu i entuzijazam. Fokusiraju\u0107i se na osnovna pravila i anga\u017euju\u0107i se u jeziku u razli\u010ditim kontekstima, brzo \u0107ete unaprijediti <a href=\"https:\/\/talkpal.ai\/bs\/gramatika\/\">svoje gramati\u010dke vje\u0161tine<\/a> odija. Sretno (Subha kamana) na tvom putovanju odijskim jezikom i u\u017eivaj u otkrivanju elegantnog, ali o\u010daravaju\u0107eg svijeta odijskog gramatike!<\/p>\n<\/div><\/div>\n\r\n<section class=\"learnNavigationSection\">\r\n            \r\n        <a href=\"https:\/\/talkpal.ai\/bs\/nauci-oriyu\/\">\r\n            <div class=\"learnNavigationWrapper\">\r\n                <div class=\"learnNavigationContent\">\r\n                    <img decoding=\"async\" src=\"https:\/\/talkpal.ai\/wp-content\/uploads\/2025\/11\/Oriya.png\" alt=\"Indian Simplified Flag\">\r\n                    <div>\r\n                        <h4>O Odia Learningu<\/h4>\r\n                        <p>Saznajte sve o Odia Gramatici.<\/p>\r\n                    <\/div>\r\n                <\/div>\r\n            <\/div>\r\n        <\/a>\r\n\r\n        \r\n        <a href=\"https:\/\/talkpal.ai\/bs\/oriya-gramaticke-vjezbe\/\">\r\n            <div class=\"learnNavigationWrapper\">\r\n                <div class=\"learnNavigationContent\">\r\n                    <img decoding=\"async\" src=\"https:\/\/talkpal.ai\/wp-content\/uploads\/2025\/11\/Oriya.png\" alt=\"Indian Simplified Flag\">\r\n                    <div>\r\n                        <h4>Vje\u017eba gramatike odijskog jezika<\/h4>\r\n                        <p>Vje\u017ebajte gramatiku odijskog jezika.<\/p>\r\n                    <\/div>\r\n                <\/div>\r\n            <\/div>\r\n        <\/a>\r\n\r\n            <\/section>","protected":false},"excerpt":{"rendered":"<p>Snala\u017eenje u slo\u017eenostima odijske gramatike Odia, poznat i kao Odia, je indoarijski jezik sa bogatom knji\u017eevnom tradicijom i dubokim kulturnim korijenima u isto\u010dnoj Indiji. Nudi uzbudljivo lingvisti\u010dko iskustvo za u\u010denike \u017eeljne istra\u017eivanja njegovog prepoznatljivog gramati\u010dkog sistema. Dok ulazite u svijet Odije, ne samo da \u0107ete obogatiti svoj jezi\u010dki repertoar, ve\u0107 \u0107ete i prihvatiti fascinantno kulturno [&hellip;]<\/p>\n","protected":false},"author":20,"featured_media":0,"parent":0,"menu_order":0,"comment_status":"closed","ping_status":"closed","template":"LearningContentPage.php","meta":{"_acf_changed":false,"footnotes":""},"class_list":["post-1474026","page","type-page","status-publish","hentry"],"acf":[],"yoast_head":"<!-- This site is optimized with the Yoast SEO Premium plugin v27.2 (Yoast SEO v27.2) - https:\/\/yoast.com\/product\/yoast-seo-premium-wordpress\/ -->\n<title>Odijska gramatika - Talkpal<\/title>\n<meta name=\"description\" content=\"Savladajte osnove gramatike Odia jezika, uklju\u010duju\u0107i abecedu, oznake pade\u017ea i glagole, uz pomo\u0107 na\u0161eg sveobuhvatnog vodi\u010da za u\u010denje jezika.\" \/>\n<meta name=\"robots\" content=\"index, follow, max-snippet:-1, max-image-preview:large, max-video-preview:-1\" \/>\n<link rel=\"canonical\" href=\"https:\/\/talkpal.ai\/bs\/oriya-gramatika\/\" \/>\n<meta property=\"og:locale\" content=\"bs_BA\" \/>\n<meta property=\"og:type\" content=\"article\" \/>\n<meta property=\"og:title\" content=\"Odijska gramatika\" \/>\n<meta property=\"og:description\" content=\"Snala\u017eenje u slo\u017eenostima odijske gramatike Odia, poznat i kao Odia, je indoarijski jezik sa bogatom knji\u017eevnom tradicijom i dubokim kulturnim korijenima\" \/>\n<meta property=\"og:url\" content=\"https:\/\/talkpal.ai\/bs\/oriya-gramatika\/\" \/>\n<meta property=\"og:site_name\" content=\"Talkpal\" \/>\n<meta property=\"article:publisher\" content=\"https:\/\/www.facebook.com\/profile.php?id=100090733639311\" \/>\n<meta property=\"article:modified_time\" content=\"2025-12-30T12:46:02+00:00\" \/>\n<meta property=\"og:image\" content=\"https:\/\/talkpal.ai\/wp-content\/uploads\/2025\/02\/Progress-tab-16_9.png\" \/>\n\t<meta property=\"og:image:width\" content=\"2880\" \/>\n\t<meta property=\"og:image:height\" content=\"1620\" \/>\n\t<meta property=\"og:image:type\" content=\"image\/png\" \/>\n<meta name=\"twitter:card\" content=\"summary_large_image\" \/>\n<meta name=\"twitter:site\" content=\"@talkpalai\" \/>\n<meta name=\"twitter:label1\" content=\"Est. reading time\" \/>\n\t<meta name=\"twitter:data1\" content=\"3 minute\" \/>\n<script type=\"application\/ld+json\" class=\"yoast-schema-graph\">{\"@context\":\"https:\/\/schema.org\",\"@graph\":[{\"@type\":\"WebPage\",\"@id\":\"https:\/\/talkpal.ai\/bs\/oriya-gramatika\/\",\"url\":\"https:\/\/talkpal.ai\/bs\/oriya-gramatika\/\",\"name\":\"Odijska gramatika - Talkpal\",\"isPartOf\":{\"@id\":\"https:\/\/talkpal.ai\/bs\/#website\"},\"datePublished\":\"2025-11-12T16:07:26+00:00\",\"dateModified\":\"2025-12-30T12:46:02+00:00\",\"description\":\"Savladajte osnove gramatike Odia jezika, uklju\u010duju\u0107i abecedu, oznake pade\u017ea i glagole, uz pomo\u0107 na\u0161eg sveobuhvatnog vodi\u010da za u\u010denje jezika.\",\"breadcrumb\":{\"@id\":\"https:\/\/talkpal.ai\/bs\/oriya-gramatika\/#breadcrumb\"},\"inLanguage\":\"bs-BA\",\"potentialAction\":[{\"@type\":\"ReadAction\",\"target\":[\"https:\/\/talkpal.ai\/bs\/oriya-gramatika\/\"]}]},{\"@type\":\"BreadcrumbList\",\"@id\":\"https:\/\/talkpal.ai\/bs\/oriya-gramatika\/#breadcrumb\",\"itemListElement\":[{\"@type\":\"ListItem\",\"position\":1,\"name\":\"Homepage\",\"item\":\"https:\/\/talkpal.ai\/bs\/\"},{\"@type\":\"ListItem\",\"position\":2,\"name\":\"Odijska gramatika\"}]},{\"@type\":\"WebSite\",\"@id\":\"https:\/\/talkpal.ai\/bs\/#website\",\"url\":\"https:\/\/talkpal.ai\/bs\/\",\"name\":\"Talkpal\",\"description\":\"AI Language Learning\",\"publisher\":{\"@id\":\"https:\/\/talkpal.ai\/bs\/#organization\"},\"alternateName\":\"Talkpal AI\",\"potentialAction\":[{\"@type\":\"SearchAction\",\"target\":{\"@type\":\"EntryPoint\",\"urlTemplate\":\"https:\/\/talkpal.ai\/bs\/?s={search_term_string}\"},\"query-input\":{\"@type\":\"PropertyValueSpecification\",\"valueRequired\":true,\"valueName\":\"search_term_string\"}}],\"inLanguage\":\"bs-BA\"},{\"@type\":\"Organization\",\"@id\":\"https:\/\/talkpal.ai\/bs\/#organization\",\"name\":\"Talkpal, Inc.\",\"alternateName\":\"Talkpal AI\",\"url\":\"https:\/\/talkpal.ai\/bs\/\",\"logo\":{\"@type\":\"ImageObject\",\"inLanguage\":\"bs-BA\",\"@id\":\"https:\/\/talkpal.ai\/bs\/#\/schema\/logo\/image\/\",\"url\":\"https:\/\/talkpal.ai\/wp-content\/uploads\/2024\/03\/Talkpal-Logo-Icon.png\",\"contentUrl\":\"https:\/\/talkpal.ai\/wp-content\/uploads\/2024\/03\/Talkpal-Logo-Icon.png\",\"width\":2880,\"height\":2880,\"caption\":\"Talkpal, Inc.\"},\"image\":{\"@id\":\"https:\/\/talkpal.ai\/bs\/#\/schema\/logo\/image\/\"},\"sameAs\":[\"https:\/\/www.facebook.com\/profile.php?id=100090733639311\",\"https:\/\/x.com\/talkpalai\",\"https:\/\/www.linkedin.com\/company\/talkpal\/\",\"https:\/\/www.youtube.com\/@TalkPal\/\",\"https:\/\/www.tiktok.com\/@talkpal\",\"https:\/\/www.instagram.com\/talkpal_ai\/\",\"https:\/\/www.crunchbase.com\/organization\/talkpal-9cde\",\"https:\/\/www.g2.com\/products\/talkpal-for-business\/\",\"https:\/\/www.trustpilot.com\/review\/talkpal.ai\",\"https:\/\/www.capterra.com\/p\/10006800\/TalkPal\/\"],\"description\":\"Talkpal is a language learning web and mobile education app, powered by the latest AI technologies, that provides engaging experiences to its customers in many different languages to help them improve their language skills. Users can chat about unlimited amount of topics with the app and use other modes to practice their language learning.\",\"email\":\"support@talkpal.ai\",\"legalName\":\"Talkpal, Inc.\",\"foundingDate\":\"2023-04-03\",\"duns\":\"118989042\",\"numberOfEmployees\":{\"@type\":\"QuantitativeValue\",\"minValue\":\"11\",\"maxValue\":\"50\"},\"publishingPrinciples\":\"https:\/\/talkpal.ai\/publishing-principles\/\",\"actionableFeedbackPolicy\":\"https:\/\/talkpal.ai\/actionable-feedback-policy\/\",\"correctionsPolicy\":\"https:\/\/talkpal.ai\/corrections-policy\/\",\"ethicsPolicy\":\"https:\/\/talkpal.ai\/ethics-policy\/\",\"diversityPolicy\":\"https:\/\/talkpal.ai\/diversity-policy\/\",\"diversityStaffingReport\":\"https:\/\/talkpal.ai\/diversity-policy\/\"}]}<\/script>\n<!-- \/ Yoast SEO Premium plugin. -->","yoast_head_json":{"title":"Odijska gramatika - Talkpal","description":"Savladajte osnove gramatike Odia jezika, uklju\u010duju\u0107i abecedu, oznake pade\u017ea i glagole, uz pomo\u0107 na\u0161eg sveobuhvatnog vodi\u010da za u\u010denje jezika.","robots":{"index":"index","follow":"follow","max-snippet":"max-snippet:-1","max-image-preview":"max-image-preview:large","max-video-preview":"max-video-preview:-1"},"canonical":"https:\/\/talkpal.ai\/bs\/oriya-gramatika\/","og_locale":"bs_BA","og_type":"article","og_title":"Odijska gramatika","og_description":"Snala\u017eenje u slo\u017eenostima odijske gramatike Odia, poznat i kao Odia, je indoarijski jezik sa bogatom knji\u017eevnom tradicijom i dubokim kulturnim korijenima","og_url":"https:\/\/talkpal.ai\/bs\/oriya-gramatika\/","og_site_name":"Talkpal","article_publisher":"https:\/\/www.facebook.com\/profile.php?id=100090733639311","article_modified_time":"2025-12-30T12:46:02+00:00","og_image":[{"width":2880,"height":1620,"url":"https:\/\/talkpal.ai\/wp-content\/uploads\/2025\/02\/Progress-tab-16_9.png","type":"image\/png"}],"twitter_card":"summary_large_image","twitter_site":"@talkpalai","twitter_misc":{"Est. reading time":"3 minute"},"schema":{"@context":"https:\/\/schema.org","@graph":[{"@type":"WebPage","@id":"https:\/\/talkpal.ai\/bs\/oriya-gramatika\/","url":"https:\/\/talkpal.ai\/bs\/oriya-gramatika\/","name":"Odijska gramatika - Talkpal","isPartOf":{"@id":"https:\/\/talkpal.ai\/bs\/#website"},"datePublished":"2025-11-12T16:07:26+00:00","dateModified":"2025-12-30T12:46:02+00:00","description":"Savladajte osnove gramatike Odia jezika, uklju\u010duju\u0107i abecedu, oznake pade\u017ea i glagole, uz pomo\u0107 na\u0161eg sveobuhvatnog vodi\u010da za u\u010denje jezika.","breadcrumb":{"@id":"https:\/\/talkpal.ai\/bs\/oriya-gramatika\/#breadcrumb"},"inLanguage":"bs-BA","potentialAction":[{"@type":"ReadAction","target":["https:\/\/talkpal.ai\/bs\/oriya-gramatika\/"]}]},{"@type":"BreadcrumbList","@id":"https:\/\/talkpal.ai\/bs\/oriya-gramatika\/#breadcrumb","itemListElement":[{"@type":"ListItem","position":1,"name":"Homepage","item":"https:\/\/talkpal.ai\/bs\/"},{"@type":"ListItem","position":2,"name":"Odijska gramatika"}]},{"@type":"WebSite","@id":"https:\/\/talkpal.ai\/bs\/#website","url":"https:\/\/talkpal.ai\/bs\/","name":"Talkpal","description":"AI Language Learning","publisher":{"@id":"https:\/\/talkpal.ai\/bs\/#organization"},"alternateName":"Talkpal AI","potentialAction":[{"@type":"SearchAction","target":{"@type":"EntryPoint","urlTemplate":"https:\/\/talkpal.ai\/bs\/?s={search_term_string}"},"query-input":{"@type":"PropertyValueSpecification","valueRequired":true,"valueName":"search_term_string"}}],"inLanguage":"bs-BA"},{"@type":"Organization","@id":"https:\/\/talkpal.ai\/bs\/#organization","name":"Talkpal, Inc.","alternateName":"Talkpal AI","url":"https:\/\/talkpal.ai\/bs\/","logo":{"@type":"ImageObject","inLanguage":"bs-BA","@id":"https:\/\/talkpal.ai\/bs\/#\/schema\/logo\/image\/","url":"https:\/\/talkpal.ai\/wp-content\/uploads\/2024\/03\/Talkpal-Logo-Icon.png","contentUrl":"https:\/\/talkpal.ai\/wp-content\/uploads\/2024\/03\/Talkpal-Logo-Icon.png","width":2880,"height":2880,"caption":"Talkpal, Inc."},"image":{"@id":"https:\/\/talkpal.ai\/bs\/#\/schema\/logo\/image\/"},"sameAs":["https:\/\/www.facebook.com\/profile.php?id=100090733639311","https:\/\/x.com\/talkpalai","https:\/\/www.linkedin.com\/company\/talkpal\/","https:\/\/www.youtube.com\/@TalkPal\/","https:\/\/www.tiktok.com\/@talkpal","https:\/\/www.instagram.com\/talkpal_ai\/","https:\/\/www.crunchbase.com\/organization\/talkpal-9cde","https:\/\/www.g2.com\/products\/talkpal-for-business\/","https:\/\/www.trustpilot.com\/review\/talkpal.ai","https:\/\/www.capterra.com\/p\/10006800\/TalkPal\/"],"description":"Talkpal is a language learning web and mobile education app, powered by the latest AI technologies, that provides engaging experiences to its customers in many different languages to help them improve their language skills. Users can chat about unlimited amount of topics with the app and use other modes to practice their language learning.","email":"support@talkpal.ai","legalName":"Talkpal, Inc.","foundingDate":"2023-04-03","duns":"118989042","numberOfEmployees":{"@type":"QuantitativeValue","minValue":"11","maxValue":"50"},"publishingPrinciples":"https:\/\/talkpal.ai\/publishing-principles\/","actionableFeedbackPolicy":"https:\/\/talkpal.ai\/actionable-feedback-policy\/","correctionsPolicy":"https:\/\/talkpal.ai\/corrections-policy\/","ethicsPolicy":"https:\/\/talkpal.ai\/ethics-policy\/","diversityPolicy":"https:\/\/talkpal.ai\/diversity-policy\/","diversityStaffingReport":"https:\/\/talkpal.ai\/diversity-policy\/"}]}},"_links":{"self":[{"href":"https:\/\/talkpal.ai\/bs\/wp-json\/wp\/v2\/pages\/1474026","targetHints":{"allow":["GET"]}}],"collection":[{"href":"https:\/\/talkpal.ai\/bs\/wp-json\/wp\/v2\/pages"}],"about":[{"href":"https:\/\/talkpal.ai\/bs\/wp-json\/wp\/v2\/types\/page"}],"author":[{"embeddable":true,"href":"https:\/\/talkpal.ai\/bs\/wp-json\/wp\/v2\/users\/20"}],"replies":[{"embeddable":true,"href":"https:\/\/talkpal.ai\/bs\/wp-json\/wp\/v2\/comments?post=1474026"}],"version-history":[{"count":0,"href":"https:\/\/talkpal.ai\/bs\/wp-json\/wp\/v2\/pages\/1474026\/revisions"}],"wp:attachment":[{"href":"https:\/\/talkpal.ai\/bs\/wp-json\/wp\/v2\/media?parent=1474026"}],"curies":[{"name":"wp","href":"https:\/\/api.w.org\/{rel}","templated":true}]}}