{"id":1473940,"date":"2025-11-12T15:39:07","date_gmt":"2025-11-12T15:39:07","guid":{"rendered":"https:\/\/talkpal.ai\/malteska-gramatika\/"},"modified":"2025-12-30T14:00:24","modified_gmt":"2025-12-30T14:00:24","slug":"malteska-gramatika","status":"publish","type":"page","link":"https:\/\/talkpal.ai\/bs\/malteska-gramatika\/","title":{"rendered":"Malte\u0161ka gramatika"},"content":{"rendered":"\r\n\r\n\r\n<section class=\"languageChallengeSection\">\r\n    <div class=\"languageInfoWrapper\">\r\n        \r\n        <h1>Malte\u0161ka gramatika<\/h1>\r\n        <p><a href=\"https:\/\/talkpal.ai\/hr\/malteska-gramatika\/\">Malte\u0161ka gramatika<\/a> se u po\u010detku mo\u017ee \u010diniti izazovnom, ali njene jedinstvene karakteristike \u010dine u\u010denje jezika korisnim iskustvom. Istra\u017euju\u0107i njegovu abecedu, mutacije i gramati\u010dka pravila, ste\u0107i \u0107ete uvid u bogatu jezi\u010dku tradiciju. Zapo\u010dnite svoje putovanje i otkrijte ljepotu malte\u0161kog!<\/p>\r\n\r\n                            <a class=\"getStartedHidden\" href=\"https:\/\/app.talkpal.ai\/signup?lng=\">Kreni<\/a>\r\n        \r\n    <\/div>\r\n\r\n    <figure>\r\n    <img decoding=\"async\" width=\"768\" height=\"768\" src=\"https:\/\/talkpal.ai\/wp-content\/uploads\/2023\/06\/welsh-768x768.png\" class=\"languageImage no-lazy\" alt=\"Language learning for better cognitive abilities\" fetchpriority=\"high\" sizes=\"(max-width: 768px) 150px, 768px\" srcset=\"https:\/\/talkpal.ai\/wp-content\/uploads\/2023\/06\/welsh-768x768.png 768w, https:\/\/talkpal.ai\/wp-content\/uploads\/2023\/06\/welsh-300x300.png 300w\" \/>\r\n    \r\n\r\n    <\/figure>\r\n\r\n            <a class=\"getStartedVisible\" href=\"https:\/\/app.talkpal.ai\/signup?lng=\">Kreni<\/a>\r\n    \r\n<\/section><section class=\"promotionalBanner\">\r\n    <p class=\"promotionalText\">Najefikasniji na\u010din za u\u010denje jezika<\/p>\r\n    <a class=\"promotionalLink\" href=\"https:\/\/app.talkpal.ai\/signup?lng=\">Isprobajte Talkpal besplatno<\/a>\r\n<\/section>\n<div class=\"wp-block-group pageContainerStyle\"><div class=\"wp-block-group__inner-container is-layout-constrained wp-block-group-is-layout-constrained\">\n<h2 class=\"wp-block-heading\" id=\"h-navigating-the-intricacies-of-maltese-grammar\">Navigacija kroz zamr\u0161enost malte\u0161ke gramatike<\/h2>\n\n\n\n<p><a href=\"https:\/\/talkpal.ai\/bs\/naucite-malteski\/\">Malte\u0161ki<\/a>, semitski jezik s dubokim mediteranskim korijenima i \u017eivahnim kulturnim zna\u010dajem, nudi uzbudljivo lingvisti\u010dko iskustvo za one koji \u017eele istra\u017eiti njegov jedinstveni gramati\u010dki sistem. Dok se upu\u0161tate u carstvo malte\u0161kog, ne samo da \u0107ete obogatiti svoj lingvisti\u010dki repertoar, ve\u0107 \u0107ete i prigrliti fascinantno kulturno putovanje. Iako se malte\u0161ka <a href=\"https:\/\/talkpal.ai\/sq\/gramatika\/\">gramatika<\/a> mo\u017ee \u010diniti kompliciranom u po\u010detku, ra\u0161\u010dlanjivanje na osnovne komponente \u010dini u\u010denje jezika pristupa\u010dnijim. U ovom \u010dlanku \u0107emo istra\u017eiti zadivljuju\u0107i svijet malte\u0161ke gramatike i pru\u017eiti savjete o tome kako savladati njezinu slo\u017eenost.<\/p>\n\n\n\n<h3 class=\"wp-block-heading\" id=\"h-1-maltese-alphabet-and-phonetics\">1. Malte\u0161ka abeceda i fonetika<\/h3>\n\n\n\n<p>Malte\u0161ka abeceda se sastoji od 30 slova, od kojih su neka jedinstvena za jezik, kao \u0161to su &#8220;g\u0127&#8221;, &#8220;\u0127&#8221;, &#8220;q&#8221;, &#8220;\u010b&#8221;, &#8220;\u0121&#8221;, &#8220;\u017c&#8221; i &#8220;x&#8221;. Da biste nau\u010dili malte\u0161ku gramatiku, klju\u010dno je da se upoznate sa ovim prepoznatljivim sistemom pisanja vje\u017ebaju\u0107i \u010ditanje i pisanje na malte\u0161kom.<\/p>\n\n\n\n<h3 class=\"wp-block-heading\" id=\"h-2-assimilation-a-peculiar-maltese-feature\">2. Asimilacija: Osebujna malte\u0161ka karakteristika<\/h3>\n\n\n\n<p>Jedan od karakteristi\u010dnih aspekata malte\u0161ke gramatike je asimilacija odre\u0111enog \u010dlana i srodnih zvu\u010dnih promjena. \u010clan &#8220;il-&#8221; ili &#8220;l-&#8221; \u010desto se asimilira sa po\u010detnim suglasnikom odre\u0111enih imenica, stvaraju\u0107i udvostru\u010deni zvuk, kao u il + ra\u0121el = ir-ra\u0121el i il + sieg\u0127a = is-sieg\u0127a. Prijedlozi i \u010dlan tako\u0111er tvore kontrakcije, kao \u0161to su ta&#8217; + il = tal. Razumijevanje kada i kako se ove asimilacije i kontrakcije javljaju je od vitalnog zna\u010daja za ta\u010dnu komunikaciju na malte\u0161kom jeziku.<\/p>\n\n\n\n<h3 class=\"wp-block-heading\" id=\"h-3-nouns-and-pronouns-gender-and-cases\">3. imenice i zamjenice: spol i slu\u010dajevi<\/h3>\n\n\n\n<p>Malte\u0161ke imenice imaju gramati\u010dki rod (mu\u0161kog ili \u017eenskog roda) i koriste razli\u010dite strategije formiranja mno\u017eine, uklju\u010duju\u0107i sufikse kao \u0161to su -i i -ijiet, kao i slomljene mno\u017eine formirane unutra\u0161njim promjenama samoglasnika. Zamjenice u malte\u0161kom jeziku uklju\u010duju li\u010dne (jien, inti, hu, hi, a\u0127na, intom, huma), posvojne oblike koji se \u010desto grade sa ta&#8217; ili pronominalnim sufiksima, refleksivne i nagla\u0161ene oblike, pokazne oblike (dan, din, zora, dak, dik, dawk) i upitne oblike (min, x&#8217;, fejn, meta). Upoznavanje sa ovim zamjenicama i njihovim oblicima zna\u010dajno \u0107e pobolj\u0161ati va\u0161e razumijevanje malte\u0161ke gramatike.<\/p>\n\n\n\n<h3 class=\"wp-block-heading\" id=\"h-4-verbs-structure-and-conjugation\">Glagoli: struktura i konjugacija<\/h3>\n\n\n\n<p><a href=\"https:\/\/talkpal.ai\/learn-maltese\/\">Malte\u0161ki<\/a> glagoli su izgra\u0111eni na korijenima i obrascima i konjugiraju za osobu, broj, a ponekad i rod. Jezgro stabljike ozna\u010dava pro\u0161lost i ne-pro\u0161lost, a budu\u0107nost je \u010desto ozna\u010dena \u010desticom se. Dodatni elementi uklju\u010duju kondicional sa kieku i imperativne oblike. Objektne zamjenice se mogu prilo\u017eiti glagolima, kao u rajtek (vidio sam te). U\u010denje glagolskih konjugacijskih obrazaca, \u010destica i negacije sa ma&#8230; x \u0107e pobolj\u0161ati va\u0161u sposobnost da efikasno komunicirate na malte\u0161kom.<\/p>\n\n\n\n<h3 class=\"wp-block-heading\" id=\"h-5-adjectives-agreement-and-placement\">Pridjevi: Sporazum i smje\u0161taj<\/h3>\n\n\n\n<p>U malte\u0161koj gramatici, pridjevi obi\u010dno slijede imenicu koju modificiraju i sla\u017eu se u rodu i broju sa imenicom. Mnogi pridjevi formiraju varijante \u017eenskog i mno\u017eine, a komparativi i superlativi se obi\u010dno izra\u017eavaju sa aktar ili i\u017cjed, zajedno sa nekoliko nepravilnih oblika kao \u0161to su a\u0127jar i ag\u0127ar, koji su neophodni za u\u010denje prirodnije komunikacije.<\/p>\n\n\n\n<p><strong>Primjeri:<\/strong><\/p>\n\n\n\n<p><strong>\u2013 im\u0127abba kbira (velika ljubav)<\/strong><\/p>\n\n\n\n<p><strong>\u2013 tfal \u017cg\u0127ar (mala djeca)<\/strong><\/p>\n\n\n\n<h3 class=\"wp-block-heading\" id=\"h-6-engaging-with-the-language\">b) Povezivanje sa jezikom<\/h3>\n\n\n\n<p>Najefikasniji na\u010din da se u potpunosti razumije i internalizira malte\u0161ka gramatika je dosljedno bavljenje jezikom. \u010citaju\u0107i malte\u0161ku knji\u017eevnost, gledaju\u0107i malte\u0161ke filmove ili televizijske serije, i aktivno komuniciraju\u0107i sa izvornim govornicima, oja\u010dat \u0107ete svoje razumijevanje gramatike dok pro\u0161irujete svoj vokabular.<\/p>\n\n\n\n<h3 class=\"wp-block-heading\" id=\"h-conclusion\">Zaklju\u010dak<\/h3>\n\n\n\n<p>Iako se malte\u0161ka gramatika mo\u017ee \u010diniti zamr\u0161enom, mo\u017eete postati vje\u0161ti u ovom prekrasnom jeziku uz predanost, praksu i entuzijazam. Fokusiraju\u0107i se na osnovna pravila i anga\u017eiraju\u0107i se s jezikom u razli\u010ditim kontekstima, brzo \u0107ete pobolj\u0161ati <a href=\"https:\/\/talkpal.ai\/bs\/gramatika\/\">svoje malte\u0161ke gramati\u010dke vje\u0161tine<\/a>. Xorti tajba (sretno) sa svojim malte\u0161kim jezi\u010dnim putovanjem, i u\u017eivajte u otkrivanju zagonetnog, ali zadivljuju\u0107eg svijeta malte\u0161ke gramatike!<\/p>\n<\/div><\/div>\n\r\n<section class=\"learnNavigationSection\">\r\n            \r\n        <a href=\"https:\/\/talkpal.ai\/bs\/naucite-malteski\/\">\r\n            <div class=\"learnNavigationWrapper\">\r\n                <div class=\"learnNavigationContent\">\r\n                    <img decoding=\"async\" src=\"https:\/\/talkpal.ai\/wp-content\/uploads\/2025\/11\/Maltese.png\" alt=\"Maltese Flag\">\r\n                    <div>\r\n                        <h4>O u\u010denju malte\u0161kog jezika<\/h4>\r\n                        <p>Saznajte sve o malte\u0161koj gramatici.<\/p>\r\n                    <\/div>\r\n                <\/div>\r\n            <\/div>\r\n        <\/a>\r\n\r\n        \r\n        <a href=\"https:\/\/talkpal.ai\/bs\/malteske-gramaticke-vjezbe\/\">\r\n            <div class=\"learnNavigationWrapper\">\r\n                <div class=\"learnNavigationContent\">\r\n                    <img decoding=\"async\" src=\"https:\/\/talkpal.ai\/wp-content\/uploads\/2025\/11\/Maltese.png\" alt=\"Maltese Flag\">\r\n                    <div>\r\n                        <h4>Malte\u0161ka gramati\u010dka vje\u017eba<\/h4>\r\n                        <p>Vje\u017ebajte malte\u0161ku gramatiku.<\/p>\r\n                    <\/div>\r\n                <\/div>\r\n            <\/div>\r\n        <\/a>\r\n\r\n            <\/section>","protected":false},"excerpt":{"rendered":"<p>Navigacija kroz zamr\u0161enost malte\u0161ke gramatike Malte\u0161ki, semitski jezik s dubokim mediteranskim korijenima i \u017eivahnim kulturnim zna\u010dajem, nudi uzbudljivo lingvisti\u010dko iskustvo za one koji \u017eele istra\u017eiti njegov jedinstveni gramati\u010dki sistem. Dok se upu\u0161tate u carstvo malte\u0161kog, ne samo da \u0107ete obogatiti svoj lingvisti\u010dki repertoar, ve\u0107 \u0107ete i prigrliti fascinantno kulturno putovanje. Iako se malte\u0161ka gramatika mo\u017ee [&hellip;]<\/p>\n","protected":false},"author":20,"featured_media":0,"parent":0,"menu_order":0,"comment_status":"closed","ping_status":"closed","template":"LearningContentPage.php","meta":{"_acf_changed":false,"footnotes":""},"class_list":["post-1473940","page","type-page","status-publish","hentry"],"acf":[],"yoast_head":"<!-- This site is optimized with the Yoast SEO Premium plugin v27.2 (Yoast SEO v27.2) - https:\/\/yoast.com\/product\/yoast-seo-premium-wordpress\/ -->\n<title>Malte\u0161ka gramatika - Talkpal<\/title>\n<meta name=\"description\" content=\"Otkrijte tajne malte\u0161ke gramatike savladavanjem abecede, fonetike, glagolskih obrazaca i osnovnih pravila za te\u010dnost govora.\" \/>\n<meta name=\"robots\" content=\"index, follow, max-snippet:-1, max-image-preview:large, max-video-preview:-1\" \/>\n<link rel=\"canonical\" href=\"https:\/\/talkpal.ai\/bs\/malteska-gramatika\/\" \/>\n<meta property=\"og:locale\" content=\"bs_BA\" \/>\n<meta property=\"og:type\" content=\"article\" \/>\n<meta property=\"og:title\" content=\"Malte\u0161ka gramatika\" \/>\n<meta property=\"og:description\" content=\"Navigacija kroz zamr\u0161enost malte\u0161ke gramatike Malte\u0161ki, semitski jezik s dubokim mediteranskim korijenima i \u017eivahnim kulturnim zna\u010dajem, nudi uzbudljivo\" \/>\n<meta property=\"og:url\" content=\"https:\/\/talkpal.ai\/bs\/malteska-gramatika\/\" \/>\n<meta property=\"og:site_name\" content=\"Talkpal\" \/>\n<meta property=\"article:publisher\" content=\"https:\/\/www.facebook.com\/profile.php?id=100090733639311\" \/>\n<meta property=\"article:modified_time\" content=\"2025-12-30T14:00:24+00:00\" \/>\n<meta property=\"og:image\" content=\"https:\/\/talkpal.ai\/wp-content\/uploads\/2025\/02\/Progress-tab-16_9.png\" \/>\n\t<meta property=\"og:image:width\" content=\"2880\" \/>\n\t<meta property=\"og:image:height\" content=\"1620\" \/>\n\t<meta property=\"og:image:type\" content=\"image\/png\" \/>\n<meta name=\"twitter:card\" content=\"summary_large_image\" \/>\n<meta name=\"twitter:site\" content=\"@talkpalai\" \/>\n<meta name=\"twitter:label1\" content=\"Est. reading time\" \/>\n\t<meta name=\"twitter:data1\" content=\"3 minute\" \/>\n<script type=\"application\/ld+json\" class=\"yoast-schema-graph\">{\"@context\":\"https:\/\/schema.org\",\"@graph\":[{\"@type\":\"WebPage\",\"@id\":\"https:\/\/talkpal.ai\/bs\/malteska-gramatika\/\",\"url\":\"https:\/\/talkpal.ai\/bs\/malteska-gramatika\/\",\"name\":\"Malte\u0161ka gramatika - Talkpal\",\"isPartOf\":{\"@id\":\"https:\/\/talkpal.ai\/bs\/#website\"},\"datePublished\":\"2025-11-12T15:39:07+00:00\",\"dateModified\":\"2025-12-30T14:00:24+00:00\",\"description\":\"Otkrijte tajne malte\u0161ke gramatike savladavanjem abecede, fonetike, glagolskih obrazaca i osnovnih pravila za te\u010dnost govora.\",\"breadcrumb\":{\"@id\":\"https:\/\/talkpal.ai\/bs\/malteska-gramatika\/#breadcrumb\"},\"inLanguage\":\"bs-BA\",\"potentialAction\":[{\"@type\":\"ReadAction\",\"target\":[\"https:\/\/talkpal.ai\/bs\/malteska-gramatika\/\"]}]},{\"@type\":\"BreadcrumbList\",\"@id\":\"https:\/\/talkpal.ai\/bs\/malteska-gramatika\/#breadcrumb\",\"itemListElement\":[{\"@type\":\"ListItem\",\"position\":1,\"name\":\"Homepage\",\"item\":\"https:\/\/talkpal.ai\/bs\/\"},{\"@type\":\"ListItem\",\"position\":2,\"name\":\"Malte\u0161ka gramatika\"}]},{\"@type\":\"WebSite\",\"@id\":\"https:\/\/talkpal.ai\/bs\/#website\",\"url\":\"https:\/\/talkpal.ai\/bs\/\",\"name\":\"Talkpal\",\"description\":\"AI Language Learning\",\"publisher\":{\"@id\":\"https:\/\/talkpal.ai\/bs\/#organization\"},\"alternateName\":\"Talkpal AI\",\"potentialAction\":[{\"@type\":\"SearchAction\",\"target\":{\"@type\":\"EntryPoint\",\"urlTemplate\":\"https:\/\/talkpal.ai\/bs\/?s={search_term_string}\"},\"query-input\":{\"@type\":\"PropertyValueSpecification\",\"valueRequired\":true,\"valueName\":\"search_term_string\"}}],\"inLanguage\":\"bs-BA\"},{\"@type\":\"Organization\",\"@id\":\"https:\/\/talkpal.ai\/bs\/#organization\",\"name\":\"Talkpal, Inc.\",\"alternateName\":\"Talkpal AI\",\"url\":\"https:\/\/talkpal.ai\/bs\/\",\"logo\":{\"@type\":\"ImageObject\",\"inLanguage\":\"bs-BA\",\"@id\":\"https:\/\/talkpal.ai\/bs\/#\/schema\/logo\/image\/\",\"url\":\"https:\/\/talkpal.ai\/wp-content\/uploads\/2024\/03\/Talkpal-Logo-Icon.png\",\"contentUrl\":\"https:\/\/talkpal.ai\/wp-content\/uploads\/2024\/03\/Talkpal-Logo-Icon.png\",\"width\":2880,\"height\":2880,\"caption\":\"Talkpal, Inc.\"},\"image\":{\"@id\":\"https:\/\/talkpal.ai\/bs\/#\/schema\/logo\/image\/\"},\"sameAs\":[\"https:\/\/www.facebook.com\/profile.php?id=100090733639311\",\"https:\/\/x.com\/talkpalai\",\"https:\/\/www.linkedin.com\/company\/talkpal\/\",\"https:\/\/www.youtube.com\/@TalkPal\/\",\"https:\/\/www.tiktok.com\/@talkpal\",\"https:\/\/www.instagram.com\/talkpal_ai\/\",\"https:\/\/www.crunchbase.com\/organization\/talkpal-9cde\",\"https:\/\/www.g2.com\/products\/talkpal-for-business\/\",\"https:\/\/www.trustpilot.com\/review\/talkpal.ai\",\"https:\/\/www.capterra.com\/p\/10006800\/TalkPal\/\"],\"description\":\"Talkpal is a language learning web and mobile education app, powered by the latest AI technologies, that provides engaging experiences to its customers in many different languages to help them improve their language skills. Users can chat about unlimited amount of topics with the app and use other modes to practice their language learning.\",\"email\":\"support@talkpal.ai\",\"legalName\":\"Talkpal, Inc.\",\"foundingDate\":\"2023-04-03\",\"duns\":\"118989042\",\"numberOfEmployees\":{\"@type\":\"QuantitativeValue\",\"minValue\":\"11\",\"maxValue\":\"50\"},\"publishingPrinciples\":\"https:\/\/talkpal.ai\/publishing-principles\/\",\"actionableFeedbackPolicy\":\"https:\/\/talkpal.ai\/actionable-feedback-policy\/\",\"correctionsPolicy\":\"https:\/\/talkpal.ai\/corrections-policy\/\",\"ethicsPolicy\":\"https:\/\/talkpal.ai\/ethics-policy\/\",\"diversityPolicy\":\"https:\/\/talkpal.ai\/diversity-policy\/\",\"diversityStaffingReport\":\"https:\/\/talkpal.ai\/diversity-policy\/\"}]}<\/script>\n<!-- \/ Yoast SEO Premium plugin. -->","yoast_head_json":{"title":"Malte\u0161ka gramatika - Talkpal","description":"Otkrijte tajne malte\u0161ke gramatike savladavanjem abecede, fonetike, glagolskih obrazaca i osnovnih pravila za te\u010dnost govora.","robots":{"index":"index","follow":"follow","max-snippet":"max-snippet:-1","max-image-preview":"max-image-preview:large","max-video-preview":"max-video-preview:-1"},"canonical":"https:\/\/talkpal.ai\/bs\/malteska-gramatika\/","og_locale":"bs_BA","og_type":"article","og_title":"Malte\u0161ka gramatika","og_description":"Navigacija kroz zamr\u0161enost malte\u0161ke gramatike Malte\u0161ki, semitski jezik s dubokim mediteranskim korijenima i \u017eivahnim kulturnim zna\u010dajem, nudi uzbudljivo","og_url":"https:\/\/talkpal.ai\/bs\/malteska-gramatika\/","og_site_name":"Talkpal","article_publisher":"https:\/\/www.facebook.com\/profile.php?id=100090733639311","article_modified_time":"2025-12-30T14:00:24+00:00","og_image":[{"width":2880,"height":1620,"url":"https:\/\/talkpal.ai\/wp-content\/uploads\/2025\/02\/Progress-tab-16_9.png","type":"image\/png"}],"twitter_card":"summary_large_image","twitter_site":"@talkpalai","twitter_misc":{"Est. reading time":"3 minute"},"schema":{"@context":"https:\/\/schema.org","@graph":[{"@type":"WebPage","@id":"https:\/\/talkpal.ai\/bs\/malteska-gramatika\/","url":"https:\/\/talkpal.ai\/bs\/malteska-gramatika\/","name":"Malte\u0161ka gramatika - Talkpal","isPartOf":{"@id":"https:\/\/talkpal.ai\/bs\/#website"},"datePublished":"2025-11-12T15:39:07+00:00","dateModified":"2025-12-30T14:00:24+00:00","description":"Otkrijte tajne malte\u0161ke gramatike savladavanjem abecede, fonetike, glagolskih obrazaca i osnovnih pravila za te\u010dnost govora.","breadcrumb":{"@id":"https:\/\/talkpal.ai\/bs\/malteska-gramatika\/#breadcrumb"},"inLanguage":"bs-BA","potentialAction":[{"@type":"ReadAction","target":["https:\/\/talkpal.ai\/bs\/malteska-gramatika\/"]}]},{"@type":"BreadcrumbList","@id":"https:\/\/talkpal.ai\/bs\/malteska-gramatika\/#breadcrumb","itemListElement":[{"@type":"ListItem","position":1,"name":"Homepage","item":"https:\/\/talkpal.ai\/bs\/"},{"@type":"ListItem","position":2,"name":"Malte\u0161ka gramatika"}]},{"@type":"WebSite","@id":"https:\/\/talkpal.ai\/bs\/#website","url":"https:\/\/talkpal.ai\/bs\/","name":"Talkpal","description":"AI Language Learning","publisher":{"@id":"https:\/\/talkpal.ai\/bs\/#organization"},"alternateName":"Talkpal AI","potentialAction":[{"@type":"SearchAction","target":{"@type":"EntryPoint","urlTemplate":"https:\/\/talkpal.ai\/bs\/?s={search_term_string}"},"query-input":{"@type":"PropertyValueSpecification","valueRequired":true,"valueName":"search_term_string"}}],"inLanguage":"bs-BA"},{"@type":"Organization","@id":"https:\/\/talkpal.ai\/bs\/#organization","name":"Talkpal, Inc.","alternateName":"Talkpal AI","url":"https:\/\/talkpal.ai\/bs\/","logo":{"@type":"ImageObject","inLanguage":"bs-BA","@id":"https:\/\/talkpal.ai\/bs\/#\/schema\/logo\/image\/","url":"https:\/\/talkpal.ai\/wp-content\/uploads\/2024\/03\/Talkpal-Logo-Icon.png","contentUrl":"https:\/\/talkpal.ai\/wp-content\/uploads\/2024\/03\/Talkpal-Logo-Icon.png","width":2880,"height":2880,"caption":"Talkpal, Inc."},"image":{"@id":"https:\/\/talkpal.ai\/bs\/#\/schema\/logo\/image\/"},"sameAs":["https:\/\/www.facebook.com\/profile.php?id=100090733639311","https:\/\/x.com\/talkpalai","https:\/\/www.linkedin.com\/company\/talkpal\/","https:\/\/www.youtube.com\/@TalkPal\/","https:\/\/www.tiktok.com\/@talkpal","https:\/\/www.instagram.com\/talkpal_ai\/","https:\/\/www.crunchbase.com\/organization\/talkpal-9cde","https:\/\/www.g2.com\/products\/talkpal-for-business\/","https:\/\/www.trustpilot.com\/review\/talkpal.ai","https:\/\/www.capterra.com\/p\/10006800\/TalkPal\/"],"description":"Talkpal is a language learning web and mobile education app, powered by the latest AI technologies, that provides engaging experiences to its customers in many different languages to help them improve their language skills. Users can chat about unlimited amount of topics with the app and use other modes to practice their language learning.","email":"support@talkpal.ai","legalName":"Talkpal, Inc.","foundingDate":"2023-04-03","duns":"118989042","numberOfEmployees":{"@type":"QuantitativeValue","minValue":"11","maxValue":"50"},"publishingPrinciples":"https:\/\/talkpal.ai\/publishing-principles\/","actionableFeedbackPolicy":"https:\/\/talkpal.ai\/actionable-feedback-policy\/","correctionsPolicy":"https:\/\/talkpal.ai\/corrections-policy\/","ethicsPolicy":"https:\/\/talkpal.ai\/ethics-policy\/","diversityPolicy":"https:\/\/talkpal.ai\/diversity-policy\/","diversityStaffingReport":"https:\/\/talkpal.ai\/diversity-policy\/"}]}},"_links":{"self":[{"href":"https:\/\/talkpal.ai\/bs\/wp-json\/wp\/v2\/pages\/1473940","targetHints":{"allow":["GET"]}}],"collection":[{"href":"https:\/\/talkpal.ai\/bs\/wp-json\/wp\/v2\/pages"}],"about":[{"href":"https:\/\/talkpal.ai\/bs\/wp-json\/wp\/v2\/types\/page"}],"author":[{"embeddable":true,"href":"https:\/\/talkpal.ai\/bs\/wp-json\/wp\/v2\/users\/20"}],"replies":[{"embeddable":true,"href":"https:\/\/talkpal.ai\/bs\/wp-json\/wp\/v2\/comments?post=1473940"}],"version-history":[{"count":0,"href":"https:\/\/talkpal.ai\/bs\/wp-json\/wp\/v2\/pages\/1473940\/revisions"}],"wp:attachment":[{"href":"https:\/\/talkpal.ai\/bs\/wp-json\/wp\/v2\/media?parent=1473940"}],"curies":[{"name":"wp","href":"https:\/\/api.w.org\/{rel}","templated":true}]}}