{"id":1473922,"date":"2025-11-12T12:26:03","date_gmt":"2025-11-12T12:26:03","guid":{"rendered":"https:\/\/talkpal.ai\/malajalamske-gramaticke-vjezbe\/"},"modified":"2025-12-30T13:57:48","modified_gmt":"2025-12-30T13:57:48","slug":"malajalamske-gramaticke-vjezbe","status":"publish","type":"page","link":"https:\/\/talkpal.ai\/bs\/malajalamske-gramaticke-vjezbe\/","title":{"rendered":"Malajalamske gramati\u010dke vje\u017ebe"},"content":{"rendered":"\r\n\r\n\r\n<section class=\"languageChallengeSection\">\r\n    <div class=\"languageInfoWrapper\">\r\n        \r\n        <h1>Malajalamske gramati\u010dke vje\u017ebe<\/h1>\r\n        <p>Jeste li spremni zaroniti u malajalamsku gramatiku? Vje\u017ebanje nekoliko osnova pomo\u0107i \u0107e vam da se osje\u0107ate ugodno s ovim jedinstvenim i prekrasnim jezikom. Isprobajte ove vje\u017ebe kako biste izgradili samopouzdanje i zabavili se usput!<\/p>\r\n\r\n                            <a class=\"getStartedHidden\" href=\"https:\/\/app.talkpal.ai\/signup?lng=\">Kreni<\/a>\r\n        \r\n    <\/div>\r\n\r\n    <figure>\r\n    <img decoding=\"async\" width=\"768\" height=\"768\" src=\"https:\/\/talkpal.ai\/wp-content\/uploads\/2023\/06\/welsh-768x768.png\" class=\"languageImage no-lazy\" alt=\"Language learning for better cognitive abilities\" fetchpriority=\"high\" sizes=\"(max-width: 768px) 150px, 768px\" srcset=\"https:\/\/talkpal.ai\/wp-content\/uploads\/2023\/06\/welsh-768x768.png 768w, https:\/\/talkpal.ai\/wp-content\/uploads\/2023\/06\/welsh-300x300.png 300w\" \/>\r\n    \r\n\r\n    <\/figure>\r\n\r\n            <a class=\"getStartedVisible\" href=\"https:\/\/app.talkpal.ai\/signup?lng=\">Kreni<\/a>\r\n    \r\n<\/section><section class=\"promotionalBanner\">\r\n    <p class=\"promotionalText\">Najefikasniji na\u010din za u\u010denje jezika<\/p>\r\n    <a class=\"promotionalLink\" href=\"https:\/\/app.talkpal.ai\/signup?lng=\">Isprobajte Talkpal besplatno<\/a>\r\n<\/section>\n<div class=\"wp-block-group pageContainerStyle\"><div class=\"wp-block-group__inner-container is-layout-constrained wp-block-group-is-layout-constrained\">\n<h2 class=\"wp-block-heading\" id=\"h-malayalam-grammar-topics\">Malajalamske gramati\u010dke teme<\/h2>\n\n\n\n<p><a href=\"https:\/\/talkpal.ai\/bs\/najvece-greske-koje-treba-izbjegavati-prilikom-ucenja-novog-jezika\/\">U\u010denje novog jezika<\/a> mo\u017ee biti izazovan, ali koristan poduhvat. <a href=\"https:\/\/talkpal.ai\/learn-malayalam\/\">Malajalam<\/a>, dravidski jezik koji se uglavnom govori u Kerali i susjednim regijama, nije izuzetak. Sa svojim jedinstvenim karakteristikama i strukturama, <a href=\"https:\/\/talkpal.ai\/bs\/talkpal-za-obrazovanje\/\">u\u010denje<\/a> malajalamskog zahtijeva sistematski pristup razumijevanju njegove bogate gramatike. Ovaj vodi\u010d ocrtava klju\u010dna podru\u010dja <a href=\"https:\/\/talkpal.ai\/bs\/malajalamska-gramatika\/\">malajalamske gramatike<\/a> u logi\u010dkom slijedu za <a href=\"https:\/\/talkpal.ai\/bs\/ai-chatbot-za-ucenje-jezika\/\">u\u010denje jezika<\/a>, po\u010dev\u0161i od osnova kao \u0161to su imenice i \u010dlanovi, i napreduju\u0107i do slo\u017eenijih podru\u010dja kao \u0161to su vremena i konstrukcija re\u010denica.<\/p>\n\n\n\n<h3 class=\"wp-block-heading\" id=\"h-1-nouns\">1. imenice:<\/h3>\n\n\n\n<p><a href=\"https:\/\/talkpal.ai\/ko\/ai-%ec%96%b8%ec%96%b4-%ea%b5%90%ec%82%ac\/\">Zapo\u010dnite<\/a> svoje putovanje malajalamskim jezikom u\u010denjem imenica. To uklju\u010duje razumijevanje razli\u010ditih kategorija imenica, kao \u0161to su zajedni\u010dke i vlastite imenice, njihove oblike mno\u017eine kao \u0161to su -kal i -mar, i kori\u0161tenje pade\u017enih zavr\u0161etaka za odnose kao \u0161to su lokacija i posjedovanje.<\/p>\n\n\n\n<h3 class=\"wp-block-heading\" id=\"h-2-articles\">2. \u010dlanci:<\/h3>\n\n\n\n<p><a href=\"https:\/\/talkpal.ai\/learn-malayalam\/\">Malajalamski<\/a> nema odre\u0111ene ili neodre\u0111ene \u010dlanove. Odre\u0111enost i neodre\u0111enost se izra\u017eavaju kroz kontekst, pokaziva\u010di kao \u0161to su ee ovo i aa <a href=\"https:\/\/talkpal.ai\/locations\/language-courses-in-ono\/\">ono<\/a>, i brojevi kao \u0161to je oru one funkcioniraju kao a ili an.<\/p>\n\n\n\n<h3 class=\"wp-block-heading\" id=\"h-3-adjectives\">3. pridjevi:<\/h3>\n\n\n\n<p>Pridjevi u malajalamskom obi\u010dno prethode svojim imenicama i ne sla\u017eu se u rodu ili broju. Nau\u010dite kako se diplome izra\u017eavaju, \u010desto sa kooduthalom za komparativ i ettavum za superlativ, kao i uobi\u010dajenim predikatnim obrascima.<\/p>\n\n\n\n<h3 class=\"wp-block-heading\" id=\"h-4-pronouns-determiners\">4. zamjenice\/determinatori:<\/h3>\n\n\n\n<p>Zamjenice i determinatori su bitni u malajalamskom jeziku; Li\u010dne zamjenice ozna\u010davaju uljudnost i socijalnu distancu, a za nas postoji inkluzivna i isklju\u010diva razlika. Posjedovanje se obi\u010dno formira sa genitivnim sufiksom -ute, a determinatori uklju\u010duju demonstrative i kvantifikatore kao \u0161to su ella all i chila some.<\/p>\n\n\n\n<h3 class=\"wp-block-heading\" id=\"h-5-verbs\">5. glagoli:<\/h3>\n\n\n\n<p>Malajalamski glagoli mijenjaju oblik prema vremenu i aspektu, a ne prema osobi ili broju. Po\u010dnite sa sada\u0161njim -unnu oblicima i postepeno istra\u017eujte pro\u0161lost i budu\u0107nost, zajedno sa osnovnim imperativima i ne-kona\u010dnim oblicima.<\/p>\n\n\n\n<h3 class=\"wp-block-heading\" id=\"h-6-tenses\">6. napetosti:<\/h3>\n\n\n\n<p>Nakon savladavanja glagolskih oblika, zaronite dublje u malajalamska vremena. To uklju\u010duje razumijevanje sada\u0161njeg -unnu, pro\u0161lih oblika kao \u0161to su -i ili -ttu, i future -um, i kako se svaki koristi u razli\u010ditim kontekstima.<\/p>\n\n\n\n<h3 class=\"wp-block-heading\" id=\"h-7-tense-comparison\">7. napeto pore\u0111enje:<\/h3>\n\n\n\n<p>Upore\u0111ivanje vremena na malajalamskom poma\u017ee u razumijevanju slijeda doga\u0111aja. Pore\u0111enje <a href=\"https:\/\/talkpal.ai\/locations\/learn-english-in-istog\/\">istog<\/a> glagola u sada\u0161njosti, pro\u0161losti i budu\u0107nosti \u0107e omogu\u0107iti bolje razumijevanje malajalamskog jezika.<\/p>\n\n\n\n<h3 class=\"wp-block-heading\" id=\"h-8-progressive\">8. progresivno:<\/h3>\n\n\n\n<p>Progresivno u malajalamskom jeziku se \u010desto izra\u017eava sa sada\u0161njim -unnu u kontekstu, a eksplicitnije sa perifrasti\u010dnim konstrukcijama koje koriste pomo\u0107nu irikkuku, kao \u0161to je glagolska osnova plus kkondu irikkuka da poka\u017ee teku\u0107e radnje.<\/p>\n\n\n\n<h3 class=\"wp-block-heading\" id=\"h-9-perfect-progressive\">9. savr\u0161eno progresivno:<\/h3>\n\n\n\n<p>Ovo se koristi za izra\u017eavanje radnji koje su bile u toku do odre\u0111ene ta\u010dke. Malajalamski obi\u010dno koristi glagolsku osnovu plus kkondu irikkunnu za teku\u0107i do sada, a glagolski particip plus u\u1e47\u1e6du izra\u017eava rezultativne perfekte.<\/p>\n\n\n\n<h3 class=\"wp-block-heading\" id=\"h-10-conditionals\">10. uslovno:<\/h3>\n\n\n\n<p>Kondicionali izra\u017eavaju hipoteti\u010dke situacije i njihove mogu\u0107e ishode. U malajalamskom jeziku, oni se formiraju sa zavr\u0161ecima kao \u0161to su -e\u1e45kil i -\u0101l, a njihovo savladavanje \u0107e dodati nijansu i preciznost va\u0161im jezi\u010dnim vje\u0161tinama.<\/p>\n\n\n\n<h3 class=\"wp-block-heading\" id=\"h-11-adverbs\">11. prilozi:<\/h3>\n\n\n\n<p>Prilozi u malajalamskom modificiraju glagole, pridjeve ili druge priloge. Oni pru\u017eaju informacije o na\u010dinu, mjestu, vremenu, stepenu i jo\u0161 mnogo toga, a formiraju se ili kao zasebne rije\u010di ili od pridjeva, \u010desto sa -\u0101yi.<\/p>\n\n\n\n<h3 class=\"wp-block-heading\" id=\"h-12-prepositions\">12. prijedlozi:<\/h3>\n\n\n\n<p>Malajalamski prvenstveno koristi postpozicije i pade\u017ene sufikse, a ne prijedloge. Odnosi vremena, mjesta, smjera i jo\u0161 mnogo toga izra\u017eavaju se kroz zavr\u0161etke kao \u0161to su -il lokativ, -kku dativ, -\u0101l instrumental i srodne postpozicije.<\/p>\n\n\n\n<h3 class=\"wp-block-heading\" id=\"h-13-sentences\">13. re\u010denice:<\/h3>\n\n\n\n<p>Na kraju, praksa konstruisanja re\u010denica. To \u0107e uklju\u010divati kori\u0161tenje svih prethodno nau\u010denih gramati\u010dkih ta\u010daka u kontekstu, sa tipi\u010dnim poretkom subjekt-objekt-glagol i klauzalnim strukturama malajalamskog jezika, \u010dime se osigurava sveobuhvatno razumijevanje malajalamskog jezika.<\/p>\n<\/div><\/div>\n\r\n<section class=\"learnNavigationSection\">\r\n            \r\n        <a href=\"https:\/\/talkpal.ai\/bs\/naucite-malajalamski\/\">\r\n            <div class=\"learnNavigationWrapper\">\r\n                <div class=\"learnNavigationContent\">\r\n                    <img decoding=\"async\" src=\"https:\/\/talkpal.ai\/wp-content\/uploads\/2025\/11\/Malayalam.png\" alt=\"Indian Simplified Flag\">\r\n                    <div>\r\n                        <h4>O u\u010denju malajalamskog jezika<\/h4>\r\n                        <p>Saznajte sve o malajalamskoj gramatici.<\/p>\r\n                    <\/div>\r\n                <\/div>\r\n            <\/div>\r\n        <\/a>\r\n\r\n        \r\n        <a href=\"https:\/\/talkpal.ai\/bs\/malajalamska-gramatika\/\">\r\n            <div class=\"learnNavigationWrapper\">\r\n                <div class=\"learnNavigationContent\">\r\n                    <img decoding=\"async\" src=\"https:\/\/talkpal.ai\/wp-content\/uploads\/2025\/11\/Malayalam.png\" alt=\"Indian Simplified Flag\">\r\n                    <div>\r\n                        <h4>Lekcije iz malajalamske gramatike<\/h4>\r\n                        <p>Vje\u017ebajte malajalamsku gramatiku.<\/p>\r\n                    <\/div>\r\n                <\/div>\r\n            <\/div>\r\n        <\/a>\r\n\r\n            <\/section>","protected":false},"excerpt":{"rendered":"<p>Malajalamske gramati\u010dke teme U\u010denje novog jezika mo\u017ee biti izazovan, ali koristan poduhvat. Malajalam, dravidski jezik koji se uglavnom govori u Kerali i susjednim regijama, nije izuzetak. Sa svojim jedinstvenim karakteristikama i strukturama, u\u010denje malajalamskog zahtijeva sistematski pristup razumijevanju njegove bogate gramatike. Ovaj vodi\u010d ocrtava klju\u010dna podru\u010dja malajalamske gramatike u logi\u010dkom slijedu za u\u010denje jezika, po\u010dev\u0161i [&hellip;]<\/p>\n","protected":false},"author":20,"featured_media":0,"parent":0,"menu_order":0,"comment_status":"closed","ping_status":"closed","template":"LearningContentPage.php","meta":{"_acf_changed":false,"footnotes":""},"class_list":["post-1473922","page","type-page","status-publish","hentry"],"acf":[],"yoast_head":"<!-- This site is optimized with the Yoast SEO Premium plugin v27.2 (Yoast SEO v27.2) - https:\/\/yoast.com\/product\/yoast-seo-premium-wordpress\/ -->\n<title>Malajalamske gramati\u010dke vje\u017ebe - Talkpal<\/title>\n<meta name=\"description\" content=\"Savladajte gramatiku malajalamskog jezika kroz interaktivne vje\u017ebe osmi\u0161ljene da pobolj\u0161aju va\u0161e vje\u0161tine te\u010dnosti i razumijevanja jezika ve\u0107 danas.\" \/>\n<meta name=\"robots\" content=\"index, follow, max-snippet:-1, max-image-preview:large, max-video-preview:-1\" \/>\n<link rel=\"canonical\" href=\"https:\/\/talkpal.ai\/bs\/malajalamske-gramaticke-vjezbe\/\" \/>\n<meta property=\"og:locale\" content=\"bs_BA\" \/>\n<meta property=\"og:type\" content=\"article\" \/>\n<meta property=\"og:title\" content=\"Malajalamske gramati\u010dke vje\u017ebe\" \/>\n<meta property=\"og:description\" content=\"Malajalamske gramati\u010dke teme U\u010denje novog jezika mo\u017ee biti izazovan, ali koristan poduhvat. Malajalam, dravidski jezik koji se uglavnom govori u Kerali i\" \/>\n<meta property=\"og:url\" content=\"https:\/\/talkpal.ai\/bs\/malajalamske-gramaticke-vjezbe\/\" \/>\n<meta property=\"og:site_name\" content=\"Talkpal\" \/>\n<meta property=\"article:publisher\" content=\"https:\/\/www.facebook.com\/profile.php?id=100090733639311\" \/>\n<meta property=\"article:modified_time\" content=\"2025-12-30T13:57:48+00:00\" \/>\n<meta property=\"og:image\" content=\"https:\/\/talkpal.ai\/wp-content\/uploads\/2025\/02\/Progress-tab-16_9.png\" \/>\n\t<meta property=\"og:image:width\" content=\"2880\" \/>\n\t<meta property=\"og:image:height\" content=\"1620\" \/>\n\t<meta property=\"og:image:type\" content=\"image\/png\" \/>\n<meta name=\"twitter:card\" content=\"summary_large_image\" \/>\n<meta name=\"twitter:site\" content=\"@talkpalai\" \/>\n<meta name=\"twitter:label1\" content=\"Est. reading time\" \/>\n\t<meta name=\"twitter:data1\" content=\"3 minute\" \/>\n<script type=\"application\/ld+json\" class=\"yoast-schema-graph\">{\"@context\":\"https:\/\/schema.org\",\"@graph\":[{\"@type\":\"WebPage\",\"@id\":\"https:\/\/talkpal.ai\/bs\/malajalamske-gramaticke-vjezbe\/\",\"url\":\"https:\/\/talkpal.ai\/bs\/malajalamske-gramaticke-vjezbe\/\",\"name\":\"Malajalamske gramati\u010dke vje\u017ebe - Talkpal\",\"isPartOf\":{\"@id\":\"https:\/\/talkpal.ai\/bs\/#website\"},\"datePublished\":\"2025-11-12T12:26:03+00:00\",\"dateModified\":\"2025-12-30T13:57:48+00:00\",\"description\":\"Savladajte gramatiku malajalamskog jezika kroz interaktivne vje\u017ebe osmi\u0161ljene da pobolj\u0161aju va\u0161e vje\u0161tine te\u010dnosti i razumijevanja jezika ve\u0107 danas.\",\"breadcrumb\":{\"@id\":\"https:\/\/talkpal.ai\/bs\/malajalamske-gramaticke-vjezbe\/#breadcrumb\"},\"inLanguage\":\"bs-BA\",\"potentialAction\":[{\"@type\":\"ReadAction\",\"target\":[\"https:\/\/talkpal.ai\/bs\/malajalamske-gramaticke-vjezbe\/\"]}]},{\"@type\":\"BreadcrumbList\",\"@id\":\"https:\/\/talkpal.ai\/bs\/malajalamske-gramaticke-vjezbe\/#breadcrumb\",\"itemListElement\":[{\"@type\":\"ListItem\",\"position\":1,\"name\":\"Homepage\",\"item\":\"https:\/\/talkpal.ai\/bs\/\"},{\"@type\":\"ListItem\",\"position\":2,\"name\":\"Malajalamske gramati\u010dke vje\u017ebe\"}]},{\"@type\":\"WebSite\",\"@id\":\"https:\/\/talkpal.ai\/bs\/#website\",\"url\":\"https:\/\/talkpal.ai\/bs\/\",\"name\":\"Talkpal\",\"description\":\"AI Language Learning\",\"publisher\":{\"@id\":\"https:\/\/talkpal.ai\/bs\/#organization\"},\"alternateName\":\"Talkpal AI\",\"potentialAction\":[{\"@type\":\"SearchAction\",\"target\":{\"@type\":\"EntryPoint\",\"urlTemplate\":\"https:\/\/talkpal.ai\/bs\/?s={search_term_string}\"},\"query-input\":{\"@type\":\"PropertyValueSpecification\",\"valueRequired\":true,\"valueName\":\"search_term_string\"}}],\"inLanguage\":\"bs-BA\"},{\"@type\":\"Organization\",\"@id\":\"https:\/\/talkpal.ai\/bs\/#organization\",\"name\":\"Talkpal, Inc.\",\"alternateName\":\"Talkpal AI\",\"url\":\"https:\/\/talkpal.ai\/bs\/\",\"logo\":{\"@type\":\"ImageObject\",\"inLanguage\":\"bs-BA\",\"@id\":\"https:\/\/talkpal.ai\/bs\/#\/schema\/logo\/image\/\",\"url\":\"https:\/\/talkpal.ai\/wp-content\/uploads\/2024\/03\/Talkpal-Logo-Icon.png\",\"contentUrl\":\"https:\/\/talkpal.ai\/wp-content\/uploads\/2024\/03\/Talkpal-Logo-Icon.png\",\"width\":2880,\"height\":2880,\"caption\":\"Talkpal, Inc.\"},\"image\":{\"@id\":\"https:\/\/talkpal.ai\/bs\/#\/schema\/logo\/image\/\"},\"sameAs\":[\"https:\/\/www.facebook.com\/profile.php?id=100090733639311\",\"https:\/\/x.com\/talkpalai\",\"https:\/\/www.linkedin.com\/company\/talkpal\/\",\"https:\/\/www.youtube.com\/@TalkPal\/\",\"https:\/\/www.tiktok.com\/@talkpal\",\"https:\/\/www.instagram.com\/talkpal_ai\/\",\"https:\/\/www.crunchbase.com\/organization\/talkpal-9cde\",\"https:\/\/www.g2.com\/products\/talkpal-for-business\/\",\"https:\/\/www.trustpilot.com\/review\/talkpal.ai\",\"https:\/\/www.capterra.com\/p\/10006800\/TalkPal\/\"],\"description\":\"Talkpal is a language learning web and mobile education app, powered by the latest AI technologies, that provides engaging experiences to its customers in many different languages to help them improve their language skills. Users can chat about unlimited amount of topics with the app and use other modes to practice their language learning.\",\"email\":\"support@talkpal.ai\",\"legalName\":\"Talkpal, Inc.\",\"foundingDate\":\"2023-04-03\",\"duns\":\"118989042\",\"numberOfEmployees\":{\"@type\":\"QuantitativeValue\",\"minValue\":\"11\",\"maxValue\":\"50\"},\"publishingPrinciples\":\"https:\/\/talkpal.ai\/publishing-principles\/\",\"actionableFeedbackPolicy\":\"https:\/\/talkpal.ai\/actionable-feedback-policy\/\",\"correctionsPolicy\":\"https:\/\/talkpal.ai\/corrections-policy\/\",\"ethicsPolicy\":\"https:\/\/talkpal.ai\/ethics-policy\/\",\"diversityPolicy\":\"https:\/\/talkpal.ai\/diversity-policy\/\",\"diversityStaffingReport\":\"https:\/\/talkpal.ai\/diversity-policy\/\"}]}<\/script>\n<!-- \/ Yoast SEO Premium plugin. -->","yoast_head_json":{"title":"Malajalamske gramati\u010dke vje\u017ebe - Talkpal","description":"Savladajte gramatiku malajalamskog jezika kroz interaktivne vje\u017ebe osmi\u0161ljene da pobolj\u0161aju va\u0161e vje\u0161tine te\u010dnosti i razumijevanja jezika ve\u0107 danas.","robots":{"index":"index","follow":"follow","max-snippet":"max-snippet:-1","max-image-preview":"max-image-preview:large","max-video-preview":"max-video-preview:-1"},"canonical":"https:\/\/talkpal.ai\/bs\/malajalamske-gramaticke-vjezbe\/","og_locale":"bs_BA","og_type":"article","og_title":"Malajalamske gramati\u010dke vje\u017ebe","og_description":"Malajalamske gramati\u010dke teme U\u010denje novog jezika mo\u017ee biti izazovan, ali koristan poduhvat. Malajalam, dravidski jezik koji se uglavnom govori u Kerali i","og_url":"https:\/\/talkpal.ai\/bs\/malajalamske-gramaticke-vjezbe\/","og_site_name":"Talkpal","article_publisher":"https:\/\/www.facebook.com\/profile.php?id=100090733639311","article_modified_time":"2025-12-30T13:57:48+00:00","og_image":[{"width":2880,"height":1620,"url":"https:\/\/talkpal.ai\/wp-content\/uploads\/2025\/02\/Progress-tab-16_9.png","type":"image\/png"}],"twitter_card":"summary_large_image","twitter_site":"@talkpalai","twitter_misc":{"Est. reading time":"3 minute"},"schema":{"@context":"https:\/\/schema.org","@graph":[{"@type":"WebPage","@id":"https:\/\/talkpal.ai\/bs\/malajalamske-gramaticke-vjezbe\/","url":"https:\/\/talkpal.ai\/bs\/malajalamske-gramaticke-vjezbe\/","name":"Malajalamske gramati\u010dke vje\u017ebe - Talkpal","isPartOf":{"@id":"https:\/\/talkpal.ai\/bs\/#website"},"datePublished":"2025-11-12T12:26:03+00:00","dateModified":"2025-12-30T13:57:48+00:00","description":"Savladajte gramatiku malajalamskog jezika kroz interaktivne vje\u017ebe osmi\u0161ljene da pobolj\u0161aju va\u0161e vje\u0161tine te\u010dnosti i razumijevanja jezika ve\u0107 danas.","breadcrumb":{"@id":"https:\/\/talkpal.ai\/bs\/malajalamske-gramaticke-vjezbe\/#breadcrumb"},"inLanguage":"bs-BA","potentialAction":[{"@type":"ReadAction","target":["https:\/\/talkpal.ai\/bs\/malajalamske-gramaticke-vjezbe\/"]}]},{"@type":"BreadcrumbList","@id":"https:\/\/talkpal.ai\/bs\/malajalamske-gramaticke-vjezbe\/#breadcrumb","itemListElement":[{"@type":"ListItem","position":1,"name":"Homepage","item":"https:\/\/talkpal.ai\/bs\/"},{"@type":"ListItem","position":2,"name":"Malajalamske gramati\u010dke vje\u017ebe"}]},{"@type":"WebSite","@id":"https:\/\/talkpal.ai\/bs\/#website","url":"https:\/\/talkpal.ai\/bs\/","name":"Talkpal","description":"AI Language Learning","publisher":{"@id":"https:\/\/talkpal.ai\/bs\/#organization"},"alternateName":"Talkpal AI","potentialAction":[{"@type":"SearchAction","target":{"@type":"EntryPoint","urlTemplate":"https:\/\/talkpal.ai\/bs\/?s={search_term_string}"},"query-input":{"@type":"PropertyValueSpecification","valueRequired":true,"valueName":"search_term_string"}}],"inLanguage":"bs-BA"},{"@type":"Organization","@id":"https:\/\/talkpal.ai\/bs\/#organization","name":"Talkpal, Inc.","alternateName":"Talkpal AI","url":"https:\/\/talkpal.ai\/bs\/","logo":{"@type":"ImageObject","inLanguage":"bs-BA","@id":"https:\/\/talkpal.ai\/bs\/#\/schema\/logo\/image\/","url":"https:\/\/talkpal.ai\/wp-content\/uploads\/2024\/03\/Talkpal-Logo-Icon.png","contentUrl":"https:\/\/talkpal.ai\/wp-content\/uploads\/2024\/03\/Talkpal-Logo-Icon.png","width":2880,"height":2880,"caption":"Talkpal, Inc."},"image":{"@id":"https:\/\/talkpal.ai\/bs\/#\/schema\/logo\/image\/"},"sameAs":["https:\/\/www.facebook.com\/profile.php?id=100090733639311","https:\/\/x.com\/talkpalai","https:\/\/www.linkedin.com\/company\/talkpal\/","https:\/\/www.youtube.com\/@TalkPal\/","https:\/\/www.tiktok.com\/@talkpal","https:\/\/www.instagram.com\/talkpal_ai\/","https:\/\/www.crunchbase.com\/organization\/talkpal-9cde","https:\/\/www.g2.com\/products\/talkpal-for-business\/","https:\/\/www.trustpilot.com\/review\/talkpal.ai","https:\/\/www.capterra.com\/p\/10006800\/TalkPal\/"],"description":"Talkpal is a language learning web and mobile education app, powered by the latest AI technologies, that provides engaging experiences to its customers in many different languages to help them improve their language skills. Users can chat about unlimited amount of topics with the app and use other modes to practice their language learning.","email":"support@talkpal.ai","legalName":"Talkpal, Inc.","foundingDate":"2023-04-03","duns":"118989042","numberOfEmployees":{"@type":"QuantitativeValue","minValue":"11","maxValue":"50"},"publishingPrinciples":"https:\/\/talkpal.ai\/publishing-principles\/","actionableFeedbackPolicy":"https:\/\/talkpal.ai\/actionable-feedback-policy\/","correctionsPolicy":"https:\/\/talkpal.ai\/corrections-policy\/","ethicsPolicy":"https:\/\/talkpal.ai\/ethics-policy\/","diversityPolicy":"https:\/\/talkpal.ai\/diversity-policy\/","diversityStaffingReport":"https:\/\/talkpal.ai\/diversity-policy\/"}]}},"_links":{"self":[{"href":"https:\/\/talkpal.ai\/bs\/wp-json\/wp\/v2\/pages\/1473922","targetHints":{"allow":["GET"]}}],"collection":[{"href":"https:\/\/talkpal.ai\/bs\/wp-json\/wp\/v2\/pages"}],"about":[{"href":"https:\/\/talkpal.ai\/bs\/wp-json\/wp\/v2\/types\/page"}],"author":[{"embeddable":true,"href":"https:\/\/talkpal.ai\/bs\/wp-json\/wp\/v2\/users\/20"}],"replies":[{"embeddable":true,"href":"https:\/\/talkpal.ai\/bs\/wp-json\/wp\/v2\/comments?post=1473922"}],"version-history":[{"count":0,"href":"https:\/\/talkpal.ai\/bs\/wp-json\/wp\/v2\/pages\/1473922\/revisions"}],"wp:attachment":[{"href":"https:\/\/talkpal.ai\/bs\/wp-json\/wp\/v2\/media?parent=1473922"}],"curies":[{"name":"wp","href":"https:\/\/api.w.org\/{rel}","templated":true}]}}