{"id":147182,"date":"2023-05-14T14:11:47","date_gmt":"2023-05-14T14:11:47","guid":{"rendered":"http:\/\/talkpal.ai\/malajska-gramatika\/"},"modified":"2025-12-17T16:43:05","modified_gmt":"2025-12-17T16:43:05","slug":"malajska-gramatika","status":"publish","type":"page","link":"https:\/\/talkpal.ai\/bs\/malajska-gramatika\/","title":{"rendered":"malajska gramatika"},"content":{"rendered":"\r\n\r\n\r\n<section class=\"languageChallengeSection\">\r\n    <div class=\"languageInfoWrapper\">\r\n        \r\n        <h1>malajska gramatika<\/h1>\r\n        <p>Zanima vas u\u010denje malajskog jezika? Zaronite u malajsku gramatiku, poznatu po svojim jednostavnim pravilima, nedostatku konjugacije glagola i upotrebi afiksa za stvaranje zna\u010denja. Po\u010dnite danas &#8211; savladavanje malajske gramatike dat \u0107e vam samopouzdanje za laku komunikaciju i otvoriti vrata raznolikim i dinami\u010dnim kulturama jugoisto\u010dne Azije!<\/p>\r\n\r\n                            <a class=\"getStartedHidden\" href=\"https:\/\/app.talkpal.ai\/signup?lng=\">Kreni<\/a>\r\n        \r\n    <\/div>\r\n\r\n    <figure>\r\n    <img decoding=\"async\" width=\"768\" height=\"768\" src=\"https:\/\/talkpal.ai\/wp-content\/uploads\/2023\/06\/malay-768x768.png\" class=\"languageImage no-lazy\" alt=\"Language learning for personal accomplishments\" fetchpriority=\"high\" sizes=\"(max-width: 768px) 150px, 768px\" srcset=\"https:\/\/talkpal.ai\/wp-content\/uploads\/2023\/06\/malay-768x768.png 768w, https:\/\/talkpal.ai\/wp-content\/uploads\/2023\/06\/malay-300x300.png 300w\" \/>\r\n    \r\n\r\n    <\/figure>\r\n\r\n            <a class=\"getStartedVisible\" href=\"https:\/\/app.talkpal.ai\/signup?lng=\">Kreni<\/a>\r\n    \r\n<\/section>\r\n<section class=\"promotionalBanner\">\r\n    <p class=\"promotionalText\">Najefikasniji na\u010din za u\u010denje jezika<\/p>\r\n    <a class=\"promotionalLink\" href=\"https:\/\/app.talkpal.ai\/signup?lng=\">Isprobajte Talkpal besplatno<\/a>\r\n<\/section>\n<div class=\"wp-block-group pageContainerStyle\"><div class=\"wp-block-group__inner-container is-layout-constrained wp-block-group-is-layout-constrained\">\n<h2 class=\"wp-block-heading\" id=\"h-malay-grammar-exploring-the-richness-of-bahasa-melayu\">Malajska gramatika: istra\u017eivanje bogatstva Bahasa Melayua<\/h2>\n\n\n\n<p><a href=\"https:\/\/talkpal.ai\/hr\/naucite-malajski\/\">Malajski jezik<\/a>, ili <a href=\"https:\/\/talkpal.ai\/ms\/belajar-bahasa-melayu\/\">Bahasa Melayu<\/a>, svrstava se me\u0111u najzastupljenije jezike na svijetu, ujedinjuju\u0107i razli\u010dite narode Malezije, Indonezije, Bruneja i Singapura. Dok se udubite u u\u010denje malajskog, brzo \u0107ete otkriti ljepotu njegove gramatike i rastu\u0107eg jezi\u010dkog pejza\u017ea. Ovaj \u010dlanak ima za cilj da vas upozna sa osnovnim principima malajske gramatike, vode\u0107i vas da bolje razumete i cenite ovaj svestrani jezik.<\/p>\n\n\n\n<h3 class=\"wp-block-heading\" id=\"h-1-nouns-simplicity-rules\">1. imenice \u2013 pravila jednostavnosti<\/h3>\n\n\n\n<p>Za razliku od drugih jezika, <a href=\"https:\/\/talkpal.ai\/malay-grammar\/\">malajska gramatika<\/a> ne sadr\u017ei deklinacije ili rodne klasifikacije za svoje imenice. Umesto toga, upotreba imenica stavlja sna\u017ean naglasak na jednostavnost. Mno\u017eina oblika imenica nastaje jednostavnim dupliranjem. Zvu\u010di lako, <a href=\"https:\/\/talkpal.ai\/culture\/how-do-you-use-the-phrase-zar-ne-at-the-end-of-a-sentence\/\">zar ne<\/a>? Na primjer, &#8220;jabuka&#8221; je &#8220;buah epal&#8221;, tako da &#8220;jabuke&#8221; postaje &#8220;buah-buah epal&#8221;. Mo\u017eete odustati od dupliranja u neformalnom govoru.<\/p>\n\n\n\n<h3 class=\"wp-block-heading\" id=\"h-2-adjectives-straightforward-descriptions\">2. pridjevi \u2013 jednostavni opisi<\/h3>\n\n\n\n<p><a href=\"https:\/\/talkpal.ai\/learn-malay\/\">Malajski<\/a> pridevi ostaju nepromenjeni bez obzira na imenicu koju opisuju, \u0161to ih \u010dini neverovatno lakim za upotrebu \u2013 jo\u0161 jedan dokaz jednostavnosti jezika. Pridjev dolazi nakon imenice, stvaraju\u0107i ugodan protok u re\u010denicama. Na primjer, \u201cvelika ku\u0107a\u201d je \u201crumah besar\u201d, pri \u010demu se \u201crumah\u201d odnosi na \u201cku\u0107u\u201d, a \u201cbesar\u201d zna\u010di \u201cvelika\u201d.<\/p>\n\n\n\n<h3 class=\"wp-block-heading\" id=\"h-3-verbs-the-magic-of-prefixes-and-suffixes\">3. glagoli \u2013 Magija prefiksa i sufiksa<\/h3>\n\n\n\n<p>Malajski glagoli se mogu pohvaliti raznovrsno\u0161\u0107u <a href=\"https:\/\/talkpal.ai\/locations\/language-courses-in-koja\/\">koja<\/a> je i uzbudljiva i jednostavna. U Bahasa Melayu, vremena se ne prenose eksplicitno kroz glagolske oblike; umjesto toga, oni su nazna\u010deni kroz kontekst ili vremenske markere. Pored toga, malajski \u0161iroko koristi prefikse i sufikse za izra\u017eavanje razli\u010ditih glagolskih aspekata.<\/p>\n\n\n\n<p>Postoje tri osnovna prefiksa: \u201emeN-\u201c, \u201eber-\u201c i \u201eter-\u201c. Prefiks \u201cmeN-\u201d ima \u0161irok spektar upotreba, uklju\u010duju\u0107i formiranje aktivnih glagola i ozna\u010davanje uzro\u010dnih radnji. U me\u0111uvremenu, \u201cber-\u201d ozna\u010dava neprelazne radnje, a \u201cter-\u201d ozna\u010dava slu\u010dajne pojave ili pasivne radnje. Va\u017eno je napomenuti da svaki prefiks mo\u017ee izazvati male promjene pravopisa osnovnog glagola.<\/p>\n\n\n\n<p>Sufiksi, kao \u0161to su \u201c-kan\u201d i \u201c-i\u201d, poma\u017eu u pru\u017eanju dodatne specifi\u010dnosti, dok infiks \u201c-el-\u201d ubrizgava intenzitet osnovnom glagolu.<\/p>\n\n\n\n<h3 class=\"wp-block-heading\" id=\"h-4-prepositions-amp-particles-adding-flavor-to-sentences\">4. Prepositions &amp; Particles \u2013 Adding Flavor to Sentences<\/h3>\n\n\n\n<p>Predlozi i \u010destice igraju vitalnu ulogu u malajskoj gramatici, deluju\u0107i kao lingvisti\u010dko lepak i pru\u017eaju\u0107i su\u0161tinski kontekst. Prijedlozi, kao \u0161to su \u201cdi\u201d (at), \u201cke\u201d (za) i \u201cdari\u201d (iz), poma\u017eu u uspostavljanju odnosa izme\u0111u rije\u010di. S druge strane, \u010destice, poput &#8220;lah&#8221;, &#8220;kah&#8221; i &#8220;pun re\u010di&#8221;, koriste se za dodavanje naglaska, emocija i upitnika re\u010denicama.<\/p>\n\n\n\n<p>Na primjer, re\u010denica \u201cKamu pergi sana\u201d, \u0161to zna\u010di \u201cIdi tamo\u201d, postaje nagla\u0161enija ako na kraju dodate \u201clah\u201d: \u201cKamu pergi sana lah\u201d. To sada zna\u010di &#8220;Idi tamo (odmah).&#8221;<\/p>\n\n\n\n<h3 class=\"wp-block-heading\" id=\"h-5-embracing-the-journey\">b) Prihvatanje putovanja<\/h3>\n\n\n\n<p>Iako <a href=\"https:\/\/talkpal.ai\/malay-grammar\/\">malajska gramatika<\/a> mo\u017ee izgledati jednostavno u pore\u0111enju sa drugim jezicima, njena lepota le\u017ei u bogatstvu i raznovrsnosti izraza postignutih jednostavnim pravilima. Lako\u0107a u\u010denja malajske gramatike omogu\u0107i\u0107e vam da se efikasnije uklju\u010dite u raznoliki svet malajskog govornog podru\u010dja i uronite u njegovu jedinstvenu kulturu.<\/p>\n\n\n\n<p>Pre nego \u0161to zaronite glavom u svet Bahasa Melayu, setite se da putovanje mo\u017eda ne\u0107e uvek biti glatko jedrenje. Imajte otvoren um, uklju\u010dite se u izvorne govornike i, \u0161to je najva\u017enije, u\u017eivajte u iskustvu otkrivanja nijansi unutar ovog prekrasnog jezika. Selamat belajar\u2013happy learning!<\/p>\n<\/div><\/div>\n\r\n<section class=\"learnNavigationSection\">\r\n            \r\n        <a href=\"https:\/\/talkpal.ai\/bs\/nauci-malajski\/\">\r\n            <div class=\"learnNavigationWrapper\">\r\n                <div class=\"learnNavigationContent\">\r\n                    <img decoding=\"async\" src=\"https:\/\/talkpal.ai\/wp-content\/uploads\/2024\/08\/Malay.jpg\" alt=\"Malaysian Flag\">\r\n                    <div>\r\n                        <h4>O u\u010denju malajskog jezika<\/h4>\r\n                        <p>Saznaj sve o malajskoj gramatici.<\/p>\r\n                    <\/div>\r\n                <\/div>\r\n            <\/div>\r\n        <\/a>\r\n\r\n        \r\n        <a href=\"https:\/\/talkpal.ai\/bs\/malajske-gramaticke-vezbe\/\">\r\n            <div class=\"learnNavigationWrapper\">\r\n                <div class=\"learnNavigationContent\">\r\n                    <img decoding=\"async\" src=\"https:\/\/talkpal.ai\/wp-content\/uploads\/2024\/08\/Malay.jpg\" alt=\"Malaysian Flag\">\r\n                    <div>\r\n                        <h4>Vje\u017eba malajske gramatike<\/h4>\r\n                        <p>Vje\u017ebajte malajsku gramatiku<\/p>\r\n                    <\/div>\r\n                <\/div>\r\n            <\/div>\r\n        <\/a>\r\n\r\n        \r\n        <a href=\"https:\/\/talkpal.ai\/vocabulary_language\/malay\/\">\r\n            <div class=\"learnNavigationWrapper\">\r\n                <div class=\"learnNavigationContent\">\r\n                    <img decoding=\"async\" src=\"https:\/\/talkpal.ai\/wp-content\/uploads\/2024\/08\/Malay.jpg\" alt=\"Malaysian Flag\">\r\n                    <div>\r\n                        <h4>Malay Vocabulary<\/h4>\r\n                        <p>Pro\u0161irite svoj malajski vokabular.<\/p>\r\n                    <\/div>\r\n                <\/div>\r\n            <\/div>\r\n        <\/a>\r\n\r\n            <\/section>","protected":false},"excerpt":{"rendered":"<p>Malajska gramatika: istra\u017eivanje bogatstva Bahasa Melayua Malajski jezik, ili Bahasa Melayu, svrstava se me\u0111u najzastupljenije jezike na svijetu, ujedinjuju\u0107i razli\u010dite narode Malezije, Indonezije, Bruneja i Singapura. Dok se udubite u u\u010denje malajskog, brzo \u0107ete otkriti ljepotu njegove gramatike i rastu\u0107eg jezi\u010dkog pejza\u017ea. Ovaj \u010dlanak ima za cilj da vas upozna sa osnovnim principima malajske gramatike, [&hellip;]<\/p>\n","protected":false},"author":1,"featured_media":115602,"parent":0,"menu_order":0,"comment_status":"closed","ping_status":"closed","template":"LearningContentPage.php","meta":{"_acf_changed":false,"footnotes":""},"class_list":["post-147182","page","type-page","status-publish","has-post-thumbnail","hentry"],"acf":[],"yoast_head":"<!-- This site is optimized with the Yoast SEO Premium plugin v27.2 (Yoast SEO v27.2) - https:\/\/yoast.com\/product\/yoast-seo-premium-wordpress\/ -->\n<title>malajska gramatika - Talkpal<\/title>\n<meta name=\"description\" content=\"Istra\u017eite malajsku gramatiku i saznajte kako njena jednostavnost mo\u017ee pobolj\u0161ati va\u0161e razumijevanje malajskog jezika.\" \/>\n<meta name=\"robots\" content=\"index, follow, max-snippet:-1, max-image-preview:large, max-video-preview:-1\" \/>\n<link rel=\"canonical\" href=\"https:\/\/talkpal.ai\/bs\/malajska-gramatika\/\" \/>\n<meta property=\"og:locale\" content=\"bs_BA\" \/>\n<meta property=\"og:type\" content=\"article\" \/>\n<meta property=\"og:title\" content=\"malajska gramatika\" \/>\n<meta property=\"og:description\" content=\"Malajska gramatika: istra\u017eivanje bogatstva Bahasa Melayua Malajski jezik, ili Bahasa Melayu, svrstava se me\u0111u najzastupljenije jezike na svijetu,\" \/>\n<meta property=\"og:url\" content=\"https:\/\/talkpal.ai\/bs\/malajska-gramatika\/\" \/>\n<meta property=\"og:site_name\" content=\"Talkpal\" \/>\n<meta property=\"article:publisher\" content=\"https:\/\/www.facebook.com\/profile.php?id=100090733639311\" \/>\n<meta property=\"article:modified_time\" content=\"2025-12-17T16:43:05+00:00\" \/>\n<meta property=\"og:image\" content=\"https:\/\/talkpal.ai\/wp-content\/uploads\/2023\/05\/malaysia.png\" \/>\n\t<meta property=\"og:image:width\" content=\"512\" \/>\n\t<meta property=\"og:image:height\" content=\"512\" \/>\n\t<meta property=\"og:image:type\" content=\"image\/png\" \/>\n<meta name=\"twitter:card\" content=\"summary_large_image\" \/>\n<meta name=\"twitter:site\" content=\"@talkpalai\" \/>\n<meta name=\"twitter:label1\" content=\"Est. reading time\" \/>\n\t<meta name=\"twitter:data1\" content=\"3 minute\" \/>\n<script type=\"application\/ld+json\" class=\"yoast-schema-graph\">{\"@context\":\"https:\/\/schema.org\",\"@graph\":[{\"@type\":\"WebPage\",\"@id\":\"https:\/\/talkpal.ai\/bs\/malajska-gramatika\/\",\"url\":\"https:\/\/talkpal.ai\/bs\/malajska-gramatika\/\",\"name\":\"malajska gramatika - Talkpal\",\"isPartOf\":{\"@id\":\"https:\/\/talkpal.ai\/bs\/#website\"},\"primaryImageOfPage\":{\"@id\":\"https:\/\/talkpal.ai\/bs\/malajska-gramatika\/#primaryimage\"},\"image\":{\"@id\":\"https:\/\/talkpal.ai\/bs\/malajska-gramatika\/#primaryimage\"},\"thumbnailUrl\":\"https:\/\/talkpal.ai\/wp-content\/uploads\/2023\/05\/malaysia.png\",\"datePublished\":\"2023-05-14T14:11:47+00:00\",\"dateModified\":\"2025-12-17T16:43:05+00:00\",\"description\":\"Istra\u017eite malajsku gramatiku i saznajte kako njena jednostavnost mo\u017ee pobolj\u0161ati va\u0161e razumijevanje malajskog jezika.\",\"breadcrumb\":{\"@id\":\"https:\/\/talkpal.ai\/bs\/malajska-gramatika\/#breadcrumb\"},\"inLanguage\":\"bs-BA\",\"potentialAction\":[{\"@type\":\"ReadAction\",\"target\":[\"https:\/\/talkpal.ai\/bs\/malajska-gramatika\/\"]}]},{\"@type\":\"ImageObject\",\"inLanguage\":\"bs-BA\",\"@id\":\"https:\/\/talkpal.ai\/bs\/malajska-gramatika\/#primaryimage\",\"url\":\"https:\/\/talkpal.ai\/wp-content\/uploads\/2023\/05\/malaysia.png\",\"contentUrl\":\"https:\/\/talkpal.ai\/wp-content\/uploads\/2023\/05\/malaysia.png\",\"width\":512,\"height\":512},{\"@type\":\"BreadcrumbList\",\"@id\":\"https:\/\/talkpal.ai\/bs\/malajska-gramatika\/#breadcrumb\",\"itemListElement\":[{\"@type\":\"ListItem\",\"position\":1,\"name\":\"Homepage\",\"item\":\"https:\/\/talkpal.ai\/bs\/\"},{\"@type\":\"ListItem\",\"position\":2,\"name\":\"malajska gramatika\"}]},{\"@type\":\"WebSite\",\"@id\":\"https:\/\/talkpal.ai\/bs\/#website\",\"url\":\"https:\/\/talkpal.ai\/bs\/\",\"name\":\"Talkpal\",\"description\":\"AI Language Learning\",\"publisher\":{\"@id\":\"https:\/\/talkpal.ai\/bs\/#organization\"},\"alternateName\":\"Talkpal AI\",\"potentialAction\":[{\"@type\":\"SearchAction\",\"target\":{\"@type\":\"EntryPoint\",\"urlTemplate\":\"https:\/\/talkpal.ai\/bs\/?s={search_term_string}\"},\"query-input\":{\"@type\":\"PropertyValueSpecification\",\"valueRequired\":true,\"valueName\":\"search_term_string\"}}],\"inLanguage\":\"bs-BA\"},{\"@type\":\"Organization\",\"@id\":\"https:\/\/talkpal.ai\/bs\/#organization\",\"name\":\"Talkpal, Inc.\",\"alternateName\":\"Talkpal AI\",\"url\":\"https:\/\/talkpal.ai\/bs\/\",\"logo\":{\"@type\":\"ImageObject\",\"inLanguage\":\"bs-BA\",\"@id\":\"https:\/\/talkpal.ai\/bs\/#\/schema\/logo\/image\/\",\"url\":\"https:\/\/talkpal.ai\/wp-content\/uploads\/2024\/03\/Talkpal-Logo-Icon.png\",\"contentUrl\":\"https:\/\/talkpal.ai\/wp-content\/uploads\/2024\/03\/Talkpal-Logo-Icon.png\",\"width\":2880,\"height\":2880,\"caption\":\"Talkpal, Inc.\"},\"image\":{\"@id\":\"https:\/\/talkpal.ai\/bs\/#\/schema\/logo\/image\/\"},\"sameAs\":[\"https:\/\/www.facebook.com\/profile.php?id=100090733639311\",\"https:\/\/x.com\/talkpalai\",\"https:\/\/www.linkedin.com\/company\/talkpal\/\",\"https:\/\/www.youtube.com\/@TalkPal\/\",\"https:\/\/www.tiktok.com\/@talkpal\",\"https:\/\/www.instagram.com\/talkpal_ai\/\",\"https:\/\/www.crunchbase.com\/organization\/talkpal-9cde\",\"https:\/\/www.g2.com\/products\/talkpal-for-business\/\",\"https:\/\/www.trustpilot.com\/review\/talkpal.ai\",\"https:\/\/www.capterra.com\/p\/10006800\/TalkPal\/\"],\"description\":\"Talkpal is a language learning web and mobile education app, powered by the latest AI technologies, that provides engaging experiences to its customers in many different languages to help them improve their language skills. Users can chat about unlimited amount of topics with the app and use other modes to practice their language learning.\",\"email\":\"support@talkpal.ai\",\"legalName\":\"Talkpal, Inc.\",\"foundingDate\":\"2023-04-03\",\"duns\":\"118989042\",\"numberOfEmployees\":{\"@type\":\"QuantitativeValue\",\"minValue\":\"11\",\"maxValue\":\"50\"},\"publishingPrinciples\":\"https:\/\/talkpal.ai\/publishing-principles\/\",\"actionableFeedbackPolicy\":\"https:\/\/talkpal.ai\/actionable-feedback-policy\/\",\"correctionsPolicy\":\"https:\/\/talkpal.ai\/corrections-policy\/\",\"ethicsPolicy\":\"https:\/\/talkpal.ai\/ethics-policy\/\",\"diversityPolicy\":\"https:\/\/talkpal.ai\/diversity-policy\/\",\"diversityStaffingReport\":\"https:\/\/talkpal.ai\/diversity-policy\/\"}]}<\/script>\n<!-- \/ Yoast SEO Premium plugin. -->","yoast_head_json":{"title":"malajska gramatika - Talkpal","description":"Istra\u017eite malajsku gramatiku i saznajte kako njena jednostavnost mo\u017ee pobolj\u0161ati va\u0161e razumijevanje malajskog jezika.","robots":{"index":"index","follow":"follow","max-snippet":"max-snippet:-1","max-image-preview":"max-image-preview:large","max-video-preview":"max-video-preview:-1"},"canonical":"https:\/\/talkpal.ai\/bs\/malajska-gramatika\/","og_locale":"bs_BA","og_type":"article","og_title":"malajska gramatika","og_description":"Malajska gramatika: istra\u017eivanje bogatstva Bahasa Melayua Malajski jezik, ili Bahasa Melayu, svrstava se me\u0111u najzastupljenije jezike na svijetu,","og_url":"https:\/\/talkpal.ai\/bs\/malajska-gramatika\/","og_site_name":"Talkpal","article_publisher":"https:\/\/www.facebook.com\/profile.php?id=100090733639311","article_modified_time":"2025-12-17T16:43:05+00:00","og_image":[{"width":512,"height":512,"url":"https:\/\/talkpal.ai\/wp-content\/uploads\/2023\/05\/malaysia.png","type":"image\/png"}],"twitter_card":"summary_large_image","twitter_site":"@talkpalai","twitter_misc":{"Est. reading time":"3 minute"},"schema":{"@context":"https:\/\/schema.org","@graph":[{"@type":"WebPage","@id":"https:\/\/talkpal.ai\/bs\/malajska-gramatika\/","url":"https:\/\/talkpal.ai\/bs\/malajska-gramatika\/","name":"malajska gramatika - Talkpal","isPartOf":{"@id":"https:\/\/talkpal.ai\/bs\/#website"},"primaryImageOfPage":{"@id":"https:\/\/talkpal.ai\/bs\/malajska-gramatika\/#primaryimage"},"image":{"@id":"https:\/\/talkpal.ai\/bs\/malajska-gramatika\/#primaryimage"},"thumbnailUrl":"https:\/\/talkpal.ai\/wp-content\/uploads\/2023\/05\/malaysia.png","datePublished":"2023-05-14T14:11:47+00:00","dateModified":"2025-12-17T16:43:05+00:00","description":"Istra\u017eite malajsku gramatiku i saznajte kako njena jednostavnost mo\u017ee pobolj\u0161ati va\u0161e razumijevanje malajskog jezika.","breadcrumb":{"@id":"https:\/\/talkpal.ai\/bs\/malajska-gramatika\/#breadcrumb"},"inLanguage":"bs-BA","potentialAction":[{"@type":"ReadAction","target":["https:\/\/talkpal.ai\/bs\/malajska-gramatika\/"]}]},{"@type":"ImageObject","inLanguage":"bs-BA","@id":"https:\/\/talkpal.ai\/bs\/malajska-gramatika\/#primaryimage","url":"https:\/\/talkpal.ai\/wp-content\/uploads\/2023\/05\/malaysia.png","contentUrl":"https:\/\/talkpal.ai\/wp-content\/uploads\/2023\/05\/malaysia.png","width":512,"height":512},{"@type":"BreadcrumbList","@id":"https:\/\/talkpal.ai\/bs\/malajska-gramatika\/#breadcrumb","itemListElement":[{"@type":"ListItem","position":1,"name":"Homepage","item":"https:\/\/talkpal.ai\/bs\/"},{"@type":"ListItem","position":2,"name":"malajska gramatika"}]},{"@type":"WebSite","@id":"https:\/\/talkpal.ai\/bs\/#website","url":"https:\/\/talkpal.ai\/bs\/","name":"Talkpal","description":"AI Language Learning","publisher":{"@id":"https:\/\/talkpal.ai\/bs\/#organization"},"alternateName":"Talkpal AI","potentialAction":[{"@type":"SearchAction","target":{"@type":"EntryPoint","urlTemplate":"https:\/\/talkpal.ai\/bs\/?s={search_term_string}"},"query-input":{"@type":"PropertyValueSpecification","valueRequired":true,"valueName":"search_term_string"}}],"inLanguage":"bs-BA"},{"@type":"Organization","@id":"https:\/\/talkpal.ai\/bs\/#organization","name":"Talkpal, Inc.","alternateName":"Talkpal AI","url":"https:\/\/talkpal.ai\/bs\/","logo":{"@type":"ImageObject","inLanguage":"bs-BA","@id":"https:\/\/talkpal.ai\/bs\/#\/schema\/logo\/image\/","url":"https:\/\/talkpal.ai\/wp-content\/uploads\/2024\/03\/Talkpal-Logo-Icon.png","contentUrl":"https:\/\/talkpal.ai\/wp-content\/uploads\/2024\/03\/Talkpal-Logo-Icon.png","width":2880,"height":2880,"caption":"Talkpal, Inc."},"image":{"@id":"https:\/\/talkpal.ai\/bs\/#\/schema\/logo\/image\/"},"sameAs":["https:\/\/www.facebook.com\/profile.php?id=100090733639311","https:\/\/x.com\/talkpalai","https:\/\/www.linkedin.com\/company\/talkpal\/","https:\/\/www.youtube.com\/@TalkPal\/","https:\/\/www.tiktok.com\/@talkpal","https:\/\/www.instagram.com\/talkpal_ai\/","https:\/\/www.crunchbase.com\/organization\/talkpal-9cde","https:\/\/www.g2.com\/products\/talkpal-for-business\/","https:\/\/www.trustpilot.com\/review\/talkpal.ai","https:\/\/www.capterra.com\/p\/10006800\/TalkPal\/"],"description":"Talkpal is a language learning web and mobile education app, powered by the latest AI technologies, that provides engaging experiences to its customers in many different languages to help them improve their language skills. Users can chat about unlimited amount of topics with the app and use other modes to practice their language learning.","email":"support@talkpal.ai","legalName":"Talkpal, Inc.","foundingDate":"2023-04-03","duns":"118989042","numberOfEmployees":{"@type":"QuantitativeValue","minValue":"11","maxValue":"50"},"publishingPrinciples":"https:\/\/talkpal.ai\/publishing-principles\/","actionableFeedbackPolicy":"https:\/\/talkpal.ai\/actionable-feedback-policy\/","correctionsPolicy":"https:\/\/talkpal.ai\/corrections-policy\/","ethicsPolicy":"https:\/\/talkpal.ai\/ethics-policy\/","diversityPolicy":"https:\/\/talkpal.ai\/diversity-policy\/","diversityStaffingReport":"https:\/\/talkpal.ai\/diversity-policy\/"}]}},"_links":{"self":[{"href":"https:\/\/talkpal.ai\/bs\/wp-json\/wp\/v2\/pages\/147182","targetHints":{"allow":["GET"]}}],"collection":[{"href":"https:\/\/talkpal.ai\/bs\/wp-json\/wp\/v2\/pages"}],"about":[{"href":"https:\/\/talkpal.ai\/bs\/wp-json\/wp\/v2\/types\/page"}],"author":[{"embeddable":true,"href":"https:\/\/talkpal.ai\/bs\/wp-json\/wp\/v2\/users\/1"}],"replies":[{"embeddable":true,"href":"https:\/\/talkpal.ai\/bs\/wp-json\/wp\/v2\/comments?post=147182"}],"version-history":[{"count":0,"href":"https:\/\/talkpal.ai\/bs\/wp-json\/wp\/v2\/pages\/147182\/revisions"}],"wp:featuredmedia":[{"embeddable":true,"href":"https:\/\/talkpal.ai\/bs\/wp-json\/wp\/v2\/media\/115602"}],"wp:attachment":[{"href":"https:\/\/talkpal.ai\/bs\/wp-json\/wp\/v2\/media?parent=147182"}],"curies":[{"name":"wp","href":"https:\/\/api.w.org\/{rel}","templated":true}]}}