{"id":146880,"date":"2023-05-14T14:11:28","date_gmt":"2023-05-14T14:11:28","guid":{"rendered":"http:\/\/talkpal.ai\/makedonska-gramatika\/"},"modified":"2025-12-17T16:39:48","modified_gmt":"2025-12-17T16:39:48","slug":"makedonska-gramatika","status":"publish","type":"page","link":"https:\/\/talkpal.ai\/bs\/makedonska-gramatika\/","title":{"rendered":"makedonska gramatika"},"content":{"rendered":"\r\n\r\n\r\n<section class=\"languageChallengeSection\">\r\n    <div class=\"languageInfoWrapper\">\r\n        \r\n        <h1>makedonska gramatika<\/h1>\r\n        <p>Zaronite u fascinantan svijet makedonske gramatike i otkrijte strukturu koja stoji iza ovog jedinstvenog ju\u017enoslavenskog jezika. U\u010denje osnova makedonske gramatike omogu\u0107it \u0107e vam da komunicirate sigurnije i istra\u017eite bogatu kulturu Sjeverne Makedonije. Po\u010dnite ve\u0107 danas i napravite prvi korak ka savladavanju makedonskog!<\/p>\r\n\r\n                            <a class=\"getStartedHidden\" href=\"https:\/\/app.talkpal.ai\/signup?lng=\">Kreni<\/a>\r\n        \r\n    <\/div>\r\n\r\n    <figure>\r\n    <img decoding=\"async\" width=\"768\" height=\"768\" src=\"https:\/\/talkpal.ai\/wp-content\/uploads\/2023\/06\/macedonian-768x768.png\" class=\"languageImage no-lazy\" alt=\"Language learning through conversational practice\" fetchpriority=\"high\" sizes=\"(max-width: 768px) 150px, 768px\" srcset=\"https:\/\/talkpal.ai\/wp-content\/uploads\/2023\/06\/macedonian-768x768.png 768w, https:\/\/talkpal.ai\/wp-content\/uploads\/2023\/06\/macedonian-300x300.png 300w\" \/>\r\n    \r\n\r\n    <\/figure>\r\n\r\n            <a class=\"getStartedVisible\" href=\"https:\/\/app.talkpal.ai\/signup?lng=\">Kreni<\/a>\r\n    \r\n<\/section>\r\n<section class=\"promotionalBanner\">\r\n    <p class=\"promotionalText\">Najefikasniji na\u010din za u\u010denje jezika<\/p>\r\n    <a class=\"promotionalLink\" href=\"https:\/\/app.talkpal.ai\/signup?lng=\">Isprobajte Talkpal besplatno<\/a>\r\n<\/section>\n<div class=\"wp-block-group pageContainerStyle\"><div class=\"wp-block-group__inner-container is-layout-constrained wp-block-group-is-layout-constrained\">\n<h2 class=\"wp-block-heading\" id=\"h-unraveling-the-mysteries-of-macedonian-grammar\">Misterija makedonske gramatike<\/h2>\n\n\n\n<p><a href=\"https:\/\/talkpal.ai\/macedonian-grammar\/\">Makedonska gramatika<\/a> \u2013 zamr\u0161ena, ali pristupa\u010dna, fascinantna, ali graciozna, slo\u017eena, ali intrigantna. Dok zapo\u010dinjete svoje putovanje u svet makedonskog jezika, mo\u017eda \u0107ete osetiti me\u0161avinu uzbu\u0111enja i zastra\u0161ivanja kada je u pitanju de\u0161ifrovanje njegovih gramati\u010dkih zagonetki. Ne boj se, strastveni jezi\u010dki entuzijasti! Tu smo da vas podr\u017eimo u ovoj jezi\u010dkoj avanturi!<\/p>\n\n\n\n<p>U ovom zanimljivom \u010dlanku \u0107emo baciti svjetlo na bitne aspekte makedonske gramatike, pru\u017eaju\u0107i uvide, obja\u0161njenja i prakti\u010dne primjere. Otkri\u0107emo da je ovaj fascinantni balkanski jezik pristupa\u010dniji nego \u0161to mislite! Zato se ve\u017eite i dozvolite nam da vam pojednostavimo i demistifikujemo makedonsku gramatiku.<\/p>\n\n\n\n<h3 class=\"wp-block-heading\" id=\"h-1-delightful-declensions-noun-cases-made-easy\">1. divne deklinacije: imenice slu\u010dajevi olak\u0161ani<\/h3>\n\n\n\n<p>Kao i drugi slavenski jezici, <a href=\"https:\/\/talkpal.ai\/learn-macedonian\/\">makedonski<\/a> ima slo\u017een sistem imenica, koji se sastoji od tri slu\u010daja: nominativ, akuzativ i dativ. Iako manje zastra\u0161uju\u0107i od jezika sa vi\u0161e slu\u010dajeva, savladavanje ovih nijansi je od su\u0161tinskog zna\u010daja za postizanje te\u010dnosti. Ovi slu\u010dajevi dodeljuju razli\u010dite uloge imenicama, zamenicama i pridjevima u re\u010denici. Evo kratkog pregleda:<\/p>\n\n\n\n<p><strong>\u2013 Nominativ: Subjekt re\u010denice<\/strong><\/p>\n\n\n\n<p><strong>\u2013 Akuzativ: Direktan objekat ili cilj radnje<\/strong><\/p>\n\n\n\n<p><strong>\u2013 Dativ: indirektni objekat ili koji pokazuje smjer radnje<\/strong><\/p>\n\n\n\n<p>Da bi se prevazi\u0161li ovi slu\u010dajevi, praksa je klju\u010dna. S vremenom i izlaganjem jeziku, ove razlike \u0107e postati druga priroda.<\/p>\n\n\n\n<h3 class=\"wp-block-heading\" id=\"h-2-amiable-adjectives-agreement-is-everything\">2. prijateljski pridjevi : sporazum je sve<\/h3>\n\n\n\n<p>Pridjevi u makedonskoj gramatici su konformisti. Oni se sla\u017eu sa rodom, brojem i slu\u010dajem imenica koje opisuju. To zna\u010di da \u0107ete morati prilagoditi oblik svakog pridjeva kako bi se uskladio s karakteristikama imenice.<\/p>\n\n\n\n<p>Da bi ovaj proces bio glatkiji, fokusirajte se na u\u010denje osnovnih pridjevskih oblika \u2013 mu\u0161kih, \u017eenskih i neuterskih. Uz redovnu praksu, proces pridjevskog sporazuma uskoro \u0107e postati intuitivan.<\/p>\n\n\n\n<h3 class=\"wp-block-heading\" id=\"h-3-vigorous-verbs-conjugation-and-aspect-mastery\">3. energi\u010dni glagoli: konjugacija i majstorstvo aspekta<\/h3>\n\n\n\n<p>Kao i kod drugih slovenskih jezika, makedonski glagoli do\u017eivljavaju zna\u010dajne varijacije. Konjugacija zavisi od napetosti, raspolo\u017eenja, osobe, broja i, \u0161to je najva\u017enije, aspekta.<\/p>\n\n\n\n<p>Makedonski glagoli imaju dva aspekta: savr\u0161eni i nesavr\u0161eni. Savr\u0161eni glagoli izra\u017eavaju potpunu akciju, dok nesavr\u0161eni prenose teku\u0107u ili ponavljaju\u0107u akciju. Razumevanje ovog koncepta je od su\u0161tinskog zna\u010daja za usavr\u0161avanje gramati\u010dke ekspertize.<\/p>\n\n\n\n<h3 class=\"wp-block-heading\" id=\"h-4-pitch-perfect-particles-mastering-stress-and-intonation\">Pitch-perfect Particles: Mastering Stress and Intonation (Originalni naziv)<\/h3>\n\n\n\n<p>Jedinstveni makedonski izazov za u\u010denike jezika je savladavanje prepoznatljivog sistema akcenta koji pripisuje stres i intonaciju slogovima. Ovaj sistem mo\u017ee direktno uticati na zna\u010denje i razumevanje.<\/p>\n\n\n\n<p>Da biste postigli ta\u010dnost u izgovoru i jasno\u0107u u komunikaciji, obratite veliku pa\u017enju na intonacijske obrasce u govoru izvornih govornika makedonskog jezika. Kao po\u010detnik, mo\u017eete se boriti, ali zapamtite da praksa ra\u0111a samopouzdanje i majstorstvo.<\/p>\n\n\n\n<h3 class=\"wp-block-heading\" id=\"h-5-embrace-the-intricacies-persevere-and-prosper\">5. prigrli zamr\u0161enosti: istrajnost i prosperitet<\/h3>\n\n\n\n<p>Makedonska gramatika, na prvi pogled, mo\u017ee izgledati slo\u017eeno, ali imajte na umu da su strpljenje, praksa i upornost tajne uspeha. Komunicirajte sa jezikom kroz \u010ditanje, pisanje, slu\u0161anje i govor. Prihvatite izazove i nagradite se zadovoljstvom napretka.<\/p>\n\n\n\n<p>Dakle, jeste li spremni zaroniti u o\u010daravaju\u0107e podru\u010dje makedonske gramatike? Prigrlite njegove hirove i slo\u017eenosti, u\u017eivajte u suptilnostima, i zapamtite da uz predanost i entuzijazam mo\u017eete otklju\u010dati pravu ljepotu makedonskog jezika. \u0421\u043e \u0441\u0440\u0435\u045c\u0430! (Sretno!)<\/p>\n<\/div><\/div>\n\r\n<section class=\"learnNavigationSection\">\r\n            \r\n        <a href=\"https:\/\/talkpal.ai\/bs\/nauci-makedonski\/\">\r\n            <div class=\"learnNavigationWrapper\">\r\n                <div class=\"learnNavigationContent\">\r\n                    <img decoding=\"async\" src=\"https:\/\/talkpal.ai\/wp-content\/uploads\/2024\/08\/Macedonian.jpg\" alt=\"Macedonian Flag\">\r\n                    <div>\r\n                        <h4>O makedonskom u\u010denju<\/h4>\r\n                        <p>Saznaj sve o makedonskoj gramatici.<\/p>\r\n                    <\/div>\r\n                <\/div>\r\n            <\/div>\r\n        <\/a>\r\n\r\n        \r\n        <a href=\"https:\/\/talkpal.ai\/bs\/makedonske-gramaticke-vezbe\/\">\r\n            <div class=\"learnNavigationWrapper\">\r\n                <div class=\"learnNavigationContent\">\r\n                    <img decoding=\"async\" src=\"https:\/\/talkpal.ai\/wp-content\/uploads\/2024\/08\/Macedonian.jpg\" alt=\"Macedonian Flag\">\r\n                    <div>\r\n                        <h4>Vje\u017eba iz makedonske gramatike<\/h4>\r\n                        <p>Vje\u017ebaj makedonsku gramatiku.<\/p>\r\n                    <\/div>\r\n                <\/div>\r\n            <\/div>\r\n        <\/a>\r\n\r\n        \r\n        <a href=\"https:\/\/talkpal.ai\/vocabulary_language\/macedonian\/\">\r\n            <div class=\"learnNavigationWrapper\">\r\n                <div class=\"learnNavigationContent\">\r\n                    <img decoding=\"async\" src=\"https:\/\/talkpal.ai\/wp-content\/uploads\/2024\/08\/Macedonian.jpg\" alt=\"Macedonian Flag\">\r\n                    <div>\r\n                        <h4>Makedonski vokabular<\/h4>\r\n                        <p>Pro\u0161irite svoj makedonski vokabular.<\/p>\r\n                    <\/div>\r\n                <\/div>\r\n            <\/div>\r\n        <\/a>\r\n\r\n            <\/section>","protected":false},"excerpt":{"rendered":"<p>Misterija makedonske gramatike Makedonska gramatika \u2013 zamr\u0161ena, ali pristupa\u010dna, fascinantna, ali graciozna, slo\u017eena, ali intrigantna. Dok zapo\u010dinjete svoje putovanje u svet makedonskog jezika, mo\u017eda \u0107ete osetiti me\u0161avinu uzbu\u0111enja i zastra\u0161ivanja kada je u pitanju de\u0161ifrovanje njegovih gramati\u010dkih zagonetki. Ne boj se, strastveni jezi\u010dki entuzijasti! Tu smo da vas podr\u017eimo u ovoj jezi\u010dkoj avanturi! U ovom [&hellip;]<\/p>\n","protected":false},"author":1,"featured_media":115357,"parent":0,"menu_order":0,"comment_status":"closed","ping_status":"closed","template":"LearningContentPage.php","meta":{"_acf_changed":false,"footnotes":""},"class_list":["post-146880","page","type-page","status-publish","has-post-thumbnail","hentry"],"acf":[],"yoast_head":"<!-- This site is optimized with the Yoast SEO Premium plugin v27.2 (Yoast SEO v27.2) - https:\/\/yoast.com\/product\/yoast-seo-premium-wordpress\/ -->\n<title>makedonska gramatika - Talkpal<\/title>\n<meta name=\"description\" content=\"Savladajte gramatiku makedonskog jezika bez napora uz Talkpal , va\u0161eg tutora jezika pokretanog umjetnom inteligencijom. Pobolj\u0161ajte svoje znanje gramatike na Makedonskom!\" \/>\n<meta name=\"robots\" content=\"index, follow, max-snippet:-1, max-image-preview:large, max-video-preview:-1\" \/>\n<link rel=\"canonical\" href=\"https:\/\/talkpal.ai\/bs\/makedonska-gramatika\/\" \/>\n<meta property=\"og:locale\" content=\"bs_BA\" \/>\n<meta property=\"og:type\" content=\"article\" \/>\n<meta property=\"og:title\" content=\"makedonska gramatika\" \/>\n<meta property=\"og:description\" content=\"Misterija makedonske gramatike Makedonska gramatika \u2013 zamr\u0161ena, ali pristupa\u010dna, fascinantna, ali graciozna, slo\u017eena, ali intrigantna. Dok zapo\u010dinjete\" \/>\n<meta property=\"og:url\" content=\"https:\/\/talkpal.ai\/bs\/makedonska-gramatika\/\" \/>\n<meta property=\"og:site_name\" content=\"Talkpal\" \/>\n<meta property=\"article:publisher\" content=\"https:\/\/www.facebook.com\/profile.php?id=100090733639311\" \/>\n<meta property=\"article:modified_time\" content=\"2025-12-17T16:39:48+00:00\" \/>\n<meta property=\"og:image\" content=\"https:\/\/talkpal.ai\/wp-content\/uploads\/2023\/05\/republic-of-macedonia.png\" \/>\n\t<meta property=\"og:image:width\" content=\"512\" \/>\n\t<meta property=\"og:image:height\" content=\"512\" \/>\n\t<meta property=\"og:image:type\" content=\"image\/png\" \/>\n<meta name=\"twitter:card\" content=\"summary_large_image\" \/>\n<meta name=\"twitter:site\" content=\"@talkpalai\" \/>\n<meta name=\"twitter:label1\" content=\"Est. reading time\" \/>\n\t<meta name=\"twitter:data1\" content=\"3 minute\" \/>\n<script type=\"application\/ld+json\" class=\"yoast-schema-graph\">{\"@context\":\"https:\/\/schema.org\",\"@graph\":[{\"@type\":\"WebPage\",\"@id\":\"https:\/\/talkpal.ai\/bs\/makedonska-gramatika\/\",\"url\":\"https:\/\/talkpal.ai\/bs\/makedonska-gramatika\/\",\"name\":\"makedonska gramatika - Talkpal\",\"isPartOf\":{\"@id\":\"https:\/\/talkpal.ai\/bs\/#website\"},\"primaryImageOfPage\":{\"@id\":\"https:\/\/talkpal.ai\/bs\/makedonska-gramatika\/#primaryimage\"},\"image\":{\"@id\":\"https:\/\/talkpal.ai\/bs\/makedonska-gramatika\/#primaryimage\"},\"thumbnailUrl\":\"https:\/\/talkpal.ai\/wp-content\/uploads\/2023\/05\/republic-of-macedonia.png\",\"datePublished\":\"2023-05-14T14:11:28+00:00\",\"dateModified\":\"2025-12-17T16:39:48+00:00\",\"description\":\"Savladajte gramatiku makedonskog jezika bez napora uz Talkpal , va\u0161eg tutora jezika pokretanog umjetnom inteligencijom. Pobolj\u0161ajte svoje znanje gramatike na Makedonskom!\",\"breadcrumb\":{\"@id\":\"https:\/\/talkpal.ai\/bs\/makedonska-gramatika\/#breadcrumb\"},\"inLanguage\":\"bs-BA\",\"potentialAction\":[{\"@type\":\"ReadAction\",\"target\":[\"https:\/\/talkpal.ai\/bs\/makedonska-gramatika\/\"]}]},{\"@type\":\"ImageObject\",\"inLanguage\":\"bs-BA\",\"@id\":\"https:\/\/talkpal.ai\/bs\/makedonska-gramatika\/#primaryimage\",\"url\":\"https:\/\/talkpal.ai\/wp-content\/uploads\/2023\/05\/republic-of-macedonia.png\",\"contentUrl\":\"https:\/\/talkpal.ai\/wp-content\/uploads\/2023\/05\/republic-of-macedonia.png\",\"width\":512,\"height\":512},{\"@type\":\"BreadcrumbList\",\"@id\":\"https:\/\/talkpal.ai\/bs\/makedonska-gramatika\/#breadcrumb\",\"itemListElement\":[{\"@type\":\"ListItem\",\"position\":1,\"name\":\"Homepage\",\"item\":\"https:\/\/talkpal.ai\/bs\/\"},{\"@type\":\"ListItem\",\"position\":2,\"name\":\"makedonska gramatika\"}]},{\"@type\":\"WebSite\",\"@id\":\"https:\/\/talkpal.ai\/bs\/#website\",\"url\":\"https:\/\/talkpal.ai\/bs\/\",\"name\":\"Talkpal\",\"description\":\"AI Language Learning\",\"publisher\":{\"@id\":\"https:\/\/talkpal.ai\/bs\/#organization\"},\"alternateName\":\"Talkpal AI\",\"potentialAction\":[{\"@type\":\"SearchAction\",\"target\":{\"@type\":\"EntryPoint\",\"urlTemplate\":\"https:\/\/talkpal.ai\/bs\/?s={search_term_string}\"},\"query-input\":{\"@type\":\"PropertyValueSpecification\",\"valueRequired\":true,\"valueName\":\"search_term_string\"}}],\"inLanguage\":\"bs-BA\"},{\"@type\":\"Organization\",\"@id\":\"https:\/\/talkpal.ai\/bs\/#organization\",\"name\":\"Talkpal, Inc.\",\"alternateName\":\"Talkpal AI\",\"url\":\"https:\/\/talkpal.ai\/bs\/\",\"logo\":{\"@type\":\"ImageObject\",\"inLanguage\":\"bs-BA\",\"@id\":\"https:\/\/talkpal.ai\/bs\/#\/schema\/logo\/image\/\",\"url\":\"https:\/\/talkpal.ai\/wp-content\/uploads\/2024\/03\/Talkpal-Logo-Icon.png\",\"contentUrl\":\"https:\/\/talkpal.ai\/wp-content\/uploads\/2024\/03\/Talkpal-Logo-Icon.png\",\"width\":2880,\"height\":2880,\"caption\":\"Talkpal, Inc.\"},\"image\":{\"@id\":\"https:\/\/talkpal.ai\/bs\/#\/schema\/logo\/image\/\"},\"sameAs\":[\"https:\/\/www.facebook.com\/profile.php?id=100090733639311\",\"https:\/\/x.com\/talkpalai\",\"https:\/\/www.linkedin.com\/company\/talkpal\/\",\"https:\/\/www.youtube.com\/@TalkPal\/\",\"https:\/\/www.tiktok.com\/@talkpal\",\"https:\/\/www.instagram.com\/talkpal_ai\/\",\"https:\/\/www.crunchbase.com\/organization\/talkpal-9cde\",\"https:\/\/www.g2.com\/products\/talkpal-for-business\/\",\"https:\/\/www.trustpilot.com\/review\/talkpal.ai\",\"https:\/\/www.capterra.com\/p\/10006800\/TalkPal\/\"],\"description\":\"Talkpal is a language learning web and mobile education app, powered by the latest AI technologies, that provides engaging experiences to its customers in many different languages to help them improve their language skills. Users can chat about unlimited amount of topics with the app and use other modes to practice their language learning.\",\"email\":\"support@talkpal.ai\",\"legalName\":\"Talkpal, Inc.\",\"foundingDate\":\"2023-04-03\",\"duns\":\"118989042\",\"numberOfEmployees\":{\"@type\":\"QuantitativeValue\",\"minValue\":\"11\",\"maxValue\":\"50\"},\"publishingPrinciples\":\"https:\/\/talkpal.ai\/publishing-principles\/\",\"actionableFeedbackPolicy\":\"https:\/\/talkpal.ai\/actionable-feedback-policy\/\",\"correctionsPolicy\":\"https:\/\/talkpal.ai\/corrections-policy\/\",\"ethicsPolicy\":\"https:\/\/talkpal.ai\/ethics-policy\/\",\"diversityPolicy\":\"https:\/\/talkpal.ai\/diversity-policy\/\",\"diversityStaffingReport\":\"https:\/\/talkpal.ai\/diversity-policy\/\"}]}<\/script>\n<!-- \/ Yoast SEO Premium plugin. -->","yoast_head_json":{"title":"makedonska gramatika - Talkpal","description":"Savladajte gramatiku makedonskog jezika bez napora uz Talkpal , va\u0161eg tutora jezika pokretanog umjetnom inteligencijom. Pobolj\u0161ajte svoje znanje gramatike na Makedonskom!","robots":{"index":"index","follow":"follow","max-snippet":"max-snippet:-1","max-image-preview":"max-image-preview:large","max-video-preview":"max-video-preview:-1"},"canonical":"https:\/\/talkpal.ai\/bs\/makedonska-gramatika\/","og_locale":"bs_BA","og_type":"article","og_title":"makedonska gramatika","og_description":"Misterija makedonske gramatike Makedonska gramatika \u2013 zamr\u0161ena, ali pristupa\u010dna, fascinantna, ali graciozna, slo\u017eena, ali intrigantna. Dok zapo\u010dinjete","og_url":"https:\/\/talkpal.ai\/bs\/makedonska-gramatika\/","og_site_name":"Talkpal","article_publisher":"https:\/\/www.facebook.com\/profile.php?id=100090733639311","article_modified_time":"2025-12-17T16:39:48+00:00","og_image":[{"width":512,"height":512,"url":"https:\/\/talkpal.ai\/wp-content\/uploads\/2023\/05\/republic-of-macedonia.png","type":"image\/png"}],"twitter_card":"summary_large_image","twitter_site":"@talkpalai","twitter_misc":{"Est. reading time":"3 minute"},"schema":{"@context":"https:\/\/schema.org","@graph":[{"@type":"WebPage","@id":"https:\/\/talkpal.ai\/bs\/makedonska-gramatika\/","url":"https:\/\/talkpal.ai\/bs\/makedonska-gramatika\/","name":"makedonska gramatika - Talkpal","isPartOf":{"@id":"https:\/\/talkpal.ai\/bs\/#website"},"primaryImageOfPage":{"@id":"https:\/\/talkpal.ai\/bs\/makedonska-gramatika\/#primaryimage"},"image":{"@id":"https:\/\/talkpal.ai\/bs\/makedonska-gramatika\/#primaryimage"},"thumbnailUrl":"https:\/\/talkpal.ai\/wp-content\/uploads\/2023\/05\/republic-of-macedonia.png","datePublished":"2023-05-14T14:11:28+00:00","dateModified":"2025-12-17T16:39:48+00:00","description":"Savladajte gramatiku makedonskog jezika bez napora uz Talkpal , va\u0161eg tutora jezika pokretanog umjetnom inteligencijom. Pobolj\u0161ajte svoje znanje gramatike na Makedonskom!","breadcrumb":{"@id":"https:\/\/talkpal.ai\/bs\/makedonska-gramatika\/#breadcrumb"},"inLanguage":"bs-BA","potentialAction":[{"@type":"ReadAction","target":["https:\/\/talkpal.ai\/bs\/makedonska-gramatika\/"]}]},{"@type":"ImageObject","inLanguage":"bs-BA","@id":"https:\/\/talkpal.ai\/bs\/makedonska-gramatika\/#primaryimage","url":"https:\/\/talkpal.ai\/wp-content\/uploads\/2023\/05\/republic-of-macedonia.png","contentUrl":"https:\/\/talkpal.ai\/wp-content\/uploads\/2023\/05\/republic-of-macedonia.png","width":512,"height":512},{"@type":"BreadcrumbList","@id":"https:\/\/talkpal.ai\/bs\/makedonska-gramatika\/#breadcrumb","itemListElement":[{"@type":"ListItem","position":1,"name":"Homepage","item":"https:\/\/talkpal.ai\/bs\/"},{"@type":"ListItem","position":2,"name":"makedonska gramatika"}]},{"@type":"WebSite","@id":"https:\/\/talkpal.ai\/bs\/#website","url":"https:\/\/talkpal.ai\/bs\/","name":"Talkpal","description":"AI Language Learning","publisher":{"@id":"https:\/\/talkpal.ai\/bs\/#organization"},"alternateName":"Talkpal AI","potentialAction":[{"@type":"SearchAction","target":{"@type":"EntryPoint","urlTemplate":"https:\/\/talkpal.ai\/bs\/?s={search_term_string}"},"query-input":{"@type":"PropertyValueSpecification","valueRequired":true,"valueName":"search_term_string"}}],"inLanguage":"bs-BA"},{"@type":"Organization","@id":"https:\/\/talkpal.ai\/bs\/#organization","name":"Talkpal, Inc.","alternateName":"Talkpal AI","url":"https:\/\/talkpal.ai\/bs\/","logo":{"@type":"ImageObject","inLanguage":"bs-BA","@id":"https:\/\/talkpal.ai\/bs\/#\/schema\/logo\/image\/","url":"https:\/\/talkpal.ai\/wp-content\/uploads\/2024\/03\/Talkpal-Logo-Icon.png","contentUrl":"https:\/\/talkpal.ai\/wp-content\/uploads\/2024\/03\/Talkpal-Logo-Icon.png","width":2880,"height":2880,"caption":"Talkpal, Inc."},"image":{"@id":"https:\/\/talkpal.ai\/bs\/#\/schema\/logo\/image\/"},"sameAs":["https:\/\/www.facebook.com\/profile.php?id=100090733639311","https:\/\/x.com\/talkpalai","https:\/\/www.linkedin.com\/company\/talkpal\/","https:\/\/www.youtube.com\/@TalkPal\/","https:\/\/www.tiktok.com\/@talkpal","https:\/\/www.instagram.com\/talkpal_ai\/","https:\/\/www.crunchbase.com\/organization\/talkpal-9cde","https:\/\/www.g2.com\/products\/talkpal-for-business\/","https:\/\/www.trustpilot.com\/review\/talkpal.ai","https:\/\/www.capterra.com\/p\/10006800\/TalkPal\/"],"description":"Talkpal is a language learning web and mobile education app, powered by the latest AI technologies, that provides engaging experiences to its customers in many different languages to help them improve their language skills. Users can chat about unlimited amount of topics with the app and use other modes to practice their language learning.","email":"support@talkpal.ai","legalName":"Talkpal, Inc.","foundingDate":"2023-04-03","duns":"118989042","numberOfEmployees":{"@type":"QuantitativeValue","minValue":"11","maxValue":"50"},"publishingPrinciples":"https:\/\/talkpal.ai\/publishing-principles\/","actionableFeedbackPolicy":"https:\/\/talkpal.ai\/actionable-feedback-policy\/","correctionsPolicy":"https:\/\/talkpal.ai\/corrections-policy\/","ethicsPolicy":"https:\/\/talkpal.ai\/ethics-policy\/","diversityPolicy":"https:\/\/talkpal.ai\/diversity-policy\/","diversityStaffingReport":"https:\/\/talkpal.ai\/diversity-policy\/"}]}},"_links":{"self":[{"href":"https:\/\/talkpal.ai\/bs\/wp-json\/wp\/v2\/pages\/146880","targetHints":{"allow":["GET"]}}],"collection":[{"href":"https:\/\/talkpal.ai\/bs\/wp-json\/wp\/v2\/pages"}],"about":[{"href":"https:\/\/talkpal.ai\/bs\/wp-json\/wp\/v2\/types\/page"}],"author":[{"embeddable":true,"href":"https:\/\/talkpal.ai\/bs\/wp-json\/wp\/v2\/users\/1"}],"replies":[{"embeddable":true,"href":"https:\/\/talkpal.ai\/bs\/wp-json\/wp\/v2\/comments?post=146880"}],"version-history":[{"count":0,"href":"https:\/\/talkpal.ai\/bs\/wp-json\/wp\/v2\/pages\/146880\/revisions"}],"wp:featuredmedia":[{"embeddable":true,"href":"https:\/\/talkpal.ai\/bs\/wp-json\/wp\/v2\/media\/115357"}],"wp:attachment":[{"href":"https:\/\/talkpal.ai\/bs\/wp-json\/wp\/v2\/media?parent=146880"}],"curies":[{"name":"wp","href":"https:\/\/api.w.org\/{rel}","templated":true}]}}