{"id":146564,"date":"2023-05-14T14:11:00","date_gmt":"2023-05-14T14:11:00","guid":{"rendered":"http:\/\/talkpal.ai\/kazahstanska-gramatika\/"},"modified":"2025-12-17T16:58:21","modified_gmt":"2025-12-17T16:58:21","slug":"kazahstanska-gramatika","status":"publish","type":"page","link":"https:\/\/talkpal.ai\/bs\/kazahstanska-gramatika\/","title":{"rendered":"Kazahstanska gramatika"},"content":{"rendered":"\r\n\r\n\r\n<section class=\"languageChallengeSection\">\r\n    <div class=\"languageInfoWrapper\">\r\n        \r\n        <h1>Kazahstanska gramatika<\/h1>\r\n        <p>U\u010denje kaza\u0161kog jezika otvara vrata jeziku bogatom historijom i kulturom, a u njegovoj sr\u017ei le\u017ei fascinantan gramati\u010dki sistem. Iako kaza\u0161ka <a href=\"https:\/\/talkpal.ai\/sq\/gramatika\/\">gramatika<\/a> na prvi pogled mo\u017ee izgledati slo\u017eeno, razumijevanje njenih osnovnih karakteristika &#8211; poput harmonije samoglasnika, pade\u017ea imenica i glagolskih vremena &#8211; \u010dini savladavanje jezika i ostvarivim i korisnim. Zaronite i otkrijte \u0161ta Kazahstan \u010dini jedinstvenim!<\/p>\r\n\r\n                            <a class=\"getStartedHidden\" href=\"https:\/\/app.talkpal.ai\/signup?lng=\">Kreni<\/a>\r\n        \r\n    <\/div>\r\n\r\n    <figure>\r\n    <img decoding=\"async\" width=\"768\" height=\"768\" src=\"https:\/\/talkpal.ai\/wp-content\/uploads\/2023\/06\/Khazak-768x768.png\" class=\"languageImage no-lazy\" alt=\"Language learning for increased negotiation skills\" fetchpriority=\"high\" sizes=\"(max-width: 768px) 150px, 768px\" srcset=\"https:\/\/talkpal.ai\/wp-content\/uploads\/2023\/06\/Khazak-768x768.png 768w, https:\/\/talkpal.ai\/wp-content\/uploads\/2023\/06\/Khazak-300x300.png 300w\" \/>\r\n    \r\n\r\n    <\/figure>\r\n\r\n            <a class=\"getStartedVisible\" href=\"https:\/\/app.talkpal.ai\/signup?lng=\">Kreni<\/a>\r\n    \r\n<\/section>\r\n<section class=\"promotionalBanner\">\r\n    <p class=\"promotionalText\">Najefikasniji na\u010din za u\u010denje jezika<\/p>\r\n    <a class=\"promotionalLink\" href=\"https:\/\/app.talkpal.ai\/signup?lng=\">Isprobajte Talkpal besplatno<\/a>\r\n<\/section>\n<div class=\"wp-block-group pageContainerStyle\"><div class=\"wp-block-group__inner-container is-layout-constrained wp-block-group-is-layout-constrained\">\n<h2 class=\"wp-block-heading\" id=\"h-kazakh-grammar-unlocking-the-secrets-of-the-kazakh-language\">Kazahstanska gramatika: Otkrivanje tajni kazahstanskog jezika<\/h2>\n\n\n\n<p>Kada je re\u010d o u\u010denju kazahstanskog jezika, razumevanje osnova kaza\u0161ke gramatike je od su\u0161tinskog zna\u010daja za otkrivanje njenih tajni. Iako se u po\u010detku mo\u017ee \u010diniti zastra\u0161uju\u0107im, gramati\u010dki sistem se mo\u017ee pohvaliti jedinstvenim karakteristikama koje \u010dine jezik fascinantnim. Ovaj \u010dlanak nastoji da rasvijetli klju\u010dne aspekte kazahstanske gramatike, pru\u017eaju\u0107i razgovorni i neformalni uvod u bogatu strukturu jezika.<\/p>\n\n\n\n<h3 class=\"wp-block-heading\" id=\"h-1-nouns-harmony-in-cases-and-declensions\">1. imenice \u2013 Harmonija u slu\u010dajevima i deklinacijama<\/h3>\n\n\n\n<p>Jedna od prvih stvari koje treba razmotriti u kazahstanskoj gramatici je struktura imenice. Jezik koristi sistem harmonije samoglasnika, gdje su samoglasnici ili naprijed ili nazad, a preferiraju se harmoni\u010dne kombinacije. Ovaj sistem se vezuje za imenice mno\u017eine, koje se formiraju kroz razli\u010dite sufikse koji odgovaraju harmonijskoj grupi po\u010detne imenice.<\/p>\n\n\n\n<p>Kazahstanske imenice se pridr\u017eavaju sedam slu\u010dajeva: nominativ, genitiv, dativ, akuzativ, lokativ, ablativ i instrumental. Iako je u po\u010detku zastra\u0161uju\u0107e, ovladavanje ovim slu\u010dajevima je klju\u010dno u formiranju ta\u010dnih struktura re\u010denica. Slu\u010dajevi odre\u0111uju odnose izme\u0111u re\u010di, omogu\u0107avaju\u0107i fleksibilnost u redosledu re\u010di bez gubitka zna\u010denja.<\/p>\n\n\n\n<h3 class=\"wp-block-heading\" id=\"h-2-adjectives-agreement-and-comparison\">2. pridjevi \u2013 Sporazum i usporedba<\/h3>\n\n\n\n<p>Kazahstanski pridjevi se koriste za opisivanje i pru\u017eanje vi\u0161e informacija o imenicama. Moraju se slo\u017eiti sa imenicom koju mijenjaju u smislu slu\u010daja i broja. Pored toga, pridjevi se mogu uporediti koriste\u0107i komparativne i superlativne stepene, postignute dodavanjem odgovaraju\u0107ih sufiksa, kako bi se prenijeli razli\u010diti nivoi naglaska.<\/p>\n\n\n\n<p>Na primjer, rije\u010d za &#8220;lijepo&#8221; na kazahstanskom je &#8220;sy\u04a3\u0161i&#8221;. Kada se opisuje prelepa ba\u0161ta (ba\u049b), fraza bi bila \u201esy\u04a3\u0161y ba\u049b\u201c. Da biste rekli \u201elep\u0161e\u201c, upotrebili biste \u201esy\u04a3\u0161yra\u049b\u201c, dok bi se \u201enajlep\u0161i\u201c formirao pomo\u0107u \u201esy\u04a3\u0161y\u201c. Da biste rekli \u201enajlep\u0161a ba\u0161ta\u201c, upotrebili biste \u201esy\u04a3\u0161y ba\u049b\u201c.<\/p>\n\n\n\n<h3 class=\"wp-block-heading\" id=\"h-3-verbs-tense-mood-and-aspect\">3. glagoli \u2013 napetost, raspolo\u017eenje i aspekt<\/h3>\n\n\n\n<p>Glagoli na kazahstanskom jeziku prikazuju napetost, raspolo\u017eenje i aspekt. Jezik sadr\u017ei tri glavna vremena: pro\u0161lost, sada\u0161njost i budu\u0107nost. Svako vreme ima razli\u010dite oblike zasnovane na zamenici predmeta, raspolo\u017eenju (kao \u0161to je imperativno ili uslovno) i aspektu (<a href=\"https:\/\/talkpal.ai\/culture\/what-is-the-difference-between-da-li-and-je-li-in-forming-questions\/\">da li<\/a> je radnja savr\u0161ena, odra\u017eava zavr\u0161enu radnju ili nesavr\u0161ena, \u0161to ukazuje na teku\u0107u ili uobi\u010dajenu akciju).<\/p>\n\n\n\n<h3 class=\"wp-block-heading\" id=\"h-4-pronouns-personal-and-demonstrative\">4. zamjenice \u2013 Osobne i demonstrativne<\/h3>\n\n\n\n<p>Zamjenice u kazahstanskoj gramatici uklju\u010duju li\u010dne, posesivne, demonstrativne, ispitiva\u010dke i relativne sorte. Moraju se slo\u017eiti u slu\u010daju i broju sa imenicom koju pominju ili zamjenjuju. Demonstrativne zamjenice, na primjer, imaju tri oblika: proksimalni (\u0431\u04b1\u043b), medijalni (\u043e\u0441\u044b) i distalni (\u0430\u043d\u0430\u0443), ovisno o udaljenosti do govornika.<\/p>\n\n\n\n<h3 class=\"wp-block-heading\" id=\"h-5-embracing-the-uniqueness-of-kazakh-grammar\">Prihvatanje jedinstvenosti kazahstanske gramatike<\/h3>\n\n\n\n<p>Dok kre\u0107ete na svoje putovanje kazahstanskim jezikom, zapamtite da se ne radi o savladavanju nijansi odjednom. U\u017eivanje u otkrivanju jedinstvenog gramati\u010dkog sistema koji razdvaja <a href=\"https:\/\/talkpal.ai\/hr\/ucite-kazahstanski\/\">kazahstanski jezik<\/a> i oduzima vreme da ga razume bez ose\u0107aja preoptere\u0107enosti.<\/p>\n\n\n\n<p>Uva\u017eavaju\u0107i i istra\u017euju\u0107i posebnosti kazahstanske gramatike, zaista mo\u017eete otkriti ljepotu jezika, dobijaju\u0107i bolji pristup bogatom kulturnom naslije\u0111u koje on oli\u010dava. \u0421\u04d9\u0442\u0442\u0456 \u043e\u049b\u0443 \u2013 Sretno u\u010denje!<\/p>\n<\/div><\/div>\n\r\n<section class=\"learnNavigationSection\">\r\n            \r\n        <a href=\"https:\/\/talkpal.ai\/bs\/nauci-kazaski\/\">\r\n            <div class=\"learnNavigationWrapper\">\r\n                <div class=\"learnNavigationContent\">\r\n                    <img decoding=\"async\" src=\"https:\/\/talkpal.ai\/wp-content\/uploads\/2024\/08\/Kazakh.jpg\" alt=\"Kazakh Flag\">\r\n                    <div>\r\n                        <h4>O u\u010denju Kazahstana<\/h4>\r\n                        <p>Saznaj sve o kazahstanskoj gramatici.<\/p>\r\n                    <\/div>\r\n                <\/div>\r\n            <\/div>\r\n        <\/a>\r\n\r\n        \r\n        <a href=\"https:\/\/talkpal.ai\/bs\/kazahstanske-gramaticke-vezbe\/\">\r\n            <div class=\"learnNavigationWrapper\">\r\n                <div class=\"learnNavigationContent\">\r\n                    <img decoding=\"async\" src=\"https:\/\/talkpal.ai\/wp-content\/uploads\/2024\/08\/Kazakh.jpg\" alt=\"Kazakh Flag\">\r\n                    <div>\r\n                        <h4>Vje\u017eba za kazahstansku gramatiku<\/h4>\r\n                        <p>Praktikuj kaza\u0161ku gramatiku.<\/p>\r\n                    <\/div>\r\n                <\/div>\r\n            <\/div>\r\n        <\/a>\r\n\r\n        \r\n        <a href=\"https:\/\/talkpal.ai\/vocabulary_language\/kazakh\/\">\r\n            <div class=\"learnNavigationWrapper\">\r\n                <div class=\"learnNavigationContent\">\r\n                    <img decoding=\"async\" src=\"https:\/\/talkpal.ai\/wp-content\/uploads\/2024\/08\/Kazakh.jpg\" alt=\"Kazakh Flag\">\r\n                    <div>\r\n                        <h4>Kazahski vokabular<\/h4>\r\n                        <p>Pro\u0161irite svoj kazahstanski vokabular.<\/p>\r\n                    <\/div>\r\n                <\/div>\r\n            <\/div>\r\n        <\/a>\r\n\r\n            <\/section>","protected":false},"excerpt":{"rendered":"<p>Kazahstanska gramatika: Otkrivanje tajni kazahstanskog jezika Kada je re\u010d o u\u010denju kazahstanskog jezika, razumevanje osnova kaza\u0161ke gramatike je od su\u0161tinskog zna\u010daja za otkrivanje njenih tajni. Iako se u po\u010detku mo\u017ee \u010diniti zastra\u0161uju\u0107im, gramati\u010dki sistem se mo\u017ee pohvaliti jedinstvenim karakteristikama koje \u010dine jezik fascinantnim. Ovaj \u010dlanak nastoji da rasvijetli klju\u010dne aspekte kazahstanske gramatike, pru\u017eaju\u0107i razgovorni i [&hellip;]<\/p>\n","protected":false},"author":1,"featured_media":146572,"parent":0,"menu_order":0,"comment_status":"closed","ping_status":"closed","template":"LearningContentPage.php","meta":{"_acf_changed":false,"footnotes":""},"class_list":["post-146564","page","type-page","status-publish","has-post-thumbnail","hentry"],"acf":[],"yoast_head":"<!-- This site is optimized with the Yoast SEO Premium plugin v27.2 (Yoast SEO v27.2) - https:\/\/yoast.com\/product\/yoast-seo-premium-wordpress\/ -->\n<title>Kazahstanska gramatika - Talkpal<\/title>\n<meta name=\"description\" content=\"Savladajte kaza\u0161ku gramatiku bez napora - nau\u010dite osnovna pravila, vje\u017ebajte strukturu re\u010denica i brzo pobolj\u0161ajte svoju te\u010dnost\" \/>\n<meta name=\"robots\" content=\"index, follow, max-snippet:-1, max-image-preview:large, max-video-preview:-1\" \/>\n<link rel=\"canonical\" href=\"https:\/\/talkpal.ai\/bs\/kazahstanska-gramatika\/\" \/>\n<meta property=\"og:locale\" content=\"bs_BA\" \/>\n<meta property=\"og:type\" content=\"article\" \/>\n<meta property=\"og:title\" content=\"Kazahstanska gramatika\" \/>\n<meta property=\"og:description\" content=\"Kazahstanska gramatika: Otkrivanje tajni kazahstanskog jezika Kada je re\u010d o u\u010denju kazahstanskog jezika, razumevanje osnova kaza\u0161ke gramatike je od\" \/>\n<meta property=\"og:url\" content=\"https:\/\/talkpal.ai\/bs\/kazahstanska-gramatika\/\" \/>\n<meta property=\"og:site_name\" content=\"Talkpal\" \/>\n<meta property=\"article:publisher\" content=\"https:\/\/www.facebook.com\/profile.php?id=100090733639311\" \/>\n<meta property=\"article:modified_time\" content=\"2025-12-17T16:58:21+00:00\" \/>\n<meta property=\"og:image\" content=\"https:\/\/talkpal.ai\/wp-content\/uploads\/2023\/05\/kazakhstan.png\" \/>\n\t<meta property=\"og:image:width\" content=\"512\" \/>\n\t<meta property=\"og:image:height\" content=\"512\" \/>\n\t<meta property=\"og:image:type\" content=\"image\/png\" \/>\n<meta name=\"twitter:card\" content=\"summary_large_image\" \/>\n<meta name=\"twitter:site\" content=\"@talkpalai\" \/>\n<meta name=\"twitter:label1\" content=\"Est. reading time\" \/>\n\t<meta name=\"twitter:data1\" content=\"3 minute\" \/>\n<script type=\"application\/ld+json\" class=\"yoast-schema-graph\">{\"@context\":\"https:\/\/schema.org\",\"@graph\":[{\"@type\":\"WebPage\",\"@id\":\"https:\/\/talkpal.ai\/bs\/kazahstanska-gramatika\/\",\"url\":\"https:\/\/talkpal.ai\/bs\/kazahstanska-gramatika\/\",\"name\":\"Kazahstanska gramatika - Talkpal\",\"isPartOf\":{\"@id\":\"https:\/\/talkpal.ai\/bs\/#website\"},\"primaryImageOfPage\":{\"@id\":\"https:\/\/talkpal.ai\/bs\/kazahstanska-gramatika\/#primaryimage\"},\"image\":{\"@id\":\"https:\/\/talkpal.ai\/bs\/kazahstanska-gramatika\/#primaryimage\"},\"thumbnailUrl\":\"https:\/\/talkpal.ai\/wp-content\/uploads\/2023\/05\/kazakhstan.png\",\"datePublished\":\"2023-05-14T14:11:00+00:00\",\"dateModified\":\"2025-12-17T16:58:21+00:00\",\"description\":\"Savladajte kaza\u0161ku gramatiku bez napora - nau\u010dite osnovna pravila, vje\u017ebajte strukturu re\u010denica i brzo pobolj\u0161ajte svoju te\u010dnost\",\"breadcrumb\":{\"@id\":\"https:\/\/talkpal.ai\/bs\/kazahstanska-gramatika\/#breadcrumb\"},\"inLanguage\":\"bs-BA\",\"potentialAction\":[{\"@type\":\"ReadAction\",\"target\":[\"https:\/\/talkpal.ai\/bs\/kazahstanska-gramatika\/\"]}]},{\"@type\":\"ImageObject\",\"inLanguage\":\"bs-BA\",\"@id\":\"https:\/\/talkpal.ai\/bs\/kazahstanska-gramatika\/#primaryimage\",\"url\":\"https:\/\/talkpal.ai\/wp-content\/uploads\/2023\/05\/kazakhstan.png\",\"contentUrl\":\"https:\/\/talkpal.ai\/wp-content\/uploads\/2023\/05\/kazakhstan.png\",\"width\":512,\"height\":512},{\"@type\":\"BreadcrumbList\",\"@id\":\"https:\/\/talkpal.ai\/bs\/kazahstanska-gramatika\/#breadcrumb\",\"itemListElement\":[{\"@type\":\"ListItem\",\"position\":1,\"name\":\"Homepage\",\"item\":\"https:\/\/talkpal.ai\/bs\/\"},{\"@type\":\"ListItem\",\"position\":2,\"name\":\"Kazahstanska gramatika\"}]},{\"@type\":\"WebSite\",\"@id\":\"https:\/\/talkpal.ai\/bs\/#website\",\"url\":\"https:\/\/talkpal.ai\/bs\/\",\"name\":\"Talkpal\",\"description\":\"AI Language Learning\",\"publisher\":{\"@id\":\"https:\/\/talkpal.ai\/bs\/#organization\"},\"alternateName\":\"Talkpal AI\",\"potentialAction\":[{\"@type\":\"SearchAction\",\"target\":{\"@type\":\"EntryPoint\",\"urlTemplate\":\"https:\/\/talkpal.ai\/bs\/?s={search_term_string}\"},\"query-input\":{\"@type\":\"PropertyValueSpecification\",\"valueRequired\":true,\"valueName\":\"search_term_string\"}}],\"inLanguage\":\"bs-BA\"},{\"@type\":\"Organization\",\"@id\":\"https:\/\/talkpal.ai\/bs\/#organization\",\"name\":\"Talkpal, Inc.\",\"alternateName\":\"Talkpal AI\",\"url\":\"https:\/\/talkpal.ai\/bs\/\",\"logo\":{\"@type\":\"ImageObject\",\"inLanguage\":\"bs-BA\",\"@id\":\"https:\/\/talkpal.ai\/bs\/#\/schema\/logo\/image\/\",\"url\":\"https:\/\/talkpal.ai\/wp-content\/uploads\/2024\/03\/Talkpal-Logo-Icon.png\",\"contentUrl\":\"https:\/\/talkpal.ai\/wp-content\/uploads\/2024\/03\/Talkpal-Logo-Icon.png\",\"width\":2880,\"height\":2880,\"caption\":\"Talkpal, Inc.\"},\"image\":{\"@id\":\"https:\/\/talkpal.ai\/bs\/#\/schema\/logo\/image\/\"},\"sameAs\":[\"https:\/\/www.facebook.com\/profile.php?id=100090733639311\",\"https:\/\/x.com\/talkpalai\",\"https:\/\/www.linkedin.com\/company\/talkpal\/\",\"https:\/\/www.youtube.com\/@TalkPal\/\",\"https:\/\/www.tiktok.com\/@talkpal\",\"https:\/\/www.instagram.com\/talkpal_ai\/\",\"https:\/\/www.crunchbase.com\/organization\/talkpal-9cde\",\"https:\/\/www.g2.com\/products\/talkpal-for-business\/\",\"https:\/\/www.trustpilot.com\/review\/talkpal.ai\",\"https:\/\/www.capterra.com\/p\/10006800\/TalkPal\/\"],\"description\":\"Talkpal is a language learning web and mobile education app, powered by the latest AI technologies, that provides engaging experiences to its customers in many different languages to help them improve their language skills. Users can chat about unlimited amount of topics with the app and use other modes to practice their language learning.\",\"email\":\"support@talkpal.ai\",\"legalName\":\"Talkpal, Inc.\",\"foundingDate\":\"2023-04-03\",\"duns\":\"118989042\",\"numberOfEmployees\":{\"@type\":\"QuantitativeValue\",\"minValue\":\"11\",\"maxValue\":\"50\"},\"publishingPrinciples\":\"https:\/\/talkpal.ai\/publishing-principles\/\",\"actionableFeedbackPolicy\":\"https:\/\/talkpal.ai\/actionable-feedback-policy\/\",\"correctionsPolicy\":\"https:\/\/talkpal.ai\/corrections-policy\/\",\"ethicsPolicy\":\"https:\/\/talkpal.ai\/ethics-policy\/\",\"diversityPolicy\":\"https:\/\/talkpal.ai\/diversity-policy\/\",\"diversityStaffingReport\":\"https:\/\/talkpal.ai\/diversity-policy\/\"}]}<\/script>\n<!-- \/ Yoast SEO Premium plugin. -->","yoast_head_json":{"title":"Kazahstanska gramatika - Talkpal","description":"Savladajte kaza\u0161ku gramatiku bez napora - nau\u010dite osnovna pravila, vje\u017ebajte strukturu re\u010denica i brzo pobolj\u0161ajte svoju te\u010dnost","robots":{"index":"index","follow":"follow","max-snippet":"max-snippet:-1","max-image-preview":"max-image-preview:large","max-video-preview":"max-video-preview:-1"},"canonical":"https:\/\/talkpal.ai\/bs\/kazahstanska-gramatika\/","og_locale":"bs_BA","og_type":"article","og_title":"Kazahstanska gramatika","og_description":"Kazahstanska gramatika: Otkrivanje tajni kazahstanskog jezika Kada je re\u010d o u\u010denju kazahstanskog jezika, razumevanje osnova kaza\u0161ke gramatike je od","og_url":"https:\/\/talkpal.ai\/bs\/kazahstanska-gramatika\/","og_site_name":"Talkpal","article_publisher":"https:\/\/www.facebook.com\/profile.php?id=100090733639311","article_modified_time":"2025-12-17T16:58:21+00:00","og_image":[{"width":512,"height":512,"url":"https:\/\/talkpal.ai\/wp-content\/uploads\/2023\/05\/kazakhstan.png","type":"image\/png"}],"twitter_card":"summary_large_image","twitter_site":"@talkpalai","twitter_misc":{"Est. reading time":"3 minute"},"schema":{"@context":"https:\/\/schema.org","@graph":[{"@type":"WebPage","@id":"https:\/\/talkpal.ai\/bs\/kazahstanska-gramatika\/","url":"https:\/\/talkpal.ai\/bs\/kazahstanska-gramatika\/","name":"Kazahstanska gramatika - Talkpal","isPartOf":{"@id":"https:\/\/talkpal.ai\/bs\/#website"},"primaryImageOfPage":{"@id":"https:\/\/talkpal.ai\/bs\/kazahstanska-gramatika\/#primaryimage"},"image":{"@id":"https:\/\/talkpal.ai\/bs\/kazahstanska-gramatika\/#primaryimage"},"thumbnailUrl":"https:\/\/talkpal.ai\/wp-content\/uploads\/2023\/05\/kazakhstan.png","datePublished":"2023-05-14T14:11:00+00:00","dateModified":"2025-12-17T16:58:21+00:00","description":"Savladajte kaza\u0161ku gramatiku bez napora - nau\u010dite osnovna pravila, vje\u017ebajte strukturu re\u010denica i brzo pobolj\u0161ajte svoju te\u010dnost","breadcrumb":{"@id":"https:\/\/talkpal.ai\/bs\/kazahstanska-gramatika\/#breadcrumb"},"inLanguage":"bs-BA","potentialAction":[{"@type":"ReadAction","target":["https:\/\/talkpal.ai\/bs\/kazahstanska-gramatika\/"]}]},{"@type":"ImageObject","inLanguage":"bs-BA","@id":"https:\/\/talkpal.ai\/bs\/kazahstanska-gramatika\/#primaryimage","url":"https:\/\/talkpal.ai\/wp-content\/uploads\/2023\/05\/kazakhstan.png","contentUrl":"https:\/\/talkpal.ai\/wp-content\/uploads\/2023\/05\/kazakhstan.png","width":512,"height":512},{"@type":"BreadcrumbList","@id":"https:\/\/talkpal.ai\/bs\/kazahstanska-gramatika\/#breadcrumb","itemListElement":[{"@type":"ListItem","position":1,"name":"Homepage","item":"https:\/\/talkpal.ai\/bs\/"},{"@type":"ListItem","position":2,"name":"Kazahstanska gramatika"}]},{"@type":"WebSite","@id":"https:\/\/talkpal.ai\/bs\/#website","url":"https:\/\/talkpal.ai\/bs\/","name":"Talkpal","description":"AI Language Learning","publisher":{"@id":"https:\/\/talkpal.ai\/bs\/#organization"},"alternateName":"Talkpal AI","potentialAction":[{"@type":"SearchAction","target":{"@type":"EntryPoint","urlTemplate":"https:\/\/talkpal.ai\/bs\/?s={search_term_string}"},"query-input":{"@type":"PropertyValueSpecification","valueRequired":true,"valueName":"search_term_string"}}],"inLanguage":"bs-BA"},{"@type":"Organization","@id":"https:\/\/talkpal.ai\/bs\/#organization","name":"Talkpal, Inc.","alternateName":"Talkpal AI","url":"https:\/\/talkpal.ai\/bs\/","logo":{"@type":"ImageObject","inLanguage":"bs-BA","@id":"https:\/\/talkpal.ai\/bs\/#\/schema\/logo\/image\/","url":"https:\/\/talkpal.ai\/wp-content\/uploads\/2024\/03\/Talkpal-Logo-Icon.png","contentUrl":"https:\/\/talkpal.ai\/wp-content\/uploads\/2024\/03\/Talkpal-Logo-Icon.png","width":2880,"height":2880,"caption":"Talkpal, Inc."},"image":{"@id":"https:\/\/talkpal.ai\/bs\/#\/schema\/logo\/image\/"},"sameAs":["https:\/\/www.facebook.com\/profile.php?id=100090733639311","https:\/\/x.com\/talkpalai","https:\/\/www.linkedin.com\/company\/talkpal\/","https:\/\/www.youtube.com\/@TalkPal\/","https:\/\/www.tiktok.com\/@talkpal","https:\/\/www.instagram.com\/talkpal_ai\/","https:\/\/www.crunchbase.com\/organization\/talkpal-9cde","https:\/\/www.g2.com\/products\/talkpal-for-business\/","https:\/\/www.trustpilot.com\/review\/talkpal.ai","https:\/\/www.capterra.com\/p\/10006800\/TalkPal\/"],"description":"Talkpal is a language learning web and mobile education app, powered by the latest AI technologies, that provides engaging experiences to its customers in many different languages to help them improve their language skills. Users can chat about unlimited amount of topics with the app and use other modes to practice their language learning.","email":"support@talkpal.ai","legalName":"Talkpal, Inc.","foundingDate":"2023-04-03","duns":"118989042","numberOfEmployees":{"@type":"QuantitativeValue","minValue":"11","maxValue":"50"},"publishingPrinciples":"https:\/\/talkpal.ai\/publishing-principles\/","actionableFeedbackPolicy":"https:\/\/talkpal.ai\/actionable-feedback-policy\/","correctionsPolicy":"https:\/\/talkpal.ai\/corrections-policy\/","ethicsPolicy":"https:\/\/talkpal.ai\/ethics-policy\/","diversityPolicy":"https:\/\/talkpal.ai\/diversity-policy\/","diversityStaffingReport":"https:\/\/talkpal.ai\/diversity-policy\/"}]}},"_links":{"self":[{"href":"https:\/\/talkpal.ai\/bs\/wp-json\/wp\/v2\/pages\/146564","targetHints":{"allow":["GET"]}}],"collection":[{"href":"https:\/\/talkpal.ai\/bs\/wp-json\/wp\/v2\/pages"}],"about":[{"href":"https:\/\/talkpal.ai\/bs\/wp-json\/wp\/v2\/types\/page"}],"author":[{"embeddable":true,"href":"https:\/\/talkpal.ai\/bs\/wp-json\/wp\/v2\/users\/1"}],"replies":[{"embeddable":true,"href":"https:\/\/talkpal.ai\/bs\/wp-json\/wp\/v2\/comments?post=146564"}],"version-history":[{"count":0,"href":"https:\/\/talkpal.ai\/bs\/wp-json\/wp\/v2\/pages\/146564\/revisions"}],"wp:featuredmedia":[{"embeddable":true,"href":"https:\/\/talkpal.ai\/bs\/wp-json\/wp\/v2\/media\/146572"}],"wp:attachment":[{"href":"https:\/\/talkpal.ai\/bs\/wp-json\/wp\/v2\/media?parent=146564"}],"curies":[{"name":"wp","href":"https:\/\/api.w.org\/{rel}","templated":true}]}}