{"id":146232,"date":"2023-05-14T14:10:42","date_gmt":"2023-05-14T14:10:42","guid":{"rendered":"http:\/\/talkpal.ai\/litvanska-gramatika\/"},"modified":"2025-12-12T10:52:53","modified_gmt":"2025-12-12T10:52:53","slug":"litvanska-gramatika","status":"publish","type":"page","link":"https:\/\/talkpal.ai\/bs\/litvanska-gramatika\/","title":{"rendered":"litvanska gramatika"},"content":{"rendered":"\r\n\r\n\r\n<section class=\"languageChallengeSection\">\r\n    <div class=\"languageInfoWrapper\">\r\n        \r\n        <h1>litvanska gramatika<\/h1>\r\n        <p>Zapo\u010dnite svoje putovanje kroz litvansku gramatiku i otkrijte jedan od najstarijih i najfascinantnijih jezika u Evropi. Nau\u010dite osnovna pravila i obrasce kako biste izgradili sna\u017enu jezi\u010dku osnovu. Zaronite odmah i po\u010dnite savladavati <a href=\"https:\/\/talkpal.ai\/learn-lithuanian\/\">litvanski<\/a> ve\u0107 danas!<\/p>\r\n\r\n                            <a class=\"getStartedHidden\" href=\"https:\/\/app.talkpal.ai\/signup?lng=\">Kreni<\/a>\r\n        \r\n    <\/div>\r\n\r\n    <figure>\r\n    <img decoding=\"async\" width=\"768\" height=\"768\" src=\"https:\/\/talkpal.ai\/wp-content\/uploads\/2023\/06\/lithuenian-768x768.png\" class=\"languageImage no-lazy\" alt=\"Language learning for boosting creativity\" fetchpriority=\"high\" sizes=\"(max-width: 768px) 150px, 768px\" srcset=\"https:\/\/talkpal.ai\/wp-content\/uploads\/2023\/06\/lithuenian-768x768.png 768w, https:\/\/talkpal.ai\/wp-content\/uploads\/2023\/06\/lithuenian-300x300.png 300w\" \/>\r\n    \r\n\r\n    <\/figure>\r\n\r\n            <a class=\"getStartedVisible\" href=\"https:\/\/app.talkpal.ai\/signup?lng=\">Kreni<\/a>\r\n    \r\n<\/section>\r\n<section class=\"promotionalBanner\">\r\n    <p class=\"promotionalText\">Najefikasniji na\u010din za u\u010denje jezika<\/p>\r\n    <a class=\"promotionalLink\" href=\"https:\/\/app.talkpal.ai\/signup?lng=\">Isprobajte Talkpal besplatno<\/a>\r\n<\/section>\n<div class=\"wp-block-group pageContainerStyle\"><div class=\"wp-block-group__inner-container is-layout-constrained wp-block-group-is-layout-constrained\">\n<h2 class=\"wp-block-heading\" id=\"h-lithuanian-grammar-a-fascinating-journey-through-language\">Litvanska gramatika: fascinantno putovanje kroz jezik<\/h2>\n\n\n\n<p><a href=\"https:\/\/talkpal.ai\/culture\/what-is-the-difference-between-da-li-and-je-li-in-forming-questions\/\">Da li<\/a> ste ikada razmi\u0161ljali o u\u010denju litvanskog ili ste se jednostavno zaintrigirali njegovom jedinstvenom gramatikom? Pa, \u010deka vas poslastica! <a href=\"https:\/\/talkpal.ai\/lithuanian-grammar\/\">Litvanska gramatika<\/a> u po\u010detku mo\u017ee izgledati \u010dudno, ali nemojte pogrije\u0161iti \u2013 ona pokazuje izvrsnu lingvisti\u010dku logiku. U ovom \u010dlanku \u0107emo razviti razli\u010dite aspekte litvanske gramatike, osna\u017euju\u0107i vas da cenite njen \u0161arm.<\/p>\n\n\n\n<p><a href=\"https:\/\/talkpal.ai\/learn-lithuanian\/\">Litvanski<\/a> je balti\u010dki jezik koji se prvenstveno govori u Litvaniji, ali se susre\u0107e i u susjednim zemljama. Kao jedan od najstarijih \u017eivu\u0107ih indoevropskih jezika, zadr\u017eao je arhai\u010dne osobine, daju\u0107i uvid u razvoj drugih jezika unutar jezi\u010dke porodice. Ovaj istorijski zna\u010daj \u010dini litvanski posebno o\u010daravaju\u0107im za ljubitelje jezika.<\/p>\n\n\n\n<p>Pogledajmo sada neke klju\u010dne aspekte litvanske gramatike.<\/p>\n\n\n\n<h3 class=\"wp-block-heading\" id=\"h-1-nouns-cases-and-declensions\">1. imenice, slu\u010dajevi i deklinacije<\/h3>\n\n\n\n<p>Jedna od najistaknutijih karakteristika litvanske gramatike je njen slo\u017eeni sistem slu\u010dajeva. Imenice usvajaju razli\u010dite oblike u zavisnosti od njihove funkcije u re\u010denici i <a href=\"https:\/\/talkpal.ai\/culture\/what-is-the-difference-between-da-li-and-je-li-in-forming-questions\/\">da li<\/a> odra\u017eavaju subjekt, objekat ili primaoca radnje. Litvanac ima sedam slu\u010dajeva: nominativ, genitiv, dativ, akuzativ, instrumentalni, lokativ i vokativ.<\/p>\n\n\n\n<p>Uzmimo za primjer imenicu \u201cvaikas\u201d (dijete). Mo\u017ee se transformisati u &#8220;vaiko&#8221;, &#8220;vaikui&#8221;, &#8220;vaik\u0105&#8221; i tako dalje na osnovu uloge koju igra u re\u010denici. Pored toga, na zavr\u0161etke uti\u010de rod imenice (mu\u0161ki ili \u017eenski) i dalje se dele na deklinacije, \u0161to jezik \u010dini jo\u0161 raznovrsnijim.<\/p>\n\n\n\n<h3 class=\"wp-block-heading\" id=\"h-2-verb-conjugation-and-tenses\">2. konjugacija glagola i napetosti<\/h3>\n\n\n\n<p>Litvanski glagoli mijenjaju svoje zavr\u0161etke ovisno o osobi i broju (jednina ili mno\u017eina) subjekta. Na primjer, glagol \u201ceiti\u201d (i\u0107i) mo\u017ee postati \u201ceinu\u201d (ja idem), \u201ceinate\u201d (ti -mno\u017eina- idi), \u201ceina\u201d (oni idu), izme\u0111u ostalih oblika.<\/p>\n\n\n\n<p>Litvanski ima \u010detiri glavna vremena: sada\u0161njost, pro\u0161lost, pro\u0161lost iterativ i budu\u0107nost. Zanimljivo je da jezik ima i markere aspekta: savr\u0161ene i nesavr\u0161ene. Ovi markeri pru\u017eaju dodatne informacije o tome da li je radnja zavr\u0161ena ili u toku. Na primjer, \u201cne\u0161ti\u201d (nositi \u2013 nesavr\u0161eno) naspram \u201cnat\u201d (nositi \u2013 savr\u0161eno).<\/p>\n\n\n\n<h3 class=\"wp-block-heading\" id=\"h-3-sentence-structure-and-word-order\">3. struktura re\u010denice i redoslijed rije\u010di<\/h3>\n\n\n\n<p>Iako litvanski op\u0107enito slijedi SVO (subjekt-glagol-objekt) redoslijed rije\u010di, njegov sistem ku\u0107i\u0161ta omogu\u0107ava zna\u010dajnu fleksibilnost. Za razliku od engleskog, gdje red rije\u010di obi\u010dno definira zna\u010denje re\u010denice, pomicanje rije\u010di na litvanskom ne mijenja zna\u010denje. Na primjer, \u201ckat\u0117 valgo \u017euv\u012f\u201d (ma\u010dka jede ribu) tako\u0111er mo\u017ee biti \u201c\u017euv\u012f valgo kat\u0117\u201d bez gubitka ili promjene zna\u010denja.<\/p>\n\n\n\n<p>Ova fleksibilnost vam omogu\u0107ava da se igrate sa strukturom re\u010denice, nagla\u0161avate odre\u0111ene elemente ili generi\u0161ete nijanse kako postajete ve\u0161tiji u jeziku.<\/p>\n\n\n\n<h3 class=\"wp-block-heading\" id=\"h-4-adjectives-adverbs-and-agreement-rules\">Pridjevi, prilozi i pravila sporazuma<\/h3>\n\n\n\n<p>Kao i mnogi jezici, pridjevi i prilozi na litvanskom jeziku opisuju imenice i glagole, ali tako\u0111er slijede specifi\u010dna pravila sporazuma. Konkretno, pridjevi se moraju slo\u017eiti sa imenicom koju mijenjaju u slu\u010daju, polu i broju. Jednom kada shvatite slu\u010dajeve imenica i konjugacije glagola, ova pravila \u0107e do\u0107i prirodnije.<\/p>\n\n\n\n<p>Pa, jesi li spreman da zaroni\u0161 u litvansku gramatiku? Sa uporno\u0161\u0107u, posve\u0107eno\u0161\u0107u i odgovaraju\u0107im resursima, u\u010denje litvanskog &#8211; bogato historijom i kulturnim naslije\u0111em &#8211; je neizmjerno nagra\u0111uju\u0107e iskustvo. Savladajte jezik korak po korak, dosledno ve\u017ebajte i ostanite otvoreni za u\u010denje na sopstvenim gre\u0161kama. S\u0117km\u0117s! (Sretno!)<\/p>\n<\/div><\/div>\n\r\n<section class=\"learnNavigationSection\">\r\n            \r\n        <a href=\"https:\/\/talkpal.ai\/bs\/nauci-litvanski\/\">\r\n            <div class=\"learnNavigationWrapper\">\r\n                <div class=\"learnNavigationContent\">\r\n                    <img decoding=\"async\" src=\"https:\/\/talkpal.ai\/wp-content\/uploads\/2024\/08\/Lithuanian.jpg\" alt=\"Lithuanian Flag\">\r\n                    <div>\r\n                        <h4>O u\u010denju litvanskog<\/h4>\r\n                        <p>Saznaj sve o litvanskoj gramatici.<\/p>\r\n                    <\/div>\r\n                <\/div>\r\n            <\/div>\r\n        <\/a>\r\n\r\n        \r\n        <a href=\"https:\/\/talkpal.ai\/bs\/litvanske-gramaticke-vezbe\/\">\r\n            <div class=\"learnNavigationWrapper\">\r\n                <div class=\"learnNavigationContent\">\r\n                    <img decoding=\"async\" src=\"https:\/\/talkpal.ai\/wp-content\/uploads\/2024\/08\/Lithuanian.jpg\" alt=\"Lithuanian Flag\">\r\n                    <div>\r\n                        <h4>Vje\u017eba litvanske gramatike<\/h4>\r\n                        <p>Vje\u017ebaj litvansku gramatiku.<\/p>\r\n                    <\/div>\r\n                <\/div>\r\n            <\/div>\r\n        <\/a>\r\n\r\n        \r\n        <a href=\"https:\/\/talkpal.ai\/vocabulary_language\/lithuanian\/\">\r\n            <div class=\"learnNavigationWrapper\">\r\n                <div class=\"learnNavigationContent\">\r\n                    <img decoding=\"async\" src=\"https:\/\/talkpal.ai\/wp-content\/uploads\/2024\/08\/Lithuanian.jpg\" alt=\"Lithuanian Flag\">\r\n                    <div>\r\n                        <h4>Litvanski vokabular<\/h4>\r\n                        <p>Pro\u0161irite svoj litvanski vokabular.<\/p>\r\n                    <\/div>\r\n                <\/div>\r\n            <\/div>\r\n        <\/a>\r\n\r\n            <\/section>","protected":false},"excerpt":{"rendered":"<p>Litvanska gramatika: fascinantno putovanje kroz jezik Da li ste ikada razmi\u0161ljali o u\u010denju litvanskog ili ste se jednostavno zaintrigirali njegovom jedinstvenom gramatikom? Pa, \u010deka vas poslastica! Litvanska gramatika u po\u010detku mo\u017ee izgledati \u010dudno, ali nemojte pogrije\u0161iti \u2013 ona pokazuje izvrsnu lingvisti\u010dku logiku. U ovom \u010dlanku \u0107emo razviti razli\u010dite aspekte litvanske gramatike, osna\u017euju\u0107i vas da cenite [&hellip;]<\/p>\n","protected":false},"author":1,"featured_media":146238,"parent":0,"menu_order":0,"comment_status":"closed","ping_status":"closed","template":"LearningContentPage.php","meta":{"_acf_changed":false,"footnotes":""},"class_list":["post-146232","page","type-page","status-publish","has-post-thumbnail","hentry"],"acf":[],"yoast_head":"<!-- This site is optimized with the Yoast SEO Premium plugin v27.2 (Yoast SEO v27.2) - https:\/\/yoast.com\/product\/yoast-seo-premium-wordpress\/ -->\n<title>litvanska gramatika - Talkpal<\/title>\n<meta name=\"description\" content=\"Otkrijte kako litvanska gramatika odra\u017eava historijsko bogatstvo i logiku, \u0161to je \u010dini savr\u0161enom za prou\u010davanje ljubitelja jezika.\" \/>\n<meta name=\"robots\" content=\"index, follow, max-snippet:-1, max-image-preview:large, max-video-preview:-1\" \/>\n<link rel=\"canonical\" href=\"https:\/\/talkpal.ai\/bs\/litvanska-gramatika\/\" \/>\n<meta property=\"og:locale\" content=\"bs_BA\" \/>\n<meta property=\"og:type\" content=\"article\" \/>\n<meta property=\"og:title\" content=\"litvanska gramatika\" \/>\n<meta property=\"og:description\" content=\"Litvanska gramatika: fascinantno putovanje kroz jezik Da li ste ikada razmi\u0161ljali o u\u010denju litvanskog ili ste se jednostavno zaintrigirali njegovom\" \/>\n<meta property=\"og:url\" content=\"https:\/\/talkpal.ai\/bs\/litvanska-gramatika\/\" \/>\n<meta property=\"og:site_name\" content=\"Talkpal\" \/>\n<meta property=\"article:publisher\" content=\"https:\/\/www.facebook.com\/profile.php?id=100090733639311\" \/>\n<meta property=\"article:modified_time\" content=\"2025-12-12T10:52:53+00:00\" \/>\n<meta property=\"og:image\" content=\"https:\/\/talkpal.ai\/wp-content\/uploads\/2023\/05\/Lithuanian.png\" \/>\n\t<meta property=\"og:image:width\" content=\"512\" \/>\n\t<meta property=\"og:image:height\" content=\"512\" \/>\n\t<meta property=\"og:image:type\" content=\"image\/png\" \/>\n<meta name=\"twitter:card\" content=\"summary_large_image\" \/>\n<meta name=\"twitter:site\" content=\"@talkpalai\" \/>\n<meta name=\"twitter:label1\" content=\"Est. reading time\" \/>\n\t<meta name=\"twitter:data1\" content=\"3 minute\" \/>\n<script type=\"application\/ld+json\" class=\"yoast-schema-graph\">{\"@context\":\"https:\/\/schema.org\",\"@graph\":[{\"@type\":\"WebPage\",\"@id\":\"https:\/\/talkpal.ai\/bs\/litvanska-gramatika\/\",\"url\":\"https:\/\/talkpal.ai\/bs\/litvanska-gramatika\/\",\"name\":\"litvanska gramatika - Talkpal\",\"isPartOf\":{\"@id\":\"https:\/\/talkpal.ai\/bs\/#website\"},\"primaryImageOfPage\":{\"@id\":\"https:\/\/talkpal.ai\/bs\/litvanska-gramatika\/#primaryimage\"},\"image\":{\"@id\":\"https:\/\/talkpal.ai\/bs\/litvanska-gramatika\/#primaryimage\"},\"thumbnailUrl\":\"https:\/\/talkpal.ai\/wp-content\/uploads\/2023\/05\/Lithuanian.png\",\"datePublished\":\"2023-05-14T14:10:42+00:00\",\"dateModified\":\"2025-12-12T10:52:53+00:00\",\"description\":\"Otkrijte kako litvanska gramatika odra\u017eava historijsko bogatstvo i logiku, \u0161to je \u010dini savr\u0161enom za prou\u010davanje ljubitelja jezika.\",\"breadcrumb\":{\"@id\":\"https:\/\/talkpal.ai\/bs\/litvanska-gramatika\/#breadcrumb\"},\"inLanguage\":\"bs-BA\",\"potentialAction\":[{\"@type\":\"ReadAction\",\"target\":[\"https:\/\/talkpal.ai\/bs\/litvanska-gramatika\/\"]}]},{\"@type\":\"ImageObject\",\"inLanguage\":\"bs-BA\",\"@id\":\"https:\/\/talkpal.ai\/bs\/litvanska-gramatika\/#primaryimage\",\"url\":\"https:\/\/talkpal.ai\/wp-content\/uploads\/2023\/05\/Lithuanian.png\",\"contentUrl\":\"https:\/\/talkpal.ai\/wp-content\/uploads\/2023\/05\/Lithuanian.png\",\"width\":512,\"height\":512},{\"@type\":\"BreadcrumbList\",\"@id\":\"https:\/\/talkpal.ai\/bs\/litvanska-gramatika\/#breadcrumb\",\"itemListElement\":[{\"@type\":\"ListItem\",\"position\":1,\"name\":\"Homepage\",\"item\":\"https:\/\/talkpal.ai\/bs\/\"},{\"@type\":\"ListItem\",\"position\":2,\"name\":\"litvanska gramatika\"}]},{\"@type\":\"WebSite\",\"@id\":\"https:\/\/talkpal.ai\/bs\/#website\",\"url\":\"https:\/\/talkpal.ai\/bs\/\",\"name\":\"Talkpal\",\"description\":\"AI Language Learning\",\"publisher\":{\"@id\":\"https:\/\/talkpal.ai\/bs\/#organization\"},\"alternateName\":\"Talkpal AI\",\"potentialAction\":[{\"@type\":\"SearchAction\",\"target\":{\"@type\":\"EntryPoint\",\"urlTemplate\":\"https:\/\/talkpal.ai\/bs\/?s={search_term_string}\"},\"query-input\":{\"@type\":\"PropertyValueSpecification\",\"valueRequired\":true,\"valueName\":\"search_term_string\"}}],\"inLanguage\":\"bs-BA\"},{\"@type\":\"Organization\",\"@id\":\"https:\/\/talkpal.ai\/bs\/#organization\",\"name\":\"Talkpal, Inc.\",\"alternateName\":\"Talkpal AI\",\"url\":\"https:\/\/talkpal.ai\/bs\/\",\"logo\":{\"@type\":\"ImageObject\",\"inLanguage\":\"bs-BA\",\"@id\":\"https:\/\/talkpal.ai\/bs\/#\/schema\/logo\/image\/\",\"url\":\"https:\/\/talkpal.ai\/wp-content\/uploads\/2024\/03\/Talkpal-Logo-Icon.png\",\"contentUrl\":\"https:\/\/talkpal.ai\/wp-content\/uploads\/2024\/03\/Talkpal-Logo-Icon.png\",\"width\":2880,\"height\":2880,\"caption\":\"Talkpal, Inc.\"},\"image\":{\"@id\":\"https:\/\/talkpal.ai\/bs\/#\/schema\/logo\/image\/\"},\"sameAs\":[\"https:\/\/www.facebook.com\/profile.php?id=100090733639311\",\"https:\/\/x.com\/talkpalai\",\"https:\/\/www.linkedin.com\/company\/talkpal\/\",\"https:\/\/www.youtube.com\/@TalkPal\/\",\"https:\/\/www.tiktok.com\/@talkpal\",\"https:\/\/www.instagram.com\/talkpal_ai\/\",\"https:\/\/www.crunchbase.com\/organization\/talkpal-9cde\",\"https:\/\/www.g2.com\/products\/talkpal-for-business\/\",\"https:\/\/www.trustpilot.com\/review\/talkpal.ai\",\"https:\/\/www.capterra.com\/p\/10006800\/TalkPal\/\"],\"description\":\"Talkpal is a language learning web and mobile education app, powered by the latest AI technologies, that provides engaging experiences to its customers in many different languages to help them improve their language skills. Users can chat about unlimited amount of topics with the app and use other modes to practice their language learning.\",\"email\":\"support@talkpal.ai\",\"legalName\":\"Talkpal, Inc.\",\"foundingDate\":\"2023-04-03\",\"duns\":\"118989042\",\"numberOfEmployees\":{\"@type\":\"QuantitativeValue\",\"minValue\":\"11\",\"maxValue\":\"50\"},\"publishingPrinciples\":\"https:\/\/talkpal.ai\/publishing-principles\/\",\"actionableFeedbackPolicy\":\"https:\/\/talkpal.ai\/actionable-feedback-policy\/\",\"correctionsPolicy\":\"https:\/\/talkpal.ai\/corrections-policy\/\",\"ethicsPolicy\":\"https:\/\/talkpal.ai\/ethics-policy\/\",\"diversityPolicy\":\"https:\/\/talkpal.ai\/diversity-policy\/\",\"diversityStaffingReport\":\"https:\/\/talkpal.ai\/diversity-policy\/\"}]}<\/script>\n<!-- \/ Yoast SEO Premium plugin. -->","yoast_head_json":{"title":"litvanska gramatika - Talkpal","description":"Otkrijte kako litvanska gramatika odra\u017eava historijsko bogatstvo i logiku, \u0161to je \u010dini savr\u0161enom za prou\u010davanje ljubitelja jezika.","robots":{"index":"index","follow":"follow","max-snippet":"max-snippet:-1","max-image-preview":"max-image-preview:large","max-video-preview":"max-video-preview:-1"},"canonical":"https:\/\/talkpal.ai\/bs\/litvanska-gramatika\/","og_locale":"bs_BA","og_type":"article","og_title":"litvanska gramatika","og_description":"Litvanska gramatika: fascinantno putovanje kroz jezik Da li ste ikada razmi\u0161ljali o u\u010denju litvanskog ili ste se jednostavno zaintrigirali njegovom","og_url":"https:\/\/talkpal.ai\/bs\/litvanska-gramatika\/","og_site_name":"Talkpal","article_publisher":"https:\/\/www.facebook.com\/profile.php?id=100090733639311","article_modified_time":"2025-12-12T10:52:53+00:00","og_image":[{"width":512,"height":512,"url":"https:\/\/talkpal.ai\/wp-content\/uploads\/2023\/05\/Lithuanian.png","type":"image\/png"}],"twitter_card":"summary_large_image","twitter_site":"@talkpalai","twitter_misc":{"Est. reading time":"3 minute"},"schema":{"@context":"https:\/\/schema.org","@graph":[{"@type":"WebPage","@id":"https:\/\/talkpal.ai\/bs\/litvanska-gramatika\/","url":"https:\/\/talkpal.ai\/bs\/litvanska-gramatika\/","name":"litvanska gramatika - Talkpal","isPartOf":{"@id":"https:\/\/talkpal.ai\/bs\/#website"},"primaryImageOfPage":{"@id":"https:\/\/talkpal.ai\/bs\/litvanska-gramatika\/#primaryimage"},"image":{"@id":"https:\/\/talkpal.ai\/bs\/litvanska-gramatika\/#primaryimage"},"thumbnailUrl":"https:\/\/talkpal.ai\/wp-content\/uploads\/2023\/05\/Lithuanian.png","datePublished":"2023-05-14T14:10:42+00:00","dateModified":"2025-12-12T10:52:53+00:00","description":"Otkrijte kako litvanska gramatika odra\u017eava historijsko bogatstvo i logiku, \u0161to je \u010dini savr\u0161enom za prou\u010davanje ljubitelja jezika.","breadcrumb":{"@id":"https:\/\/talkpal.ai\/bs\/litvanska-gramatika\/#breadcrumb"},"inLanguage":"bs-BA","potentialAction":[{"@type":"ReadAction","target":["https:\/\/talkpal.ai\/bs\/litvanska-gramatika\/"]}]},{"@type":"ImageObject","inLanguage":"bs-BA","@id":"https:\/\/talkpal.ai\/bs\/litvanska-gramatika\/#primaryimage","url":"https:\/\/talkpal.ai\/wp-content\/uploads\/2023\/05\/Lithuanian.png","contentUrl":"https:\/\/talkpal.ai\/wp-content\/uploads\/2023\/05\/Lithuanian.png","width":512,"height":512},{"@type":"BreadcrumbList","@id":"https:\/\/talkpal.ai\/bs\/litvanska-gramatika\/#breadcrumb","itemListElement":[{"@type":"ListItem","position":1,"name":"Homepage","item":"https:\/\/talkpal.ai\/bs\/"},{"@type":"ListItem","position":2,"name":"litvanska gramatika"}]},{"@type":"WebSite","@id":"https:\/\/talkpal.ai\/bs\/#website","url":"https:\/\/talkpal.ai\/bs\/","name":"Talkpal","description":"AI Language Learning","publisher":{"@id":"https:\/\/talkpal.ai\/bs\/#organization"},"alternateName":"Talkpal AI","potentialAction":[{"@type":"SearchAction","target":{"@type":"EntryPoint","urlTemplate":"https:\/\/talkpal.ai\/bs\/?s={search_term_string}"},"query-input":{"@type":"PropertyValueSpecification","valueRequired":true,"valueName":"search_term_string"}}],"inLanguage":"bs-BA"},{"@type":"Organization","@id":"https:\/\/talkpal.ai\/bs\/#organization","name":"Talkpal, Inc.","alternateName":"Talkpal AI","url":"https:\/\/talkpal.ai\/bs\/","logo":{"@type":"ImageObject","inLanguage":"bs-BA","@id":"https:\/\/talkpal.ai\/bs\/#\/schema\/logo\/image\/","url":"https:\/\/talkpal.ai\/wp-content\/uploads\/2024\/03\/Talkpal-Logo-Icon.png","contentUrl":"https:\/\/talkpal.ai\/wp-content\/uploads\/2024\/03\/Talkpal-Logo-Icon.png","width":2880,"height":2880,"caption":"Talkpal, Inc."},"image":{"@id":"https:\/\/talkpal.ai\/bs\/#\/schema\/logo\/image\/"},"sameAs":["https:\/\/www.facebook.com\/profile.php?id=100090733639311","https:\/\/x.com\/talkpalai","https:\/\/www.linkedin.com\/company\/talkpal\/","https:\/\/www.youtube.com\/@TalkPal\/","https:\/\/www.tiktok.com\/@talkpal","https:\/\/www.instagram.com\/talkpal_ai\/","https:\/\/www.crunchbase.com\/organization\/talkpal-9cde","https:\/\/www.g2.com\/products\/talkpal-for-business\/","https:\/\/www.trustpilot.com\/review\/talkpal.ai","https:\/\/www.capterra.com\/p\/10006800\/TalkPal\/"],"description":"Talkpal is a language learning web and mobile education app, powered by the latest AI technologies, that provides engaging experiences to its customers in many different languages to help them improve their language skills. Users can chat about unlimited amount of topics with the app and use other modes to practice their language learning.","email":"support@talkpal.ai","legalName":"Talkpal, Inc.","foundingDate":"2023-04-03","duns":"118989042","numberOfEmployees":{"@type":"QuantitativeValue","minValue":"11","maxValue":"50"},"publishingPrinciples":"https:\/\/talkpal.ai\/publishing-principles\/","actionableFeedbackPolicy":"https:\/\/talkpal.ai\/actionable-feedback-policy\/","correctionsPolicy":"https:\/\/talkpal.ai\/corrections-policy\/","ethicsPolicy":"https:\/\/talkpal.ai\/ethics-policy\/","diversityPolicy":"https:\/\/talkpal.ai\/diversity-policy\/","diversityStaffingReport":"https:\/\/talkpal.ai\/diversity-policy\/"}]}},"_links":{"self":[{"href":"https:\/\/talkpal.ai\/bs\/wp-json\/wp\/v2\/pages\/146232","targetHints":{"allow":["GET"]}}],"collection":[{"href":"https:\/\/talkpal.ai\/bs\/wp-json\/wp\/v2\/pages"}],"about":[{"href":"https:\/\/talkpal.ai\/bs\/wp-json\/wp\/v2\/types\/page"}],"author":[{"embeddable":true,"href":"https:\/\/talkpal.ai\/bs\/wp-json\/wp\/v2\/users\/1"}],"replies":[{"embeddable":true,"href":"https:\/\/talkpal.ai\/bs\/wp-json\/wp\/v2\/comments?post=146232"}],"version-history":[{"count":0,"href":"https:\/\/talkpal.ai\/bs\/wp-json\/wp\/v2\/pages\/146232\/revisions"}],"wp:featuredmedia":[{"embeddable":true,"href":"https:\/\/talkpal.ai\/bs\/wp-json\/wp\/v2\/media\/146238"}],"wp:attachment":[{"href":"https:\/\/talkpal.ai\/bs\/wp-json\/wp\/v2\/media?parent=146232"}],"curies":[{"name":"wp","href":"https:\/\/api.w.org\/{rel}","templated":true}]}}