{"id":145738,"date":"2023-05-14T14:10:24","date_gmt":"2023-05-14T14:10:24","guid":{"rendered":"http:\/\/talkpal.ai\/latvija-gramatika\/"},"modified":"2025-12-17T17:13:35","modified_gmt":"2025-12-17T17:13:35","slug":"latvija-gramatika","status":"publish","type":"page","link":"https:\/\/talkpal.ai\/bs\/latvija-gramatika\/","title":{"rendered":"latvija gramatika"},"content":{"rendered":"\r\n\r\n\r\n<section class=\"languageChallengeSection\">\r\n    <div class=\"languageInfoWrapper\">\r\n        \r\n        <h1>latvija gramatika<\/h1>\r\n        <p>Istra\u017eite jedinstveni svijet letonske gramatike i otkrijte ljepotu jednog od naj\u017eivopisnijih jezika balti\u010dke regije. Razumijevanjem njegove strukture i pravila, pobolj\u0161at \u0107ete svoje samopouzdanje i komunikacijske vje\u0161tine. Po\u010dnite u\u010diti latvijsku gramatiku ve\u0107 danas i napravite prvi korak ka te\u010dnom govoru!\n\n<\/p>\r\n\r\n                            <a class=\"getStartedHidden\" href=\"https:\/\/app.talkpal.ai\/signup?lng=\">Kreni<\/a>\r\n        \r\n    <\/div>\r\n\r\n    <figure>\r\n    <img decoding=\"async\" width=\"768\" height=\"768\" src=\"https:\/\/talkpal.ai\/wp-content\/uploads\/2023\/06\/latvian-768x768.png\" class=\"languageImage no-lazy\" alt=\"Language learning to access more cultures\" fetchpriority=\"high\" sizes=\"(max-width: 768px) 150px, 768px\" srcset=\"https:\/\/talkpal.ai\/wp-content\/uploads\/2023\/06\/latvian-768x768.png 768w, https:\/\/talkpal.ai\/wp-content\/uploads\/2023\/06\/latvian-300x300.png 300w\" \/>\r\n    \r\n\r\n    <\/figure>\r\n\r\n            <a class=\"getStartedVisible\" href=\"https:\/\/app.talkpal.ai\/signup?lng=\">Kreni<\/a>\r\n    \r\n<\/section>\r\n<section class=\"promotionalBanner\">\r\n    <p class=\"promotionalText\">Najefikasniji na\u010din za u\u010denje jezika<\/p>\r\n    <a class=\"promotionalLink\" href=\"https:\/\/app.talkpal.ai\/signup?lng=\">Isprobajte Talkpal besplatno<\/a>\r\n<\/section>\n<div class=\"wp-block-group pageContainerStyle\"><div class=\"wp-block-group__inner-container is-layout-constrained wp-block-group-is-layout-constrained\">\n<h2 class=\"wp-block-heading\" id=\"h-the-ultimate-guide-to-latvian-grammar-navigating-the-intricacies-of-a-unique-language\">Ultimativni vodi\u010d za latvijsku gramatiku: navigacija kroz zamr\u0161enosti jedinstvenog jezika<\/h2>\n\n\n\n<p><a href=\"https:\/\/talkpal.ai\/latvian-grammar\/\">Letonska gramatika<\/a>, kao i sam jezik, predstavlja bogatu i fascinantnu tapiseriju lingvisti\u010dkih elemenata. Kao balti\u010dki jezik, <a href=\"https:\/\/talkpal.ai\/hr\/ucenje-latvijskog-jezika\/\">latvijski jezik<\/a> o\u010darava u\u010denike svojim razli\u010ditim karakteristikama i izazovima \u010dak i najstru\u010dnijim govornicima. U ovom vodi\u010du \u0107emo istra\u017eiti klju\u010dne principe latvijske gramatike, demistifikovati njene slo\u017eenosti i podr\u017eati vas na va\u0161em putu da postanete te\u010dni ovim zadivljuju\u0107im jezikom. Po\u010dnimo!<\/p>\n\n\n\n<h3 class=\"wp-block-heading\" id=\"h-the-nuts-and-bolts-latvian-sentence-structure\">Matice i vijci: latvijska struktura re\u010denice<\/h3>\n\n\n\n<p>U su\u0161tini, <a href=\"https:\/\/talkpal.ai\/latvian-grammar\/\">latvijska gramatika<\/a> je prili\u010dno jednostavna. Jezik op\u0107enito slijedi strukturu re\u010denice Subject-Verb-Object (SVO), sli\u010dnu engleskom i mnogim drugim jezicima. Na primjer, re\u010denica \u201cJedem jabuku\u201d prevodi se u \u201cEs \u0113du \u0101bolu\u201d (Es \u0113du \u0101bolu). Jednostavno, <a href=\"https:\/\/talkpal.ai\/culture\/how-do-you-use-the-phrase-zar-ne-at-the-end-of-a-sentence\/\">zar ne<\/a>? Me\u0111utim, kako budemo kopali dublje, nai\u0107i \u0107ete na neke intrigantne i karakteristi\u010dne karakteristike latvijske gramatike.<\/p>\n\n\n\n<h3 class=\"wp-block-heading\" id=\"h-meet-the-family-latvian-nouns-and-their-cases\">Upoznajte porodicu: Latvijske imenice i njihovi slu\u010dajevi<\/h3>\n\n\n\n<p>Jedna od najzbunjuju\u0107ih karakteristika latvijske gramatike za govornike engleskog jezika je pojam gramati\u010dkih slu\u010dajeva. U letonskom postoji sedam slu\u010dajeva: nominativ, genitiv, dativ, akuzativ, lokativ, instrumental i vokativ. Svaki slu\u010daj ima svoju funkciju i uti\u010de na oblik imenica, pridjeva, zamjenica, a ponekad \u010dak i glagola.<\/p>\n\n\n\n<p>Na primjer, uzmimo rije\u010d \u201c\u0101bols\u201d (\u0101bols) \u0161to zna\u010di \u201cjabuka\u201d:<\/p>\n\n\n\n<p><strong>\u2013 Nominativni pade\u017e (koristi se za subjekte): \u0101bols<\/strong><\/p>\n\n\n\n<p><strong>\u2013 Genitiv (koristi se za posjedovanje): \u0101bola<\/strong><\/p>\n\n\n\n<p><strong>\u2013 Dativ (koristi se za indirektne objekte): \u0101bolam<\/strong><\/p>\n\n\n\n<p><strong>\u2013 Akuzativ (koristi se za direktne objekte): \u0101bolu<\/strong><\/p>\n\n\n\n<p><strong>\u2013 Lokativ (koristi se za lokaciju): \u0101bol\u0101<\/strong><\/p>\n\n\n\n<p><strong>\u2013 Instrumentalni pade\u017e (koristi se za sredstvo kojim se neka radnja izvodi): \u0101bolu\/-iem<\/strong><\/p>\n\n\n\n<p><strong>\u2013 Vokativ (koristi se za obra\u0107anje nekome ili ne\u010demu): \u0101bol<\/strong><\/p>\n\n\n\n<p>Va\u017eno je da se upoznate s ovim slu\u010dajevima, jer oni mogu dramati\u010dno promijeniti zna\u010denje va\u0161ih re\u010denica.<\/p>\n\n\n\n<h3 class=\"wp-block-heading\" id=\"h-playing-with-numbers-latvian-plurals-and-genders\">Igranje sa brojevima: latvijski plurali i rodovi<\/h3>\n\n\n\n<p>Prilikom tvorbe mno\u017eine u latvijskom, bitno je imati na umu rod imenice. Na latvijskom jeziku imenice imaju dva spola \u2013 mu\u0161ki i \u017eenski. Spol utje\u010de na zavr\u0161etke imenica, pridjeva, brojeva i odre\u0111enih glagolskih oblika.<\/p>\n\n\n\n<p>Op\u0107enito, imenice mu\u0161kog roda u mno\u017eini nominativnog slu\u010daja zavr\u0161avaju na -i, dok \u017eenske imenice zavr\u0161avaju na -as. Na primjer, &#8220;zirgs&#8221; (zirgs, imenica mu\u0161kog roda <a href=\"https:\/\/talkpal.ai\/locations\/language-courses-in-koja\/\">koja<\/a> zna\u010di &#8220;konj&#8221;) postaje &#8220;zirgi&#8221; (zirgi, konji), a &#8220;sieviete&#8221; (sieviete, imenica \u017eenskog roda koja zna\u010di &#8220;\u017eena&#8221;) postaje &#8220;sievietes&#8221; (sievietes, \u017eene ).<\/p>\n\n\n\n<p>Naravno, postoje neki izuzeci, zbog \u010dega je bitno nau\u010diti imenice zajedno sa njihovim rodom i biti svjesni bilo kakve nepravilne mno\u017eine.<\/p>\n\n\n\n<h3 class=\"wp-block-heading\" id=\"h-the-art-of-conjugation-latvian-verbs\">Arhive po tagovima: latvijski glagoli<\/h3>\n\n\n\n<p>Letonski glagoli u po\u010detku mogu izgledati zastra\u0161uju\u0107e zbog svojih brojnih tenzija, raspolo\u017eenja i konjugacija. Me\u0111utim, klju\u010d za njihovo razumevanje je prepoznavanje zajedni\u010dkih obrazaca i redovno ve\u017ebanje.<\/p>\n\n\n\n<p>U latvijskom jeziku, glagoli su podijeljeni u tri grupe na osnovu njihovih infinitivnih zavr\u0161etaka, -t, -kravata i -veza\/-t. Svaka grupa ima specifi\u010dna pravila konjugacije. Uzmimo glagol \u201clas\u012bt\u201d (las\u012bt, \u201c\u010ditati\u201d) kao primjer:<\/p>\n\n\n\n<p><strong>Sada\u0161nje vrijeme: Es lasu (Es lasu, &#8220;\u010ditao sam&#8221;)<\/strong><\/p>\n\n\n\n<p><strong>Pro\u0161lo vrijeme: Es las\u012bju (Es las\u012bju, \u201c\u010ditao sam\u201d)<\/strong><\/p>\n\n\n\n<p><strong>Budu\u0107e vrijeme: Es las\u012b\u0161u (Es las\u012b\u0161u, &#8220;\u010ditat \u0107u&#8221;)<\/strong><\/p>\n\n\n\n<p>Kao \u0161to vidite, zavr\u0161eci se mijenjaju u skladu sa vremenom. A ovo \u010dak ni ne zagrebe povr\u0161inu konjugacije latvijskog glagola! Me\u0111utim, ne dozvolite da vas to obeshrabri. Uz vje\u017ebu i strpljenje, po\u010det \u0107ete prepoznavati obrasce i savladati ovaj izazov.<\/p>\n\n\n\n<h3 class=\"wp-block-heading\" id=\"h-the-finishing-touches-latvian-adjectives-adverbs-and-more\">Zavr\u0161ni dodiri: latvijski pridjevi, prilozi i jo\u0161 mnogo toga<\/h3>\n\n\n\n<p>Kada su u pitanju letonski pridjevi i prilozi, oni igraju klju\u010dnu ulogu u dodavanju dubine i slo\u017eenosti va\u0161em govoru. Pridjevi se moraju slo\u017eiti sa imenicama koje mijenjaju u pogledu spola i slu\u010daja, s zavr\u0161ecima koji se u skladu s tim razlikuju.<\/p>\n\n\n\n<p>Na primjer, &#8220;gar\u0161\u012bgs&#8221; (gar\u0161\u012bgs) zna\u010di &#8220;ukusno&#8221;, a mo\u017eete ga vidjeti kao &#8220;gar\u0161\u012bgs \u0101bols&#8221; (gar\u0161\u012bgs \u0101bols, &#8220;ukusna jabuka&#8221;) ili &#8220;gar\u0161\u012bga zupa&#8221; (gar\u0161\u012bga zupa, &#8220;ukusna supa&#8221;), s razli\u010ditim zavr\u0161etaka za imenice mu\u0161kog i \u017eenskog roda.<\/p>\n\n\n\n<p>Prilozi obi\u010dno slijede sli\u010dne obrasce, \u010desto izvedene iz pridjeva. U latvijskom jeziku ve\u0107ina priloga zavr\u0161ava se na -i, \u0161to je isti oblik kao mu\u0161ki jedninski akuzativ za pridjeve.<\/p>\n\n\n\n<p>U zaklju\u010dku, slo\u017eenost i posebnosti latvijske gramatike, iako izazovne, daju jeziku njegovu zadivljuju\u0107u ljepotu i karakter. Uz kombinaciju upornosti, radoznalosti i prakti\u010dne primjene, uskoro \u0107ete se kretati latvijskom gramatikom s lako\u0107om i samopouzdanjem. Sretno u\u010denje!<\/p>\n<\/div><\/div>\n\r\n<section class=\"learnNavigationSection\">\r\n            \r\n        <a href=\"https:\/\/talkpal.ai\/bs\/nauci-latvijski\/\">\r\n            <div class=\"learnNavigationWrapper\">\r\n                <div class=\"learnNavigationContent\">\r\n                    <img decoding=\"async\" src=\"https:\/\/talkpal.ai\/wp-content\/uploads\/2024\/08\/Latvian.jpg\" alt=\"Latvian Flag\">\r\n                    <div>\r\n                        <h4>O u\u010denju latvijskog<\/h4>\r\n                        <p>Saznaj sve o latvijskoj gramatici.<\/p>\r\n                    <\/div>\r\n                <\/div>\r\n            <\/div>\r\n        <\/a>\r\n\r\n        \r\n        <a href=\"https:\/\/talkpal.ai\/bs\/latvijske-gramaticke-vezbe\/\">\r\n            <div class=\"learnNavigationWrapper\">\r\n                <div class=\"learnNavigationContent\">\r\n                    <img decoding=\"async\" src=\"https:\/\/talkpal.ai\/wp-content\/uploads\/2024\/08\/Latvian.jpg\" alt=\"Latvian Flag\">\r\n                    <div>\r\n                        <h4>Vje\u017eba iz latvijske gramatike<\/h4>\r\n                        <p>Letonska gramatika.<\/p>\r\n                    <\/div>\r\n                <\/div>\r\n            <\/div>\r\n        <\/a>\r\n\r\n        \r\n        <a href=\"https:\/\/talkpal.ai\/vocabulary_language\/latvian\/\">\r\n            <div class=\"learnNavigationWrapper\">\r\n                <div class=\"learnNavigationContent\">\r\n                    <img decoding=\"async\" src=\"https:\/\/talkpal.ai\/wp-content\/uploads\/2024\/08\/Latvian.jpg\" alt=\"Latvian Flag\">\r\n                    <div>\r\n                        <h4>Letonski vokabular<\/h4>\r\n                        <p>Pro\u0161irite svoj latvijski vokabular.<\/p>\r\n                    <\/div>\r\n                <\/div>\r\n            <\/div>\r\n        <\/a>\r\n\r\n            <\/section>","protected":false},"excerpt":{"rendered":"<p>Ultimativni vodi\u010d za latvijsku gramatiku: navigacija kroz zamr\u0161enosti jedinstvenog jezika Letonska gramatika, kao i sam jezik, predstavlja bogatu i fascinantnu tapiseriju lingvisti\u010dkih elemenata. Kao balti\u010dki jezik, latvijski jezik o\u010darava u\u010denike svojim razli\u010ditim karakteristikama i izazovima \u010dak i najstru\u010dnijim govornicima. U ovom vodi\u010du \u0107emo istra\u017eiti klju\u010dne principe latvijske gramatike, demistifikovati njene slo\u017eenosti i podr\u017eati vas na [&hellip;]<\/p>\n","protected":false},"author":1,"featured_media":115028,"parent":0,"menu_order":0,"comment_status":"closed","ping_status":"closed","template":"LearningContentPage.php","meta":{"_acf_changed":false,"footnotes":""},"class_list":["post-145738","page","type-page","status-publish","has-post-thumbnail","hentry"],"acf":[],"yoast_head":"<!-- This site is optimized with the Yoast SEO Premium plugin v27.2 (Yoast SEO v27.2) - https:\/\/yoast.com\/product\/yoast-seo-premium-wordpress\/ -->\n<title>latvija gramatika - Talkpal<\/title>\n<meta name=\"description\" content=\"Savladajte letonsku gramatiku samouvjereno - nau\u010dite pravila, vje\u017ebajte upotrebu i lako pobolj\u0161ajte jezi\u010dku ta\u010dnost uz personalizirano AI vodstvo Talkpal -a.\" \/>\n<meta name=\"robots\" content=\"index, follow, max-snippet:-1, max-image-preview:large, max-video-preview:-1\" \/>\n<link rel=\"canonical\" href=\"https:\/\/talkpal.ai\/bs\/latvija-gramatika\/\" \/>\n<meta property=\"og:locale\" content=\"bs_BA\" \/>\n<meta property=\"og:type\" content=\"article\" \/>\n<meta property=\"og:title\" content=\"latvija gramatika\" \/>\n<meta property=\"og:description\" content=\"Ultimativni vodi\u010d za latvijsku gramatiku: navigacija kroz zamr\u0161enosti jedinstvenog jezika Letonska gramatika, kao i sam jezik, predstavlja bogatu i\" \/>\n<meta property=\"og:url\" content=\"https:\/\/talkpal.ai\/bs\/latvija-gramatika\/\" \/>\n<meta property=\"og:site_name\" content=\"Talkpal\" \/>\n<meta property=\"article:publisher\" content=\"https:\/\/www.facebook.com\/profile.php?id=100090733639311\" \/>\n<meta property=\"article:modified_time\" content=\"2025-12-17T17:13:35+00:00\" \/>\n<meta property=\"og:image\" content=\"https:\/\/talkpal.ai\/wp-content\/uploads\/2023\/05\/latvia.png\" \/>\n\t<meta property=\"og:image:width\" content=\"512\" \/>\n\t<meta property=\"og:image:height\" content=\"512\" \/>\n\t<meta property=\"og:image:type\" content=\"image\/png\" \/>\n<meta name=\"twitter:card\" content=\"summary_large_image\" \/>\n<meta name=\"twitter:site\" content=\"@talkpalai\" \/>\n<meta name=\"twitter:label1\" content=\"Est. reading time\" \/>\n\t<meta name=\"twitter:data1\" content=\"4 minute\" \/>\n<script type=\"application\/ld+json\" class=\"yoast-schema-graph\">{\"@context\":\"https:\/\/schema.org\",\"@graph\":[{\"@type\":\"WebPage\",\"@id\":\"https:\/\/talkpal.ai\/bs\/latvija-gramatika\/\",\"url\":\"https:\/\/talkpal.ai\/bs\/latvija-gramatika\/\",\"name\":\"latvija gramatika - Talkpal\",\"isPartOf\":{\"@id\":\"https:\/\/talkpal.ai\/bs\/#website\"},\"primaryImageOfPage\":{\"@id\":\"https:\/\/talkpal.ai\/bs\/latvija-gramatika\/#primaryimage\"},\"image\":{\"@id\":\"https:\/\/talkpal.ai\/bs\/latvija-gramatika\/#primaryimage\"},\"thumbnailUrl\":\"https:\/\/talkpal.ai\/wp-content\/uploads\/2023\/05\/latvia.png\",\"datePublished\":\"2023-05-14T14:10:24+00:00\",\"dateModified\":\"2025-12-17T17:13:35+00:00\",\"description\":\"Savladajte letonsku gramatiku samouvjereno - nau\u010dite pravila, vje\u017ebajte upotrebu i lako pobolj\u0161ajte jezi\u010dku ta\u010dnost uz personalizirano AI vodstvo Talkpal -a.\",\"breadcrumb\":{\"@id\":\"https:\/\/talkpal.ai\/bs\/latvija-gramatika\/#breadcrumb\"},\"inLanguage\":\"bs-BA\",\"potentialAction\":[{\"@type\":\"ReadAction\",\"target\":[\"https:\/\/talkpal.ai\/bs\/latvija-gramatika\/\"]}]},{\"@type\":\"ImageObject\",\"inLanguage\":\"bs-BA\",\"@id\":\"https:\/\/talkpal.ai\/bs\/latvija-gramatika\/#primaryimage\",\"url\":\"https:\/\/talkpal.ai\/wp-content\/uploads\/2023\/05\/latvia.png\",\"contentUrl\":\"https:\/\/talkpal.ai\/wp-content\/uploads\/2023\/05\/latvia.png\",\"width\":512,\"height\":512},{\"@type\":\"BreadcrumbList\",\"@id\":\"https:\/\/talkpal.ai\/bs\/latvija-gramatika\/#breadcrumb\",\"itemListElement\":[{\"@type\":\"ListItem\",\"position\":1,\"name\":\"Homepage\",\"item\":\"https:\/\/talkpal.ai\/bs\/\"},{\"@type\":\"ListItem\",\"position\":2,\"name\":\"latvija gramatika\"}]},{\"@type\":\"WebSite\",\"@id\":\"https:\/\/talkpal.ai\/bs\/#website\",\"url\":\"https:\/\/talkpal.ai\/bs\/\",\"name\":\"Talkpal\",\"description\":\"AI Language Learning\",\"publisher\":{\"@id\":\"https:\/\/talkpal.ai\/bs\/#organization\"},\"alternateName\":\"Talkpal AI\",\"potentialAction\":[{\"@type\":\"SearchAction\",\"target\":{\"@type\":\"EntryPoint\",\"urlTemplate\":\"https:\/\/talkpal.ai\/bs\/?s={search_term_string}\"},\"query-input\":{\"@type\":\"PropertyValueSpecification\",\"valueRequired\":true,\"valueName\":\"search_term_string\"}}],\"inLanguage\":\"bs-BA\"},{\"@type\":\"Organization\",\"@id\":\"https:\/\/talkpal.ai\/bs\/#organization\",\"name\":\"Talkpal, Inc.\",\"alternateName\":\"Talkpal AI\",\"url\":\"https:\/\/talkpal.ai\/bs\/\",\"logo\":{\"@type\":\"ImageObject\",\"inLanguage\":\"bs-BA\",\"@id\":\"https:\/\/talkpal.ai\/bs\/#\/schema\/logo\/image\/\",\"url\":\"https:\/\/talkpal.ai\/wp-content\/uploads\/2024\/03\/Talkpal-Logo-Icon.png\",\"contentUrl\":\"https:\/\/talkpal.ai\/wp-content\/uploads\/2024\/03\/Talkpal-Logo-Icon.png\",\"width\":2880,\"height\":2880,\"caption\":\"Talkpal, Inc.\"},\"image\":{\"@id\":\"https:\/\/talkpal.ai\/bs\/#\/schema\/logo\/image\/\"},\"sameAs\":[\"https:\/\/www.facebook.com\/profile.php?id=100090733639311\",\"https:\/\/x.com\/talkpalai\",\"https:\/\/www.linkedin.com\/company\/talkpal\/\",\"https:\/\/www.youtube.com\/@TalkPal\/\",\"https:\/\/www.tiktok.com\/@talkpal\",\"https:\/\/www.instagram.com\/talkpal_ai\/\",\"https:\/\/www.crunchbase.com\/organization\/talkpal-9cde\",\"https:\/\/www.g2.com\/products\/talkpal-for-business\/\",\"https:\/\/www.trustpilot.com\/review\/talkpal.ai\",\"https:\/\/www.capterra.com\/p\/10006800\/TalkPal\/\"],\"description\":\"Talkpal is a language learning web and mobile education app, powered by the latest AI technologies, that provides engaging experiences to its customers in many different languages to help them improve their language skills. Users can chat about unlimited amount of topics with the app and use other modes to practice their language learning.\",\"email\":\"support@talkpal.ai\",\"legalName\":\"Talkpal, Inc.\",\"foundingDate\":\"2023-04-03\",\"duns\":\"118989042\",\"numberOfEmployees\":{\"@type\":\"QuantitativeValue\",\"minValue\":\"11\",\"maxValue\":\"50\"},\"publishingPrinciples\":\"https:\/\/talkpal.ai\/publishing-principles\/\",\"actionableFeedbackPolicy\":\"https:\/\/talkpal.ai\/actionable-feedback-policy\/\",\"correctionsPolicy\":\"https:\/\/talkpal.ai\/corrections-policy\/\",\"ethicsPolicy\":\"https:\/\/talkpal.ai\/ethics-policy\/\",\"diversityPolicy\":\"https:\/\/talkpal.ai\/diversity-policy\/\",\"diversityStaffingReport\":\"https:\/\/talkpal.ai\/diversity-policy\/\"}]}<\/script>\n<!-- \/ Yoast SEO Premium plugin. -->","yoast_head_json":{"title":"latvija gramatika - Talkpal","description":"Savladajte letonsku gramatiku samouvjereno - nau\u010dite pravila, vje\u017ebajte upotrebu i lako pobolj\u0161ajte jezi\u010dku ta\u010dnost uz personalizirano AI vodstvo Talkpal -a.","robots":{"index":"index","follow":"follow","max-snippet":"max-snippet:-1","max-image-preview":"max-image-preview:large","max-video-preview":"max-video-preview:-1"},"canonical":"https:\/\/talkpal.ai\/bs\/latvija-gramatika\/","og_locale":"bs_BA","og_type":"article","og_title":"latvija gramatika","og_description":"Ultimativni vodi\u010d za latvijsku gramatiku: navigacija kroz zamr\u0161enosti jedinstvenog jezika Letonska gramatika, kao i sam jezik, predstavlja bogatu i","og_url":"https:\/\/talkpal.ai\/bs\/latvija-gramatika\/","og_site_name":"Talkpal","article_publisher":"https:\/\/www.facebook.com\/profile.php?id=100090733639311","article_modified_time":"2025-12-17T17:13:35+00:00","og_image":[{"width":512,"height":512,"url":"https:\/\/talkpal.ai\/wp-content\/uploads\/2023\/05\/latvia.png","type":"image\/png"}],"twitter_card":"summary_large_image","twitter_site":"@talkpalai","twitter_misc":{"Est. reading time":"4 minute"},"schema":{"@context":"https:\/\/schema.org","@graph":[{"@type":"WebPage","@id":"https:\/\/talkpal.ai\/bs\/latvija-gramatika\/","url":"https:\/\/talkpal.ai\/bs\/latvija-gramatika\/","name":"latvija gramatika - Talkpal","isPartOf":{"@id":"https:\/\/talkpal.ai\/bs\/#website"},"primaryImageOfPage":{"@id":"https:\/\/talkpal.ai\/bs\/latvija-gramatika\/#primaryimage"},"image":{"@id":"https:\/\/talkpal.ai\/bs\/latvija-gramatika\/#primaryimage"},"thumbnailUrl":"https:\/\/talkpal.ai\/wp-content\/uploads\/2023\/05\/latvia.png","datePublished":"2023-05-14T14:10:24+00:00","dateModified":"2025-12-17T17:13:35+00:00","description":"Savladajte letonsku gramatiku samouvjereno - nau\u010dite pravila, vje\u017ebajte upotrebu i lako pobolj\u0161ajte jezi\u010dku ta\u010dnost uz personalizirano AI vodstvo Talkpal -a.","breadcrumb":{"@id":"https:\/\/talkpal.ai\/bs\/latvija-gramatika\/#breadcrumb"},"inLanguage":"bs-BA","potentialAction":[{"@type":"ReadAction","target":["https:\/\/talkpal.ai\/bs\/latvija-gramatika\/"]}]},{"@type":"ImageObject","inLanguage":"bs-BA","@id":"https:\/\/talkpal.ai\/bs\/latvija-gramatika\/#primaryimage","url":"https:\/\/talkpal.ai\/wp-content\/uploads\/2023\/05\/latvia.png","contentUrl":"https:\/\/talkpal.ai\/wp-content\/uploads\/2023\/05\/latvia.png","width":512,"height":512},{"@type":"BreadcrumbList","@id":"https:\/\/talkpal.ai\/bs\/latvija-gramatika\/#breadcrumb","itemListElement":[{"@type":"ListItem","position":1,"name":"Homepage","item":"https:\/\/talkpal.ai\/bs\/"},{"@type":"ListItem","position":2,"name":"latvija gramatika"}]},{"@type":"WebSite","@id":"https:\/\/talkpal.ai\/bs\/#website","url":"https:\/\/talkpal.ai\/bs\/","name":"Talkpal","description":"AI Language Learning","publisher":{"@id":"https:\/\/talkpal.ai\/bs\/#organization"},"alternateName":"Talkpal AI","potentialAction":[{"@type":"SearchAction","target":{"@type":"EntryPoint","urlTemplate":"https:\/\/talkpal.ai\/bs\/?s={search_term_string}"},"query-input":{"@type":"PropertyValueSpecification","valueRequired":true,"valueName":"search_term_string"}}],"inLanguage":"bs-BA"},{"@type":"Organization","@id":"https:\/\/talkpal.ai\/bs\/#organization","name":"Talkpal, Inc.","alternateName":"Talkpal AI","url":"https:\/\/talkpal.ai\/bs\/","logo":{"@type":"ImageObject","inLanguage":"bs-BA","@id":"https:\/\/talkpal.ai\/bs\/#\/schema\/logo\/image\/","url":"https:\/\/talkpal.ai\/wp-content\/uploads\/2024\/03\/Talkpal-Logo-Icon.png","contentUrl":"https:\/\/talkpal.ai\/wp-content\/uploads\/2024\/03\/Talkpal-Logo-Icon.png","width":2880,"height":2880,"caption":"Talkpal, Inc."},"image":{"@id":"https:\/\/talkpal.ai\/bs\/#\/schema\/logo\/image\/"},"sameAs":["https:\/\/www.facebook.com\/profile.php?id=100090733639311","https:\/\/x.com\/talkpalai","https:\/\/www.linkedin.com\/company\/talkpal\/","https:\/\/www.youtube.com\/@TalkPal\/","https:\/\/www.tiktok.com\/@talkpal","https:\/\/www.instagram.com\/talkpal_ai\/","https:\/\/www.crunchbase.com\/organization\/talkpal-9cde","https:\/\/www.g2.com\/products\/talkpal-for-business\/","https:\/\/www.trustpilot.com\/review\/talkpal.ai","https:\/\/www.capterra.com\/p\/10006800\/TalkPal\/"],"description":"Talkpal is a language learning web and mobile education app, powered by the latest AI technologies, that provides engaging experiences to its customers in many different languages to help them improve their language skills. Users can chat about unlimited amount of topics with the app and use other modes to practice their language learning.","email":"support@talkpal.ai","legalName":"Talkpal, Inc.","foundingDate":"2023-04-03","duns":"118989042","numberOfEmployees":{"@type":"QuantitativeValue","minValue":"11","maxValue":"50"},"publishingPrinciples":"https:\/\/talkpal.ai\/publishing-principles\/","actionableFeedbackPolicy":"https:\/\/talkpal.ai\/actionable-feedback-policy\/","correctionsPolicy":"https:\/\/talkpal.ai\/corrections-policy\/","ethicsPolicy":"https:\/\/talkpal.ai\/ethics-policy\/","diversityPolicy":"https:\/\/talkpal.ai\/diversity-policy\/","diversityStaffingReport":"https:\/\/talkpal.ai\/diversity-policy\/"}]}},"_links":{"self":[{"href":"https:\/\/talkpal.ai\/bs\/wp-json\/wp\/v2\/pages\/145738","targetHints":{"allow":["GET"]}}],"collection":[{"href":"https:\/\/talkpal.ai\/bs\/wp-json\/wp\/v2\/pages"}],"about":[{"href":"https:\/\/talkpal.ai\/bs\/wp-json\/wp\/v2\/types\/page"}],"author":[{"embeddable":true,"href":"https:\/\/talkpal.ai\/bs\/wp-json\/wp\/v2\/users\/1"}],"replies":[{"embeddable":true,"href":"https:\/\/talkpal.ai\/bs\/wp-json\/wp\/v2\/comments?post=145738"}],"version-history":[{"count":0,"href":"https:\/\/talkpal.ai\/bs\/wp-json\/wp\/v2\/pages\/145738\/revisions"}],"wp:featuredmedia":[{"embeddable":true,"href":"https:\/\/talkpal.ai\/bs\/wp-json\/wp\/v2\/media\/115028"}],"wp:attachment":[{"href":"https:\/\/talkpal.ai\/bs\/wp-json\/wp\/v2\/media?parent=145738"}],"curies":[{"name":"wp","href":"https:\/\/api.w.org\/{rel}","templated":true}]}}